{"id":4224,"date":"2021-12-21T03:32:32","date_gmt":"2021-12-20T16:32:32","guid":{"rendered":"https:\/\/apexoutboards.com\/?post_type=product&#038;p=4224"},"modified":"2023-02-17T04:13:34","modified_gmt":"2023-02-16T17:13:34","slug":"2019-mercury-40-hp-40ega-outboard-motor","status":"publish","type":"product","link":"https:\/\/apexoutboards.com\/pt\/produto\/2019-mercury-40-hp-40ega-outboard-motor\/","title":{"rendered":"2019 Merc\u00fario 40 HP 40EGA Motor de popa"},"content":{"rendered":"<h2>2019 Merc\u00fario 40 HP 40EGA Motor de popa<\/h2>\n<p><strong>Informa\u00e7\u00f5es gerais<\/strong><\/p>\n<p>Fabricante: Merc\u00fario Marinho<\/p>\n<p>Modelo: 40EGA FourStroke<\/p>\n<p>C\u00f3digo Modelo: 1F40303LZ<\/p>\n<p>Cor: Preto Fantasma<\/p>\n<p>&nbsp;<\/p>\n<p><strong>El\u00e9trica<\/strong><\/p>\n<p>Alternador: 18A, 226W<\/p>\n<p>&nbsp;<\/p>\n<p><strong>Motor<\/strong><\/p>\n<p>Tipo de motor: Inline 3<\/p>\n<p>Igni\u00e7\u00e3o: ECM 70<\/p>\n<p>In\u00edcio: El\u00e9trico (turn-key)<\/p>\n<p>Exaust\u00e3o: Por meio de escoramento<\/p>\n<p>&nbsp;<\/p>\n<p><strong>Medidas<\/strong><\/p>\n<p>Pot\u00eancia: 40 cavalos<\/p>\n<p>Deslocamento: 747 Cent\u00edmetro C\u00fabico<\/p>\n<p>Di\u00e2metro x curso: 2,56 x 2,95 pol. (65 x 75 mm)<\/p>\n<p>Comprimento do eixo: 15\u2033<\/p>\n<p>Peso seco: 204 lbs<\/p>\n<p>&nbsp;<\/p>\n<p><strong>Operacional<\/strong><\/p>\n<p>Dire\u00e7\u00e3o: Dire\u00e7\u00e3o remota:<\/p>\n<p>Tipo de combust\u00edvel: Sem chumbo<\/p>\n<p>Gama completa de RPM Throttle RPM: 5,500 \u2013 6,000<\/p>\n<p>Indu\u00e7\u00e3o de combust\u00edvel: 2-v\u00e1lvulas por cilindro, came superior \u00fanico (SOHC) Inje\u00e7\u00e3o eletr\u00f4nica de combust\u00edvel (EFI)<\/p>\n<p>Lubrifica\u00e7\u00e3o: Dep\u00f3sito \u00famido<\/p>\n<p>Refrigera\u00e7\u00e3o: Refrigerado a \u00e1gua com termostato<\/p>\n<p>Rela\u00e7\u00e3o de engrenagens: 2.00:1<\/p>\n<p>Mudan\u00e7a de marcha: Op\u00e7\u00f5es de caixa de c\u00e2mbio F-N-R - Padr\u00e3o<\/p>\n<p>Sistema Trim: Assist\u00eancia de g\u00e1s Faixa de corte de \u00e1gua rasa - 20\u00b0<\/p>\n<p>Instrumenta\u00e7\u00e3o: Baixa press\u00e3o de \u00f3leo Sobreaquecimento em Tens\u00e3o<\/p>\n<div style=\"display:none;\">\n\t<a href=\"https:\/\/yoast.com\/\">Levedura<\/a><br \/>\n\t<a href=\"https:\/\/apexoutboards.com\/pt\/\">quadros de primeira classe<\/a><br \/>\n\t<img decoding=\"async\" src=\"https:\/\/apexoutboards.com\/wp-content\/uploads\/2021\/12\/PNG_Transparent_High-Resolution_300-_Dpi-1-1-1536x650.png\" alt=\"\"><br \/>\n\tA Apex Outboards \u00e9 o maior revendedor americano de motores fora de borda. Nossos membros da equipe oferecem o melhor servi\u00e7o ao cliente e conhecimento t\u00e9cnico de qualquer revendedor de motores fora de borda.\n<\/div>","protected":false},"excerpt":{"rendered":"<p><strong>Condi\u00e7\u00e3o:<\/strong> Novo<br \/>\n<strong>Expedi\u00e7\u00e3o:<\/strong> Pronto para Embarcar Agora<\/p>\n<p>Estamos comprometidos em fornecer o melhor em atendimento ao cliente. Sinta-se \u00e0 vontade para nos contatar para assist\u00eancia. Todas as informa\u00e7\u00f5es recebidas permanecer\u00e3o sempre confidenciais.<\/p>","protected":false},"featured_media":4226,"comment_status":"open","ping_status":"closed","template":"","meta":{"ocean_post_layout":"","ocean_both_sidebars_style":"","ocean_both_sidebars_content_width":0,"ocean_both_sidebars_sidebars_width":0,"ocean_sidebar":"0","ocean_second_sidebar":"0","ocean_disable_margins":"enable","ocean_add_body_class":"","ocean_shortcode_before_top_bar":"","ocean_shortcode_after_top_bar":"","ocean_shortcode_before_header":"","ocean_shortcode_after_header":"","ocean_has_shortcode":"","ocean_shortcode_after_title":"","ocean_shortcode_before_footer_widgets":"","ocean_shortcode_after_footer_widgets":"","ocean_shortcode_before_footer_bottom":"","ocean_shortcode_after_footer_bottom":"","ocean_display_top_bar":"default","ocean_display_header":"default","ocean_header_style":"","ocean_center_header_left_menu":"0","ocean_custom_header_template":"0","ocean_custom_logo":0,"ocean_custom_retina_logo":0,"ocean_custom_logo_max_width":0,"ocean_custom_logo_tablet_max_width":0,"ocean_custom_logo_mobile_max_width":0,"ocean_custom_logo_max_height":0,"ocean_custom_logo_tablet_max_height":0,"ocean_custom_logo_mobile_max_height":0,"ocean_header_custom_menu":"0","ocean_menu_typo_font_family":"0","ocean_menu_typo_font_subset":"","ocean_menu_typo_font_size":0,"ocean_menu_typo_font_size_tablet":0,"ocean_menu_typo_font_size_mobile":0,"ocean_menu_typo_font_size_unit":"px","ocean_menu_typo_font_weight":"","ocean_menu_typo_font_weight_tablet":"","ocean_menu_typo_font_weight_mobile":"","ocean_menu_typo_transform":"","ocean_menu_typo_transform_tablet":"","ocean_menu_typo_transform_mobile":"","ocean_menu_typo_line_height":0,"ocean_menu_typo_line_height_tablet":0,"ocean_menu_typo_line_height_mobile":0,"ocean_menu_typo_line_height_unit":"","ocean_menu_typo_spacing":0,"ocean_menu_typo_spacing_tablet":0,"ocean_menu_typo_spacing_mobile":0,"ocean_menu_typo_spacing_unit":"","ocean_menu_link_color":"","ocean_menu_link_color_hover":"","ocean_menu_link_color_active":"","ocean_menu_link_background":"","ocean_menu_link_hover_background":"","ocean_menu_link_active_background":"","ocean_menu_social_links_bg":"","ocean_menu_social_hover_links_bg":"","ocean_menu_social_links_color":"","ocean_menu_social_hover_links_color":"","ocean_disable_title":"default","ocean_disable_heading":"default","ocean_post_title":"","ocean_post_subheading":"","ocean_post_title_style":"","ocean_post_title_background_color":"","ocean_post_title_background":0,"ocean_post_title_bg_image_position":"","ocean_post_title_bg_image_attachment":"","ocean_post_title_bg_image_repeat":"","ocean_post_title_bg_image_size":"","ocean_post_title_height":0,"ocean_post_title_bg_overlay":0.5,"ocean_post_title_bg_overlay_color":"","ocean_disable_breadcrumbs":"default","ocean_breadcrumbs_color":"","ocean_breadcrumbs_separator_color":"","ocean_breadcrumbs_links_color":"","ocean_breadcrumbs_links_hover_color":"","ocean_display_footer_widgets":"default","ocean_display_footer_bottom":"default","ocean_custom_footer_template":"0"},"product_brand":[],"product_cat":[140,45,187],"product_tag":[],"class_list":{"0":"post-4224","1":"product","2":"type-product","3":"status-publish","4":"has-post-thumbnail","6":"product_cat-40-hp","7":"product_cat-mercury","8":"product_cat-40-hp-mercury-outboard-for-sale","10":"entry","11":"has-media","13":"first","14":"instock","15":"sale","16":"shipping-taxable","17":"purchasable","18":"product-type-simple","19":"has-product-nav","20":"col","21":"span_1_of_4","22":"owp-content-center","23":"owp-thumbs-layout-horizontal","24":"owp-btn-normal","25":"owp-tabs-layout-horizontal","26":"has-no-thumbnails","28":"circle-sale"},"yoast_head":"<!-- This site is optimized with the Yoast SEO plugin v27.2 - https:\/\/yoast.com\/product\/yoast-seo-wordpress\/ -->\n<title>2019 Mercury 40 HP 40EGA Outboard Motor<\/title>\n<meta name=\"description\" content=\"Get your product today! The 2019 Mercury 40 HP 40EGA Outboard Motor will be the best choice for you. Happy shopping!\" \/>\n<meta name=\"robots\" content=\"index, follow, max-snippet:-1, max-image-preview:large, max-video-preview:-1\" \/>\n<link rel=\"canonical\" href=\"https:\/\/apexoutboards.com\/pt\/produto\/2019-mercury-40-hp-40ega-outboard-motor\/\" \/>\n<meta property=\"og:locale\" content=\"pt_BR\" \/>\n<meta property=\"og:type\" content=\"article\" \/>\n<meta property=\"og:title\" content=\"2019 Mercury 40 HP 40EGA Outboard Motor\" \/>\n<meta property=\"og:description\" content=\"Get your product today! The 2019 Mercury 40 HP 40EGA Outboard Motor will be the best choice for you. Happy shopping!\" \/>\n<meta property=\"og:url\" content=\"https:\/\/apexoutboards.com\/pt\/produto\/2019-mercury-40-hp-40ega-outboard-motor\/\" \/>\n<meta property=\"og:site_name\" content=\"Apex Outboards\" \/>\n<meta property=\"article:modified_time\" content=\"2023-02-16T17:13:34+00:00\" \/>\n<meta property=\"og:image\" content=\"https:\/\/apexoutboards.com\/wp-content\/uploads\/2021\/12\/40-500x500_jpg-1.png\" \/>\n\t<meta property=\"og:image:width\" content=\"500\" \/>\n\t<meta property=\"og:image:height\" content=\"500\" \/>\n\t<meta property=\"og:image:type\" content=\"image\/png\" \/>\n<meta name=\"twitter:card\" content=\"summary_large_image\" \/>\n<meta name=\"twitter:label1\" content=\"Est. tempo de leitura\" \/>\n\t<meta name=\"twitter:data1\" content=\"1 minuto\" \/>\n<script type=\"application\/ld+json\" class=\"yoast-schema-graph\">{\"@context\":\"https:\/\/schema.org\",\"@graph\":[{\"@type\":\"WebPage\",\"@id\":\"https:\/\/apexoutboards.com\/product\/2019-mercury-40-hp-40ega-outboard-motor\/\",\"url\":\"https:\/\/apexoutboards.com\/product\/2019-mercury-40-hp-40ega-outboard-motor\/\",\"name\":\"2019 Mercury 40 HP 40EGA Outboard Motor\",\"isPartOf\":{\"@id\":\"https:\/\/apexoutboards.com\/#website\"},\"primaryImageOfPage\":{\"@id\":\"https:\/\/apexoutboards.com\/product\/2019-mercury-40-hp-40ega-outboard-motor\/#primaryimage\"},\"image\":{\"@id\":\"https:\/\/apexoutboards.com\/product\/2019-mercury-40-hp-40ega-outboard-motor\/#primaryimage\"},\"thumbnailUrl\":\"https:\/\/apexoutboards.com\/wp-content\/uploads\/2021\/12\/40-500x500_jpg-1.png\",\"datePublished\":\"2021-12-20T16:32:32+00:00\",\"dateModified\":\"2023-02-16T17:13:34+00:00\",\"description\":\"Get your product today! The 2019 Mercury 40 HP 40EGA Outboard Motor will be the best choice for you. Happy shopping!\",\"breadcrumb\":{\"@id\":\"https:\/\/apexoutboards.com\/product\/2019-mercury-40-hp-40ega-outboard-motor\/#breadcrumb\"},\"inLanguage\":\"pt-BR\",\"potentialAction\":[{\"@type\":\"ReadAction\",\"target\":[\"https:\/\/apexoutboards.com\/product\/2019-mercury-40-hp-40ega-outboard-motor\/\"]}]},{\"@type\":\"ImageObject\",\"inLanguage\":\"pt-BR\",\"@id\":\"https:\/\/apexoutboards.com\/product\/2019-mercury-40-hp-40ega-outboard-motor\/#primaryimage\",\"url\":\"https:\/\/apexoutboards.com\/wp-content\/uploads\/2021\/12\/40-500x500_jpg-1.png\",\"contentUrl\":\"https:\/\/apexoutboards.com\/wp-content\/uploads\/2021\/12\/40-500x500_jpg-1.png\",\"width\":500,\"height\":500,\"caption\":\"2019 Mercury 40 HP 40EGA Outboard Motor\"},{\"@type\":\"BreadcrumbList\",\"@id\":\"https:\/\/apexoutboards.com\/product\/2019-mercury-40-hp-40ega-outboard-motor\/#breadcrumb\",\"itemListElement\":[{\"@type\":\"ListItem\",\"position\":1,\"name\":\"Home\",\"item\":\"https:\/\/apexoutboards.com\/\"},{\"@type\":\"ListItem\",\"position\":2,\"name\":\"Shop\",\"item\":\"https:\/\/apexoutboards.com\/shop\/\"},{\"@type\":\"ListItem\",\"position\":3,\"name\":\"2019 Mercury 40 HP 40EGA Outboard Motor\"}]},{\"@type\":\"WebSite\",\"@id\":\"https:\/\/apexoutboards.com\/#website\",\"url\":\"https:\/\/apexoutboards.com\/\",\"name\":\"Apex Outboards\",\"description\":\"apexoutboards.com\",\"publisher\":{\"@id\":\"https:\/\/apexoutboards.com\/#organization\"},\"potentialAction\":[{\"@type\":\"SearchAction\",\"target\":{\"@type\":\"EntryPoint\",\"urlTemplate\":\"https:\/\/apexoutboards.com\/?s={search_term_string}\"},\"query-input\":{\"@type\":\"PropertyValueSpecification\",\"valueRequired\":true,\"valueName\":\"search_term_string\"}}],\"inLanguage\":\"pt-BR\"},{\"@type\":\"Organization\",\"@id\":\"https:\/\/apexoutboards.com\/#organization\",\"name\":\"Apex Outboards\",\"url\":\"https:\/\/apexoutboards.com\/\",\"logo\":{\"@type\":\"ImageObject\",\"inLanguage\":\"pt-BR\",\"@id\":\"https:\/\/apexoutboards.com\/#\/schema\/logo\/image\/\",\"url\":\"https:\/\/apexoutboards.com\/wp-content\/uploads\/2021\/12\/Screenshot_7.png\",\"contentUrl\":\"https:\/\/apexoutboards.com\/wp-content\/uploads\/2021\/12\/Screenshot_7.png\",\"width\":222,\"height\":103,\"caption\":\"Apex Outboards\"},\"image\":{\"@id\":\"https:\/\/apexoutboards.com\/#\/schema\/logo\/image\/\"}}]}<\/script>\n<!-- \/ Yoast SEO plugin. -->","yoast_head_json":{"title":"2019 Merc\u00fario 40 HP 40EGA Motor de popa","description":"Adquira seu produto hoje mesmo! O Motor Externo Mercury 40 HP 40EGA 2019 ser\u00e1 a melhor escolha para voc\u00ea. Feliz compra!","robots":{"index":"index","follow":"follow","max-snippet":"max-snippet:-1","max-image-preview":"max-image-preview:large","max-video-preview":"max-video-preview:-1"},"canonical":"https:\/\/apexoutboards.com\/pt\/produto\/2019-mercury-40-hp-40ega-outboard-motor\/","og_locale":"pt_BR","og_type":"article","og_title":"2019 Mercury 40 HP 40EGA Outboard Motor","og_description":"Get your product today! The 2019 Mercury 40 HP 40EGA Outboard Motor will be the best choice for you. Happy shopping!","og_url":"https:\/\/apexoutboards.com\/pt\/produto\/2019-mercury-40-hp-40ega-outboard-motor\/","og_site_name":"Apex Outboards","article_modified_time":"2023-02-16T17:13:34+00:00","og_image":[{"width":500,"height":500,"url":"https:\/\/apexoutboards.com\/wp-content\/uploads\/2021\/12\/40-500x500_jpg-1.png","type":"image\/png"}],"twitter_card":"summary_large_image","twitter_misc":{"Est. tempo de leitura":"1 minuto"},"schema":{"@context":"https:\/\/schema.org","@graph":[{"@type":"WebPage","@id":"https:\/\/apexoutboards.com\/product\/2019-mercury-40-hp-40ega-outboard-motor\/","url":"https:\/\/apexoutboards.com\/product\/2019-mercury-40-hp-40ega-outboard-motor\/","name":"2019 Merc\u00fario 40 HP 40EGA Motor de popa","isPartOf":{"@id":"https:\/\/apexoutboards.com\/#website"},"primaryImageOfPage":{"@id":"https:\/\/apexoutboards.com\/product\/2019-mercury-40-hp-40ega-outboard-motor\/#primaryimage"},"image":{"@id":"https:\/\/apexoutboards.com\/product\/2019-mercury-40-hp-40ega-outboard-motor\/#primaryimage"},"thumbnailUrl":"https:\/\/apexoutboards.com\/wp-content\/uploads\/2021\/12\/40-500x500_jpg-1.png","datePublished":"2021-12-20T16:32:32+00:00","dateModified":"2023-02-16T17:13:34+00:00","description":"Adquira seu produto hoje mesmo! O Motor Externo Mercury 40 HP 40EGA 2019 ser\u00e1 a melhor escolha para voc\u00ea. Feliz compra!","breadcrumb":{"@id":"https:\/\/apexoutboards.com\/product\/2019-mercury-40-hp-40ega-outboard-motor\/#breadcrumb"},"inLanguage":"pt-BR","potentialAction":[{"@type":"ReadAction","target":["https:\/\/apexoutboards.com\/product\/2019-mercury-40-hp-40ega-outboard-motor\/"]}]},{"@type":"ImageObject","inLanguage":"pt-BR","@id":"https:\/\/apexoutboards.com\/product\/2019-mercury-40-hp-40ega-outboard-motor\/#primaryimage","url":"https:\/\/apexoutboards.com\/wp-content\/uploads\/2021\/12\/40-500x500_jpg-1.png","contentUrl":"https:\/\/apexoutboards.com\/wp-content\/uploads\/2021\/12\/40-500x500_jpg-1.png","width":500,"height":500,"caption":"2019 Mercury 40 HP 40EGA Outboard Motor"},{"@type":"BreadcrumbList","@id":"https:\/\/apexoutboards.com\/product\/2019-mercury-40-hp-40ega-outboard-motor\/#breadcrumb","itemListElement":[{"@type":"ListItem","position":1,"name":"Home","item":"https:\/\/apexoutboards.com\/"},{"@type":"ListItem","position":2,"name":"Shop","item":"https:\/\/apexoutboards.com\/shop\/"},{"@type":"ListItem","position":3,"name":"2019 Mercury 40 HP 40EGA Outboard Motor"}]},{"@type":"WebSite","@id":"https:\/\/apexoutboards.com\/#website","url":"https:\/\/apexoutboards.com\/","name":"Outboards de Primeira Classe","description":"primeira classe outboard.com","publisher":{"@id":"https:\/\/apexoutboards.com\/#organization"},"potentialAction":[{"@type":"SearchAction","target":{"@type":"EntryPoint","urlTemplate":"https:\/\/apexoutboards.com\/?s={search_term_string}"},"query-input":{"@type":"PropertyValueSpecification","valueRequired":true,"valueName":"search_term_string"}}],"inLanguage":"pt-BR"},{"@type":"Organization","@id":"https:\/\/apexoutboards.com\/#organization","name":"Outboards de Primeira Classe","url":"https:\/\/apexoutboards.com\/","logo":{"@type":"ImageObject","inLanguage":"pt-BR","@id":"https:\/\/apexoutboards.com\/#\/schema\/logo\/image\/","url":"https:\/\/apexoutboards.com\/wp-content\/uploads\/2021\/12\/Screenshot_7.png","contentUrl":"https:\/\/apexoutboards.com\/wp-content\/uploads\/2021\/12\/Screenshot_7.png","width":222,"height":103,"caption":"Apex Outboards"},"image":{"@id":"https:\/\/apexoutboards.com\/#\/schema\/logo\/image\/"}}]}},"jetpack_sharing_enabled":true,"_links":{"self":[{"href":"https:\/\/apexoutboards.com\/pt\/wp-json\/wp\/v2\/product\/4224","targetHints":{"allow":["GET"]}}],"collection":[{"href":"https:\/\/apexoutboards.com\/pt\/wp-json\/wp\/v2\/product"}],"about":[{"href":"https:\/\/apexoutboards.com\/pt\/wp-json\/wp\/v2\/types\/product"}],"replies":[{"embeddable":true,"href":"https:\/\/apexoutboards.com\/pt\/wp-json\/wp\/v2\/comments?post=4224"}],"version-history":[{"count":0,"href":"https:\/\/apexoutboards.com\/pt\/wp-json\/wp\/v2\/product\/4224\/revisions"}],"wp:featuredmedia":[{"embeddable":true,"href":"https:\/\/apexoutboards.com\/pt\/wp-json\/wp\/v2\/media\/4226"}],"wp:attachment":[{"href":"https:\/\/apexoutboards.com\/pt\/wp-json\/wp\/v2\/media?parent=4224"}],"wp:term":[{"taxonomy":"product_brand","embeddable":true,"href":"https:\/\/apexoutboards.com\/pt\/wp-json\/wp\/v2\/product_brand?post=4224"},{"taxonomy":"product_cat","embeddable":true,"href":"https:\/\/apexoutboards.com\/pt\/wp-json\/wp\/v2\/product_cat?post=4224"},{"taxonomy":"product_tag","embeddable":true,"href":"https:\/\/apexoutboards.com\/pt\/wp-json\/wp\/v2\/product_tag?post=4224"}],"curies":[{"name":"wp","href":"https:\/\/api.w.org\/{rel}","templated":true}]}}