{"id":4150,"date":"2021-12-20T15:51:37","date_gmt":"2021-12-20T04:51:37","guid":{"rendered":"https:\/\/apexoutboards.com\/?post_type=product&#038;p=4150"},"modified":"2023-02-17T04:15:17","modified_gmt":"2023-02-16T17:15:17","slug":"2019-honda-225-hp-bf225dxcra-outboard-motor","status":"publish","type":"product","link":"https:\/\/apexoutboards.com\/pt\/produto\/2019-honda-225-hp-bf225dxcra-outboard-motor\/","title":{"rendered":"2019 Honda 225 HP BF225DXCRA Motor Externo BF225DXCRA"},"content":{"rendered":"<h2>2019 Honda 225 HP BF225DXCRA Motor Externo BF225DXCRA<\/h2>\n<p>\u00c9 claro que mantivemos os famosos avan\u00e7os tecnol\u00f3gicos que os propriet\u00e1rios de motores Honda adoram, muitos dos quais s\u00e3o compartilhados com os famosos motores de autom\u00f3veis da Honda. Todos os tr\u00eas modelos apresentam BLAST\u2122, para o m\u00e1ximo desempenho de holeshot, Lean Burn Control para uma not\u00e1vel efici\u00eancia de combust\u00edvel.<\/p>\n<p>Um alternador de 90 amp\u00e8re de primeira classe, estilo automotivo, e nosso controle eletr\u00f4nico AMP+\u00ae que aumenta automaticamente a amperagem conforme a necessidade no modo inativo.<\/p>\n<p>A Inje\u00e7\u00e3o de Combust\u00edvel Programada Multi-Portas (PGM-FI) fornece consistentemente a mistura ideal de combust\u00edvel\/ar para os cilindros, para arranques impressionantes, resposta, desempenho e efici\u00eancia.<\/p>\n<p>Certificado NMEA 2000\u00ae, permitindo o uso de componentes eletr\u00f4nicos de terceiros sem o custo de uma interface de gateway adicional. Garantia True-5, cinco anos, n\u00e3o declinante, l\u00edder da ind\u00fastria, da Honda.<\/p>\n<p>&nbsp;<\/p>\n<p class=\"specstitle\"><strong>Especifica\u00e7\u00f5es<\/strong><\/p>\n<ul class=\"specdetails\">\n<li>Tipo de motor: Honda BF225DXCRA Quatro Tempos<\/li>\n<li>Pot\u00eancia do cavalo: 225 hp<\/li>\n<li>Cilindros: 6 cilindros<\/li>\n<li>Comprimento do eixo: 25\u2033<\/li>\n<li>Dire\u00e7\u00e3o: Mec\u00e2nica Remota<\/li>\n<li>Entrada: El\u00e9trica<\/li>\n<li>Peso: 617 lbs<\/li>\n<li>Gama completa de aceleradores: 5000 - 6000 rpm<\/li>\n<li>Deslocamento: 3583cc<\/li>\n<li>Sistema de indu\u00e7\u00e3o: EFI<\/li>\n<li>Garantia: 5 anos<\/li>\n<\/ul>\n<\/div>\n<\/div>\n<\/div>\n<\/div>\n<\/div>\n<\/div>\n<\/div>\n<\/div>\n<\/div>\n<\/div>\n<\/div>\n<\/div>\n<\/div>\n<\/div>\n<div style=\"display:none;\">\n\t<a href=\"https:\/\/yoast.com\/\">Levedura<\/a><br \/>\n\t<a href=\"https:\/\/apexoutboards.com\/pt\/\">quadros de primeira classe<\/a><br \/>\n\t<img decoding=\"async\" src=\"https:\/\/apexoutboards.com\/wp-content\/uploads\/2021\/12\/PNG_Transparent_High-Resolution_300-_Dpi-1-1-1536x650.png\" alt=\"\"><br \/>\n\tA Apex Outboards \u00e9 o maior revendedor americano de motores fora de borda. Nossos membros da equipe oferecem o melhor servi\u00e7o ao cliente e conhecimento t\u00e9cnico de qualquer revendedor de motores fora de borda.\n<\/div>","protected":false},"excerpt":{"rendered":"<p><strong>Condi\u00e7\u00e3o:<\/strong> Novo<br \/>\n<strong>Expedi\u00e7\u00e3o:<\/strong> Pronto para Embarcar Agora<\/p>\n<p>Estamos comprometidos em fornecer o melhor em atendimento ao cliente. Sinta-se \u00e0 vontade para nos contatar para assist\u00eancia. Todas as informa\u00e7\u00f5es recebidas permanecer\u00e3o sempre confidenciais.<\/p>","protected":false},"featured_media":4136,"comment_status":"open","ping_status":"closed","template":"","meta":{"ocean_post_layout":"","ocean_both_sidebars_style":"","ocean_both_sidebars_content_width":0,"ocean_both_sidebars_sidebars_width":0,"ocean_sidebar":"0","ocean_second_sidebar":"0","ocean_disable_margins":"enable","ocean_add_body_class":"","ocean_shortcode_before_top_bar":"","ocean_shortcode_after_top_bar":"","ocean_shortcode_before_header":"","ocean_shortcode_after_header":"","ocean_has_shortcode":"","ocean_shortcode_after_title":"","ocean_shortcode_before_footer_widgets":"","ocean_shortcode_after_footer_widgets":"","ocean_shortcode_before_footer_bottom":"","ocean_shortcode_after_footer_bottom":"","ocean_display_top_bar":"default","ocean_display_header":"default","ocean_header_style":"","ocean_center_header_left_menu":"0","ocean_custom_header_template":"0","ocean_custom_logo":0,"ocean_custom_retina_logo":0,"ocean_custom_logo_max_width":0,"ocean_custom_logo_tablet_max_width":0,"ocean_custom_logo_mobile_max_width":0,"ocean_custom_logo_max_height":0,"ocean_custom_logo_tablet_max_height":0,"ocean_custom_logo_mobile_max_height":0,"ocean_header_custom_menu":"0","ocean_menu_typo_font_family":"0","ocean_menu_typo_font_subset":"","ocean_menu_typo_font_size":0,"ocean_menu_typo_font_size_tablet":0,"ocean_menu_typo_font_size_mobile":0,"ocean_menu_typo_font_size_unit":"px","ocean_menu_typo_font_weight":"","ocean_menu_typo_font_weight_tablet":"","ocean_menu_typo_font_weight_mobile":"","ocean_menu_typo_transform":"","ocean_menu_typo_transform_tablet":"","ocean_menu_typo_transform_mobile":"","ocean_menu_typo_line_height":0,"ocean_menu_typo_line_height_tablet":0,"ocean_menu_typo_line_height_mobile":0,"ocean_menu_typo_line_height_unit":"","ocean_menu_typo_spacing":0,"ocean_menu_typo_spacing_tablet":0,"ocean_menu_typo_spacing_mobile":0,"ocean_menu_typo_spacing_unit":"","ocean_menu_link_color":"","ocean_menu_link_color_hover":"","ocean_menu_link_color_active":"","ocean_menu_link_background":"","ocean_menu_link_hover_background":"","ocean_menu_link_active_background":"","ocean_menu_social_links_bg":"","ocean_menu_social_hover_links_bg":"","ocean_menu_social_links_color":"","ocean_menu_social_hover_links_color":"","ocean_disable_title":"default","ocean_disable_heading":"default","ocean_post_title":"","ocean_post_subheading":"","ocean_post_title_style":"","ocean_post_title_background_color":"","ocean_post_title_background":0,"ocean_post_title_bg_image_position":"","ocean_post_title_bg_image_attachment":"","ocean_post_title_bg_image_repeat":"","ocean_post_title_bg_image_size":"","ocean_post_title_height":0,"ocean_post_title_bg_overlay":0.5,"ocean_post_title_bg_overlay_color":"","ocean_disable_breadcrumbs":"default","ocean_breadcrumbs_color":"","ocean_breadcrumbs_separator_color":"","ocean_breadcrumbs_links_color":"","ocean_breadcrumbs_links_hover_color":"","ocean_display_footer_widgets":"default","ocean_display_footer_bottom":"default","ocean_custom_footer_template":"0"},"product_brand":[],"product_cat":[130,47,161],"product_tag":[],"class_list":{"0":"post-4150","1":"product","2":"type-product","3":"status-publish","4":"has-post-thumbnail","6":"product_cat-225-hp","7":"product_cat-honda","8":"product_cat-honda-225-hp","10":"entry","11":"has-media","13":"first","14":"instock","15":"sale","16":"shipping-taxable","17":"purchasable","18":"product-type-simple","19":"has-product-nav","20":"col","21":"span_1_of_4","22":"owp-content-center","23":"owp-thumbs-layout-horizontal","24":"owp-btn-normal","25":"owp-tabs-layout-horizontal","26":"has-no-thumbnails","28":"circle-sale"},"yoast_head":"<!-- This site is optimized with the Yoast SEO plugin v27.2 - https:\/\/yoast.com\/product\/yoast-seo-wordpress\/ -->\n<title>2019 Honda 225 HP BF225DXCRA Outboard Motor<\/title>\n<meta name=\"description\" content=\"Get your product today! The 2019 Honda 225 HP BF225DXCRA Outboard Motor will be the best choice for you. Happy shopping!\" \/>\n<meta name=\"robots\" content=\"index, follow, max-snippet:-1, max-image-preview:large, max-video-preview:-1\" \/>\n<link rel=\"canonical\" href=\"https:\/\/apexoutboards.com\/pt\/produto\/2019-honda-225-hp-bf225dxcra-outboard-motor\/\" \/>\n<meta property=\"og:locale\" content=\"pt_BR\" \/>\n<meta property=\"og:type\" content=\"article\" \/>\n<meta property=\"og:title\" content=\"2019 Honda 225 HP BF225DXCRA Outboard Motor\" \/>\n<meta property=\"og:description\" content=\"Get your product today! The 2019 Honda 225 HP BF225DXCRA Outboard Motor will be the best choice for you. Happy shopping!\" \/>\n<meta property=\"og:url\" content=\"https:\/\/apexoutboards.com\/pt\/produto\/2019-honda-225-hp-bf225dxcra-outboard-motor\/\" \/>\n<meta property=\"og:site_name\" content=\"Apex Outboards\" \/>\n<meta property=\"article:modified_time\" content=\"2023-02-16T17:15:17+00:00\" \/>\n<meta property=\"og:image\" content=\"https:\/\/apexoutboards.com\/wp-content\/uploads\/2021\/12\/225-600x450_jpg1.png\" \/>\n\t<meta property=\"og:image:width\" content=\"600\" \/>\n\t<meta property=\"og:image:height\" content=\"450\" \/>\n\t<meta property=\"og:image:type\" content=\"image\/png\" \/>\n<meta name=\"twitter:card\" content=\"summary_large_image\" \/>\n<meta name=\"twitter:label1\" content=\"Est. tempo de leitura\" \/>\n\t<meta name=\"twitter:data1\" content=\"1 minuto\" \/>\n<script type=\"application\/ld+json\" class=\"yoast-schema-graph\">{\"@context\":\"https:\/\/schema.org\",\"@graph\":[{\"@type\":\"WebPage\",\"@id\":\"https:\/\/apexoutboards.com\/product\/2019-honda-225-hp-bf225dxcra-outboard-motor\/\",\"url\":\"https:\/\/apexoutboards.com\/product\/2019-honda-225-hp-bf225dxcra-outboard-motor\/\",\"name\":\"2019 Honda 225 HP BF225DXCRA Outboard Motor\",\"isPartOf\":{\"@id\":\"https:\/\/apexoutboards.com\/#website\"},\"primaryImageOfPage\":{\"@id\":\"https:\/\/apexoutboards.com\/product\/2019-honda-225-hp-bf225dxcra-outboard-motor\/#primaryimage\"},\"image\":{\"@id\":\"https:\/\/apexoutboards.com\/product\/2019-honda-225-hp-bf225dxcra-outboard-motor\/#primaryimage\"},\"thumbnailUrl\":\"https:\/\/apexoutboards.com\/wp-content\/uploads\/2021\/12\/225-600x450_jpg1.png\",\"datePublished\":\"2021-12-20T04:51:37+00:00\",\"dateModified\":\"2023-02-16T17:15:17+00:00\",\"description\":\"Get your product today! The 2019 Honda 225 HP BF225DXCRA Outboard Motor will be the best choice for you. Happy shopping!\",\"breadcrumb\":{\"@id\":\"https:\/\/apexoutboards.com\/product\/2019-honda-225-hp-bf225dxcra-outboard-motor\/#breadcrumb\"},\"inLanguage\":\"pt-BR\",\"potentialAction\":[{\"@type\":\"ReadAction\",\"target\":[\"https:\/\/apexoutboards.com\/product\/2019-honda-225-hp-bf225dxcra-outboard-motor\/\"]}]},{\"@type\":\"ImageObject\",\"inLanguage\":\"pt-BR\",\"@id\":\"https:\/\/apexoutboards.com\/product\/2019-honda-225-hp-bf225dxcra-outboard-motor\/#primaryimage\",\"url\":\"https:\/\/apexoutboards.com\/wp-content\/uploads\/2021\/12\/225-600x450_jpg1.png\",\"contentUrl\":\"https:\/\/apexoutboards.com\/wp-content\/uploads\/2021\/12\/225-600x450_jpg1.png\",\"width\":600,\"height\":450,\"caption\":\"2019 Honda 225 HP BF225DXRA Outboard Motor\"},{\"@type\":\"BreadcrumbList\",\"@id\":\"https:\/\/apexoutboards.com\/product\/2019-honda-225-hp-bf225dxcra-outboard-motor\/#breadcrumb\",\"itemListElement\":[{\"@type\":\"ListItem\",\"position\":1,\"name\":\"Home\",\"item\":\"https:\/\/apexoutboards.com\/\"},{\"@type\":\"ListItem\",\"position\":2,\"name\":\"Shop\",\"item\":\"https:\/\/apexoutboards.com\/shop\/\"},{\"@type\":\"ListItem\",\"position\":3,\"name\":\"2019 Honda 225 HP BF225DXCRA Outboard Motor\"}]},{\"@type\":\"WebSite\",\"@id\":\"https:\/\/apexoutboards.com\/#website\",\"url\":\"https:\/\/apexoutboards.com\/\",\"name\":\"Apex Outboards\",\"description\":\"apexoutboards.com\",\"publisher\":{\"@id\":\"https:\/\/apexoutboards.com\/#organization\"},\"potentialAction\":[{\"@type\":\"SearchAction\",\"target\":{\"@type\":\"EntryPoint\",\"urlTemplate\":\"https:\/\/apexoutboards.com\/?s={search_term_string}\"},\"query-input\":{\"@type\":\"PropertyValueSpecification\",\"valueRequired\":true,\"valueName\":\"search_term_string\"}}],\"inLanguage\":\"pt-BR\"},{\"@type\":\"Organization\",\"@id\":\"https:\/\/apexoutboards.com\/#organization\",\"name\":\"Apex Outboards\",\"url\":\"https:\/\/apexoutboards.com\/\",\"logo\":{\"@type\":\"ImageObject\",\"inLanguage\":\"pt-BR\",\"@id\":\"https:\/\/apexoutboards.com\/#\/schema\/logo\/image\/\",\"url\":\"https:\/\/apexoutboards.com\/wp-content\/uploads\/2021\/12\/Screenshot_7.png\",\"contentUrl\":\"https:\/\/apexoutboards.com\/wp-content\/uploads\/2021\/12\/Screenshot_7.png\",\"width\":222,\"height\":103,\"caption\":\"Apex Outboards\"},\"image\":{\"@id\":\"https:\/\/apexoutboards.com\/#\/schema\/logo\/image\/\"}}]}<\/script>\n<!-- \/ Yoast SEO plugin. -->","yoast_head_json":{"title":"2019 Honda 225 HP BF225DXCRA Motor Externo BF225DXCRA","description":"Adquira seu produto hoje mesmo! O Motor Honda 2019 BF225DXCRA Outboard de 225 HP ser\u00e1 a melhor escolha para voc\u00ea. Feliz compra!","robots":{"index":"index","follow":"follow","max-snippet":"max-snippet:-1","max-image-preview":"max-image-preview:large","max-video-preview":"max-video-preview:-1"},"canonical":"https:\/\/apexoutboards.com\/pt\/produto\/2019-honda-225-hp-bf225dxcra-outboard-motor\/","og_locale":"pt_BR","og_type":"article","og_title":"2019 Honda 225 HP BF225DXCRA Outboard Motor","og_description":"Get your product today! The 2019 Honda 225 HP BF225DXCRA Outboard Motor will be the best choice for you. Happy shopping!","og_url":"https:\/\/apexoutboards.com\/pt\/produto\/2019-honda-225-hp-bf225dxcra-outboard-motor\/","og_site_name":"Apex Outboards","article_modified_time":"2023-02-16T17:15:17+00:00","og_image":[{"width":600,"height":450,"url":"https:\/\/apexoutboards.com\/wp-content\/uploads\/2021\/12\/225-600x450_jpg1.png","type":"image\/png"}],"twitter_card":"summary_large_image","twitter_misc":{"Est. tempo de leitura":"1 minuto"},"schema":{"@context":"https:\/\/schema.org","@graph":[{"@type":"WebPage","@id":"https:\/\/apexoutboards.com\/product\/2019-honda-225-hp-bf225dxcra-outboard-motor\/","url":"https:\/\/apexoutboards.com\/product\/2019-honda-225-hp-bf225dxcra-outboard-motor\/","name":"2019 Honda 225 HP BF225DXCRA Motor Externo BF225DXCRA","isPartOf":{"@id":"https:\/\/apexoutboards.com\/#website"},"primaryImageOfPage":{"@id":"https:\/\/apexoutboards.com\/product\/2019-honda-225-hp-bf225dxcra-outboard-motor\/#primaryimage"},"image":{"@id":"https:\/\/apexoutboards.com\/product\/2019-honda-225-hp-bf225dxcra-outboard-motor\/#primaryimage"},"thumbnailUrl":"https:\/\/apexoutboards.com\/wp-content\/uploads\/2021\/12\/225-600x450_jpg1.png","datePublished":"2021-12-20T04:51:37+00:00","dateModified":"2023-02-16T17:15:17+00:00","description":"Adquira seu produto hoje mesmo! O Motor Honda 2019 BF225DXCRA Outboard de 225 HP ser\u00e1 a melhor escolha para voc\u00ea. Feliz compra!","breadcrumb":{"@id":"https:\/\/apexoutboards.com\/product\/2019-honda-225-hp-bf225dxcra-outboard-motor\/#breadcrumb"},"inLanguage":"pt-BR","potentialAction":[{"@type":"ReadAction","target":["https:\/\/apexoutboards.com\/product\/2019-honda-225-hp-bf225dxcra-outboard-motor\/"]}]},{"@type":"ImageObject","inLanguage":"pt-BR","@id":"https:\/\/apexoutboards.com\/product\/2019-honda-225-hp-bf225dxcra-outboard-motor\/#primaryimage","url":"https:\/\/apexoutboards.com\/wp-content\/uploads\/2021\/12\/225-600x450_jpg1.png","contentUrl":"https:\/\/apexoutboards.com\/wp-content\/uploads\/2021\/12\/225-600x450_jpg1.png","width":600,"height":450,"caption":"2019 Honda 225 HP BF225DXRA Outboard Motor"},{"@type":"BreadcrumbList","@id":"https:\/\/apexoutboards.com\/product\/2019-honda-225-hp-bf225dxcra-outboard-motor\/#breadcrumb","itemListElement":[{"@type":"ListItem","position":1,"name":"Home","item":"https:\/\/apexoutboards.com\/"},{"@type":"ListItem","position":2,"name":"Shop","item":"https:\/\/apexoutboards.com\/shop\/"},{"@type":"ListItem","position":3,"name":"2019 Honda 225 HP BF225DXCRA Outboard Motor"}]},{"@type":"WebSite","@id":"https:\/\/apexoutboards.com\/#website","url":"https:\/\/apexoutboards.com\/","name":"Outboards de Primeira Classe","description":"primeira classe outboard.com","publisher":{"@id":"https:\/\/apexoutboards.com\/#organization"},"potentialAction":[{"@type":"SearchAction","target":{"@type":"EntryPoint","urlTemplate":"https:\/\/apexoutboards.com\/?s={search_term_string}"},"query-input":{"@type":"PropertyValueSpecification","valueRequired":true,"valueName":"search_term_string"}}],"inLanguage":"pt-BR"},{"@type":"Organization","@id":"https:\/\/apexoutboards.com\/#organization","name":"Outboards de Primeira Classe","url":"https:\/\/apexoutboards.com\/","logo":{"@type":"ImageObject","inLanguage":"pt-BR","@id":"https:\/\/apexoutboards.com\/#\/schema\/logo\/image\/","url":"https:\/\/apexoutboards.com\/wp-content\/uploads\/2021\/12\/Screenshot_7.png","contentUrl":"https:\/\/apexoutboards.com\/wp-content\/uploads\/2021\/12\/Screenshot_7.png","width":222,"height":103,"caption":"Apex Outboards"},"image":{"@id":"https:\/\/apexoutboards.com\/#\/schema\/logo\/image\/"}}]}},"jetpack_sharing_enabled":true,"_links":{"self":[{"href":"https:\/\/apexoutboards.com\/pt\/wp-json\/wp\/v2\/product\/4150","targetHints":{"allow":["GET"]}}],"collection":[{"href":"https:\/\/apexoutboards.com\/pt\/wp-json\/wp\/v2\/product"}],"about":[{"href":"https:\/\/apexoutboards.com\/pt\/wp-json\/wp\/v2\/types\/product"}],"replies":[{"embeddable":true,"href":"https:\/\/apexoutboards.com\/pt\/wp-json\/wp\/v2\/comments?post=4150"}],"version-history":[{"count":0,"href":"https:\/\/apexoutboards.com\/pt\/wp-json\/wp\/v2\/product\/4150\/revisions"}],"wp:featuredmedia":[{"embeddable":true,"href":"https:\/\/apexoutboards.com\/pt\/wp-json\/wp\/v2\/media\/4136"}],"wp:attachment":[{"href":"https:\/\/apexoutboards.com\/pt\/wp-json\/wp\/v2\/media?parent=4150"}],"wp:term":[{"taxonomy":"product_brand","embeddable":true,"href":"https:\/\/apexoutboards.com\/pt\/wp-json\/wp\/v2\/product_brand?post=4150"},{"taxonomy":"product_cat","embeddable":true,"href":"https:\/\/apexoutboards.com\/pt\/wp-json\/wp\/v2\/product_cat?post=4150"},{"taxonomy":"product_tag","embeddable":true,"href":"https:\/\/apexoutboards.com\/pt\/wp-json\/wp\/v2\/product_tag?post=4150"}],"curies":[{"name":"wp","href":"https:\/\/api.w.org\/{rel}","templated":true}]}}