{"id":3936,"date":"2021-12-19T05:07:13","date_gmt":"2021-12-18T18:07:13","guid":{"rendered":"https:\/\/apexoutboards.com\/?post_type=product&#038;p=3936"},"modified":"2023-02-17T04:23:36","modified_gmt":"2023-02-16T17:23:36","slug":"2019-yamaha-250-hp-f250xca-outboard-motor","status":"publish","type":"product","link":"https:\/\/apexoutboards.com\/pt\/produto\/2019-yamaha-250-hp-f250xca-outboard-motor\/","title":{"rendered":"2019 Motor Externo Yamaha F250XCA de 250 HP"},"content":{"rendered":"<div id=\"tab-description\" class=\"tab-content\">\n<h2>2019 Motor Externo Yamaha F250XCA de 250 HP<\/h2>\n<div id=\"itemGroup\" class=\"productItemGroup\">\n<p class=\"productItemGroupName\"><strong>Benefits<\/strong><\/p>\n<ul class=\"itemGroupFeatures\">\n<li id=\"6147227\" class=\"productFeature\">4.2 Liter Big-Bore Displacement: By using a highly advanced thermally applied plasma fusion process on the cylinder walls, Yamaha\u2019s new line of V6 Offshore outboards have no conventional steel cylinder sleeves, yet the cylinder walls are 60% harder than steel. That means larger cylinder bores for increased displacement, resulting in more power and torque, without increasing outer cylinder dimensions. It also results in dramatically lighter weight and better cooling, and \u201cMicro-textured\u201d cylinder walls that help decrease friction loss, and further increase performance and enhance reliability.<\/li>\n<li id=\"6147228\" class=\"productFeature\">Lightest Weight in Class: From the top of the cowling to the tip of the propeller shaft, every ounce of weight-savings has been realized for maximum performance without sacrificing durability. There\u2019s even a new advanced polymer composite lower engine pan that lowers weight and increases corrosion resistance.<\/li>\n<li id=\"6147229\" class=\"productFeature\">Throttle Response and Acceleration: Yamaha\u2019s Variable Camshaft Timing system advances and retards the angle of the intake camshaft to dramatically increase power and throttle response in the low- and mid-rpm ranges. This feature helps Yamaha\u2019s new 4.2 liter big-bore V6 Offshore Outboard to deliver awesome hole shot and mid-range acceleration you have to feel to believe.<\/li>\n<li id=\"6147230\" class=\"productFeature\">Best-in-Class Fuel Efficiency: Yamaha\u2019s 300hp V6 Offshore outboard has up to 17% better long-range fuel economy at 3500 rpm than other 300hp 4 stroke outboards. All air entering the engine block of each Yamaha V6 Offshore outboard is routed through a single 75mm electronically controlled throttle valve. Working in concert with the Precision Multi-Point Fuel Injection System, together they help ensure the precise amount of air and fuel necessary for optimum power and fuel efficiency. The reduction in friction from the Micro-Textured Cylinder Walls further adds to this outboard\u2019s amazing fuel economy.<\/li>\n<li id=\"6147231\" class=\"productFeature\">Best-in-Class Charging Power: With 70 amps of total alternator output, Yamaha\u2019s new V6 Offshore outboards have over 29% higher total alternator power than other V6 four stroke outboards. That kind of charging power is vital to help operate today\u2019s wide array of on-board electronic devices.<\/li>\n<li id=\"6147232\" class=\"productFeature\">More Information \/ Security: Featuring a new 5\u201d high-contrast, multi-engine, LCD display; new Command Link Plus\u00ae Digital Electronic Controls; new key switches and start\/stop panels; and new Command Link Plus accessories, this system offers more convenience, flexibility, and information than ever before. There\u2019s even the optional new Y-COP\u2122 Immobilizer system, which allows the operator to disable the outboard\u2019s ignition system using a battery-operated key fob during periods of non-use, thus helping to deter theft.<\/li>\n<li id=\"6147233\" class=\"productFeature\">Protection from the Elements: All Yamaha V6 Offshore outboards feature a proven cowling drain system, to easily and efficiently drain away any water that enters the cowling during normal engine operation. Incoming air is routed through a labyrinth of passages that trap and drain water before it enters the engine\u2019s intake, for maximum reliability.<\/li>\n<li id=\"6147234\" class=\"productFeature\">Reliability and Efficiency: 4.2 liters of class-leading displacement teams with individual intake and exhaust camshafts to provide more precise valve timing control with fewer moving parts than conventional rocker arm systems for increased reliability. This superior design also allows for use of 4 valves per cylinder which exchange intake and exhaust gases more efficiently for responsive power and increased fuel economy.<\/li>\n<li id=\"6147235\" class=\"productFeature\">Advanced Technology: Six individual sensors constantly provide vital atmospheric and engine conditions to the Engine Control Module (ECM), which instantly makes the precise adjustments for optimum performance and efficiency.<\/li>\n<\/ul>\n<p class=\"productItemGroupName\"><strong>Power\/Performance Features<\/strong><\/p>\n<ul class=\"itemGroupFeatures\">\n<li id=\"6147236\" class=\"productFeature\">Command Link\u00ae Digital Electronic Controls: Required<\/li>\n<li id=\"6147237\" class=\"productFeature\">High Output Four Stroke V6 Outboard: Standard<\/li>\n<li id=\"6147238\" class=\"productFeature\">Plasma-Fused Sleeveless Cylinders: Standard<\/li>\n<li id=\"6147239\" class=\"productFeature\">Narrow 60\u00b0 Block Design: Standard<\/li>\n<li id=\"6147240\" class=\"productFeature\">Variable Camshaft Timing: Standard<\/li>\n<li id=\"6147241\" class=\"productFeature\">Long Track Induction System: Standard<\/li>\n<li id=\"6147242\" class=\"productFeature\">Electronic Multi-Point Fuel Injection: Standard<\/li>\n<li id=\"6147243\" class=\"productFeature\">6 Independent Fuel Injectors: Standard<\/li>\n<li id=\"6147244\" class=\"productFeature\">4 Large Radius Valves Per Cylinder: Standard<\/li>\n<li id=\"6147245\" class=\"productFeature\">High Intake Valve Lift: Standard<\/li>\n<li id=\"6147246\" class=\"productFeature\">Double Overhead Camshafts: Standard<\/li>\n<li id=\"6147247\" class=\"productFeature\">In-Bank\u2122 Exhaust: Standard<\/li>\n<li id=\"6147248\" class=\"productFeature\">Exhaust Pressure Reduction System: Standard<\/li>\n<li id=\"6147249\" class=\"productFeature\">Compact, Lightweight Design: Standard<\/li>\n<\/ul>\n<p class=\"productItemGroupName\"><strong>Reliability\/Durability Features<\/strong><\/p>\n<ul class=\"itemGroupFeatures\">\n<li id=\"6147250\" class=\"productFeature\">TCI Microcomputer: Standard<\/li>\n<li id=\"6147251\" class=\"productFeature\">Electronic Single Throttle Valve (75mm): Standard<\/li>\n<li id=\"6147252\" class=\"productFeature\">Direct Drive System: Standard<\/li>\n<li id=\"6147253\" class=\"productFeature\">Wet Sump Lubrication: Standard<\/li>\n<li id=\"6147254\" class=\"productFeature\">Engine Warning System: Standard<\/li>\n<li id=\"6147255\" class=\"productFeature\">Sacrificial Anodes: Standard<\/li>\n<li id=\"6147256\" class=\"productFeature\">Water Cooled Rectifier\/Regulator: Standard<\/li>\n<li id=\"6147257\" class=\"productFeature\">Water Separator: Standard<\/li>\n<li id=\"6147258\" class=\"productFeature\">Direct Ignition: Standard<\/li>\n<li id=\"6147259\" class=\"productFeature\">YDC-30 Aluminum Alloy: Standard<\/li>\n<li id=\"6147260\" class=\"productFeature\">5-Step Anti-Corrosion Paint Process: Standard<\/li>\n<li id=\"6147261\" class=\"productFeature\">Electro-deposited Powerhead Paint Process: Standard<\/li>\n<li id=\"6147262\" class=\"productFeature\">Top Mounted Electrical: Standard<\/li>\n<li id=\"6147263\" class=\"productFeature\">High Output Alternator: Standard<\/li>\n<li id=\"6147264\" class=\"productFeature\">SST Drive, Prop, Shift Shafts: Standard<\/li>\n<li id=\"6147265\" class=\"productFeature\">SST Steering Tube: Standard<\/li>\n<li id=\"6147266\" class=\"productFeature\">Magnetic Drain Plug: Standard<\/li>\n<li id=\"6147267\" class=\"productFeature\">Dual Water Intake Gearcase: Standard<\/li>\n<li id=\"6147268\" class=\"productFeature\">Alumite Exhaust Annodization: Standard<\/li>\n<li id=\"6147269\" class=\"productFeature\">Water Draining Air Intake Duct: Standard<\/li>\n<\/ul>\n<p class=\"productItemGroupName\"><strong>Convenience\/Control Features<\/strong><\/p>\n<ul class=\"itemGroupFeatures\">\n<li id=\"6147270\" class=\"productFeature\">Command Link\u00ae Plus Display Gauge Compatibility: Standard<\/li>\n<li id=\"6147271\" class=\"productFeature\">Power Trim and Tilt: Standard<\/li>\n<li id=\"6147272\" class=\"productFeature\">Freshwater Flush: Standard<\/li>\n<li id=\"6147273\" class=\"productFeature\">Easy Maintenance: Standard<\/li>\n<li id=\"6147274\" class=\"productFeature\">Vibration Reduction Mounting System: Standard<\/li>\n<li id=\"6147275\" class=\"productFeature\">Reversable PTT Switch: Standard<\/li>\n<li id=\"6147276\" class=\"productFeature\">Counter Rotation &#8220;LF&#8221; Model: Optional<\/li>\n<li id=\"6147277\" class=\"productFeature\">Yamaha Diagnostic System: Compatible<\/li>\n<li id=\"6147278\" class=\"productFeature\">Multi-Charge Monitoring System: Standard<\/li>\n<li id=\"6147279\" class=\"productFeature\">Single Cogged Timing Belt System: Standard<\/li>\n<\/ul>\n<p class=\"productItemGroupName\"><strong>Especifica\u00e7\u00f5es<\/strong><\/p>\n<ul class=\"itemGroupFeatures\">\n<li id=\"6147280\" class=\"productFeature\">Engine Type: V6 (60 deg.)<\/li>\n<li id=\"6147281\" class=\"productFeature\">Displacement: 4.2L (254 ci)<\/li>\n<li id=\"6147282\" class=\"productFeature\">Bore x Stroke: 96 x 96 mm (3.78 x 3.78 in.)<\/li>\n<li id=\"6147283\" class=\"productFeature\">Prop Shaft Horsepower: 250 hp at 5500 rpm (F\/LF250)<\/li>\n<li id=\"6147284\" class=\"productFeature\">Compression Ratio: 10.3:1<\/li>\n<li id=\"6147285\" class=\"productFeature\">Fuel\/Induction System: DOHC Fuel Injection VCT<\/li>\n<li id=\"6147286\" class=\"productFeature\">Exaust\u00e3o: Atrav\u00e9s de h\u00e9lice<\/li>\n<li id=\"6147287\" class=\"productFeature\">Intake: Single Throttle Valve<\/li>\n<li id=\"6147288\" class=\"productFeature\">Ignition System: TCI Micro Computer<\/li>\n<li id=\"6147289\" class=\"productFeature\">Spark Plug: LFR6A-11-00-000<\/li>\n<li id=\"6147290\" class=\"productFeature\">Alternator Output: 70 Amp<\/li>\n<li id=\"6147291\" class=\"productFeature\">Sistema de partida: El\u00e9trico<\/li>\n<li id=\"6147292\" class=\"productFeature\">Lubrifica\u00e7\u00e3o: Dep\u00f3sito \u00famido<\/li>\n<li id=\"6147293\" class=\"productFeature\">Engine Oil Capacity: 6.3L\/6.0L w\/with filter<\/li>\n<li id=\"6147294\" class=\"productFeature\">Full Throttle RPM Range: 5000 &#8211; 6000<\/li>\n<li id=\"6147295\" class=\"productFeature\">Cooling: Water\/Thermostatic Control<\/li>\n<li id=\"6147296\" class=\"productFeature\">\u00d3leo de motor recomendado: Yamalube\u00ae 4M (Ver manual do propriet\u00e1rio)<\/li>\n<li id=\"6147297\" class=\"productFeature\">Recommended Fuel: Regular Unleaded (Minimum Pump Octane 87)<\/li>\n<li id=\"6147298\" class=\"productFeature\">Filtra\u00e7\u00e3o de combust\u00edvel recomendada: Filtro separador de combust\u00edvel\/\u00e1gua Yamaha 10-Micron (externo)<\/li>\n<li id=\"6147299\" class=\"productFeature\">Limite de mistura de etanol: 10% M\u00e1ximo<\/li>\n<li id=\"6147300\" class=\"productFeature\">Gear Ratio: (21:12) 1.75:1<\/li>\n<li id=\"6147301\" class=\"productFeature\">Mudan\u00e7a de marcha: Avan\u00e7ar, Neutro, Reverter<\/li>\n<li id=\"6147302\" class=\"productFeature\">Shaft Length: X = 25 in.<\/li>\n<li id=\"6147303\" class=\"productFeature\">Degree of Tilt: 67 deg.<\/li>\n<li id=\"6147304\" class=\"productFeature\">Degree of Trim: -3 deg. through +16 deg.<\/li>\n<li id=\"6147305\" class=\"productFeature\">C.A.R.B. Rating: 3-Estrelas<\/li>\n<li id=\"6147306\" class=\"productFeature\">Dry Weight: 255 kg (562 lb.)<\/li>\n<li id=\"6147307\" class=\"productFeature\">Mounting Centers: 28.6 in.<\/li>\n<li id=\"6147308\" class=\"productFeature\">Steering Angle (maximum): 32 deg. from center, either direction<\/li>\n<li id=\"6147309\" class=\"productFeature\">Warranty: 3-Year Pleasure, 3-Year Government, 1-Year Commercial<\/li>\n<\/ul>\n<\/div>\n<\/div>\n<div style=\"display:none;\">\n\t<a href=\"https:\/\/yoast.com\/\">Levedura<\/a><br \/>\n\t<a href=\"https:\/\/apexoutboards.com\/pt\/\">quadros de primeira classe<\/a><br \/>\n\t<img decoding=\"async\" src=\"https:\/\/apexoutboards.com\/wp-content\/uploads\/2021\/12\/PNG_Transparent_High-Resolution_300-_Dpi-1-1-1536x650.png\" alt=\"\"><br \/>\n\tA Apex Outboards \u00e9 o maior revendedor americano de motores fora de borda. Nossos membros da equipe oferecem o melhor servi\u00e7o ao cliente e conhecimento t\u00e9cnico de qualquer revendedor de motores fora de borda.\n<\/div>","protected":false},"excerpt":{"rendered":"<p><strong>Condi\u00e7\u00e3o:<\/strong> Novo<br \/>\n<strong>Expedi\u00e7\u00e3o:<\/strong> Pronto para Embarcar Agora<\/p>\n<p>Estamos comprometidos em fornecer o melhor em atendimento ao cliente. Sinta-se \u00e0 vontade para nos contatar para assist\u00eancia. Todas as informa\u00e7\u00f5es recebidas permanecer\u00e3o sempre confidenciais.<\/p>","protected":false},"featured_media":3932,"comment_status":"open","ping_status":"closed","template":"","meta":{"ocean_post_layout":"","ocean_both_sidebars_style":"","ocean_both_sidebars_content_width":0,"ocean_both_sidebars_sidebars_width":0,"ocean_sidebar":"0","ocean_second_sidebar":"0","ocean_disable_margins":"enable","ocean_add_body_class":"","ocean_shortcode_before_top_bar":"","ocean_shortcode_after_top_bar":"","ocean_shortcode_before_header":"","ocean_shortcode_after_header":"","ocean_has_shortcode":"","ocean_shortcode_after_title":"","ocean_shortcode_before_footer_widgets":"","ocean_shortcode_after_footer_widgets":"","ocean_shortcode_before_footer_bottom":"","ocean_shortcode_after_footer_bottom":"","ocean_display_top_bar":"default","ocean_display_header":"default","ocean_header_style":"","ocean_center_header_left_menu":"0","ocean_custom_header_template":"0","ocean_custom_logo":0,"ocean_custom_retina_logo":0,"ocean_custom_logo_max_width":0,"ocean_custom_logo_tablet_max_width":0,"ocean_custom_logo_mobile_max_width":0,"ocean_custom_logo_max_height":0,"ocean_custom_logo_tablet_max_height":0,"ocean_custom_logo_mobile_max_height":0,"ocean_header_custom_menu":"0","ocean_menu_typo_font_family":"0","ocean_menu_typo_font_subset":"","ocean_menu_typo_font_size":0,"ocean_menu_typo_font_size_tablet":0,"ocean_menu_typo_font_size_mobile":0,"ocean_menu_typo_font_size_unit":"px","ocean_menu_typo_font_weight":"","ocean_menu_typo_font_weight_tablet":"","ocean_menu_typo_font_weight_mobile":"","ocean_menu_typo_transform":"","ocean_menu_typo_transform_tablet":"","ocean_menu_typo_transform_mobile":"","ocean_menu_typo_line_height":0,"ocean_menu_typo_line_height_tablet":0,"ocean_menu_typo_line_height_mobile":0,"ocean_menu_typo_line_height_unit":"","ocean_menu_typo_spacing":0,"ocean_menu_typo_spacing_tablet":0,"ocean_menu_typo_spacing_mobile":0,"ocean_menu_typo_spacing_unit":"","ocean_menu_link_color":"","ocean_menu_link_color_hover":"","ocean_menu_link_color_active":"","ocean_menu_link_background":"","ocean_menu_link_hover_background":"","ocean_menu_link_active_background":"","ocean_menu_social_links_bg":"","ocean_menu_social_hover_links_bg":"","ocean_menu_social_links_color":"","ocean_menu_social_hover_links_color":"","ocean_disable_title":"default","ocean_disable_heading":"default","ocean_post_title":"","ocean_post_subheading":"","ocean_post_title_style":"","ocean_post_title_background_color":"","ocean_post_title_background":0,"ocean_post_title_bg_image_position":"","ocean_post_title_bg_image_attachment":"","ocean_post_title_bg_image_repeat":"","ocean_post_title_bg_image_size":"","ocean_post_title_height":0,"ocean_post_title_bg_overlay":0.5,"ocean_post_title_bg_overlay_color":"","ocean_disable_breadcrumbs":"default","ocean_breadcrumbs_color":"","ocean_breadcrumbs_separator_color":"","ocean_breadcrumbs_links_color":"","ocean_breadcrumbs_links_hover_color":"","ocean_display_footer_widgets":"default","ocean_display_footer_bottom":"default","ocean_custom_footer_template":"0"},"product_brand":[],"product_cat":[129,125,148],"product_tag":[],"class_list":{"0":"post-3936","1":"product","2":"type-product","3":"status-publish","4":"has-post-thumbnail","6":"product_cat-250-hp","7":"product_cat-yamaha","8":"product_cat-yamaha-250-hp","10":"entry","11":"has-media","13":"first","14":"instock","15":"sale","16":"shipping-taxable","17":"purchasable","18":"product-type-simple","19":"has-product-nav","20":"col","21":"span_1_of_4","22":"owp-content-center","23":"owp-thumbs-layout-horizontal","24":"owp-btn-normal","25":"owp-tabs-layout-horizontal","26":"has-no-thumbnails","28":"circle-sale"},"yoast_head":"<!-- This site is optimized with the Yoast SEO plugin v27.2 - https:\/\/yoast.com\/product\/yoast-seo-wordpress\/ -->\n<title>2019 Yamaha 250 HP F250XCA Outboard Motor<\/title>\n<meta name=\"description\" content=\"Get your product today! The 2019 Yamaha 250 HP F250XCA Outboard Motor will be the best choice for you. Happy shopping!\" \/>\n<meta name=\"robots\" content=\"index, follow, max-snippet:-1, max-image-preview:large, max-video-preview:-1\" \/>\n<link rel=\"canonical\" href=\"https:\/\/apexoutboards.com\/pt\/produto\/2019-yamaha-250-hp-f250xca-outboard-motor\/\" \/>\n<meta property=\"og:locale\" content=\"pt_BR\" \/>\n<meta property=\"og:type\" content=\"article\" \/>\n<meta property=\"og:title\" content=\"2019 Yamaha 250 HP F250XCA Outboard Motor\" \/>\n<meta property=\"og:description\" content=\"Get your product today! The 2019 Yamaha 250 HP F250XCA Outboard Motor will be the best choice for you. Happy shopping!\" \/>\n<meta property=\"og:url\" content=\"https:\/\/apexoutboards.com\/pt\/produto\/2019-yamaha-250-hp-f250xca-outboard-motor\/\" \/>\n<meta property=\"og:site_name\" content=\"Apex Outboards\" \/>\n<meta property=\"article:modified_time\" content=\"2023-02-16T17:23:36+00:00\" \/>\n<meta property=\"og:image\" content=\"https:\/\/apexoutboards.com\/wp-content\/uploads\/2021\/12\/250-3-600x450_jpg.png\" \/>\n\t<meta property=\"og:image:width\" content=\"600\" \/>\n\t<meta property=\"og:image:height\" content=\"450\" \/>\n\t<meta property=\"og:image:type\" content=\"image\/png\" \/>\n<meta name=\"twitter:card\" content=\"summary_large_image\" \/>\n<meta name=\"twitter:label1\" content=\"Est. tempo de leitura\" \/>\n\t<meta name=\"twitter:data1\" content=\"5 minutos\" \/>\n<script type=\"application\/ld+json\" class=\"yoast-schema-graph\">{\"@context\":\"https:\/\/schema.org\",\"@graph\":[{\"@type\":\"WebPage\",\"@id\":\"https:\/\/apexoutboards.com\/product\/2019-yamaha-250-hp-f250xca-outboard-motor\/\",\"url\":\"https:\/\/apexoutboards.com\/product\/2019-yamaha-250-hp-f250xca-outboard-motor\/\",\"name\":\"2019 Yamaha 250 HP F250XCA Outboard Motor\",\"isPartOf\":{\"@id\":\"https:\/\/apexoutboards.com\/#website\"},\"primaryImageOfPage\":{\"@id\":\"https:\/\/apexoutboards.com\/product\/2019-yamaha-250-hp-f250xca-outboard-motor\/#primaryimage\"},\"image\":{\"@id\":\"https:\/\/apexoutboards.com\/product\/2019-yamaha-250-hp-f250xca-outboard-motor\/#primaryimage\"},\"thumbnailUrl\":\"https:\/\/apexoutboards.com\/wp-content\/uploads\/2021\/12\/250-3-600x450_jpg.png\",\"datePublished\":\"2021-12-18T18:07:13+00:00\",\"dateModified\":\"2023-02-16T17:23:36+00:00\",\"description\":\"Get your product today! The 2019 Yamaha 250 HP F250XCA Outboard Motor will be the best choice for you. Happy shopping!\",\"breadcrumb\":{\"@id\":\"https:\/\/apexoutboards.com\/product\/2019-yamaha-250-hp-f250xca-outboard-motor\/#breadcrumb\"},\"inLanguage\":\"pt-BR\",\"potentialAction\":[{\"@type\":\"ReadAction\",\"target\":[\"https:\/\/apexoutboards.com\/product\/2019-yamaha-250-hp-f250xca-outboard-motor\/\"]}]},{\"@type\":\"ImageObject\",\"inLanguage\":\"pt-BR\",\"@id\":\"https:\/\/apexoutboards.com\/product\/2019-yamaha-250-hp-f250xca-outboard-motor\/#primaryimage\",\"url\":\"https:\/\/apexoutboards.com\/wp-content\/uploads\/2021\/12\/250-3-600x450_jpg.png\",\"contentUrl\":\"https:\/\/apexoutboards.com\/wp-content\/uploads\/2021\/12\/250-3-600x450_jpg.png\",\"width\":600,\"height\":450},{\"@type\":\"BreadcrumbList\",\"@id\":\"https:\/\/apexoutboards.com\/product\/2019-yamaha-250-hp-f250xca-outboard-motor\/#breadcrumb\",\"itemListElement\":[{\"@type\":\"ListItem\",\"position\":1,\"name\":\"Home\",\"item\":\"https:\/\/apexoutboards.com\/\"},{\"@type\":\"ListItem\",\"position\":2,\"name\":\"Shop\",\"item\":\"https:\/\/apexoutboards.com\/shop\/\"},{\"@type\":\"ListItem\",\"position\":3,\"name\":\"2019 Yamaha 250 HP F250XCA Outboard Motor\"}]},{\"@type\":\"WebSite\",\"@id\":\"https:\/\/apexoutboards.com\/#website\",\"url\":\"https:\/\/apexoutboards.com\/\",\"name\":\"Apex Outboards\",\"description\":\"apexoutboards.com\",\"publisher\":{\"@id\":\"https:\/\/apexoutboards.com\/#organization\"},\"potentialAction\":[{\"@type\":\"SearchAction\",\"target\":{\"@type\":\"EntryPoint\",\"urlTemplate\":\"https:\/\/apexoutboards.com\/?s={search_term_string}\"},\"query-input\":{\"@type\":\"PropertyValueSpecification\",\"valueRequired\":true,\"valueName\":\"search_term_string\"}}],\"inLanguage\":\"pt-BR\"},{\"@type\":\"Organization\",\"@id\":\"https:\/\/apexoutboards.com\/#organization\",\"name\":\"Apex Outboards\",\"url\":\"https:\/\/apexoutboards.com\/\",\"logo\":{\"@type\":\"ImageObject\",\"inLanguage\":\"pt-BR\",\"@id\":\"https:\/\/apexoutboards.com\/#\/schema\/logo\/image\/\",\"url\":\"https:\/\/apexoutboards.com\/wp-content\/uploads\/2021\/12\/Screenshot_7.png\",\"contentUrl\":\"https:\/\/apexoutboards.com\/wp-content\/uploads\/2021\/12\/Screenshot_7.png\",\"width\":222,\"height\":103,\"caption\":\"Apex Outboards\"},\"image\":{\"@id\":\"https:\/\/apexoutboards.com\/#\/schema\/logo\/image\/\"}}]}<\/script>\n<!-- \/ Yoast SEO plugin. -->","yoast_head_json":{"title":"2019 Motor Externo Yamaha F250XCA de 250 HP","description":"Get your product today! The 2019 Yamaha 250 HP F250XCA Outboard Motor will be the best choice for you. Happy shopping!","robots":{"index":"index","follow":"follow","max-snippet":"max-snippet:-1","max-image-preview":"max-image-preview:large","max-video-preview":"max-video-preview:-1"},"canonical":"https:\/\/apexoutboards.com\/pt\/produto\/2019-yamaha-250-hp-f250xca-outboard-motor\/","og_locale":"pt_BR","og_type":"article","og_title":"2019 Yamaha 250 HP F250XCA Outboard Motor","og_description":"Get your product today! The 2019 Yamaha 250 HP F250XCA Outboard Motor will be the best choice for you. Happy shopping!","og_url":"https:\/\/apexoutboards.com\/pt\/produto\/2019-yamaha-250-hp-f250xca-outboard-motor\/","og_site_name":"Apex Outboards","article_modified_time":"2023-02-16T17:23:36+00:00","og_image":[{"width":600,"height":450,"url":"https:\/\/apexoutboards.com\/wp-content\/uploads\/2021\/12\/250-3-600x450_jpg.png","type":"image\/png"}],"twitter_card":"summary_large_image","twitter_misc":{"Est. tempo de leitura":"5 minutos"},"schema":{"@context":"https:\/\/schema.org","@graph":[{"@type":"WebPage","@id":"https:\/\/apexoutboards.com\/product\/2019-yamaha-250-hp-f250xca-outboard-motor\/","url":"https:\/\/apexoutboards.com\/product\/2019-yamaha-250-hp-f250xca-outboard-motor\/","name":"2019 Motor Externo Yamaha F250XCA de 250 HP","isPartOf":{"@id":"https:\/\/apexoutboards.com\/#website"},"primaryImageOfPage":{"@id":"https:\/\/apexoutboards.com\/product\/2019-yamaha-250-hp-f250xca-outboard-motor\/#primaryimage"},"image":{"@id":"https:\/\/apexoutboards.com\/product\/2019-yamaha-250-hp-f250xca-outboard-motor\/#primaryimage"},"thumbnailUrl":"https:\/\/apexoutboards.com\/wp-content\/uploads\/2021\/12\/250-3-600x450_jpg.png","datePublished":"2021-12-18T18:07:13+00:00","dateModified":"2023-02-16T17:23:36+00:00","description":"Get your product today! The 2019 Yamaha 250 HP F250XCA Outboard Motor will be the best choice for you. Happy shopping!","breadcrumb":{"@id":"https:\/\/apexoutboards.com\/product\/2019-yamaha-250-hp-f250xca-outboard-motor\/#breadcrumb"},"inLanguage":"pt-BR","potentialAction":[{"@type":"ReadAction","target":["https:\/\/apexoutboards.com\/product\/2019-yamaha-250-hp-f250xca-outboard-motor\/"]}]},{"@type":"ImageObject","inLanguage":"pt-BR","@id":"https:\/\/apexoutboards.com\/product\/2019-yamaha-250-hp-f250xca-outboard-motor\/#primaryimage","url":"https:\/\/apexoutboards.com\/wp-content\/uploads\/2021\/12\/250-3-600x450_jpg.png","contentUrl":"https:\/\/apexoutboards.com\/wp-content\/uploads\/2021\/12\/250-3-600x450_jpg.png","width":600,"height":450},{"@type":"BreadcrumbList","@id":"https:\/\/apexoutboards.com\/product\/2019-yamaha-250-hp-f250xca-outboard-motor\/#breadcrumb","itemListElement":[{"@type":"ListItem","position":1,"name":"Home","item":"https:\/\/apexoutboards.com\/"},{"@type":"ListItem","position":2,"name":"Shop","item":"https:\/\/apexoutboards.com\/shop\/"},{"@type":"ListItem","position":3,"name":"2019 Yamaha 250 HP F250XCA Outboard Motor"}]},{"@type":"WebSite","@id":"https:\/\/apexoutboards.com\/#website","url":"https:\/\/apexoutboards.com\/","name":"Outboards de Primeira Classe","description":"primeira classe outboard.com","publisher":{"@id":"https:\/\/apexoutboards.com\/#organization"},"potentialAction":[{"@type":"SearchAction","target":{"@type":"EntryPoint","urlTemplate":"https:\/\/apexoutboards.com\/?s={search_term_string}"},"query-input":{"@type":"PropertyValueSpecification","valueRequired":true,"valueName":"search_term_string"}}],"inLanguage":"pt-BR"},{"@type":"Organization","@id":"https:\/\/apexoutboards.com\/#organization","name":"Outboards de Primeira Classe","url":"https:\/\/apexoutboards.com\/","logo":{"@type":"ImageObject","inLanguage":"pt-BR","@id":"https:\/\/apexoutboards.com\/#\/schema\/logo\/image\/","url":"https:\/\/apexoutboards.com\/wp-content\/uploads\/2021\/12\/Screenshot_7.png","contentUrl":"https:\/\/apexoutboards.com\/wp-content\/uploads\/2021\/12\/Screenshot_7.png","width":222,"height":103,"caption":"Apex Outboards"},"image":{"@id":"https:\/\/apexoutboards.com\/#\/schema\/logo\/image\/"}}]}},"jetpack_sharing_enabled":true,"_links":{"self":[{"href":"https:\/\/apexoutboards.com\/pt\/wp-json\/wp\/v2\/product\/3936","targetHints":{"allow":["GET"]}}],"collection":[{"href":"https:\/\/apexoutboards.com\/pt\/wp-json\/wp\/v2\/product"}],"about":[{"href":"https:\/\/apexoutboards.com\/pt\/wp-json\/wp\/v2\/types\/product"}],"replies":[{"embeddable":true,"href":"https:\/\/apexoutboards.com\/pt\/wp-json\/wp\/v2\/comments?post=3936"}],"version-history":[{"count":0,"href":"https:\/\/apexoutboards.com\/pt\/wp-json\/wp\/v2\/product\/3936\/revisions"}],"wp:featuredmedia":[{"embeddable":true,"href":"https:\/\/apexoutboards.com\/pt\/wp-json\/wp\/v2\/media\/3932"}],"wp:attachment":[{"href":"https:\/\/apexoutboards.com\/pt\/wp-json\/wp\/v2\/media?parent=3936"}],"wp:term":[{"taxonomy":"product_brand","embeddable":true,"href":"https:\/\/apexoutboards.com\/pt\/wp-json\/wp\/v2\/product_brand?post=3936"},{"taxonomy":"product_cat","embeddable":true,"href":"https:\/\/apexoutboards.com\/pt\/wp-json\/wp\/v2\/product_cat?post=3936"},{"taxonomy":"product_tag","embeddable":true,"href":"https:\/\/apexoutboards.com\/pt\/wp-json\/wp\/v2\/product_tag?post=3936"}],"curies":[{"name":"wp","href":"https:\/\/api.w.org\/{rel}","templated":true}]}}