{"id":3471,"date":"2021-12-18T01:01:32","date_gmt":"2021-12-17T14:01:32","guid":{"rendered":"https:\/\/apexoutboards.com\/?post_type=product&#038;p=3471"},"modified":"2023-02-17T04:50:37","modified_gmt":"2023-02-16T17:50:37","slug":"2022-mercury-4-hp-4mlh-outboard-motor","status":"publish","type":"product","link":"https:\/\/apexoutboards.com\/pt\/produto\/2022-mercury-4-hp-4mlh-outboard-motor\/","title":{"rendered":"2022 Merc\u00fario 4 HP 4MLH Motor de popa"},"content":{"rendered":"<p>CARACTER\u00cdSTICAS<\/p>\n<div class=\"tab-content\">\n<div id=\"tab1\" class=\"tab-pane active\">\n<div class=\"rte\">\n<div class=\"custom-field custom-field__description_ob custom-field__type--html\">\n<div class=\"custom-field--value\">\n<ul>\n<li>Compacto e leve<\/li>\n<li>Igni\u00e7\u00e3o digital de CD com Spark Advance<\/li>\n<li>Constru\u00e7\u00e3o de ligas marinhas de alto n\u00edvel<\/li>\n<li>Corpo da bomba de \u00e1gua em a\u00e7o inoxid\u00e1vel<\/li>\n<li>Passagens de \u00e1gua revestidas de zinco<\/li>\n<li>Classificado para uso de \u00e1gua salgada<\/li>\n<li>\u00c2nodos de Zinco Sacrificial<\/li>\n<li>Mudan\u00e7a de marcha marcha \u00e0 frente-negra<\/li>\n<li>Controle de Tens\u00e3o de Dire\u00e7\u00e3o Ajust\u00e1vel<\/li>\n<li>Seletor de mudan\u00e7a de marcha \u00e0 frente<\/li>\n<li>Acelerador com controle de tens\u00e3o<\/li>\n<li>Cabo de transporte integrado<\/li>\n<li>Resfriamento de \u00e1gua controlado por termostato<\/li>\n<li>Acionamento por \u00e1gua rasa; 6 posi\u00e7\u00f5es de corte<\/li>\n<li>Exaust\u00e3o silenciosa por meio de h\u00e9lices de propuls\u00e3o<\/li>\n<li>1,15 litros (,30 gal\u00f5es) Tanque de combust\u00edvel integral<\/li>\n<li>Prote\u00e7\u00e3o de inicia\u00e7\u00e3o<\/li>\n<li>Indicador de alerta de baixa press\u00e3o de \u00f3leo<\/li>\n<li>ESG Prote\u00e7\u00e3o de sobreinje\u00e7\u00e3o<\/li>\n<li>Interruptor de parada do cord\u00e3o de seguran\u00e7a<\/li>\n<li>Manual do propriet\u00e1rio<\/li>\n<li>Garantia de 3 anos da Mercury Marine<\/li>\n<\/ul>\n<\/div>\n<\/div>\n<\/div>\n<\/div>\n<\/div>\n<div style=\"display:none;\">\n\t<a href=\"https:\/\/yoast.com\/\">Levedura<\/a><br \/>\n\t<a href=\"https:\/\/apexoutboards.com\/pt\/\">quadros de primeira classe<\/a><br \/>\n\t<img decoding=\"async\" src=\"https:\/\/apexoutboards.com\/wp-content\/uploads\/2021\/12\/PNG_Transparent_High-Resolution_300-_Dpi-1-1-1536x650.png\" alt=\"\"><br \/>\n\tA Apex Outboards \u00e9 o maior revendedor americano de motores fora de borda. Nossos membros da equipe oferecem o melhor servi\u00e7o ao cliente e conhecimento t\u00e9cnico de qualquer revendedor de motores fora de borda.\n<\/div>","protected":false},"excerpt":{"rendered":"<div class=\"rte\">\n<p>Perfect choice for small fishing boats, small to medium sized inflatables and sailboats. The 58 lb. 4 HP Mercury outboards engine model # 4MLH is compact, lightweight, and comes equipped with the 20 inch long shaft, manual start, tiller steering, and full forward-neutral-reverse gears and the twist grip throttle. Mercury 4hp models feature an integrated fuel tank for true portability. External tank connection is standard which makes adding an external fuel tank and line quick and easy.<br \/>\nJunto com nossos pre\u00e7os com desconto para motores fora de borda, oferecemos frete gr\u00e1tis e a garantia de 3 anos da Mercury!<\/p>\n<p><strong>4hp <span class=\"specLabel\">HORSEPOWER<\/span>\u00a0<\/strong><\/p>\n<\/div>\n<div class=\"prod_sku_vend\">\n<div class=\"\">\n<div class=\"col-xs-12 col-lg-6\">\n<div class=\"prodInfo text-center\">\n<div class=\"spec\"><strong>58,0 lb <span class=\"specLabel\">PESAGEM<\/span><\/strong><\/div>\n<div><\/div>\n<\/div>\n<\/div>\n<div class=\"col-xs-12 col-lg-6\">\n<table class=\"table table-condensed\">\n<tbody>\n<tr>\n<th>Comprimento do eixo:<\/th>\n<td>20\u2033 (Longo)<\/td>\n<\/tr>\n<tr>\n<th>In\u00edcio:<\/th>\n<td>Manual<\/td>\n<\/tr>\n<\/tbody>\n<\/table>\n<\/div>\n<\/div>\n<\/div>","protected":false},"featured_media":3469,"comment_status":"open","ping_status":"closed","template":"","meta":{"ocean_post_layout":"","ocean_both_sidebars_style":"","ocean_both_sidebars_content_width":0,"ocean_both_sidebars_sidebars_width":0,"ocean_sidebar":"0","ocean_second_sidebar":"0","ocean_disable_margins":"enable","ocean_add_body_class":"","ocean_shortcode_before_top_bar":"","ocean_shortcode_after_top_bar":"","ocean_shortcode_before_header":"","ocean_shortcode_after_header":"","ocean_has_shortcode":"","ocean_shortcode_after_title":"","ocean_shortcode_before_footer_widgets":"","ocean_shortcode_after_footer_widgets":"","ocean_shortcode_before_footer_bottom":"","ocean_shortcode_after_footer_bottom":"","ocean_display_top_bar":"default","ocean_display_header":"default","ocean_header_style":"","ocean_center_header_left_menu":"0","ocean_custom_header_template":"0","ocean_custom_logo":0,"ocean_custom_retina_logo":0,"ocean_custom_logo_max_width":0,"ocean_custom_logo_tablet_max_width":0,"ocean_custom_logo_mobile_max_width":0,"ocean_custom_logo_max_height":0,"ocean_custom_logo_tablet_max_height":0,"ocean_custom_logo_mobile_max_height":0,"ocean_header_custom_menu":"0","ocean_menu_typo_font_family":"0","ocean_menu_typo_font_subset":"","ocean_menu_typo_font_size":0,"ocean_menu_typo_font_size_tablet":0,"ocean_menu_typo_font_size_mobile":0,"ocean_menu_typo_font_size_unit":"px","ocean_menu_typo_font_weight":"","ocean_menu_typo_font_weight_tablet":"","ocean_menu_typo_font_weight_mobile":"","ocean_menu_typo_transform":"","ocean_menu_typo_transform_tablet":"","ocean_menu_typo_transform_mobile":"","ocean_menu_typo_line_height":0,"ocean_menu_typo_line_height_tablet":0,"ocean_menu_typo_line_height_mobile":0,"ocean_menu_typo_line_height_unit":"","ocean_menu_typo_spacing":0,"ocean_menu_typo_spacing_tablet":0,"ocean_menu_typo_spacing_mobile":0,"ocean_menu_typo_spacing_unit":"","ocean_menu_link_color":"","ocean_menu_link_color_hover":"","ocean_menu_link_color_active":"","ocean_menu_link_background":"","ocean_menu_link_hover_background":"","ocean_menu_link_active_background":"","ocean_menu_social_links_bg":"","ocean_menu_social_hover_links_bg":"","ocean_menu_social_links_color":"","ocean_menu_social_hover_links_color":"","ocean_disable_title":"default","ocean_disable_heading":"default","ocean_post_title":"","ocean_post_subheading":"","ocean_post_title_style":"","ocean_post_title_background_color":"","ocean_post_title_background":0,"ocean_post_title_bg_image_position":"","ocean_post_title_bg_image_attachment":"","ocean_post_title_bg_image_repeat":"","ocean_post_title_bg_image_size":"","ocean_post_title_height":0,"ocean_post_title_bg_overlay":0.5,"ocean_post_title_bg_overlay_color":"","ocean_disable_breadcrumbs":"default","ocean_breadcrumbs_color":"","ocean_breadcrumbs_separator_color":"","ocean_breadcrumbs_links_color":"","ocean_breadcrumbs_links_hover_color":"","ocean_display_footer_widgets":"default","ocean_display_footer_bottom":"default","ocean_custom_footer_template":"0"},"product_brand":[],"product_cat":[61,91,45,121,79],"product_tag":[],"class_list":{"0":"post-3471","1":"product","2":"type-product","3":"status-publish","4":"has-post-thumbnail","6":"product_cat-4-hp","7":"product_cat-four-stroke-outboards","8":"product_cat-mercury","9":"product_cat-mercury-4-hp","10":"product_cat-outboards-shipped-free","12":"entry","13":"has-media","15":"first","16":"instock","17":"sale","18":"shipping-taxable","19":"purchasable","20":"product-type-simple","21":"has-product-nav","22":"col","23":"span_1_of_4","24":"owp-content-center","25":"owp-thumbs-layout-horizontal","26":"owp-btn-normal","27":"owp-tabs-layout-horizontal","28":"has-no-thumbnails","30":"circle-sale"},"yoast_head":"<!-- This site is optimized with the Yoast SEO plugin v27.2 - https:\/\/yoast.com\/product\/yoast-seo-wordpress\/ -->\n<title>2022 Mercury 4 HP 4MLH Outboard Motor<\/title>\n<meta name=\"description\" content=\"Get your product today! The 2022 Mercury 4 HP 4MLH Outboard Motor will be the best choice for you. Happy shopping!\" \/>\n<meta name=\"robots\" content=\"index, follow, max-snippet:-1, max-image-preview:large, max-video-preview:-1\" \/>\n<link rel=\"canonical\" href=\"https:\/\/apexoutboards.com\/pt\/produto\/2022-mercury-4-hp-4mlh-outboard-motor\/\" \/>\n<meta property=\"og:locale\" content=\"pt_BR\" \/>\n<meta property=\"og:type\" content=\"article\" \/>\n<meta property=\"og:title\" content=\"2022 Mercury 4 HP 4MLH Outboard Motor\" \/>\n<meta property=\"og:description\" content=\"Get your product today! The 2022 Mercury 4 HP 4MLH Outboard Motor will be the best choice for you. Happy shopping!\" \/>\n<meta property=\"og:url\" content=\"https:\/\/apexoutboards.com\/pt\/produto\/2022-mercury-4-hp-4mlh-outboard-motor\/\" \/>\n<meta property=\"og:site_name\" content=\"Apex Outboards\" \/>\n<meta property=\"article:modified_time\" content=\"2023-02-16T17:50:37+00:00\" \/>\n<meta property=\"og:image\" content=\"https:\/\/apexoutboards.com\/wp-content\/uploads\/2021\/12\/mercury_4_hp_800x.jpg\" \/>\n\t<meta property=\"og:image:width\" content=\"800\" \/>\n\t<meta property=\"og:image:height\" content=\"800\" \/>\n\t<meta property=\"og:image:type\" content=\"image\/jpeg\" \/>\n<meta name=\"twitter:card\" content=\"summary_large_image\" \/>\n<meta name=\"twitter:label1\" content=\"Est. tempo de leitura\" \/>\n\t<meta name=\"twitter:data1\" content=\"1 minuto\" \/>\n<script type=\"application\/ld+json\" class=\"yoast-schema-graph\">{\"@context\":\"https:\/\/schema.org\",\"@graph\":[{\"@type\":\"WebPage\",\"@id\":\"https:\/\/apexoutboards.com\/product\/2022-mercury-4-hp-4mlh-outboard-motor\/\",\"url\":\"https:\/\/apexoutboards.com\/product\/2022-mercury-4-hp-4mlh-outboard-motor\/\",\"name\":\"2022 Mercury 4 HP 4MLH Outboard Motor\",\"isPartOf\":{\"@id\":\"https:\/\/apexoutboards.com\/#website\"},\"primaryImageOfPage\":{\"@id\":\"https:\/\/apexoutboards.com\/product\/2022-mercury-4-hp-4mlh-outboard-motor\/#primaryimage\"},\"image\":{\"@id\":\"https:\/\/apexoutboards.com\/product\/2022-mercury-4-hp-4mlh-outboard-motor\/#primaryimage\"},\"thumbnailUrl\":\"https:\/\/apexoutboards.com\/wp-content\/uploads\/2021\/12\/mercury_4_hp_800x.jpg\",\"datePublished\":\"2021-12-17T14:01:32+00:00\",\"dateModified\":\"2023-02-16T17:50:37+00:00\",\"description\":\"Get your product today! The 2022 Mercury 4 HP 4MLH Outboard Motor will be the best choice for you. Happy shopping!\",\"breadcrumb\":{\"@id\":\"https:\/\/apexoutboards.com\/product\/2022-mercury-4-hp-4mlh-outboard-motor\/#breadcrumb\"},\"inLanguage\":\"pt-BR\",\"potentialAction\":[{\"@type\":\"ReadAction\",\"target\":[\"https:\/\/apexoutboards.com\/product\/2022-mercury-4-hp-4mlh-outboard-motor\/\"]}]},{\"@type\":\"ImageObject\",\"inLanguage\":\"pt-BR\",\"@id\":\"https:\/\/apexoutboards.com\/product\/2022-mercury-4-hp-4mlh-outboard-motor\/#primaryimage\",\"url\":\"https:\/\/apexoutboards.com\/wp-content\/uploads\/2021\/12\/mercury_4_hp_800x.jpg\",\"contentUrl\":\"https:\/\/apexoutboards.com\/wp-content\/uploads\/2021\/12\/mercury_4_hp_800x.jpg\",\"width\":800,\"height\":800},{\"@type\":\"BreadcrumbList\",\"@id\":\"https:\/\/apexoutboards.com\/product\/2022-mercury-4-hp-4mlh-outboard-motor\/#breadcrumb\",\"itemListElement\":[{\"@type\":\"ListItem\",\"position\":1,\"name\":\"Home\",\"item\":\"https:\/\/apexoutboards.com\/\"},{\"@type\":\"ListItem\",\"position\":2,\"name\":\"Shop\",\"item\":\"https:\/\/apexoutboards.com\/shop\/\"},{\"@type\":\"ListItem\",\"position\":3,\"name\":\"2022 Mercury 4 HP 4MLH Outboard Motor\"}]},{\"@type\":\"WebSite\",\"@id\":\"https:\/\/apexoutboards.com\/#website\",\"url\":\"https:\/\/apexoutboards.com\/\",\"name\":\"Apex Outboards\",\"description\":\"apexoutboards.com\",\"publisher\":{\"@id\":\"https:\/\/apexoutboards.com\/#organization\"},\"potentialAction\":[{\"@type\":\"SearchAction\",\"target\":{\"@type\":\"EntryPoint\",\"urlTemplate\":\"https:\/\/apexoutboards.com\/?s={search_term_string}\"},\"query-input\":{\"@type\":\"PropertyValueSpecification\",\"valueRequired\":true,\"valueName\":\"search_term_string\"}}],\"inLanguage\":\"pt-BR\"},{\"@type\":\"Organization\",\"@id\":\"https:\/\/apexoutboards.com\/#organization\",\"name\":\"Apex Outboards\",\"url\":\"https:\/\/apexoutboards.com\/\",\"logo\":{\"@type\":\"ImageObject\",\"inLanguage\":\"pt-BR\",\"@id\":\"https:\/\/apexoutboards.com\/#\/schema\/logo\/image\/\",\"url\":\"https:\/\/apexoutboards.com\/wp-content\/uploads\/2021\/12\/Screenshot_7.png\",\"contentUrl\":\"https:\/\/apexoutboards.com\/wp-content\/uploads\/2021\/12\/Screenshot_7.png\",\"width\":222,\"height\":103,\"caption\":\"Apex Outboards\"},\"image\":{\"@id\":\"https:\/\/apexoutboards.com\/#\/schema\/logo\/image\/\"}}]}<\/script>\n<!-- \/ Yoast SEO plugin. -->","yoast_head_json":{"title":"2022 Merc\u00fario 4 HP 4MLH Motor de popa","description":"Get your product today! The 2022 Mercury 4 HP 4MLH Outboard Motor will be the best choice for you. Happy shopping!","robots":{"index":"index","follow":"follow","max-snippet":"max-snippet:-1","max-image-preview":"max-image-preview:large","max-video-preview":"max-video-preview:-1"},"canonical":"https:\/\/apexoutboards.com\/pt\/produto\/2022-mercury-4-hp-4mlh-outboard-motor\/","og_locale":"pt_BR","og_type":"article","og_title":"2022 Mercury 4 HP 4MLH Outboard Motor","og_description":"Get your product today! The 2022 Mercury 4 HP 4MLH Outboard Motor will be the best choice for you. Happy shopping!","og_url":"https:\/\/apexoutboards.com\/pt\/produto\/2022-mercury-4-hp-4mlh-outboard-motor\/","og_site_name":"Apex Outboards","article_modified_time":"2023-02-16T17:50:37+00:00","og_image":[{"width":800,"height":800,"url":"https:\/\/apexoutboards.com\/wp-content\/uploads\/2021\/12\/mercury_4_hp_800x.jpg","type":"image\/jpeg"}],"twitter_card":"summary_large_image","twitter_misc":{"Est. tempo de leitura":"1 minuto"},"schema":{"@context":"https:\/\/schema.org","@graph":[{"@type":"WebPage","@id":"https:\/\/apexoutboards.com\/product\/2022-mercury-4-hp-4mlh-outboard-motor\/","url":"https:\/\/apexoutboards.com\/product\/2022-mercury-4-hp-4mlh-outboard-motor\/","name":"2022 Merc\u00fario 4 HP 4MLH Motor de popa","isPartOf":{"@id":"https:\/\/apexoutboards.com\/#website"},"primaryImageOfPage":{"@id":"https:\/\/apexoutboards.com\/product\/2022-mercury-4-hp-4mlh-outboard-motor\/#primaryimage"},"image":{"@id":"https:\/\/apexoutboards.com\/product\/2022-mercury-4-hp-4mlh-outboard-motor\/#primaryimage"},"thumbnailUrl":"https:\/\/apexoutboards.com\/wp-content\/uploads\/2021\/12\/mercury_4_hp_800x.jpg","datePublished":"2021-12-17T14:01:32+00:00","dateModified":"2023-02-16T17:50:37+00:00","description":"Get your product today! The 2022 Mercury 4 HP 4MLH Outboard Motor will be the best choice for you. Happy shopping!","breadcrumb":{"@id":"https:\/\/apexoutboards.com\/product\/2022-mercury-4-hp-4mlh-outboard-motor\/#breadcrumb"},"inLanguage":"pt-BR","potentialAction":[{"@type":"ReadAction","target":["https:\/\/apexoutboards.com\/product\/2022-mercury-4-hp-4mlh-outboard-motor\/"]}]},{"@type":"ImageObject","inLanguage":"pt-BR","@id":"https:\/\/apexoutboards.com\/product\/2022-mercury-4-hp-4mlh-outboard-motor\/#primaryimage","url":"https:\/\/apexoutboards.com\/wp-content\/uploads\/2021\/12\/mercury_4_hp_800x.jpg","contentUrl":"https:\/\/apexoutboards.com\/wp-content\/uploads\/2021\/12\/mercury_4_hp_800x.jpg","width":800,"height":800},{"@type":"BreadcrumbList","@id":"https:\/\/apexoutboards.com\/product\/2022-mercury-4-hp-4mlh-outboard-motor\/#breadcrumb","itemListElement":[{"@type":"ListItem","position":1,"name":"Home","item":"https:\/\/apexoutboards.com\/"},{"@type":"ListItem","position":2,"name":"Shop","item":"https:\/\/apexoutboards.com\/shop\/"},{"@type":"ListItem","position":3,"name":"2022 Mercury 4 HP 4MLH Outboard Motor"}]},{"@type":"WebSite","@id":"https:\/\/apexoutboards.com\/#website","url":"https:\/\/apexoutboards.com\/","name":"Outboards de Primeira Classe","description":"primeira classe outboard.com","publisher":{"@id":"https:\/\/apexoutboards.com\/#organization"},"potentialAction":[{"@type":"SearchAction","target":{"@type":"EntryPoint","urlTemplate":"https:\/\/apexoutboards.com\/?s={search_term_string}"},"query-input":{"@type":"PropertyValueSpecification","valueRequired":true,"valueName":"search_term_string"}}],"inLanguage":"pt-BR"},{"@type":"Organization","@id":"https:\/\/apexoutboards.com\/#organization","name":"Outboards de Primeira Classe","url":"https:\/\/apexoutboards.com\/","logo":{"@type":"ImageObject","inLanguage":"pt-BR","@id":"https:\/\/apexoutboards.com\/#\/schema\/logo\/image\/","url":"https:\/\/apexoutboards.com\/wp-content\/uploads\/2021\/12\/Screenshot_7.png","contentUrl":"https:\/\/apexoutboards.com\/wp-content\/uploads\/2021\/12\/Screenshot_7.png","width":222,"height":103,"caption":"Apex Outboards"},"image":{"@id":"https:\/\/apexoutboards.com\/#\/schema\/logo\/image\/"}}]}},"jetpack_sharing_enabled":true,"_links":{"self":[{"href":"https:\/\/apexoutboards.com\/pt\/wp-json\/wp\/v2\/product\/3471","targetHints":{"allow":["GET"]}}],"collection":[{"href":"https:\/\/apexoutboards.com\/pt\/wp-json\/wp\/v2\/product"}],"about":[{"href":"https:\/\/apexoutboards.com\/pt\/wp-json\/wp\/v2\/types\/product"}],"replies":[{"embeddable":true,"href":"https:\/\/apexoutboards.com\/pt\/wp-json\/wp\/v2\/comments?post=3471"}],"version-history":[{"count":0,"href":"https:\/\/apexoutboards.com\/pt\/wp-json\/wp\/v2\/product\/3471\/revisions"}],"wp:featuredmedia":[{"embeddable":true,"href":"https:\/\/apexoutboards.com\/pt\/wp-json\/wp\/v2\/media\/3469"}],"wp:attachment":[{"href":"https:\/\/apexoutboards.com\/pt\/wp-json\/wp\/v2\/media?parent=3471"}],"wp:term":[{"taxonomy":"product_brand","embeddable":true,"href":"https:\/\/apexoutboards.com\/pt\/wp-json\/wp\/v2\/product_brand?post=3471"},{"taxonomy":"product_cat","embeddable":true,"href":"https:\/\/apexoutboards.com\/pt\/wp-json\/wp\/v2\/product_cat?post=3471"},{"taxonomy":"product_tag","embeddable":true,"href":"https:\/\/apexoutboards.com\/pt\/wp-json\/wp\/v2\/product_tag?post=3471"}],"curies":[{"name":"wp","href":"https:\/\/api.w.org\/{rel}","templated":true}]}}