{"id":3400,"date":"2021-12-17T18:41:01","date_gmt":"2021-12-17T07:41:01","guid":{"rendered":"https:\/\/apexoutboards.com\/?post_type=product&#038;p=3400"},"modified":"2023-02-17T04:50:46","modified_gmt":"2023-02-16T17:50:46","slug":"2022-tohatsu-5-hp-mfs5dlpgsproul-sail-pro-propane-outboard-motor-2","status":"publish","type":"product","link":"https:\/\/apexoutboards.com\/pt\/produto\/2022-tohatsu-5-hp-mfs5dlpgsproul-sail-pro-propane-outboard-motor-2\/","title":{"rendered":"2022 Tohatsu 5 HP MFS5DLPGSPROUL-SAIL PRO Motor de popa Propano"},"content":{"rendered":"<p>CARACTER\u00cdSTICAS<\/p>\n<div class=\"tab-content\">\n<div id=\"tab1\" class=\"tab-pane active\">\n<div class=\"rte\">\n<div class=\"custom-field custom-field__description_ob custom-field__type--html\">\n<div class=\"custom-field--value\">\n<ul>\n<li>Novo modelo \"D\" redesenhado<\/li>\n<li>Igni\u00e7\u00e3o digital de CD para facilitar o arranque do motor, resposta mais r\u00e1pida do acelerador e trolling mais suave<\/li>\n<li>Uma bobina maior e uma v\u00e1lvula de libera\u00e7\u00e3o de compress\u00e3o tornam o in\u00edcio r\u00e1pido e f\u00e1cil<\/li>\n<li>Acionamento com \u00e1gua rasa e 6 posi\u00e7\u00f5es de acabamento<\/li>\n<li>Fric\u00e7\u00e3o ajust\u00e1vel da dire\u00e7\u00e3o para reduzir o esfor\u00e7o de dire\u00e7\u00e3o<\/li>\n<li>Kit opcional de trava de dire\u00e7\u00e3o dispon\u00edvel<\/li>\n<li>Exaust\u00e3o atrav\u00e9s da gota para um passeio mais silencioso<\/li>\n<li>H\u00e9lice de cubo de borracha de alum\u00ednio para uma opera\u00e7\u00e3o mais silenciosa, menos vibra\u00e7\u00e3o e melhor desempenho<\/li>\n<li>Sistema de resfriamento controlado termostaticamente para uma temperatura de motor consistente<\/li>\n<li>Revestimento da carca\u00e7a da bomba d'\u00e1gua em a\u00e7o inoxid\u00e1vel para uma durabilidade excepcional<\/li>\n<li>Liga de alum\u00ednio marinho de alta qualidade que oferece a m\u00e1xima prote\u00e7\u00e3o contra a corros\u00e3o<\/li>\n<\/ul>\n<\/div>\n<\/div>\n<\/div>\n<\/div>\n<\/div>\n<div style=\"display:none;\">\n\t<a href=\"https:\/\/yoast.com\/\">Levedura<\/a><br \/>\n\t<a href=\"https:\/\/apexoutboards.com\/pt\/\">quadros de primeira classe<\/a><br \/>\n\t<img decoding=\"async\" src=\"https:\/\/apexoutboards.com\/wp-content\/uploads\/2021\/12\/PNG_Transparent_High-Resolution_300-_Dpi-1-1-1536x650.png\" alt=\"\"><br \/>\n\tA Apex Outboards \u00e9 o maior revendedor americano de motores fora de borda. Nossos membros da equipe oferecem o melhor servi\u00e7o ao cliente e conhecimento t\u00e9cnico de qualquer revendedor de motores fora de borda.\n<\/div>","protected":false},"excerpt":{"rendered":"<div class=\"rte\">\n<p>Tohatsu&#8217;s 5 hp Liquefied Petroleum Gas (LPG) Sail Pro ultra-long shaft outboard is specifically designed for use on sailboats, and includes a high thrust prop and 12V alternator.\u00a0 With this powerful, innovative outboard, sailors no longer need to carry gasoline on board. The 5 hp LPG comes equipped with a fuel line that will connect to any standard propane tank and will run for 5 hours WOT on a single 11lb propane tank.\u00a0\u00a0Tohatsu&#8217;s high-performance, innovative LPG model offers easy starting, quieter operation and nearly no maintenance on fuel-related components. This fuel-efficient model will run for a full 5 hours WOT on a single 11lb propane tank.\u00a0\u00a0The new MFS5DLPGSPROUL-SAIL PRO also comes equipped with the newly designed top and bottom cowls based on Tohatsu Design Philosophy for Marine Products, 3-way storage positions without worrying about oil spill, ultra-low emission, EPA and CARB 3-Star rating approved, and the newly designed Tohatsu unique front and back carrying handles for easier transportation.<\/p>\n<p><strong>5hp <span class=\"specLabel\">HORSEPOWER<\/span><\/strong><\/p>\n<\/div>\n<div class=\"prod_sku_vend\">\n<div class=\"\">\n<div class=\"col-xs-12 col-lg-6\">\n<div class=\"prodInfo text-center\">\n<div class=\"spec\"><strong>65,0 lb <span class=\"specLabel\">PESAGEM<\/span><\/strong><\/div>\n<div><\/div>\n<\/div>\n<\/div>\n<div class=\"col-xs-12 col-lg-6\">\n<table class=\"table table-condensed\">\n<tbody>\n<tr>\n<th>Comprimento do eixo:<\/th>\n<td>25\u2033 (Extra Longo)<\/td>\n<\/tr>\n<tr>\n<th>In\u00edcio:<\/th>\n<td>Manual<\/td>\n<\/tr>\n<\/tbody>\n<\/table>\n<\/div>\n<\/div>\n<\/div>\n<p><img decoding=\"async\" class=\"alignnone wp-image-3253 size-thumbnail\" src=\"https:\/\/apexoutboards.com\/wp-content\/uploads\/2021\/12\/5year_warranty_logo-150x150.jpg\" alt=\"\" width=\"150\" height=\"150\" srcset=\"https:\/\/apexoutboards.com\/wp-content\/uploads\/2021\/12\/5year_warranty_logo-150x150.jpg 150w, https:\/\/apexoutboards.com\/wp-content\/uploads\/2021\/12\/5year_warranty_logo-100x100.jpg 100w, https:\/\/apexoutboards.com\/wp-content\/uploads\/2021\/12\/5year_warranty_logo-600x600.jpg 600w, https:\/\/apexoutboards.com\/wp-content\/uploads\/2021\/12\/5year_warranty_logo-300x300.jpg 300w, https:\/\/apexoutboards.com\/wp-content\/uploads\/2021\/12\/5year_warranty_logo.jpg 640w\" sizes=\"(max-width: 150px) 100vw, 150px\" \/><\/p>","protected":false},"featured_media":3395,"comment_status":"open","ping_status":"closed","template":"","meta":{"ocean_post_layout":"","ocean_both_sidebars_style":"","ocean_both_sidebars_content_width":0,"ocean_both_sidebars_sidebars_width":0,"ocean_sidebar":"0","ocean_second_sidebar":"0","ocean_disable_margins":"enable","ocean_add_body_class":"","ocean_shortcode_before_top_bar":"","ocean_shortcode_after_top_bar":"","ocean_shortcode_before_header":"","ocean_shortcode_after_header":"","ocean_has_shortcode":"","ocean_shortcode_after_title":"","ocean_shortcode_before_footer_widgets":"","ocean_shortcode_after_footer_widgets":"","ocean_shortcode_before_footer_bottom":"","ocean_shortcode_after_footer_bottom":"","ocean_display_top_bar":"default","ocean_display_header":"default","ocean_header_style":"","ocean_center_header_left_menu":"0","ocean_custom_header_template":"0","ocean_custom_logo":0,"ocean_custom_retina_logo":0,"ocean_custom_logo_max_width":0,"ocean_custom_logo_tablet_max_width":0,"ocean_custom_logo_mobile_max_width":0,"ocean_custom_logo_max_height":0,"ocean_custom_logo_tablet_max_height":0,"ocean_custom_logo_mobile_max_height":0,"ocean_header_custom_menu":"0","ocean_menu_typo_font_family":"0","ocean_menu_typo_font_subset":"","ocean_menu_typo_font_size":0,"ocean_menu_typo_font_size_tablet":0,"ocean_menu_typo_font_size_mobile":0,"ocean_menu_typo_font_size_unit":"px","ocean_menu_typo_font_weight":"","ocean_menu_typo_font_weight_tablet":"","ocean_menu_typo_font_weight_mobile":"","ocean_menu_typo_transform":"","ocean_menu_typo_transform_tablet":"","ocean_menu_typo_transform_mobile":"","ocean_menu_typo_line_height":0,"ocean_menu_typo_line_height_tablet":0,"ocean_menu_typo_line_height_mobile":0,"ocean_menu_typo_line_height_unit":"","ocean_menu_typo_spacing":0,"ocean_menu_typo_spacing_tablet":0,"ocean_menu_typo_spacing_mobile":0,"ocean_menu_typo_spacing_unit":"","ocean_menu_link_color":"","ocean_menu_link_color_hover":"","ocean_menu_link_color_active":"","ocean_menu_link_background":"","ocean_menu_link_hover_background":"","ocean_menu_link_active_background":"","ocean_menu_social_links_bg":"","ocean_menu_social_hover_links_bg":"","ocean_menu_social_links_color":"","ocean_menu_social_hover_links_color":"","ocean_disable_title":"default","ocean_disable_heading":"default","ocean_post_title":"","ocean_post_subheading":"","ocean_post_title_style":"","ocean_post_title_background_color":"","ocean_post_title_background":0,"ocean_post_title_bg_image_position":"","ocean_post_title_bg_image_attachment":"","ocean_post_title_bg_image_repeat":"","ocean_post_title_bg_image_size":"","ocean_post_title_height":0,"ocean_post_title_bg_overlay":0.5,"ocean_post_title_bg_overlay_color":"","ocean_disable_breadcrumbs":"default","ocean_breadcrumbs_color":"","ocean_breadcrumbs_separator_color":"","ocean_breadcrumbs_links_color":"","ocean_breadcrumbs_links_hover_color":"","ocean_display_footer_widgets":"default","ocean_display_footer_bottom":"default","ocean_custom_footer_template":"0"},"product_brand":[],"product_cat":[62,44,101],"product_tag":[],"class_list":{"0":"post-3400","1":"product","2":"type-product","3":"status-publish","4":"has-post-thumbnail","6":"product_cat-5-hp","7":"product_cat-tohatsu","8":"product_cat-tohatsu-propane-outboards","10":"entry","11":"has-media","13":"first","14":"instock","15":"sale","16":"shipping-taxable","17":"purchasable","18":"product-type-simple","19":"has-product-nav","20":"col","21":"span_1_of_4","22":"owp-content-center","23":"owp-thumbs-layout-horizontal","24":"owp-btn-normal","25":"owp-tabs-layout-horizontal","26":"has-no-thumbnails","28":"circle-sale"},"yoast_head":"<!-- This site is optimized with the Yoast SEO plugin v27.2 - https:\/\/yoast.com\/product\/yoast-seo-wordpress\/ -->\n<title>2022 5 HP MFS5DLPGSPROUL-SAIL PRO Propane Outboard Motor<\/title>\n<meta name=\"description\" content=\"Get your product today! The 2022 Tohatsu 5 HP MFS5DLPGSPROUL-SAIL PRO Propane Outboard Motor will be the best choice for you. Happy shopping!\" \/>\n<meta name=\"robots\" content=\"index, follow, max-snippet:-1, max-image-preview:large, max-video-preview:-1\" \/>\n<link rel=\"canonical\" href=\"https:\/\/apexoutboards.com\/pt\/produto\/2022-tohatsu-5-hp-mfs5dlpgsproul-sail-pro-propane-outboard-motor-2\/\" \/>\n<meta property=\"og:locale\" content=\"pt_BR\" \/>\n<meta property=\"og:type\" content=\"article\" \/>\n<meta property=\"og:title\" content=\"2022 5 HP MFS5DLPGSPROUL-SAIL PRO Propane Outboard Motor\" \/>\n<meta property=\"og:description\" content=\"Get your product today! The 2022 Tohatsu 5 HP MFS5DLPGSPROUL-SAIL PRO Propane Outboard Motor will be the best choice for you. Happy shopping!\" \/>\n<meta property=\"og:url\" content=\"https:\/\/apexoutboards.com\/pt\/produto\/2022-tohatsu-5-hp-mfs5dlpgsproul-sail-pro-propane-outboard-motor-2\/\" \/>\n<meta property=\"og:site_name\" content=\"Apex Outboards\" \/>\n<meta property=\"article:modified_time\" content=\"2023-02-16T17:50:46+00:00\" \/>\n<meta property=\"og:image\" content=\"https:\/\/apexoutboards.com\/wp-content\/uploads\/2021\/12\/MFS5_LPG_01_3star_800x.png\" \/>\n\t<meta property=\"og:image:width\" content=\"789\" \/>\n\t<meta property=\"og:image:height\" content=\"1191\" \/>\n\t<meta property=\"og:image:type\" content=\"image\/png\" \/>\n<meta name=\"twitter:card\" content=\"summary_large_image\" \/>\n<meta name=\"twitter:label1\" content=\"Est. tempo de leitura\" \/>\n\t<meta name=\"twitter:data1\" content=\"1 minuto\" \/>\n<script type=\"application\/ld+json\" class=\"yoast-schema-graph\">{\"@context\":\"https:\/\/schema.org\",\"@graph\":[{\"@type\":\"WebPage\",\"@id\":\"https:\/\/apexoutboards.com\/product\/2022-tohatsu-5-hp-mfs5dlpgsproul-sail-pro-propane-outboard-motor-2\/\",\"url\":\"https:\/\/apexoutboards.com\/product\/2022-tohatsu-5-hp-mfs5dlpgsproul-sail-pro-propane-outboard-motor-2\/\",\"name\":\"2022 5 HP MFS5DLPGSPROUL-SAIL PRO Propane Outboard Motor\",\"isPartOf\":{\"@id\":\"https:\/\/apexoutboards.com\/#website\"},\"primaryImageOfPage\":{\"@id\":\"https:\/\/apexoutboards.com\/product\/2022-tohatsu-5-hp-mfs5dlpgsproul-sail-pro-propane-outboard-motor-2\/#primaryimage\"},\"image\":{\"@id\":\"https:\/\/apexoutboards.com\/product\/2022-tohatsu-5-hp-mfs5dlpgsproul-sail-pro-propane-outboard-motor-2\/#primaryimage\"},\"thumbnailUrl\":\"https:\/\/apexoutboards.com\/wp-content\/uploads\/2021\/12\/MFS5_LPG_01_3star_800x.png\",\"datePublished\":\"2021-12-17T07:41:01+00:00\",\"dateModified\":\"2023-02-16T17:50:46+00:00\",\"description\":\"Get your product today! The 2022 Tohatsu 5 HP MFS5DLPGSPROUL-SAIL PRO Propane Outboard Motor will be the best choice for you. Happy shopping!\",\"breadcrumb\":{\"@id\":\"https:\/\/apexoutboards.com\/product\/2022-tohatsu-5-hp-mfs5dlpgsproul-sail-pro-propane-outboard-motor-2\/#breadcrumb\"},\"inLanguage\":\"pt-BR\",\"potentialAction\":[{\"@type\":\"ReadAction\",\"target\":[\"https:\/\/apexoutboards.com\/product\/2022-tohatsu-5-hp-mfs5dlpgsproul-sail-pro-propane-outboard-motor-2\/\"]}]},{\"@type\":\"ImageObject\",\"inLanguage\":\"pt-BR\",\"@id\":\"https:\/\/apexoutboards.com\/product\/2022-tohatsu-5-hp-mfs5dlpgsproul-sail-pro-propane-outboard-motor-2\/#primaryimage\",\"url\":\"https:\/\/apexoutboards.com\/wp-content\/uploads\/2021\/12\/MFS5_LPG_01_3star_800x.png\",\"contentUrl\":\"https:\/\/apexoutboards.com\/wp-content\/uploads\/2021\/12\/MFS5_LPG_01_3star_800x.png\",\"width\":789,\"height\":1191},{\"@type\":\"BreadcrumbList\",\"@id\":\"https:\/\/apexoutboards.com\/product\/2022-tohatsu-5-hp-mfs5dlpgsproul-sail-pro-propane-outboard-motor-2\/#breadcrumb\",\"itemListElement\":[{\"@type\":\"ListItem\",\"position\":1,\"name\":\"Home\",\"item\":\"https:\/\/apexoutboards.com\/\"},{\"@type\":\"ListItem\",\"position\":2,\"name\":\"Shop\",\"item\":\"https:\/\/apexoutboards.com\/shop\/\"},{\"@type\":\"ListItem\",\"position\":3,\"name\":\"2022 Tohatsu 5 HP MFS5DLPGSPROUL-SAIL PRO Propane Outboard Motor\"}]},{\"@type\":\"WebSite\",\"@id\":\"https:\/\/apexoutboards.com\/#website\",\"url\":\"https:\/\/apexoutboards.com\/\",\"name\":\"Apex Outboards\",\"description\":\"apexoutboards.com\",\"publisher\":{\"@id\":\"https:\/\/apexoutboards.com\/#organization\"},\"potentialAction\":[{\"@type\":\"SearchAction\",\"target\":{\"@type\":\"EntryPoint\",\"urlTemplate\":\"https:\/\/apexoutboards.com\/?s={search_term_string}\"},\"query-input\":{\"@type\":\"PropertyValueSpecification\",\"valueRequired\":true,\"valueName\":\"search_term_string\"}}],\"inLanguage\":\"pt-BR\"},{\"@type\":\"Organization\",\"@id\":\"https:\/\/apexoutboards.com\/#organization\",\"name\":\"Apex Outboards\",\"url\":\"https:\/\/apexoutboards.com\/\",\"logo\":{\"@type\":\"ImageObject\",\"inLanguage\":\"pt-BR\",\"@id\":\"https:\/\/apexoutboards.com\/#\/schema\/logo\/image\/\",\"url\":\"https:\/\/apexoutboards.com\/wp-content\/uploads\/2021\/12\/Screenshot_7.png\",\"contentUrl\":\"https:\/\/apexoutboards.com\/wp-content\/uploads\/2021\/12\/Screenshot_7.png\",\"width\":222,\"height\":103,\"caption\":\"Apex Outboards\"},\"image\":{\"@id\":\"https:\/\/apexoutboards.com\/#\/schema\/logo\/image\/\"}}]}<\/script>\n<!-- \/ Yoast SEO plugin. -->","yoast_head_json":{"title":"2022 5 HP MFS5DLPGSPROUL-SAIL PRO Motor de popa Propano","description":"Adquira seu produto hoje mesmo! O motor de popa Tohatsu 5 HP MFS5DLPGSPROUL-SAIL PRO Propane Outboard Motor 2022 ser\u00e1 a melhor escolha para voc\u00ea. Feliz compra!","robots":{"index":"index","follow":"follow","max-snippet":"max-snippet:-1","max-image-preview":"max-image-preview:large","max-video-preview":"max-video-preview:-1"},"canonical":"https:\/\/apexoutboards.com\/pt\/produto\/2022-tohatsu-5-hp-mfs5dlpgsproul-sail-pro-propane-outboard-motor-2\/","og_locale":"pt_BR","og_type":"article","og_title":"2022 5 HP MFS5DLPGSPROUL-SAIL PRO Propane Outboard Motor","og_description":"Get your product today! The 2022 Tohatsu 5 HP MFS5DLPGSPROUL-SAIL PRO Propane Outboard Motor will be the best choice for you. Happy shopping!","og_url":"https:\/\/apexoutboards.com\/pt\/produto\/2022-tohatsu-5-hp-mfs5dlpgsproul-sail-pro-propane-outboard-motor-2\/","og_site_name":"Apex Outboards","article_modified_time":"2023-02-16T17:50:46+00:00","og_image":[{"width":789,"height":1191,"url":"https:\/\/apexoutboards.com\/wp-content\/uploads\/2021\/12\/MFS5_LPG_01_3star_800x.png","type":"image\/png"}],"twitter_card":"summary_large_image","twitter_misc":{"Est. tempo de leitura":"1 minuto"},"schema":{"@context":"https:\/\/schema.org","@graph":[{"@type":"WebPage","@id":"https:\/\/apexoutboards.com\/product\/2022-tohatsu-5-hp-mfs5dlpgsproul-sail-pro-propane-outboard-motor-2\/","url":"https:\/\/apexoutboards.com\/product\/2022-tohatsu-5-hp-mfs5dlpgsproul-sail-pro-propane-outboard-motor-2\/","name":"2022 5 HP MFS5DLPGSPROUL-SAIL PRO Motor de popa Propano","isPartOf":{"@id":"https:\/\/apexoutboards.com\/#website"},"primaryImageOfPage":{"@id":"https:\/\/apexoutboards.com\/product\/2022-tohatsu-5-hp-mfs5dlpgsproul-sail-pro-propane-outboard-motor-2\/#primaryimage"},"image":{"@id":"https:\/\/apexoutboards.com\/product\/2022-tohatsu-5-hp-mfs5dlpgsproul-sail-pro-propane-outboard-motor-2\/#primaryimage"},"thumbnailUrl":"https:\/\/apexoutboards.com\/wp-content\/uploads\/2021\/12\/MFS5_LPG_01_3star_800x.png","datePublished":"2021-12-17T07:41:01+00:00","dateModified":"2023-02-16T17:50:46+00:00","description":"Adquira seu produto hoje mesmo! O motor de popa Tohatsu 5 HP MFS5DLPGSPROUL-SAIL PRO Propane Outboard Motor 2022 ser\u00e1 a melhor escolha para voc\u00ea. Feliz compra!","breadcrumb":{"@id":"https:\/\/apexoutboards.com\/product\/2022-tohatsu-5-hp-mfs5dlpgsproul-sail-pro-propane-outboard-motor-2\/#breadcrumb"},"inLanguage":"pt-BR","potentialAction":[{"@type":"ReadAction","target":["https:\/\/apexoutboards.com\/product\/2022-tohatsu-5-hp-mfs5dlpgsproul-sail-pro-propane-outboard-motor-2\/"]}]},{"@type":"ImageObject","inLanguage":"pt-BR","@id":"https:\/\/apexoutboards.com\/product\/2022-tohatsu-5-hp-mfs5dlpgsproul-sail-pro-propane-outboard-motor-2\/#primaryimage","url":"https:\/\/apexoutboards.com\/wp-content\/uploads\/2021\/12\/MFS5_LPG_01_3star_800x.png","contentUrl":"https:\/\/apexoutboards.com\/wp-content\/uploads\/2021\/12\/MFS5_LPG_01_3star_800x.png","width":789,"height":1191},{"@type":"BreadcrumbList","@id":"https:\/\/apexoutboards.com\/product\/2022-tohatsu-5-hp-mfs5dlpgsproul-sail-pro-propane-outboard-motor-2\/#breadcrumb","itemListElement":[{"@type":"ListItem","position":1,"name":"Home","item":"https:\/\/apexoutboards.com\/"},{"@type":"ListItem","position":2,"name":"Shop","item":"https:\/\/apexoutboards.com\/shop\/"},{"@type":"ListItem","position":3,"name":"2022 Tohatsu 5 HP MFS5DLPGSPROUL-SAIL PRO Propane Outboard Motor"}]},{"@type":"WebSite","@id":"https:\/\/apexoutboards.com\/#website","url":"https:\/\/apexoutboards.com\/","name":"Outboards de Primeira Classe","description":"primeira classe outboard.com","publisher":{"@id":"https:\/\/apexoutboards.com\/#organization"},"potentialAction":[{"@type":"SearchAction","target":{"@type":"EntryPoint","urlTemplate":"https:\/\/apexoutboards.com\/?s={search_term_string}"},"query-input":{"@type":"PropertyValueSpecification","valueRequired":true,"valueName":"search_term_string"}}],"inLanguage":"pt-BR"},{"@type":"Organization","@id":"https:\/\/apexoutboards.com\/#organization","name":"Outboards de Primeira Classe","url":"https:\/\/apexoutboards.com\/","logo":{"@type":"ImageObject","inLanguage":"pt-BR","@id":"https:\/\/apexoutboards.com\/#\/schema\/logo\/image\/","url":"https:\/\/apexoutboards.com\/wp-content\/uploads\/2021\/12\/Screenshot_7.png","contentUrl":"https:\/\/apexoutboards.com\/wp-content\/uploads\/2021\/12\/Screenshot_7.png","width":222,"height":103,"caption":"Apex Outboards"},"image":{"@id":"https:\/\/apexoutboards.com\/#\/schema\/logo\/image\/"}}]}},"jetpack_sharing_enabled":true,"_links":{"self":[{"href":"https:\/\/apexoutboards.com\/pt\/wp-json\/wp\/v2\/product\/3400","targetHints":{"allow":["GET"]}}],"collection":[{"href":"https:\/\/apexoutboards.com\/pt\/wp-json\/wp\/v2\/product"}],"about":[{"href":"https:\/\/apexoutboards.com\/pt\/wp-json\/wp\/v2\/types\/product"}],"replies":[{"embeddable":true,"href":"https:\/\/apexoutboards.com\/pt\/wp-json\/wp\/v2\/comments?post=3400"}],"version-history":[{"count":0,"href":"https:\/\/apexoutboards.com\/pt\/wp-json\/wp\/v2\/product\/3400\/revisions"}],"wp:featuredmedia":[{"embeddable":true,"href":"https:\/\/apexoutboards.com\/pt\/wp-json\/wp\/v2\/media\/3395"}],"wp:attachment":[{"href":"https:\/\/apexoutboards.com\/pt\/wp-json\/wp\/v2\/media?parent=3400"}],"wp:term":[{"taxonomy":"product_brand","embeddable":true,"href":"https:\/\/apexoutboards.com\/pt\/wp-json\/wp\/v2\/product_brand?post=3400"},{"taxonomy":"product_cat","embeddable":true,"href":"https:\/\/apexoutboards.com\/pt\/wp-json\/wp\/v2\/product_cat?post=3400"},{"taxonomy":"product_tag","embeddable":true,"href":"https:\/\/apexoutboards.com\/pt\/wp-json\/wp\/v2\/product_tag?post=3400"}],"curies":[{"name":"wp","href":"https:\/\/api.w.org\/{rel}","templated":true}]}}