{"id":3069,"date":"2021-12-13T20:54:16","date_gmt":"2021-12-13T09:54:16","guid":{"rendered":"https:\/\/apexoutboards.com\/?post_type=product&#038;p=3069"},"modified":"2023-02-17T05:20:55","modified_gmt":"2023-02-16T18:20:55","slug":"suzuki-20-hp-df20atsw3-outboard-motor","status":"publish","type":"product","link":"https:\/\/apexoutboards.com\/pt\/produto\/suzuki-20-hp-df20atsw3-outboard-motor\/","title":{"rendered":"Motor Suzuki de 20 HP DF20ATSW3 Outboard"},"content":{"rendered":"<p>Caracter\u00edsticas<\/p>\n<div class=\"tab-content\">\n<div id=\"tab1\" class=\"tab-pane active\">\n<div class=\"rte\">\n<div class=\"custom-field custom-field__description_ob custom-field__type--html\">\n<div class=\"custom-field--value\">\n<ul>\n<li>Inje\u00e7\u00e3o eletr\u00f4nica de combust\u00edvel (EFI)<\/li>\n<li>Design elegante, compacto e leve<\/li>\n<li>Classificada em \u00e1gua salgada<\/li>\n<li>Porto de descarga de \u00e1gua doce<\/li>\n<li>Prote\u00e7\u00e3o anticorrosiva multicamadas<\/li>\n<li>Partida el\u00e9trica + Sistema Alternador de 12V<\/li>\n<li>In\u00edcio do Backup Manual Thru-Cowling<\/li>\n<li>Caixa de Controle de Montagem Lateral (inclui arn\u00eas)<\/li>\n<li>Acelerador\/Deslocador remoto (cabos n\u00e3o inclu\u00eddos)<\/li>\n<li>Bra\u00e7o do elo de dire\u00e7\u00e3o (cabo n\u00e3o inclu\u00eddo)<\/li>\n<li>Prote\u00e7\u00e3o de Bloqueio de Partida em Tra\u00e7\u00e3o<\/li>\n<li>Bomba de \u00f3leo comprovada no estilo automobil\u00edstico<\/li>\n<li>Exaust\u00e3o silenciosa por meio da passagem<\/li>\n<li>Acionamento por \u00e1gua rasa<\/li>\n<li>5 Posi\u00e7\u00f5es de corte c\/ pino de trava de inclina\u00e7\u00e3o<\/li>\n<li>Ferragens para montagem de suportes de transom<\/li>\n<li>Sistema de aviso de baixa press\u00e3o de \u00f3leo<\/li>\n<li>Sistema de aviso de excesso de calor<\/li>\n<li>Prote\u00e7\u00e3o de Limitador de excesso de Ev<\/li>\n<li>Interruptor de parada de emerg\u00eancia para o cord\u00e3o de seguran\u00e7a<\/li>\n<li>3.1 Tanque de combust\u00edvel de gal\u00e3o americano \/ Linha de combust\u00edvel<\/li>\n<li>H\u00e9lice de Alum\u00ednio de 3 L\u00e2minas<\/li>\n<li>Classifica\u00e7\u00e3o 3-Estrelas Ultra-Baixa de Emiss\u00f5es<\/li>\n<li>Sistema de Controle de Queimaduras Lean da Suzuki<\/li>\n<li>A mais nova garantia de 5 anos do fabricante Suzuki<\/li>\n<\/ul>\n<\/div>\n<\/div>\n<\/div>\n<\/div>\n<\/div>\n<div style=\"display:none;\">\n\t<a href=\"https:\/\/yoast.com\/\">Levedura<\/a><br \/>\n\t<a href=\"https:\/\/apexoutboards.com\/pt\/\">quadros de primeira classe<\/a><br \/>\n\t<img decoding=\"async\" src=\"https:\/\/apexoutboards.com\/wp-content\/uploads\/2021\/12\/PNG_Transparent_High-Resolution_300-_Dpi-1-1-1536x650.png\" alt=\"\"><br \/>\n\tA Apex Outboards \u00e9 o maior revendedor americano de motores fora de borda. Nossos membros da equipe oferecem o melhor servi\u00e7o ao cliente e conhecimento t\u00e9cnico de qualquer revendedor de motores fora de borda.\n<\/div>","protected":false},"excerpt":{"rendered":"<p>&nbsp;<\/p>\n<div class=\"rte\">\n<p>The all new Super Cool White 20 HP Suzuki EFI outboard model DF20ATSW3 comes with every feature you could want. Equipped with a 15 inch short shaft this outboard has electric push button start, power tilt and remote\u00a0throttle and shift control. Perfect for larger or heavy jon boats and skiffs requiring a\u00a0short shaft as well as auxiliary power for sailboats and trolling\/kicker applications. As one of the quietest 4-strokes ever built, the Suzuki 20hp outboard engine is a great example of Suzuki&#8217;s excellence in engineering. We are a Suzuki Outboard Motor authorized Dealer. We offer free shipping in the lower 48 states.<\/p>\n<p>Os clientes tamb\u00e9m procuraram por um pequeno motor externo com controle remoto.<\/p>\n<p>&nbsp;<\/p>\n<p><strong><em>*Foto pode n\u00e3o mostrar o modelo real.<\/em><\/strong><\/p>\n<\/div>\n<div class=\"prod_sku_vend\">\n<div class=\"\">\n<div class=\"col-xs-12 col-lg-6\">\n<div class=\"prodInfo text-center\">\n<h4 class=\"spec\">20hp <span class=\"specLabel\">Pot\u00eancia do cavalo<\/span><\/h4>\n<h4 class=\"spec\">120,0 lb <span class=\"specLabel\">Peso<\/span><\/h4>\n<div><\/div>\n<\/div>\n<\/div>\n<div class=\"col-xs-12 col-lg-6\">\n<table class=\"table table-condensed\">\n<tbody>\n<tr>\n<th>Comprimento do eixo:<\/th>\n<td>15\u2033 (abreviado)<\/td>\n<\/tr>\n<tr>\n<th>In\u00edcio:<\/th>\n<td>El\u00e9trico<\/td>\n<\/tr>\n<\/tbody>\n<\/table>\n<\/div>\n<\/div>\n<\/div>\n<p><img decoding=\"async\" class=\"alignnone wp-image-2879 size-thumbnail\" src=\"https:\/\/apexoutboards.com\/wp-content\/uploads\/2021\/12\/suzuki_png-150x150.png\" alt=\"\" width=\"150\" height=\"150\" srcset=\"https:\/\/apexoutboards.com\/wp-content\/uploads\/2021\/12\/suzuki_png-150x150.png 150w, https:\/\/apexoutboards.com\/wp-content\/uploads\/2021\/12\/suzuki_png-100x100.png 100w\" sizes=\"(max-width: 150px) 100vw, 150px\" \/><\/p>","protected":false},"featured_media":3070,"comment_status":"open","ping_status":"closed","template":"","meta":{"ocean_post_layout":"","ocean_both_sidebars_style":"","ocean_both_sidebars_content_width":0,"ocean_both_sidebars_sidebars_width":0,"ocean_sidebar":"0","ocean_second_sidebar":"0","ocean_disable_margins":"enable","ocean_add_body_class":"","ocean_shortcode_before_top_bar":"","ocean_shortcode_after_top_bar":"","ocean_shortcode_before_header":"","ocean_shortcode_after_header":"","ocean_has_shortcode":"","ocean_shortcode_after_title":"","ocean_shortcode_before_footer_widgets":"","ocean_shortcode_after_footer_widgets":"","ocean_shortcode_before_footer_bottom":"","ocean_shortcode_after_footer_bottom":"","ocean_display_top_bar":"default","ocean_display_header":"default","ocean_header_style":"","ocean_center_header_left_menu":"0","ocean_custom_header_template":"0","ocean_custom_logo":0,"ocean_custom_retina_logo":0,"ocean_custom_logo_max_width":0,"ocean_custom_logo_tablet_max_width":0,"ocean_custom_logo_mobile_max_width":0,"ocean_custom_logo_max_height":0,"ocean_custom_logo_tablet_max_height":0,"ocean_custom_logo_mobile_max_height":0,"ocean_header_custom_menu":"0","ocean_menu_typo_font_family":"0","ocean_menu_typo_font_subset":"","ocean_menu_typo_font_size":0,"ocean_menu_typo_font_size_tablet":0,"ocean_menu_typo_font_size_mobile":0,"ocean_menu_typo_font_size_unit":"px","ocean_menu_typo_font_weight":"","ocean_menu_typo_font_weight_tablet":"","ocean_menu_typo_font_weight_mobile":"","ocean_menu_typo_transform":"","ocean_menu_typo_transform_tablet":"","ocean_menu_typo_transform_mobile":"","ocean_menu_typo_line_height":0,"ocean_menu_typo_line_height_tablet":0,"ocean_menu_typo_line_height_mobile":0,"ocean_menu_typo_line_height_unit":"","ocean_menu_typo_spacing":0,"ocean_menu_typo_spacing_tablet":0,"ocean_menu_typo_spacing_mobile":0,"ocean_menu_typo_spacing_unit":"","ocean_menu_link_color":"","ocean_menu_link_color_hover":"","ocean_menu_link_color_active":"","ocean_menu_link_background":"","ocean_menu_link_hover_background":"","ocean_menu_link_active_background":"","ocean_menu_social_links_bg":"","ocean_menu_social_hover_links_bg":"","ocean_menu_social_links_color":"","ocean_menu_social_hover_links_color":"","ocean_disable_title":"default","ocean_disable_heading":"default","ocean_post_title":"","ocean_post_subheading":"","ocean_post_title_style":"","ocean_post_title_background_color":"","ocean_post_title_background":0,"ocean_post_title_bg_image_position":"","ocean_post_title_bg_image_attachment":"","ocean_post_title_bg_image_repeat":"","ocean_post_title_bg_image_size":"","ocean_post_title_height":0,"ocean_post_title_bg_overlay":0.5,"ocean_post_title_bg_overlay_color":"","ocean_disable_breadcrumbs":"default","ocean_breadcrumbs_color":"","ocean_breadcrumbs_separator_color":"","ocean_breadcrumbs_links_color":"","ocean_breadcrumbs_links_hover_color":"","ocean_display_footer_widgets":"default","ocean_display_footer_bottom":"default","ocean_custom_footer_template":"0"},"product_brand":[],"product_cat":[68,46,94],"product_tag":[],"class_list":{"0":"post-3069","1":"product","2":"type-product","3":"status-publish","4":"has-post-thumbnail","6":"product_cat-20-hp","7":"product_cat-suzuki","8":"product_cat-suzuki-20-hp","10":"entry","11":"has-media","13":"first","14":"instock","15":"sale","16":"shipping-taxable","17":"purchasable","18":"product-type-simple","19":"has-product-nav","20":"col","21":"span_1_of_4","22":"owp-content-center","23":"owp-thumbs-layout-horizontal","24":"owp-btn-normal","25":"owp-tabs-layout-horizontal","26":"has-no-thumbnails","28":"circle-sale"},"yoast_head":"<!-- This site is optimized with the Yoast SEO plugin v27.2 - https:\/\/yoast.com\/product\/yoast-seo-wordpress\/ -->\n<title>Suzuki 20 HP DF20ATSW3 Outboard Motor<\/title>\n<meta name=\"description\" content=\"Get your product today! The Suzuki 20 HP DF20ATSW3 Outboard Motor will be the best choice for you. Happy shopping!\" \/>\n<meta name=\"robots\" content=\"index, follow, max-snippet:-1, max-image-preview:large, max-video-preview:-1\" \/>\n<link rel=\"canonical\" href=\"https:\/\/apexoutboards.com\/pt\/produto\/suzuki-20-hp-df20atsw3-outboard-motor\/\" \/>\n<meta property=\"og:locale\" content=\"pt_BR\" \/>\n<meta property=\"og:type\" content=\"article\" \/>\n<meta property=\"og:title\" content=\"Suzuki 20 HP DF20ATSW3 Outboard Motor\" \/>\n<meta property=\"og:description\" content=\"Get your product today! The Suzuki 20 HP DF20ATSW3 Outboard Motor will be the best choice for you. Happy shopping!\" \/>\n<meta property=\"og:url\" content=\"https:\/\/apexoutboards.com\/pt\/produto\/suzuki-20-hp-df20atsw3-outboard-motor\/\" \/>\n<meta property=\"og:site_name\" content=\"Apex Outboards\" \/>\n<meta property=\"article:modified_time\" content=\"2023-02-16T18:20:55+00:00\" \/>\n<meta property=\"og:image\" content=\"https:\/\/apexoutboards.com\/wp-content\/uploads\/2021\/12\/2021-DF20ATSW3-DF20ATLW3_800x_jpg.png\" \/>\n\t<meta property=\"og:image:width\" content=\"799\" \/>\n\t<meta property=\"og:image:height\" content=\"788\" \/>\n\t<meta property=\"og:image:type\" content=\"image\/png\" \/>\n<meta name=\"twitter:card\" content=\"summary_large_image\" \/>\n<meta name=\"twitter:label1\" content=\"Est. tempo de leitura\" \/>\n\t<meta name=\"twitter:data1\" content=\"1 minuto\" \/>\n<script type=\"application\/ld+json\" class=\"yoast-schema-graph\">{\"@context\":\"https:\/\/schema.org\",\"@graph\":[{\"@type\":\"WebPage\",\"@id\":\"https:\/\/apexoutboards.com\/product\/suzuki-20-hp-df20atsw3-outboard-motor\/\",\"url\":\"https:\/\/apexoutboards.com\/product\/suzuki-20-hp-df20atsw3-outboard-motor\/\",\"name\":\"Suzuki 20 HP DF20ATSW3 Outboard Motor\",\"isPartOf\":{\"@id\":\"https:\/\/apexoutboards.com\/#website\"},\"primaryImageOfPage\":{\"@id\":\"https:\/\/apexoutboards.com\/product\/suzuki-20-hp-df20atsw3-outboard-motor\/#primaryimage\"},\"image\":{\"@id\":\"https:\/\/apexoutboards.com\/product\/suzuki-20-hp-df20atsw3-outboard-motor\/#primaryimage\"},\"thumbnailUrl\":\"https:\/\/apexoutboards.com\/wp-content\/uploads\/2021\/12\/2021-DF20ATSW3-DF20ATLW3_800x_jpg.png\",\"datePublished\":\"2021-12-13T09:54:16+00:00\",\"dateModified\":\"2023-02-16T18:20:55+00:00\",\"description\":\"Get your product today! The Suzuki 20 HP DF20ATSW3 Outboard Motor will be the best choice for you. Happy shopping!\",\"breadcrumb\":{\"@id\":\"https:\/\/apexoutboards.com\/product\/suzuki-20-hp-df20atsw3-outboard-motor\/#breadcrumb\"},\"inLanguage\":\"pt-BR\",\"potentialAction\":[{\"@type\":\"ReadAction\",\"target\":[\"https:\/\/apexoutboards.com\/product\/suzuki-20-hp-df20atsw3-outboard-motor\/\"]}]},{\"@type\":\"ImageObject\",\"inLanguage\":\"pt-BR\",\"@id\":\"https:\/\/apexoutboards.com\/product\/suzuki-20-hp-df20atsw3-outboard-motor\/#primaryimage\",\"url\":\"https:\/\/apexoutboards.com\/wp-content\/uploads\/2021\/12\/2021-DF20ATSW3-DF20ATLW3_800x_jpg.png\",\"contentUrl\":\"https:\/\/apexoutboards.com\/wp-content\/uploads\/2021\/12\/2021-DF20ATSW3-DF20ATLW3_800x_jpg.png\",\"width\":799,\"height\":788},{\"@type\":\"BreadcrumbList\",\"@id\":\"https:\/\/apexoutboards.com\/product\/suzuki-20-hp-df20atsw3-outboard-motor\/#breadcrumb\",\"itemListElement\":[{\"@type\":\"ListItem\",\"position\":1,\"name\":\"Home\",\"item\":\"https:\/\/apexoutboards.com\/\"},{\"@type\":\"ListItem\",\"position\":2,\"name\":\"Shop\",\"item\":\"https:\/\/apexoutboards.com\/shop\/\"},{\"@type\":\"ListItem\",\"position\":3,\"name\":\"Suzuki 20 HP DF20ATSW3 Outboard Motor\"}]},{\"@type\":\"WebSite\",\"@id\":\"https:\/\/apexoutboards.com\/#website\",\"url\":\"https:\/\/apexoutboards.com\/\",\"name\":\"Apex Outboards\",\"description\":\"apexoutboards.com\",\"publisher\":{\"@id\":\"https:\/\/apexoutboards.com\/#organization\"},\"potentialAction\":[{\"@type\":\"SearchAction\",\"target\":{\"@type\":\"EntryPoint\",\"urlTemplate\":\"https:\/\/apexoutboards.com\/?s={search_term_string}\"},\"query-input\":{\"@type\":\"PropertyValueSpecification\",\"valueRequired\":true,\"valueName\":\"search_term_string\"}}],\"inLanguage\":\"pt-BR\"},{\"@type\":\"Organization\",\"@id\":\"https:\/\/apexoutboards.com\/#organization\",\"name\":\"Apex Outboards\",\"url\":\"https:\/\/apexoutboards.com\/\",\"logo\":{\"@type\":\"ImageObject\",\"inLanguage\":\"pt-BR\",\"@id\":\"https:\/\/apexoutboards.com\/#\/schema\/logo\/image\/\",\"url\":\"https:\/\/apexoutboards.com\/wp-content\/uploads\/2021\/12\/Screenshot_7.png\",\"contentUrl\":\"https:\/\/apexoutboards.com\/wp-content\/uploads\/2021\/12\/Screenshot_7.png\",\"width\":222,\"height\":103,\"caption\":\"Apex Outboards\"},\"image\":{\"@id\":\"https:\/\/apexoutboards.com\/#\/schema\/logo\/image\/\"}}]}<\/script>\n<!-- \/ Yoast SEO plugin. -->","yoast_head_json":{"title":"Motor Suzuki de 20 HP DF20ATSW3 Outboard","description":"Get your product today! The Suzuki 20 HP DF20ATSW3 Outboard Motor will be the best choice for you. Happy shopping!","robots":{"index":"index","follow":"follow","max-snippet":"max-snippet:-1","max-image-preview":"max-image-preview:large","max-video-preview":"max-video-preview:-1"},"canonical":"https:\/\/apexoutboards.com\/pt\/produto\/suzuki-20-hp-df20atsw3-outboard-motor\/","og_locale":"pt_BR","og_type":"article","og_title":"Suzuki 20 HP DF20ATSW3 Outboard Motor","og_description":"Get your product today! The Suzuki 20 HP DF20ATSW3 Outboard Motor will be the best choice for you. Happy shopping!","og_url":"https:\/\/apexoutboards.com\/pt\/produto\/suzuki-20-hp-df20atsw3-outboard-motor\/","og_site_name":"Apex Outboards","article_modified_time":"2023-02-16T18:20:55+00:00","og_image":[{"width":799,"height":788,"url":"https:\/\/apexoutboards.com\/wp-content\/uploads\/2021\/12\/2021-DF20ATSW3-DF20ATLW3_800x_jpg.png","type":"image\/png"}],"twitter_card":"summary_large_image","twitter_misc":{"Est. tempo de leitura":"1 minuto"},"schema":{"@context":"https:\/\/schema.org","@graph":[{"@type":"WebPage","@id":"https:\/\/apexoutboards.com\/product\/suzuki-20-hp-df20atsw3-outboard-motor\/","url":"https:\/\/apexoutboards.com\/product\/suzuki-20-hp-df20atsw3-outboard-motor\/","name":"Motor Suzuki de 20 HP DF20ATSW3 Outboard","isPartOf":{"@id":"https:\/\/apexoutboards.com\/#website"},"primaryImageOfPage":{"@id":"https:\/\/apexoutboards.com\/product\/suzuki-20-hp-df20atsw3-outboard-motor\/#primaryimage"},"image":{"@id":"https:\/\/apexoutboards.com\/product\/suzuki-20-hp-df20atsw3-outboard-motor\/#primaryimage"},"thumbnailUrl":"https:\/\/apexoutboards.com\/wp-content\/uploads\/2021\/12\/2021-DF20ATSW3-DF20ATLW3_800x_jpg.png","datePublished":"2021-12-13T09:54:16+00:00","dateModified":"2023-02-16T18:20:55+00:00","description":"Get your product today! The Suzuki 20 HP DF20ATSW3 Outboard Motor will be the best choice for you. Happy shopping!","breadcrumb":{"@id":"https:\/\/apexoutboards.com\/product\/suzuki-20-hp-df20atsw3-outboard-motor\/#breadcrumb"},"inLanguage":"pt-BR","potentialAction":[{"@type":"ReadAction","target":["https:\/\/apexoutboards.com\/product\/suzuki-20-hp-df20atsw3-outboard-motor\/"]}]},{"@type":"ImageObject","inLanguage":"pt-BR","@id":"https:\/\/apexoutboards.com\/product\/suzuki-20-hp-df20atsw3-outboard-motor\/#primaryimage","url":"https:\/\/apexoutboards.com\/wp-content\/uploads\/2021\/12\/2021-DF20ATSW3-DF20ATLW3_800x_jpg.png","contentUrl":"https:\/\/apexoutboards.com\/wp-content\/uploads\/2021\/12\/2021-DF20ATSW3-DF20ATLW3_800x_jpg.png","width":799,"height":788},{"@type":"BreadcrumbList","@id":"https:\/\/apexoutboards.com\/product\/suzuki-20-hp-df20atsw3-outboard-motor\/#breadcrumb","itemListElement":[{"@type":"ListItem","position":1,"name":"Home","item":"https:\/\/apexoutboards.com\/"},{"@type":"ListItem","position":2,"name":"Shop","item":"https:\/\/apexoutboards.com\/shop\/"},{"@type":"ListItem","position":3,"name":"Suzuki 20 HP DF20ATSW3 Outboard Motor"}]},{"@type":"WebSite","@id":"https:\/\/apexoutboards.com\/#website","url":"https:\/\/apexoutboards.com\/","name":"Outboards de Primeira Classe","description":"primeira classe outboard.com","publisher":{"@id":"https:\/\/apexoutboards.com\/#organization"},"potentialAction":[{"@type":"SearchAction","target":{"@type":"EntryPoint","urlTemplate":"https:\/\/apexoutboards.com\/?s={search_term_string}"},"query-input":{"@type":"PropertyValueSpecification","valueRequired":true,"valueName":"search_term_string"}}],"inLanguage":"pt-BR"},{"@type":"Organization","@id":"https:\/\/apexoutboards.com\/#organization","name":"Outboards de Primeira Classe","url":"https:\/\/apexoutboards.com\/","logo":{"@type":"ImageObject","inLanguage":"pt-BR","@id":"https:\/\/apexoutboards.com\/#\/schema\/logo\/image\/","url":"https:\/\/apexoutboards.com\/wp-content\/uploads\/2021\/12\/Screenshot_7.png","contentUrl":"https:\/\/apexoutboards.com\/wp-content\/uploads\/2021\/12\/Screenshot_7.png","width":222,"height":103,"caption":"Apex Outboards"},"image":{"@id":"https:\/\/apexoutboards.com\/#\/schema\/logo\/image\/"}}]}},"jetpack_sharing_enabled":true,"_links":{"self":[{"href":"https:\/\/apexoutboards.com\/pt\/wp-json\/wp\/v2\/product\/3069","targetHints":{"allow":["GET"]}}],"collection":[{"href":"https:\/\/apexoutboards.com\/pt\/wp-json\/wp\/v2\/product"}],"about":[{"href":"https:\/\/apexoutboards.com\/pt\/wp-json\/wp\/v2\/types\/product"}],"replies":[{"embeddable":true,"href":"https:\/\/apexoutboards.com\/pt\/wp-json\/wp\/v2\/comments?post=3069"}],"version-history":[{"count":0,"href":"https:\/\/apexoutboards.com\/pt\/wp-json\/wp\/v2\/product\/3069\/revisions"}],"wp:featuredmedia":[{"embeddable":true,"href":"https:\/\/apexoutboards.com\/pt\/wp-json\/wp\/v2\/media\/3070"}],"wp:attachment":[{"href":"https:\/\/apexoutboards.com\/pt\/wp-json\/wp\/v2\/media?parent=3069"}],"wp:term":[{"taxonomy":"product_brand","embeddable":true,"href":"https:\/\/apexoutboards.com\/pt\/wp-json\/wp\/v2\/product_brand?post=3069"},{"taxonomy":"product_cat","embeddable":true,"href":"https:\/\/apexoutboards.com\/pt\/wp-json\/wp\/v2\/product_cat?post=3069"},{"taxonomy":"product_tag","embeddable":true,"href":"https:\/\/apexoutboards.com\/pt\/wp-json\/wp\/v2\/product_tag?post=3069"}],"curies":[{"name":"wp","href":"https:\/\/api.w.org\/{rel}","templated":true}]}}