{"id":4792,"date":"2021-12-22T03:17:19","date_gmt":"2021-12-21T16:17:19","guid":{"rendered":"https:\/\/apexoutboards.com\/?post_type=product&#038;p=4792"},"modified":"2023-02-17T03:30:37","modified_gmt":"2023-02-16T16:30:37","slug":"2019-suzuki-350-hp-df350atx2-outboard-motor","status":"publish","type":"product","link":"https:\/\/apexoutboards.com\/it\/prodotto\/2019-suzuki-350-hp-df350atx2-outboard-motor\/","title":{"rendered":"2019 Motore fuoribordo Suzuki 350 HP DF350ATX2"},"content":{"rendered":"<h2>2019 Motore fuoribordo Suzuki 350 HP DF350ATX2<\/h2>\n<p>Non \u00e8 un segreto che vi sia una crescente domanda di motori fuoribordo pi\u00f9 potenti. Questi nuovi motori fuoribordo hanno alimentato la domanda di imbarcazioni pi\u00f9 grandi che in precedenza potevano essere alimentate da motori entrobordo o con comando a poppa. Con l'introduzione di fuoribordo pi\u00f9 potenti, le imbarcazioni diventano pi\u00f9 grandi e con le imbarcazioni pi\u00f9 grandi, i fuoribordo diventano pi\u00f9 muscolosi. Suzuki ha intrapreso un'importante spedizione ingegneristica per costruire il motore fuoribordo a 4 tempi definitivo.<\/p>\n<p>Nello sviluppo del nuovo DF350ATX2, gli ingegneri Suzuki sono partiti da un foglio di carta pulito e hanno considerato molti fattori per questo progetto. L'aumento di potenza pu\u00f2 essere ottenuto in molti modi. Il progetto del motore pu\u00f2 includere una maggiore cilindrata e l'aggiunta di turbocompressori o compressori. Tuttavia, i motori di maggiore cilindrata in genere consumano pi\u00f9 carburante e aumentano il peso complessivo. L'aggiunta di componenti meccanici complessi pu\u00f2 creare problemi di affidabilit\u00e0. Una volta ottenuta tutta questa potenza, la sfida consiste nell'agganciarla o nell'ottenere la trazione in acqua. Gli ingegneri Suzuki hanno lavorato anni di prove e successi con simulazioni al computer e test in acqua per migliorare significativamente il modo in cui un motore fuoribordo converte la potenza del motore in spinta sott'acqua. Unitevi a noi quando Suzuki presenter\u00e0 la prossima pietra miliare della nostra storia.....Il DF350ATX2 da 350 cavalli....Il motore fuoribordo a 4 tempi per eccellenza di Suzuki.<\/p>\n<div>\n<table class=\"table table-bordered\">\n<thead>\n<tr>\n<th colspan=\"2\">Attributi delle specifiche<\/th>\n<\/tr>\n<\/thead>\n<tbody>\n<tr>\n<td width=\"30%\">HP<\/td>\n<td width=\"70%\">350 CV<\/td>\n<\/tr>\n<tr>\n<td width=\"30%\">Cilindri<\/td>\n<td width=\"70%\">V6<\/td>\n<\/tr>\n<tr>\n<td width=\"30%\">Spostamento<\/td>\n<td width=\"70%\">267,9 CI<\/td>\n<\/tr>\n<tr>\n<td width=\"30%\">Avvio<\/td>\n<td width=\"70%\">Elettrico<\/td>\n<\/tr>\n<tr>\n<td width=\"30%\">Controlli<\/td>\n<td width=\"70%\">Controllo di precisione Suzuki<\/td>\n<\/tr>\n<tr>\n<td width=\"30%\">Trim e Tilt elettrici<\/td>\n<td width=\"70%\">Trim e Tilt elettrici<\/td>\n<\/tr>\n<tr>\n<td width=\"30%\">Cambio di marcia<\/td>\n<td width=\"70%\">Avanti - Neutro - Indietro<\/td>\n<\/tr>\n<tr>\n<td width=\"30%\">Propulsione<\/td>\n<td width=\"70%\">Rotazione contraria<\/td>\n<\/tr>\n<tr>\n<td width=\"30%\">Peso<\/td>\n<td width=\"70%\">727<\/td>\n<\/tr>\n<tr>\n<td width=\"30%\">Uscita dell'alternatore<\/td>\n<td width=\"70%\">54 Amp<\/td>\n<\/tr>\n<tr>\n<td width=\"30%\">Colore<\/td>\n<td width=\"70%\">Nero nebulare<\/td>\n<\/tr>\n<tr>\n<td width=\"30%\">Lunghezza dell'albero<\/td>\n<td width=\"70%\">25&#8221;<\/td>\n<\/tr>\n<tr>\n<td width=\"30%\">Tipo di famiglia<\/td>\n<td width=\"70%\">4 tempi<\/td>\n<\/tr>\n<tr>\n<td width=\"30%\">Induzione del carburante<\/td>\n<td width=\"70%\">EFI<\/td>\n<\/tr>\n<\/tbody>\n<\/table>\n<\/div>\n<div style=\"display:none;\">\n\t<a href=\"https:\/\/yoast.com\/\">Yoast<\/a><br \/>\n\t<a href=\"https:\/\/apexoutboards.com\/it\/\">pannelli di prima classe<\/a><br \/>\n\t<img decoding=\"async\" src=\"https:\/\/apexoutboards.com\/wp-content\/uploads\/2021\/12\/PNG_Transparent_High-Resolution_300-_Dpi-1-1-1536x650.png\" alt=\"\"><br \/>\n\tApex Outboards \u00e8 il pi\u00f9 grande rivenditore di motori fuoribordo degli Stati Uniti. I membri del nostro team offrono il miglior servizio clienti e le migliori conoscenze tecniche di qualsiasi altro rivenditore di motori fuoribordo.\n<\/div>","protected":false},"excerpt":{"rendered":"<p><strong>Condizioni:<\/strong> Nuovo<br \/>\n<strong>Spedizione:<\/strong> Pronto per la spedizione<\/p>\n<p>Ci impegniamo a fornire il miglior servizio al cliente. Non esitate a contattarci per ricevere assistenza. Tutte le informazioni ricevute rimarranno sempre riservate.<\/p>","protected":false},"featured_media":4793,"comment_status":"open","ping_status":"closed","template":"","meta":{"ocean_post_layout":"","ocean_both_sidebars_style":"","ocean_both_sidebars_content_width":0,"ocean_both_sidebars_sidebars_width":0,"ocean_sidebar":"0","ocean_second_sidebar":"0","ocean_disable_margins":"enable","ocean_add_body_class":"","ocean_shortcode_before_top_bar":"","ocean_shortcode_after_top_bar":"","ocean_shortcode_before_header":"","ocean_shortcode_after_header":"","ocean_has_shortcode":"","ocean_shortcode_after_title":"","ocean_shortcode_before_footer_widgets":"","ocean_shortcode_after_footer_widgets":"","ocean_shortcode_before_footer_bottom":"","ocean_shortcode_after_footer_bottom":"","ocean_display_top_bar":"default","ocean_display_header":"default","ocean_header_style":"","ocean_center_header_left_menu":"0","ocean_custom_header_template":"0","ocean_custom_logo":0,"ocean_custom_retina_logo":0,"ocean_custom_logo_max_width":0,"ocean_custom_logo_tablet_max_width":0,"ocean_custom_logo_mobile_max_width":0,"ocean_custom_logo_max_height":0,"ocean_custom_logo_tablet_max_height":0,"ocean_custom_logo_mobile_max_height":0,"ocean_header_custom_menu":"0","ocean_menu_typo_font_family":"0","ocean_menu_typo_font_subset":"","ocean_menu_typo_font_size":0,"ocean_menu_typo_font_size_tablet":0,"ocean_menu_typo_font_size_mobile":0,"ocean_menu_typo_font_size_unit":"px","ocean_menu_typo_font_weight":"","ocean_menu_typo_font_weight_tablet":"","ocean_menu_typo_font_weight_mobile":"","ocean_menu_typo_transform":"","ocean_menu_typo_transform_tablet":"","ocean_menu_typo_transform_mobile":"","ocean_menu_typo_line_height":0,"ocean_menu_typo_line_height_tablet":0,"ocean_menu_typo_line_height_mobile":0,"ocean_menu_typo_line_height_unit":"","ocean_menu_typo_spacing":0,"ocean_menu_typo_spacing_tablet":0,"ocean_menu_typo_spacing_mobile":0,"ocean_menu_typo_spacing_unit":"","ocean_menu_link_color":"","ocean_menu_link_color_hover":"","ocean_menu_link_color_active":"","ocean_menu_link_background":"","ocean_menu_link_hover_background":"","ocean_menu_link_active_background":"","ocean_menu_social_links_bg":"","ocean_menu_social_hover_links_bg":"","ocean_menu_social_links_color":"","ocean_menu_social_hover_links_color":"","ocean_disable_title":"default","ocean_disable_heading":"default","ocean_post_title":"","ocean_post_subheading":"","ocean_post_title_style":"","ocean_post_title_background_color":"","ocean_post_title_background":0,"ocean_post_title_bg_image_position":"","ocean_post_title_bg_image_attachment":"","ocean_post_title_bg_image_repeat":"","ocean_post_title_bg_image_size":"","ocean_post_title_height":0,"ocean_post_title_bg_overlay":0.5,"ocean_post_title_bg_overlay_color":"","ocean_disable_breadcrumbs":"default","ocean_breadcrumbs_color":"","ocean_breadcrumbs_separator_color":"","ocean_breadcrumbs_links_color":"","ocean_breadcrumbs_links_hover_color":"","ocean_display_footer_widgets":"default","ocean_display_footer_bottom":"default","ocean_custom_footer_template":"0"},"product_brand":[],"product_cat":[127,46,188],"product_tag":[],"class_list":{"0":"post-4792","1":"product","2":"type-product","3":"status-publish","4":"has-post-thumbnail","6":"product_cat-350-hp","7":"product_cat-suzuki","8":"product_cat-suzuki-350-hp","10":"entry","11":"has-media","13":"first","14":"instock","15":"sale","16":"shipping-taxable","17":"purchasable","18":"product-type-simple","19":"has-product-nav","20":"col","21":"span_1_of_4","22":"owp-content-center","23":"owp-thumbs-layout-horizontal","24":"owp-btn-normal","25":"owp-tabs-layout-horizontal","26":"has-no-thumbnails","28":"circle-sale"},"yoast_head":"<!-- This site is optimized with the Yoast SEO plugin v27.2 - https:\/\/yoast.com\/product\/yoast-seo-wordpress\/ -->\n<title>2019 Suzuki 350 HP DF350ATX2 Outboard Motor<\/title>\n<meta name=\"description\" content=\"Get your product today! The 2019 Suzuki 350 HP DF350ATX2 Outboard Motor will be the best choice for you. Happy shopping!\" \/>\n<meta name=\"robots\" content=\"index, follow, max-snippet:-1, max-image-preview:large, max-video-preview:-1\" \/>\n<link rel=\"canonical\" href=\"https:\/\/apexoutboards.com\/it\/prodotto\/2019-suzuki-350-hp-df350atx2-outboard-motor\/\" \/>\n<meta property=\"og:locale\" content=\"it_IT\" \/>\n<meta property=\"og:type\" content=\"article\" \/>\n<meta property=\"og:title\" content=\"2019 Suzuki 350 HP DF350ATX2 Outboard Motor\" \/>\n<meta property=\"og:description\" content=\"Get your product today! The 2019 Suzuki 350 HP DF350ATX2 Outboard Motor will be the best choice for you. Happy shopping!\" \/>\n<meta property=\"og:url\" content=\"https:\/\/apexoutboards.com\/it\/prodotto\/2019-suzuki-350-hp-df350atx2-outboard-motor\/\" \/>\n<meta property=\"og:site_name\" content=\"Apex Outboards\" \/>\n<meta property=\"article:modified_time\" content=\"2023-02-16T16:30:37+00:00\" \/>\n<meta property=\"og:image\" content=\"https:\/\/apexoutboards.com\/wp-content\/uploads\/2021\/12\/350-600x450-1.jpg\" \/>\n\t<meta property=\"og:image:width\" content=\"600\" \/>\n\t<meta property=\"og:image:height\" content=\"450\" \/>\n\t<meta property=\"og:image:type\" content=\"image\/jpeg\" \/>\n<meta name=\"twitter:card\" content=\"summary_large_image\" \/>\n<meta name=\"twitter:label1\" content=\"Tempo di lettura stimato\" \/>\n\t<meta name=\"twitter:data1\" content=\"1 minuto\" \/>\n<script type=\"application\/ld+json\" class=\"yoast-schema-graph\">{\"@context\":\"https:\/\/schema.org\",\"@graph\":[{\"@type\":\"WebPage\",\"@id\":\"https:\/\/apexoutboards.com\/product\/2019-suzuki-350-hp-df350atx2-outboard-motor\/\",\"url\":\"https:\/\/apexoutboards.com\/product\/2019-suzuki-350-hp-df350atx2-outboard-motor\/\",\"name\":\"2019 Suzuki 350 HP DF350ATX2 Outboard Motor\",\"isPartOf\":{\"@id\":\"https:\/\/apexoutboards.com\/#website\"},\"primaryImageOfPage\":{\"@id\":\"https:\/\/apexoutboards.com\/product\/2019-suzuki-350-hp-df350atx2-outboard-motor\/#primaryimage\"},\"image\":{\"@id\":\"https:\/\/apexoutboards.com\/product\/2019-suzuki-350-hp-df350atx2-outboard-motor\/#primaryimage\"},\"thumbnailUrl\":\"https:\/\/apexoutboards.com\/wp-content\/uploads\/2021\/12\/350-600x450-1.jpg\",\"datePublished\":\"2021-12-21T16:17:19+00:00\",\"dateModified\":\"2023-02-16T16:30:37+00:00\",\"description\":\"Get your product today! The 2019 Suzuki 350 HP DF350ATX2 Outboard Motor will be the best choice for you. Happy shopping!\",\"breadcrumb\":{\"@id\":\"https:\/\/apexoutboards.com\/product\/2019-suzuki-350-hp-df350atx2-outboard-motor\/#breadcrumb\"},\"inLanguage\":\"it-IT\",\"potentialAction\":[{\"@type\":\"ReadAction\",\"target\":[\"https:\/\/apexoutboards.com\/product\/2019-suzuki-350-hp-df350atx2-outboard-motor\/\"]}]},{\"@type\":\"ImageObject\",\"inLanguage\":\"it-IT\",\"@id\":\"https:\/\/apexoutboards.com\/product\/2019-suzuki-350-hp-df350atx2-outboard-motor\/#primaryimage\",\"url\":\"https:\/\/apexoutboards.com\/wp-content\/uploads\/2021\/12\/350-600x450-1.jpg\",\"contentUrl\":\"https:\/\/apexoutboards.com\/wp-content\/uploads\/2021\/12\/350-600x450-1.jpg\",\"width\":600,\"height\":450,\"caption\":\"2019 Suzuki 350 HP DF350ATX2 Outboard Motor\"},{\"@type\":\"BreadcrumbList\",\"@id\":\"https:\/\/apexoutboards.com\/product\/2019-suzuki-350-hp-df350atx2-outboard-motor\/#breadcrumb\",\"itemListElement\":[{\"@type\":\"ListItem\",\"position\":1,\"name\":\"Home\",\"item\":\"https:\/\/apexoutboards.com\/\"},{\"@type\":\"ListItem\",\"position\":2,\"name\":\"Shop\",\"item\":\"https:\/\/apexoutboards.com\/shop\/\"},{\"@type\":\"ListItem\",\"position\":3,\"name\":\"2019 Suzuki 350 HP DF350ATX2 Outboard Motor\"}]},{\"@type\":\"WebSite\",\"@id\":\"https:\/\/apexoutboards.com\/#website\",\"url\":\"https:\/\/apexoutboards.com\/\",\"name\":\"Apex Outboards\",\"description\":\"apexoutboards.com\",\"publisher\":{\"@id\":\"https:\/\/apexoutboards.com\/#organization\"},\"potentialAction\":[{\"@type\":\"SearchAction\",\"target\":{\"@type\":\"EntryPoint\",\"urlTemplate\":\"https:\/\/apexoutboards.com\/?s={search_term_string}\"},\"query-input\":{\"@type\":\"PropertyValueSpecification\",\"valueRequired\":true,\"valueName\":\"search_term_string\"}}],\"inLanguage\":\"it-IT\"},{\"@type\":\"Organization\",\"@id\":\"https:\/\/apexoutboards.com\/#organization\",\"name\":\"Apex Outboards\",\"url\":\"https:\/\/apexoutboards.com\/\",\"logo\":{\"@type\":\"ImageObject\",\"inLanguage\":\"it-IT\",\"@id\":\"https:\/\/apexoutboards.com\/#\/schema\/logo\/image\/\",\"url\":\"https:\/\/apexoutboards.com\/wp-content\/uploads\/2021\/12\/Screenshot_7.png\",\"contentUrl\":\"https:\/\/apexoutboards.com\/wp-content\/uploads\/2021\/12\/Screenshot_7.png\",\"width\":222,\"height\":103,\"caption\":\"Apex Outboards\"},\"image\":{\"@id\":\"https:\/\/apexoutboards.com\/#\/schema\/logo\/image\/\"}}]}<\/script>\n<!-- \/ Yoast SEO plugin. -->","yoast_head_json":{"title":"2019 Motore fuoribordo Suzuki 350 HP DF350ATX2","description":"Acquistate il vostro prodotto oggi stesso! Il motore fuoribordo 2019 Suzuki 350 HP DF350ATX2 sar\u00e0 la scelta migliore per voi. Buon acquisto!","robots":{"index":"index","follow":"follow","max-snippet":"max-snippet:-1","max-image-preview":"max-image-preview:large","max-video-preview":"max-video-preview:-1"},"canonical":"https:\/\/apexoutboards.com\/it\/prodotto\/2019-suzuki-350-hp-df350atx2-outboard-motor\/","og_locale":"it_IT","og_type":"article","og_title":"2019 Suzuki 350 HP DF350ATX2 Outboard Motor","og_description":"Get your product today! The 2019 Suzuki 350 HP DF350ATX2 Outboard Motor will be the best choice for you. Happy shopping!","og_url":"https:\/\/apexoutboards.com\/it\/prodotto\/2019-suzuki-350-hp-df350atx2-outboard-motor\/","og_site_name":"Apex Outboards","article_modified_time":"2023-02-16T16:30:37+00:00","og_image":[{"width":600,"height":450,"url":"https:\/\/apexoutboards.com\/wp-content\/uploads\/2021\/12\/350-600x450-1.jpg","type":"image\/jpeg"}],"twitter_card":"summary_large_image","twitter_misc":{"Tempo di lettura stimato":"1 minuto"},"schema":{"@context":"https:\/\/schema.org","@graph":[{"@type":"WebPage","@id":"https:\/\/apexoutboards.com\/product\/2019-suzuki-350-hp-df350atx2-outboard-motor\/","url":"https:\/\/apexoutboards.com\/product\/2019-suzuki-350-hp-df350atx2-outboard-motor\/","name":"2019 Motore fuoribordo Suzuki 350 HP DF350ATX2","isPartOf":{"@id":"https:\/\/apexoutboards.com\/#website"},"primaryImageOfPage":{"@id":"https:\/\/apexoutboards.com\/product\/2019-suzuki-350-hp-df350atx2-outboard-motor\/#primaryimage"},"image":{"@id":"https:\/\/apexoutboards.com\/product\/2019-suzuki-350-hp-df350atx2-outboard-motor\/#primaryimage"},"thumbnailUrl":"https:\/\/apexoutboards.com\/wp-content\/uploads\/2021\/12\/350-600x450-1.jpg","datePublished":"2021-12-21T16:17:19+00:00","dateModified":"2023-02-16T16:30:37+00:00","description":"Acquistate il vostro prodotto oggi stesso! Il motore fuoribordo 2019 Suzuki 350 HP DF350ATX2 sar\u00e0 la scelta migliore per voi. Buon acquisto!","breadcrumb":{"@id":"https:\/\/apexoutboards.com\/product\/2019-suzuki-350-hp-df350atx2-outboard-motor\/#breadcrumb"},"inLanguage":"it-IT","potentialAction":[{"@type":"ReadAction","target":["https:\/\/apexoutboards.com\/product\/2019-suzuki-350-hp-df350atx2-outboard-motor\/"]}]},{"@type":"ImageObject","inLanguage":"it-IT","@id":"https:\/\/apexoutboards.com\/product\/2019-suzuki-350-hp-df350atx2-outboard-motor\/#primaryimage","url":"https:\/\/apexoutboards.com\/wp-content\/uploads\/2021\/12\/350-600x450-1.jpg","contentUrl":"https:\/\/apexoutboards.com\/wp-content\/uploads\/2021\/12\/350-600x450-1.jpg","width":600,"height":450,"caption":"2019 Suzuki 350 HP DF350ATX2 Outboard Motor"},{"@type":"BreadcrumbList","@id":"https:\/\/apexoutboards.com\/product\/2019-suzuki-350-hp-df350atx2-outboard-motor\/#breadcrumb","itemListElement":[{"@type":"ListItem","position":1,"name":"Home","item":"https:\/\/apexoutboards.com\/"},{"@type":"ListItem","position":2,"name":"Shop","item":"https:\/\/apexoutboards.com\/shop\/"},{"@type":"ListItem","position":3,"name":"2019 Suzuki 350 HP DF350ATX2 Outboard Motor"}]},{"@type":"WebSite","@id":"https:\/\/apexoutboards.com\/#website","url":"https:\/\/apexoutboards.com\/","name":"Fuoribordo di prima classe","description":"apexoutboards.com","publisher":{"@id":"https:\/\/apexoutboards.com\/#organization"},"potentialAction":[{"@type":"SearchAction","target":{"@type":"EntryPoint","urlTemplate":"https:\/\/apexoutboards.com\/?s={search_term_string}"},"query-input":{"@type":"PropertyValueSpecification","valueRequired":true,"valueName":"search_term_string"}}],"inLanguage":"it-IT"},{"@type":"Organization","@id":"https:\/\/apexoutboards.com\/#organization","name":"Fuoribordo di prima classe","url":"https:\/\/apexoutboards.com\/","logo":{"@type":"ImageObject","inLanguage":"it-IT","@id":"https:\/\/apexoutboards.com\/#\/schema\/logo\/image\/","url":"https:\/\/apexoutboards.com\/wp-content\/uploads\/2021\/12\/Screenshot_7.png","contentUrl":"https:\/\/apexoutboards.com\/wp-content\/uploads\/2021\/12\/Screenshot_7.png","width":222,"height":103,"caption":"Apex Outboards"},"image":{"@id":"https:\/\/apexoutboards.com\/#\/schema\/logo\/image\/"}}]}},"jetpack_sharing_enabled":true,"_links":{"self":[{"href":"https:\/\/apexoutboards.com\/it\/wp-json\/wp\/v2\/product\/4792","targetHints":{"allow":["GET"]}}],"collection":[{"href":"https:\/\/apexoutboards.com\/it\/wp-json\/wp\/v2\/product"}],"about":[{"href":"https:\/\/apexoutboards.com\/it\/wp-json\/wp\/v2\/types\/product"}],"replies":[{"embeddable":true,"href":"https:\/\/apexoutboards.com\/it\/wp-json\/wp\/v2\/comments?post=4792"}],"version-history":[{"count":0,"href":"https:\/\/apexoutboards.com\/it\/wp-json\/wp\/v2\/product\/4792\/revisions"}],"wp:featuredmedia":[{"embeddable":true,"href":"https:\/\/apexoutboards.com\/it\/wp-json\/wp\/v2\/media\/4793"}],"wp:attachment":[{"href":"https:\/\/apexoutboards.com\/it\/wp-json\/wp\/v2\/media?parent=4792"}],"wp:term":[{"taxonomy":"product_brand","embeddable":true,"href":"https:\/\/apexoutboards.com\/it\/wp-json\/wp\/v2\/product_brand?post=4792"},{"taxonomy":"product_cat","embeddable":true,"href":"https:\/\/apexoutboards.com\/it\/wp-json\/wp\/v2\/product_cat?post=4792"},{"taxonomy":"product_tag","embeddable":true,"href":"https:\/\/apexoutboards.com\/it\/wp-json\/wp\/v2\/product_tag?post=4792"}],"curies":[{"name":"wp","href":"https:\/\/api.w.org\/{rel}","templated":true}]}}