{"id":4718,"date":"2021-12-21T21:20:59","date_gmt":"2021-12-21T10:20:59","guid":{"rendered":"https:\/\/apexoutboards.com\/?post_type=product&#038;p=4718"},"modified":"2023-02-17T03:40:59","modified_gmt":"2023-02-16T16:40:59","slug":"2021-suzuki-200-hp-df200ap-outboard-motor","status":"publish","type":"product","link":"https:\/\/apexoutboards.com\/it\/prodotto\/2021-suzuki-200-hp-df200ap-outboard-motor\/","title":{"rendered":"2021 Motore fuoribordo Suzuki 200 HP DF200AP"},"content":{"rendered":"<div id=\"tab-description\" class=\"tab-content\">\n<h2>2021 Motore fuoribordo Suzuki 200 HP DF200AP<\/h2>\n<div class=\"panel flex-sm-7 width-100\">\n<div id=\"overview\" class=\"panel-collapse collapse in\" role=\"tabpanel\" aria-label=\"panoramica\">\n<div class=\"row\">\n<div id=\"OEMDescription\" class=\"col-xs-12 wysiwyg-content\">\n<p><strong>Descrizione<\/strong><\/p>\n<div id=\"productDetailDescription\">\n<div class=\"productDescription\">\n<div class=\"primaryProductDescription\">\n<p>Il DF200AP incorpora il sistema di controllo di precisione Drive by Wire Suzuki per una risposta dell'acceleratore e una cambiata facili, fluide e precise. Il modello AP incorpora anche la rotazione selettiva Suzuki, che consente al fuoribordo di funzionare in senso orario o standard. Il DF200AP \u00e8 basato su una testata a quattro cilindri in linea DOHC con una cilindrata di 2.879 cm3 (174,0 cu.in.). Questo motore a quattro tempi ha una grande cilindrata, una grande coppia, una grande potenza ed \u00e8 ricco di tecnologia. Il motore DF200AP \u00e8 un motore pulito ed \u00e8 stato certificato con la classificazione 3-Star Ultra-Low Emission dal California Air Resources Board (CARB) ed \u00e8 anche conforme allo standard EPA 2010. Quindi, se volete correre con un vincitore collaudato, scegliete un quattro tempi.<\/p>\n<\/div>\n<div id=\"itemGroup\" class=\"productItemGroup\">\n<p class=\"productItemGroupName\" role=\"heading\"><strong>Caratteristiche<\/strong><\/p>\n<ul class=\"itemGroupFeatures\">\n<li id=\"98570805\" class=\"productFeature\">02 Sistema di controllo a retroazione del sensore<\/li>\n<li id=\"98570806\" class=\"productFeature\">Iniezione elettronica del carburante<\/li>\n<li id=\"98570807\" class=\"productFeature\">Sistema di controllo di precisione Suzuki<\/li>\n<li id=\"98570808\" class=\"productFeature\">Iniezione elettronica sequenziale multi-punto<\/li>\n<li id=\"98570809\" class=\"productFeature\">Sistema di riduzione a due stadi<\/li>\n<li id=\"98570810\" class=\"productFeature\">Albero di trasmissione disassato<\/li>\n<li id=\"98570811\" class=\"productFeature\">Accensione diretta<\/li>\n<li id=\"98570812\" class=\"productFeature\">Limitatore di sovraregolazione<\/li>\n<li id=\"98570813\" class=\"productFeature\">Attenzione alla bassa pressione dell'olio<\/li>\n<li id=\"98570814\" class=\"productFeature\">Accensione diretta<\/li>\n<li id=\"98570815\" class=\"productFeature\">Catena dentata<\/li>\n<li id=\"98570816\" class=\"productFeature\">Sistema di lavaggio ad acqua dolce<\/li>\n<li id=\"98570817\" class=\"productFeature\">Trim e Tilt elettrici<\/li>\n<li id=\"98570818\" class=\"productFeature\">Limite di inclinazione<\/li>\n<li id=\"98570819\" class=\"productFeature\">Pickup del tachimetro sulla scatola del cambio<\/li>\n<li id=\"98570820\" class=\"productFeature\">Il colore standard \u00e8 il nero nebulare perlato - ora disponibile in bianco freddo<\/li>\n<li id=\"98570821\" class=\"productFeature\">Sistema anticorrosione Suzuki<\/li>\n<\/ul>\n<p class=\"productFeature\">\n<p class=\"productItemGroupName\" role=\"heading\"><strong>Specifiche tecniche<\/strong><\/p>\n<ul class=\"itemGroupFeatures\">\n<li id=\"98570822\" class=\"productFeature\">Colore della carrozzeria: nero nebuloso perlato o bianco freddo<\/li>\n<li id=\"98570823\" class=\"productFeature\">Altezza consigliata dello specchio di poppa (pollici): 25<\/li>\n<li id=\"98570824\" class=\"productFeature\">Sistema di avviamento: Elettrico<\/li>\n<li id=\"98570825\" class=\"productFeature\">Peso LBS: Cambio meccanico: 529 \/ Drive by Wire: 531<\/li>\n<li id=\"98570826\" class=\"productFeature\">Tipo di motore: DOHC 16 valvole<\/li>\n<li id=\"98570827\" class=\"productFeature\">Sistema di erogazione del carburante: Iniezione elettronica sequenziale multipoint<\/li>\n<li id=\"98570828\" class=\"productFeature\">Numero di cilindri: In linea 4<\/li>\n<li id=\"98570829\" class=\"productFeature\">Cilindrata in pollici (cc): 175.9 (2,867)<\/li>\n<li id=\"98570830\" class=\"productFeature\">Alesaggio X Corsa Pollici (mm): 3,81 x 3,81 (97 x 97)<\/li>\n<li id=\"98570831\" class=\"productFeature\">Potenza massima in uscita: 200<\/li>\n<li id=\"98570832\" class=\"productFeature\">Gamma operativa (RPM): 5500-6100<\/li>\n<li id=\"98570833\" class=\"productFeature\">Sterzo: Remoto<\/li>\n<li id=\"98570835\" class=\"productFeature\">Capacit\u00e0 della coppa dell'olio Quarti (litri): 8.5 (8.0)<\/li>\n<li id=\"98570836\" class=\"productFeature\">Sistema di accensione: Accensione diretta allo stato solido<\/li>\n<li id=\"98570837\" class=\"productFeature\">Alternatore: 12V 44A<\/li>\n<li id=\"98570838\" class=\"productFeature\">Posizione del trim: Power Trim e Tilt<\/li>\n<li id=\"98570839\" class=\"productFeature\">Rapporto di trasmissione: 2,50:1<\/li>\n<li id=\"98570840\" class=\"productFeature\">Elica standard: Opzionale; Selezione dell'elica: 17 - 27.5<\/li>\n<\/ul>\n<\/div>\n<\/div>\n<\/div>\n<\/div>\n<\/div>\n<\/div>\n<\/div>\n<\/div>\n<div style=\"display:none;\">\n\t<a href=\"https:\/\/yoast.com\/\">Yoast<\/a><br \/>\n\t<a href=\"https:\/\/apexoutboards.com\/it\/\">pannelli di prima classe<\/a><br \/>\n\t<img decoding=\"async\" src=\"https:\/\/apexoutboards.com\/wp-content\/uploads\/2021\/12\/PNG_Transparent_High-Resolution_300-_Dpi-1-1-1536x650.png\" alt=\"\"><br \/>\n\tApex Outboards \u00e8 il pi\u00f9 grande rivenditore di motori fuoribordo degli Stati Uniti. I membri del nostro team offrono il miglior servizio clienti e le migliori conoscenze tecniche di qualsiasi altro rivenditore di motori fuoribordo.\n<\/div>","protected":false},"excerpt":{"rendered":"<p><strong>Condizioni:<\/strong> Nuovo<br \/>\n<strong>Spedizione:<\/strong> Pronto per la spedizione<\/p>\n<p>Ci impegniamo a fornire il miglior servizio al cliente. Non esitate a contattarci per ricevere assistenza. Tutte le informazioni ricevute rimarranno sempre riservate.<\/p>","protected":false},"featured_media":4691,"comment_status":"open","ping_status":"closed","template":"","meta":{"ocean_post_layout":"","ocean_both_sidebars_style":"","ocean_both_sidebars_content_width":0,"ocean_both_sidebars_sidebars_width":0,"ocean_sidebar":"0","ocean_second_sidebar":"0","ocean_disable_margins":"enable","ocean_add_body_class":"","ocean_shortcode_before_top_bar":"","ocean_shortcode_after_top_bar":"","ocean_shortcode_before_header":"","ocean_shortcode_after_header":"","ocean_has_shortcode":"","ocean_shortcode_after_title":"","ocean_shortcode_before_footer_widgets":"","ocean_shortcode_after_footer_widgets":"","ocean_shortcode_before_footer_bottom":"","ocean_shortcode_after_footer_bottom":"","ocean_display_top_bar":"default","ocean_display_header":"default","ocean_header_style":"","ocean_center_header_left_menu":"0","ocean_custom_header_template":"0","ocean_custom_logo":0,"ocean_custom_retina_logo":0,"ocean_custom_logo_max_width":0,"ocean_custom_logo_tablet_max_width":0,"ocean_custom_logo_mobile_max_width":0,"ocean_custom_logo_max_height":0,"ocean_custom_logo_tablet_max_height":0,"ocean_custom_logo_mobile_max_height":0,"ocean_header_custom_menu":"0","ocean_menu_typo_font_family":"0","ocean_menu_typo_font_subset":"","ocean_menu_typo_font_size":0,"ocean_menu_typo_font_size_tablet":0,"ocean_menu_typo_font_size_mobile":0,"ocean_menu_typo_font_size_unit":"px","ocean_menu_typo_font_weight":"","ocean_menu_typo_font_weight_tablet":"","ocean_menu_typo_font_weight_mobile":"","ocean_menu_typo_transform":"","ocean_menu_typo_transform_tablet":"","ocean_menu_typo_transform_mobile":"","ocean_menu_typo_line_height":0,"ocean_menu_typo_line_height_tablet":0,"ocean_menu_typo_line_height_mobile":0,"ocean_menu_typo_line_height_unit":"","ocean_menu_typo_spacing":0,"ocean_menu_typo_spacing_tablet":0,"ocean_menu_typo_spacing_mobile":0,"ocean_menu_typo_spacing_unit":"","ocean_menu_link_color":"","ocean_menu_link_color_hover":"","ocean_menu_link_color_active":"","ocean_menu_link_background":"","ocean_menu_link_hover_background":"","ocean_menu_link_active_background":"","ocean_menu_social_links_bg":"","ocean_menu_social_hover_links_bg":"","ocean_menu_social_links_color":"","ocean_menu_social_hover_links_color":"","ocean_disable_title":"default","ocean_disable_heading":"default","ocean_post_title":"","ocean_post_subheading":"","ocean_post_title_style":"","ocean_post_title_background_color":"","ocean_post_title_background":0,"ocean_post_title_bg_image_position":"","ocean_post_title_bg_image_attachment":"","ocean_post_title_bg_image_repeat":"","ocean_post_title_bg_image_size":"","ocean_post_title_height":0,"ocean_post_title_bg_overlay":0.5,"ocean_post_title_bg_overlay_color":"","ocean_disable_breadcrumbs":"default","ocean_breadcrumbs_color":"","ocean_breadcrumbs_separator_color":"","ocean_breadcrumbs_links_color":"","ocean_breadcrumbs_links_hover_color":"","ocean_display_footer_widgets":"default","ocean_display_footer_bottom":"default","ocean_custom_footer_template":"0"},"product_brand":[],"product_cat":[131,46,192],"product_tag":[],"class_list":{"0":"post-4718","1":"product","2":"type-product","3":"status-publish","4":"has-post-thumbnail","6":"product_cat-200-hp","7":"product_cat-suzuki","8":"product_cat-suzuki-200-hp","10":"entry","11":"has-media","13":"first","14":"instock","15":"sale","16":"shipping-taxable","17":"purchasable","18":"product-type-variable","19":"has-product-nav","20":"col","21":"span_1_of_4","22":"owp-content-center","23":"owp-thumbs-layout-horizontal","24":"owp-btn-normal","25":"owp-tabs-layout-horizontal","26":"has-no-thumbnails","28":"circle-sale"},"yoast_head":"<!-- This site is optimized with the Yoast SEO plugin v27.2 - https:\/\/yoast.com\/product\/yoast-seo-wordpress\/ -->\n<title>2021 Suzuki 200 HP DF200AP Outboard Motor<\/title>\n<meta name=\"description\" content=\"Get your product today! The 2021 Suzuki 200 HP DF200AP Outboard Motor will be the best choice for you. Happy shopping!\" \/>\n<meta name=\"robots\" content=\"index, follow, max-snippet:-1, max-image-preview:large, max-video-preview:-1\" \/>\n<link rel=\"canonical\" href=\"https:\/\/apexoutboards.com\/it\/prodotto\/2021-suzuki-200-hp-df200ap-outboard-motor\/\" \/>\n<meta property=\"og:locale\" content=\"it_IT\" \/>\n<meta property=\"og:type\" content=\"article\" \/>\n<meta property=\"og:title\" content=\"2021 Suzuki 200 HP DF200AP Outboard Motor\" \/>\n<meta property=\"og:description\" content=\"Get your product today! The 2021 Suzuki 200 HP DF200AP Outboard Motor will be the best choice for you. Happy shopping!\" \/>\n<meta property=\"og:url\" content=\"https:\/\/apexoutboards.com\/it\/prodotto\/2021-suzuki-200-hp-df200ap-outboard-motor\/\" \/>\n<meta property=\"og:site_name\" content=\"Apex Outboards\" \/>\n<meta property=\"article:modified_time\" content=\"2023-02-16T16:40:59+00:00\" \/>\n<meta property=\"og:image\" content=\"https:\/\/apexoutboards.com\/wp-content\/uploads\/2021\/12\/200-1-600x450-2.jpg\" \/>\n\t<meta property=\"og:image:width\" content=\"600\" \/>\n\t<meta property=\"og:image:height\" content=\"450\" \/>\n\t<meta property=\"og:image:type\" content=\"image\/jpeg\" \/>\n<meta name=\"twitter:card\" content=\"summary_large_image\" \/>\n<meta name=\"twitter:label1\" content=\"Tempo di lettura stimato\" \/>\n\t<meta name=\"twitter:data1\" content=\"2 minuti\" \/>\n<script type=\"application\/ld+json\" class=\"yoast-schema-graph\">{\"@context\":\"https:\/\/schema.org\",\"@graph\":[{\"@type\":\"WebPage\",\"@id\":\"https:\/\/apexoutboards.com\/product\/2021-suzuki-200-hp-df200ap-outboard-motor\/\",\"url\":\"https:\/\/apexoutboards.com\/product\/2021-suzuki-200-hp-df200ap-outboard-motor\/\",\"name\":\"2021 Suzuki 200 HP DF200AP Outboard Motor\",\"isPartOf\":{\"@id\":\"https:\/\/apexoutboards.com\/#website\"},\"primaryImageOfPage\":{\"@id\":\"https:\/\/apexoutboards.com\/product\/2021-suzuki-200-hp-df200ap-outboard-motor\/#primaryimage\"},\"image\":{\"@id\":\"https:\/\/apexoutboards.com\/product\/2021-suzuki-200-hp-df200ap-outboard-motor\/#primaryimage\"},\"thumbnailUrl\":\"https:\/\/apexoutboards.com\/wp-content\/uploads\/2021\/12\/200-1-600x450-2.jpg\",\"datePublished\":\"2021-12-21T10:20:59+00:00\",\"dateModified\":\"2023-02-16T16:40:59+00:00\",\"description\":\"Get your product today! The 2021 Suzuki 200 HP DF200AP Outboard Motor will be the best choice for you. Happy shopping!\",\"breadcrumb\":{\"@id\":\"https:\/\/apexoutboards.com\/product\/2021-suzuki-200-hp-df200ap-outboard-motor\/#breadcrumb\"},\"inLanguage\":\"it-IT\",\"potentialAction\":[{\"@type\":\"ReadAction\",\"target\":[\"https:\/\/apexoutboards.com\/product\/2021-suzuki-200-hp-df200ap-outboard-motor\/\"]}]},{\"@type\":\"ImageObject\",\"inLanguage\":\"it-IT\",\"@id\":\"https:\/\/apexoutboards.com\/product\/2021-suzuki-200-hp-df200ap-outboard-motor\/#primaryimage\",\"url\":\"https:\/\/apexoutboards.com\/wp-content\/uploads\/2021\/12\/200-1-600x450-2.jpg\",\"contentUrl\":\"https:\/\/apexoutboards.com\/wp-content\/uploads\/2021\/12\/200-1-600x450-2.jpg\",\"width\":600,\"height\":450,\"caption\":\"2019 Suzuki 200 HP DF200APLW2 Outboard Motor\"},{\"@type\":\"BreadcrumbList\",\"@id\":\"https:\/\/apexoutboards.com\/product\/2021-suzuki-200-hp-df200ap-outboard-motor\/#breadcrumb\",\"itemListElement\":[{\"@type\":\"ListItem\",\"position\":1,\"name\":\"Home\",\"item\":\"https:\/\/apexoutboards.com\/\"},{\"@type\":\"ListItem\",\"position\":2,\"name\":\"Shop\",\"item\":\"https:\/\/apexoutboards.com\/shop\/\"},{\"@type\":\"ListItem\",\"position\":3,\"name\":\"2021 Suzuki 200 HP DF200AP Outboard Motor\"}]},{\"@type\":\"WebSite\",\"@id\":\"https:\/\/apexoutboards.com\/#website\",\"url\":\"https:\/\/apexoutboards.com\/\",\"name\":\"Apex Outboards\",\"description\":\"apexoutboards.com\",\"publisher\":{\"@id\":\"https:\/\/apexoutboards.com\/#organization\"},\"potentialAction\":[{\"@type\":\"SearchAction\",\"target\":{\"@type\":\"EntryPoint\",\"urlTemplate\":\"https:\/\/apexoutboards.com\/?s={search_term_string}\"},\"query-input\":{\"@type\":\"PropertyValueSpecification\",\"valueRequired\":true,\"valueName\":\"search_term_string\"}}],\"inLanguage\":\"it-IT\"},{\"@type\":\"Organization\",\"@id\":\"https:\/\/apexoutboards.com\/#organization\",\"name\":\"Apex Outboards\",\"url\":\"https:\/\/apexoutboards.com\/\",\"logo\":{\"@type\":\"ImageObject\",\"inLanguage\":\"it-IT\",\"@id\":\"https:\/\/apexoutboards.com\/#\/schema\/logo\/image\/\",\"url\":\"https:\/\/apexoutboards.com\/wp-content\/uploads\/2021\/12\/Screenshot_7.png\",\"contentUrl\":\"https:\/\/apexoutboards.com\/wp-content\/uploads\/2021\/12\/Screenshot_7.png\",\"width\":222,\"height\":103,\"caption\":\"Apex Outboards\"},\"image\":{\"@id\":\"https:\/\/apexoutboards.com\/#\/schema\/logo\/image\/\"}}]}<\/script>\n<!-- \/ Yoast SEO plugin. -->","yoast_head_json":{"title":"2021 Motore fuoribordo Suzuki 200 HP DF200AP","description":"Acquistate il vostro prodotto oggi stesso! Il motore fuoribordo Suzuki 200 HP DF200AP 2021 sar\u00e0 la scelta migliore per voi. Buon acquisto!","robots":{"index":"index","follow":"follow","max-snippet":"max-snippet:-1","max-image-preview":"max-image-preview:large","max-video-preview":"max-video-preview:-1"},"canonical":"https:\/\/apexoutboards.com\/it\/prodotto\/2021-suzuki-200-hp-df200ap-outboard-motor\/","og_locale":"it_IT","og_type":"article","og_title":"2021 Suzuki 200 HP DF200AP Outboard Motor","og_description":"Get your product today! The 2021 Suzuki 200 HP DF200AP Outboard Motor will be the best choice for you. Happy shopping!","og_url":"https:\/\/apexoutboards.com\/it\/prodotto\/2021-suzuki-200-hp-df200ap-outboard-motor\/","og_site_name":"Apex Outboards","article_modified_time":"2023-02-16T16:40:59+00:00","og_image":[{"width":600,"height":450,"url":"https:\/\/apexoutboards.com\/wp-content\/uploads\/2021\/12\/200-1-600x450-2.jpg","type":"image\/jpeg"}],"twitter_card":"summary_large_image","twitter_misc":{"Tempo di lettura stimato":"2 minuti"},"schema":{"@context":"https:\/\/schema.org","@graph":[{"@type":"WebPage","@id":"https:\/\/apexoutboards.com\/product\/2021-suzuki-200-hp-df200ap-outboard-motor\/","url":"https:\/\/apexoutboards.com\/product\/2021-suzuki-200-hp-df200ap-outboard-motor\/","name":"2021 Motore fuoribordo Suzuki 200 HP DF200AP","isPartOf":{"@id":"https:\/\/apexoutboards.com\/#website"},"primaryImageOfPage":{"@id":"https:\/\/apexoutboards.com\/product\/2021-suzuki-200-hp-df200ap-outboard-motor\/#primaryimage"},"image":{"@id":"https:\/\/apexoutboards.com\/product\/2021-suzuki-200-hp-df200ap-outboard-motor\/#primaryimage"},"thumbnailUrl":"https:\/\/apexoutboards.com\/wp-content\/uploads\/2021\/12\/200-1-600x450-2.jpg","datePublished":"2021-12-21T10:20:59+00:00","dateModified":"2023-02-16T16:40:59+00:00","description":"Acquistate il vostro prodotto oggi stesso! Il motore fuoribordo Suzuki 200 HP DF200AP 2021 sar\u00e0 la scelta migliore per voi. Buon acquisto!","breadcrumb":{"@id":"https:\/\/apexoutboards.com\/product\/2021-suzuki-200-hp-df200ap-outboard-motor\/#breadcrumb"},"inLanguage":"it-IT","potentialAction":[{"@type":"ReadAction","target":["https:\/\/apexoutboards.com\/product\/2021-suzuki-200-hp-df200ap-outboard-motor\/"]}]},{"@type":"ImageObject","inLanguage":"it-IT","@id":"https:\/\/apexoutboards.com\/product\/2021-suzuki-200-hp-df200ap-outboard-motor\/#primaryimage","url":"https:\/\/apexoutboards.com\/wp-content\/uploads\/2021\/12\/200-1-600x450-2.jpg","contentUrl":"https:\/\/apexoutboards.com\/wp-content\/uploads\/2021\/12\/200-1-600x450-2.jpg","width":600,"height":450,"caption":"2019 Suzuki 200 HP DF200APLW2 Outboard Motor"},{"@type":"BreadcrumbList","@id":"https:\/\/apexoutboards.com\/product\/2021-suzuki-200-hp-df200ap-outboard-motor\/#breadcrumb","itemListElement":[{"@type":"ListItem","position":1,"name":"Home","item":"https:\/\/apexoutboards.com\/"},{"@type":"ListItem","position":2,"name":"Shop","item":"https:\/\/apexoutboards.com\/shop\/"},{"@type":"ListItem","position":3,"name":"2021 Suzuki 200 HP DF200AP Outboard Motor"}]},{"@type":"WebSite","@id":"https:\/\/apexoutboards.com\/#website","url":"https:\/\/apexoutboards.com\/","name":"Fuoribordo di prima classe","description":"apexoutboards.com","publisher":{"@id":"https:\/\/apexoutboards.com\/#organization"},"potentialAction":[{"@type":"SearchAction","target":{"@type":"EntryPoint","urlTemplate":"https:\/\/apexoutboards.com\/?s={search_term_string}"},"query-input":{"@type":"PropertyValueSpecification","valueRequired":true,"valueName":"search_term_string"}}],"inLanguage":"it-IT"},{"@type":"Organization","@id":"https:\/\/apexoutboards.com\/#organization","name":"Fuoribordo di prima classe","url":"https:\/\/apexoutboards.com\/","logo":{"@type":"ImageObject","inLanguage":"it-IT","@id":"https:\/\/apexoutboards.com\/#\/schema\/logo\/image\/","url":"https:\/\/apexoutboards.com\/wp-content\/uploads\/2021\/12\/Screenshot_7.png","contentUrl":"https:\/\/apexoutboards.com\/wp-content\/uploads\/2021\/12\/Screenshot_7.png","width":222,"height":103,"caption":"Apex Outboards"},"image":{"@id":"https:\/\/apexoutboards.com\/#\/schema\/logo\/image\/"}}]}},"jetpack_sharing_enabled":true,"_links":{"self":[{"href":"https:\/\/apexoutboards.com\/it\/wp-json\/wp\/v2\/product\/4718","targetHints":{"allow":["GET"]}}],"collection":[{"href":"https:\/\/apexoutboards.com\/it\/wp-json\/wp\/v2\/product"}],"about":[{"href":"https:\/\/apexoutboards.com\/it\/wp-json\/wp\/v2\/types\/product"}],"replies":[{"embeddable":true,"href":"https:\/\/apexoutboards.com\/it\/wp-json\/wp\/v2\/comments?post=4718"}],"version-history":[{"count":0,"href":"https:\/\/apexoutboards.com\/it\/wp-json\/wp\/v2\/product\/4718\/revisions"}],"wp:featuredmedia":[{"embeddable":true,"href":"https:\/\/apexoutboards.com\/it\/wp-json\/wp\/v2\/media\/4691"}],"wp:attachment":[{"href":"https:\/\/apexoutboards.com\/it\/wp-json\/wp\/v2\/media?parent=4718"}],"wp:term":[{"taxonomy":"product_brand","embeddable":true,"href":"https:\/\/apexoutboards.com\/it\/wp-json\/wp\/v2\/product_brand?post=4718"},{"taxonomy":"product_cat","embeddable":true,"href":"https:\/\/apexoutboards.com\/it\/wp-json\/wp\/v2\/product_cat?post=4718"},{"taxonomy":"product_tag","embeddable":true,"href":"https:\/\/apexoutboards.com\/it\/wp-json\/wp\/v2\/product_tag?post=4718"}],"curies":[{"name":"wp","href":"https:\/\/api.w.org\/{rel}","templated":true}]}}