{"id":3256,"date":"2021-12-17T05:16:59","date_gmt":"2021-12-16T18:16:59","guid":{"rendered":"https:\/\/apexoutboards.com\/?post_type=product&#038;p=3256"},"modified":"2023-02-17T04:56:50","modified_gmt":"2023-02-16T17:56:50","slug":"2022-tohatsu-6-hp-mfs6dws-outboard-motor","status":"publish","type":"product","link":"https:\/\/apexoutboards.com\/it\/prodotto\/2022-tohatsu-6-hp-mfs6dws-outboard-motor\/","title":{"rendered":"2022 Motore fuoribordo Tohatsu 6 HP MFS6DWS"},"content":{"rendered":"<p>CARATTERISTICHE<\/p>\n<div class=\"tab-content\">\n<div id=\"tab1\" class=\"tab-pane active\">\n<div class=\"rte\">\n<div class=\"custom-field custom-field__description_ob custom-field__type--html\">\n<div class=\"custom-field--value\">\n<ul>\n<li>Nuovo modello \"D\" ridisegnato<\/li>\n<li>Sistema di accensione digitale CD avanzato<\/li>\n<li>Indicatore di bassa pressione dell'olio<\/li>\n<li>Limitatore di giri ESG Over Rev<\/li>\n<li>Costruzione in lega marina di alta qualit\u00e0<\/li>\n<li>Alloggiamento della pompa dell'acqua in acciaio inox<\/li>\n<li>Passaggi d'acqua rivestiti di zinco<\/li>\n<li>Classificato per acqua salata<\/li>\n<li>Anodi sacrificali di zinco<\/li>\n<li>Regolazione dell'attrito dello sterzo<\/li>\n<li>Selettore del cambio montato in avanti<\/li>\n<li>Acceleratore Twist-Grip con controllo di tensione<\/li>\n<li>Maniglia di trasporto integrata<\/li>\n<li>Protezione all'avviamento<\/li>\n<li>Raffreddamento a controllo termostatico<\/li>\n<li>Sistema avanzato di induzione a flusso incrociato<\/li>\n<li>Guida in acque poco profonde; 6 posizioni di assetto<\/li>\n<li>Scarico silenzioso attraverso l'elica<\/li>\n<li>Serbatoio carburante da 3,1 galloni \/ Linea carburante<\/li>\n<li>Interruttore di sicurezza con cordino<\/li>\n<li>Manuale operativo e kit di attrezzi di emergenza<\/li>\n<li>Garanzia di 5 anni Tohatsu<\/li>\n<\/ul>\n<\/div>\n<\/div>\n<\/div>\n<\/div>\n<\/div>\n<div style=\"display:none;\">\n\t<a href=\"https:\/\/yoast.com\/\">Yoast<\/a><br \/>\n\t<a href=\"https:\/\/apexoutboards.com\/it\/\">pannelli di prima classe<\/a><br \/>\n\t<img decoding=\"async\" src=\"https:\/\/apexoutboards.com\/wp-content\/uploads\/2021\/12\/PNG_Transparent_High-Resolution_300-_Dpi-1-1-1536x650.png\" alt=\"\"><br \/>\n\tApex Outboards \u00e8 il pi\u00f9 grande rivenditore di motori fuoribordo degli Stati Uniti. I membri del nostro team offrono il miglior servizio clienti e le migliori conoscenze tecniche di qualsiasi altro rivenditore di motori fuoribordo.\n<\/div>","protected":false},"excerpt":{"rendered":"<div class=\"rte\">\n<p>Il nuovo motore fuoribordo Tohatsu Beluga White da 6 CV \u00e8 il pi\u00f9 grande modello monocilindrico offerto da Tohatsu. Il nuovo MFS6DWS \u00e8 dotato di cofani superiori e inferiori di nuova concezione, basati sulla filosofia di progettazione Tohatsu per i prodotti marini, posizioni di stivaggio a tre vie senza preoccuparsi della fuoriuscita dell'olio, emissioni bassissime, omologazione EPA e CARB 3-Star e maniglie di trasporto anteriori e posteriori di nuova concezione per facilitare il trasporto.  L'MFS6DWS \u00e8 il modello con albero corto da 15 pollici e include un serbatoio esterno da 3 galloni e un gruppo di tubazioni per il carburante. Se siete alla ricerca di una potenza leggera e portatile, il motore fuoribordo Tohatsu da 6 CV \u00e8 una scelta eccellente per una variet\u00e0 di piccole imbarcazioni, oltre che come potenza ausiliaria per le barche a vela e come potenza trolling\/kicker per le barche da pesca pi\u00f9 grandi. Sia che stiate navigando in porto, pescando nelle acque interne o esplorando i grandi spazi aperti, il leggero motore fuoribordo Tohatsu da 6 CV offre ai diportisti una potenza portatile affidabile a un prezzo accessibile.<\/p>\n<p><strong><em>*Ora solo in Beluga White.<\/em><\/strong><\/p>\n<p><strong>6 CV <span class=\"specLabel\">POTENZA CAVALIERA<\/span><\/strong><\/p>\n<\/div>\n<div class=\"prod_sku_vend\">\n<div class=\"\">\n<div class=\"col-xs-12 col-lg-6\">\n<div class=\"prodInfo text-center\">\n<div class=\"spec\"><strong>57,0 lb <span class=\"specLabel\">PESO<\/span><\/strong><\/div>\n<div><\/div>\n<\/div>\n<\/div>\n<div class=\"col-xs-12 col-lg-6\">\n<table class=\"table table-condensed\">\n<tbody>\n<tr>\n<th>Lunghezza dell'albero:<\/th>\n<td>15\u2033 (Corto)<\/td>\n<\/tr>\n<tr>\n<th>Inizio:<\/th>\n<td>Manuale<\/td>\n<\/tr>\n<\/tbody>\n<\/table>\n<\/div>\n<\/div>\n<\/div>\n<p><img decoding=\"async\" class=\"alignnone wp-image-3253 size-thumbnail\" src=\"https:\/\/apexoutboards.com\/wp-content\/uploads\/2021\/12\/5year_warranty_logo-150x150.jpg\" alt=\"\" width=\"150\" height=\"150\" srcset=\"https:\/\/apexoutboards.com\/wp-content\/uploads\/2021\/12\/5year_warranty_logo-150x150.jpg 150w, https:\/\/apexoutboards.com\/wp-content\/uploads\/2021\/12\/5year_warranty_logo-100x100.jpg 100w, https:\/\/apexoutboards.com\/wp-content\/uploads\/2021\/12\/5year_warranty_logo-600x600.jpg 600w, https:\/\/apexoutboards.com\/wp-content\/uploads\/2021\/12\/5year_warranty_logo-300x300.jpg 300w, https:\/\/apexoutboards.com\/wp-content\/uploads\/2021\/12\/5year_warranty_logo.jpg 640w\" sizes=\"(max-width: 150px) 100vw, 150px\" \/><\/p>","protected":false},"featured_media":3252,"comment_status":"open","ping_status":"closed","template":"","meta":{"ocean_post_layout":"","ocean_both_sidebars_style":"","ocean_both_sidebars_content_width":0,"ocean_both_sidebars_sidebars_width":0,"ocean_sidebar":"0","ocean_second_sidebar":"0","ocean_disable_margins":"enable","ocean_add_body_class":"","ocean_shortcode_before_top_bar":"","ocean_shortcode_after_top_bar":"","ocean_shortcode_before_header":"","ocean_shortcode_after_header":"","ocean_has_shortcode":"","ocean_shortcode_after_title":"","ocean_shortcode_before_footer_widgets":"","ocean_shortcode_after_footer_widgets":"","ocean_shortcode_before_footer_bottom":"","ocean_shortcode_after_footer_bottom":"","ocean_display_top_bar":"default","ocean_display_header":"default","ocean_header_style":"","ocean_center_header_left_menu":"0","ocean_custom_header_template":"0","ocean_custom_logo":0,"ocean_custom_retina_logo":0,"ocean_custom_logo_max_width":0,"ocean_custom_logo_tablet_max_width":0,"ocean_custom_logo_mobile_max_width":0,"ocean_custom_logo_max_height":0,"ocean_custom_logo_tablet_max_height":0,"ocean_custom_logo_mobile_max_height":0,"ocean_header_custom_menu":"0","ocean_menu_typo_font_family":"0","ocean_menu_typo_font_subset":"","ocean_menu_typo_font_size":0,"ocean_menu_typo_font_size_tablet":0,"ocean_menu_typo_font_size_mobile":0,"ocean_menu_typo_font_size_unit":"px","ocean_menu_typo_font_weight":"","ocean_menu_typo_font_weight_tablet":"","ocean_menu_typo_font_weight_mobile":"","ocean_menu_typo_transform":"","ocean_menu_typo_transform_tablet":"","ocean_menu_typo_transform_mobile":"","ocean_menu_typo_line_height":0,"ocean_menu_typo_line_height_tablet":0,"ocean_menu_typo_line_height_mobile":0,"ocean_menu_typo_line_height_unit":"","ocean_menu_typo_spacing":0,"ocean_menu_typo_spacing_tablet":0,"ocean_menu_typo_spacing_mobile":0,"ocean_menu_typo_spacing_unit":"","ocean_menu_link_color":"","ocean_menu_link_color_hover":"","ocean_menu_link_color_active":"","ocean_menu_link_background":"","ocean_menu_link_hover_background":"","ocean_menu_link_active_background":"","ocean_menu_social_links_bg":"","ocean_menu_social_hover_links_bg":"","ocean_menu_social_links_color":"","ocean_menu_social_hover_links_color":"","ocean_disable_title":"default","ocean_disable_heading":"default","ocean_post_title":"","ocean_post_subheading":"","ocean_post_title_style":"","ocean_post_title_background_color":"","ocean_post_title_background":0,"ocean_post_title_bg_image_position":"","ocean_post_title_bg_image_attachment":"","ocean_post_title_bg_image_repeat":"","ocean_post_title_bg_image_size":"","ocean_post_title_height":0,"ocean_post_title_bg_overlay":0.5,"ocean_post_title_bg_overlay_color":"","ocean_disable_breadcrumbs":"default","ocean_breadcrumbs_color":"","ocean_breadcrumbs_separator_color":"","ocean_breadcrumbs_links_color":"","ocean_breadcrumbs_links_hover_color":"","ocean_display_footer_widgets":"default","ocean_display_footer_bottom":"default","ocean_custom_footer_template":"0"},"product_brand":[],"product_cat":[63,77,86,84,78,83,82,81,44,107],"product_tag":[],"class_list":{"0":"post-3256","1":"product","2":"type-product","3":"status-publish","4":"has-post-thumbnail","6":"product_cat-6-hp","7":"product_cat-best-selling","8":"product_cat-fishing-boat-engines","9":"product_cat-jon-boat-motors","10":"product_cat-kicker-outboard-motors","11":"product_cat-outboards-for-solo-skiff","12":"product_cat-sailboat-motors","13":"product_cat-small-boat-motors","14":"product_cat-tohatsu","15":"product_cat-tohatsu-6-hp","17":"entry","18":"has-media","20":"first","21":"instock","22":"sale","23":"shipping-taxable","24":"purchasable","25":"product-type-simple","26":"has-product-nav","27":"col","28":"span_1_of_4","29":"owp-content-center","30":"owp-thumbs-layout-horizontal","31":"owp-btn-normal","32":"owp-tabs-layout-horizontal","33":"has-no-thumbnails","35":"circle-sale"},"yoast_head":"<!-- This site is optimized with the Yoast SEO plugin v27.2 - https:\/\/yoast.com\/product\/yoast-seo-wordpress\/ -->\n<title>2022 Tohatsu 6 HP MFS6DWS Outboard Motor<\/title>\n<meta name=\"description\" content=\"Get your product today! The 2022 Tohatsu 6 HP MFS6DWS Outboard Motor will be the best choice for you. Happy shopping!\" \/>\n<meta name=\"robots\" content=\"index, follow, max-snippet:-1, max-image-preview:large, max-video-preview:-1\" \/>\n<link rel=\"canonical\" href=\"https:\/\/apexoutboards.com\/it\/prodotto\/2022-tohatsu-6-hp-mfs6dws-outboard-motor\/\" \/>\n<meta property=\"og:locale\" content=\"it_IT\" \/>\n<meta property=\"og:type\" content=\"article\" \/>\n<meta property=\"og:title\" content=\"2022 Tohatsu 6 HP MFS6DWS Outboard Motor\" \/>\n<meta property=\"og:description\" content=\"Get your product today! The 2022 Tohatsu 6 HP MFS6DWS Outboard Motor will be the best choice for you. Happy shopping!\" \/>\n<meta property=\"og:url\" content=\"https:\/\/apexoutboards.com\/it\/prodotto\/2022-tohatsu-6-hp-mfs6dws-outboard-motor\/\" \/>\n<meta property=\"og:site_name\" content=\"Apex Outboards\" \/>\n<meta property=\"article:modified_time\" content=\"2023-02-16T17:56:50+00:00\" \/>\n<meta property=\"og:image\" content=\"https:\/\/apexoutboards.com\/wp-content\/uploads\/2021\/12\/MFS6DWDS_SizedWithBadge_f26eeaab-7a9d-4738-8a22-91c3c6e3fea2_800x.png\" \/>\n\t<meta property=\"og:image:width\" content=\"800\" \/>\n\t<meta property=\"og:image:height\" content=\"1107\" \/>\n\t<meta property=\"og:image:type\" content=\"image\/png\" \/>\n<meta name=\"twitter:card\" content=\"summary_large_image\" \/>\n<meta name=\"twitter:label1\" content=\"Tempo di lettura stimato\" \/>\n\t<meta name=\"twitter:data1\" content=\"1 minuto\" \/>\n<script type=\"application\/ld+json\" class=\"yoast-schema-graph\">{\"@context\":\"https:\/\/schema.org\",\"@graph\":[{\"@type\":\"WebPage\",\"@id\":\"https:\/\/apexoutboards.com\/product\/2022-tohatsu-6-hp-mfs6dws-outboard-motor\/\",\"url\":\"https:\/\/apexoutboards.com\/product\/2022-tohatsu-6-hp-mfs6dws-outboard-motor\/\",\"name\":\"2022 Tohatsu 6 HP MFS6DWS Outboard Motor\",\"isPartOf\":{\"@id\":\"https:\/\/apexoutboards.com\/#website\"},\"primaryImageOfPage\":{\"@id\":\"https:\/\/apexoutboards.com\/product\/2022-tohatsu-6-hp-mfs6dws-outboard-motor\/#primaryimage\"},\"image\":{\"@id\":\"https:\/\/apexoutboards.com\/product\/2022-tohatsu-6-hp-mfs6dws-outboard-motor\/#primaryimage\"},\"thumbnailUrl\":\"https:\/\/apexoutboards.com\/wp-content\/uploads\/2021\/12\/MFS6DWDS_SizedWithBadge_f26eeaab-7a9d-4738-8a22-91c3c6e3fea2_800x.png\",\"datePublished\":\"2021-12-16T18:16:59+00:00\",\"dateModified\":\"2023-02-16T17:56:50+00:00\",\"description\":\"Get your product today! The 2022 Tohatsu 6 HP MFS6DWS Outboard Motor will be the best choice for you. Happy shopping!\",\"breadcrumb\":{\"@id\":\"https:\/\/apexoutboards.com\/product\/2022-tohatsu-6-hp-mfs6dws-outboard-motor\/#breadcrumb\"},\"inLanguage\":\"it-IT\",\"potentialAction\":[{\"@type\":\"ReadAction\",\"target\":[\"https:\/\/apexoutboards.com\/product\/2022-tohatsu-6-hp-mfs6dws-outboard-motor\/\"]}]},{\"@type\":\"ImageObject\",\"inLanguage\":\"it-IT\",\"@id\":\"https:\/\/apexoutboards.com\/product\/2022-tohatsu-6-hp-mfs6dws-outboard-motor\/#primaryimage\",\"url\":\"https:\/\/apexoutboards.com\/wp-content\/uploads\/2021\/12\/MFS6DWDS_SizedWithBadge_f26eeaab-7a9d-4738-8a22-91c3c6e3fea2_800x.png\",\"contentUrl\":\"https:\/\/apexoutboards.com\/wp-content\/uploads\/2021\/12\/MFS6DWDS_SizedWithBadge_f26eeaab-7a9d-4738-8a22-91c3c6e3fea2_800x.png\",\"width\":800,\"height\":1107},{\"@type\":\"BreadcrumbList\",\"@id\":\"https:\/\/apexoutboards.com\/product\/2022-tohatsu-6-hp-mfs6dws-outboard-motor\/#breadcrumb\",\"itemListElement\":[{\"@type\":\"ListItem\",\"position\":1,\"name\":\"Home\",\"item\":\"https:\/\/apexoutboards.com\/\"},{\"@type\":\"ListItem\",\"position\":2,\"name\":\"Shop\",\"item\":\"https:\/\/apexoutboards.com\/shop\/\"},{\"@type\":\"ListItem\",\"position\":3,\"name\":\"2022 Tohatsu 6 HP MFS6DWS Outboard Motor\"}]},{\"@type\":\"WebSite\",\"@id\":\"https:\/\/apexoutboards.com\/#website\",\"url\":\"https:\/\/apexoutboards.com\/\",\"name\":\"Apex Outboards\",\"description\":\"apexoutboards.com\",\"publisher\":{\"@id\":\"https:\/\/apexoutboards.com\/#organization\"},\"potentialAction\":[{\"@type\":\"SearchAction\",\"target\":{\"@type\":\"EntryPoint\",\"urlTemplate\":\"https:\/\/apexoutboards.com\/?s={search_term_string}\"},\"query-input\":{\"@type\":\"PropertyValueSpecification\",\"valueRequired\":true,\"valueName\":\"search_term_string\"}}],\"inLanguage\":\"it-IT\"},{\"@type\":\"Organization\",\"@id\":\"https:\/\/apexoutboards.com\/#organization\",\"name\":\"Apex Outboards\",\"url\":\"https:\/\/apexoutboards.com\/\",\"logo\":{\"@type\":\"ImageObject\",\"inLanguage\":\"it-IT\",\"@id\":\"https:\/\/apexoutboards.com\/#\/schema\/logo\/image\/\",\"url\":\"https:\/\/apexoutboards.com\/wp-content\/uploads\/2021\/12\/Screenshot_7.png\",\"contentUrl\":\"https:\/\/apexoutboards.com\/wp-content\/uploads\/2021\/12\/Screenshot_7.png\",\"width\":222,\"height\":103,\"caption\":\"Apex Outboards\"},\"image\":{\"@id\":\"https:\/\/apexoutboards.com\/#\/schema\/logo\/image\/\"}}]}<\/script>\n<!-- \/ Yoast SEO plugin. -->","yoast_head_json":{"title":"2022 Motore fuoribordo Tohatsu 6 HP MFS6DWS","description":"Acquistate il vostro prodotto oggi stesso! Il motore fuoribordo Tohatsu 6 HP MFS6DWS 2022 sar\u00e0 la scelta migliore per voi. Buon acquisto!","robots":{"index":"index","follow":"follow","max-snippet":"max-snippet:-1","max-image-preview":"max-image-preview:large","max-video-preview":"max-video-preview:-1"},"canonical":"https:\/\/apexoutboards.com\/it\/prodotto\/2022-tohatsu-6-hp-mfs6dws-outboard-motor\/","og_locale":"it_IT","og_type":"article","og_title":"2022 Tohatsu 6 HP MFS6DWS Outboard Motor","og_description":"Get your product today! The 2022 Tohatsu 6 HP MFS6DWS Outboard Motor will be the best choice for you. Happy shopping!","og_url":"https:\/\/apexoutboards.com\/it\/prodotto\/2022-tohatsu-6-hp-mfs6dws-outboard-motor\/","og_site_name":"Apex Outboards","article_modified_time":"2023-02-16T17:56:50+00:00","og_image":[{"width":800,"height":1107,"url":"https:\/\/apexoutboards.com\/wp-content\/uploads\/2021\/12\/MFS6DWDS_SizedWithBadge_f26eeaab-7a9d-4738-8a22-91c3c6e3fea2_800x.png","type":"image\/png"}],"twitter_card":"summary_large_image","twitter_misc":{"Tempo di lettura stimato":"1 minuto"},"schema":{"@context":"https:\/\/schema.org","@graph":[{"@type":"WebPage","@id":"https:\/\/apexoutboards.com\/product\/2022-tohatsu-6-hp-mfs6dws-outboard-motor\/","url":"https:\/\/apexoutboards.com\/product\/2022-tohatsu-6-hp-mfs6dws-outboard-motor\/","name":"2022 Motore fuoribordo Tohatsu 6 HP MFS6DWS","isPartOf":{"@id":"https:\/\/apexoutboards.com\/#website"},"primaryImageOfPage":{"@id":"https:\/\/apexoutboards.com\/product\/2022-tohatsu-6-hp-mfs6dws-outboard-motor\/#primaryimage"},"image":{"@id":"https:\/\/apexoutboards.com\/product\/2022-tohatsu-6-hp-mfs6dws-outboard-motor\/#primaryimage"},"thumbnailUrl":"https:\/\/apexoutboards.com\/wp-content\/uploads\/2021\/12\/MFS6DWDS_SizedWithBadge_f26eeaab-7a9d-4738-8a22-91c3c6e3fea2_800x.png","datePublished":"2021-12-16T18:16:59+00:00","dateModified":"2023-02-16T17:56:50+00:00","description":"Acquistate il vostro prodotto oggi stesso! Il motore fuoribordo Tohatsu 6 HP MFS6DWS 2022 sar\u00e0 la scelta migliore per voi. Buon acquisto!","breadcrumb":{"@id":"https:\/\/apexoutboards.com\/product\/2022-tohatsu-6-hp-mfs6dws-outboard-motor\/#breadcrumb"},"inLanguage":"it-IT","potentialAction":[{"@type":"ReadAction","target":["https:\/\/apexoutboards.com\/product\/2022-tohatsu-6-hp-mfs6dws-outboard-motor\/"]}]},{"@type":"ImageObject","inLanguage":"it-IT","@id":"https:\/\/apexoutboards.com\/product\/2022-tohatsu-6-hp-mfs6dws-outboard-motor\/#primaryimage","url":"https:\/\/apexoutboards.com\/wp-content\/uploads\/2021\/12\/MFS6DWDS_SizedWithBadge_f26eeaab-7a9d-4738-8a22-91c3c6e3fea2_800x.png","contentUrl":"https:\/\/apexoutboards.com\/wp-content\/uploads\/2021\/12\/MFS6DWDS_SizedWithBadge_f26eeaab-7a9d-4738-8a22-91c3c6e3fea2_800x.png","width":800,"height":1107},{"@type":"BreadcrumbList","@id":"https:\/\/apexoutboards.com\/product\/2022-tohatsu-6-hp-mfs6dws-outboard-motor\/#breadcrumb","itemListElement":[{"@type":"ListItem","position":1,"name":"Home","item":"https:\/\/apexoutboards.com\/"},{"@type":"ListItem","position":2,"name":"Shop","item":"https:\/\/apexoutboards.com\/shop\/"},{"@type":"ListItem","position":3,"name":"2022 Tohatsu 6 HP MFS6DWS Outboard Motor"}]},{"@type":"WebSite","@id":"https:\/\/apexoutboards.com\/#website","url":"https:\/\/apexoutboards.com\/","name":"Fuoribordo di prima classe","description":"apexoutboards.com","publisher":{"@id":"https:\/\/apexoutboards.com\/#organization"},"potentialAction":[{"@type":"SearchAction","target":{"@type":"EntryPoint","urlTemplate":"https:\/\/apexoutboards.com\/?s={search_term_string}"},"query-input":{"@type":"PropertyValueSpecification","valueRequired":true,"valueName":"search_term_string"}}],"inLanguage":"it-IT"},{"@type":"Organization","@id":"https:\/\/apexoutboards.com\/#organization","name":"Fuoribordo di prima classe","url":"https:\/\/apexoutboards.com\/","logo":{"@type":"ImageObject","inLanguage":"it-IT","@id":"https:\/\/apexoutboards.com\/#\/schema\/logo\/image\/","url":"https:\/\/apexoutboards.com\/wp-content\/uploads\/2021\/12\/Screenshot_7.png","contentUrl":"https:\/\/apexoutboards.com\/wp-content\/uploads\/2021\/12\/Screenshot_7.png","width":222,"height":103,"caption":"Apex Outboards"},"image":{"@id":"https:\/\/apexoutboards.com\/#\/schema\/logo\/image\/"}}]}},"jetpack_sharing_enabled":true,"_links":{"self":[{"href":"https:\/\/apexoutboards.com\/it\/wp-json\/wp\/v2\/product\/3256","targetHints":{"allow":["GET"]}}],"collection":[{"href":"https:\/\/apexoutboards.com\/it\/wp-json\/wp\/v2\/product"}],"about":[{"href":"https:\/\/apexoutboards.com\/it\/wp-json\/wp\/v2\/types\/product"}],"replies":[{"embeddable":true,"href":"https:\/\/apexoutboards.com\/it\/wp-json\/wp\/v2\/comments?post=3256"}],"version-history":[{"count":0,"href":"https:\/\/apexoutboards.com\/it\/wp-json\/wp\/v2\/product\/3256\/revisions"}],"wp:featuredmedia":[{"embeddable":true,"href":"https:\/\/apexoutboards.com\/it\/wp-json\/wp\/v2\/media\/3252"}],"wp:attachment":[{"href":"https:\/\/apexoutboards.com\/it\/wp-json\/wp\/v2\/media?parent=3256"}],"wp:term":[{"taxonomy":"product_brand","embeddable":true,"href":"https:\/\/apexoutboards.com\/it\/wp-json\/wp\/v2\/product_brand?post=3256"},{"taxonomy":"product_cat","embeddable":true,"href":"https:\/\/apexoutboards.com\/it\/wp-json\/wp\/v2\/product_cat?post=3256"},{"taxonomy":"product_tag","embeddable":true,"href":"https:\/\/apexoutboards.com\/it\/wp-json\/wp\/v2\/product_tag?post=3256"}],"curies":[{"name":"wp","href":"https:\/\/api.w.org\/{rel}","templated":true}]}}