{"id":3100,"date":"2021-12-13T22:37:32","date_gmt":"2021-12-13T11:37:32","guid":{"rendered":"https:\/\/apexoutboards.com\/?post_type=product&#038;p=3100"},"modified":"2023-02-17T05:20:47","modified_gmt":"2023-02-16T18:20:47","slug":"suzuki-25-hp-df25atlw3-outboard-motor","status":"publish","type":"product","link":"https:\/\/apexoutboards.com\/it\/prodotto\/motore-fuoribordo-suzuki-25-hp-df25atlw3\/","title":{"rendered":"Motore fuoribordo Suzuki 25 HP DF25ATLW3"},"content":{"rendered":"<p>Caratteristiche<\/p>\n<div class=\"tab-content\">\n<div id=\"tab1\" class=\"tab-pane active\">\n<div class=\"rte\">\n<div class=\"custom-field custom-field__description_ob custom-field__type--html\">\n<div class=\"custom-field--value\">\n<ul>\n<li>Iniezione elettronica di carburante senza batteria<\/li>\n<li>Avviamento facile - Avviamento a strappo<\/li>\n<li>Controllo della combustione magra<\/li>\n<li>Limitatore di sovraregolazione<\/li>\n<li>Attenzione alla bassa pressione dell'olio<\/li>\n<li>CDI digitale<\/li>\n<li>Sistema di lavaggio ad acqua dolce<\/li>\n<li>Unit\u00e0 per acque poco profonde<\/li>\n<li>Sistema anticorrosione Suzuki<\/li>\n<li>La pi\u00f9 recente garanzia di 5 anni del produttore Suzuki<\/li>\n<\/ul>\n<\/div>\n<\/div>\n<\/div>\n<\/div>\n<\/div>\n<div style=\"display:none;\">\n\t<a href=\"https:\/\/yoast.com\/\">Yoast<\/a><br \/>\n\t<a href=\"https:\/\/apexoutboards.com\/it\/\">pannelli di prima classe<\/a><br \/>\n\t<img decoding=\"async\" src=\"https:\/\/apexoutboards.com\/wp-content\/uploads\/2021\/12\/PNG_Transparent_High-Resolution_300-_Dpi-1-1-1536x650.png\" alt=\"\"><br \/>\n\tApex Outboards \u00e8 il pi\u00f9 grande rivenditore di motori fuoribordo degli Stati Uniti. I membri del nostro team offrono il miglior servizio clienti e le migliori conoscenze tecniche di qualsiasi altro rivenditore di motori fuoribordo.\n<\/div>","protected":false},"excerpt":{"rendered":"<div class=\"rte\">\n<p>Il fuoribordo Suzuki Cool White da 25 HP modello # DF25ATLW3 \u00e8 dotato di tutte le caratteristiche che si possono desiderare. Il fuoribordo Suzuki da 25 HP \u00e8 il primo della classe per peso e silenziosit\u00e0. Questo fuoribordo allo stato dell'arte della tecnologia verde \u00e8 un motore a 4 tempi senza batteria e con iniezione di carburante, che ha la potenza necessaria per i jon boat, gli skiff e le barche a vela pi\u00f9 grandi e pesanti. Questo modello \u00e8 dotato di albero lungo da 20 pollici, avviamento elettrico, trim e tilt elettrici, sterzo e acceleratore a distanza, serbatoio del gas esterno da 6 galloni e tubo del gas e la famosa garanzia di fabbrica Suzuki di 5 anni.<br \/>\nMotori fuoribordo Suzuki in vendita ora con spedizione gratuita Concessionario autorizzato Suzuki in vendita.<\/p>\n<p>I clienti hanno cercato anche 25 h, 2 5 cavalli, 25hp e 25 cavalli.<\/p>\n<p><strong><em>*La foto potrebbe non mostrare il modello reale.<\/em><\/strong><\/p>\n<\/div>\n<div class=\"prod_sku_vend\">\n<div class=\"\">\n<div class=\"col-xs-12 col-lg-6\">\n<div class=\"prodInfo text-center\">\n<h4 class=\"spec\">25 CV <span class=\"specLabel\">Potenza in cavalli<\/span><\/h4>\n<h4 class=\"spec\">158,0 lb <span class=\"specLabel\">Peso<\/span><\/h4>\n<div><\/div>\n<\/div>\n<\/div>\n<div class=\"col-xs-12 col-lg-6\">\n<table class=\"table table-condensed\">\n<tbody>\n<tr>\n<th>Lunghezza dell'albero:<\/th>\n<td>20\u2033 (lungo)<\/td>\n<\/tr>\n<tr>\n<th>Inizio:<\/th>\n<td>Elettrico<\/td>\n<\/tr>\n<\/tbody>\n<\/table>\n<\/div>\n<\/div>\n<\/div>\n<p><img decoding=\"async\" class=\"alignnone wp-image-2879 size-thumbnail\" src=\"https:\/\/apexoutboards.com\/wp-content\/uploads\/2021\/12\/suzuki_png-150x150.png\" alt=\"\" width=\"150\" height=\"150\" srcset=\"https:\/\/apexoutboards.com\/wp-content\/uploads\/2021\/12\/suzuki_png-150x150.png 150w, https:\/\/apexoutboards.com\/wp-content\/uploads\/2021\/12\/suzuki_png-100x100.png 100w\" sizes=\"(max-width: 150px) 100vw, 150px\" \/><\/p>","protected":false},"featured_media":3094,"comment_status":"open","ping_status":"closed","template":"","meta":{"ocean_post_layout":"","ocean_both_sidebars_style":"","ocean_both_sidebars_content_width":0,"ocean_both_sidebars_sidebars_width":0,"ocean_sidebar":"0","ocean_second_sidebar":"0","ocean_disable_margins":"enable","ocean_add_body_class":"","ocean_shortcode_before_top_bar":"","ocean_shortcode_after_top_bar":"","ocean_shortcode_before_header":"","ocean_shortcode_after_header":"","ocean_has_shortcode":"","ocean_shortcode_after_title":"","ocean_shortcode_before_footer_widgets":"","ocean_shortcode_after_footer_widgets":"","ocean_shortcode_before_footer_bottom":"","ocean_shortcode_after_footer_bottom":"","ocean_display_top_bar":"default","ocean_display_header":"default","ocean_header_style":"","ocean_center_header_left_menu":"0","ocean_custom_header_template":"0","ocean_custom_logo":0,"ocean_custom_retina_logo":0,"ocean_custom_logo_max_width":0,"ocean_custom_logo_tablet_max_width":0,"ocean_custom_logo_mobile_max_width":0,"ocean_custom_logo_max_height":0,"ocean_custom_logo_tablet_max_height":0,"ocean_custom_logo_mobile_max_height":0,"ocean_header_custom_menu":"0","ocean_menu_typo_font_family":"0","ocean_menu_typo_font_subset":"","ocean_menu_typo_font_size":0,"ocean_menu_typo_font_size_tablet":0,"ocean_menu_typo_font_size_mobile":0,"ocean_menu_typo_font_size_unit":"px","ocean_menu_typo_font_weight":"","ocean_menu_typo_font_weight_tablet":"","ocean_menu_typo_font_weight_mobile":"","ocean_menu_typo_transform":"","ocean_menu_typo_transform_tablet":"","ocean_menu_typo_transform_mobile":"","ocean_menu_typo_line_height":0,"ocean_menu_typo_line_height_tablet":0,"ocean_menu_typo_line_height_mobile":0,"ocean_menu_typo_line_height_unit":"","ocean_menu_typo_spacing":0,"ocean_menu_typo_spacing_tablet":0,"ocean_menu_typo_spacing_mobile":0,"ocean_menu_typo_spacing_unit":"","ocean_menu_link_color":"","ocean_menu_link_color_hover":"","ocean_menu_link_color_active":"","ocean_menu_link_background":"","ocean_menu_link_hover_background":"","ocean_menu_link_active_background":"","ocean_menu_social_links_bg":"","ocean_menu_social_hover_links_bg":"","ocean_menu_social_links_color":"","ocean_menu_social_hover_links_color":"","ocean_disable_title":"default","ocean_disable_heading":"default","ocean_post_title":"","ocean_post_subheading":"","ocean_post_title_style":"","ocean_post_title_background_color":"","ocean_post_title_background":0,"ocean_post_title_bg_image_position":"","ocean_post_title_bg_image_attachment":"","ocean_post_title_bg_image_repeat":"","ocean_post_title_bg_image_size":"","ocean_post_title_height":0,"ocean_post_title_bg_overlay":0.5,"ocean_post_title_bg_overlay_color":"","ocean_disable_breadcrumbs":"default","ocean_breadcrumbs_color":"","ocean_breadcrumbs_separator_color":"","ocean_breadcrumbs_links_color":"","ocean_breadcrumbs_links_hover_color":"","ocean_display_footer_widgets":"default","ocean_display_footer_bottom":"default","ocean_custom_footer_template":"0"},"product_brand":[],"product_cat":[69,46,93],"product_tag":[],"class_list":{"0":"post-3100","1":"product","2":"type-product","3":"status-publish","4":"has-post-thumbnail","6":"product_cat-25-hp","7":"product_cat-suzuki","8":"product_cat-suzuki-25-hp","10":"entry","11":"has-media","13":"first","14":"instock","15":"sale","16":"shipping-taxable","17":"purchasable","18":"product-type-simple","19":"has-product-nav","20":"col","21":"span_1_of_4","22":"owp-content-center","23":"owp-thumbs-layout-horizontal","24":"owp-btn-normal","25":"owp-tabs-layout-horizontal","26":"has-no-thumbnails","28":"circle-sale"},"yoast_head":"<!-- This site is optimized with the Yoast SEO plugin v27.2 - https:\/\/yoast.com\/product\/yoast-seo-wordpress\/ -->\n<title>Suzuki 25 HP DF25ATLW3 Outboard Motor<\/title>\n<meta name=\"description\" content=\"Get your product today! The Suzuki 25 HP DF25ATLW3 Outboard Motor will be the best choice for you. Happy shopping!\" \/>\n<meta name=\"robots\" content=\"index, follow, max-snippet:-1, max-image-preview:large, max-video-preview:-1\" \/>\n<link rel=\"canonical\" href=\"https:\/\/apexoutboards.com\/it\/prodotto\/motore-fuoribordo-suzuki-25-hp-df25atlw3\/\" \/>\n<meta property=\"og:locale\" content=\"it_IT\" \/>\n<meta property=\"og:type\" content=\"article\" \/>\n<meta property=\"og:title\" content=\"Suzuki 25 HP DF25ATLW3 Outboard Motor\" \/>\n<meta property=\"og:description\" content=\"Get your product today! The Suzuki 25 HP DF25ATLW3 Outboard Motor will be the best choice for you. Happy shopping!\" \/>\n<meta property=\"og:url\" content=\"https:\/\/apexoutboards.com\/it\/prodotto\/motore-fuoribordo-suzuki-25-hp-df25atlw3\/\" \/>\n<meta property=\"og:site_name\" content=\"Apex Outboards\" \/>\n<meta property=\"article:modified_time\" content=\"2023-02-16T18:20:47+00:00\" \/>\n<meta property=\"og:image\" content=\"https:\/\/apexoutboards.com\/wp-content\/uploads\/2021\/12\/DF25AL_RC_White_Diagonal_2021_9aa4e487-2df8-4053-8316-93e07205bdd8_800x_jpg.png\" \/>\n\t<meta property=\"og:image:width\" content=\"800\" \/>\n\t<meta property=\"og:image:height\" content=\"757\" \/>\n\t<meta property=\"og:image:type\" content=\"image\/png\" \/>\n<meta name=\"twitter:card\" content=\"summary_large_image\" \/>\n<script type=\"application\/ld+json\" class=\"yoast-schema-graph\">{\"@context\":\"https:\/\/schema.org\",\"@graph\":[{\"@type\":\"WebPage\",\"@id\":\"https:\/\/apexoutboards.com\/product\/suzuki-25-hp-df25atlw3-outboard-motor\/\",\"url\":\"https:\/\/apexoutboards.com\/product\/suzuki-25-hp-df25atlw3-outboard-motor\/\",\"name\":\"Suzuki 25 HP DF25ATLW3 Outboard Motor\",\"isPartOf\":{\"@id\":\"https:\/\/apexoutboards.com\/#website\"},\"primaryImageOfPage\":{\"@id\":\"https:\/\/apexoutboards.com\/product\/suzuki-25-hp-df25atlw3-outboard-motor\/#primaryimage\"},\"image\":{\"@id\":\"https:\/\/apexoutboards.com\/product\/suzuki-25-hp-df25atlw3-outboard-motor\/#primaryimage\"},\"thumbnailUrl\":\"https:\/\/apexoutboards.com\/wp-content\/uploads\/2021\/12\/DF25AL_RC_White_Diagonal_2021_9aa4e487-2df8-4053-8316-93e07205bdd8_800x_jpg.png\",\"datePublished\":\"2021-12-13T11:37:32+00:00\",\"dateModified\":\"2023-02-16T18:20:47+00:00\",\"description\":\"Get your product today! The Suzuki 25 HP DF25ATLW3 Outboard Motor will be the best choice for you. Happy shopping!\",\"breadcrumb\":{\"@id\":\"https:\/\/apexoutboards.com\/product\/suzuki-25-hp-df25atlw3-outboard-motor\/#breadcrumb\"},\"inLanguage\":\"it-IT\",\"potentialAction\":[{\"@type\":\"ReadAction\",\"target\":[\"https:\/\/apexoutboards.com\/product\/suzuki-25-hp-df25atlw3-outboard-motor\/\"]}]},{\"@type\":\"ImageObject\",\"inLanguage\":\"it-IT\",\"@id\":\"https:\/\/apexoutboards.com\/product\/suzuki-25-hp-df25atlw3-outboard-motor\/#primaryimage\",\"url\":\"https:\/\/apexoutboards.com\/wp-content\/uploads\/2021\/12\/DF25AL_RC_White_Diagonal_2021_9aa4e487-2df8-4053-8316-93e07205bdd8_800x_jpg.png\",\"contentUrl\":\"https:\/\/apexoutboards.com\/wp-content\/uploads\/2021\/12\/DF25AL_RC_White_Diagonal_2021_9aa4e487-2df8-4053-8316-93e07205bdd8_800x_jpg.png\",\"width\":800,\"height\":757},{\"@type\":\"BreadcrumbList\",\"@id\":\"https:\/\/apexoutboards.com\/product\/suzuki-25-hp-df25atlw3-outboard-motor\/#breadcrumb\",\"itemListElement\":[{\"@type\":\"ListItem\",\"position\":1,\"name\":\"Home\",\"item\":\"https:\/\/apexoutboards.com\/\"},{\"@type\":\"ListItem\",\"position\":2,\"name\":\"Shop\",\"item\":\"https:\/\/apexoutboards.com\/shop\/\"},{\"@type\":\"ListItem\",\"position\":3,\"name\":\"Suzuki 25 HP DF25ATLW3 Outboard Motor\"}]},{\"@type\":\"WebSite\",\"@id\":\"https:\/\/apexoutboards.com\/#website\",\"url\":\"https:\/\/apexoutboards.com\/\",\"name\":\"Apex Outboards\",\"description\":\"apexoutboards.com\",\"publisher\":{\"@id\":\"https:\/\/apexoutboards.com\/#organization\"},\"potentialAction\":[{\"@type\":\"SearchAction\",\"target\":{\"@type\":\"EntryPoint\",\"urlTemplate\":\"https:\/\/apexoutboards.com\/?s={search_term_string}\"},\"query-input\":{\"@type\":\"PropertyValueSpecification\",\"valueRequired\":true,\"valueName\":\"search_term_string\"}}],\"inLanguage\":\"it-IT\"},{\"@type\":\"Organization\",\"@id\":\"https:\/\/apexoutboards.com\/#organization\",\"name\":\"Apex Outboards\",\"url\":\"https:\/\/apexoutboards.com\/\",\"logo\":{\"@type\":\"ImageObject\",\"inLanguage\":\"it-IT\",\"@id\":\"https:\/\/apexoutboards.com\/#\/schema\/logo\/image\/\",\"url\":\"https:\/\/apexoutboards.com\/wp-content\/uploads\/2021\/12\/Screenshot_7.png\",\"contentUrl\":\"https:\/\/apexoutboards.com\/wp-content\/uploads\/2021\/12\/Screenshot_7.png\",\"width\":222,\"height\":103,\"caption\":\"Apex Outboards\"},\"image\":{\"@id\":\"https:\/\/apexoutboards.com\/#\/schema\/logo\/image\/\"}}]}<\/script>\n<!-- \/ Yoast SEO plugin. -->","yoast_head_json":{"title":"Motore fuoribordo Suzuki 25 HP DF25ATLW3","description":"Acquistate il vostro prodotto oggi stesso! Il motore fuoribordo Suzuki 25 HP DF25ATLW3 sar\u00e0 la scelta migliore per voi. Buon acquisto!","robots":{"index":"index","follow":"follow","max-snippet":"max-snippet:-1","max-image-preview":"max-image-preview:large","max-video-preview":"max-video-preview:-1"},"canonical":"https:\/\/apexoutboards.com\/it\/prodotto\/motore-fuoribordo-suzuki-25-hp-df25atlw3\/","og_locale":"it_IT","og_type":"article","og_title":"Suzuki 25 HP DF25ATLW3 Outboard Motor","og_description":"Get your product today! The Suzuki 25 HP DF25ATLW3 Outboard Motor will be the best choice for you. Happy shopping!","og_url":"https:\/\/apexoutboards.com\/it\/prodotto\/motore-fuoribordo-suzuki-25-hp-df25atlw3\/","og_site_name":"Apex Outboards","article_modified_time":"2023-02-16T18:20:47+00:00","og_image":[{"width":800,"height":757,"url":"https:\/\/apexoutboards.com\/wp-content\/uploads\/2021\/12\/DF25AL_RC_White_Diagonal_2021_9aa4e487-2df8-4053-8316-93e07205bdd8_800x_jpg.png","type":"image\/png"}],"twitter_card":"summary_large_image","schema":{"@context":"https:\/\/schema.org","@graph":[{"@type":"WebPage","@id":"https:\/\/apexoutboards.com\/product\/suzuki-25-hp-df25atlw3-outboard-motor\/","url":"https:\/\/apexoutboards.com\/product\/suzuki-25-hp-df25atlw3-outboard-motor\/","name":"Motore fuoribordo Suzuki 25 HP DF25ATLW3","isPartOf":{"@id":"https:\/\/apexoutboards.com\/#website"},"primaryImageOfPage":{"@id":"https:\/\/apexoutboards.com\/product\/suzuki-25-hp-df25atlw3-outboard-motor\/#primaryimage"},"image":{"@id":"https:\/\/apexoutboards.com\/product\/suzuki-25-hp-df25atlw3-outboard-motor\/#primaryimage"},"thumbnailUrl":"https:\/\/apexoutboards.com\/wp-content\/uploads\/2021\/12\/DF25AL_RC_White_Diagonal_2021_9aa4e487-2df8-4053-8316-93e07205bdd8_800x_jpg.png","datePublished":"2021-12-13T11:37:32+00:00","dateModified":"2023-02-16T18:20:47+00:00","description":"Acquistate il vostro prodotto oggi stesso! Il motore fuoribordo Suzuki 25 HP DF25ATLW3 sar\u00e0 la scelta migliore per voi. Buon acquisto!","breadcrumb":{"@id":"https:\/\/apexoutboards.com\/product\/suzuki-25-hp-df25atlw3-outboard-motor\/#breadcrumb"},"inLanguage":"it-IT","potentialAction":[{"@type":"ReadAction","target":["https:\/\/apexoutboards.com\/product\/suzuki-25-hp-df25atlw3-outboard-motor\/"]}]},{"@type":"ImageObject","inLanguage":"it-IT","@id":"https:\/\/apexoutboards.com\/product\/suzuki-25-hp-df25atlw3-outboard-motor\/#primaryimage","url":"https:\/\/apexoutboards.com\/wp-content\/uploads\/2021\/12\/DF25AL_RC_White_Diagonal_2021_9aa4e487-2df8-4053-8316-93e07205bdd8_800x_jpg.png","contentUrl":"https:\/\/apexoutboards.com\/wp-content\/uploads\/2021\/12\/DF25AL_RC_White_Diagonal_2021_9aa4e487-2df8-4053-8316-93e07205bdd8_800x_jpg.png","width":800,"height":757},{"@type":"BreadcrumbList","@id":"https:\/\/apexoutboards.com\/product\/suzuki-25-hp-df25atlw3-outboard-motor\/#breadcrumb","itemListElement":[{"@type":"ListItem","position":1,"name":"Home","item":"https:\/\/apexoutboards.com\/"},{"@type":"ListItem","position":2,"name":"Shop","item":"https:\/\/apexoutboards.com\/shop\/"},{"@type":"ListItem","position":3,"name":"Suzuki 25 HP DF25ATLW3 Outboard Motor"}]},{"@type":"WebSite","@id":"https:\/\/apexoutboards.com\/#website","url":"https:\/\/apexoutboards.com\/","name":"Fuoribordo di prima classe","description":"apexoutboards.com","publisher":{"@id":"https:\/\/apexoutboards.com\/#organization"},"potentialAction":[{"@type":"SearchAction","target":{"@type":"EntryPoint","urlTemplate":"https:\/\/apexoutboards.com\/?s={search_term_string}"},"query-input":{"@type":"PropertyValueSpecification","valueRequired":true,"valueName":"search_term_string"}}],"inLanguage":"it-IT"},{"@type":"Organization","@id":"https:\/\/apexoutboards.com\/#organization","name":"Fuoribordo di prima classe","url":"https:\/\/apexoutboards.com\/","logo":{"@type":"ImageObject","inLanguage":"it-IT","@id":"https:\/\/apexoutboards.com\/#\/schema\/logo\/image\/","url":"https:\/\/apexoutboards.com\/wp-content\/uploads\/2021\/12\/Screenshot_7.png","contentUrl":"https:\/\/apexoutboards.com\/wp-content\/uploads\/2021\/12\/Screenshot_7.png","width":222,"height":103,"caption":"Apex Outboards"},"image":{"@id":"https:\/\/apexoutboards.com\/#\/schema\/logo\/image\/"}}]}},"jetpack_sharing_enabled":true,"_links":{"self":[{"href":"https:\/\/apexoutboards.com\/it\/wp-json\/wp\/v2\/product\/3100","targetHints":{"allow":["GET"]}}],"collection":[{"href":"https:\/\/apexoutboards.com\/it\/wp-json\/wp\/v2\/product"}],"about":[{"href":"https:\/\/apexoutboards.com\/it\/wp-json\/wp\/v2\/types\/product"}],"replies":[{"embeddable":true,"href":"https:\/\/apexoutboards.com\/it\/wp-json\/wp\/v2\/comments?post=3100"}],"version-history":[{"count":0,"href":"https:\/\/apexoutboards.com\/it\/wp-json\/wp\/v2\/product\/3100\/revisions"}],"wp:featuredmedia":[{"embeddable":true,"href":"https:\/\/apexoutboards.com\/it\/wp-json\/wp\/v2\/media\/3094"}],"wp:attachment":[{"href":"https:\/\/apexoutboards.com\/it\/wp-json\/wp\/v2\/media?parent=3100"}],"wp:term":[{"taxonomy":"product_brand","embeddable":true,"href":"https:\/\/apexoutboards.com\/it\/wp-json\/wp\/v2\/product_brand?post=3100"},{"taxonomy":"product_cat","embeddable":true,"href":"https:\/\/apexoutboards.com\/it\/wp-json\/wp\/v2\/product_cat?post=3100"},{"taxonomy":"product_tag","embeddable":true,"href":"https:\/\/apexoutboards.com\/it\/wp-json\/wp\/v2\/product_tag?post=3100"}],"curies":[{"name":"wp","href":"https:\/\/api.w.org\/{rel}","templated":true}]}}