{"id":4615,"date":"2021-12-21T17:58:44","date_gmt":"2021-12-21T06:58:44","guid":{"rendered":"https:\/\/apexoutboards.com\/?post_type=product&#038;p=4615"},"modified":"2023-02-17T03:59:16","modified_gmt":"2023-02-16T16:59:16","slug":"2019-suzuki-140-hp-df140atx2-outboard-motor","status":"publish","type":"product","link":"https:\/\/apexoutboards.com\/fr\/produit\/2019-suzuki-140-hp-df140atx2-outboard-motor\/","title":{"rendered":"Moteur hors-bord Suzuki 140 HP DF140ATX2 2019"},"content":{"rendered":"<h2>Moteur hors-bord Suzuki 140 HP DF140ATX2 2019<\/h2>\n<p>Le Suzuki DF140ATX2 est l\u00e9ger et compact tout en offrant des performances exceptionnelles, ce qui conf\u00e8re \u00e0 ce moteur le meilleur rapport poids\/puissance de sa cat\u00e9gorie. Le couvercle du moteur est dot\u00e9 d'un large orifice d'admission d'air pour assurer un flux d'air maximal et donc une puissance maximale. Il s'agit \u00e9galement du premier moteur \u00e0 4 temps \u00e0 utiliser un refroidisseur d'huile, ce qui garantit que toute cette puissance est disponible dans toutes les conditions. En somme, le DF140ATX2 offre des performances robustes et une durabilit\u00e9 \u00e0 long terme dans un ensemble l\u00e9ger.<\/p>\n<p>&nbsp;<\/p>\n<div>\n<table class=\"table table-bordered\">\n<thead>\n<tr>\n<th colspan=\"2\">Attributs de la sp\u00e9cification<\/th>\n<\/tr>\n<\/thead>\n<tbody>\n<tr>\n<td width=\"30%\">HP<\/td>\n<td width=\"70%\">140 HP<\/td>\n<\/tr>\n<tr>\n<td width=\"30%\">Cylindres<\/td>\n<td width=\"70%\">4 cylindres<\/td>\n<\/tr>\n<tr>\n<td width=\"30%\">D\u00e9placement<\/td>\n<td width=\"70%\">124,7 CI<\/td>\n<\/tr>\n<tr>\n<td width=\"30%\">D\u00e9marrage<\/td>\n<td width=\"70%\">\u00c9lectrique<\/td>\n<\/tr>\n<tr>\n<td width=\"30%\">Contr\u00f4les<\/td>\n<td width=\"70%\">Remote<\/td>\n<\/tr>\n<tr>\n<td width=\"30%\">Trim &amp; Tilt \u00e9lectriques<\/td>\n<td width=\"70%\">Trim &amp; Tilt \u00e9lectriques<\/td>\n<\/tr>\n<tr>\n<td width=\"30%\">Changement de vitesse<\/td>\n<td width=\"70%\">Marche avant - Neutre - Marche arri\u00e8re<\/td>\n<\/tr>\n<tr>\n<td width=\"30%\">Propulsion<\/td>\n<td width=\"70%\">Rotation standard<\/td>\n<\/tr>\n<tr>\n<td width=\"30%\">Poids<\/td>\n<td width=\"70%\">405<\/td>\n<\/tr>\n<tr>\n<td width=\"30%\">Sortie de l'alternateur<\/td>\n<td width=\"70%\">40 Amp<\/td>\n<\/tr>\n<tr>\n<td width=\"30%\">Couleur<\/td>\n<td width=\"70%\">Noir n\u00e9buleux<\/td>\n<\/tr>\n<tr>\n<td width=\"30%\">Longueur de l'arbre<\/td>\n<td width=\"70%\">25&#8221;<\/td>\n<\/tr>\n<tr>\n<td width=\"30%\">Type de famille<\/td>\n<td width=\"70%\">4 temps<\/td>\n<\/tr>\n<tr>\n<td width=\"30%\">Induction de carburant<\/td>\n<td width=\"70%\">EFI<\/td>\n<\/tr>\n<\/tbody>\n<\/table>\n<\/div>\n<div style=\"display:none;\">\n\t<a href=\"https:\/\/yoast.com\/\">Yoast<\/a><br \/>\n\t<a href=\"https:\/\/apexoutboards.com\/fr\/\">firstclassoutboards<\/a><br \/>\n\t<img decoding=\"async\" src=\"https:\/\/apexoutboards.com\/wp-content\/uploads\/2021\/12\/PNG_Transparent_High-Resolution_300-_Dpi-1-1-1536x650.png\" alt=\"\"><br \/>\n\tApex Outboards est le plus grand concessionnaire am\u00e9ricain de moteurs hors-bord. Les membres de notre \u00e9quipe offrent le meilleur service \u00e0 la client\u00e8le et les meilleures connaissances techniques de tous les concessionnaires de moteurs hors-bord.\n<\/div>","protected":false},"excerpt":{"rendered":"<p><strong>Condition :<\/strong> Nouveau<br \/>\n<strong>Exp\u00e9dition :<\/strong> Pr\u00eat \u00e0 exp\u00e9dier maintenant<\/p>\n<p>Nous nous engageons \u00e0 fournir le meilleur service \u00e0 la client\u00e8le. N'h\u00e9sitez pas \u00e0 nous contacter pour obtenir de l'aide. Toutes les informations re\u00e7ues resteront toujours confidentielles.<\/p>","protected":false},"featured_media":4610,"comment_status":"open","ping_status":"closed","template":"","meta":{"ocean_post_layout":"","ocean_both_sidebars_style":"","ocean_both_sidebars_content_width":0,"ocean_both_sidebars_sidebars_width":0,"ocean_sidebar":"0","ocean_second_sidebar":"0","ocean_disable_margins":"enable","ocean_add_body_class":"","ocean_shortcode_before_top_bar":"","ocean_shortcode_after_top_bar":"","ocean_shortcode_before_header":"","ocean_shortcode_after_header":"","ocean_has_shortcode":"","ocean_shortcode_after_title":"","ocean_shortcode_before_footer_widgets":"","ocean_shortcode_after_footer_widgets":"","ocean_shortcode_before_footer_bottom":"","ocean_shortcode_after_footer_bottom":"","ocean_display_top_bar":"default","ocean_display_header":"default","ocean_header_style":"","ocean_center_header_left_menu":"0","ocean_custom_header_template":"0","ocean_custom_logo":0,"ocean_custom_retina_logo":0,"ocean_custom_logo_max_width":0,"ocean_custom_logo_tablet_max_width":0,"ocean_custom_logo_mobile_max_width":0,"ocean_custom_logo_max_height":0,"ocean_custom_logo_tablet_max_height":0,"ocean_custom_logo_mobile_max_height":0,"ocean_header_custom_menu":"0","ocean_menu_typo_font_family":"0","ocean_menu_typo_font_subset":"","ocean_menu_typo_font_size":0,"ocean_menu_typo_font_size_tablet":0,"ocean_menu_typo_font_size_mobile":0,"ocean_menu_typo_font_size_unit":"px","ocean_menu_typo_font_weight":"","ocean_menu_typo_font_weight_tablet":"","ocean_menu_typo_font_weight_mobile":"","ocean_menu_typo_transform":"","ocean_menu_typo_transform_tablet":"","ocean_menu_typo_transform_mobile":"","ocean_menu_typo_line_height":0,"ocean_menu_typo_line_height_tablet":0,"ocean_menu_typo_line_height_mobile":0,"ocean_menu_typo_line_height_unit":"","ocean_menu_typo_spacing":0,"ocean_menu_typo_spacing_tablet":0,"ocean_menu_typo_spacing_mobile":0,"ocean_menu_typo_spacing_unit":"","ocean_menu_link_color":"","ocean_menu_link_color_hover":"","ocean_menu_link_color_active":"","ocean_menu_link_background":"","ocean_menu_link_hover_background":"","ocean_menu_link_active_background":"","ocean_menu_social_links_bg":"","ocean_menu_social_hover_links_bg":"","ocean_menu_social_links_color":"","ocean_menu_social_hover_links_color":"","ocean_disable_title":"default","ocean_disable_heading":"default","ocean_post_title":"","ocean_post_subheading":"","ocean_post_title_style":"","ocean_post_title_background_color":"","ocean_post_title_background":0,"ocean_post_title_bg_image_position":"","ocean_post_title_bg_image_attachment":"","ocean_post_title_bg_image_repeat":"","ocean_post_title_bg_image_size":"","ocean_post_title_height":0,"ocean_post_title_bg_overlay":0.5,"ocean_post_title_bg_overlay_color":"","ocean_disable_breadcrumbs":"default","ocean_breadcrumbs_color":"","ocean_breadcrumbs_separator_color":"","ocean_breadcrumbs_links_color":"","ocean_breadcrumbs_links_hover_color":"","ocean_display_footer_widgets":"default","ocean_display_footer_bottom":"default","ocean_custom_footer_template":"0"},"product_brand":[],"product_cat":[141,46,195],"product_tag":[],"class_list":{"0":"post-4615","1":"product","2":"type-product","3":"status-publish","4":"has-post-thumbnail","6":"product_cat-140-hp","7":"product_cat-suzuki","8":"product_cat-suzuki-140-hp","10":"entry","11":"has-media","13":"first","14":"instock","15":"sale","16":"shipping-taxable","17":"purchasable","18":"product-type-simple","19":"has-product-nav","20":"col","21":"span_1_of_4","22":"owp-content-center","23":"owp-thumbs-layout-horizontal","24":"owp-btn-normal","25":"owp-tabs-layout-horizontal","26":"has-no-thumbnails","28":"circle-sale"},"yoast_head":"<!-- This site is optimized with the Yoast SEO plugin v27.2 - https:\/\/yoast.com\/product\/yoast-seo-wordpress\/ -->\n<title>2019 Suzuki 140 HP DF140ATX2 Outboard Motor<\/title>\n<meta name=\"description\" content=\"Get your product today! The 2019 Suzuki 140 HP DF140ATX2 Outboard Motor will be the best choice for you. Happy shopping!\" \/>\n<meta name=\"robots\" content=\"index, follow, max-snippet:-1, max-image-preview:large, max-video-preview:-1\" \/>\n<link rel=\"canonical\" href=\"https:\/\/apexoutboards.com\/fr\/produit\/2019-suzuki-140-hp-df140atx2-outboard-motor\/\" \/>\n<meta property=\"og:locale\" content=\"fr_FR\" \/>\n<meta property=\"og:type\" content=\"article\" \/>\n<meta property=\"og:title\" content=\"2019 Suzuki 140 HP DF140ATX2 Outboard Motor\" \/>\n<meta property=\"og:description\" content=\"Get your product today! The 2019 Suzuki 140 HP DF140ATX2 Outboard Motor will be the best choice for you. Happy shopping!\" \/>\n<meta property=\"og:url\" content=\"https:\/\/apexoutboards.com\/fr\/produit\/2019-suzuki-140-hp-df140atx2-outboard-motor\/\" \/>\n<meta property=\"og:site_name\" content=\"Apex Outboards\" \/>\n<meta property=\"article:modified_time\" content=\"2023-02-16T16:59:16+00:00\" \/>\n<meta property=\"og:image\" content=\"https:\/\/apexoutboards.com\/wp-content\/uploads\/2021\/12\/140-600x450-1.jpg\" \/>\n\t<meta property=\"og:image:width\" content=\"600\" \/>\n\t<meta property=\"og:image:height\" content=\"450\" \/>\n\t<meta property=\"og:image:type\" content=\"image\/jpeg\" \/>\n<meta name=\"twitter:card\" content=\"summary_large_image\" \/>\n<meta name=\"twitter:label1\" content=\"Dur\u00e9e de lecture estim\u00e9e\" \/>\n\t<meta name=\"twitter:data1\" content=\"1 minute\" \/>\n<script type=\"application\/ld+json\" class=\"yoast-schema-graph\">{\"@context\":\"https:\/\/schema.org\",\"@graph\":[{\"@type\":\"WebPage\",\"@id\":\"https:\/\/apexoutboards.com\/product\/2019-suzuki-140-hp-df140atx2-outboard-motor\/\",\"url\":\"https:\/\/apexoutboards.com\/product\/2019-suzuki-140-hp-df140atx2-outboard-motor\/\",\"name\":\"2019 Suzuki 140 HP DF140ATX2 Outboard Motor\",\"isPartOf\":{\"@id\":\"https:\/\/apexoutboards.com\/#website\"},\"primaryImageOfPage\":{\"@id\":\"https:\/\/apexoutboards.com\/product\/2019-suzuki-140-hp-df140atx2-outboard-motor\/#primaryimage\"},\"image\":{\"@id\":\"https:\/\/apexoutboards.com\/product\/2019-suzuki-140-hp-df140atx2-outboard-motor\/#primaryimage\"},\"thumbnailUrl\":\"https:\/\/apexoutboards.com\/wp-content\/uploads\/2021\/12\/140-600x450-1.jpg\",\"datePublished\":\"2021-12-21T06:58:44+00:00\",\"dateModified\":\"2023-02-16T16:59:16+00:00\",\"description\":\"Get your product today! The 2019 Suzuki 140 HP DF140ATX2 Outboard Motor will be the best choice for you. Happy shopping!\",\"breadcrumb\":{\"@id\":\"https:\/\/apexoutboards.com\/product\/2019-suzuki-140-hp-df140atx2-outboard-motor\/#breadcrumb\"},\"inLanguage\":\"fr-FR\",\"potentialAction\":[{\"@type\":\"ReadAction\",\"target\":[\"https:\/\/apexoutboards.com\/product\/2019-suzuki-140-hp-df140atx2-outboard-motor\/\"]}]},{\"@type\":\"ImageObject\",\"inLanguage\":\"fr-FR\",\"@id\":\"https:\/\/apexoutboards.com\/product\/2019-suzuki-140-hp-df140atx2-outboard-motor\/#primaryimage\",\"url\":\"https:\/\/apexoutboards.com\/wp-content\/uploads\/2021\/12\/140-600x450-1.jpg\",\"contentUrl\":\"https:\/\/apexoutboards.com\/wp-content\/uploads\/2021\/12\/140-600x450-1.jpg\",\"width\":600,\"height\":450,\"caption\":\"2019 Suzuki 140 HP DF140ATXZ2 Outboard Motor\"},{\"@type\":\"BreadcrumbList\",\"@id\":\"https:\/\/apexoutboards.com\/product\/2019-suzuki-140-hp-df140atx2-outboard-motor\/#breadcrumb\",\"itemListElement\":[{\"@type\":\"ListItem\",\"position\":1,\"name\":\"Home\",\"item\":\"https:\/\/apexoutboards.com\/\"},{\"@type\":\"ListItem\",\"position\":2,\"name\":\"Shop\",\"item\":\"https:\/\/apexoutboards.com\/shop\/\"},{\"@type\":\"ListItem\",\"position\":3,\"name\":\"2019 Suzuki 140 HP DF140ATX2 Outboard Motor\"}]},{\"@type\":\"WebSite\",\"@id\":\"https:\/\/apexoutboards.com\/#website\",\"url\":\"https:\/\/apexoutboards.com\/\",\"name\":\"Apex Outboards\",\"description\":\"apexoutboards.com\",\"publisher\":{\"@id\":\"https:\/\/apexoutboards.com\/#organization\"},\"potentialAction\":[{\"@type\":\"SearchAction\",\"target\":{\"@type\":\"EntryPoint\",\"urlTemplate\":\"https:\/\/apexoutboards.com\/?s={search_term_string}\"},\"query-input\":{\"@type\":\"PropertyValueSpecification\",\"valueRequired\":true,\"valueName\":\"search_term_string\"}}],\"inLanguage\":\"fr-FR\"},{\"@type\":\"Organization\",\"@id\":\"https:\/\/apexoutboards.com\/#organization\",\"name\":\"Apex Outboards\",\"url\":\"https:\/\/apexoutboards.com\/\",\"logo\":{\"@type\":\"ImageObject\",\"inLanguage\":\"fr-FR\",\"@id\":\"https:\/\/apexoutboards.com\/#\/schema\/logo\/image\/\",\"url\":\"https:\/\/apexoutboards.com\/wp-content\/uploads\/2021\/12\/Screenshot_7.png\",\"contentUrl\":\"https:\/\/apexoutboards.com\/wp-content\/uploads\/2021\/12\/Screenshot_7.png\",\"width\":222,\"height\":103,\"caption\":\"Apex Outboards\"},\"image\":{\"@id\":\"https:\/\/apexoutboards.com\/#\/schema\/logo\/image\/\"}}]}<\/script>\n<!-- \/ Yoast SEO plugin. -->","yoast_head_json":{"title":"Moteur hors-bord Suzuki 140 HP DF140ATX2 2019","description":"Obtenez votre produit d\u00e8s aujourd'hui ! Le moteur hors-bord Suzuki 140 HP DF140ATX2 2019 sera le meilleur choix pour vous. Bon magasinage !","robots":{"index":"index","follow":"follow","max-snippet":"max-snippet:-1","max-image-preview":"max-image-preview:large","max-video-preview":"max-video-preview:-1"},"canonical":"https:\/\/apexoutboards.com\/fr\/produit\/2019-suzuki-140-hp-df140atx2-outboard-motor\/","og_locale":"fr_FR","og_type":"article","og_title":"2019 Suzuki 140 HP DF140ATX2 Outboard Motor","og_description":"Get your product today! The 2019 Suzuki 140 HP DF140ATX2 Outboard Motor will be the best choice for you. Happy shopping!","og_url":"https:\/\/apexoutboards.com\/fr\/produit\/2019-suzuki-140-hp-df140atx2-outboard-motor\/","og_site_name":"Apex Outboards","article_modified_time":"2023-02-16T16:59:16+00:00","og_image":[{"width":600,"height":450,"url":"https:\/\/apexoutboards.com\/wp-content\/uploads\/2021\/12\/140-600x450-1.jpg","type":"image\/jpeg"}],"twitter_card":"summary_large_image","twitter_misc":{"Dur\u00e9e de lecture estim\u00e9e":"1 minute"},"schema":{"@context":"https:\/\/schema.org","@graph":[{"@type":"WebPage","@id":"https:\/\/apexoutboards.com\/product\/2019-suzuki-140-hp-df140atx2-outboard-motor\/","url":"https:\/\/apexoutboards.com\/product\/2019-suzuki-140-hp-df140atx2-outboard-motor\/","name":"Moteur hors-bord Suzuki 140 HP DF140ATX2 2019","isPartOf":{"@id":"https:\/\/apexoutboards.com\/#website"},"primaryImageOfPage":{"@id":"https:\/\/apexoutboards.com\/product\/2019-suzuki-140-hp-df140atx2-outboard-motor\/#primaryimage"},"image":{"@id":"https:\/\/apexoutboards.com\/product\/2019-suzuki-140-hp-df140atx2-outboard-motor\/#primaryimage"},"thumbnailUrl":"https:\/\/apexoutboards.com\/wp-content\/uploads\/2021\/12\/140-600x450-1.jpg","datePublished":"2021-12-21T06:58:44+00:00","dateModified":"2023-02-16T16:59:16+00:00","description":"Obtenez votre produit d\u00e8s aujourd'hui ! Le moteur hors-bord Suzuki 140 HP DF140ATX2 2019 sera le meilleur choix pour vous. Bon magasinage !","breadcrumb":{"@id":"https:\/\/apexoutboards.com\/product\/2019-suzuki-140-hp-df140atx2-outboard-motor\/#breadcrumb"},"inLanguage":"fr-FR","potentialAction":[{"@type":"ReadAction","target":["https:\/\/apexoutboards.com\/product\/2019-suzuki-140-hp-df140atx2-outboard-motor\/"]}]},{"@type":"ImageObject","inLanguage":"fr-FR","@id":"https:\/\/apexoutboards.com\/product\/2019-suzuki-140-hp-df140atx2-outboard-motor\/#primaryimage","url":"https:\/\/apexoutboards.com\/wp-content\/uploads\/2021\/12\/140-600x450-1.jpg","contentUrl":"https:\/\/apexoutboards.com\/wp-content\/uploads\/2021\/12\/140-600x450-1.jpg","width":600,"height":450,"caption":"2019 Suzuki 140 HP DF140ATXZ2 Outboard Motor"},{"@type":"BreadcrumbList","@id":"https:\/\/apexoutboards.com\/product\/2019-suzuki-140-hp-df140atx2-outboard-motor\/#breadcrumb","itemListElement":[{"@type":"ListItem","position":1,"name":"Home","item":"https:\/\/apexoutboards.com\/"},{"@type":"ListItem","position":2,"name":"Shop","item":"https:\/\/apexoutboards.com\/shop\/"},{"@type":"ListItem","position":3,"name":"2019 Suzuki 140 HP DF140ATX2 Outboard Motor"}]},{"@type":"WebSite","@id":"https:\/\/apexoutboards.com\/#website","url":"https:\/\/apexoutboards.com\/","name":"Apex Outboards","description":"apexoutboards.com","publisher":{"@id":"https:\/\/apexoutboards.com\/#organization"},"potentialAction":[{"@type":"SearchAction","target":{"@type":"EntryPoint","urlTemplate":"https:\/\/apexoutboards.com\/?s={search_term_string}"},"query-input":{"@type":"PropertyValueSpecification","valueRequired":true,"valueName":"search_term_string"}}],"inLanguage":"fr-FR"},{"@type":"Organization","@id":"https:\/\/apexoutboards.com\/#organization","name":"Apex Outboards","url":"https:\/\/apexoutboards.com\/","logo":{"@type":"ImageObject","inLanguage":"fr-FR","@id":"https:\/\/apexoutboards.com\/#\/schema\/logo\/image\/","url":"https:\/\/apexoutboards.com\/wp-content\/uploads\/2021\/12\/Screenshot_7.png","contentUrl":"https:\/\/apexoutboards.com\/wp-content\/uploads\/2021\/12\/Screenshot_7.png","width":222,"height":103,"caption":"Apex Outboards"},"image":{"@id":"https:\/\/apexoutboards.com\/#\/schema\/logo\/image\/"}}]}},"jetpack_sharing_enabled":true,"_links":{"self":[{"href":"https:\/\/apexoutboards.com\/fr\/wp-json\/wp\/v2\/product\/4615","targetHints":{"allow":["GET"]}}],"collection":[{"href":"https:\/\/apexoutboards.com\/fr\/wp-json\/wp\/v2\/product"}],"about":[{"href":"https:\/\/apexoutboards.com\/fr\/wp-json\/wp\/v2\/types\/product"}],"replies":[{"embeddable":true,"href":"https:\/\/apexoutboards.com\/fr\/wp-json\/wp\/v2\/comments?post=4615"}],"version-history":[{"count":0,"href":"https:\/\/apexoutboards.com\/fr\/wp-json\/wp\/v2\/product\/4615\/revisions"}],"wp:featuredmedia":[{"embeddable":true,"href":"https:\/\/apexoutboards.com\/fr\/wp-json\/wp\/v2\/media\/4610"}],"wp:attachment":[{"href":"https:\/\/apexoutboards.com\/fr\/wp-json\/wp\/v2\/media?parent=4615"}],"wp:term":[{"taxonomy":"product_brand","embeddable":true,"href":"https:\/\/apexoutboards.com\/fr\/wp-json\/wp\/v2\/product_brand?post=4615"},{"taxonomy":"product_cat","embeddable":true,"href":"https:\/\/apexoutboards.com\/fr\/wp-json\/wp\/v2\/product_cat?post=4615"},{"taxonomy":"product_tag","embeddable":true,"href":"https:\/\/apexoutboards.com\/fr\/wp-json\/wp\/v2\/product_tag?post=4615"}],"curies":[{"name":"wp","href":"https:\/\/api.w.org\/{rel}","templated":true}]}}