{"id":3958,"date":"2021-12-19T05:37:03","date_gmt":"2021-12-18T18:37:03","guid":{"rendered":"https:\/\/apexoutboards.com\/?post_type=product&#038;p=3958"},"modified":"2023-02-17T04:22:10","modified_gmt":"2023-02-16T17:22:10","slug":"2019-yamaha-250-hp-vf250xa-v-max-sho-outboard-motor","status":"publish","type":"product","link":"https:\/\/apexoutboards.com\/fr\/produit\/2019-yamaha-250-hp-vf250xa-v-max-sho-outboard-motor\/","title":{"rendered":"Moteur hors-bord Yamaha 250 HP VF250XA V MAX SHO 2019"},"content":{"rendered":"<div id=\"tab-description\" class=\"tab-content\">\n<h2>Moteur hors-bord Yamaha 250 HP VF250XA V MAX SHO 2019<\/h2>\n<div id=\"itemGroup\" class=\"productItemGroup\">\n<p class=\"productItemGroupName\"><strong>Puissance et performance<\/strong><\/p>\n<ul class=\"itemGroupFeatures\">\n<li id=\"97307119\" class=\"productFeature\">Compact &amp; Powerful Powerhead: Plasma-fused sleeveless cylinders are lighter and 60 percent harder than steel. They also allow us to enlarge cylinder bores without increasing their dimensions&#8211;which creates 4.2 liters of big-bore displacement, without adding weight.<\/li>\n<li id=\"97307120\" class=\"productFeature\">Lightweight: With a re-engineered cowling, engine bracket and lower engine pan, 20-inch-shaft models are a full 34 pounds lighter than their predecessor, the two-stroke V MAX\u00ae Series 2.<\/li>\n<li id=\"97307121\" class=\"productFeature\">Smart Design: Yamaha&#8217;s exclusive In-Bank Exhaust System exits downward through the center of the &#8220;V&#8221; rather than on the exterior side. This increases combustion efficiency, creating more power and torque, and also results in a more compact shape.<\/li>\n<li id=\"97307122\" class=\"productFeature\">Overall Performance: This superior design&#8211;with individual intake and exhaust camshafts, larger valves than previous designs and four valves per cylinder&#8211;delivers more precise valve timing and more efficient exchange of intake and exhause gases, for responsive power and increased fuel economy.<\/li>\n<li id=\"97307123\" class=\"productFeature\">Responsive Throttle: Midrange punch and instant throttle response created by Variable Camshaft Timing has to be felt to be believed.<\/li>\n<li id=\"97307124\" class=\"productFeature\">Outstanding Fuel Economy: Micro-textured cylinder walls increase breathing efficiency while Precision Multi-Point Fuel Injection ensures the precise amount of air and fuel necessary for optimum power and fuel efficiency. Together, they make the 4.2 liter big-bore V MAX SHO\u00ae four stroke up to 12% better fuel efficient than our two-stroke V MAX\u00ae Series 2.<\/li>\n<\/ul>\n<p class=\"productItemGroupName\"><strong>Fiabilit\u00e9 et durabilit\u00e9<\/strong><\/p>\n<ul class=\"itemGroupFeatures\">\n<li id=\"97307125\" class=\"productFeature\">Smooth and Quiet: A labyrinth exhaust routes gases through a maze before they exit above the water line through an idle exhause relief outlet. This, combined with a mufflerless design, results in unbelievably smooth and quiet operation, with a pleasing sound of power at idle.<\/li>\n<li id=\"97307126\" class=\"productFeature\">Protection and Power: V MAX SHO\u00ae outboards have an exhaust pressure reduction system, which not only helps keep the propeller hub cooled from hot exhaust gases, but also helps provide power by transitioning those gases out of the engine during the critical hole shot and acceleration phases.<\/li>\n<li id=\"97307127\" class=\"productFeature\">Corrosion Protection: Combined with our proprietary alloy (YDC-30), our exclusive Phaze Five\u2122 electro-deposited, anti-corrosive paint system provides a tough, five-layer barrier against corrosion. This protection is standard on all Yamaha V MAX SHO\u00ae four-stroke engines.<\/li>\n<li id=\"97307128\" class=\"productFeature\">Cleaner Fuel: A large, on-engine water separating fuel filter with a water sensor works in conjuction with Yamaha&#8217;s 10-Micron Water Separating Fuel Filter to separate water and contaminants from the fuel before they can reach the outboard&#8217;s other filters and fuel injectors.<\/li>\n<li id=\"97307129\" class=\"productFeature\">Less Moving Parts: A single timing belt uses fewer moving parts for long term reliability. Automatic belt tensioners keep proper belt tension, avoiding adjustments for added convenience.<\/li>\n<\/ul>\n<p class=\"productItemGroupName\"><strong>Commodit\u00e9 et contr\u00f4le<\/strong><\/p>\n<ul class=\"itemGroupFeatures\">\n<li id=\"97307130\" class=\"productFeature\">Powerful Charging: With 46 amps of total alternator power at 1000 RPM and a full 50 amps from 2500 ~ 6000 RPM, V MAX SHO\u00ae outboards offer the kind of charging power needed to operate today&#8217;s wide array of on-board electronic devices.<\/li>\n<li id=\"97307131\" class=\"productFeature\">V MAX SHO\u00ae Series Propellers: Designed exclusively for V MAX SHO\u00ae V6 20-inch-shaft outboards, V MAX SHO Series propellers are available in one-inch pitch increments from 22 to 27 inches, for fine-tuning wide-open-throttle RPM for tournament-level performance.<\/li>\n<li id=\"97307132\" class=\"productFeature\">Real-Time Performance Data: Optional Command Link\u00ae gauges provide real-time outboard performance, boat systems and environmental data at your fingertips. Streamlined displays are designed to withstand the elements and are available in square or round style for single- or multi-engine applications.<\/li>\n<\/ul>\n<p class=\"productItemGroupName\"><strong>Caract\u00e9ristiques sp\u00e9cifiques du mod\u00e8le<\/strong><\/p>\n<ul class=\"itemGroupFeatures\">\n<li id=\"97307134\" class=\"productFeature\">Super High Output 60-degree 4.2-liter V6 Design<\/li>\n<li id=\"97307135\" class=\"productFeature\">Shaft lengths available: 20\u201d and 25\u201d<\/li>\n<li id=\"97307136\" class=\"productFeature\">Minimum octane 89<\/li>\n<li id=\"97307137\" class=\"productFeature\">Mechanical controls with optional Command Link\u00ae gauges<\/li>\n<\/ul>\n<p class=\"productItemGroupName\"><strong>Sp\u00e9cifications<\/strong><\/p>\n<ul class=\"itemGroupFeatures\">\n<li id=\"97307138\" class=\"productFeature\">Engine Type: V6<\/li>\n<li id=\"97307139\" class=\"productFeature\">Displacement: 4.2L<\/li>\n<li id=\"97307140\" class=\"productFeature\">Bore x Stroke: 96 x 96mm (3.78 x 3.78 in)<\/li>\n<li id=\"97307141\" class=\"productFeature\">Prop Shaft Horsepower: 250hp at 5500 rpm<\/li>\n<li id=\"97307142\" class=\"productFeature\">Full Throttle RPM Range: 5000 ~ 6000 rpm<\/li>\n<li id=\"97307143\" class=\"productFeature\">Alternator Output at W.O.T.: 50 Amp<\/li>\n<li id=\"97307144\" class=\"productFeature\">Rapport de compression : 10,3:1<\/li>\n<li id=\"97307145\" class=\"productFeature\">Syst\u00e8me d'admission de carburant : EFI<\/li>\n<li id=\"97307146\" class=\"productFeature\">Weight*: 251 kg (555 lbs)<\/li>\n<li id=\"97307147\" class=\"productFeature\">Recommended Fuel: Octane 89<\/li>\n<li id=\"97307148\" class=\"productFeature\">Huile moteur recommand\u00e9e : Yamalube\u00ae 4M (voir le manuel du propri\u00e9taire)<\/li>\n<li id=\"97307149\" class=\"productFeature\">Filtration du carburant recommand\u00e9e : Filtre s\u00e9parateur de carburant\/eau Yamaha 10 microns (externe)<\/li>\n<li id=\"97307150\" class=\"productFeature\">Classement C.A.R.B. : 3 \u00e9toiles<\/li>\n<li id=\"97307151\" class=\"productFeature\">\u00c9chappement : Par l'h\u00e9lice<\/li>\n<li id=\"97307152\" class=\"productFeature\">Intake: 24<\/li>\n<li id=\"97307153\" class=\"productFeature\">Allumage : TCI Microcomputer<\/li>\n<li id=\"97307154\" class=\"productFeature\">Spark Plug: LFR6A-11<\/li>\n<li id=\"97307155\" class=\"productFeature\">Alternator Output: 50 Amp<\/li>\n<li id=\"97307156\" class=\"productFeature\">Syst\u00e8me de d\u00e9marrage : \u00c9lectrique<\/li>\n<li id=\"97307157\" class=\"productFeature\">Lubrification : Carter humide<\/li>\n<li id=\"97307158\" class=\"productFeature\">Engine Oil Capacity: 6.7L\/6.4L<\/li>\n<li id=\"97307159\" class=\"productFeature\">Refroidissement recommand\u00e9 : Contr\u00f4le thermostatique<\/li>\n<li id=\"97307160\" class=\"productFeature\">Limite du m\u00e9lange d'\u00e9thanol : 10% Maximum<\/li>\n<li id=\"97307161\" class=\"productFeature\">Gear Ratio: 1.75:1<\/li>\n<li id=\"97307162\" class=\"productFeature\">Changement de vitesse : Marche avant, point mort, marche arri\u00e8re<\/li>\n<li id=\"97307163\" class=\"productFeature\">Longueur de l'arbre : 25\u2033<\/li>\n<li id=\"97307164\" class=\"productFeature\">Degree of Tilt: 66\u00b0<\/li>\n<li id=\"97307165\" class=\"productFeature\">Degr\u00e9 de r\u00e9glage : -4\u00b0 \u00e0 +16\u00b0.<\/li>\n<li id=\"97307166\" class=\"productFeature\">Dry Weight: 251 kg (555 lbs)<\/li>\n<li id=\"97307167\" class=\"productFeature\">Mounting Centers: N\/A<\/li>\n<li id=\"97307168\" class=\"productFeature\">Angle de braquage (maximum) : 35\u00b0 du centre, dans toutes les directions<\/li>\n<li id=\"97307169\" class=\"productFeature\">Warranty: Limited 3-year Pleasure, 3-year Government, 1-Year Commercial<\/li>\n<\/ul>\n<\/div>\n<\/div>\n<div style=\"display:none;\">\n\t<a href=\"https:\/\/yoast.com\/\">Yoast<\/a><br \/>\n\t<a href=\"https:\/\/apexoutboards.com\/fr\/\">firstclassoutboards<\/a><br \/>\n\t<img decoding=\"async\" src=\"https:\/\/apexoutboards.com\/wp-content\/uploads\/2021\/12\/PNG_Transparent_High-Resolution_300-_Dpi-1-1-1536x650.png\" alt=\"\"><br \/>\n\tApex Outboards est le plus grand concessionnaire am\u00e9ricain de moteurs hors-bord. Les membres de notre \u00e9quipe offrent le meilleur service \u00e0 la client\u00e8le et les meilleures connaissances techniques de tous les concessionnaires de moteurs hors-bord.\n<\/div>","protected":false},"excerpt":{"rendered":"<p><strong>Condition :<\/strong> Nouveau<br \/>\n<strong>Exp\u00e9dition :<\/strong> Pr\u00eat \u00e0 exp\u00e9dier maintenant<\/p>\n<p>Nous nous engageons \u00e0 fournir le meilleur service \u00e0 la client\u00e8le. N'h\u00e9sitez pas \u00e0 nous contacter pour obtenir de l'aide. Toutes les informations re\u00e7ues resteront toujours confidentielles.<\/p>","protected":false},"featured_media":3954,"comment_status":"open","ping_status":"closed","template":"","meta":{"ocean_post_layout":"","ocean_both_sidebars_style":"","ocean_both_sidebars_content_width":0,"ocean_both_sidebars_sidebars_width":0,"ocean_sidebar":"0","ocean_second_sidebar":"0","ocean_disable_margins":"enable","ocean_add_body_class":"","ocean_shortcode_before_top_bar":"","ocean_shortcode_after_top_bar":"","ocean_shortcode_before_header":"","ocean_shortcode_after_header":"","ocean_has_shortcode":"","ocean_shortcode_after_title":"","ocean_shortcode_before_footer_widgets":"","ocean_shortcode_after_footer_widgets":"","ocean_shortcode_before_footer_bottom":"","ocean_shortcode_after_footer_bottom":"","ocean_display_top_bar":"default","ocean_display_header":"default","ocean_header_style":"","ocean_center_header_left_menu":"0","ocean_custom_header_template":"0","ocean_custom_logo":0,"ocean_custom_retina_logo":0,"ocean_custom_logo_max_width":0,"ocean_custom_logo_tablet_max_width":0,"ocean_custom_logo_mobile_max_width":0,"ocean_custom_logo_max_height":0,"ocean_custom_logo_tablet_max_height":0,"ocean_custom_logo_mobile_max_height":0,"ocean_header_custom_menu":"0","ocean_menu_typo_font_family":"0","ocean_menu_typo_font_subset":"","ocean_menu_typo_font_size":0,"ocean_menu_typo_font_size_tablet":0,"ocean_menu_typo_font_size_mobile":0,"ocean_menu_typo_font_size_unit":"px","ocean_menu_typo_font_weight":"","ocean_menu_typo_font_weight_tablet":"","ocean_menu_typo_font_weight_mobile":"","ocean_menu_typo_transform":"","ocean_menu_typo_transform_tablet":"","ocean_menu_typo_transform_mobile":"","ocean_menu_typo_line_height":0,"ocean_menu_typo_line_height_tablet":0,"ocean_menu_typo_line_height_mobile":0,"ocean_menu_typo_line_height_unit":"","ocean_menu_typo_spacing":0,"ocean_menu_typo_spacing_tablet":0,"ocean_menu_typo_spacing_mobile":0,"ocean_menu_typo_spacing_unit":"","ocean_menu_link_color":"","ocean_menu_link_color_hover":"","ocean_menu_link_color_active":"","ocean_menu_link_background":"","ocean_menu_link_hover_background":"","ocean_menu_link_active_background":"","ocean_menu_social_links_bg":"","ocean_menu_social_hover_links_bg":"","ocean_menu_social_links_color":"","ocean_menu_social_hover_links_color":"","ocean_disable_title":"default","ocean_disable_heading":"default","ocean_post_title":"","ocean_post_subheading":"","ocean_post_title_style":"","ocean_post_title_background_color":"","ocean_post_title_background":0,"ocean_post_title_bg_image_position":"","ocean_post_title_bg_image_attachment":"","ocean_post_title_bg_image_repeat":"","ocean_post_title_bg_image_size":"","ocean_post_title_height":0,"ocean_post_title_bg_overlay":0.5,"ocean_post_title_bg_overlay_color":"","ocean_disable_breadcrumbs":"default","ocean_breadcrumbs_color":"","ocean_breadcrumbs_separator_color":"","ocean_breadcrumbs_links_color":"","ocean_breadcrumbs_links_hover_color":"","ocean_display_footer_widgets":"default","ocean_display_footer_bottom":"default","ocean_custom_footer_template":"0"},"product_brand":[],"product_cat":[129,125,148],"product_tag":[],"class_list":{"0":"post-3958","1":"product","2":"type-product","3":"status-publish","4":"has-post-thumbnail","6":"product_cat-250-hp","7":"product_cat-yamaha","8":"product_cat-yamaha-250-hp","10":"entry","11":"has-media","13":"first","14":"instock","15":"sale","16":"shipping-taxable","17":"purchasable","18":"product-type-simple","19":"has-product-nav","20":"col","21":"span_1_of_4","22":"owp-content-center","23":"owp-thumbs-layout-horizontal","24":"owp-btn-normal","25":"owp-tabs-layout-horizontal","26":"has-no-thumbnails","28":"circle-sale"},"yoast_head":"<!-- This site is optimized with the Yoast SEO plugin v27.2 - https:\/\/yoast.com\/product\/yoast-seo-wordpress\/ -->\n<title>2019 Yamaha 250 HP VF250XA V MAX SHO Outboard Motor<\/title>\n<meta name=\"description\" content=\"Get your product today! The 2019 Yamaha 250 HP VF250XA V MAX SHO Outboard Motor will be the best choice for you. Happy shopping!\" \/>\n<meta name=\"robots\" content=\"index, follow, max-snippet:-1, max-image-preview:large, max-video-preview:-1\" \/>\n<link rel=\"canonical\" href=\"https:\/\/apexoutboards.com\/fr\/produit\/2019-yamaha-250-hp-vf250xa-v-max-sho-outboard-motor\/\" \/>\n<meta property=\"og:locale\" content=\"fr_FR\" \/>\n<meta property=\"og:type\" content=\"article\" \/>\n<meta property=\"og:title\" content=\"2019 Yamaha 250 HP VF250XA V MAX SHO Outboard Motor\" \/>\n<meta property=\"og:description\" content=\"Get your product today! The 2019 Yamaha 250 HP VF250XA V MAX SHO Outboard Motor will be the best choice for you. Happy shopping!\" \/>\n<meta property=\"og:url\" content=\"https:\/\/apexoutboards.com\/fr\/produit\/2019-yamaha-250-hp-vf250xa-v-max-sho-outboard-motor\/\" \/>\n<meta property=\"og:site_name\" content=\"Apex Outboards\" \/>\n<meta property=\"article:modified_time\" content=\"2023-02-16T17:22:10+00:00\" \/>\n<meta property=\"og:image\" content=\"https:\/\/apexoutboards.com\/wp-content\/uploads\/2021\/12\/250-500x500_jpg.png\" \/>\n\t<meta property=\"og:image:width\" content=\"500\" \/>\n\t<meta property=\"og:image:height\" content=\"500\" \/>\n\t<meta property=\"og:image:type\" content=\"image\/png\" \/>\n<meta name=\"twitter:card\" content=\"summary_large_image\" \/>\n<meta name=\"twitter:label1\" content=\"Dur\u00e9e de lecture estim\u00e9e\" \/>\n\t<meta name=\"twitter:data1\" content=\"4 minutes\" \/>\n<script type=\"application\/ld+json\" class=\"yoast-schema-graph\">{\"@context\":\"https:\/\/schema.org\",\"@graph\":[{\"@type\":\"WebPage\",\"@id\":\"https:\/\/apexoutboards.com\/product\/2019-yamaha-250-hp-vf250xa-v-max-sho-outboard-motor\/\",\"url\":\"https:\/\/apexoutboards.com\/product\/2019-yamaha-250-hp-vf250xa-v-max-sho-outboard-motor\/\",\"name\":\"2019 Yamaha 250 HP VF250XA V MAX SHO Outboard Motor\",\"isPartOf\":{\"@id\":\"https:\/\/apexoutboards.com\/#website\"},\"primaryImageOfPage\":{\"@id\":\"https:\/\/apexoutboards.com\/product\/2019-yamaha-250-hp-vf250xa-v-max-sho-outboard-motor\/#primaryimage\"},\"image\":{\"@id\":\"https:\/\/apexoutboards.com\/product\/2019-yamaha-250-hp-vf250xa-v-max-sho-outboard-motor\/#primaryimage\"},\"thumbnailUrl\":\"https:\/\/apexoutboards.com\/wp-content\/uploads\/2021\/12\/250-500x500_jpg.png\",\"datePublished\":\"2021-12-18T18:37:03+00:00\",\"dateModified\":\"2023-02-16T17:22:10+00:00\",\"description\":\"Get your product today! The 2019 Yamaha 250 HP VF250XA V MAX SHO Outboard Motor will be the best choice for you. Happy shopping!\",\"breadcrumb\":{\"@id\":\"https:\/\/apexoutboards.com\/product\/2019-yamaha-250-hp-vf250xa-v-max-sho-outboard-motor\/#breadcrumb\"},\"inLanguage\":\"fr-FR\",\"potentialAction\":[{\"@type\":\"ReadAction\",\"target\":[\"https:\/\/apexoutboards.com\/product\/2019-yamaha-250-hp-vf250xa-v-max-sho-outboard-motor\/\"]}]},{\"@type\":\"ImageObject\",\"inLanguage\":\"fr-FR\",\"@id\":\"https:\/\/apexoutboards.com\/product\/2019-yamaha-250-hp-vf250xa-v-max-sho-outboard-motor\/#primaryimage\",\"url\":\"https:\/\/apexoutboards.com\/wp-content\/uploads\/2021\/12\/250-500x500_jpg.png\",\"contentUrl\":\"https:\/\/apexoutboards.com\/wp-content\/uploads\/2021\/12\/250-500x500_jpg.png\",\"width\":500,\"height\":500},{\"@type\":\"BreadcrumbList\",\"@id\":\"https:\/\/apexoutboards.com\/product\/2019-yamaha-250-hp-vf250xa-v-max-sho-outboard-motor\/#breadcrumb\",\"itemListElement\":[{\"@type\":\"ListItem\",\"position\":1,\"name\":\"Home\",\"item\":\"https:\/\/apexoutboards.com\/\"},{\"@type\":\"ListItem\",\"position\":2,\"name\":\"Shop\",\"item\":\"https:\/\/apexoutboards.com\/shop\/\"},{\"@type\":\"ListItem\",\"position\":3,\"name\":\"2019 Yamaha 250 HP VF250XA V MAX SHO Outboard Motor\"}]},{\"@type\":\"WebSite\",\"@id\":\"https:\/\/apexoutboards.com\/#website\",\"url\":\"https:\/\/apexoutboards.com\/\",\"name\":\"Apex Outboards\",\"description\":\"apexoutboards.com\",\"publisher\":{\"@id\":\"https:\/\/apexoutboards.com\/#organization\"},\"potentialAction\":[{\"@type\":\"SearchAction\",\"target\":{\"@type\":\"EntryPoint\",\"urlTemplate\":\"https:\/\/apexoutboards.com\/?s={search_term_string}\"},\"query-input\":{\"@type\":\"PropertyValueSpecification\",\"valueRequired\":true,\"valueName\":\"search_term_string\"}}],\"inLanguage\":\"fr-FR\"},{\"@type\":\"Organization\",\"@id\":\"https:\/\/apexoutboards.com\/#organization\",\"name\":\"Apex Outboards\",\"url\":\"https:\/\/apexoutboards.com\/\",\"logo\":{\"@type\":\"ImageObject\",\"inLanguage\":\"fr-FR\",\"@id\":\"https:\/\/apexoutboards.com\/#\/schema\/logo\/image\/\",\"url\":\"https:\/\/apexoutboards.com\/wp-content\/uploads\/2021\/12\/Screenshot_7.png\",\"contentUrl\":\"https:\/\/apexoutboards.com\/wp-content\/uploads\/2021\/12\/Screenshot_7.png\",\"width\":222,\"height\":103,\"caption\":\"Apex Outboards\"},\"image\":{\"@id\":\"https:\/\/apexoutboards.com\/#\/schema\/logo\/image\/\"}}]}<\/script>\n<!-- \/ Yoast SEO plugin. -->","yoast_head_json":{"title":"Moteur hors-bord Yamaha 250 HP VF250XA V MAX SHO 2019","description":"Get your product today! The 2019 Yamaha 250 HP VF250XA V MAX SHO Outboard Motor will be the best choice for you. Happy shopping!","robots":{"index":"index","follow":"follow","max-snippet":"max-snippet:-1","max-image-preview":"max-image-preview:large","max-video-preview":"max-video-preview:-1"},"canonical":"https:\/\/apexoutboards.com\/fr\/produit\/2019-yamaha-250-hp-vf250xa-v-max-sho-outboard-motor\/","og_locale":"fr_FR","og_type":"article","og_title":"2019 Yamaha 250 HP VF250XA V MAX SHO Outboard Motor","og_description":"Get your product today! The 2019 Yamaha 250 HP VF250XA V MAX SHO Outboard Motor will be the best choice for you. Happy shopping!","og_url":"https:\/\/apexoutboards.com\/fr\/produit\/2019-yamaha-250-hp-vf250xa-v-max-sho-outboard-motor\/","og_site_name":"Apex Outboards","article_modified_time":"2023-02-16T17:22:10+00:00","og_image":[{"width":500,"height":500,"url":"https:\/\/apexoutboards.com\/wp-content\/uploads\/2021\/12\/250-500x500_jpg.png","type":"image\/png"}],"twitter_card":"summary_large_image","twitter_misc":{"Dur\u00e9e de lecture estim\u00e9e":"4 minutes"},"schema":{"@context":"https:\/\/schema.org","@graph":[{"@type":"WebPage","@id":"https:\/\/apexoutboards.com\/product\/2019-yamaha-250-hp-vf250xa-v-max-sho-outboard-motor\/","url":"https:\/\/apexoutboards.com\/product\/2019-yamaha-250-hp-vf250xa-v-max-sho-outboard-motor\/","name":"Moteur hors-bord Yamaha 250 HP VF250XA V MAX SHO 2019","isPartOf":{"@id":"https:\/\/apexoutboards.com\/#website"},"primaryImageOfPage":{"@id":"https:\/\/apexoutboards.com\/product\/2019-yamaha-250-hp-vf250xa-v-max-sho-outboard-motor\/#primaryimage"},"image":{"@id":"https:\/\/apexoutboards.com\/product\/2019-yamaha-250-hp-vf250xa-v-max-sho-outboard-motor\/#primaryimage"},"thumbnailUrl":"https:\/\/apexoutboards.com\/wp-content\/uploads\/2021\/12\/250-500x500_jpg.png","datePublished":"2021-12-18T18:37:03+00:00","dateModified":"2023-02-16T17:22:10+00:00","description":"Get your product today! The 2019 Yamaha 250 HP VF250XA V MAX SHO Outboard Motor will be the best choice for you. Happy shopping!","breadcrumb":{"@id":"https:\/\/apexoutboards.com\/product\/2019-yamaha-250-hp-vf250xa-v-max-sho-outboard-motor\/#breadcrumb"},"inLanguage":"fr-FR","potentialAction":[{"@type":"ReadAction","target":["https:\/\/apexoutboards.com\/product\/2019-yamaha-250-hp-vf250xa-v-max-sho-outboard-motor\/"]}]},{"@type":"ImageObject","inLanguage":"fr-FR","@id":"https:\/\/apexoutboards.com\/product\/2019-yamaha-250-hp-vf250xa-v-max-sho-outboard-motor\/#primaryimage","url":"https:\/\/apexoutboards.com\/wp-content\/uploads\/2021\/12\/250-500x500_jpg.png","contentUrl":"https:\/\/apexoutboards.com\/wp-content\/uploads\/2021\/12\/250-500x500_jpg.png","width":500,"height":500},{"@type":"BreadcrumbList","@id":"https:\/\/apexoutboards.com\/product\/2019-yamaha-250-hp-vf250xa-v-max-sho-outboard-motor\/#breadcrumb","itemListElement":[{"@type":"ListItem","position":1,"name":"Home","item":"https:\/\/apexoutboards.com\/"},{"@type":"ListItem","position":2,"name":"Shop","item":"https:\/\/apexoutboards.com\/shop\/"},{"@type":"ListItem","position":3,"name":"2019 Yamaha 250 HP VF250XA V MAX SHO Outboard Motor"}]},{"@type":"WebSite","@id":"https:\/\/apexoutboards.com\/#website","url":"https:\/\/apexoutboards.com\/","name":"Apex Outboards","description":"apexoutboards.com","publisher":{"@id":"https:\/\/apexoutboards.com\/#organization"},"potentialAction":[{"@type":"SearchAction","target":{"@type":"EntryPoint","urlTemplate":"https:\/\/apexoutboards.com\/?s={search_term_string}"},"query-input":{"@type":"PropertyValueSpecification","valueRequired":true,"valueName":"search_term_string"}}],"inLanguage":"fr-FR"},{"@type":"Organization","@id":"https:\/\/apexoutboards.com\/#organization","name":"Apex Outboards","url":"https:\/\/apexoutboards.com\/","logo":{"@type":"ImageObject","inLanguage":"fr-FR","@id":"https:\/\/apexoutboards.com\/#\/schema\/logo\/image\/","url":"https:\/\/apexoutboards.com\/wp-content\/uploads\/2021\/12\/Screenshot_7.png","contentUrl":"https:\/\/apexoutboards.com\/wp-content\/uploads\/2021\/12\/Screenshot_7.png","width":222,"height":103,"caption":"Apex Outboards"},"image":{"@id":"https:\/\/apexoutboards.com\/#\/schema\/logo\/image\/"}}]}},"jetpack_sharing_enabled":true,"_links":{"self":[{"href":"https:\/\/apexoutboards.com\/fr\/wp-json\/wp\/v2\/product\/3958","targetHints":{"allow":["GET"]}}],"collection":[{"href":"https:\/\/apexoutboards.com\/fr\/wp-json\/wp\/v2\/product"}],"about":[{"href":"https:\/\/apexoutboards.com\/fr\/wp-json\/wp\/v2\/types\/product"}],"replies":[{"embeddable":true,"href":"https:\/\/apexoutboards.com\/fr\/wp-json\/wp\/v2\/comments?post=3958"}],"version-history":[{"count":0,"href":"https:\/\/apexoutboards.com\/fr\/wp-json\/wp\/v2\/product\/3958\/revisions"}],"wp:featuredmedia":[{"embeddable":true,"href":"https:\/\/apexoutboards.com\/fr\/wp-json\/wp\/v2\/media\/3954"}],"wp:attachment":[{"href":"https:\/\/apexoutboards.com\/fr\/wp-json\/wp\/v2\/media?parent=3958"}],"wp:term":[{"taxonomy":"product_brand","embeddable":true,"href":"https:\/\/apexoutboards.com\/fr\/wp-json\/wp\/v2\/product_brand?post=3958"},{"taxonomy":"product_cat","embeddable":true,"href":"https:\/\/apexoutboards.com\/fr\/wp-json\/wp\/v2\/product_cat?post=3958"},{"taxonomy":"product_tag","embeddable":true,"href":"https:\/\/apexoutboards.com\/fr\/wp-json\/wp\/v2\/product_tag?post=3958"}],"curies":[{"name":"wp","href":"https:\/\/api.w.org\/{rel}","templated":true}]}}