{"id":3863,"date":"2021-12-19T03:34:46","date_gmt":"2021-12-18T16:34:46","guid":{"rendered":"https:\/\/apexoutboards.com\/?post_type=product&#038;p=3863"},"modified":"2023-02-17T04:31:30","modified_gmt":"2023-02-16T17:31:30","slug":"2019-yamaha-115-hp-f115xb-outboard-motor","status":"publish","type":"product","link":"https:\/\/apexoutboards.com\/fr\/produit\/2019-yamaha-115-hp-f115xb-outboard-motor\/","title":{"rendered":"Moteur hors-bord Yamaha 115 HP F115XB 2019"},"content":{"rendered":"<h2>Moteur hors-bord Yamaha 115 HP F115XB 2019<\/h2>\n<p><strong>PLUS L\u00c9GER ET COMPACT<\/strong><\/p>\n<p>Avec ses 377 livres, le nouveau F115B est plus l\u00e9ger de 24 livres que la g\u00e9n\u00e9ration pr\u00e9c\u00e9dente (F115LA). Les \u00e9conomies de poids proviennent d'une vari\u00e9t\u00e9 de nouveaux mat\u00e9riaux, tels qu'un carter inf\u00e9rieur et un capotage en composite, un m\u00e9canisme de compensation et d'inclinaison \u00e0 v\u00e9rin unique et un nouveau support de montage l\u00e9ger.<\/p>\n<p><strong>PLUS PUISSANT<\/strong><\/p>\n<p>Le moteur de la F115 est enti\u00e8rement nouveau, avec un al\u00e9sage et une course plus importants, mesurant d\u00e9sormais 1,8 litre. En m\u00eame temps, ce quatre cylindres \u00e0 double arbre \u00e0 cames en t\u00eate (DACT) re\u00e7oit des soupapes d'admission et d'\u00e9chappement plus grandes pour faciliter la respiration, augmenter la puissance et am\u00e9liorer le couple \u00e0 mi-r\u00e9gime. Les nouvelles soupapes et la nouvelle culasse sont compl\u00e9t\u00e9es par un nouveau corps de papillon unique de 60 mm avec le syst\u00e8me d'admission long de Yamaha, et un nouveau collecteur d'\u00e9chappement \u00e0 \u00e9coulement libre. Le taux de compression est augment\u00e9, tout comme la plage de r\u00e9gime \u00e0 plein r\u00e9gime : 5 300 \u00e0 6 300. Un capteur de cliquetis, une caract\u00e9ristique inattendue dans cette cat\u00e9gorie de hors-bord, permet au moteur de fonctionner constamment au maximum de sa puissance. Il en r\u00e9sulte une formidable acc\u00e9l\u00e9ration et un temps de 0 \u00e0 200 pieds plus rapide de 0,7 seconde que celui du F115A.<\/p>\n<p><strong>VERSATILE<\/strong><\/p>\n<p>Le F115 convient parfaitement \u00e0 de nombreux types de bateaux : pontons, bateaux de baie, fish'n'skis, bateaux de sport, bateaux en aluminium \u00e0 V profond, pneumatiques RIB et bien d'autres encore. Son support de montage l\u00e9ger et tr\u00e8s r\u00e9sistant utilise les m\u00eames trous de montage que la plupart des autres mod\u00e8les de hors-bord. Disponible en trois mod\u00e8les, il peut \u00eatre \u00e9quip\u00e9 soit pour une commande \u00e0 distance, soit pour une utilisation avec une poign\u00e9e de barre. Comme son grand fr\u00e8re, le F150, le F115 est disponible en rotation \u00e0 gauche et \u00e0 droite pour une utilisation en biplace.<\/p>\n<p><strong>MEILLEURE CHARGE<\/strong><\/p>\n<p>Le nouvel alternateur fournit plus de puissance qu'auparavant : 35 amp\u00e8res \u00e0 plein r\u00e9gime (contre 24 pour l'ancien F115) et 28 amp\u00e8res \u00e0 seulement 1 000 tr\/min.<\/p>\n<p><strong>QUIETTE<\/strong><\/p>\n<p>Con\u00e7u pour am\u00e9liorer la douceur et le silence de fonctionnement, le F115 dispose d'un tout nouveau syst\u00e8me d'\u00e9chappement et d'une r\u00e9duction des vibrations gr\u00e2ce \u00e0 un volant \u00e0 masse inertielle harmonis\u00e9 et \u00e0 des supports moteur en caoutchouc de grande capacit\u00e9. Yamaha propose \u00e9galement une nouvelle gamme d'h\u00e9lices SDSTM sp\u00e9cialement con\u00e7ues pour ce hors-bord. Offrant la douceur et le silence de fonctionnement du Shift Dampener System exclusif \u00e0 Yamaha, ces nouvelles h\u00e9lices offrent un fonctionnement silencieux et r\u00e9pondent parfaitement aux besoins de performances du nouveau F115B de Yamaha, tant lors des changements de vitesse que lorsqu'il est en prise. Appel\u00e9es TalonTM, ces nouvelles h\u00e9lices ont un pas de 9 \u00e0 16 pouces et sont id\u00e9ales pour une vari\u00e9t\u00e9 d'applications. Bien entendu, les solutions d'h\u00e9lices infinies de Yamaha signifient qu'une foule d'h\u00e9lices conventionnelles en aluminium et en acier inoxydable sont \u00e9galement disponibles.<\/p>\n<p>&nbsp;<\/p>\n<p><strong>Les caract\u00e9ristiques peuvent inclure :<\/strong><\/p>\n<ul role=\"presentation\">\n<li role=\"presentation\">1 832 cm3, 16 soupapes, DACT, 4 cylindres en ligne, 4 temps.<\/li>\n<\/ul>\n<ul role=\"presentation\">\n<li role=\"presentation\">Poids de 174 kg seulement - rapport poids\/puissance le plus \u00e9lev\u00e9 de sa cat\u00e9gorie.<\/li>\n<\/ul>\n<ul role=\"presentation\">\n<li role=\"presentation\">EFI - performances propres et efficaces et fiabilit\u00e9<\/li>\n<\/ul>\n<ul role=\"presentation\">\n<li role=\"presentation\">Capot sup\u00e9rieur de derni\u00e8re g\u00e9n\u00e9ration - \u00e9l\u00e9gant et compact<\/li>\n<\/ul>\n<ul role=\"presentation\">\n<li role=\"presentation\">Compatible avec le syst\u00e8me de r\u00e9seau num\u00e9rique Yamaha<\/li>\n<\/ul>\n<ul role=\"presentation\">\n<li role=\"presentation\">Syst\u00e8me de vitesse variable de la tra\u00eene - pour une navigation d\u00e9tendue<\/li>\n<\/ul>\n<ul role=\"presentation\">\n<li role=\"presentation\">Syst\u00e8me exclusif d'immobilisation\/de s\u00e9curit\u00e9 \u00e0 distance Y-COP<\/li>\n<\/ul>\n<ul role=\"presentation\">\n<li role=\"presentation\">Alternateur 35A High Output - puissance de d\u00e9marrage suppl\u00e9mentaire<\/li>\n<\/ul>\n<ul role=\"presentation\">\n<li role=\"presentation\">Shallow Water Drive pour les croisi\u00e8res c\u00f4ti\u00e8res.<\/li>\n<\/ul>\n<ul role=\"presentation\">\n<li role=\"presentation\">H\u00e9lice de la s\u00e9rie TALON - amortit le bruit et les vibrations<\/li>\n<\/ul>\n<p>&nbsp;<\/p>\n<p class=\"specstitle\"><strong>Sp\u00e9cifications du moteur<\/strong><\/p>\n<ul class=\"specdetails\">\n<li>Type de moteur : Yamaha F115XB quatre temps<\/li>\n<li>Puissance : 115 hp<\/li>\n<li>Cylindres : 4 cylindres<\/li>\n<li>Longueur de l'arbre : 25\u2033<\/li>\n<li>Direction : M\u00e9canisme \u00e0 distance<\/li>\n<li>D\u00e9marreur : \u00e9lectrique<\/li>\n<li>Poids : 386 lbs<\/li>\n<li>Plage d'acc\u00e9l\u00e9ration maximale : 5300 - 6300 rpm<\/li>\n<li>D\u00e9placement : 1832cc<\/li>\n<li>Syst\u00e8me d'induction : EFI<\/li>\n<li>Garantie : 3 ans<\/li>\n<\/ul>\n<div style=\"display:none;\">\n\t<a href=\"https:\/\/yoast.com\/\">Yoast<\/a><br \/>\n\t<a href=\"https:\/\/apexoutboards.com\/fr\/\">firstclassoutboards<\/a><br \/>\n\t<img decoding=\"async\" src=\"https:\/\/apexoutboards.com\/wp-content\/uploads\/2021\/12\/PNG_Transparent_High-Resolution_300-_Dpi-1-1-1536x650.png\" alt=\"\"><br \/>\n\tApex Outboards est le plus grand concessionnaire am\u00e9ricain de moteurs hors-bord. Les membres de notre \u00e9quipe offrent le meilleur service \u00e0 la client\u00e8le et les meilleures connaissances techniques de tous les concessionnaires de moteurs hors-bord.\n<\/div>","protected":false},"excerpt":{"rendered":"<p><strong>Condition :<\/strong> Nouveau<br \/>\n<strong>Exp\u00e9dition :<\/strong> Pr\u00eat \u00e0 exp\u00e9dier maintenant<\/p>\n<p>Nous nous engageons \u00e0 fournir le meilleur service \u00e0 la client\u00e8le. N'h\u00e9sitez pas \u00e0 nous contacter pour obtenir de l'aide. Toutes les informations re\u00e7ues resteront toujours confidentielles.<\/p>","protected":false},"featured_media":3860,"comment_status":"open","ping_status":"closed","template":"","meta":{"ocean_post_layout":"","ocean_both_sidebars_style":"","ocean_both_sidebars_content_width":0,"ocean_both_sidebars_sidebars_width":0,"ocean_sidebar":"0","ocean_second_sidebar":"0","ocean_disable_margins":"enable","ocean_add_body_class":"","ocean_shortcode_before_top_bar":"","ocean_shortcode_after_top_bar":"","ocean_shortcode_before_header":"","ocean_shortcode_after_header":"","ocean_has_shortcode":"","ocean_shortcode_after_title":"","ocean_shortcode_before_footer_widgets":"","ocean_shortcode_after_footer_widgets":"","ocean_shortcode_before_footer_bottom":"","ocean_shortcode_after_footer_bottom":"","ocean_display_top_bar":"default","ocean_display_header":"default","ocean_header_style":"","ocean_center_header_left_menu":"0","ocean_custom_header_template":"0","ocean_custom_logo":0,"ocean_custom_retina_logo":0,"ocean_custom_logo_max_width":0,"ocean_custom_logo_tablet_max_width":0,"ocean_custom_logo_mobile_max_width":0,"ocean_custom_logo_max_height":0,"ocean_custom_logo_tablet_max_height":0,"ocean_custom_logo_mobile_max_height":0,"ocean_header_custom_menu":"0","ocean_menu_typo_font_family":"0","ocean_menu_typo_font_subset":"","ocean_menu_typo_font_size":0,"ocean_menu_typo_font_size_tablet":0,"ocean_menu_typo_font_size_mobile":0,"ocean_menu_typo_font_size_unit":"px","ocean_menu_typo_font_weight":"","ocean_menu_typo_font_weight_tablet":"","ocean_menu_typo_font_weight_mobile":"","ocean_menu_typo_transform":"","ocean_menu_typo_transform_tablet":"","ocean_menu_typo_transform_mobile":"","ocean_menu_typo_line_height":0,"ocean_menu_typo_line_height_tablet":0,"ocean_menu_typo_line_height_mobile":0,"ocean_menu_typo_line_height_unit":"","ocean_menu_typo_spacing":0,"ocean_menu_typo_spacing_tablet":0,"ocean_menu_typo_spacing_mobile":0,"ocean_menu_typo_spacing_unit":"","ocean_menu_link_color":"","ocean_menu_link_color_hover":"","ocean_menu_link_color_active":"","ocean_menu_link_background":"","ocean_menu_link_hover_background":"","ocean_menu_link_active_background":"","ocean_menu_social_links_bg":"","ocean_menu_social_hover_links_bg":"","ocean_menu_social_links_color":"","ocean_menu_social_hover_links_color":"","ocean_disable_title":"default","ocean_disable_heading":"default","ocean_post_title":"","ocean_post_subheading":"","ocean_post_title_style":"","ocean_post_title_background_color":"","ocean_post_title_background":0,"ocean_post_title_bg_image_position":"","ocean_post_title_bg_image_attachment":"","ocean_post_title_bg_image_repeat":"","ocean_post_title_bg_image_size":"","ocean_post_title_height":0,"ocean_post_title_bg_overlay":0.5,"ocean_post_title_bg_overlay_color":"","ocean_disable_breadcrumbs":"default","ocean_breadcrumbs_color":"","ocean_breadcrumbs_separator_color":"","ocean_breadcrumbs_links_color":"","ocean_breadcrumbs_links_hover_color":"","ocean_display_footer_widgets":"default","ocean_display_footer_bottom":"default","ocean_custom_footer_template":"0"},"product_brand":[],"product_cat":[134,125,153],"product_tag":[],"class_list":{"0":"post-3863","1":"product","2":"type-product","3":"status-publish","4":"has-post-thumbnail","6":"product_cat-115-hp","7":"product_cat-yamaha","8":"product_cat-yamaha-115-hp","10":"entry","11":"has-media","13":"first","14":"instock","15":"sale","16":"shipping-taxable","17":"purchasable","18":"product-type-simple","19":"has-product-nav","20":"col","21":"span_1_of_4","22":"owp-content-center","23":"owp-thumbs-layout-horizontal","24":"owp-btn-normal","25":"owp-tabs-layout-horizontal","26":"has-no-thumbnails","28":"circle-sale"},"yoast_head":"<!-- This site is optimized with the Yoast SEO plugin v27.2 - https:\/\/yoast.com\/product\/yoast-seo-wordpress\/ -->\n<title>2019 Yamaha 115 HP F115XB Outboard Motor<\/title>\n<meta name=\"description\" content=\"Get your product today! The 2019 Yamaha 115 HP F115XB Outboard Motor will be the best choice for you. Happy shopping!\" \/>\n<meta name=\"robots\" content=\"index, follow, max-snippet:-1, max-image-preview:large, max-video-preview:-1\" \/>\n<link rel=\"canonical\" href=\"https:\/\/apexoutboards.com\/fr\/produit\/2019-yamaha-115-hp-f115xb-outboard-motor\/\" \/>\n<meta property=\"og:locale\" content=\"fr_FR\" \/>\n<meta property=\"og:type\" content=\"article\" \/>\n<meta property=\"og:title\" content=\"2019 Yamaha 115 HP F115XB Outboard Motor\" \/>\n<meta property=\"og:description\" content=\"Get your product today! The 2019 Yamaha 115 HP F115XB Outboard Motor will be the best choice for you. Happy shopping!\" \/>\n<meta property=\"og:url\" content=\"https:\/\/apexoutboards.com\/fr\/produit\/2019-yamaha-115-hp-f115xb-outboard-motor\/\" \/>\n<meta property=\"og:site_name\" content=\"Apex Outboards\" \/>\n<meta property=\"article:modified_time\" content=\"2023-02-16T17:31:30+00:00\" \/>\n<meta property=\"og:image\" content=\"https:\/\/apexoutboards.com\/wp-content\/uploads\/2021\/12\/115-600x450-1.jpg\" \/>\n\t<meta property=\"og:image:width\" content=\"600\" \/>\n\t<meta property=\"og:image:height\" content=\"450\" \/>\n\t<meta property=\"og:image:type\" content=\"image\/jpeg\" \/>\n<meta name=\"twitter:card\" content=\"summary_large_image\" \/>\n<meta name=\"twitter:label1\" content=\"Dur\u00e9e de lecture estim\u00e9e\" \/>\n\t<meta name=\"twitter:data1\" content=\"3 minutes\" \/>\n<script type=\"application\/ld+json\" class=\"yoast-schema-graph\">{\"@context\":\"https:\/\/schema.org\",\"@graph\":[{\"@type\":\"WebPage\",\"@id\":\"https:\/\/apexoutboards.com\/product\/2019-yamaha-115-hp-f115xb-outboard-motor\/\",\"url\":\"https:\/\/apexoutboards.com\/product\/2019-yamaha-115-hp-f115xb-outboard-motor\/\",\"name\":\"2019 Yamaha 115 HP F115XB Outboard Motor\",\"isPartOf\":{\"@id\":\"https:\/\/apexoutboards.com\/#website\"},\"primaryImageOfPage\":{\"@id\":\"https:\/\/apexoutboards.com\/product\/2019-yamaha-115-hp-f115xb-outboard-motor\/#primaryimage\"},\"image\":{\"@id\":\"https:\/\/apexoutboards.com\/product\/2019-yamaha-115-hp-f115xb-outboard-motor\/#primaryimage\"},\"thumbnailUrl\":\"https:\/\/apexoutboards.com\/wp-content\/uploads\/2021\/12\/115-600x450-1.jpg\",\"datePublished\":\"2021-12-18T16:34:46+00:00\",\"dateModified\":\"2023-02-16T17:31:30+00:00\",\"description\":\"Get your product today! The 2019 Yamaha 115 HP F115XB Outboard Motor will be the best choice for you. Happy shopping!\",\"breadcrumb\":{\"@id\":\"https:\/\/apexoutboards.com\/product\/2019-yamaha-115-hp-f115xb-outboard-motor\/#breadcrumb\"},\"inLanguage\":\"fr-FR\",\"potentialAction\":[{\"@type\":\"ReadAction\",\"target\":[\"https:\/\/apexoutboards.com\/product\/2019-yamaha-115-hp-f115xb-outboard-motor\/\"]}]},{\"@type\":\"ImageObject\",\"inLanguage\":\"fr-FR\",\"@id\":\"https:\/\/apexoutboards.com\/product\/2019-yamaha-115-hp-f115xb-outboard-motor\/#primaryimage\",\"url\":\"https:\/\/apexoutboards.com\/wp-content\/uploads\/2021\/12\/115-600x450-1.jpg\",\"contentUrl\":\"https:\/\/apexoutboards.com\/wp-content\/uploads\/2021\/12\/115-600x450-1.jpg\",\"width\":600,\"height\":450},{\"@type\":\"BreadcrumbList\",\"@id\":\"https:\/\/apexoutboards.com\/product\/2019-yamaha-115-hp-f115xb-outboard-motor\/#breadcrumb\",\"itemListElement\":[{\"@type\":\"ListItem\",\"position\":1,\"name\":\"Home\",\"item\":\"https:\/\/apexoutboards.com\/\"},{\"@type\":\"ListItem\",\"position\":2,\"name\":\"Shop\",\"item\":\"https:\/\/apexoutboards.com\/shop\/\"},{\"@type\":\"ListItem\",\"position\":3,\"name\":\"2019 Yamaha 115 HP F115XB Outboard Motor\"}]},{\"@type\":\"WebSite\",\"@id\":\"https:\/\/apexoutboards.com\/#website\",\"url\":\"https:\/\/apexoutboards.com\/\",\"name\":\"Apex Outboards\",\"description\":\"apexoutboards.com\",\"publisher\":{\"@id\":\"https:\/\/apexoutboards.com\/#organization\"},\"potentialAction\":[{\"@type\":\"SearchAction\",\"target\":{\"@type\":\"EntryPoint\",\"urlTemplate\":\"https:\/\/apexoutboards.com\/?s={search_term_string}\"},\"query-input\":{\"@type\":\"PropertyValueSpecification\",\"valueRequired\":true,\"valueName\":\"search_term_string\"}}],\"inLanguage\":\"fr-FR\"},{\"@type\":\"Organization\",\"@id\":\"https:\/\/apexoutboards.com\/#organization\",\"name\":\"Apex Outboards\",\"url\":\"https:\/\/apexoutboards.com\/\",\"logo\":{\"@type\":\"ImageObject\",\"inLanguage\":\"fr-FR\",\"@id\":\"https:\/\/apexoutboards.com\/#\/schema\/logo\/image\/\",\"url\":\"https:\/\/apexoutboards.com\/wp-content\/uploads\/2021\/12\/Screenshot_7.png\",\"contentUrl\":\"https:\/\/apexoutboards.com\/wp-content\/uploads\/2021\/12\/Screenshot_7.png\",\"width\":222,\"height\":103,\"caption\":\"Apex Outboards\"},\"image\":{\"@id\":\"https:\/\/apexoutboards.com\/#\/schema\/logo\/image\/\"}}]}<\/script>\n<!-- \/ Yoast SEO plugin. -->","yoast_head_json":{"title":"Moteur hors-bord Yamaha 115 HP F115XB 2019","description":"Obtenez votre produit d\u00e8s aujourd'hui ! Le moteur hors-bord Yamaha 115 HP F115XB 2019 sera le meilleur choix pour vous. Bon magasinage !","robots":{"index":"index","follow":"follow","max-snippet":"max-snippet:-1","max-image-preview":"max-image-preview:large","max-video-preview":"max-video-preview:-1"},"canonical":"https:\/\/apexoutboards.com\/fr\/produit\/2019-yamaha-115-hp-f115xb-outboard-motor\/","og_locale":"fr_FR","og_type":"article","og_title":"2019 Yamaha 115 HP F115XB Outboard Motor","og_description":"Get your product today! The 2019 Yamaha 115 HP F115XB Outboard Motor will be the best choice for you. Happy shopping!","og_url":"https:\/\/apexoutboards.com\/fr\/produit\/2019-yamaha-115-hp-f115xb-outboard-motor\/","og_site_name":"Apex Outboards","article_modified_time":"2023-02-16T17:31:30+00:00","og_image":[{"width":600,"height":450,"url":"https:\/\/apexoutboards.com\/wp-content\/uploads\/2021\/12\/115-600x450-1.jpg","type":"image\/jpeg"}],"twitter_card":"summary_large_image","twitter_misc":{"Dur\u00e9e de lecture estim\u00e9e":"3 minutes"},"schema":{"@context":"https:\/\/schema.org","@graph":[{"@type":"WebPage","@id":"https:\/\/apexoutboards.com\/product\/2019-yamaha-115-hp-f115xb-outboard-motor\/","url":"https:\/\/apexoutboards.com\/product\/2019-yamaha-115-hp-f115xb-outboard-motor\/","name":"Moteur hors-bord Yamaha 115 HP F115XB 2019","isPartOf":{"@id":"https:\/\/apexoutboards.com\/#website"},"primaryImageOfPage":{"@id":"https:\/\/apexoutboards.com\/product\/2019-yamaha-115-hp-f115xb-outboard-motor\/#primaryimage"},"image":{"@id":"https:\/\/apexoutboards.com\/product\/2019-yamaha-115-hp-f115xb-outboard-motor\/#primaryimage"},"thumbnailUrl":"https:\/\/apexoutboards.com\/wp-content\/uploads\/2021\/12\/115-600x450-1.jpg","datePublished":"2021-12-18T16:34:46+00:00","dateModified":"2023-02-16T17:31:30+00:00","description":"Obtenez votre produit d\u00e8s aujourd'hui ! Le moteur hors-bord Yamaha 115 HP F115XB 2019 sera le meilleur choix pour vous. Bon magasinage !","breadcrumb":{"@id":"https:\/\/apexoutboards.com\/product\/2019-yamaha-115-hp-f115xb-outboard-motor\/#breadcrumb"},"inLanguage":"fr-FR","potentialAction":[{"@type":"ReadAction","target":["https:\/\/apexoutboards.com\/product\/2019-yamaha-115-hp-f115xb-outboard-motor\/"]}]},{"@type":"ImageObject","inLanguage":"fr-FR","@id":"https:\/\/apexoutboards.com\/product\/2019-yamaha-115-hp-f115xb-outboard-motor\/#primaryimage","url":"https:\/\/apexoutboards.com\/wp-content\/uploads\/2021\/12\/115-600x450-1.jpg","contentUrl":"https:\/\/apexoutboards.com\/wp-content\/uploads\/2021\/12\/115-600x450-1.jpg","width":600,"height":450},{"@type":"BreadcrumbList","@id":"https:\/\/apexoutboards.com\/product\/2019-yamaha-115-hp-f115xb-outboard-motor\/#breadcrumb","itemListElement":[{"@type":"ListItem","position":1,"name":"Home","item":"https:\/\/apexoutboards.com\/"},{"@type":"ListItem","position":2,"name":"Shop","item":"https:\/\/apexoutboards.com\/shop\/"},{"@type":"ListItem","position":3,"name":"2019 Yamaha 115 HP F115XB Outboard Motor"}]},{"@type":"WebSite","@id":"https:\/\/apexoutboards.com\/#website","url":"https:\/\/apexoutboards.com\/","name":"Apex Outboards","description":"apexoutboards.com","publisher":{"@id":"https:\/\/apexoutboards.com\/#organization"},"potentialAction":[{"@type":"SearchAction","target":{"@type":"EntryPoint","urlTemplate":"https:\/\/apexoutboards.com\/?s={search_term_string}"},"query-input":{"@type":"PropertyValueSpecification","valueRequired":true,"valueName":"search_term_string"}}],"inLanguage":"fr-FR"},{"@type":"Organization","@id":"https:\/\/apexoutboards.com\/#organization","name":"Apex Outboards","url":"https:\/\/apexoutboards.com\/","logo":{"@type":"ImageObject","inLanguage":"fr-FR","@id":"https:\/\/apexoutboards.com\/#\/schema\/logo\/image\/","url":"https:\/\/apexoutboards.com\/wp-content\/uploads\/2021\/12\/Screenshot_7.png","contentUrl":"https:\/\/apexoutboards.com\/wp-content\/uploads\/2021\/12\/Screenshot_7.png","width":222,"height":103,"caption":"Apex Outboards"},"image":{"@id":"https:\/\/apexoutboards.com\/#\/schema\/logo\/image\/"}}]}},"jetpack_sharing_enabled":true,"_links":{"self":[{"href":"https:\/\/apexoutboards.com\/fr\/wp-json\/wp\/v2\/product\/3863","targetHints":{"allow":["GET"]}}],"collection":[{"href":"https:\/\/apexoutboards.com\/fr\/wp-json\/wp\/v2\/product"}],"about":[{"href":"https:\/\/apexoutboards.com\/fr\/wp-json\/wp\/v2\/types\/product"}],"replies":[{"embeddable":true,"href":"https:\/\/apexoutboards.com\/fr\/wp-json\/wp\/v2\/comments?post=3863"}],"version-history":[{"count":0,"href":"https:\/\/apexoutboards.com\/fr\/wp-json\/wp\/v2\/product\/3863\/revisions"}],"wp:featuredmedia":[{"embeddable":true,"href":"https:\/\/apexoutboards.com\/fr\/wp-json\/wp\/v2\/media\/3860"}],"wp:attachment":[{"href":"https:\/\/apexoutboards.com\/fr\/wp-json\/wp\/v2\/media?parent=3863"}],"wp:term":[{"taxonomy":"product_brand","embeddable":true,"href":"https:\/\/apexoutboards.com\/fr\/wp-json\/wp\/v2\/product_brand?post=3863"},{"taxonomy":"product_cat","embeddable":true,"href":"https:\/\/apexoutboards.com\/fr\/wp-json\/wp\/v2\/product_cat?post=3863"},{"taxonomy":"product_tag","embeddable":true,"href":"https:\/\/apexoutboards.com\/fr\/wp-json\/wp\/v2\/product_tag?post=3863"}],"curies":[{"name":"wp","href":"https:\/\/api.w.org\/{rel}","templated":true}]}}