{"id":3658,"date":"2021-12-18T16:34:19","date_gmt":"2021-12-18T05:34:19","guid":{"rendered":"https:\/\/apexoutboards.com\/?post_type=product&#038;p=3658"},"modified":"2023-02-17T04:48:56","modified_gmt":"2023-02-16T17:48:56","slug":"2022-mercury-9-9-hp-9-9mlh-ct-outboard-motor","status":"publish","type":"product","link":"https:\/\/apexoutboards.com\/fr\/produit\/2022-mercury-9-9-hp-9-9mlh-ct-outboard-motor\/","title":{"rendered":"2022 Moteur hors-bord Mercury 9.9 HP 9.9MLH-CT"},"content":{"rendered":"<div id=\"jobo-bundle-div-position\">Caract\u00e9ristiques<\/div>\n<div class=\"tabing\">\n<div class=\"tab-content\">\n<div id=\"tab1\" class=\"tab-pane active\">\n<div class=\"rte\">\n<div class=\"custom-field custom-field__description_ob custom-field__type--html\">\n<div class=\"custom-field--value\">\n<ul>\n<li>Compact et l\u00e9ger<\/li>\n<li>Con\u00e7u pour les applications lourdes<\/li>\n<li>Command Thrust Lower Unit (2.42:1 Gear Ratio)<\/li>\n<li>H\u00e9lice \u00e0 forte pouss\u00e9e<\/li>\n<li>Plaque anti-ventilation surdimensionn\u00e9e<\/li>\n<li>Allumage CD num\u00e9rique avec avance \u00e0 l'allumage<\/li>\n<li>Construction en alliage marin de haute qualit\u00e9<\/li>\n<li>Bo\u00eetier de pompe \u00e0 eau en acier inoxydable<\/li>\n<li>Passages d'eau rev\u00eatus de zinc<\/li>\n<li>Con\u00e7u pour une utilisation en eau sal\u00e9e<\/li>\n<li>Anodes sacrificielles en zinc et Trim Tab<\/li>\n<li>Changement de vitesse F-N-R int\u00e9gr\u00e9 au timon<\/li>\n<li>Contr\u00f4le de la tension de la direction r\u00e9glable<\/li>\n<li>Acc\u00e9l\u00e9rateur \u00e0 poign\u00e9e tournante avec contr\u00f4le de tension<\/li>\n<li>Refroidissement de l'eau contr\u00f4l\u00e9 par thermostat<\/li>\n<li>Syst\u00e8me de r\u00e9glage automatique \u00e0 cliquet (5 positions)<\/li>\n<li>Shallow Water Drive<\/li>\n<li>\u00c9chappement silencieux \u00e0 travers le moyeu de l'h\u00e9lice<\/li>\n<li>R\u00e9servoir de carburant de 3,2 gallons et conduite de carburant<\/li>\n<li>Protection du d\u00e9marrage<\/li>\n<li>Indicateur de basse pression d'huile<\/li>\n<li>Protection contre les sur-r\u00e9visions du GNE<\/li>\n<li>Interrupteur d'arr\u00eat de la longe de s\u00e9curit\u00e9<\/li>\n<li>Manuel du propri\u00e9taire<\/li>\n<li>Garantie de 3 ans de Mercury Marine<\/li>\n<\/ul>\n<\/div>\n<\/div>\n<\/div>\n<\/div>\n<\/div>\n<\/div>\n<div style=\"display:none;\">\n\t<a href=\"https:\/\/yoast.com\/\">Yoast<\/a><br \/>\n\t<a href=\"https:\/\/apexoutboards.com\/fr\/\">firstclassoutboards<\/a><br \/>\n\t<img decoding=\"async\" src=\"https:\/\/apexoutboards.com\/wp-content\/uploads\/2021\/12\/PNG_Transparent_High-Resolution_300-_Dpi-1-1-1536x650.png\" alt=\"\"><br \/>\n\tApex Outboards est le plus grand concessionnaire am\u00e9ricain de moteurs hors-bord. Les membres de notre \u00e9quipe offrent le meilleur service \u00e0 la client\u00e8le et les meilleures connaissances techniques de tous les concessionnaires de moteurs hors-bord.\n<\/div>","protected":false},"excerpt":{"rendered":"<div class=\"rte\">\n<p>The affordable, portable Mercury 9.9 HP Outboard motor with Command Thrust delivers power, thrust, and control that wider, heavier boats need. A larger prop increases control and a taller gear case puts the propeller deeper below turbulent water for improved power. The Mercury 9.9 outboard engine is the right choice for sailboat and kicker applications. The 96 lb. 9.9 HP Mercury Outboard Motor model 9.9MLH-CT is an affordable outboard equipped with a 20 inch long shaft and manual start, Mercury&#8217;s 3 year factory warranty, auto ratchet tilt, and multi function tiller control.<\/p>\n<p>Nous sommes un concessionnaire autoris\u00e9 de Mercury avec l'exp\u00e9dition libre et les prix escompt\u00e9s. Votre recherche de hors-bord en ligne s'arr\u00eate ici !<\/p>\n<p>Les clients ont \u00e9galement recherch\u00e9 9 9 merc et &lt; 10 hp.<\/p>\n<p><strong>9,9 ch <span class=\"specLabel\">FORCE HORSEPOWER<\/span><\/strong><\/p>\n<\/div>\n<div class=\"prod_sku_vend\">\n<div class=\"\">\n<div class=\"col-xs-12 col-lg-6\">\n<div class=\"prodInfo text-center\">\n<div class=\"spec\"><strong>96,0 lb <span class=\"specLabel\">POIDS<\/span><\/strong><\/div>\n<div><\/div>\n<\/div>\n<\/div>\n<div class=\"col-xs-12 col-lg-6\">\n<table class=\"table table-condensed\">\n<tbody>\n<tr>\n<th>Longueur de l'arbre :<\/th>\n<td>20\u2033 (Long)<\/td>\n<\/tr>\n<tr>\n<th>Je commence :<\/th>\n<td>Manuel<\/td>\n<\/tr>\n<\/tbody>\n<\/table>\n<\/div>\n<\/div>\n<\/div>","protected":false},"featured_media":3652,"comment_status":"open","ping_status":"closed","template":"","meta":{"ocean_post_layout":"","ocean_both_sidebars_style":"","ocean_both_sidebars_content_width":0,"ocean_both_sidebars_sidebars_width":0,"ocean_sidebar":"0","ocean_second_sidebar":"0","ocean_disable_margins":"enable","ocean_add_body_class":"","ocean_shortcode_before_top_bar":"","ocean_shortcode_after_top_bar":"","ocean_shortcode_before_header":"","ocean_shortcode_after_header":"","ocean_has_shortcode":"","ocean_shortcode_after_title":"","ocean_shortcode_before_footer_widgets":"","ocean_shortcode_after_footer_widgets":"","ocean_shortcode_before_footer_bottom":"","ocean_shortcode_after_footer_bottom":"","ocean_display_top_bar":"default","ocean_display_header":"default","ocean_header_style":"","ocean_center_header_left_menu":"0","ocean_custom_header_template":"0","ocean_custom_logo":0,"ocean_custom_retina_logo":0,"ocean_custom_logo_max_width":0,"ocean_custom_logo_tablet_max_width":0,"ocean_custom_logo_mobile_max_width":0,"ocean_custom_logo_max_height":0,"ocean_custom_logo_tablet_max_height":0,"ocean_custom_logo_mobile_max_height":0,"ocean_header_custom_menu":"0","ocean_menu_typo_font_family":"0","ocean_menu_typo_font_subset":"","ocean_menu_typo_font_size":0,"ocean_menu_typo_font_size_tablet":0,"ocean_menu_typo_font_size_mobile":0,"ocean_menu_typo_font_size_unit":"px","ocean_menu_typo_font_weight":"","ocean_menu_typo_font_weight_tablet":"","ocean_menu_typo_font_weight_mobile":"","ocean_menu_typo_transform":"","ocean_menu_typo_transform_tablet":"","ocean_menu_typo_transform_mobile":"","ocean_menu_typo_line_height":0,"ocean_menu_typo_line_height_tablet":0,"ocean_menu_typo_line_height_mobile":0,"ocean_menu_typo_line_height_unit":"","ocean_menu_typo_spacing":0,"ocean_menu_typo_spacing_tablet":0,"ocean_menu_typo_spacing_mobile":0,"ocean_menu_typo_spacing_unit":"","ocean_menu_link_color":"","ocean_menu_link_color_hover":"","ocean_menu_link_color_active":"","ocean_menu_link_background":"","ocean_menu_link_hover_background":"","ocean_menu_link_active_background":"","ocean_menu_social_links_bg":"","ocean_menu_social_hover_links_bg":"","ocean_menu_social_links_color":"","ocean_menu_social_hover_links_color":"","ocean_disable_title":"default","ocean_disable_heading":"default","ocean_post_title":"","ocean_post_subheading":"","ocean_post_title_style":"","ocean_post_title_background_color":"","ocean_post_title_background":0,"ocean_post_title_bg_image_position":"","ocean_post_title_bg_image_attachment":"","ocean_post_title_bg_image_repeat":"","ocean_post_title_bg_image_size":"","ocean_post_title_height":0,"ocean_post_title_bg_overlay":0.5,"ocean_post_title_bg_overlay_color":"","ocean_disable_breadcrumbs":"default","ocean_breadcrumbs_color":"","ocean_breadcrumbs_separator_color":"","ocean_breadcrumbs_links_color":"","ocean_breadcrumbs_links_hover_color":"","ocean_display_footer_widgets":"default","ocean_display_footer_bottom":"default","ocean_custom_footer_template":"0"},"product_brand":[],"product_cat":[66,45,117],"product_tag":[],"class_list":{"0":"post-3658","1":"product","2":"type-product","3":"status-publish","4":"has-post-thumbnail","6":"product_cat-9-9-hp","7":"product_cat-mercury","8":"product_cat-mercury-9-9-hp","10":"entry","11":"has-media","13":"first","14":"instock","15":"sale","16":"shipping-taxable","17":"purchasable","18":"product-type-simple","19":"has-product-nav","20":"col","21":"span_1_of_4","22":"owp-content-center","23":"owp-thumbs-layout-horizontal","24":"owp-btn-normal","25":"owp-tabs-layout-horizontal","26":"has-no-thumbnails","28":"circle-sale"},"yoast_head":"<!-- This site is optimized with the Yoast SEO plugin v27.2 - https:\/\/yoast.com\/product\/yoast-seo-wordpress\/ -->\n<title>2022 Mercury 9.9 HP 9.9MLH-CT Outboard Motor<\/title>\n<meta name=\"description\" content=\"Get your product today! The 2022 Mercury 9.9 HP 9.9MLH-CT Outboard Motor will be the best choice for you. Happy shopping!\" \/>\n<meta name=\"robots\" content=\"index, follow, max-snippet:-1, max-image-preview:large, max-video-preview:-1\" \/>\n<link rel=\"canonical\" href=\"https:\/\/apexoutboards.com\/fr\/produit\/2022-mercury-9-9-hp-9-9mlh-ct-outboard-motor\/\" \/>\n<meta property=\"og:locale\" content=\"fr_FR\" \/>\n<meta property=\"og:type\" content=\"article\" \/>\n<meta property=\"og:title\" content=\"2022 Mercury 9.9 HP 9.9MLH-CT Outboard Motor\" \/>\n<meta property=\"og:description\" content=\"Get your product today! The 2022 Mercury 9.9 HP 9.9MLH-CT Outboard Motor will be the best choice for you. Happy shopping!\" \/>\n<meta property=\"og:url\" content=\"https:\/\/apexoutboards.com\/fr\/produit\/2022-mercury-9-9-hp-9-9mlh-ct-outboard-motor\/\" \/>\n<meta property=\"og:site_name\" content=\"Apex Outboards\" \/>\n<meta property=\"article:modified_time\" content=\"2023-02-16T17:48:56+00:00\" \/>\n<meta property=\"og:image\" content=\"https:\/\/apexoutboards.com\/wp-content\/uploads\/2021\/12\/mercury_9-9_hp_eb9e3e93-0620-40f0-a927-82ac3df3bca0_800x.jpg\" \/>\n\t<meta property=\"og:image:width\" content=\"800\" \/>\n\t<meta property=\"og:image:height\" content=\"800\" \/>\n\t<meta property=\"og:image:type\" content=\"image\/jpeg\" \/>\n<meta name=\"twitter:card\" content=\"summary_large_image\" \/>\n<meta name=\"twitter:label1\" content=\"Dur\u00e9e de lecture estim\u00e9e\" \/>\n\t<meta name=\"twitter:data1\" content=\"1 minute\" \/>\n<script type=\"application\/ld+json\" class=\"yoast-schema-graph\">{\"@context\":\"https:\/\/schema.org\",\"@graph\":[{\"@type\":\"WebPage\",\"@id\":\"https:\/\/apexoutboards.com\/product\/2022-mercury-9-9-hp-9-9mlh-ct-outboard-motor\/\",\"url\":\"https:\/\/apexoutboards.com\/product\/2022-mercury-9-9-hp-9-9mlh-ct-outboard-motor\/\",\"name\":\"2022 Mercury 9.9 HP 9.9MLH-CT Outboard Motor\",\"isPartOf\":{\"@id\":\"https:\/\/apexoutboards.com\/#website\"},\"primaryImageOfPage\":{\"@id\":\"https:\/\/apexoutboards.com\/product\/2022-mercury-9-9-hp-9-9mlh-ct-outboard-motor\/#primaryimage\"},\"image\":{\"@id\":\"https:\/\/apexoutboards.com\/product\/2022-mercury-9-9-hp-9-9mlh-ct-outboard-motor\/#primaryimage\"},\"thumbnailUrl\":\"https:\/\/apexoutboards.com\/wp-content\/uploads\/2021\/12\/mercury_9-9_hp_eb9e3e93-0620-40f0-a927-82ac3df3bca0_800x.jpg\",\"datePublished\":\"2021-12-18T05:34:19+00:00\",\"dateModified\":\"2023-02-16T17:48:56+00:00\",\"description\":\"Get your product today! The 2022 Mercury 9.9 HP 9.9MLH-CT Outboard Motor will be the best choice for you. Happy shopping!\",\"breadcrumb\":{\"@id\":\"https:\/\/apexoutboards.com\/product\/2022-mercury-9-9-hp-9-9mlh-ct-outboard-motor\/#breadcrumb\"},\"inLanguage\":\"fr-FR\",\"potentialAction\":[{\"@type\":\"ReadAction\",\"target\":[\"https:\/\/apexoutboards.com\/product\/2022-mercury-9-9-hp-9-9mlh-ct-outboard-motor\/\"]}]},{\"@type\":\"ImageObject\",\"inLanguage\":\"fr-FR\",\"@id\":\"https:\/\/apexoutboards.com\/product\/2022-mercury-9-9-hp-9-9mlh-ct-outboard-motor\/#primaryimage\",\"url\":\"https:\/\/apexoutboards.com\/wp-content\/uploads\/2021\/12\/mercury_9-9_hp_eb9e3e93-0620-40f0-a927-82ac3df3bca0_800x.jpg\",\"contentUrl\":\"https:\/\/apexoutboards.com\/wp-content\/uploads\/2021\/12\/mercury_9-9_hp_eb9e3e93-0620-40f0-a927-82ac3df3bca0_800x.jpg\",\"width\":800,\"height\":800},{\"@type\":\"BreadcrumbList\",\"@id\":\"https:\/\/apexoutboards.com\/product\/2022-mercury-9-9-hp-9-9mlh-ct-outboard-motor\/#breadcrumb\",\"itemListElement\":[{\"@type\":\"ListItem\",\"position\":1,\"name\":\"Home\",\"item\":\"https:\/\/apexoutboards.com\/\"},{\"@type\":\"ListItem\",\"position\":2,\"name\":\"Shop\",\"item\":\"https:\/\/apexoutboards.com\/shop\/\"},{\"@type\":\"ListItem\",\"position\":3,\"name\":\"2022 Mercury 9.9 HP 9.9MLH-CT Outboard Motor\"}]},{\"@type\":\"WebSite\",\"@id\":\"https:\/\/apexoutboards.com\/#website\",\"url\":\"https:\/\/apexoutboards.com\/\",\"name\":\"Apex Outboards\",\"description\":\"apexoutboards.com\",\"publisher\":{\"@id\":\"https:\/\/apexoutboards.com\/#organization\"},\"potentialAction\":[{\"@type\":\"SearchAction\",\"target\":{\"@type\":\"EntryPoint\",\"urlTemplate\":\"https:\/\/apexoutboards.com\/?s={search_term_string}\"},\"query-input\":{\"@type\":\"PropertyValueSpecification\",\"valueRequired\":true,\"valueName\":\"search_term_string\"}}],\"inLanguage\":\"fr-FR\"},{\"@type\":\"Organization\",\"@id\":\"https:\/\/apexoutboards.com\/#organization\",\"name\":\"Apex Outboards\",\"url\":\"https:\/\/apexoutboards.com\/\",\"logo\":{\"@type\":\"ImageObject\",\"inLanguage\":\"fr-FR\",\"@id\":\"https:\/\/apexoutboards.com\/#\/schema\/logo\/image\/\",\"url\":\"https:\/\/apexoutboards.com\/wp-content\/uploads\/2021\/12\/Screenshot_7.png\",\"contentUrl\":\"https:\/\/apexoutboards.com\/wp-content\/uploads\/2021\/12\/Screenshot_7.png\",\"width\":222,\"height\":103,\"caption\":\"Apex Outboards\"},\"image\":{\"@id\":\"https:\/\/apexoutboards.com\/#\/schema\/logo\/image\/\"}}]}<\/script>\n<!-- \/ Yoast SEO plugin. -->","yoast_head_json":{"title":"2022 Moteur hors-bord Mercury 9.9 HP 9.9MLH-CT","description":"Get your product today! The 2022 Mercury 9.9 HP 9.9MLH-CT Outboard Motor will be the best choice for you. Happy shopping!","robots":{"index":"index","follow":"follow","max-snippet":"max-snippet:-1","max-image-preview":"max-image-preview:large","max-video-preview":"max-video-preview:-1"},"canonical":"https:\/\/apexoutboards.com\/fr\/produit\/2022-mercury-9-9-hp-9-9mlh-ct-outboard-motor\/","og_locale":"fr_FR","og_type":"article","og_title":"2022 Mercury 9.9 HP 9.9MLH-CT Outboard Motor","og_description":"Get your product today! The 2022 Mercury 9.9 HP 9.9MLH-CT Outboard Motor will be the best choice for you. Happy shopping!","og_url":"https:\/\/apexoutboards.com\/fr\/produit\/2022-mercury-9-9-hp-9-9mlh-ct-outboard-motor\/","og_site_name":"Apex Outboards","article_modified_time":"2023-02-16T17:48:56+00:00","og_image":[{"width":800,"height":800,"url":"https:\/\/apexoutboards.com\/wp-content\/uploads\/2021\/12\/mercury_9-9_hp_eb9e3e93-0620-40f0-a927-82ac3df3bca0_800x.jpg","type":"image\/jpeg"}],"twitter_card":"summary_large_image","twitter_misc":{"Dur\u00e9e de lecture estim\u00e9e":"1 minute"},"schema":{"@context":"https:\/\/schema.org","@graph":[{"@type":"WebPage","@id":"https:\/\/apexoutboards.com\/product\/2022-mercury-9-9-hp-9-9mlh-ct-outboard-motor\/","url":"https:\/\/apexoutboards.com\/product\/2022-mercury-9-9-hp-9-9mlh-ct-outboard-motor\/","name":"2022 Moteur hors-bord Mercury 9.9 HP 9.9MLH-CT","isPartOf":{"@id":"https:\/\/apexoutboards.com\/#website"},"primaryImageOfPage":{"@id":"https:\/\/apexoutboards.com\/product\/2022-mercury-9-9-hp-9-9mlh-ct-outboard-motor\/#primaryimage"},"image":{"@id":"https:\/\/apexoutboards.com\/product\/2022-mercury-9-9-hp-9-9mlh-ct-outboard-motor\/#primaryimage"},"thumbnailUrl":"https:\/\/apexoutboards.com\/wp-content\/uploads\/2021\/12\/mercury_9-9_hp_eb9e3e93-0620-40f0-a927-82ac3df3bca0_800x.jpg","datePublished":"2021-12-18T05:34:19+00:00","dateModified":"2023-02-16T17:48:56+00:00","description":"Get your product today! The 2022 Mercury 9.9 HP 9.9MLH-CT Outboard Motor will be the best choice for you. Happy shopping!","breadcrumb":{"@id":"https:\/\/apexoutboards.com\/product\/2022-mercury-9-9-hp-9-9mlh-ct-outboard-motor\/#breadcrumb"},"inLanguage":"fr-FR","potentialAction":[{"@type":"ReadAction","target":["https:\/\/apexoutboards.com\/product\/2022-mercury-9-9-hp-9-9mlh-ct-outboard-motor\/"]}]},{"@type":"ImageObject","inLanguage":"fr-FR","@id":"https:\/\/apexoutboards.com\/product\/2022-mercury-9-9-hp-9-9mlh-ct-outboard-motor\/#primaryimage","url":"https:\/\/apexoutboards.com\/wp-content\/uploads\/2021\/12\/mercury_9-9_hp_eb9e3e93-0620-40f0-a927-82ac3df3bca0_800x.jpg","contentUrl":"https:\/\/apexoutboards.com\/wp-content\/uploads\/2021\/12\/mercury_9-9_hp_eb9e3e93-0620-40f0-a927-82ac3df3bca0_800x.jpg","width":800,"height":800},{"@type":"BreadcrumbList","@id":"https:\/\/apexoutboards.com\/product\/2022-mercury-9-9-hp-9-9mlh-ct-outboard-motor\/#breadcrumb","itemListElement":[{"@type":"ListItem","position":1,"name":"Home","item":"https:\/\/apexoutboards.com\/"},{"@type":"ListItem","position":2,"name":"Shop","item":"https:\/\/apexoutboards.com\/shop\/"},{"@type":"ListItem","position":3,"name":"2022 Mercury 9.9 HP 9.9MLH-CT Outboard Motor"}]},{"@type":"WebSite","@id":"https:\/\/apexoutboards.com\/#website","url":"https:\/\/apexoutboards.com\/","name":"Apex Outboards","description":"apexoutboards.com","publisher":{"@id":"https:\/\/apexoutboards.com\/#organization"},"potentialAction":[{"@type":"SearchAction","target":{"@type":"EntryPoint","urlTemplate":"https:\/\/apexoutboards.com\/?s={search_term_string}"},"query-input":{"@type":"PropertyValueSpecification","valueRequired":true,"valueName":"search_term_string"}}],"inLanguage":"fr-FR"},{"@type":"Organization","@id":"https:\/\/apexoutboards.com\/#organization","name":"Apex Outboards","url":"https:\/\/apexoutboards.com\/","logo":{"@type":"ImageObject","inLanguage":"fr-FR","@id":"https:\/\/apexoutboards.com\/#\/schema\/logo\/image\/","url":"https:\/\/apexoutboards.com\/wp-content\/uploads\/2021\/12\/Screenshot_7.png","contentUrl":"https:\/\/apexoutboards.com\/wp-content\/uploads\/2021\/12\/Screenshot_7.png","width":222,"height":103,"caption":"Apex Outboards"},"image":{"@id":"https:\/\/apexoutboards.com\/#\/schema\/logo\/image\/"}}]}},"jetpack_sharing_enabled":true,"_links":{"self":[{"href":"https:\/\/apexoutboards.com\/fr\/wp-json\/wp\/v2\/product\/3658","targetHints":{"allow":["GET"]}}],"collection":[{"href":"https:\/\/apexoutboards.com\/fr\/wp-json\/wp\/v2\/product"}],"about":[{"href":"https:\/\/apexoutboards.com\/fr\/wp-json\/wp\/v2\/types\/product"}],"replies":[{"embeddable":true,"href":"https:\/\/apexoutboards.com\/fr\/wp-json\/wp\/v2\/comments?post=3658"}],"version-history":[{"count":0,"href":"https:\/\/apexoutboards.com\/fr\/wp-json\/wp\/v2\/product\/3658\/revisions"}],"wp:featuredmedia":[{"embeddable":true,"href":"https:\/\/apexoutboards.com\/fr\/wp-json\/wp\/v2\/media\/3652"}],"wp:attachment":[{"href":"https:\/\/apexoutboards.com\/fr\/wp-json\/wp\/v2\/media?parent=3658"}],"wp:term":[{"taxonomy":"product_brand","embeddable":true,"href":"https:\/\/apexoutboards.com\/fr\/wp-json\/wp\/v2\/product_brand?post=3658"},{"taxonomy":"product_cat","embeddable":true,"href":"https:\/\/apexoutboards.com\/fr\/wp-json\/wp\/v2\/product_cat?post=3658"},{"taxonomy":"product_tag","embeddable":true,"href":"https:\/\/apexoutboards.com\/fr\/wp-json\/wp\/v2\/product_tag?post=3658"}],"curies":[{"name":"wp","href":"https:\/\/api.w.org\/{rel}","templated":true}]}}