{"id":3451,"date":"2021-12-17T21:13:52","date_gmt":"2021-12-17T10:13:52","guid":{"rendered":"https:\/\/apexoutboards.com\/?post_type=product&#038;p=3451"},"modified":"2023-02-17T04:50:42","modified_gmt":"2023-02-16T17:50:42","slug":"2022-3-5-hp-mfs3-5cs-tohatsu-outboard-motor-2","status":"publish","type":"product","link":"https:\/\/apexoutboards.com\/fr\/produit\/2022-3-5-hp-mfs3-5cs-tohatsu-outboard-motor-2\/","title":{"rendered":"2022 Moteur hors-bord Tohatsu 3,5 HP MFS3.5CS"},"content":{"rendered":"<p>FEATURES<\/p>\n<div class=\"tab-content\">\n<div id=\"tab1\" class=\"tab-pane active\">\n<div class=\"rte\">\n<div class=\"custom-field custom-field__description_ob custom-field__type--html\">\n<div class=\"custom-field--value\">\n<ul>\n<li>Le tout dernier mod\u00e8le \"C\" aux caract\u00e9ristiques am\u00e9lior\u00e9es<\/li>\n<li>Conception l\u00e9g\u00e8re et compacte<\/li>\n<li>Syst\u00e8me d'allumage \u00e0 CD num\u00e9rique<\/li>\n<li>Construction en alliage marin de haute qualit\u00e9<\/li>\n<li>Bo\u00eetier de pompe \u00e0 eau en acier inoxydable<\/li>\n<li>Passages d'eau rev\u00eatus de zinc<\/li>\n<li>Class\u00e9 eau sal\u00e9e<\/li>\n<li>Anodes sacrificielles en zinc<\/li>\n<li>Changement de vitesse avant-neutre<\/li>\n<li>Direction \u00e0 360\u00b0 avec fonction de tension<\/li>\n<li>Acc\u00e9l\u00e9rateur \u00e0 poign\u00e9e tournante avec contr\u00f4le de tension<\/li>\n<li>Poign\u00e9e de transport pratique<\/li>\n<li>R\u00e9glage de la friction de la direction<\/li>\n<li>Refroidissement \u00e0 commande thermostatique<\/li>\n<li>Indicateur visuel de niveau d'huile<\/li>\n<li>Niveau de garniture r\u00e9glable (4 positions)<\/li>\n<li>\u00c9chappement silencieux sous l'eau<\/li>\n<li>R\u00e9servoir de carburant int\u00e9gr\u00e9 de 1,0 litre (.26 gallon)<\/li>\n<li>Interrupteur de s\u00e9curit\u00e9 \u00e0 cordon<\/li>\n<li>Manuel d'utilisation et kit d'outils d'urgence<\/li>\n<li>Garantie Tohatsu de 5 ans<\/li>\n<\/ul>\n<\/div>\n<\/div>\n<\/div>\n<\/div>\n<\/div>\n<div style=\"display:none;\">\n\t<a href=\"https:\/\/yoast.com\/\">Yoast<\/a><br \/>\n\t<a href=\"https:\/\/apexoutboards.com\/fr\/\">firstclassoutboards<\/a><br \/>\n\t<img decoding=\"async\" src=\"https:\/\/apexoutboards.com\/wp-content\/uploads\/2021\/12\/PNG_Transparent_High-Resolution_300-_Dpi-1-1-1536x650.png\" alt=\"\"><br \/>\n\tApex Outboards est le plus grand concessionnaire am\u00e9ricain de moteurs hors-bord. Les membres de notre \u00e9quipe offrent le meilleur service \u00e0 la client\u00e8le et les meilleures connaissances techniques de tous les concessionnaires de moteurs hors-bord.\n<\/div>","protected":false},"excerpt":{"rendered":"<div class=\"rte\">\n<p>Vous avez besoin d'une puissance l\u00e9g\u00e8re et portable ? Le puissant moteur hors-bord Tohatsu de 3,5 cv comprend toutes les caract\u00e9ristiques du 2,5 cv plus des caract\u00e9ristiques am\u00e9lior\u00e9es telles qu'un carburateur plus grand pour des performances accrues.  Le nouveau moteur hors-bord \u00e0 4 temps de 3,5 ch comprend les nouveaux capots sup\u00e9rieur et inf\u00e9rieur bas\u00e9s sur la philosophie de conception des produits marins de Tohatsu, des positions de rangement \u00e0 3 voies sans craindre les fuites d'huile, les nouvelles poign\u00e9es de transport avant et arri\u00e8re pour faciliter le transport, et des \u00e9missions ultra-faibles, approuv\u00e9es par l'EPA et le CARB (3 \u00e9toiles).  Le 3,5 cv est l\u00e9ger et poss\u00e8de un syst\u00e8me d'absorption des vibrations en quatre points pour minimiser les vibrations, ainsi qu'une \u00e9conomie de carburant sensationnelle.  Le moteur hors-bord Tohatsu de 3,5 ch, mod\u00e8le MFS3.5CS, a un arbre de 15 pouces et constitue un excellent choix pour les grands cano\u00ebs, les petites annexes et les pneumatiques, ainsi que pour les applications \u00e0 arbre long comme les mini-pontons et les petits voiliers. Le moteur hors-bord Tohatsu de 3,5 HP, qui a \u00e9t\u00e9 prim\u00e9, ne p\u00e8se que 41 lb et offre une \u00e9conomie de carburant exceptionnelle. Consultez la longue liste des caract\u00e9ristiques incluses et d\u00e9couvrez pourquoi ce portable populaire fait de grandes vagues.<\/p>\n<p>Les clients ont \u00e9galement recherch\u00e9 mfs3 5.<\/p>\n<p><strong>3.5hp <span class=\"specLabel\">FORCE HORSEPOWER<\/span>\u00a0<\/strong><\/p>\n<\/div>\n<div class=\"prod_sku_vend\">\n<div class=\"\">\n<div class=\"col-xs-12 col-lg-6\">\n<div class=\"prodInfo text-center\">\n<div class=\"spec\"><strong>41.0 lb <span class=\"specLabel\">POIDS<\/span><\/strong><\/div>\n<div><\/div>\n<\/div>\n<\/div>\n<div class=\"col-xs-12 col-lg-6\">\n<table class=\"table table-condensed\">\n<tbody>\n<tr>\n<th>Longueur de l'arbre :<\/th>\n<td>15\u2033 (Short)<\/td>\n<\/tr>\n<tr>\n<th>Je commence :<\/th>\n<td>Manuel<\/td>\n<\/tr>\n<\/tbody>\n<\/table>\n<\/div>\n<\/div>\n<\/div>\n<p><img decoding=\"async\" class=\"alignnone wp-image-3253 size-thumbnail\" src=\"https:\/\/apexoutboards.com\/wp-content\/uploads\/2021\/12\/5year_warranty_logo-150x150.jpg\" alt=\"\" width=\"150\" height=\"150\" srcset=\"https:\/\/apexoutboards.com\/wp-content\/uploads\/2021\/12\/5year_warranty_logo-150x150.jpg 150w, https:\/\/apexoutboards.com\/wp-content\/uploads\/2021\/12\/5year_warranty_logo-100x100.jpg 100w, https:\/\/apexoutboards.com\/wp-content\/uploads\/2021\/12\/5year_warranty_logo-600x600.jpg 600w, https:\/\/apexoutboards.com\/wp-content\/uploads\/2021\/12\/5year_warranty_logo-300x300.jpg 300w, https:\/\/apexoutboards.com\/wp-content\/uploads\/2021\/12\/5year_warranty_logo.jpg 640w\" sizes=\"(max-width: 150px) 100vw, 150px\" \/><\/p>","protected":false},"featured_media":3453,"comment_status":"open","ping_status":"closed","template":"","meta":{"ocean_post_layout":"","ocean_both_sidebars_style":"","ocean_both_sidebars_content_width":0,"ocean_both_sidebars_sidebars_width":0,"ocean_sidebar":"0","ocean_second_sidebar":"0","ocean_disable_margins":"enable","ocean_add_body_class":"","ocean_shortcode_before_top_bar":"","ocean_shortcode_after_top_bar":"","ocean_shortcode_before_header":"","ocean_shortcode_after_header":"","ocean_has_shortcode":"","ocean_shortcode_after_title":"","ocean_shortcode_before_footer_widgets":"","ocean_shortcode_after_footer_widgets":"","ocean_shortcode_before_footer_bottom":"","ocean_shortcode_after_footer_bottom":"","ocean_display_top_bar":"default","ocean_display_header":"default","ocean_header_style":"","ocean_center_header_left_menu":"0","ocean_custom_header_template":"0","ocean_custom_logo":0,"ocean_custom_retina_logo":0,"ocean_custom_logo_max_width":0,"ocean_custom_logo_tablet_max_width":0,"ocean_custom_logo_mobile_max_width":0,"ocean_custom_logo_max_height":0,"ocean_custom_logo_tablet_max_height":0,"ocean_custom_logo_mobile_max_height":0,"ocean_header_custom_menu":"0","ocean_menu_typo_font_family":"0","ocean_menu_typo_font_subset":"","ocean_menu_typo_font_size":0,"ocean_menu_typo_font_size_tablet":0,"ocean_menu_typo_font_size_mobile":0,"ocean_menu_typo_font_size_unit":"px","ocean_menu_typo_font_weight":"","ocean_menu_typo_font_weight_tablet":"","ocean_menu_typo_font_weight_mobile":"","ocean_menu_typo_transform":"","ocean_menu_typo_transform_tablet":"","ocean_menu_typo_transform_mobile":"","ocean_menu_typo_line_height":0,"ocean_menu_typo_line_height_tablet":0,"ocean_menu_typo_line_height_mobile":0,"ocean_menu_typo_line_height_unit":"","ocean_menu_typo_spacing":0,"ocean_menu_typo_spacing_tablet":0,"ocean_menu_typo_spacing_mobile":0,"ocean_menu_typo_spacing_unit":"","ocean_menu_link_color":"","ocean_menu_link_color_hover":"","ocean_menu_link_color_active":"","ocean_menu_link_background":"","ocean_menu_link_hover_background":"","ocean_menu_link_active_background":"","ocean_menu_social_links_bg":"","ocean_menu_social_hover_links_bg":"","ocean_menu_social_links_color":"","ocean_menu_social_hover_links_color":"","ocean_disable_title":"default","ocean_disable_heading":"default","ocean_post_title":"","ocean_post_subheading":"","ocean_post_title_style":"","ocean_post_title_background_color":"","ocean_post_title_background":0,"ocean_post_title_bg_image_position":"","ocean_post_title_bg_image_attachment":"","ocean_post_title_bg_image_repeat":"","ocean_post_title_bg_image_size":"","ocean_post_title_height":0,"ocean_post_title_bg_overlay":0.5,"ocean_post_title_bg_overlay_color":"","ocean_disable_breadcrumbs":"default","ocean_breadcrumbs_color":"","ocean_breadcrumbs_separator_color":"","ocean_breadcrumbs_links_color":"","ocean_breadcrumbs_links_hover_color":"","ocean_display_footer_widgets":"default","ocean_display_footer_bottom":"default","ocean_custom_footer_template":"0"},"product_brand":[],"product_cat":[60,44,100],"product_tag":[],"class_list":{"0":"post-3451","1":"product","2":"type-product","3":"status-publish","4":"has-post-thumbnail","6":"product_cat-3-5-hp","7":"product_cat-tohatsu","8":"product_cat-tohatsus-for-solo-skiff","10":"entry","11":"has-media","13":"first","14":"instock","15":"sale","16":"shipping-taxable","17":"purchasable","18":"product-type-simple","19":"has-product-nav","20":"col","21":"span_1_of_4","22":"owp-content-center","23":"owp-thumbs-layout-horizontal","24":"owp-btn-normal","25":"owp-tabs-layout-horizontal","26":"has-no-thumbnails","28":"circle-sale"},"yoast_head":"<!-- This site is optimized with the Yoast SEO plugin v27.2 - https:\/\/yoast.com\/product\/yoast-seo-wordpress\/ -->\n<title>2022 3.5 HP MFS3.5CS Tohatsu Outboard Motor<\/title>\n<meta name=\"description\" content=\"Get your product today! The 2022 3.5 HP MFS3.5CS Tohatsu Outboard Motor will be the best choice for you. Happy shopping!\" \/>\n<meta name=\"robots\" content=\"index, follow, max-snippet:-1, max-image-preview:large, max-video-preview:-1\" \/>\n<link rel=\"canonical\" href=\"https:\/\/apexoutboards.com\/fr\/produit\/2022-3-5-hp-mfs3-5cs-tohatsu-outboard-motor-2\/\" \/>\n<meta property=\"og:locale\" content=\"fr_FR\" \/>\n<meta property=\"og:type\" content=\"article\" \/>\n<meta property=\"og:title\" content=\"2022 3.5 HP MFS3.5CS Tohatsu Outboard Motor\" \/>\n<meta property=\"og:description\" content=\"Get your product today! The 2022 3.5 HP MFS3.5CS Tohatsu Outboard Motor will be the best choice for you. Happy shopping!\" \/>\n<meta property=\"og:url\" content=\"https:\/\/apexoutboards.com\/fr\/produit\/2022-3-5-hp-mfs3-5cs-tohatsu-outboard-motor-2\/\" \/>\n<meta property=\"og:site_name\" content=\"Apex Outboards\" \/>\n<meta property=\"article:modified_time\" content=\"2023-02-16T17:50:42+00:00\" \/>\n<meta property=\"og:image\" content=\"https:\/\/apexoutboards.com\/wp-content\/uploads\/2021\/12\/MFS3.5_01_3star_c0cc9eb8-11a5-4fc5-be9e-b79deae98510_800x.png\" \/>\n\t<meta property=\"og:image:width\" content=\"757\" \/>\n\t<meta property=\"og:image:height\" content=\"1114\" \/>\n\t<meta property=\"og:image:type\" content=\"image\/png\" \/>\n<meta name=\"twitter:card\" content=\"summary_large_image\" \/>\n<meta name=\"twitter:label1\" content=\"Dur\u00e9e de lecture estim\u00e9e\" \/>\n\t<meta name=\"twitter:data1\" content=\"1 minute\" \/>\n<script type=\"application\/ld+json\" class=\"yoast-schema-graph\">{\"@context\":\"https:\/\/schema.org\",\"@graph\":[{\"@type\":\"WebPage\",\"@id\":\"https:\/\/apexoutboards.com\/product\/2022-3-5-hp-mfs3-5cs-tohatsu-outboard-motor-2\/\",\"url\":\"https:\/\/apexoutboards.com\/product\/2022-3-5-hp-mfs3-5cs-tohatsu-outboard-motor-2\/\",\"name\":\"2022 3.5 HP MFS3.5CS Tohatsu Outboard Motor\",\"isPartOf\":{\"@id\":\"https:\/\/apexoutboards.com\/#website\"},\"primaryImageOfPage\":{\"@id\":\"https:\/\/apexoutboards.com\/product\/2022-3-5-hp-mfs3-5cs-tohatsu-outboard-motor-2\/#primaryimage\"},\"image\":{\"@id\":\"https:\/\/apexoutboards.com\/product\/2022-3-5-hp-mfs3-5cs-tohatsu-outboard-motor-2\/#primaryimage\"},\"thumbnailUrl\":\"https:\/\/apexoutboards.com\/wp-content\/uploads\/2021\/12\/MFS3.5_01_3star_c0cc9eb8-11a5-4fc5-be9e-b79deae98510_800x.png\",\"datePublished\":\"2021-12-17T10:13:52+00:00\",\"dateModified\":\"2023-02-16T17:50:42+00:00\",\"description\":\"Get your product today! The 2022 3.5 HP MFS3.5CS Tohatsu Outboard Motor will be the best choice for you. Happy shopping!\",\"breadcrumb\":{\"@id\":\"https:\/\/apexoutboards.com\/product\/2022-3-5-hp-mfs3-5cs-tohatsu-outboard-motor-2\/#breadcrumb\"},\"inLanguage\":\"fr-FR\",\"potentialAction\":[{\"@type\":\"ReadAction\",\"target\":[\"https:\/\/apexoutboards.com\/product\/2022-3-5-hp-mfs3-5cs-tohatsu-outboard-motor-2\/\"]}]},{\"@type\":\"ImageObject\",\"inLanguage\":\"fr-FR\",\"@id\":\"https:\/\/apexoutboards.com\/product\/2022-3-5-hp-mfs3-5cs-tohatsu-outboard-motor-2\/#primaryimage\",\"url\":\"https:\/\/apexoutboards.com\/wp-content\/uploads\/2021\/12\/MFS3.5_01_3star_c0cc9eb8-11a5-4fc5-be9e-b79deae98510_800x.png\",\"contentUrl\":\"https:\/\/apexoutboards.com\/wp-content\/uploads\/2021\/12\/MFS3.5_01_3star_c0cc9eb8-11a5-4fc5-be9e-b79deae98510_800x.png\",\"width\":757,\"height\":1114},{\"@type\":\"BreadcrumbList\",\"@id\":\"https:\/\/apexoutboards.com\/product\/2022-3-5-hp-mfs3-5cs-tohatsu-outboard-motor-2\/#breadcrumb\",\"itemListElement\":[{\"@type\":\"ListItem\",\"position\":1,\"name\":\"Home\",\"item\":\"https:\/\/apexoutboards.com\/\"},{\"@type\":\"ListItem\",\"position\":2,\"name\":\"Shop\",\"item\":\"https:\/\/apexoutboards.com\/shop\/\"},{\"@type\":\"ListItem\",\"position\":3,\"name\":\"2022 3.5 HP MFS3.5CS Tohatsu Outboard Motor\"}]},{\"@type\":\"WebSite\",\"@id\":\"https:\/\/apexoutboards.com\/#website\",\"url\":\"https:\/\/apexoutboards.com\/\",\"name\":\"Apex Outboards\",\"description\":\"apexoutboards.com\",\"publisher\":{\"@id\":\"https:\/\/apexoutboards.com\/#organization\"},\"potentialAction\":[{\"@type\":\"SearchAction\",\"target\":{\"@type\":\"EntryPoint\",\"urlTemplate\":\"https:\/\/apexoutboards.com\/?s={search_term_string}\"},\"query-input\":{\"@type\":\"PropertyValueSpecification\",\"valueRequired\":true,\"valueName\":\"search_term_string\"}}],\"inLanguage\":\"fr-FR\"},{\"@type\":\"Organization\",\"@id\":\"https:\/\/apexoutboards.com\/#organization\",\"name\":\"Apex Outboards\",\"url\":\"https:\/\/apexoutboards.com\/\",\"logo\":{\"@type\":\"ImageObject\",\"inLanguage\":\"fr-FR\",\"@id\":\"https:\/\/apexoutboards.com\/#\/schema\/logo\/image\/\",\"url\":\"https:\/\/apexoutboards.com\/wp-content\/uploads\/2021\/12\/Screenshot_7.png\",\"contentUrl\":\"https:\/\/apexoutboards.com\/wp-content\/uploads\/2021\/12\/Screenshot_7.png\",\"width\":222,\"height\":103,\"caption\":\"Apex Outboards\"},\"image\":{\"@id\":\"https:\/\/apexoutboards.com\/#\/schema\/logo\/image\/\"}}]}<\/script>\n<!-- \/ Yoast SEO plugin. -->","yoast_head_json":{"title":"2022 Moteur hors-bord Tohatsu 3,5 HP MFS3.5CS","description":"Obtenez votre produit aujourd'hui ! Le 2022 3.5 HP MFS3.5CS Tohatsu Outboard Motor sera le meilleur choix pour vous. Bon magasinage !","robots":{"index":"index","follow":"follow","max-snippet":"max-snippet:-1","max-image-preview":"max-image-preview:large","max-video-preview":"max-video-preview:-1"},"canonical":"https:\/\/apexoutboards.com\/fr\/produit\/2022-3-5-hp-mfs3-5cs-tohatsu-outboard-motor-2\/","og_locale":"fr_FR","og_type":"article","og_title":"2022 3.5 HP MFS3.5CS Tohatsu Outboard Motor","og_description":"Get your product today! The 2022 3.5 HP MFS3.5CS Tohatsu Outboard Motor will be the best choice for you. Happy shopping!","og_url":"https:\/\/apexoutboards.com\/fr\/produit\/2022-3-5-hp-mfs3-5cs-tohatsu-outboard-motor-2\/","og_site_name":"Apex Outboards","article_modified_time":"2023-02-16T17:50:42+00:00","og_image":[{"width":757,"height":1114,"url":"https:\/\/apexoutboards.com\/wp-content\/uploads\/2021\/12\/MFS3.5_01_3star_c0cc9eb8-11a5-4fc5-be9e-b79deae98510_800x.png","type":"image\/png"}],"twitter_card":"summary_large_image","twitter_misc":{"Dur\u00e9e de lecture estim\u00e9e":"1 minute"},"schema":{"@context":"https:\/\/schema.org","@graph":[{"@type":"WebPage","@id":"https:\/\/apexoutboards.com\/product\/2022-3-5-hp-mfs3-5cs-tohatsu-outboard-motor-2\/","url":"https:\/\/apexoutboards.com\/product\/2022-3-5-hp-mfs3-5cs-tohatsu-outboard-motor-2\/","name":"2022 Moteur hors-bord Tohatsu 3,5 HP MFS3.5CS","isPartOf":{"@id":"https:\/\/apexoutboards.com\/#website"},"primaryImageOfPage":{"@id":"https:\/\/apexoutboards.com\/product\/2022-3-5-hp-mfs3-5cs-tohatsu-outboard-motor-2\/#primaryimage"},"image":{"@id":"https:\/\/apexoutboards.com\/product\/2022-3-5-hp-mfs3-5cs-tohatsu-outboard-motor-2\/#primaryimage"},"thumbnailUrl":"https:\/\/apexoutboards.com\/wp-content\/uploads\/2021\/12\/MFS3.5_01_3star_c0cc9eb8-11a5-4fc5-be9e-b79deae98510_800x.png","datePublished":"2021-12-17T10:13:52+00:00","dateModified":"2023-02-16T17:50:42+00:00","description":"Obtenez votre produit aujourd'hui ! Le 2022 3.5 HP MFS3.5CS Tohatsu Outboard Motor sera le meilleur choix pour vous. Bon magasinage !","breadcrumb":{"@id":"https:\/\/apexoutboards.com\/product\/2022-3-5-hp-mfs3-5cs-tohatsu-outboard-motor-2\/#breadcrumb"},"inLanguage":"fr-FR","potentialAction":[{"@type":"ReadAction","target":["https:\/\/apexoutboards.com\/product\/2022-3-5-hp-mfs3-5cs-tohatsu-outboard-motor-2\/"]}]},{"@type":"ImageObject","inLanguage":"fr-FR","@id":"https:\/\/apexoutboards.com\/product\/2022-3-5-hp-mfs3-5cs-tohatsu-outboard-motor-2\/#primaryimage","url":"https:\/\/apexoutboards.com\/wp-content\/uploads\/2021\/12\/MFS3.5_01_3star_c0cc9eb8-11a5-4fc5-be9e-b79deae98510_800x.png","contentUrl":"https:\/\/apexoutboards.com\/wp-content\/uploads\/2021\/12\/MFS3.5_01_3star_c0cc9eb8-11a5-4fc5-be9e-b79deae98510_800x.png","width":757,"height":1114},{"@type":"BreadcrumbList","@id":"https:\/\/apexoutboards.com\/product\/2022-3-5-hp-mfs3-5cs-tohatsu-outboard-motor-2\/#breadcrumb","itemListElement":[{"@type":"ListItem","position":1,"name":"Home","item":"https:\/\/apexoutboards.com\/"},{"@type":"ListItem","position":2,"name":"Shop","item":"https:\/\/apexoutboards.com\/shop\/"},{"@type":"ListItem","position":3,"name":"2022 3.5 HP MFS3.5CS Tohatsu Outboard Motor"}]},{"@type":"WebSite","@id":"https:\/\/apexoutboards.com\/#website","url":"https:\/\/apexoutboards.com\/","name":"Apex Outboards","description":"apexoutboards.com","publisher":{"@id":"https:\/\/apexoutboards.com\/#organization"},"potentialAction":[{"@type":"SearchAction","target":{"@type":"EntryPoint","urlTemplate":"https:\/\/apexoutboards.com\/?s={search_term_string}"},"query-input":{"@type":"PropertyValueSpecification","valueRequired":true,"valueName":"search_term_string"}}],"inLanguage":"fr-FR"},{"@type":"Organization","@id":"https:\/\/apexoutboards.com\/#organization","name":"Apex Outboards","url":"https:\/\/apexoutboards.com\/","logo":{"@type":"ImageObject","inLanguage":"fr-FR","@id":"https:\/\/apexoutboards.com\/#\/schema\/logo\/image\/","url":"https:\/\/apexoutboards.com\/wp-content\/uploads\/2021\/12\/Screenshot_7.png","contentUrl":"https:\/\/apexoutboards.com\/wp-content\/uploads\/2021\/12\/Screenshot_7.png","width":222,"height":103,"caption":"Apex Outboards"},"image":{"@id":"https:\/\/apexoutboards.com\/#\/schema\/logo\/image\/"}}]}},"jetpack_sharing_enabled":true,"_links":{"self":[{"href":"https:\/\/apexoutboards.com\/fr\/wp-json\/wp\/v2\/product\/3451","targetHints":{"allow":["GET"]}}],"collection":[{"href":"https:\/\/apexoutboards.com\/fr\/wp-json\/wp\/v2\/product"}],"about":[{"href":"https:\/\/apexoutboards.com\/fr\/wp-json\/wp\/v2\/types\/product"}],"replies":[{"embeddable":true,"href":"https:\/\/apexoutboards.com\/fr\/wp-json\/wp\/v2\/comments?post=3451"}],"version-history":[{"count":0,"href":"https:\/\/apexoutboards.com\/fr\/wp-json\/wp\/v2\/product\/3451\/revisions"}],"wp:featuredmedia":[{"embeddable":true,"href":"https:\/\/apexoutboards.com\/fr\/wp-json\/wp\/v2\/media\/3453"}],"wp:attachment":[{"href":"https:\/\/apexoutboards.com\/fr\/wp-json\/wp\/v2\/media?parent=3451"}],"wp:term":[{"taxonomy":"product_brand","embeddable":true,"href":"https:\/\/apexoutboards.com\/fr\/wp-json\/wp\/v2\/product_brand?post=3451"},{"taxonomy":"product_cat","embeddable":true,"href":"https:\/\/apexoutboards.com\/fr\/wp-json\/wp\/v2\/product_cat?post=3451"},{"taxonomy":"product_tag","embeddable":true,"href":"https:\/\/apexoutboards.com\/fr\/wp-json\/wp\/v2\/product_tag?post=3451"}],"curies":[{"name":"wp","href":"https:\/\/api.w.org\/{rel}","templated":true}]}}