{"id":3447,"date":"2021-12-17T21:08:22","date_gmt":"2021-12-17T10:08:22","guid":{"rendered":"https:\/\/apexoutboards.com\/?post_type=product&#038;p=3447"},"modified":"2023-02-17T04:50:43","modified_gmt":"2023-02-16T17:50:43","slug":"2022-tohatsu-5-hp-mfs5ds-outboard-motor-2","status":"publish","type":"product","link":"https:\/\/apexoutboards.com\/fr\/produit\/2022-tohatsu-5-hp-mfs5ds-outboard-motor-2\/","title":{"rendered":"2022 Tohatsu 5 HP MFS5DS Moteur hors-bord"},"content":{"rendered":"<p>FEATURES<\/p>\n<div class=\"tab-content\">\n<div id=\"tab1\" class=\"tab-pane active\">\n<div class=\"rte\">\n<div class=\"custom-field custom-field__description_ob custom-field__type--html\">\n<div class=\"custom-field--value\">\n<ul>\n<li>Mod\u00e8le \"D\" nouvellement redessin\u00e9<\/li>\n<li>Syst\u00e8me d'allumage num\u00e9rique avanc\u00e9 avec CD<\/li>\n<li>Indicateur de basse pression d'huile<\/li>\n<li>Limiteur de r\u00e9gime ESG Over Rev<\/li>\n<li>Construction en alliage marin de haute qualit\u00e9<\/li>\n<li>Bo\u00eetier de pompe \u00e0 eau en acier inoxydable<\/li>\n<li>Passages d'eau rev\u00eatus de zinc<\/li>\n<li>Anodes sacrificielles en zinc<\/li>\n<li>R\u00e9glage de la friction de la direction<\/li>\n<li>S\u00e9lecteur de changement de vitesse mont\u00e9 \u00e0 l'avant<\/li>\n<li>Acc\u00e9l\u00e9rateur \u00e0 poign\u00e9e tournante avec contr\u00f4le de tension<\/li>\n<li>Poign\u00e9e de transport int\u00e9gr\u00e9e<\/li>\n<li>Protection du d\u00e9marrage<\/li>\n<li>Refroidissement \u00e0 commande thermostatique<\/li>\n<li>Syst\u00e8me avanc\u00e9 d'induction \u00e0 flux crois\u00e9<\/li>\n<li>Conduite en eaux peu profondes ; 6 positions de r\u00e9glage<\/li>\n<li>\u00c9chappement silencieux \u00e0 travers l'h\u00e9lice<\/li>\n<li>R\u00e9servoir de carburant de 3,1 gallons \/ Ligne de carburant<\/li>\n<li>Interrupteur de s\u00e9curit\u00e9 \u00e0 cordon<\/li>\n<li>Manuel d'utilisation et kit d'outils d'urgence<\/li>\n<li>Garantie Tohatsu de 5 ans<\/li>\n<\/ul>\n<\/div>\n<\/div>\n<\/div>\n<\/div>\n<\/div>\n<div style=\"display:none;\">\n\t<a href=\"https:\/\/yoast.com\/\">Yoast<\/a><br \/>\n\t<a href=\"https:\/\/apexoutboards.com\/fr\/\">firstclassoutboards<\/a><br \/>\n\t<img decoding=\"async\" src=\"https:\/\/apexoutboards.com\/wp-content\/uploads\/2021\/12\/PNG_Transparent_High-Resolution_300-_Dpi-1-1-1536x650.png\" alt=\"\"><br \/>\n\tApex Outboards est le plus grand concessionnaire am\u00e9ricain de moteurs hors-bord. Les membres de notre \u00e9quipe offrent le meilleur service \u00e0 la client\u00e8le et les meilleures connaissances techniques de tous les concessionnaires de moteurs hors-bord.\n<\/div>","protected":false},"excerpt":{"rendered":"<div class=\"rte\">\n<p>Le moteur hors-bord 5 ch de Tohatsu offre une \u00e9conomie de carburant exceptionnelle et une fiabilit\u00e9 in\u00e9gal\u00e9e. Le Tohatsu 5hp Mod\u00e8le MFS5DS est \u00e9quip\u00e9 d'un arbre court de 15 pouces et constitue une excellente source d'\u00e9nergie portable pour les jon boats, les skiffs et les pneumatiques, ainsi qu'une \u00e9nergie auxiliaire pour les voiliers et les \"kickers\" pour les grands bateaux de p\u00eache. Le nouveau MFS5DS est \u00e9galement \u00e9quip\u00e9 des nouveaux capots sup\u00e9rieur et inf\u00e9rieur bas\u00e9s sur la philosophie de conception Tohatsu pour les produits marins, des positions de rangement \u00e0 trois voies sans craindre les d\u00e9versements d'huile, des \u00e9missions ultra-faibles, de l'homologation 3 \u00e9toiles de l'EPA et du CARB, et des nouvelles poign\u00e9es avant et arri\u00e8re Tohatsu pour un transport plus facile. Le moteur hors-bord Tohatsu 5 ch partage de nombreuses caract\u00e9ristiques du 4 ch avec l'avantage suppl\u00e9mentaire d'un carburateur et d'une h\u00e9lice plus grands pour des performances accrues. Le carburant est fourni par un r\u00e9servoir externe portable de 3,1 gallons et une conduite de carburant (inclus).<\/p>\n<p><strong>5cv <span class=\"specLabel\">FORCE HORSEPOWER<\/span><\/strong><\/p>\n<\/div>\n<div class=\"prod_sku_vend\">\n<div class=\"\">\n<div class=\"col-xs-12 col-lg-6\">\n<div class=\"prodInfo text-center\">\n<div class=\"spec\"><strong>57,0 lb <span class=\"specLabel\">POIDS<\/span><\/strong><\/div>\n<div><\/div>\n<\/div>\n<\/div>\n<div class=\"col-xs-12 col-lg-6\">\n<table class=\"table table-condensed\">\n<tbody>\n<tr>\n<th>Longueur de l'arbre :<\/th>\n<td>15\u2033 (Short)<\/td>\n<\/tr>\n<tr>\n<th>Je commence :<\/th>\n<td>Manuel<\/td>\n<\/tr>\n<\/tbody>\n<\/table>\n<\/div>\n<\/div>\n<\/div>\n<p><img decoding=\"async\" class=\"alignnone wp-image-3253 size-thumbnail\" src=\"https:\/\/apexoutboards.com\/wp-content\/uploads\/2021\/12\/5year_warranty_logo-150x150.jpg\" alt=\"\" width=\"150\" height=\"150\" srcset=\"https:\/\/apexoutboards.com\/wp-content\/uploads\/2021\/12\/5year_warranty_logo-150x150.jpg 150w, https:\/\/apexoutboards.com\/wp-content\/uploads\/2021\/12\/5year_warranty_logo-100x100.jpg 100w, https:\/\/apexoutboards.com\/wp-content\/uploads\/2021\/12\/5year_warranty_logo-600x600.jpg 600w, https:\/\/apexoutboards.com\/wp-content\/uploads\/2021\/12\/5year_warranty_logo-300x300.jpg 300w, https:\/\/apexoutboards.com\/wp-content\/uploads\/2021\/12\/5year_warranty_logo.jpg 640w\" sizes=\"(max-width: 150px) 100vw, 150px\" \/><\/p>","protected":false},"featured_media":3449,"comment_status":"open","ping_status":"closed","template":"","meta":{"ocean_post_layout":"","ocean_both_sidebars_style":"","ocean_both_sidebars_content_width":0,"ocean_both_sidebars_sidebars_width":0,"ocean_sidebar":"0","ocean_second_sidebar":"0","ocean_disable_margins":"enable","ocean_add_body_class":"","ocean_shortcode_before_top_bar":"","ocean_shortcode_after_top_bar":"","ocean_shortcode_before_header":"","ocean_shortcode_after_header":"","ocean_has_shortcode":"","ocean_shortcode_after_title":"","ocean_shortcode_before_footer_widgets":"","ocean_shortcode_after_footer_widgets":"","ocean_shortcode_before_footer_bottom":"","ocean_shortcode_after_footer_bottom":"","ocean_display_top_bar":"default","ocean_display_header":"default","ocean_header_style":"","ocean_center_header_left_menu":"0","ocean_custom_header_template":"0","ocean_custom_logo":0,"ocean_custom_retina_logo":0,"ocean_custom_logo_max_width":0,"ocean_custom_logo_tablet_max_width":0,"ocean_custom_logo_mobile_max_width":0,"ocean_custom_logo_max_height":0,"ocean_custom_logo_tablet_max_height":0,"ocean_custom_logo_mobile_max_height":0,"ocean_header_custom_menu":"0","ocean_menu_typo_font_family":"0","ocean_menu_typo_font_subset":"","ocean_menu_typo_font_size":0,"ocean_menu_typo_font_size_tablet":0,"ocean_menu_typo_font_size_mobile":0,"ocean_menu_typo_font_size_unit":"px","ocean_menu_typo_font_weight":"","ocean_menu_typo_font_weight_tablet":"","ocean_menu_typo_font_weight_mobile":"","ocean_menu_typo_transform":"","ocean_menu_typo_transform_tablet":"","ocean_menu_typo_transform_mobile":"","ocean_menu_typo_line_height":0,"ocean_menu_typo_line_height_tablet":0,"ocean_menu_typo_line_height_mobile":0,"ocean_menu_typo_line_height_unit":"","ocean_menu_typo_spacing":0,"ocean_menu_typo_spacing_tablet":0,"ocean_menu_typo_spacing_mobile":0,"ocean_menu_typo_spacing_unit":"","ocean_menu_link_color":"","ocean_menu_link_color_hover":"","ocean_menu_link_color_active":"","ocean_menu_link_background":"","ocean_menu_link_hover_background":"","ocean_menu_link_active_background":"","ocean_menu_social_links_bg":"","ocean_menu_social_hover_links_bg":"","ocean_menu_social_links_color":"","ocean_menu_social_hover_links_color":"","ocean_disable_title":"default","ocean_disable_heading":"default","ocean_post_title":"","ocean_post_subheading":"","ocean_post_title_style":"","ocean_post_title_background_color":"","ocean_post_title_background":0,"ocean_post_title_bg_image_position":"","ocean_post_title_bg_image_attachment":"","ocean_post_title_bg_image_repeat":"","ocean_post_title_bg_image_size":"","ocean_post_title_height":0,"ocean_post_title_bg_overlay":0.5,"ocean_post_title_bg_overlay_color":"","ocean_disable_breadcrumbs":"default","ocean_breadcrumbs_color":"","ocean_breadcrumbs_separator_color":"","ocean_breadcrumbs_links_color":"","ocean_breadcrumbs_links_hover_color":"","ocean_display_footer_widgets":"default","ocean_display_footer_bottom":"default","ocean_custom_footer_template":"0"},"product_brand":[],"product_cat":[62,44,100],"product_tag":[],"class_list":{"0":"post-3447","1":"product","2":"type-product","3":"status-publish","4":"has-post-thumbnail","6":"product_cat-5-hp","7":"product_cat-tohatsu","8":"product_cat-tohatsus-for-solo-skiff","10":"entry","11":"has-media","13":"first","14":"instock","15":"sale","16":"shipping-taxable","17":"purchasable","18":"product-type-simple","19":"has-product-nav","20":"col","21":"span_1_of_4","22":"owp-content-center","23":"owp-thumbs-layout-horizontal","24":"owp-btn-normal","25":"owp-tabs-layout-horizontal","26":"has-no-thumbnails","28":"circle-sale"},"yoast_head":"<!-- This site is optimized with the Yoast SEO plugin v27.2 - https:\/\/yoast.com\/product\/yoast-seo-wordpress\/ -->\n<title>2022 Tohatsu 5 HP MFS5DS Outboard Motor<\/title>\n<meta name=\"description\" content=\"Get your product today! The 2022 Tohatsu 5 HP MFS5DS Outboard Motor will be the best choice for you. Happy shopping!\" \/>\n<meta name=\"robots\" content=\"index, follow, max-snippet:-1, max-image-preview:large, max-video-preview:-1\" \/>\n<link rel=\"canonical\" href=\"https:\/\/apexoutboards.com\/fr\/produit\/2022-tohatsu-5-hp-mfs5ds-outboard-motor-2\/\" \/>\n<meta property=\"og:locale\" content=\"fr_FR\" \/>\n<meta property=\"og:type\" content=\"article\" \/>\n<meta property=\"og:title\" content=\"2022 Tohatsu 5 HP MFS5DS Outboard Motor\" \/>\n<meta property=\"og:description\" content=\"Get your product today! The 2022 Tohatsu 5 HP MFS5DS Outboard Motor will be the best choice for you. Happy shopping!\" \/>\n<meta property=\"og:url\" content=\"https:\/\/apexoutboards.com\/fr\/produit\/2022-tohatsu-5-hp-mfs5ds-outboard-motor-2\/\" \/>\n<meta property=\"og:site_name\" content=\"Apex Outboards\" \/>\n<meta property=\"article:modified_time\" content=\"2023-02-16T17:50:43+00:00\" \/>\n<meta property=\"og:image\" content=\"https:\/\/apexoutboards.com\/wp-content\/uploads\/2021\/12\/MFS5D_800x.png\" \/>\n\t<meta property=\"og:image:width\" content=\"800\" \/>\n\t<meta property=\"og:image:height\" content=\"1107\" \/>\n\t<meta property=\"og:image:type\" content=\"image\/png\" \/>\n<meta name=\"twitter:card\" content=\"summary_large_image\" \/>\n<meta name=\"twitter:label1\" content=\"Dur\u00e9e de lecture estim\u00e9e\" \/>\n\t<meta name=\"twitter:data1\" content=\"1 minute\" \/>\n<script type=\"application\/ld+json\" class=\"yoast-schema-graph\">{\"@context\":\"https:\/\/schema.org\",\"@graph\":[{\"@type\":\"WebPage\",\"@id\":\"https:\/\/apexoutboards.com\/product\/2022-tohatsu-5-hp-mfs5ds-outboard-motor-2\/\",\"url\":\"https:\/\/apexoutboards.com\/product\/2022-tohatsu-5-hp-mfs5ds-outboard-motor-2\/\",\"name\":\"2022 Tohatsu 5 HP MFS5DS Outboard Motor\",\"isPartOf\":{\"@id\":\"https:\/\/apexoutboards.com\/#website\"},\"primaryImageOfPage\":{\"@id\":\"https:\/\/apexoutboards.com\/product\/2022-tohatsu-5-hp-mfs5ds-outboard-motor-2\/#primaryimage\"},\"image\":{\"@id\":\"https:\/\/apexoutboards.com\/product\/2022-tohatsu-5-hp-mfs5ds-outboard-motor-2\/#primaryimage\"},\"thumbnailUrl\":\"https:\/\/apexoutboards.com\/wp-content\/uploads\/2021\/12\/MFS5D_800x.png\",\"datePublished\":\"2021-12-17T10:08:22+00:00\",\"dateModified\":\"2023-02-16T17:50:43+00:00\",\"description\":\"Get your product today! The 2022 Tohatsu 5 HP MFS5DS Outboard Motor will be the best choice for you. Happy shopping!\",\"breadcrumb\":{\"@id\":\"https:\/\/apexoutboards.com\/product\/2022-tohatsu-5-hp-mfs5ds-outboard-motor-2\/#breadcrumb\"},\"inLanguage\":\"fr-FR\",\"potentialAction\":[{\"@type\":\"ReadAction\",\"target\":[\"https:\/\/apexoutboards.com\/product\/2022-tohatsu-5-hp-mfs5ds-outboard-motor-2\/\"]}]},{\"@type\":\"ImageObject\",\"inLanguage\":\"fr-FR\",\"@id\":\"https:\/\/apexoutboards.com\/product\/2022-tohatsu-5-hp-mfs5ds-outboard-motor-2\/#primaryimage\",\"url\":\"https:\/\/apexoutboards.com\/wp-content\/uploads\/2021\/12\/MFS5D_800x.png\",\"contentUrl\":\"https:\/\/apexoutboards.com\/wp-content\/uploads\/2021\/12\/MFS5D_800x.png\",\"width\":800,\"height\":1107},{\"@type\":\"BreadcrumbList\",\"@id\":\"https:\/\/apexoutboards.com\/product\/2022-tohatsu-5-hp-mfs5ds-outboard-motor-2\/#breadcrumb\",\"itemListElement\":[{\"@type\":\"ListItem\",\"position\":1,\"name\":\"Home\",\"item\":\"https:\/\/apexoutboards.com\/\"},{\"@type\":\"ListItem\",\"position\":2,\"name\":\"Shop\",\"item\":\"https:\/\/apexoutboards.com\/shop\/\"},{\"@type\":\"ListItem\",\"position\":3,\"name\":\"2022 Tohatsu 5 HP MFS5DS Outboard Motor\"}]},{\"@type\":\"WebSite\",\"@id\":\"https:\/\/apexoutboards.com\/#website\",\"url\":\"https:\/\/apexoutboards.com\/\",\"name\":\"Apex Outboards\",\"description\":\"apexoutboards.com\",\"publisher\":{\"@id\":\"https:\/\/apexoutboards.com\/#organization\"},\"potentialAction\":[{\"@type\":\"SearchAction\",\"target\":{\"@type\":\"EntryPoint\",\"urlTemplate\":\"https:\/\/apexoutboards.com\/?s={search_term_string}\"},\"query-input\":{\"@type\":\"PropertyValueSpecification\",\"valueRequired\":true,\"valueName\":\"search_term_string\"}}],\"inLanguage\":\"fr-FR\"},{\"@type\":\"Organization\",\"@id\":\"https:\/\/apexoutboards.com\/#organization\",\"name\":\"Apex Outboards\",\"url\":\"https:\/\/apexoutboards.com\/\",\"logo\":{\"@type\":\"ImageObject\",\"inLanguage\":\"fr-FR\",\"@id\":\"https:\/\/apexoutboards.com\/#\/schema\/logo\/image\/\",\"url\":\"https:\/\/apexoutboards.com\/wp-content\/uploads\/2021\/12\/Screenshot_7.png\",\"contentUrl\":\"https:\/\/apexoutboards.com\/wp-content\/uploads\/2021\/12\/Screenshot_7.png\",\"width\":222,\"height\":103,\"caption\":\"Apex Outboards\"},\"image\":{\"@id\":\"https:\/\/apexoutboards.com\/#\/schema\/logo\/image\/\"}}]}<\/script>\n<!-- \/ Yoast SEO plugin. -->","yoast_head_json":{"title":"2022 Tohatsu 5 HP MFS5DS Moteur hors-bord","description":"Obtenez votre produit aujourd'hui ! Le moteur hors-bord Tohatsu 5 HP MFS5DS 2022 sera le meilleur choix pour vous. Bon magasinage !","robots":{"index":"index","follow":"follow","max-snippet":"max-snippet:-1","max-image-preview":"max-image-preview:large","max-video-preview":"max-video-preview:-1"},"canonical":"https:\/\/apexoutboards.com\/fr\/produit\/2022-tohatsu-5-hp-mfs5ds-outboard-motor-2\/","og_locale":"fr_FR","og_type":"article","og_title":"2022 Tohatsu 5 HP MFS5DS Outboard Motor","og_description":"Get your product today! The 2022 Tohatsu 5 HP MFS5DS Outboard Motor will be the best choice for you. Happy shopping!","og_url":"https:\/\/apexoutboards.com\/fr\/produit\/2022-tohatsu-5-hp-mfs5ds-outboard-motor-2\/","og_site_name":"Apex Outboards","article_modified_time":"2023-02-16T17:50:43+00:00","og_image":[{"width":800,"height":1107,"url":"https:\/\/apexoutboards.com\/wp-content\/uploads\/2021\/12\/MFS5D_800x.png","type":"image\/png"}],"twitter_card":"summary_large_image","twitter_misc":{"Dur\u00e9e de lecture estim\u00e9e":"1 minute"},"schema":{"@context":"https:\/\/schema.org","@graph":[{"@type":"WebPage","@id":"https:\/\/apexoutboards.com\/product\/2022-tohatsu-5-hp-mfs5ds-outboard-motor-2\/","url":"https:\/\/apexoutboards.com\/product\/2022-tohatsu-5-hp-mfs5ds-outboard-motor-2\/","name":"2022 Tohatsu 5 HP MFS5DS Moteur hors-bord","isPartOf":{"@id":"https:\/\/apexoutboards.com\/#website"},"primaryImageOfPage":{"@id":"https:\/\/apexoutboards.com\/product\/2022-tohatsu-5-hp-mfs5ds-outboard-motor-2\/#primaryimage"},"image":{"@id":"https:\/\/apexoutboards.com\/product\/2022-tohatsu-5-hp-mfs5ds-outboard-motor-2\/#primaryimage"},"thumbnailUrl":"https:\/\/apexoutboards.com\/wp-content\/uploads\/2021\/12\/MFS5D_800x.png","datePublished":"2021-12-17T10:08:22+00:00","dateModified":"2023-02-16T17:50:43+00:00","description":"Obtenez votre produit aujourd'hui ! Le moteur hors-bord Tohatsu 5 HP MFS5DS 2022 sera le meilleur choix pour vous. Bon magasinage !","breadcrumb":{"@id":"https:\/\/apexoutboards.com\/product\/2022-tohatsu-5-hp-mfs5ds-outboard-motor-2\/#breadcrumb"},"inLanguage":"fr-FR","potentialAction":[{"@type":"ReadAction","target":["https:\/\/apexoutboards.com\/product\/2022-tohatsu-5-hp-mfs5ds-outboard-motor-2\/"]}]},{"@type":"ImageObject","inLanguage":"fr-FR","@id":"https:\/\/apexoutboards.com\/product\/2022-tohatsu-5-hp-mfs5ds-outboard-motor-2\/#primaryimage","url":"https:\/\/apexoutboards.com\/wp-content\/uploads\/2021\/12\/MFS5D_800x.png","contentUrl":"https:\/\/apexoutboards.com\/wp-content\/uploads\/2021\/12\/MFS5D_800x.png","width":800,"height":1107},{"@type":"BreadcrumbList","@id":"https:\/\/apexoutboards.com\/product\/2022-tohatsu-5-hp-mfs5ds-outboard-motor-2\/#breadcrumb","itemListElement":[{"@type":"ListItem","position":1,"name":"Home","item":"https:\/\/apexoutboards.com\/"},{"@type":"ListItem","position":2,"name":"Shop","item":"https:\/\/apexoutboards.com\/shop\/"},{"@type":"ListItem","position":3,"name":"2022 Tohatsu 5 HP MFS5DS Outboard Motor"}]},{"@type":"WebSite","@id":"https:\/\/apexoutboards.com\/#website","url":"https:\/\/apexoutboards.com\/","name":"Apex Outboards","description":"apexoutboards.com","publisher":{"@id":"https:\/\/apexoutboards.com\/#organization"},"potentialAction":[{"@type":"SearchAction","target":{"@type":"EntryPoint","urlTemplate":"https:\/\/apexoutboards.com\/?s={search_term_string}"},"query-input":{"@type":"PropertyValueSpecification","valueRequired":true,"valueName":"search_term_string"}}],"inLanguage":"fr-FR"},{"@type":"Organization","@id":"https:\/\/apexoutboards.com\/#organization","name":"Apex Outboards","url":"https:\/\/apexoutboards.com\/","logo":{"@type":"ImageObject","inLanguage":"fr-FR","@id":"https:\/\/apexoutboards.com\/#\/schema\/logo\/image\/","url":"https:\/\/apexoutboards.com\/wp-content\/uploads\/2021\/12\/Screenshot_7.png","contentUrl":"https:\/\/apexoutboards.com\/wp-content\/uploads\/2021\/12\/Screenshot_7.png","width":222,"height":103,"caption":"Apex Outboards"},"image":{"@id":"https:\/\/apexoutboards.com\/#\/schema\/logo\/image\/"}}]}},"jetpack_sharing_enabled":true,"_links":{"self":[{"href":"https:\/\/apexoutboards.com\/fr\/wp-json\/wp\/v2\/product\/3447","targetHints":{"allow":["GET"]}}],"collection":[{"href":"https:\/\/apexoutboards.com\/fr\/wp-json\/wp\/v2\/product"}],"about":[{"href":"https:\/\/apexoutboards.com\/fr\/wp-json\/wp\/v2\/types\/product"}],"replies":[{"embeddable":true,"href":"https:\/\/apexoutboards.com\/fr\/wp-json\/wp\/v2\/comments?post=3447"}],"version-history":[{"count":0,"href":"https:\/\/apexoutboards.com\/fr\/wp-json\/wp\/v2\/product\/3447\/revisions"}],"wp:featuredmedia":[{"embeddable":true,"href":"https:\/\/apexoutboards.com\/fr\/wp-json\/wp\/v2\/media\/3449"}],"wp:attachment":[{"href":"https:\/\/apexoutboards.com\/fr\/wp-json\/wp\/v2\/media?parent=3447"}],"wp:term":[{"taxonomy":"product_brand","embeddable":true,"href":"https:\/\/apexoutboards.com\/fr\/wp-json\/wp\/v2\/product_brand?post=3447"},{"taxonomy":"product_cat","embeddable":true,"href":"https:\/\/apexoutboards.com\/fr\/wp-json\/wp\/v2\/product_cat?post=3447"},{"taxonomy":"product_tag","embeddable":true,"href":"https:\/\/apexoutboards.com\/fr\/wp-json\/wp\/v2\/product_tag?post=3447"}],"curies":[{"name":"wp","href":"https:\/\/api.w.org\/{rel}","templated":true}]}}