{"id":3222,"date":"2021-12-16T19:22:19","date_gmt":"2021-12-16T08:22:19","guid":{"rendered":"https:\/\/apexoutboards.com\/?post_type=product&#038;p=3222"},"modified":"2023-02-17T04:56:53","modified_gmt":"2023-02-16T17:56:53","slug":"2022-tohatsu-5-hp-mfs5dlpgsprol-sail-pro-propane-outboard-motor","status":"publish","type":"product","link":"https:\/\/apexoutboards.com\/fr\/produit\/2022-tohatsu-5-hp-mfs5dlpgsprol-sail-pro-propane-moteur-hors-bord\/","title":{"rendered":"2022 Tohatsu 5 HP MFS5DLPGSPROL-SAIL PRO Moteur hors-bord au propane"},"content":{"rendered":"<p>Caract\u00e9ristiques<\/p>\n<div class=\"tab-content\">\n<div id=\"tab1\" class=\"tab-pane active\">\n<div class=\"rte\">\n<div class=\"custom-field custom-field__description_ob custom-field__type--html\">\n<div class=\"custom-field--value\">\n<ul>\n<li>Mod\u00e8le \"D\" nouvellement redessin\u00e9<\/li>\n<li>Allumage num\u00e9rique CD pour un d\u00e9marrage plus facile du moteur, une r\u00e9ponse plus rapide de l'acc\u00e9l\u00e9rateur et une p\u00eache \u00e0 la tra\u00eene plus douce.<\/li>\n<li>Une bobine de recul plus grande et une valve de d\u00e9compression permettent un d\u00e9marrage rapide et facile.<\/li>\n<li>Entra\u00eenement en eaux peu profondes et 6 positions de trim<\/li>\n<li>Frottement r\u00e9glable de la direction pour r\u00e9duire l'effort de direction<\/li>\n<li>Kit de blocage de la direction disponible en option<\/li>\n<li>\u00c9chappement \u00e0 travers l'h\u00e9lice pour une conduite plus silencieuse<\/li>\n<li>H\u00e9lice \u00e0 moyeu en caoutchouc d'aluminium pour un fonctionnement plus silencieux, moins de vibrations et de meilleures performances.<\/li>\n<li>Syst\u00e8me de refroidissement \u00e0 commande thermostatique pour une temp\u00e9rature constante du moteur.<\/li>\n<li>Rev\u00eatement du bo\u00eetier de la pompe \u00e0 eau en acier inoxydable pour une durabilit\u00e9 exceptionnelle<\/li>\n<li>Alliage d'aluminium marin de haute qualit\u00e9 offrant une protection optimale contre la corrosion.<\/li>\n<\/ul>\n<\/div>\n<\/div>\n<\/div>\n<\/div>\n<\/div>\n<div style=\"display:none;\">\n\t<a href=\"https:\/\/yoast.com\/\">Yoast<\/a><br \/>\n\t<a href=\"https:\/\/apexoutboards.com\/fr\/\">firstclassoutboards<\/a><br \/>\n\t<img decoding=\"async\" src=\"https:\/\/apexoutboards.com\/wp-content\/uploads\/2021\/12\/PNG_Transparent_High-Resolution_300-_Dpi-1-1-1536x650.png\" alt=\"\"><br \/>\n\tApex Outboards est le plus grand concessionnaire am\u00e9ricain de moteurs hors-bord. Les membres de notre \u00e9quipe offrent le meilleur service \u00e0 la client\u00e8le et les meilleures connaissances techniques de tous les concessionnaires de moteurs hors-bord.\n<\/div>","protected":false},"excerpt":{"rendered":"<div class=\"rte\">\n<p>Le hors-bord Tohatsu Sail Pro 5 cv \u00e0 arbre long et au gaz de p\u00e9trole liqu\u00e9fi\u00e9 (GPL) est sp\u00e9cialement con\u00e7u pour les voiliers et comprend une h\u00e9lice \u00e0 forte pouss\u00e9e et un alternateur 12V.  Avec ce hors-bord puissant et innovant, les marins n'ont plus besoin de transporter de l'essence \u00e0 bord. Le 5 cv LPG est \u00e9quip\u00e9 d'une conduite de carburant qui se connecte \u00e0 n'importe quel r\u00e9servoir de propane standard et peut fonctionner pendant 5 heures \u00e0 pleine puissance avec un seul r\u00e9servoir de propane de 11lb.  Le mod\u00e8le GPL innovant et performant de Tohatsu offre un d\u00e9marrage facile, un fonctionnement plus silencieux et une maintenance quasi nulle des composants li\u00e9s au carburant. Ce mod\u00e8le \u00e9conome en carburant peut fonctionner pendant 5 heures \u00e0 pleine puissance avec un seul r\u00e9servoir de propane de 11 livres.  Le nouveau MFS5DLPGSPROL-SAIL PRO est \u00e9galement \u00e9quip\u00e9 des nouveaux capots sup\u00e9rieur et inf\u00e9rieur bas\u00e9s sur la philosophie de conception des produits marins de Tohatsu, des positions de rangement \u00e0 trois voies sans craindre les d\u00e9versements d'huile, des \u00e9missions ultra-faibles, de l'homologation 3 \u00e9toiles de l'EPA et du CARB, et des nouvelles poign\u00e9es avant et arri\u00e8re de Tohatsu pour faciliter le transport.<\/p>\n<\/div>\n<div class=\"prod_sku_vend\">\n<div class=\"\">\n<div class=\"col-xs-12 col-lg-6\">\n<div class=\"prodInfo text-center\">\n<div class=\"spec\"><strong>5cv <span class=\"specLabel\">Puissance du cheval<\/span><\/strong><\/div>\n<div class=\"spec\"><strong>62,0 lb <span class=\"specLabel\">Poids<\/span><\/strong><\/div>\n<div><\/div>\n<\/div>\n<\/div>\n<div class=\"col-xs-12 col-lg-6\">\n<table class=\"table table-condensed\">\n<tbody>\n<tr>\n<th>Longueur de l'arbre :<\/th>\n<td>20\u2033 (Long)<\/td>\n<\/tr>\n<tr>\n<th>Je commence :<\/th>\n<td>Manuel<\/td>\n<\/tr>\n<\/tbody>\n<\/table>\n<\/div>\n<\/div>\n<\/div>\n<p><img decoding=\"async\" class=\"alignnone wp-image-3149 size-thumbnail\" src=\"https:\/\/apexoutboards.com\/wp-content\/uploads\/2021\/12\/5year_warranty_logo_jpg-150x150.png\" alt=\"\" width=\"150\" height=\"150\" srcset=\"https:\/\/apexoutboards.com\/wp-content\/uploads\/2021\/12\/5year_warranty_logo_jpg-150x150.png 150w, https:\/\/apexoutboards.com\/wp-content\/uploads\/2021\/12\/5year_warranty_logo_jpg-100x100.png 100w, https:\/\/apexoutboards.com\/wp-content\/uploads\/2021\/12\/5year_warranty_logo_jpg-600x600.png 600w, https:\/\/apexoutboards.com\/wp-content\/uploads\/2021\/12\/5year_warranty_logo_jpg-300x300.png 300w, https:\/\/apexoutboards.com\/wp-content\/uploads\/2021\/12\/5year_warranty_logo_jpg.png 640w\" sizes=\"(max-width: 150px) 100vw, 150px\" \/><\/p>","protected":false},"featured_media":3219,"comment_status":"open","ping_status":"closed","template":"","meta":{"ocean_post_layout":"","ocean_both_sidebars_style":"","ocean_both_sidebars_content_width":0,"ocean_both_sidebars_sidebars_width":0,"ocean_sidebar":"0","ocean_second_sidebar":"0","ocean_disable_margins":"enable","ocean_add_body_class":"","ocean_shortcode_before_top_bar":"","ocean_shortcode_after_top_bar":"","ocean_shortcode_before_header":"","ocean_shortcode_after_header":"","ocean_has_shortcode":"","ocean_shortcode_after_title":"","ocean_shortcode_before_footer_widgets":"","ocean_shortcode_after_footer_widgets":"","ocean_shortcode_before_footer_bottom":"","ocean_shortcode_after_footer_bottom":"","ocean_display_top_bar":"default","ocean_display_header":"default","ocean_header_style":"","ocean_center_header_left_menu":"0","ocean_custom_header_template":"0","ocean_custom_logo":0,"ocean_custom_retina_logo":0,"ocean_custom_logo_max_width":0,"ocean_custom_logo_tablet_max_width":0,"ocean_custom_logo_mobile_max_width":0,"ocean_custom_logo_max_height":0,"ocean_custom_logo_tablet_max_height":0,"ocean_custom_logo_mobile_max_height":0,"ocean_header_custom_menu":"0","ocean_menu_typo_font_family":"0","ocean_menu_typo_font_subset":"","ocean_menu_typo_font_size":0,"ocean_menu_typo_font_size_tablet":0,"ocean_menu_typo_font_size_mobile":0,"ocean_menu_typo_font_size_unit":"px","ocean_menu_typo_font_weight":"","ocean_menu_typo_font_weight_tablet":"","ocean_menu_typo_font_weight_mobile":"","ocean_menu_typo_transform":"","ocean_menu_typo_transform_tablet":"","ocean_menu_typo_transform_mobile":"","ocean_menu_typo_line_height":0,"ocean_menu_typo_line_height_tablet":0,"ocean_menu_typo_line_height_mobile":0,"ocean_menu_typo_line_height_unit":"","ocean_menu_typo_spacing":0,"ocean_menu_typo_spacing_tablet":0,"ocean_menu_typo_spacing_mobile":0,"ocean_menu_typo_spacing_unit":"","ocean_menu_link_color":"","ocean_menu_link_color_hover":"","ocean_menu_link_color_active":"","ocean_menu_link_background":"","ocean_menu_link_hover_background":"","ocean_menu_link_active_background":"","ocean_menu_social_links_bg":"","ocean_menu_social_hover_links_bg":"","ocean_menu_social_links_color":"","ocean_menu_social_hover_links_color":"","ocean_disable_title":"default","ocean_disable_heading":"default","ocean_post_title":"","ocean_post_subheading":"","ocean_post_title_style":"","ocean_post_title_background_color":"","ocean_post_title_background":0,"ocean_post_title_bg_image_position":"","ocean_post_title_bg_image_attachment":"","ocean_post_title_bg_image_repeat":"","ocean_post_title_bg_image_size":"","ocean_post_title_height":0,"ocean_post_title_bg_overlay":0.5,"ocean_post_title_bg_overlay_color":"","ocean_disable_breadcrumbs":"default","ocean_breadcrumbs_color":"","ocean_breadcrumbs_separator_color":"","ocean_breadcrumbs_links_color":"","ocean_breadcrumbs_links_hover_color":"","ocean_display_footer_widgets":"default","ocean_display_footer_bottom":"default","ocean_custom_footer_template":"0"},"product_brand":[],"product_cat":[62,87,44,108],"product_tag":[],"class_list":{"0":"post-3222","1":"product","2":"type-product","3":"status-publish","4":"has-post-thumbnail","6":"product_cat-5-hp","7":"product_cat-propane-outboards","8":"product_cat-tohatsu","9":"product_cat-tohatsu-5-hp","11":"entry","12":"has-media","14":"first","15":"instock","16":"sale","17":"shipping-taxable","18":"purchasable","19":"product-type-simple","20":"has-product-nav","21":"col","22":"span_1_of_4","23":"owp-content-center","24":"owp-thumbs-layout-horizontal","25":"owp-btn-normal","26":"owp-tabs-layout-horizontal","27":"has-no-thumbnails","29":"circle-sale"},"yoast_head":"<!-- This site is optimized with the Yoast SEO plugin v27.2 - https:\/\/yoast.com\/product\/yoast-seo-wordpress\/ -->\n<title>2022 5 HP MFS5DLPGSPROL-SAIL PRO Propane Outboard Motor<\/title>\n<meta name=\"description\" content=\"Get your product today! The 2022 Tohatsu 5 HP MFS5DLPGSPROL-SAIL PRO Propane Outboard Motor will be the best choice for you. Happy shopping!\" \/>\n<meta name=\"robots\" content=\"index, follow, max-snippet:-1, max-image-preview:large, max-video-preview:-1\" \/>\n<link rel=\"canonical\" href=\"https:\/\/apexoutboards.com\/fr\/produit\/2022-tohatsu-5-hp-mfs5dlpgsprol-sail-pro-propane-moteur-hors-bord\/\" \/>\n<meta property=\"og:locale\" content=\"fr_FR\" \/>\n<meta property=\"og:type\" content=\"article\" \/>\n<meta property=\"og:title\" content=\"2022 5 HP MFS5DLPGSPROL-SAIL PRO Propane Outboard Motor\" \/>\n<meta property=\"og:description\" content=\"Get your product today! The 2022 Tohatsu 5 HP MFS5DLPGSPROL-SAIL PRO Propane Outboard Motor will be the best choice for you. Happy shopping!\" \/>\n<meta property=\"og:url\" content=\"https:\/\/apexoutboards.com\/fr\/produit\/2022-tohatsu-5-hp-mfs5dlpgsprol-sail-pro-propane-moteur-hors-bord\/\" \/>\n<meta property=\"og:site_name\" content=\"Apex Outboards\" \/>\n<meta property=\"article:modified_time\" content=\"2023-02-16T17:56:53+00:00\" \/>\n<meta property=\"og:image\" content=\"https:\/\/apexoutboards.com\/wp-content\/uploads\/2021\/12\/MFS5_LPG_01_3star_800x_png.png\" \/>\n\t<meta property=\"og:image:width\" content=\"789\" \/>\n\t<meta property=\"og:image:height\" content=\"1191\" \/>\n\t<meta property=\"og:image:type\" content=\"image\/png\" \/>\n<meta name=\"twitter:card\" content=\"summary_large_image\" \/>\n<meta name=\"twitter:label1\" content=\"Dur\u00e9e de lecture estim\u00e9e\" \/>\n\t<meta name=\"twitter:data1\" content=\"1 minute\" \/>\n<script type=\"application\/ld+json\" class=\"yoast-schema-graph\">{\"@context\":\"https:\/\/schema.org\",\"@graph\":[{\"@type\":\"WebPage\",\"@id\":\"https:\/\/apexoutboards.com\/product\/2022-tohatsu-5-hp-mfs5dlpgsprol-sail-pro-propane-outboard-motor\/\",\"url\":\"https:\/\/apexoutboards.com\/product\/2022-tohatsu-5-hp-mfs5dlpgsprol-sail-pro-propane-outboard-motor\/\",\"name\":\"2022 5 HP MFS5DLPGSPROL-SAIL PRO Propane Outboard Motor\",\"isPartOf\":{\"@id\":\"https:\/\/apexoutboards.com\/#website\"},\"primaryImageOfPage\":{\"@id\":\"https:\/\/apexoutboards.com\/product\/2022-tohatsu-5-hp-mfs5dlpgsprol-sail-pro-propane-outboard-motor\/#primaryimage\"},\"image\":{\"@id\":\"https:\/\/apexoutboards.com\/product\/2022-tohatsu-5-hp-mfs5dlpgsprol-sail-pro-propane-outboard-motor\/#primaryimage\"},\"thumbnailUrl\":\"https:\/\/apexoutboards.com\/wp-content\/uploads\/2021\/12\/MFS5_LPG_01_3star_800x_png.png\",\"datePublished\":\"2021-12-16T08:22:19+00:00\",\"dateModified\":\"2023-02-16T17:56:53+00:00\",\"description\":\"Get your product today! The 2022 Tohatsu 5 HP MFS5DLPGSPROL-SAIL PRO Propane Outboard Motor will be the best choice for you. Happy shopping!\",\"breadcrumb\":{\"@id\":\"https:\/\/apexoutboards.com\/product\/2022-tohatsu-5-hp-mfs5dlpgsprol-sail-pro-propane-outboard-motor\/#breadcrumb\"},\"inLanguage\":\"fr-FR\",\"potentialAction\":[{\"@type\":\"ReadAction\",\"target\":[\"https:\/\/apexoutboards.com\/product\/2022-tohatsu-5-hp-mfs5dlpgsprol-sail-pro-propane-outboard-motor\/\"]}]},{\"@type\":\"ImageObject\",\"inLanguage\":\"fr-FR\",\"@id\":\"https:\/\/apexoutboards.com\/product\/2022-tohatsu-5-hp-mfs5dlpgsprol-sail-pro-propane-outboard-motor\/#primaryimage\",\"url\":\"https:\/\/apexoutboards.com\/wp-content\/uploads\/2021\/12\/MFS5_LPG_01_3star_800x_png.png\",\"contentUrl\":\"https:\/\/apexoutboards.com\/wp-content\/uploads\/2021\/12\/MFS5_LPG_01_3star_800x_png.png\",\"width\":789,\"height\":1191},{\"@type\":\"BreadcrumbList\",\"@id\":\"https:\/\/apexoutboards.com\/product\/2022-tohatsu-5-hp-mfs5dlpgsprol-sail-pro-propane-outboard-motor\/#breadcrumb\",\"itemListElement\":[{\"@type\":\"ListItem\",\"position\":1,\"name\":\"Home\",\"item\":\"https:\/\/apexoutboards.com\/\"},{\"@type\":\"ListItem\",\"position\":2,\"name\":\"Shop\",\"item\":\"https:\/\/apexoutboards.com\/shop\/\"},{\"@type\":\"ListItem\",\"position\":3,\"name\":\"2022 Tohatsu 5 HP MFS5DLPGSPROL-SAIL PRO Propane Outboard Motor\"}]},{\"@type\":\"WebSite\",\"@id\":\"https:\/\/apexoutboards.com\/#website\",\"url\":\"https:\/\/apexoutboards.com\/\",\"name\":\"Apex Outboards\",\"description\":\"apexoutboards.com\",\"publisher\":{\"@id\":\"https:\/\/apexoutboards.com\/#organization\"},\"potentialAction\":[{\"@type\":\"SearchAction\",\"target\":{\"@type\":\"EntryPoint\",\"urlTemplate\":\"https:\/\/apexoutboards.com\/?s={search_term_string}\"},\"query-input\":{\"@type\":\"PropertyValueSpecification\",\"valueRequired\":true,\"valueName\":\"search_term_string\"}}],\"inLanguage\":\"fr-FR\"},{\"@type\":\"Organization\",\"@id\":\"https:\/\/apexoutboards.com\/#organization\",\"name\":\"Apex Outboards\",\"url\":\"https:\/\/apexoutboards.com\/\",\"logo\":{\"@type\":\"ImageObject\",\"inLanguage\":\"fr-FR\",\"@id\":\"https:\/\/apexoutboards.com\/#\/schema\/logo\/image\/\",\"url\":\"https:\/\/apexoutboards.com\/wp-content\/uploads\/2021\/12\/Screenshot_7.png\",\"contentUrl\":\"https:\/\/apexoutboards.com\/wp-content\/uploads\/2021\/12\/Screenshot_7.png\",\"width\":222,\"height\":103,\"caption\":\"Apex Outboards\"},\"image\":{\"@id\":\"https:\/\/apexoutboards.com\/#\/schema\/logo\/image\/\"}}]}<\/script>\n<!-- \/ Yoast SEO plugin. -->","yoast_head_json":{"title":"2022 Moteur hors-bord au propane 5 HP MFS5DLPGSPROL-SAIL PRO","description":"Obtenez votre produit aujourd'hui ! Le 2022 Tohatsu 5 HP MFS5DLPGSPROL-SAIL PRO Propane Outboard Motor sera le meilleur choix pour vous. Bon magasinage !","robots":{"index":"index","follow":"follow","max-snippet":"max-snippet:-1","max-image-preview":"max-image-preview:large","max-video-preview":"max-video-preview:-1"},"canonical":"https:\/\/apexoutboards.com\/fr\/produit\/2022-tohatsu-5-hp-mfs5dlpgsprol-sail-pro-propane-moteur-hors-bord\/","og_locale":"fr_FR","og_type":"article","og_title":"2022 5 HP MFS5DLPGSPROL-SAIL PRO Propane Outboard Motor","og_description":"Get your product today! The 2022 Tohatsu 5 HP MFS5DLPGSPROL-SAIL PRO Propane Outboard Motor will be the best choice for you. Happy shopping!","og_url":"https:\/\/apexoutboards.com\/fr\/produit\/2022-tohatsu-5-hp-mfs5dlpgsprol-sail-pro-propane-moteur-hors-bord\/","og_site_name":"Apex Outboards","article_modified_time":"2023-02-16T17:56:53+00:00","og_image":[{"width":789,"height":1191,"url":"https:\/\/apexoutboards.com\/wp-content\/uploads\/2021\/12\/MFS5_LPG_01_3star_800x_png.png","type":"image\/png"}],"twitter_card":"summary_large_image","twitter_misc":{"Dur\u00e9e de lecture estim\u00e9e":"1 minute"},"schema":{"@context":"https:\/\/schema.org","@graph":[{"@type":"WebPage","@id":"https:\/\/apexoutboards.com\/product\/2022-tohatsu-5-hp-mfs5dlpgsprol-sail-pro-propane-outboard-motor\/","url":"https:\/\/apexoutboards.com\/product\/2022-tohatsu-5-hp-mfs5dlpgsprol-sail-pro-propane-outboard-motor\/","name":"2022 Moteur hors-bord au propane 5 HP MFS5DLPGSPROL-SAIL PRO","isPartOf":{"@id":"https:\/\/apexoutboards.com\/#website"},"primaryImageOfPage":{"@id":"https:\/\/apexoutboards.com\/product\/2022-tohatsu-5-hp-mfs5dlpgsprol-sail-pro-propane-outboard-motor\/#primaryimage"},"image":{"@id":"https:\/\/apexoutboards.com\/product\/2022-tohatsu-5-hp-mfs5dlpgsprol-sail-pro-propane-outboard-motor\/#primaryimage"},"thumbnailUrl":"https:\/\/apexoutboards.com\/wp-content\/uploads\/2021\/12\/MFS5_LPG_01_3star_800x_png.png","datePublished":"2021-12-16T08:22:19+00:00","dateModified":"2023-02-16T17:56:53+00:00","description":"Obtenez votre produit aujourd'hui ! Le 2022 Tohatsu 5 HP MFS5DLPGSPROL-SAIL PRO Propane Outboard Motor sera le meilleur choix pour vous. Bon magasinage !","breadcrumb":{"@id":"https:\/\/apexoutboards.com\/product\/2022-tohatsu-5-hp-mfs5dlpgsprol-sail-pro-propane-outboard-motor\/#breadcrumb"},"inLanguage":"fr-FR","potentialAction":[{"@type":"ReadAction","target":["https:\/\/apexoutboards.com\/product\/2022-tohatsu-5-hp-mfs5dlpgsprol-sail-pro-propane-outboard-motor\/"]}]},{"@type":"ImageObject","inLanguage":"fr-FR","@id":"https:\/\/apexoutboards.com\/product\/2022-tohatsu-5-hp-mfs5dlpgsprol-sail-pro-propane-outboard-motor\/#primaryimage","url":"https:\/\/apexoutboards.com\/wp-content\/uploads\/2021\/12\/MFS5_LPG_01_3star_800x_png.png","contentUrl":"https:\/\/apexoutboards.com\/wp-content\/uploads\/2021\/12\/MFS5_LPG_01_3star_800x_png.png","width":789,"height":1191},{"@type":"BreadcrumbList","@id":"https:\/\/apexoutboards.com\/product\/2022-tohatsu-5-hp-mfs5dlpgsprol-sail-pro-propane-outboard-motor\/#breadcrumb","itemListElement":[{"@type":"ListItem","position":1,"name":"Home","item":"https:\/\/apexoutboards.com\/"},{"@type":"ListItem","position":2,"name":"Shop","item":"https:\/\/apexoutboards.com\/shop\/"},{"@type":"ListItem","position":3,"name":"2022 Tohatsu 5 HP MFS5DLPGSPROL-SAIL PRO Propane Outboard Motor"}]},{"@type":"WebSite","@id":"https:\/\/apexoutboards.com\/#website","url":"https:\/\/apexoutboards.com\/","name":"Apex Outboards","description":"apexoutboards.com","publisher":{"@id":"https:\/\/apexoutboards.com\/#organization"},"potentialAction":[{"@type":"SearchAction","target":{"@type":"EntryPoint","urlTemplate":"https:\/\/apexoutboards.com\/?s={search_term_string}"},"query-input":{"@type":"PropertyValueSpecification","valueRequired":true,"valueName":"search_term_string"}}],"inLanguage":"fr-FR"},{"@type":"Organization","@id":"https:\/\/apexoutboards.com\/#organization","name":"Apex Outboards","url":"https:\/\/apexoutboards.com\/","logo":{"@type":"ImageObject","inLanguage":"fr-FR","@id":"https:\/\/apexoutboards.com\/#\/schema\/logo\/image\/","url":"https:\/\/apexoutboards.com\/wp-content\/uploads\/2021\/12\/Screenshot_7.png","contentUrl":"https:\/\/apexoutboards.com\/wp-content\/uploads\/2021\/12\/Screenshot_7.png","width":222,"height":103,"caption":"Apex Outboards"},"image":{"@id":"https:\/\/apexoutboards.com\/#\/schema\/logo\/image\/"}}]}},"jetpack_sharing_enabled":true,"_links":{"self":[{"href":"https:\/\/apexoutboards.com\/fr\/wp-json\/wp\/v2\/product\/3222","targetHints":{"allow":["GET"]}}],"collection":[{"href":"https:\/\/apexoutboards.com\/fr\/wp-json\/wp\/v2\/product"}],"about":[{"href":"https:\/\/apexoutboards.com\/fr\/wp-json\/wp\/v2\/types\/product"}],"replies":[{"embeddable":true,"href":"https:\/\/apexoutboards.com\/fr\/wp-json\/wp\/v2\/comments?post=3222"}],"version-history":[{"count":0,"href":"https:\/\/apexoutboards.com\/fr\/wp-json\/wp\/v2\/product\/3222\/revisions"}],"wp:featuredmedia":[{"embeddable":true,"href":"https:\/\/apexoutboards.com\/fr\/wp-json\/wp\/v2\/media\/3219"}],"wp:attachment":[{"href":"https:\/\/apexoutboards.com\/fr\/wp-json\/wp\/v2\/media?parent=3222"}],"wp:term":[{"taxonomy":"product_brand","embeddable":true,"href":"https:\/\/apexoutboards.com\/fr\/wp-json\/wp\/v2\/product_brand?post=3222"},{"taxonomy":"product_cat","embeddable":true,"href":"https:\/\/apexoutboards.com\/fr\/wp-json\/wp\/v2\/product_cat?post=3222"},{"taxonomy":"product_tag","embeddable":true,"href":"https:\/\/apexoutboards.com\/fr\/wp-json\/wp\/v2\/product_tag?post=3222"}],"curies":[{"name":"wp","href":"https:\/\/api.w.org\/{rel}","templated":true}]}}