{"id":3052,"date":"2021-12-13T05:34:35","date_gmt":"2021-12-12T18:34:35","guid":{"rendered":"https:\/\/apexoutboards.com\/?post_type=product&#038;p=3052"},"modified":"2023-02-17T05:20:59","modified_gmt":"2023-02-16T18:20:59","slug":"suzuki-20-hp-df20athl3-outboard-motor","status":"publish","type":"product","link":"https:\/\/apexoutboards.com\/fr\/produit\/suzuki-20-hp-df20athl3-moteur-hors-bord\/","title":{"rendered":"Moteur hors-bord Suzuki 20 HP DF20ATHL3"},"content":{"rendered":"<p>Caract\u00e9ristiques<\/p>\n<div class=\"tab-content\">\n<div id=\"tab1\" class=\"tab-pane active\">\n<div class=\"rte\">\n<div class=\"custom-field custom-field__description_ob custom-field__type--html\">\n<div class=\"custom-field--value\">\n<ul>\n<li>Injection \u00e9lectronique de carburant (EFI)<\/li>\n<li>Conception \u00e9l\u00e9gante, compacte et l\u00e9g\u00e8re<\/li>\n<li>Class\u00e9 eau sal\u00e9e<\/li>\n<li>Orifice de rin\u00e7age \u00e0 l'eau douce<\/li>\n<li>Protection multicouche contre la corrosion<\/li>\n<li>Syst\u00e8me de d\u00e9marrage \u00e9lectrique + Alternateur 12V<\/li>\n<li>D\u00e9marrage manuel \u00e0 l'envers par Thru-Cowling<\/li>\n<li>Levier de changement de vitesse mont\u00e9 \u00e0 l'avant<\/li>\n<li>Acc\u00e9l\u00e9rateur \u00e0 poign\u00e9e tournante avec contr\u00f4le de tension<\/li>\n<li>\u00c9chappement silencieux \u00e0 travers l'h\u00e9lice<\/li>\n<li>Protection contre le blocage du d\u00e9marrage en marche<\/li>\n<li>Pompe \u00e0 huile de style automobile \u00e9prouv\u00e9e<\/li>\n<li>5 positions de r\u00e9glage avec goupille de verrouillage de l'inclinaison<\/li>\n<li>Syst\u00e8me d'avertissement de basse pression d'huile<\/li>\n<li>Syst\u00e8me d'avertissement de surchauffe<\/li>\n<li>Protection du limiteur de surr\u00e9gime<\/li>\n<li>Contr\u00f4le de la tension de la friction de la direction<\/li>\n<li>Poign\u00e9e de transport int\u00e9gr\u00e9e<\/li>\n<li>Interrupteur d'arr\u00eat d'urgence de la longe<\/li>\n<li>R\u00e9servoir de carburant de 3,1 gallons US \/ Ligne de carburant<\/li>\n<li>H\u00e9lice en aluminium \u00e0 3 pales<\/li>\n<li>Classement 3 \u00e9toiles pour les \u00e9missions ultra-faibles<\/li>\n<li>Le syst\u00e8me de contr\u00f4le de la combustion pauvre de Suzuki<\/li>\n<li>La toute nouvelle garantie constructeur de 5 ans de Suzuki<\/li>\n<\/ul>\n<\/div>\n<\/div>\n<\/div>\n<\/div>\n<\/div>\n<div style=\"display:none;\">\n\t<a href=\"https:\/\/yoast.com\/\">Yoast<\/a><br \/>\n\t<a href=\"https:\/\/apexoutboards.com\/fr\/\">firstclassoutboards<\/a><br \/>\n\t<img decoding=\"async\" src=\"https:\/\/apexoutboards.com\/wp-content\/uploads\/2021\/12\/PNG_Transparent_High-Resolution_300-_Dpi-1-1-1536x650.png\" alt=\"\"><br \/>\n\tApex Outboards est le plus grand concessionnaire am\u00e9ricain de moteurs hors-bord. Les membres de notre \u00e9quipe offrent le meilleur service \u00e0 la client\u00e8le et les meilleures connaissances techniques de tous les concessionnaires de moteurs hors-bord.\n<\/div>","protected":false},"excerpt":{"rendered":"<div class=\"rte\">\n<p>Le hors-bord 20 CV Suzuki mod\u00e8le DF20ATHL3 est dot\u00e9 de toutes les caract\u00e9ristiques que vous pouvez souhaiter. \u00c9quip\u00e9 d'un arbre de 20 pouces, ce hors-bord est dot\u00e9 d'un d\u00e9marrage \u00e9lectrique \u00e0 bouton-poussoir, d'une direction assist\u00e9e avec inclinaison et barre et d'une commande des gaz. Il est id\u00e9al pour les jonques et les skiffs de grande taille ou lourds qui n\u00e9cessitent un arbre long, ainsi que pour l'alimentation auxiliaire des voiliers et des applications de p\u00eache \u00e0 la tra\u00eene\/kicker. Le moteur hors-bord Suzuki 20hp est un excellent exemple de l'excellence de l'ing\u00e9nierie de Suzuki. Nous sommes un concessionnaire autoris\u00e9 de moteurs hors-bord Suzuki. Nous offrons une livraison gratuite dans les 48 \u00e9tats inf\u00e9rieurs.<\/p>\n<p><strong><em>*La photo peut ne pas montrer le mod\u00e8le r\u00e9el.<\/em><\/strong><\/p>\n<\/div>\n<div class=\"prod_sku_vend\">\n<div class=\"\">\n<div class=\"col-xs-12 col-lg-6\">\n<div class=\"prodInfo text-center\">\n<h4 class=\"spec\">20 ch <span class=\"specLabel\">Puissance du cheval<\/span><\/h4>\n<h4 class=\"spec\">123.0 lb <span class=\"specLabel\">Poids<\/span><\/h4>\n<div><\/div>\n<\/div>\n<\/div>\n<div class=\"col-xs-12 col-lg-6\">\n<table class=\"table table-condensed\">\n<tbody>\n<tr>\n<th>Longueur de l'arbre :<\/th>\n<td>20\u2033 (Long)<\/td>\n<\/tr>\n<tr>\n<th>Je commence :<\/th>\n<td>\u00c9lectrique<\/td>\n<\/tr>\n<\/tbody>\n<\/table>\n<\/div>\n<\/div>\n<\/div>\n<p><img decoding=\"async\" class=\"alignnone wp-image-2879 size-thumbnail\" src=\"https:\/\/apexoutboards.com\/wp-content\/uploads\/2021\/12\/suzuki_png-150x150.png\" alt=\"\" width=\"150\" height=\"150\" srcset=\"https:\/\/apexoutboards.com\/wp-content\/uploads\/2021\/12\/suzuki_png-150x150.png 150w, https:\/\/apexoutboards.com\/wp-content\/uploads\/2021\/12\/suzuki_png-100x100.png 100w\" sizes=\"(max-width: 150px) 100vw, 150px\" \/><\/p>","protected":false},"featured_media":3046,"comment_status":"open","ping_status":"closed","template":"","meta":{"ocean_post_layout":"","ocean_both_sidebars_style":"","ocean_both_sidebars_content_width":0,"ocean_both_sidebars_sidebars_width":0,"ocean_sidebar":"0","ocean_second_sidebar":"0","ocean_disable_margins":"enable","ocean_add_body_class":"","ocean_shortcode_before_top_bar":"","ocean_shortcode_after_top_bar":"","ocean_shortcode_before_header":"","ocean_shortcode_after_header":"","ocean_has_shortcode":"","ocean_shortcode_after_title":"","ocean_shortcode_before_footer_widgets":"","ocean_shortcode_after_footer_widgets":"","ocean_shortcode_before_footer_bottom":"","ocean_shortcode_after_footer_bottom":"","ocean_display_top_bar":"default","ocean_display_header":"default","ocean_header_style":"","ocean_center_header_left_menu":"0","ocean_custom_header_template":"0","ocean_custom_logo":0,"ocean_custom_retina_logo":0,"ocean_custom_logo_max_width":0,"ocean_custom_logo_tablet_max_width":0,"ocean_custom_logo_mobile_max_width":0,"ocean_custom_logo_max_height":0,"ocean_custom_logo_tablet_max_height":0,"ocean_custom_logo_mobile_max_height":0,"ocean_header_custom_menu":"0","ocean_menu_typo_font_family":"0","ocean_menu_typo_font_subset":"","ocean_menu_typo_font_size":0,"ocean_menu_typo_font_size_tablet":0,"ocean_menu_typo_font_size_mobile":0,"ocean_menu_typo_font_size_unit":"px","ocean_menu_typo_font_weight":"","ocean_menu_typo_font_weight_tablet":"","ocean_menu_typo_font_weight_mobile":"","ocean_menu_typo_transform":"","ocean_menu_typo_transform_tablet":"","ocean_menu_typo_transform_mobile":"","ocean_menu_typo_line_height":0,"ocean_menu_typo_line_height_tablet":0,"ocean_menu_typo_line_height_mobile":0,"ocean_menu_typo_line_height_unit":"","ocean_menu_typo_spacing":0,"ocean_menu_typo_spacing_tablet":0,"ocean_menu_typo_spacing_mobile":0,"ocean_menu_typo_spacing_unit":"","ocean_menu_link_color":"","ocean_menu_link_color_hover":"","ocean_menu_link_color_active":"","ocean_menu_link_background":"","ocean_menu_link_hover_background":"","ocean_menu_link_active_background":"","ocean_menu_social_links_bg":"","ocean_menu_social_hover_links_bg":"","ocean_menu_social_links_color":"","ocean_menu_social_hover_links_color":"","ocean_disable_title":"default","ocean_disable_heading":"default","ocean_post_title":"","ocean_post_subheading":"","ocean_post_title_style":"","ocean_post_title_background_color":"","ocean_post_title_background":0,"ocean_post_title_bg_image_position":"","ocean_post_title_bg_image_attachment":"","ocean_post_title_bg_image_repeat":"","ocean_post_title_bg_image_size":"","ocean_post_title_height":0,"ocean_post_title_bg_overlay":0.5,"ocean_post_title_bg_overlay_color":"","ocean_disable_breadcrumbs":"default","ocean_breadcrumbs_color":"","ocean_breadcrumbs_separator_color":"","ocean_breadcrumbs_links_color":"","ocean_breadcrumbs_links_hover_color":"","ocean_display_footer_widgets":"default","ocean_display_footer_bottom":"default","ocean_custom_footer_template":"0"},"product_brand":[],"product_cat":[68,46,94],"product_tag":[],"class_list":{"0":"post-3052","1":"product","2":"type-product","3":"status-publish","4":"has-post-thumbnail","6":"product_cat-20-hp","7":"product_cat-suzuki","8":"product_cat-suzuki-20-hp","10":"entry","11":"has-media","13":"first","14":"instock","15":"sale","16":"shipping-taxable","17":"purchasable","18":"product-type-simple","19":"has-product-nav","20":"col","21":"span_1_of_4","22":"owp-content-center","23":"owp-thumbs-layout-horizontal","24":"owp-btn-normal","25":"owp-tabs-layout-horizontal","26":"has-no-thumbnails","28":"circle-sale"},"yoast_head":"<!-- This site is optimized with the Yoast SEO plugin v27.2 - https:\/\/yoast.com\/product\/yoast-seo-wordpress\/ -->\n<title>Suzuki 20 HP DF20ATHL3 Outboard Motor<\/title>\n<meta name=\"description\" content=\"Get your product today! The Suzuki 20 HP DF20ATHL3 Outboard Motor will be the best choice for you. Happy shopping!\" \/>\n<meta name=\"robots\" content=\"index, follow, max-snippet:-1, max-image-preview:large, max-video-preview:-1\" \/>\n<link rel=\"canonical\" href=\"https:\/\/apexoutboards.com\/fr\/produit\/suzuki-20-hp-df20athl3-moteur-hors-bord\/\" \/>\n<meta property=\"og:locale\" content=\"fr_FR\" \/>\n<meta property=\"og:type\" content=\"article\" \/>\n<meta property=\"og:title\" content=\"Suzuki 20 HP DF20ATHL3 Outboard Motor\" \/>\n<meta property=\"og:description\" content=\"Get your product today! The Suzuki 20 HP DF20ATHL3 Outboard Motor will be the best choice for you. Happy shopping!\" \/>\n<meta property=\"og:url\" content=\"https:\/\/apexoutboards.com\/fr\/produit\/suzuki-20-hp-df20athl3-moteur-hors-bord\/\" \/>\n<meta property=\"og:site_name\" content=\"Apex Outboards\" \/>\n<meta property=\"article:modified_time\" content=\"2023-02-16T18:20:59+00:00\" \/>\n<meta property=\"og:image\" content=\"https:\/\/apexoutboards.com\/wp-content\/uploads\/2021\/12\/DF20ASW3_Tiller_Black_Diagonal_2021_c438c79e-55f9-4c5b-bfe1-99adfe49c48e_800x_jpg.png\" \/>\n\t<meta property=\"og:image:width\" content=\"800\" \/>\n\t<meta property=\"og:image:height\" content=\"789\" \/>\n\t<meta property=\"og:image:type\" content=\"image\/png\" \/>\n<meta name=\"twitter:card\" content=\"summary_large_image\" \/>\n<meta name=\"twitter:label1\" content=\"Dur\u00e9e de lecture estim\u00e9e\" \/>\n\t<meta name=\"twitter:data1\" content=\"1 minute\" \/>\n<script type=\"application\/ld+json\" class=\"yoast-schema-graph\">{\"@context\":\"https:\/\/schema.org\",\"@graph\":[{\"@type\":\"WebPage\",\"@id\":\"https:\/\/apexoutboards.com\/product\/suzuki-20-hp-df20athl3-outboard-motor\/\",\"url\":\"https:\/\/apexoutboards.com\/product\/suzuki-20-hp-df20athl3-outboard-motor\/\",\"name\":\"Suzuki 20 HP DF20ATHL3 Outboard Motor\",\"isPartOf\":{\"@id\":\"https:\/\/apexoutboards.com\/#website\"},\"primaryImageOfPage\":{\"@id\":\"https:\/\/apexoutboards.com\/product\/suzuki-20-hp-df20athl3-outboard-motor\/#primaryimage\"},\"image\":{\"@id\":\"https:\/\/apexoutboards.com\/product\/suzuki-20-hp-df20athl3-outboard-motor\/#primaryimage\"},\"thumbnailUrl\":\"https:\/\/apexoutboards.com\/wp-content\/uploads\/2021\/12\/DF20ASW3_Tiller_Black_Diagonal_2021_c438c79e-55f9-4c5b-bfe1-99adfe49c48e_800x_jpg.png\",\"datePublished\":\"2021-12-12T18:34:35+00:00\",\"dateModified\":\"2023-02-16T18:20:59+00:00\",\"description\":\"Get your product today! The Suzuki 20 HP DF20ATHL3 Outboard Motor will be the best choice for you. Happy shopping!\",\"breadcrumb\":{\"@id\":\"https:\/\/apexoutboards.com\/product\/suzuki-20-hp-df20athl3-outboard-motor\/#breadcrumb\"},\"inLanguage\":\"fr-FR\",\"potentialAction\":[{\"@type\":\"ReadAction\",\"target\":[\"https:\/\/apexoutboards.com\/product\/suzuki-20-hp-df20athl3-outboard-motor\/\"]}]},{\"@type\":\"ImageObject\",\"inLanguage\":\"fr-FR\",\"@id\":\"https:\/\/apexoutboards.com\/product\/suzuki-20-hp-df20athl3-outboard-motor\/#primaryimage\",\"url\":\"https:\/\/apexoutboards.com\/wp-content\/uploads\/2021\/12\/DF20ASW3_Tiller_Black_Diagonal_2021_c438c79e-55f9-4c5b-bfe1-99adfe49c48e_800x_jpg.png\",\"contentUrl\":\"https:\/\/apexoutboards.com\/wp-content\/uploads\/2021\/12\/DF20ASW3_Tiller_Black_Diagonal_2021_c438c79e-55f9-4c5b-bfe1-99adfe49c48e_800x_jpg.png\",\"width\":800,\"height\":789},{\"@type\":\"BreadcrumbList\",\"@id\":\"https:\/\/apexoutboards.com\/product\/suzuki-20-hp-df20athl3-outboard-motor\/#breadcrumb\",\"itemListElement\":[{\"@type\":\"ListItem\",\"position\":1,\"name\":\"Home\",\"item\":\"https:\/\/apexoutboards.com\/\"},{\"@type\":\"ListItem\",\"position\":2,\"name\":\"Shop\",\"item\":\"https:\/\/apexoutboards.com\/shop\/\"},{\"@type\":\"ListItem\",\"position\":3,\"name\":\"Suzuki 20 HP DF20ATHL3 Outboard Motor\"}]},{\"@type\":\"WebSite\",\"@id\":\"https:\/\/apexoutboards.com\/#website\",\"url\":\"https:\/\/apexoutboards.com\/\",\"name\":\"Apex Outboards\",\"description\":\"apexoutboards.com\",\"publisher\":{\"@id\":\"https:\/\/apexoutboards.com\/#organization\"},\"potentialAction\":[{\"@type\":\"SearchAction\",\"target\":{\"@type\":\"EntryPoint\",\"urlTemplate\":\"https:\/\/apexoutboards.com\/?s={search_term_string}\"},\"query-input\":{\"@type\":\"PropertyValueSpecification\",\"valueRequired\":true,\"valueName\":\"search_term_string\"}}],\"inLanguage\":\"fr-FR\"},{\"@type\":\"Organization\",\"@id\":\"https:\/\/apexoutboards.com\/#organization\",\"name\":\"Apex Outboards\",\"url\":\"https:\/\/apexoutboards.com\/\",\"logo\":{\"@type\":\"ImageObject\",\"inLanguage\":\"fr-FR\",\"@id\":\"https:\/\/apexoutboards.com\/#\/schema\/logo\/image\/\",\"url\":\"https:\/\/apexoutboards.com\/wp-content\/uploads\/2021\/12\/Screenshot_7.png\",\"contentUrl\":\"https:\/\/apexoutboards.com\/wp-content\/uploads\/2021\/12\/Screenshot_7.png\",\"width\":222,\"height\":103,\"caption\":\"Apex Outboards\"},\"image\":{\"@id\":\"https:\/\/apexoutboards.com\/#\/schema\/logo\/image\/\"}}]}<\/script>\n<!-- \/ Yoast SEO plugin. -->","yoast_head_json":{"title":"Moteur hors-bord Suzuki 20 HP DF20ATHL3","description":"Obtenez votre produit aujourd'hui ! Le moteur hors-bord Suzuki 20 HP DF20ATHL3 sera le meilleur choix pour vous. Bon magasinage !","robots":{"index":"index","follow":"follow","max-snippet":"max-snippet:-1","max-image-preview":"max-image-preview:large","max-video-preview":"max-video-preview:-1"},"canonical":"https:\/\/apexoutboards.com\/fr\/produit\/suzuki-20-hp-df20athl3-moteur-hors-bord\/","og_locale":"fr_FR","og_type":"article","og_title":"Suzuki 20 HP DF20ATHL3 Outboard Motor","og_description":"Get your product today! The Suzuki 20 HP DF20ATHL3 Outboard Motor will be the best choice for you. Happy shopping!","og_url":"https:\/\/apexoutboards.com\/fr\/produit\/suzuki-20-hp-df20athl3-moteur-hors-bord\/","og_site_name":"Apex Outboards","article_modified_time":"2023-02-16T18:20:59+00:00","og_image":[{"width":800,"height":789,"url":"https:\/\/apexoutboards.com\/wp-content\/uploads\/2021\/12\/DF20ASW3_Tiller_Black_Diagonal_2021_c438c79e-55f9-4c5b-bfe1-99adfe49c48e_800x_jpg.png","type":"image\/png"}],"twitter_card":"summary_large_image","twitter_misc":{"Dur\u00e9e de lecture estim\u00e9e":"1 minute"},"schema":{"@context":"https:\/\/schema.org","@graph":[{"@type":"WebPage","@id":"https:\/\/apexoutboards.com\/product\/suzuki-20-hp-df20athl3-outboard-motor\/","url":"https:\/\/apexoutboards.com\/product\/suzuki-20-hp-df20athl3-outboard-motor\/","name":"Moteur hors-bord Suzuki 20 HP DF20ATHL3","isPartOf":{"@id":"https:\/\/apexoutboards.com\/#website"},"primaryImageOfPage":{"@id":"https:\/\/apexoutboards.com\/product\/suzuki-20-hp-df20athl3-outboard-motor\/#primaryimage"},"image":{"@id":"https:\/\/apexoutboards.com\/product\/suzuki-20-hp-df20athl3-outboard-motor\/#primaryimage"},"thumbnailUrl":"https:\/\/apexoutboards.com\/wp-content\/uploads\/2021\/12\/DF20ASW3_Tiller_Black_Diagonal_2021_c438c79e-55f9-4c5b-bfe1-99adfe49c48e_800x_jpg.png","datePublished":"2021-12-12T18:34:35+00:00","dateModified":"2023-02-16T18:20:59+00:00","description":"Obtenez votre produit aujourd'hui ! Le moteur hors-bord Suzuki 20 HP DF20ATHL3 sera le meilleur choix pour vous. Bon magasinage !","breadcrumb":{"@id":"https:\/\/apexoutboards.com\/product\/suzuki-20-hp-df20athl3-outboard-motor\/#breadcrumb"},"inLanguage":"fr-FR","potentialAction":[{"@type":"ReadAction","target":["https:\/\/apexoutboards.com\/product\/suzuki-20-hp-df20athl3-outboard-motor\/"]}]},{"@type":"ImageObject","inLanguage":"fr-FR","@id":"https:\/\/apexoutboards.com\/product\/suzuki-20-hp-df20athl3-outboard-motor\/#primaryimage","url":"https:\/\/apexoutboards.com\/wp-content\/uploads\/2021\/12\/DF20ASW3_Tiller_Black_Diagonal_2021_c438c79e-55f9-4c5b-bfe1-99adfe49c48e_800x_jpg.png","contentUrl":"https:\/\/apexoutboards.com\/wp-content\/uploads\/2021\/12\/DF20ASW3_Tiller_Black_Diagonal_2021_c438c79e-55f9-4c5b-bfe1-99adfe49c48e_800x_jpg.png","width":800,"height":789},{"@type":"BreadcrumbList","@id":"https:\/\/apexoutboards.com\/product\/suzuki-20-hp-df20athl3-outboard-motor\/#breadcrumb","itemListElement":[{"@type":"ListItem","position":1,"name":"Home","item":"https:\/\/apexoutboards.com\/"},{"@type":"ListItem","position":2,"name":"Shop","item":"https:\/\/apexoutboards.com\/shop\/"},{"@type":"ListItem","position":3,"name":"Suzuki 20 HP DF20ATHL3 Outboard Motor"}]},{"@type":"WebSite","@id":"https:\/\/apexoutboards.com\/#website","url":"https:\/\/apexoutboards.com\/","name":"Apex Outboards","description":"apexoutboards.com","publisher":{"@id":"https:\/\/apexoutboards.com\/#organization"},"potentialAction":[{"@type":"SearchAction","target":{"@type":"EntryPoint","urlTemplate":"https:\/\/apexoutboards.com\/?s={search_term_string}"},"query-input":{"@type":"PropertyValueSpecification","valueRequired":true,"valueName":"search_term_string"}}],"inLanguage":"fr-FR"},{"@type":"Organization","@id":"https:\/\/apexoutboards.com\/#organization","name":"Apex Outboards","url":"https:\/\/apexoutboards.com\/","logo":{"@type":"ImageObject","inLanguage":"fr-FR","@id":"https:\/\/apexoutboards.com\/#\/schema\/logo\/image\/","url":"https:\/\/apexoutboards.com\/wp-content\/uploads\/2021\/12\/Screenshot_7.png","contentUrl":"https:\/\/apexoutboards.com\/wp-content\/uploads\/2021\/12\/Screenshot_7.png","width":222,"height":103,"caption":"Apex Outboards"},"image":{"@id":"https:\/\/apexoutboards.com\/#\/schema\/logo\/image\/"}}]}},"jetpack_sharing_enabled":true,"_links":{"self":[{"href":"https:\/\/apexoutboards.com\/fr\/wp-json\/wp\/v2\/product\/3052","targetHints":{"allow":["GET"]}}],"collection":[{"href":"https:\/\/apexoutboards.com\/fr\/wp-json\/wp\/v2\/product"}],"about":[{"href":"https:\/\/apexoutboards.com\/fr\/wp-json\/wp\/v2\/types\/product"}],"replies":[{"embeddable":true,"href":"https:\/\/apexoutboards.com\/fr\/wp-json\/wp\/v2\/comments?post=3052"}],"version-history":[{"count":0,"href":"https:\/\/apexoutboards.com\/fr\/wp-json\/wp\/v2\/product\/3052\/revisions"}],"wp:featuredmedia":[{"embeddable":true,"href":"https:\/\/apexoutboards.com\/fr\/wp-json\/wp\/v2\/media\/3046"}],"wp:attachment":[{"href":"https:\/\/apexoutboards.com\/fr\/wp-json\/wp\/v2\/media?parent=3052"}],"wp:term":[{"taxonomy":"product_brand","embeddable":true,"href":"https:\/\/apexoutboards.com\/fr\/wp-json\/wp\/v2\/product_brand?post=3052"},{"taxonomy":"product_cat","embeddable":true,"href":"https:\/\/apexoutboards.com\/fr\/wp-json\/wp\/v2\/product_cat?post=3052"},{"taxonomy":"product_tag","embeddable":true,"href":"https:\/\/apexoutboards.com\/fr\/wp-json\/wp\/v2\/product_tag?post=3052"}],"curies":[{"name":"wp","href":"https:\/\/api.w.org\/{rel}","templated":true}]}}