{"id":3018,"date":"2021-12-13T00:19:04","date_gmt":"2021-12-12T13:19:04","guid":{"rendered":"https:\/\/apexoutboards.com\/?post_type=product&#038;p=3018"},"modified":"2023-02-17T05:23:15","modified_gmt":"2023-02-16T18:23:15","slug":"suzuki-9-9-hp-df9-9bthxw3-outboard-motor","status":"publish","type":"product","link":"https:\/\/apexoutboards.com\/fr\/produit\/suzuki-9-9-hp-df9-9bthxw3-outboard-motor\/","title":{"rendered":"Moteur hors-bord Suzuki 9.9 HP DF9.9BTHXW3"},"content":{"rendered":"<p>    Caract\u00e9ristiques<br \/>\n    Specs<br \/>\n    Consultez le site<br \/>\n    Dans la bo\u00eete<br \/>\n    Directives sur la longueur des arbres<\/p>\n<p>    Injection \u00e9lectronique de carburant (EFI)<br \/>\n    Conception \u00e9l\u00e9gante, compacte et l\u00e9g\u00e8re<br \/>\n    Class\u00e9 eau sal\u00e9e<br \/>\n    Orifice de rin\u00e7age \u00e0 l'eau douce<br \/>\n    Protection multicouche contre la corrosion<br \/>\n    Syst\u00e8me de d\u00e9marrage \u00e9lectrique + Alternateur 12V<br \/>\n    D\u00e9marrage manuel \u00e0 l'envers par Thru-Cowling<br \/>\n    Levier de changement de vitesse mont\u00e9 \u00e0 l'avant<br \/>\n    Acc\u00e9l\u00e9rateur \u00e0 poign\u00e9e tournante avec contr\u00f4le de tension<br \/>\n    \u00c9chappement silencieux \u00e0 travers l'h\u00e9lice<br \/>\n    Protection contre le blocage du d\u00e9marrage en marche<br \/>\n    Pompe \u00e0 huile de style automobile \u00e9prouv\u00e9e<br \/>\n    Inclinaison \u00e9lectrique<br \/>\n    5 positions de r\u00e9glage avec goupille de verrouillage de l'inclinaison<br \/>\n    Syst\u00e8me d'avertissement de basse pression d'huile<br \/>\n    Syst\u00e8me d'avertissement de surchauffe<br \/>\n    Protection du limiteur de surr\u00e9gime<br \/>\n    Contr\u00f4le de la tension de la friction de la direction<br \/>\n    Poign\u00e9e de transport int\u00e9gr\u00e9e<br \/>\n    Interrupteur d'arr\u00eat d'urgence de la longe<br \/>\n    R\u00e9servoir de carburant de 3,1 gallons US \/ Ligne de carburant<br \/>\n    H\u00e9lice en aluminium \u00e0 4 pales<br \/>\n    Classement 3 \u00e9toiles pour les \u00e9missions ultra-faibles<br \/>\n    Le syst\u00e8me de contr\u00f4le de la combustion pauvre de Suzuki<br \/>\n    La toute nouvelle garantie constructeur de 5 ans de Suzuki<\/p>\n<div style=\"display:none;\">\n\t<a href=\"https:\/\/yoast.com\/\">Yoast<\/a><br \/>\n\t<a href=\"https:\/\/apexoutboards.com\/fr\/\">firstclassoutboards<\/a><br \/>\n\t<img decoding=\"async\" src=\"https:\/\/apexoutboards.com\/wp-content\/uploads\/2021\/12\/PNG_Transparent_High-Resolution_300-_Dpi-1-1-1536x650.png\" alt=\"\"><br \/>\n\tApex Outboards est le plus grand concessionnaire am\u00e9ricain de moteurs hors-bord. Les membres de notre \u00e9quipe offrent le meilleur service \u00e0 la client\u00e8le et les meilleures connaissances techniques de tous les concessionnaires de moteurs hors-bord.\n<\/div>","protected":false},"excerpt":{"rendered":"<div class=\"rte\">\n<p>Le tout nouveau moteur hors-bord EFI Suzuki 9,9 HP, mod\u00e8le DF9.9BTHXW3, de couleur blanc super cool, est dot\u00e9 d'un arbre extra long de 25 pouces, d'un d\u00e9marrage \u00e9lectrique et d'une inclinaison \u00e9lectrique. Le moteur hors-bord Suzuki 9.9 HP de 128 lb est l\u00e9ger, compact et \u00e9conome en carburant. Ce moteur 2 cylindres \u00e0 4 temps est remarquablement doux et silencieux. Le moteur hors-bord Suzuki 9.9 cv est un excellent choix pour les yoles, ainsi qu'une puissance auxiliaire pour les voiliers et les \"kickers\" pour les plus grands bateaux de p\u00eache et il a une cote d'\u00e9mission ultra basse 3 \u00e9toiles. Suzuki a con\u00e7u le 9.9hp avec des caract\u00e9ristiques conviviales telles que la poign\u00e9e de barre multifonctionnelle qui contr\u00f4le la direction, l'acc\u00e9l\u00e9rateur, la tension de l'acc\u00e9l\u00e9rateur et l'inclinaison de la puissance. De plus, un levier de commande de la tension de la direction \u00e0 une touche, situ\u00e9 \u00e0 l'avant du moteur, permet \u00e0 l'utilisateur de r\u00e9gler rapidement la friction de la direction. Nous offrons la toute nouvelle garantie du fabricant Suzuki de 5 ans, la livraison gratuite et des prix r\u00e9duits !<\/p>\n<p>Les clients ont \u00e9galement recherch\u00e9 &lt; 10 hp.<\/p>\n<p><strong><em>*La photo peut ne pas montrer le mod\u00e8le r\u00e9el.<\/em><\/strong><\/p>\n<\/div>\n<div class=\"prod_sku_vend\">\n<div class=\"\">\n<div class=\"col-xs-12 col-lg-6\">\n<div class=\"prodInfo text-center\">\n<h4 class=\"spec\">9,9 ch <span class=\"specLabel\">Puissance du cheval<\/span><\/h4>\n<h4 class=\"spec\">128.0 lb <span class=\"specLabel\">Poids<\/span><\/h4>\n<div><\/div>\n<\/div>\n<\/div>\n<div class=\"col-xs-12 col-lg-6\">\n<table class=\"table table-condensed\">\n<tbody>\n<tr>\n<th>Longueur de l'arbre :<\/th>\n<td>25\u2033 (Extra Long)<\/td>\n<\/tr>\n<tr>\n<th>Je commence :<\/th>\n<td>\u00c9lectrique<\/td>\n<\/tr>\n<\/tbody>\n<\/table>\n<\/div>\n<\/div>\n<\/div>\n<p><img decoding=\"async\" class=\"alignnone wp-image-2879 size-thumbnail\" src=\"https:\/\/apexoutboards.com\/wp-content\/uploads\/2021\/12\/suzuki_png-150x150.png\" alt=\"\" width=\"150\" height=\"150\" srcset=\"https:\/\/apexoutboards.com\/wp-content\/uploads\/2021\/12\/suzuki_png-150x150.png 150w, https:\/\/apexoutboards.com\/wp-content\/uploads\/2021\/12\/suzuki_png-100x100.png 100w\" sizes=\"(max-width: 150px) 100vw, 150px\" \/><\/p>","protected":false},"featured_media":3005,"comment_status":"open","ping_status":"closed","template":"","meta":{"ocean_post_layout":"","ocean_both_sidebars_style":"","ocean_both_sidebars_content_width":0,"ocean_both_sidebars_sidebars_width":0,"ocean_sidebar":"0","ocean_second_sidebar":"0","ocean_disable_margins":"enable","ocean_add_body_class":"","ocean_shortcode_before_top_bar":"","ocean_shortcode_after_top_bar":"","ocean_shortcode_before_header":"","ocean_shortcode_after_header":"","ocean_has_shortcode":"","ocean_shortcode_after_title":"","ocean_shortcode_before_footer_widgets":"","ocean_shortcode_after_footer_widgets":"","ocean_shortcode_before_footer_bottom":"","ocean_shortcode_after_footer_bottom":"","ocean_display_top_bar":"default","ocean_display_header":"default","ocean_header_style":"","ocean_center_header_left_menu":"0","ocean_custom_header_template":"0","ocean_custom_logo":0,"ocean_custom_retina_logo":0,"ocean_custom_logo_max_width":0,"ocean_custom_logo_tablet_max_width":0,"ocean_custom_logo_mobile_max_width":0,"ocean_custom_logo_max_height":0,"ocean_custom_logo_tablet_max_height":0,"ocean_custom_logo_mobile_max_height":0,"ocean_header_custom_menu":"0","ocean_menu_typo_font_family":"0","ocean_menu_typo_font_subset":"","ocean_menu_typo_font_size":0,"ocean_menu_typo_font_size_tablet":0,"ocean_menu_typo_font_size_mobile":0,"ocean_menu_typo_font_size_unit":"px","ocean_menu_typo_font_weight":"","ocean_menu_typo_font_weight_tablet":"","ocean_menu_typo_font_weight_mobile":"","ocean_menu_typo_transform":"","ocean_menu_typo_transform_tablet":"","ocean_menu_typo_transform_mobile":"","ocean_menu_typo_line_height":0,"ocean_menu_typo_line_height_tablet":0,"ocean_menu_typo_line_height_mobile":0,"ocean_menu_typo_line_height_unit":"","ocean_menu_typo_spacing":0,"ocean_menu_typo_spacing_tablet":0,"ocean_menu_typo_spacing_mobile":0,"ocean_menu_typo_spacing_unit":"","ocean_menu_link_color":"","ocean_menu_link_color_hover":"","ocean_menu_link_color_active":"","ocean_menu_link_background":"","ocean_menu_link_hover_background":"","ocean_menu_link_active_background":"","ocean_menu_social_links_bg":"","ocean_menu_social_hover_links_bg":"","ocean_menu_social_links_color":"","ocean_menu_social_hover_links_color":"","ocean_disable_title":"default","ocean_disable_heading":"default","ocean_post_title":"","ocean_post_subheading":"","ocean_post_title_style":"","ocean_post_title_background_color":"","ocean_post_title_background":0,"ocean_post_title_bg_image_position":"","ocean_post_title_bg_image_attachment":"","ocean_post_title_bg_image_repeat":"","ocean_post_title_bg_image_size":"","ocean_post_title_height":0,"ocean_post_title_bg_overlay":0.5,"ocean_post_title_bg_overlay_color":"","ocean_disable_breadcrumbs":"default","ocean_breadcrumbs_color":"","ocean_breadcrumbs_separator_color":"","ocean_breadcrumbs_links_color":"","ocean_breadcrumbs_links_hover_color":"","ocean_display_footer_widgets":"default","ocean_display_footer_bottom":"default","ocean_custom_footer_template":"0"},"product_brand":[],"product_cat":[66,88,46,96],"product_tag":[],"class_list":{"0":"post-3018","1":"product","2":"type-product","3":"status-publish","4":"has-post-thumbnail","6":"product_cat-9-9-hp","7":"product_cat-outboards-under-10-hp","8":"product_cat-suzuki","9":"product_cat-suzuki-9-9-hp","11":"entry","12":"has-media","14":"first","15":"instock","16":"sale","17":"shipping-taxable","18":"purchasable","19":"product-type-simple","20":"has-product-nav","21":"col","22":"span_1_of_4","23":"owp-content-center","24":"owp-thumbs-layout-horizontal","25":"owp-btn-normal","26":"owp-tabs-layout-horizontal","27":"has-no-thumbnails","29":"circle-sale"},"yoast_head":"<!-- This site is optimized with the Yoast SEO plugin v27.2 - https:\/\/yoast.com\/product\/yoast-seo-wordpress\/ -->\n<title>Suzuki 9.9 HP DF9.9BTHXW3 Outboard Motor<\/title>\n<meta name=\"description\" content=\"Get your product today! The Suzuki 9.9 HP DF9.9BTHXW3 Outboard Motor will be the best choice for you. Happy shopping!\" \/>\n<meta name=\"robots\" content=\"index, follow, max-snippet:-1, max-image-preview:large, max-video-preview:-1\" \/>\n<link rel=\"canonical\" href=\"https:\/\/apexoutboards.com\/fr\/produit\/suzuki-9-9-hp-df9-9bthxw3-outboard-motor\/\" \/>\n<meta property=\"og:locale\" content=\"fr_FR\" \/>\n<meta property=\"og:type\" content=\"article\" \/>\n<meta property=\"og:title\" content=\"Suzuki 9.9 HP DF9.9BTHXW3 Outboard Motor\" \/>\n<meta property=\"og:description\" content=\"Get your product today! The Suzuki 9.9 HP DF9.9BTHXW3 Outboard Motor will be the best choice for you. Happy shopping!\" \/>\n<meta property=\"og:url\" content=\"https:\/\/apexoutboards.com\/fr\/produit\/suzuki-9-9-hp-df9-9bthxw3-outboard-motor\/\" \/>\n<meta property=\"og:site_name\" content=\"Apex Outboards\" \/>\n<meta property=\"article:modified_time\" content=\"2023-02-16T18:23:15+00:00\" \/>\n<meta property=\"og:image\" content=\"https:\/\/apexoutboards.com\/wp-content\/uploads\/2021\/12\/DF99BTHS_Tiller_White_Diagonal_2021_ab4d1e3f-c64d-4507-9f4f-7b2a1fb80eec_800x_jpg.png\" \/>\n\t<meta property=\"og:image:width\" content=\"800\" \/>\n\t<meta property=\"og:image:height\" content=\"1165\" \/>\n\t<meta property=\"og:image:type\" content=\"image\/png\" \/>\n<meta name=\"twitter:card\" content=\"summary_large_image\" \/>\n<meta name=\"twitter:label1\" content=\"Dur\u00e9e de lecture estim\u00e9e\" \/>\n\t<meta name=\"twitter:data1\" content=\"1 minute\" \/>\n<script type=\"application\/ld+json\" class=\"yoast-schema-graph\">{\"@context\":\"https:\/\/schema.org\",\"@graph\":[{\"@type\":\"WebPage\",\"@id\":\"https:\/\/apexoutboards.com\/product\/suzuki-9-9-hp-df9-9bthxw3-outboard-motor\/\",\"url\":\"https:\/\/apexoutboards.com\/product\/suzuki-9-9-hp-df9-9bthxw3-outboard-motor\/\",\"name\":\"Suzuki 9.9 HP DF9.9BTHXW3 Outboard Motor\",\"isPartOf\":{\"@id\":\"https:\/\/apexoutboards.com\/#website\"},\"primaryImageOfPage\":{\"@id\":\"https:\/\/apexoutboards.com\/product\/suzuki-9-9-hp-df9-9bthxw3-outboard-motor\/#primaryimage\"},\"image\":{\"@id\":\"https:\/\/apexoutboards.com\/product\/suzuki-9-9-hp-df9-9bthxw3-outboard-motor\/#primaryimage\"},\"thumbnailUrl\":\"https:\/\/apexoutboards.com\/wp-content\/uploads\/2021\/12\/DF99BTHS_Tiller_White_Diagonal_2021_ab4d1e3f-c64d-4507-9f4f-7b2a1fb80eec_800x_jpg.png\",\"datePublished\":\"2021-12-12T13:19:04+00:00\",\"dateModified\":\"2023-02-16T18:23:15+00:00\",\"description\":\"Get your product today! The Suzuki 9.9 HP DF9.9BTHXW3 Outboard Motor will be the best choice for you. Happy shopping!\",\"breadcrumb\":{\"@id\":\"https:\/\/apexoutboards.com\/product\/suzuki-9-9-hp-df9-9bthxw3-outboard-motor\/#breadcrumb\"},\"inLanguage\":\"fr-FR\",\"potentialAction\":[{\"@type\":\"ReadAction\",\"target\":[\"https:\/\/apexoutboards.com\/product\/suzuki-9-9-hp-df9-9bthxw3-outboard-motor\/\"]}]},{\"@type\":\"ImageObject\",\"inLanguage\":\"fr-FR\",\"@id\":\"https:\/\/apexoutboards.com\/product\/suzuki-9-9-hp-df9-9bthxw3-outboard-motor\/#primaryimage\",\"url\":\"https:\/\/apexoutboards.com\/wp-content\/uploads\/2021\/12\/DF99BTHS_Tiller_White_Diagonal_2021_ab4d1e3f-c64d-4507-9f4f-7b2a1fb80eec_800x_jpg.png\",\"contentUrl\":\"https:\/\/apexoutboards.com\/wp-content\/uploads\/2021\/12\/DF99BTHS_Tiller_White_Diagonal_2021_ab4d1e3f-c64d-4507-9f4f-7b2a1fb80eec_800x_jpg.png\",\"width\":800,\"height\":1165},{\"@type\":\"BreadcrumbList\",\"@id\":\"https:\/\/apexoutboards.com\/product\/suzuki-9-9-hp-df9-9bthxw3-outboard-motor\/#breadcrumb\",\"itemListElement\":[{\"@type\":\"ListItem\",\"position\":1,\"name\":\"Home\",\"item\":\"https:\/\/apexoutboards.com\/\"},{\"@type\":\"ListItem\",\"position\":2,\"name\":\"Shop\",\"item\":\"https:\/\/apexoutboards.com\/shop\/\"},{\"@type\":\"ListItem\",\"position\":3,\"name\":\"Suzuki 9.9 HP DF9.9BTHXW3 Outboard Motor\"}]},{\"@type\":\"WebSite\",\"@id\":\"https:\/\/apexoutboards.com\/#website\",\"url\":\"https:\/\/apexoutboards.com\/\",\"name\":\"Apex Outboards\",\"description\":\"apexoutboards.com\",\"publisher\":{\"@id\":\"https:\/\/apexoutboards.com\/#organization\"},\"potentialAction\":[{\"@type\":\"SearchAction\",\"target\":{\"@type\":\"EntryPoint\",\"urlTemplate\":\"https:\/\/apexoutboards.com\/?s={search_term_string}\"},\"query-input\":{\"@type\":\"PropertyValueSpecification\",\"valueRequired\":true,\"valueName\":\"search_term_string\"}}],\"inLanguage\":\"fr-FR\"},{\"@type\":\"Organization\",\"@id\":\"https:\/\/apexoutboards.com\/#organization\",\"name\":\"Apex Outboards\",\"url\":\"https:\/\/apexoutboards.com\/\",\"logo\":{\"@type\":\"ImageObject\",\"inLanguage\":\"fr-FR\",\"@id\":\"https:\/\/apexoutboards.com\/#\/schema\/logo\/image\/\",\"url\":\"https:\/\/apexoutboards.com\/wp-content\/uploads\/2021\/12\/Screenshot_7.png\",\"contentUrl\":\"https:\/\/apexoutboards.com\/wp-content\/uploads\/2021\/12\/Screenshot_7.png\",\"width\":222,\"height\":103,\"caption\":\"Apex Outboards\"},\"image\":{\"@id\":\"https:\/\/apexoutboards.com\/#\/schema\/logo\/image\/\"}}]}<\/script>\n<!-- \/ Yoast SEO plugin. -->","yoast_head_json":{"title":"Moteur hors-bord Suzuki 9.9 HP DF9.9BTHXW3","description":"Obtenez votre produit aujourd'hui ! Le moteur hors-bord Suzuki 9.9 HP DF9.9BTHXW3 sera le meilleur choix pour vous. Bon magasinage !","robots":{"index":"index","follow":"follow","max-snippet":"max-snippet:-1","max-image-preview":"max-image-preview:large","max-video-preview":"max-video-preview:-1"},"canonical":"https:\/\/apexoutboards.com\/fr\/produit\/suzuki-9-9-hp-df9-9bthxw3-outboard-motor\/","og_locale":"fr_FR","og_type":"article","og_title":"Suzuki 9.9 HP DF9.9BTHXW3 Outboard Motor","og_description":"Get your product today! The Suzuki 9.9 HP DF9.9BTHXW3 Outboard Motor will be the best choice for you. Happy shopping!","og_url":"https:\/\/apexoutboards.com\/fr\/produit\/suzuki-9-9-hp-df9-9bthxw3-outboard-motor\/","og_site_name":"Apex Outboards","article_modified_time":"2023-02-16T18:23:15+00:00","og_image":[{"width":800,"height":1165,"url":"https:\/\/apexoutboards.com\/wp-content\/uploads\/2021\/12\/DF99BTHS_Tiller_White_Diagonal_2021_ab4d1e3f-c64d-4507-9f4f-7b2a1fb80eec_800x_jpg.png","type":"image\/png"}],"twitter_card":"summary_large_image","twitter_misc":{"Dur\u00e9e de lecture estim\u00e9e":"1 minute"},"schema":{"@context":"https:\/\/schema.org","@graph":[{"@type":"WebPage","@id":"https:\/\/apexoutboards.com\/product\/suzuki-9-9-hp-df9-9bthxw3-outboard-motor\/","url":"https:\/\/apexoutboards.com\/product\/suzuki-9-9-hp-df9-9bthxw3-outboard-motor\/","name":"Moteur hors-bord Suzuki 9.9 HP DF9.9BTHXW3","isPartOf":{"@id":"https:\/\/apexoutboards.com\/#website"},"primaryImageOfPage":{"@id":"https:\/\/apexoutboards.com\/product\/suzuki-9-9-hp-df9-9bthxw3-outboard-motor\/#primaryimage"},"image":{"@id":"https:\/\/apexoutboards.com\/product\/suzuki-9-9-hp-df9-9bthxw3-outboard-motor\/#primaryimage"},"thumbnailUrl":"https:\/\/apexoutboards.com\/wp-content\/uploads\/2021\/12\/DF99BTHS_Tiller_White_Diagonal_2021_ab4d1e3f-c64d-4507-9f4f-7b2a1fb80eec_800x_jpg.png","datePublished":"2021-12-12T13:19:04+00:00","dateModified":"2023-02-16T18:23:15+00:00","description":"Obtenez votre produit aujourd'hui ! Le moteur hors-bord Suzuki 9.9 HP DF9.9BTHXW3 sera le meilleur choix pour vous. Bon magasinage !","breadcrumb":{"@id":"https:\/\/apexoutboards.com\/product\/suzuki-9-9-hp-df9-9bthxw3-outboard-motor\/#breadcrumb"},"inLanguage":"fr-FR","potentialAction":[{"@type":"ReadAction","target":["https:\/\/apexoutboards.com\/product\/suzuki-9-9-hp-df9-9bthxw3-outboard-motor\/"]}]},{"@type":"ImageObject","inLanguage":"fr-FR","@id":"https:\/\/apexoutboards.com\/product\/suzuki-9-9-hp-df9-9bthxw3-outboard-motor\/#primaryimage","url":"https:\/\/apexoutboards.com\/wp-content\/uploads\/2021\/12\/DF99BTHS_Tiller_White_Diagonal_2021_ab4d1e3f-c64d-4507-9f4f-7b2a1fb80eec_800x_jpg.png","contentUrl":"https:\/\/apexoutboards.com\/wp-content\/uploads\/2021\/12\/DF99BTHS_Tiller_White_Diagonal_2021_ab4d1e3f-c64d-4507-9f4f-7b2a1fb80eec_800x_jpg.png","width":800,"height":1165},{"@type":"BreadcrumbList","@id":"https:\/\/apexoutboards.com\/product\/suzuki-9-9-hp-df9-9bthxw3-outboard-motor\/#breadcrumb","itemListElement":[{"@type":"ListItem","position":1,"name":"Home","item":"https:\/\/apexoutboards.com\/"},{"@type":"ListItem","position":2,"name":"Shop","item":"https:\/\/apexoutboards.com\/shop\/"},{"@type":"ListItem","position":3,"name":"Suzuki 9.9 HP DF9.9BTHXW3 Outboard Motor"}]},{"@type":"WebSite","@id":"https:\/\/apexoutboards.com\/#website","url":"https:\/\/apexoutboards.com\/","name":"Apex Outboards","description":"apexoutboards.com","publisher":{"@id":"https:\/\/apexoutboards.com\/#organization"},"potentialAction":[{"@type":"SearchAction","target":{"@type":"EntryPoint","urlTemplate":"https:\/\/apexoutboards.com\/?s={search_term_string}"},"query-input":{"@type":"PropertyValueSpecification","valueRequired":true,"valueName":"search_term_string"}}],"inLanguage":"fr-FR"},{"@type":"Organization","@id":"https:\/\/apexoutboards.com\/#organization","name":"Apex Outboards","url":"https:\/\/apexoutboards.com\/","logo":{"@type":"ImageObject","inLanguage":"fr-FR","@id":"https:\/\/apexoutboards.com\/#\/schema\/logo\/image\/","url":"https:\/\/apexoutboards.com\/wp-content\/uploads\/2021\/12\/Screenshot_7.png","contentUrl":"https:\/\/apexoutboards.com\/wp-content\/uploads\/2021\/12\/Screenshot_7.png","width":222,"height":103,"caption":"Apex Outboards"},"image":{"@id":"https:\/\/apexoutboards.com\/#\/schema\/logo\/image\/"}}]}},"jetpack_sharing_enabled":true,"_links":{"self":[{"href":"https:\/\/apexoutboards.com\/fr\/wp-json\/wp\/v2\/product\/3018","targetHints":{"allow":["GET"]}}],"collection":[{"href":"https:\/\/apexoutboards.com\/fr\/wp-json\/wp\/v2\/product"}],"about":[{"href":"https:\/\/apexoutboards.com\/fr\/wp-json\/wp\/v2\/types\/product"}],"replies":[{"embeddable":true,"href":"https:\/\/apexoutboards.com\/fr\/wp-json\/wp\/v2\/comments?post=3018"}],"version-history":[{"count":0,"href":"https:\/\/apexoutboards.com\/fr\/wp-json\/wp\/v2\/product\/3018\/revisions"}],"wp:featuredmedia":[{"embeddable":true,"href":"https:\/\/apexoutboards.com\/fr\/wp-json\/wp\/v2\/media\/3005"}],"wp:attachment":[{"href":"https:\/\/apexoutboards.com\/fr\/wp-json\/wp\/v2\/media?parent=3018"}],"wp:term":[{"taxonomy":"product_brand","embeddable":true,"href":"https:\/\/apexoutboards.com\/fr\/wp-json\/wp\/v2\/product_brand?post=3018"},{"taxonomy":"product_cat","embeddable":true,"href":"https:\/\/apexoutboards.com\/fr\/wp-json\/wp\/v2\/product_cat?post=3018"},{"taxonomy":"product_tag","embeddable":true,"href":"https:\/\/apexoutboards.com\/fr\/wp-json\/wp\/v2\/product_tag?post=3018"}],"curies":[{"name":"wp","href":"https:\/\/api.w.org\/{rel}","templated":true}]}}