{"id":4419,"date":"2021-12-21T15:11:30","date_gmt":"2021-12-21T04:11:30","guid":{"rendered":"https:\/\/apexoutboards.com\/?post_type=product&#038;p=4419"},"modified":"2023-02-24T20:16:58","modified_gmt":"2023-02-24T09:16:58","slug":"mercury-verado-250hp-cxl-outboard-motor-wh","status":"publish","type":"product","link":"https:\/\/apexoutboards.com\/es_pr\/product\/mercury-verado-250hp-cxl-outboard-motor-wh\/","title":{"rendered":"Motor fueraborda Mercury Verado 250HP CXL WH"},"content":{"rendered":"<h2>Motor fueraborda Mercury Verado 250HP CXL WH<\/h2>\n<p class=\"specstitle\">Los motores Mercury Verado representan el pin\u00e1culo del dise\u00f1o y el rendimiento superior de los fuerabordas. Los motores Verado cuentan con una ingenier\u00eda avanzada y un funcionamiento refinado para los propietarios de embarcaciones que se niegan a hacer concesiones. Cada una de las caracter\u00edsticas de los Verado est\u00e1 dise\u00f1ada para ofrecer la mejor y m\u00e1s satisfactoria experiencia en el agua.<\/p>\n<p><strong>Excepcionalmente suave y silencioso:\u00a0<\/strong>La secci\u00f3n central avanzada (AMS) desplaza los soportes del motor hacia la popa y hacia fuera para eliminar pr\u00e1cticamente las vibraciones. El ruido del motor se minimiza gracias a una toma de aire multic\u00e1mara ajustada, a las cubiertas de los inyectores de combustible que reducen el ruido de alta frecuencia y a un sistema de sellado del cap\u00f3 de alta ingenier\u00eda.<\/p>\n<p><strong>Funcionamiento sin esfuerzo:\u00a0<\/strong>Los fuerabordas Verado vienen de serie con SmartCraft\u00ae Digital Throttle &amp; Shift (DTS) para un cambio ultra suave, una respuesta instant\u00e1nea del acelerador, as\u00ed como una direcci\u00f3n asistida electrohidr\u00e1ulica de estilo automovil\u00edstico que proporciona un manejo preciso.<\/p>\n<p><strong>Control de velocidad adaptativo:\u00a0<\/strong>El control de velocidad adaptativo de los fuerabordas V8 Verado mantiene autom\u00e1ticamente las revoluciones fijadas aunque cambien la carga o las condiciones, sin necesidad de ajustar la posici\u00f3n de la palanca del acelerador, una primicia en el sector de los fuerabordas.<\/p>\n<p><strong>Control de sonido avanzado:\u00a0<\/strong>Cambie el tono del escape de un fueraborda V8 Verado con el sistema Advanced Sound Control, exclusivo del sector. El sistema de silenciador doble permite a los usuarios alternar entre un modo ultrasilencioso y un tono m\u00e1s profundo y deportivo.<\/p>\n<p class=\"specstitle\"><strong>Especificaciones del motor<\/strong><\/p>\n<ul class=\"specdetails\">\n<li>Tipo de motor: Mercury Verado 250HP Inline 8 Four Stroke<\/li>\n<li>Potencia: 250CV<\/li>\n<li>Cilindros: V-8<\/li>\n<li>Longitud del eje: 25\" (X-largo)<\/li>\n<li>Direcci\u00f3n: Cambio digital del acelerador<\/li>\n<li>Arranque: Arranque el\u00e9ctrico con protecci\u00f3n inteligente<\/li>\n<li>Peso: 600 libras<\/li>\n<li>Rango de aceleraci\u00f3n total: 5200-6000<\/li>\n<li>Cilindrada: 4.6L<\/li>\n<li>Sistema de trimado: Trimado e inclinado el\u00e9ctrico<\/li>\n<li>Contragiro: Disponible<\/li>\n<li>Sistema de inducci\u00f3n: EFI<\/li>\n<li>Garant\u00eda: Garant\u00eda de 3 a\u00f1os de Mercury Marine<\/li>\n<\/ul>\n<div style=\"display:none;\">\n\t<a href=\"https:\/\/yoast.com\/\">Yoast<\/a><br \/>\n\t<a href=\"https:\/\/apexoutboards.com\/es_pr\/\">firstclassoutboards<\/a><br \/>\n\t<img decoding=\"async\" src=\"https:\/\/apexoutboards.com\/wp-content\/uploads\/2021\/12\/PNG_Transparent_High-Resolution_300-_Dpi-1-1-1536x650.png\" alt=\"\"><br \/>\n\tApex Outboards es el mayor distribuidor de motores fueraborda de Estados Unidos. Los miembros de nuestro equipo ofrecen el mejor servicio al cliente y conocimiento t\u00e9cnico de cualquier distribuidor de motores fueraborda.\n<\/div>","protected":false},"excerpt":{"rendered":"<p><strong>Estado:<\/strong> Nuevo<br \/>\n<strong>Env\u00edo:<\/strong> Listo para enviar ahora<\/p>\n<p>Nos comprometemos a ofrecer el mejor servicio al cliente. No dude en ponerse en contacto con nosotros para solicitar ayuda. Toda la informaci\u00f3n recibida ser\u00e1 siempre confidencial.<\/p>","protected":false},"featured_media":4340,"comment_status":"open","ping_status":"closed","template":"","meta":{"ocean_post_layout":"","ocean_both_sidebars_style":"","ocean_both_sidebars_content_width":0,"ocean_both_sidebars_sidebars_width":0,"ocean_sidebar":"0","ocean_second_sidebar":"0","ocean_disable_margins":"enable","ocean_add_body_class":"","ocean_shortcode_before_top_bar":"","ocean_shortcode_after_top_bar":"","ocean_shortcode_before_header":"","ocean_shortcode_after_header":"","ocean_has_shortcode":"","ocean_shortcode_after_title":"","ocean_shortcode_before_footer_widgets":"","ocean_shortcode_after_footer_widgets":"","ocean_shortcode_before_footer_bottom":"","ocean_shortcode_after_footer_bottom":"","ocean_display_top_bar":"default","ocean_display_header":"default","ocean_header_style":"","ocean_center_header_left_menu":"0","ocean_custom_header_template":"0","ocean_custom_logo":0,"ocean_custom_retina_logo":0,"ocean_custom_logo_max_width":0,"ocean_custom_logo_tablet_max_width":0,"ocean_custom_logo_mobile_max_width":0,"ocean_custom_logo_max_height":0,"ocean_custom_logo_tablet_max_height":0,"ocean_custom_logo_mobile_max_height":0,"ocean_header_custom_menu":"0","ocean_menu_typo_font_family":"0","ocean_menu_typo_font_subset":"","ocean_menu_typo_font_size":0,"ocean_menu_typo_font_size_tablet":0,"ocean_menu_typo_font_size_mobile":0,"ocean_menu_typo_font_size_unit":"px","ocean_menu_typo_font_weight":"","ocean_menu_typo_font_weight_tablet":"","ocean_menu_typo_font_weight_mobile":"","ocean_menu_typo_transform":"","ocean_menu_typo_transform_tablet":"","ocean_menu_typo_transform_mobile":"","ocean_menu_typo_line_height":0,"ocean_menu_typo_line_height_tablet":0,"ocean_menu_typo_line_height_mobile":0,"ocean_menu_typo_line_height_unit":"","ocean_menu_typo_spacing":0,"ocean_menu_typo_spacing_tablet":0,"ocean_menu_typo_spacing_mobile":0,"ocean_menu_typo_spacing_unit":"","ocean_menu_link_color":"","ocean_menu_link_color_hover":"","ocean_menu_link_color_active":"","ocean_menu_link_background":"","ocean_menu_link_hover_background":"","ocean_menu_link_active_background":"","ocean_menu_social_links_bg":"","ocean_menu_social_hover_links_bg":"","ocean_menu_social_links_color":"","ocean_menu_social_hover_links_color":"","ocean_disable_title":"default","ocean_disable_heading":"default","ocean_post_title":"","ocean_post_subheading":"","ocean_post_title_style":"","ocean_post_title_background_color":"","ocean_post_title_background":0,"ocean_post_title_bg_image_position":"","ocean_post_title_bg_image_attachment":"","ocean_post_title_bg_image_repeat":"","ocean_post_title_bg_image_size":"","ocean_post_title_height":0,"ocean_post_title_bg_overlay":0.5,"ocean_post_title_bg_overlay_color":"","ocean_disable_breadcrumbs":"default","ocean_breadcrumbs_color":"","ocean_breadcrumbs_separator_color":"","ocean_breadcrumbs_links_color":"","ocean_breadcrumbs_links_hover_color":"","ocean_display_footer_widgets":"default","ocean_display_footer_bottom":"default","ocean_custom_footer_template":"0"},"product_brand":[],"product_cat":[129,45,175],"product_tag":[],"class_list":{"0":"post-4419","1":"product","2":"type-product","3":"status-publish","4":"has-post-thumbnail","6":"product_cat-250-hp","7":"product_cat-mercury","8":"product_cat-250-hp-mercury-outboard-for-sale","10":"entry","11":"has-media","13":"first","14":"instock","15":"sale","16":"shipping-taxable","17":"purchasable","18":"product-type-simple","19":"has-product-nav","20":"col","21":"span_1_of_4","22":"owp-content-center","23":"owp-thumbs-layout-horizontal","24":"owp-btn-normal","25":"owp-tabs-layout-horizontal","26":"has-no-thumbnails","28":"circle-sale"},"yoast_head":"<!-- This site is optimized with the Yoast SEO plugin v27.2 - https:\/\/yoast.com\/product\/yoast-seo-wordpress\/ -->\n<title>Mercury Verado 250HP CXL Outboard Motor WH<\/title>\n<meta name=\"description\" content=\"Get your product today! The Mercury Verado 250HP CXL Outboard Motor WH will be the best choice for you. Happy shopping!\" \/>\n<meta name=\"robots\" content=\"index, follow, max-snippet:-1, max-image-preview:large, max-video-preview:-1\" \/>\n<link rel=\"canonical\" href=\"https:\/\/apexoutboards.com\/es_pr\/product\/mercury-verado-250hp-cxl-outboard-motor-wh\/\" \/>\n<meta property=\"og:locale\" content=\"es_ES\" \/>\n<meta property=\"og:type\" content=\"article\" \/>\n<meta property=\"og:title\" content=\"Mercury Verado 250HP CXL Outboard Motor WH\" \/>\n<meta property=\"og:description\" content=\"Get your product today! The Mercury Verado 250HP CXL Outboard Motor WH will be the best choice for you. Happy shopping!\" \/>\n<meta property=\"og:url\" content=\"https:\/\/apexoutboards.com\/es_pr\/product\/mercury-verado-250hp-cxl-outboard-motor-wh\/\" \/>\n<meta property=\"og:site_name\" content=\"Apex Outboards\" \/>\n<meta property=\"article:modified_time\" content=\"2023-02-24T09:16:58+00:00\" \/>\n<meta property=\"og:image\" content=\"https:\/\/apexoutboards.com\/wp-content\/uploads\/2021\/12\/250-2-600x450_jpg.png\" \/>\n\t<meta property=\"og:image:width\" content=\"600\" \/>\n\t<meta property=\"og:image:height\" content=\"450\" \/>\n\t<meta property=\"og:image:type\" content=\"image\/png\" \/>\n<meta name=\"twitter:card\" content=\"summary_large_image\" \/>\n<meta name=\"twitter:label1\" content=\"Est. reading time\" \/>\n\t<meta name=\"twitter:data1\" content=\"1 minuto\" \/>\n<script type=\"application\/ld+json\" class=\"yoast-schema-graph\">{\"@context\":\"https:\/\/schema.org\",\"@graph\":[{\"@type\":\"WebPage\",\"@id\":\"https:\/\/apexoutboards.com\/product\/mercury-verado-250hp-cxl-outboard-motor-wh\/\",\"url\":\"https:\/\/apexoutboards.com\/product\/mercury-verado-250hp-cxl-outboard-motor-wh\/\",\"name\":\"Mercury Verado 250HP CXL Outboard Motor WH\",\"isPartOf\":{\"@id\":\"https:\/\/apexoutboards.com\/#website\"},\"primaryImageOfPage\":{\"@id\":\"https:\/\/apexoutboards.com\/product\/mercury-verado-250hp-cxl-outboard-motor-wh\/#primaryimage\"},\"image\":{\"@id\":\"https:\/\/apexoutboards.com\/product\/mercury-verado-250hp-cxl-outboard-motor-wh\/#primaryimage\"},\"thumbnailUrl\":\"https:\/\/apexoutboards.com\/wp-content\/uploads\/2021\/12\/250-2-600x450_jpg.png\",\"datePublished\":\"2021-12-21T04:11:30+00:00\",\"dateModified\":\"2023-02-24T09:16:58+00:00\",\"description\":\"Get your product today! The Mercury Verado 250HP CXL Outboard Motor WH will be the best choice for you. Happy shopping!\",\"breadcrumb\":{\"@id\":\"https:\/\/apexoutboards.com\/product\/mercury-verado-250hp-cxl-outboard-motor-wh\/#breadcrumb\"},\"inLanguage\":\"es\",\"potentialAction\":[{\"@type\":\"ReadAction\",\"target\":[\"https:\/\/apexoutboards.com\/product\/mercury-verado-250hp-cxl-outboard-motor-wh\/\"]}]},{\"@type\":\"ImageObject\",\"inLanguage\":\"es\",\"@id\":\"https:\/\/apexoutboards.com\/product\/mercury-verado-250hp-cxl-outboard-motor-wh\/#primaryimage\",\"url\":\"https:\/\/apexoutboards.com\/wp-content\/uploads\/2021\/12\/250-2-600x450_jpg.png\",\"contentUrl\":\"https:\/\/apexoutboards.com\/wp-content\/uploads\/2021\/12\/250-2-600x450_jpg.png\",\"width\":600,\"height\":450,\"caption\":\"Mercury Verado 250HP XXL Outboard Motor WH\"},{\"@type\":\"BreadcrumbList\",\"@id\":\"https:\/\/apexoutboards.com\/product\/mercury-verado-250hp-cxl-outboard-motor-wh\/#breadcrumb\",\"itemListElement\":[{\"@type\":\"ListItem\",\"position\":1,\"name\":\"Home\",\"item\":\"https:\/\/apexoutboards.com\/\"},{\"@type\":\"ListItem\",\"position\":2,\"name\":\"Shop\",\"item\":\"https:\/\/apexoutboards.com\/shop\/\"},{\"@type\":\"ListItem\",\"position\":3,\"name\":\"Mercury Verado 250HP CXL Outboard Motor WH\"}]},{\"@type\":\"WebSite\",\"@id\":\"https:\/\/apexoutboards.com\/#website\",\"url\":\"https:\/\/apexoutboards.com\/\",\"name\":\"Apex Outboards\",\"description\":\"apexoutboards.com\",\"publisher\":{\"@id\":\"https:\/\/apexoutboards.com\/#organization\"},\"potentialAction\":[{\"@type\":\"SearchAction\",\"target\":{\"@type\":\"EntryPoint\",\"urlTemplate\":\"https:\/\/apexoutboards.com\/?s={search_term_string}\"},\"query-input\":{\"@type\":\"PropertyValueSpecification\",\"valueRequired\":true,\"valueName\":\"search_term_string\"}}],\"inLanguage\":\"es\"},{\"@type\":\"Organization\",\"@id\":\"https:\/\/apexoutboards.com\/#organization\",\"name\":\"Apex Outboards\",\"url\":\"https:\/\/apexoutboards.com\/\",\"logo\":{\"@type\":\"ImageObject\",\"inLanguage\":\"es\",\"@id\":\"https:\/\/apexoutboards.com\/#\/schema\/logo\/image\/\",\"url\":\"https:\/\/apexoutboards.com\/wp-content\/uploads\/2021\/12\/Screenshot_7.png\",\"contentUrl\":\"https:\/\/apexoutboards.com\/wp-content\/uploads\/2021\/12\/Screenshot_7.png\",\"width\":222,\"height\":103,\"caption\":\"Apex Outboards\"},\"image\":{\"@id\":\"https:\/\/apexoutboards.com\/#\/schema\/logo\/image\/\"}}]}<\/script>\n<!-- \/ Yoast SEO plugin. -->","yoast_head_json":{"title":"Motor fueraborda Mercury Verado 250HP CXL WH","description":"Get your product today! The Mercury Verado 250HP CXL Outboard Motor WH will be the best choice for you. Happy shopping!","robots":{"index":"index","follow":"follow","max-snippet":"max-snippet:-1","max-image-preview":"max-image-preview:large","max-video-preview":"max-video-preview:-1"},"canonical":"https:\/\/apexoutboards.com\/es_pr\/product\/mercury-verado-250hp-cxl-outboard-motor-wh\/","og_locale":"es_ES","og_type":"article","og_title":"Mercury Verado 250HP CXL Outboard Motor WH","og_description":"Get your product today! The Mercury Verado 250HP CXL Outboard Motor WH will be the best choice for you. Happy shopping!","og_url":"https:\/\/apexoutboards.com\/es_pr\/product\/mercury-verado-250hp-cxl-outboard-motor-wh\/","og_site_name":"Apex Outboards","article_modified_time":"2023-02-24T09:16:58+00:00","og_image":[{"width":600,"height":450,"url":"https:\/\/apexoutboards.com\/wp-content\/uploads\/2021\/12\/250-2-600x450_jpg.png","type":"image\/png"}],"twitter_card":"summary_large_image","twitter_misc":{"Est. reading time":"1 minuto"},"schema":{"@context":"https:\/\/schema.org","@graph":[{"@type":"WebPage","@id":"https:\/\/apexoutboards.com\/product\/mercury-verado-250hp-cxl-outboard-motor-wh\/","url":"https:\/\/apexoutboards.com\/product\/mercury-verado-250hp-cxl-outboard-motor-wh\/","name":"Motor fueraborda Mercury Verado 250HP CXL WH","isPartOf":{"@id":"https:\/\/apexoutboards.com\/#website"},"primaryImageOfPage":{"@id":"https:\/\/apexoutboards.com\/product\/mercury-verado-250hp-cxl-outboard-motor-wh\/#primaryimage"},"image":{"@id":"https:\/\/apexoutboards.com\/product\/mercury-verado-250hp-cxl-outboard-motor-wh\/#primaryimage"},"thumbnailUrl":"https:\/\/apexoutboards.com\/wp-content\/uploads\/2021\/12\/250-2-600x450_jpg.png","datePublished":"2021-12-21T04:11:30+00:00","dateModified":"2023-02-24T09:16:58+00:00","description":"Get your product today! The Mercury Verado 250HP CXL Outboard Motor WH will be the best choice for you. Happy shopping!","breadcrumb":{"@id":"https:\/\/apexoutboards.com\/product\/mercury-verado-250hp-cxl-outboard-motor-wh\/#breadcrumb"},"inLanguage":"es","potentialAction":[{"@type":"ReadAction","target":["https:\/\/apexoutboards.com\/product\/mercury-verado-250hp-cxl-outboard-motor-wh\/"]}]},{"@type":"ImageObject","inLanguage":"es","@id":"https:\/\/apexoutboards.com\/product\/mercury-verado-250hp-cxl-outboard-motor-wh\/#primaryimage","url":"https:\/\/apexoutboards.com\/wp-content\/uploads\/2021\/12\/250-2-600x450_jpg.png","contentUrl":"https:\/\/apexoutboards.com\/wp-content\/uploads\/2021\/12\/250-2-600x450_jpg.png","width":600,"height":450,"caption":"Mercury Verado 250HP XXL Outboard Motor WH"},{"@type":"BreadcrumbList","@id":"https:\/\/apexoutboards.com\/product\/mercury-verado-250hp-cxl-outboard-motor-wh\/#breadcrumb","itemListElement":[{"@type":"ListItem","position":1,"name":"Home","item":"https:\/\/apexoutboards.com\/"},{"@type":"ListItem","position":2,"name":"Shop","item":"https:\/\/apexoutboards.com\/shop\/"},{"@type":"ListItem","position":3,"name":"Mercury Verado 250HP CXL Outboard Motor WH"}]},{"@type":"WebSite","@id":"https:\/\/apexoutboards.com\/#website","url":"https:\/\/apexoutboards.com\/","name":"Fuerabordas de primera clase","description":"apexoutboards.com","publisher":{"@id":"https:\/\/apexoutboards.com\/#organization"},"potentialAction":[{"@type":"SearchAction","target":{"@type":"EntryPoint","urlTemplate":"https:\/\/apexoutboards.com\/?s={search_term_string}"},"query-input":{"@type":"PropertyValueSpecification","valueRequired":true,"valueName":"search_term_string"}}],"inLanguage":"es"},{"@type":"Organization","@id":"https:\/\/apexoutboards.com\/#organization","name":"Fuerabordas de primera clase","url":"https:\/\/apexoutboards.com\/","logo":{"@type":"ImageObject","inLanguage":"es","@id":"https:\/\/apexoutboards.com\/#\/schema\/logo\/image\/","url":"https:\/\/apexoutboards.com\/wp-content\/uploads\/2021\/12\/Screenshot_7.png","contentUrl":"https:\/\/apexoutboards.com\/wp-content\/uploads\/2021\/12\/Screenshot_7.png","width":222,"height":103,"caption":"Apex Outboards"},"image":{"@id":"https:\/\/apexoutboards.com\/#\/schema\/logo\/image\/"}}]}},"jetpack_sharing_enabled":true,"_links":{"self":[{"href":"https:\/\/apexoutboards.com\/es_pr\/wp-json\/wp\/v2\/product\/4419","targetHints":{"allow":["GET"]}}],"collection":[{"href":"https:\/\/apexoutboards.com\/es_pr\/wp-json\/wp\/v2\/product"}],"about":[{"href":"https:\/\/apexoutboards.com\/es_pr\/wp-json\/wp\/v2\/types\/product"}],"replies":[{"embeddable":true,"href":"https:\/\/apexoutboards.com\/es_pr\/wp-json\/wp\/v2\/comments?post=4419"}],"version-history":[{"count":0,"href":"https:\/\/apexoutboards.com\/es_pr\/wp-json\/wp\/v2\/product\/4419\/revisions"}],"wp:featuredmedia":[{"embeddable":true,"href":"https:\/\/apexoutboards.com\/es_pr\/wp-json\/wp\/v2\/media\/4340"}],"wp:attachment":[{"href":"https:\/\/apexoutboards.com\/es_pr\/wp-json\/wp\/v2\/media?parent=4419"}],"wp:term":[{"taxonomy":"product_brand","embeddable":true,"href":"https:\/\/apexoutboards.com\/es_pr\/wp-json\/wp\/v2\/product_brand?post=4419"},{"taxonomy":"product_cat","embeddable":true,"href":"https:\/\/apexoutboards.com\/es_pr\/wp-json\/wp\/v2\/product_cat?post=4419"},{"taxonomy":"product_tag","embeddable":true,"href":"https:\/\/apexoutboards.com\/es_pr\/wp-json\/wp\/v2\/product_tag?post=4419"}],"curies":[{"name":"wp","href":"https:\/\/api.w.org\/{rel}","templated":true}]}}