{"id":4043,"date":"2021-12-19T06:53:30","date_gmt":"2021-12-18T19:53:30","guid":{"rendered":"https:\/\/apexoutboards.com\/?post_type=product&#038;p=4043"},"modified":"2023-02-17T04:20:31","modified_gmt":"2023-02-16T17:20:31","slug":"2019-yamaha-200-hp-lf200xb-outboard-motor","status":"publish","type":"product","link":"https:\/\/apexoutboards.com\/es_pr\/product\/2019-yamaha-200-hp-lf200xb-outboard-motor\/","title":{"rendered":"Motor fuera de borda 2019 Yamaha 200 HP LF200XB"},"content":{"rendered":"<div id=\"tab-description\" class=\"tab-content\">\n<h2>Motor fuera de borda 2019 Yamaha 200 HP LF200XB<\/h2>\n<div id=\"itemGroup\" class=\"productItemGroup\">\n<p class=\"productItemGroupName\"><strong>Potencia y rendimiento<\/strong><\/p>\n<ul class=\"itemGroupFeatures\">\n<li id=\"95576105\" class=\"productFeature\">Impresionante relaci\u00f3n potencia-peso: Un dise\u00f1o DOHC en l\u00ednea de 16 v\u00e1lvulas, con cuatro v\u00e1lvulas por cilindro, maximiza la eficiencia y la potencia. Tambi\u00e9n simplifica el dise\u00f1o, dando al F200 una relaci\u00f3n potencia-peso l\u00edder en su clase y haciendo que el F175 sea casi 9 kilos m\u00e1s ligero que su competidor de 1,7 litros m\u00e1s cercano.<\/li>\n<li id=\"95576106\" class=\"productFeature\">Potencia \u00f3ptima: La inyecci\u00f3n electr\u00f3nica de combustible multipunto de precisi\u00f3n y el sistema de admisi\u00f3n de v\u00eda larga se combinan para maximizar la potencia y la eficiencia del combustible en toda la l\u00ednea de cuatrimotores en l\u00ednea (excepto el F150 mec\u00e1nico).<\/li>\n<li id=\"95576107\" class=\"productFeature\">Rendimiento de dos tiempos en un cuatro tiempos: Cuatro v\u00e1lvulas por cilindro maximizan la eficiencia de la combusti\u00f3n de una manera que ning\u00fan otro motor de dos tiempos puede, ofreciendo lo m\u00e1ximo en potencia y rendimiento limpio y silencioso.<\/li>\n<li id=\"95576108\" class=\"productFeature\">Aceleraci\u00f3n r\u00e1pida: Un cig\u00fce\u00f1al desplazado de 10 mm permite un dise\u00f1o de mayor volumen de admisi\u00f3n. Cuatro tubos de admisi\u00f3n afinados aumentan el par en los rangos de velocidad baja y media para una r\u00e1pida aceleraci\u00f3n.<\/li>\n<li id=\"95576109\" class=\"productFeature\">Potente tiro al hueco: El colector de admisi\u00f3n compuesto tiene un dise\u00f1o ligero y compacto, lo que hace que estos motores sean muy vers\u00e1tiles. Los ra\u00edles de admisi\u00f3n de tubo largo est\u00e1n ajustados para aumentar el flujo de aire, potenciando el par motor de gama baja y media. Esto se traduce en un disparo m\u00e1s potente y una mayor aceleraci\u00f3n. Incluso con toda esta potencia de respuesta, una caja de silenciador de aire y un tanque de compensaci\u00f3n reducen el ruido de la admisi\u00f3n de aire y la turbulencia del aire para un funcionamiento m\u00e1s suave.<\/li>\n<li id=\"95576110\" class=\"productFeature\">Incre\u00edble par a bajas y medias revoluciones: La distribuci\u00f3n variable del \u00e1rbol de levas (VCT) avanza o ralentiza la distribuci\u00f3n del \u00e1rbol de levas en funci\u00f3n de la carga del motor y las RPM, mejorando la eficiencia de la admisi\u00f3n y el escape y aumentando el par en el rango de 2.000 a 3.500 RPM<\/li>\n<\/ul>\n<p class=\"productItemGroupName\"><strong>Fiabilidad y durabilidad<\/strong><\/p>\n<ul class=\"itemGroupFeatures\">\n<li id=\"95576111\" class=\"productFeature\">Resistencia a la corrosi\u00f3n: En combinaci\u00f3n con nuestra aleaci\u00f3n patentada (YDC-30), nuestro exclusivo sistema de pintura anticorrosiva electrodepositada Phaze Five\u2122 proporciona una resistente barrera de cinco capas contra la corrosi\u00f3n. Esta protecci\u00f3n es est\u00e1ndar en todos los motores de cuatro tiempos en l\u00ednea de Yamaha.<\/li>\n<li id=\"95576112\" class=\"productFeature\">Mejor lubricaci\u00f3n: Lubricaci\u00f3n por bomba de c\u00e1rter h\u00famedo que utiliza un sistema de suministro de aceite a presi\u00f3n a trav\u00e9s de una bomba de aceite.<\/li>\n<li id=\"95576113\" class=\"productFeature\">Regulaci\u00f3n al segundo: Un sistema de accionamiento directo con v\u00e1lvulas que se activan directamente desde los \u00e1rboles de levas para un control m\u00e1s preciso de la sincronizaci\u00f3n de las v\u00e1lvulas. Los balancines y los ajustes est\u00e1n elminados para aumentar la fiabilidad y reducir el mantenimiento.<\/li>\n<li id=\"95576114\" class=\"productFeature\">Vibraci\u00f3n m\u00ednima: Los ejes dobles de contrapeso minimizan la vibraci\u00f3n del motor para una conducci\u00f3n suave.<\/li>\n<li id=\"95576115\" class=\"productFeature\">Protecci\u00f3n contra los elementos: Todos los modelos In-Line Four de Yamaha cuentan con un sistema de drenaje del cap\u00f3 de eficacia probada, para drenar f\u00e1cil y eficazmente el agua que entra en el cap\u00f3 durante el funcionamiento normal del motor. El aire entrante se dirige a trav\u00e9s de un laberinto de pasajes que atrapan y drenan el agua antes de que entre en la admisi\u00f3n del motor, para una m\u00e1xima fiabilidad.<\/li>\n<\/ul>\n<p class=\"productItemGroupName\"><strong>Comodidad y control<\/strong><\/p>\n<ul class=\"itemGroupFeatures\">\n<li id=\"95576116\" class=\"productFeature\">Preparado para repotenciaci\u00f3n: los centros de montaje de 26 pulgadas y un patr\u00f3n de pernos que coincide con los anteriores dos tiempos hacen que los In-Line Fours sean flexibles para la mayor\u00eda de las repotenciadoras<\/li>\n<li id=\"95576117\" class=\"productFeature\">Mejor carga: Con alternadores de hasta 50 amperios, nuestros In-Line Fours proporcionan mucha energ\u00eda para una serie de aparatos electr\u00f3nicos, lo que resulta muy \u00fatil, ahora que todos son compatibles con los controles digitales<\/li>\n<li id=\"95576118\" class=\"productFeature\">Trim ampliado: El rango de trimado ampliado proporciona una mejor aceleraci\u00f3n al plano y velocidad m\u00e1xima. El rango de inclinaci\u00f3n es de 70\u00b0 para inclinar el motor por encima de la l\u00ednea de flotaci\u00f3n.<\/li>\n<li id=\"95576119\" class=\"productFeature\">F\u00e1cil lavado del motor: Un dispositivo de lavado de agua dulce le permite lavar el motor sin ponerlo en marcha, para mayor comodidad y prolongar la vida del motor.<\/li>\n<li id=\"95576120\" class=\"productFeature\">Funcionamiento m\u00e1s silencioso: El sistema de amortiguaci\u00f3n de cambios de Yamaha reduce en gran medida el ruido que se suele asociar al cambio de marchas. Utilizando un dise\u00f1o y unos componentes especiales, se absorbe gran parte de la fuerza del cambio, lo que da como resultado un funcionamiento mucho m\u00e1s silencioso y suave.<\/li>\n<\/ul>\n<p class=\"productItemGroupName\"><strong>Caracter\u00edsticas espec\u00edficas del modelo<\/strong><\/p>\n<ul class=\"itemGroupFeatures\">\n<li id=\"95576121\" class=\"productFeature\">El fueraborda DOHC m\u00e1s ligero de su clase, este I-4 es la soluci\u00f3n perfecta y ligera de 200 CV para embarcaciones de tama\u00f1o peque\u00f1o y mediano. Adem\u00e1s, es el primer cuatro en l\u00ednea compatible con Helm Master\u00ae, nuestro sistema de control digital de embarcaciones totalmente integrado.<\/li>\n<li id=\"95576122\" class=\"productFeature\">Compatible con controles mec\u00e1nicos o controles digitales Command Link Plus\u00ae o Helm Master\u00ae.<\/li>\n<li id=\"95576123\" class=\"productFeature\">Funciona con el econ\u00f3mico 89 octanos<\/li>\n<li id=\"95576124\" class=\"productFeature\">S\u00f3lo 487 libras (modelo con eje de 20\")<\/li>\n<li id=\"95576125\" class=\"productFeature\">Opciones de eje de 20\" o 25\" (rotaci\u00f3n LH disponible en el control digital del eje de 25\")<\/li>\n<li id=\"95576126\" class=\"productFeature\">El alternador de 50 amperios proporciona un 13% m\u00e1s de potencia que el V6 de 3,3 litros del F200<\/li>\n<\/ul>\n<p class=\"productItemGroupName\"><strong>Especificaciones<\/strong><\/p>\n<ul class=\"itemGroupFeatures\">\n<li id=\"95576127\" class=\"productFeature\">Tipo de motor: 4 en l\u00ednea<\/li>\n<li id=\"95576128\" class=\"productFeature\">Cilindrada: 2.8L<\/li>\n<li id=\"95576129\" class=\"productFeature\">Di\u00e1metro x Carrera: 96 x 96,2mm (3,78 x 3,79in)<\/li>\n<li id=\"95576130\" class=\"productFeature\">Potencia del eje de la h\u00e9lice: 200hp @ 5500 rpm<\/li>\n<li id=\"95576131\" class=\"productFeature\">Rango de RPM del acelerador a fondo: 5000 ~ 6000 rpm<\/li>\n<li id=\"95576132\" class=\"productFeature\">Salida del alternador a la T.O.P.: 50 amperios<\/li>\n<li id=\"95576133\" class=\"productFeature\">Relaci\u00f3n de compresi\u00f3n: 10,3:1<\/li>\n<li id=\"95576134\" class=\"productFeature\">Sistema de inducci\u00f3n de combustible: EFI<\/li>\n<li id=\"95576135\" class=\"productFeature\">Peso*: 221 kg (489 lb)<\/li>\n<li id=\"95576136\" class=\"productFeature\">Combustible recomendado: Octanaje 89<\/li>\n<li id=\"95576137\" class=\"productFeature\">Aceite de motor recomendado: Yamalube\u00ae 4M (Consulte el manual del propietario)<\/li>\n<li id=\"95576138\" class=\"productFeature\">Filtraci\u00f3n de combustible recomendada: Filtro separador de combustible\/agua Yamaha de 10 micras (externo)<\/li>\n<li id=\"95576139\" class=\"productFeature\">Clasificaci\u00f3n C.A.R.B: 3 estrellas<\/li>\n<li id=\"95576140\" class=\"productFeature\">Escape: A trav\u00e9s de la h\u00e9lice<\/li>\n<li id=\"95576141\" class=\"productFeature\">Entrada: 16<\/li>\n<li id=\"95576142\" class=\"productFeature\">Encendido: Microordenador TCI<\/li>\n<li id=\"95576143\" class=\"productFeature\">Buj\u00eda: NGK-LFR6A-11<\/li>\n<li id=\"95576144\" class=\"productFeature\">Salida del alternador: 50 amperios<\/li>\n<li id=\"95576145\" class=\"productFeature\">Sistema de arranque: El\u00e9ctrico<\/li>\n<li id=\"95576146\" class=\"productFeature\">Lubricaci\u00f3n: Dep\u00f3sito h\u00famedo<\/li>\n<li id=\"95576147\" class=\"productFeature\">Capacidad de aceite del motor: 4.5L\/4.3L con\/sin filtro<\/li>\n<li id=\"95576148\" class=\"productFeature\">Refrigeraci\u00f3n recomendada: Control termost\u00e1tico<\/li>\n<li id=\"95576149\" class=\"productFeature\">L\u00edmite de mezcla de etanol: 10% m\u00e1ximo<\/li>\n<li id=\"95576150\" class=\"productFeature\">Relaci\u00f3n de transmisi\u00f3n: 1,86:1<\/li>\n<li id=\"95576151\" class=\"productFeature\">Cambio de marchas: Avance, punto muerto, marcha atr\u00e1s<\/li>\n<li id=\"95576152\" class=\"productFeature\">Longitud del eje: 25\u2033.<\/li>\n<li id=\"95576153\" class=\"productFeature\">Grado de inclinaci\u00f3n: 70\u00b0.<\/li>\n<li id=\"95576154\" class=\"productFeature\">Grado de recorte: de -4\u00b0 a +16\u00b0<\/li>\n<li id=\"95576155\" class=\"productFeature\">Peso en seco: eje de 25\u2033 \/ 221 kg (489 lb)<\/li>\n<li id=\"95576156\" class=\"productFeature\">Centros de montaje: 26\u2033.<\/li>\n<li id=\"95576157\" class=\"productFeature\">\u00c1ngulo de direcci\u00f3n (m\u00e1ximo): 32\u00b0 desde el centro, en cualquier direcci\u00f3n<\/li>\n<li id=\"95576158\" class=\"productFeature\">Garant\u00eda: Limitada de 3 a\u00f1os para embarcaciones de recreo - Limitada de 1 a\u00f1o para embarcaciones comerciales<\/li>\n<\/ul>\n<\/div>\n<\/div>\n<div style=\"display:none;\">\n\t<a href=\"https:\/\/yoast.com\/\">Yoast<\/a><br \/>\n\t<a href=\"https:\/\/apexoutboards.com\/es_pr\/\">firstclassoutboards<\/a><br \/>\n\t<img decoding=\"async\" src=\"https:\/\/apexoutboards.com\/wp-content\/uploads\/2021\/12\/PNG_Transparent_High-Resolution_300-_Dpi-1-1-1536x650.png\" alt=\"\"><br \/>\n\tApex Outboards es el mayor distribuidor de motores fueraborda de Estados Unidos. Los miembros de nuestro equipo ofrecen el mejor servicio al cliente y conocimiento t\u00e9cnico de cualquier distribuidor de motores fueraborda.\n<\/div>","protected":false},"excerpt":{"rendered":"<p><strong>Estado:<\/strong> Nuevo<br \/>\n<strong>Env\u00edo:<\/strong> Listo para enviar ahora<\/p>\n<p>Nos comprometemos a ofrecer el mejor servicio al cliente. No dude en ponerse en contacto con nosotros para solicitar ayuda. Toda la informaci\u00f3n recibida ser\u00e1 siempre confidencial.<\/p>","protected":false},"featured_media":4029,"comment_status":"open","ping_status":"closed","template":"","meta":{"ocean_post_layout":"","ocean_both_sidebars_style":"","ocean_both_sidebars_content_width":0,"ocean_both_sidebars_sidebars_width":0,"ocean_sidebar":"0","ocean_second_sidebar":"0","ocean_disable_margins":"enable","ocean_add_body_class":"","ocean_shortcode_before_top_bar":"","ocean_shortcode_after_top_bar":"","ocean_shortcode_before_header":"","ocean_shortcode_after_header":"","ocean_has_shortcode":"","ocean_shortcode_after_title":"","ocean_shortcode_before_footer_widgets":"","ocean_shortcode_after_footer_widgets":"","ocean_shortcode_before_footer_bottom":"","ocean_shortcode_after_footer_bottom":"","ocean_display_top_bar":"default","ocean_display_header":"default","ocean_header_style":"","ocean_center_header_left_menu":"0","ocean_custom_header_template":"0","ocean_custom_logo":0,"ocean_custom_retina_logo":0,"ocean_custom_logo_max_width":0,"ocean_custom_logo_tablet_max_width":0,"ocean_custom_logo_mobile_max_width":0,"ocean_custom_logo_max_height":0,"ocean_custom_logo_tablet_max_height":0,"ocean_custom_logo_mobile_max_height":0,"ocean_header_custom_menu":"0","ocean_menu_typo_font_family":"0","ocean_menu_typo_font_subset":"","ocean_menu_typo_font_size":0,"ocean_menu_typo_font_size_tablet":0,"ocean_menu_typo_font_size_mobile":0,"ocean_menu_typo_font_size_unit":"px","ocean_menu_typo_font_weight":"","ocean_menu_typo_font_weight_tablet":"","ocean_menu_typo_font_weight_mobile":"","ocean_menu_typo_transform":"","ocean_menu_typo_transform_tablet":"","ocean_menu_typo_transform_mobile":"","ocean_menu_typo_line_height":0,"ocean_menu_typo_line_height_tablet":0,"ocean_menu_typo_line_height_mobile":0,"ocean_menu_typo_line_height_unit":"","ocean_menu_typo_spacing":0,"ocean_menu_typo_spacing_tablet":0,"ocean_menu_typo_spacing_mobile":0,"ocean_menu_typo_spacing_unit":"","ocean_menu_link_color":"","ocean_menu_link_color_hover":"","ocean_menu_link_color_active":"","ocean_menu_link_background":"","ocean_menu_link_hover_background":"","ocean_menu_link_active_background":"","ocean_menu_social_links_bg":"","ocean_menu_social_hover_links_bg":"","ocean_menu_social_links_color":"","ocean_menu_social_hover_links_color":"","ocean_disable_title":"default","ocean_disable_heading":"default","ocean_post_title":"","ocean_post_subheading":"","ocean_post_title_style":"","ocean_post_title_background_color":"","ocean_post_title_background":0,"ocean_post_title_bg_image_position":"","ocean_post_title_bg_image_attachment":"","ocean_post_title_bg_image_repeat":"","ocean_post_title_bg_image_size":"","ocean_post_title_height":0,"ocean_post_title_bg_overlay":0.5,"ocean_post_title_bg_overlay_color":"","ocean_disable_breadcrumbs":"default","ocean_breadcrumbs_color":"","ocean_breadcrumbs_separator_color":"","ocean_breadcrumbs_links_color":"","ocean_breadcrumbs_links_hover_color":"","ocean_display_footer_widgets":"default","ocean_display_footer_bottom":"default","ocean_custom_footer_template":"0"},"product_brand":[],"product_cat":[131,125,150],"product_tag":[],"class_list":{"0":"post-4043","1":"product","2":"type-product","3":"status-publish","4":"has-post-thumbnail","6":"product_cat-200-hp","7":"product_cat-yamaha","8":"product_cat-yamaha-200-hp","10":"entry","11":"has-media","13":"first","14":"instock","15":"sale","16":"shipping-taxable","17":"purchasable","18":"product-type-simple","19":"has-product-nav","20":"col","21":"span_1_of_4","22":"owp-content-center","23":"owp-thumbs-layout-horizontal","24":"owp-btn-normal","25":"owp-tabs-layout-horizontal","26":"has-no-thumbnails","28":"circle-sale"},"yoast_head":"<!-- This site is optimized with the Yoast SEO plugin v27.2 - https:\/\/yoast.com\/product\/yoast-seo-wordpress\/ -->\n<title>2019 Yamaha 200 HP LF200XB Outboard Motor<\/title>\n<meta name=\"description\" content=\"Get your product today! The 2019 Yamaha 200 HP LF200XB Outboard Motor will be the best choice for you. Happy shopping!\" \/>\n<meta name=\"robots\" content=\"index, follow, max-snippet:-1, max-image-preview:large, max-video-preview:-1\" \/>\n<link rel=\"canonical\" href=\"https:\/\/apexoutboards.com\/es_pr\/product\/2019-yamaha-200-hp-lf200xb-outboard-motor\/\" \/>\n<meta property=\"og:locale\" content=\"es_ES\" \/>\n<meta property=\"og:type\" content=\"article\" \/>\n<meta property=\"og:title\" content=\"2019 Yamaha 200 HP LF200XB Outboard Motor\" \/>\n<meta property=\"og:description\" content=\"Get your product today! The 2019 Yamaha 200 HP LF200XB Outboard Motor will be the best choice for you. Happy shopping!\" \/>\n<meta property=\"og:url\" content=\"https:\/\/apexoutboards.com\/es_pr\/product\/2019-yamaha-200-hp-lf200xb-outboard-motor\/\" \/>\n<meta property=\"og:site_name\" content=\"Apex Outboards\" \/>\n<meta property=\"article:modified_time\" content=\"2023-02-16T17:20:31+00:00\" \/>\n<meta property=\"og:image\" content=\"https:\/\/apexoutboards.com\/wp-content\/uploads\/2021\/12\/200-600x450-1.jpg\" \/>\n\t<meta property=\"og:image:width\" content=\"600\" \/>\n\t<meta property=\"og:image:height\" content=\"450\" \/>\n\t<meta property=\"og:image:type\" content=\"image\/jpeg\" \/>\n<meta name=\"twitter:card\" content=\"summary_large_image\" \/>\n<meta name=\"twitter:label1\" content=\"Est. reading time\" \/>\n\t<meta name=\"twitter:data1\" content=\"4 minutos\" \/>\n<script type=\"application\/ld+json\" class=\"yoast-schema-graph\">{\"@context\":\"https:\/\/schema.org\",\"@graph\":[{\"@type\":\"WebPage\",\"@id\":\"https:\/\/apexoutboards.com\/product\/2019-yamaha-200-hp-lf200xb-outboard-motor\/\",\"url\":\"https:\/\/apexoutboards.com\/product\/2019-yamaha-200-hp-lf200xb-outboard-motor\/\",\"name\":\"2019 Yamaha 200 HP LF200XB Outboard Motor\",\"isPartOf\":{\"@id\":\"https:\/\/apexoutboards.com\/#website\"},\"primaryImageOfPage\":{\"@id\":\"https:\/\/apexoutboards.com\/product\/2019-yamaha-200-hp-lf200xb-outboard-motor\/#primaryimage\"},\"image\":{\"@id\":\"https:\/\/apexoutboards.com\/product\/2019-yamaha-200-hp-lf200xb-outboard-motor\/#primaryimage\"},\"thumbnailUrl\":\"https:\/\/apexoutboards.com\/wp-content\/uploads\/2021\/12\/200-600x450-1.jpg\",\"datePublished\":\"2021-12-18T19:53:30+00:00\",\"dateModified\":\"2023-02-16T17:20:31+00:00\",\"description\":\"Get your product today! The 2019 Yamaha 200 HP LF200XB Outboard Motor will be the best choice for you. Happy shopping!\",\"breadcrumb\":{\"@id\":\"https:\/\/apexoutboards.com\/product\/2019-yamaha-200-hp-lf200xb-outboard-motor\/#breadcrumb\"},\"inLanguage\":\"es\",\"potentialAction\":[{\"@type\":\"ReadAction\",\"target\":[\"https:\/\/apexoutboards.com\/product\/2019-yamaha-200-hp-lf200xb-outboard-motor\/\"]}]},{\"@type\":\"ImageObject\",\"inLanguage\":\"es\",\"@id\":\"https:\/\/apexoutboards.com\/product\/2019-yamaha-200-hp-lf200xb-outboard-motor\/#primaryimage\",\"url\":\"https:\/\/apexoutboards.com\/wp-content\/uploads\/2021\/12\/200-600x450-1.jpg\",\"contentUrl\":\"https:\/\/apexoutboards.com\/wp-content\/uploads\/2021\/12\/200-600x450-1.jpg\",\"width\":600,\"height\":450},{\"@type\":\"BreadcrumbList\",\"@id\":\"https:\/\/apexoutboards.com\/product\/2019-yamaha-200-hp-lf200xb-outboard-motor\/#breadcrumb\",\"itemListElement\":[{\"@type\":\"ListItem\",\"position\":1,\"name\":\"Home\",\"item\":\"https:\/\/apexoutboards.com\/\"},{\"@type\":\"ListItem\",\"position\":2,\"name\":\"Shop\",\"item\":\"https:\/\/apexoutboards.com\/shop\/\"},{\"@type\":\"ListItem\",\"position\":3,\"name\":\"2019 Yamaha 200 HP LF200XB Outboard Motor\"}]},{\"@type\":\"WebSite\",\"@id\":\"https:\/\/apexoutboards.com\/#website\",\"url\":\"https:\/\/apexoutboards.com\/\",\"name\":\"Apex Outboards\",\"description\":\"apexoutboards.com\",\"publisher\":{\"@id\":\"https:\/\/apexoutboards.com\/#organization\"},\"potentialAction\":[{\"@type\":\"SearchAction\",\"target\":{\"@type\":\"EntryPoint\",\"urlTemplate\":\"https:\/\/apexoutboards.com\/?s={search_term_string}\"},\"query-input\":{\"@type\":\"PropertyValueSpecification\",\"valueRequired\":true,\"valueName\":\"search_term_string\"}}],\"inLanguage\":\"es\"},{\"@type\":\"Organization\",\"@id\":\"https:\/\/apexoutboards.com\/#organization\",\"name\":\"Apex Outboards\",\"url\":\"https:\/\/apexoutboards.com\/\",\"logo\":{\"@type\":\"ImageObject\",\"inLanguage\":\"es\",\"@id\":\"https:\/\/apexoutboards.com\/#\/schema\/logo\/image\/\",\"url\":\"https:\/\/apexoutboards.com\/wp-content\/uploads\/2021\/12\/Screenshot_7.png\",\"contentUrl\":\"https:\/\/apexoutboards.com\/wp-content\/uploads\/2021\/12\/Screenshot_7.png\",\"width\":222,\"height\":103,\"caption\":\"Apex Outboards\"},\"image\":{\"@id\":\"https:\/\/apexoutboards.com\/#\/schema\/logo\/image\/\"}}]}<\/script>\n<!-- \/ Yoast SEO plugin. -->","yoast_head_json":{"title":"Motor fuera de borda 2019 Yamaha 200 HP LF200XB","description":"\u00a1Consigue tu producto hoy mismo! El motor fueraborda 2019 Yamaha 200 HP LF200XB ser\u00e1 la mejor opci\u00f3n para ti. \u00a1Feliz compra!","robots":{"index":"index","follow":"follow","max-snippet":"max-snippet:-1","max-image-preview":"max-image-preview:large","max-video-preview":"max-video-preview:-1"},"canonical":"https:\/\/apexoutboards.com\/es_pr\/product\/2019-yamaha-200-hp-lf200xb-outboard-motor\/","og_locale":"es_ES","og_type":"article","og_title":"2019 Yamaha 200 HP LF200XB Outboard Motor","og_description":"Get your product today! The 2019 Yamaha 200 HP LF200XB Outboard Motor will be the best choice for you. Happy shopping!","og_url":"https:\/\/apexoutboards.com\/es_pr\/product\/2019-yamaha-200-hp-lf200xb-outboard-motor\/","og_site_name":"Apex Outboards","article_modified_time":"2023-02-16T17:20:31+00:00","og_image":[{"width":600,"height":450,"url":"https:\/\/apexoutboards.com\/wp-content\/uploads\/2021\/12\/200-600x450-1.jpg","type":"image\/jpeg"}],"twitter_card":"summary_large_image","twitter_misc":{"Est. reading time":"4 minutos"},"schema":{"@context":"https:\/\/schema.org","@graph":[{"@type":"WebPage","@id":"https:\/\/apexoutboards.com\/product\/2019-yamaha-200-hp-lf200xb-outboard-motor\/","url":"https:\/\/apexoutboards.com\/product\/2019-yamaha-200-hp-lf200xb-outboard-motor\/","name":"Motor fuera de borda 2019 Yamaha 200 HP LF200XB","isPartOf":{"@id":"https:\/\/apexoutboards.com\/#website"},"primaryImageOfPage":{"@id":"https:\/\/apexoutboards.com\/product\/2019-yamaha-200-hp-lf200xb-outboard-motor\/#primaryimage"},"image":{"@id":"https:\/\/apexoutboards.com\/product\/2019-yamaha-200-hp-lf200xb-outboard-motor\/#primaryimage"},"thumbnailUrl":"https:\/\/apexoutboards.com\/wp-content\/uploads\/2021\/12\/200-600x450-1.jpg","datePublished":"2021-12-18T19:53:30+00:00","dateModified":"2023-02-16T17:20:31+00:00","description":"\u00a1Consigue tu producto hoy mismo! El motor fueraborda 2019 Yamaha 200 HP LF200XB ser\u00e1 la mejor opci\u00f3n para ti. \u00a1Feliz compra!","breadcrumb":{"@id":"https:\/\/apexoutboards.com\/product\/2019-yamaha-200-hp-lf200xb-outboard-motor\/#breadcrumb"},"inLanguage":"es","potentialAction":[{"@type":"ReadAction","target":["https:\/\/apexoutboards.com\/product\/2019-yamaha-200-hp-lf200xb-outboard-motor\/"]}]},{"@type":"ImageObject","inLanguage":"es","@id":"https:\/\/apexoutboards.com\/product\/2019-yamaha-200-hp-lf200xb-outboard-motor\/#primaryimage","url":"https:\/\/apexoutboards.com\/wp-content\/uploads\/2021\/12\/200-600x450-1.jpg","contentUrl":"https:\/\/apexoutboards.com\/wp-content\/uploads\/2021\/12\/200-600x450-1.jpg","width":600,"height":450},{"@type":"BreadcrumbList","@id":"https:\/\/apexoutboards.com\/product\/2019-yamaha-200-hp-lf200xb-outboard-motor\/#breadcrumb","itemListElement":[{"@type":"ListItem","position":1,"name":"Home","item":"https:\/\/apexoutboards.com\/"},{"@type":"ListItem","position":2,"name":"Shop","item":"https:\/\/apexoutboards.com\/shop\/"},{"@type":"ListItem","position":3,"name":"2019 Yamaha 200 HP LF200XB Outboard Motor"}]},{"@type":"WebSite","@id":"https:\/\/apexoutboards.com\/#website","url":"https:\/\/apexoutboards.com\/","name":"Fuerabordas de primera clase","description":"apexoutboards.com","publisher":{"@id":"https:\/\/apexoutboards.com\/#organization"},"potentialAction":[{"@type":"SearchAction","target":{"@type":"EntryPoint","urlTemplate":"https:\/\/apexoutboards.com\/?s={search_term_string}"},"query-input":{"@type":"PropertyValueSpecification","valueRequired":true,"valueName":"search_term_string"}}],"inLanguage":"es"},{"@type":"Organization","@id":"https:\/\/apexoutboards.com\/#organization","name":"Fuerabordas de primera clase","url":"https:\/\/apexoutboards.com\/","logo":{"@type":"ImageObject","inLanguage":"es","@id":"https:\/\/apexoutboards.com\/#\/schema\/logo\/image\/","url":"https:\/\/apexoutboards.com\/wp-content\/uploads\/2021\/12\/Screenshot_7.png","contentUrl":"https:\/\/apexoutboards.com\/wp-content\/uploads\/2021\/12\/Screenshot_7.png","width":222,"height":103,"caption":"Apex Outboards"},"image":{"@id":"https:\/\/apexoutboards.com\/#\/schema\/logo\/image\/"}}]}},"jetpack_sharing_enabled":true,"_links":{"self":[{"href":"https:\/\/apexoutboards.com\/es_pr\/wp-json\/wp\/v2\/product\/4043","targetHints":{"allow":["GET"]}}],"collection":[{"href":"https:\/\/apexoutboards.com\/es_pr\/wp-json\/wp\/v2\/product"}],"about":[{"href":"https:\/\/apexoutboards.com\/es_pr\/wp-json\/wp\/v2\/types\/product"}],"replies":[{"embeddable":true,"href":"https:\/\/apexoutboards.com\/es_pr\/wp-json\/wp\/v2\/comments?post=4043"}],"version-history":[{"count":0,"href":"https:\/\/apexoutboards.com\/es_pr\/wp-json\/wp\/v2\/product\/4043\/revisions"}],"wp:featuredmedia":[{"embeddable":true,"href":"https:\/\/apexoutboards.com\/es_pr\/wp-json\/wp\/v2\/media\/4029"}],"wp:attachment":[{"href":"https:\/\/apexoutboards.com\/es_pr\/wp-json\/wp\/v2\/media?parent=4043"}],"wp:term":[{"taxonomy":"product_brand","embeddable":true,"href":"https:\/\/apexoutboards.com\/es_pr\/wp-json\/wp\/v2\/product_brand?post=4043"},{"taxonomy":"product_cat","embeddable":true,"href":"https:\/\/apexoutboards.com\/es_pr\/wp-json\/wp\/v2\/product_cat?post=4043"},{"taxonomy":"product_tag","embeddable":true,"href":"https:\/\/apexoutboards.com\/es_pr\/wp-json\/wp\/v2\/product_tag?post=4043"}],"curies":[{"name":"wp","href":"https:\/\/api.w.org\/{rel}","templated":true}]}}