{"id":3958,"date":"2021-12-19T05:37:03","date_gmt":"2021-12-18T18:37:03","guid":{"rendered":"https:\/\/apexoutboards.com\/?post_type=product&#038;p=3958"},"modified":"2023-02-17T04:22:10","modified_gmt":"2023-02-16T17:22:10","slug":"2019-yamaha-250-hp-vf250xa-v-max-sho-outboard-motor","status":"publish","type":"product","link":"https:\/\/apexoutboards.com\/es_pr\/product\/2019-yamaha-250-hp-vf250xa-v-max-sho-outboard-motor\/","title":{"rendered":"Motor fuera de borda 2019 Yamaha 250 HP VF250XA V MAX SHO"},"content":{"rendered":"<div id=\"tab-description\" class=\"tab-content\">\n<h2>Motor fuera de borda 2019 Yamaha 250 HP VF250XA V MAX SHO<\/h2>\n<div id=\"itemGroup\" class=\"productItemGroup\">\n<p class=\"productItemGroupName\"><strong>Potencia y rendimiento<\/strong><\/p>\n<ul class=\"itemGroupFeatures\">\n<li id=\"97307119\" class=\"productFeature\">Compact &amp; Powerful Powerhead: Plasma-fused sleeveless cylinders are lighter and 60 percent harder than steel. They also allow us to enlarge cylinder bores without increasing their dimensions&#8211;which creates 4.2 liters of big-bore displacement, without adding weight.<\/li>\n<li id=\"97307120\" class=\"productFeature\">Lightweight: With a re-engineered cowling, engine bracket and lower engine pan, 20-inch-shaft models are a full 34 pounds lighter than their predecessor, the two-stroke V MAX\u00ae Series 2.<\/li>\n<li id=\"97307121\" class=\"productFeature\">Smart Design: Yamaha&#8217;s exclusive In-Bank Exhaust System exits downward through the center of the &#8220;V&#8221; rather than on the exterior side. This increases combustion efficiency, creating more power and torque, and also results in a more compact shape.<\/li>\n<li id=\"97307122\" class=\"productFeature\">Overall Performance: This superior design&#8211;with individual intake and exhaust camshafts, larger valves than previous designs and four valves per cylinder&#8211;delivers more precise valve timing and more efficient exchange of intake and exhause gases, for responsive power and increased fuel economy.<\/li>\n<li id=\"97307123\" class=\"productFeature\">Responsive Throttle: Midrange punch and instant throttle response created by Variable Camshaft Timing has to be felt to be believed.<\/li>\n<li id=\"97307124\" class=\"productFeature\">Outstanding Fuel Economy: Micro-textured cylinder walls increase breathing efficiency while Precision Multi-Point Fuel Injection ensures the precise amount of air and fuel necessary for optimum power and fuel efficiency. Together, they make the 4.2 liter big-bore V MAX SHO\u00ae four stroke up to 12% better fuel efficient than our two-stroke V MAX\u00ae Series 2.<\/li>\n<\/ul>\n<p class=\"productItemGroupName\"><strong>Fiabilidad y durabilidad<\/strong><\/p>\n<ul class=\"itemGroupFeatures\">\n<li id=\"97307125\" class=\"productFeature\">Smooth and Quiet: A labyrinth exhaust routes gases through a maze before they exit above the water line through an idle exhause relief outlet. This, combined with a mufflerless design, results in unbelievably smooth and quiet operation, with a pleasing sound of power at idle.<\/li>\n<li id=\"97307126\" class=\"productFeature\">Protection and Power: V MAX SHO\u00ae outboards have an exhaust pressure reduction system, which not only helps keep the propeller hub cooled from hot exhaust gases, but also helps provide power by transitioning those gases out of the engine during the critical hole shot and acceleration phases.<\/li>\n<li id=\"97307127\" class=\"productFeature\">Corrosion Protection: Combined with our proprietary alloy (YDC-30), our exclusive Phaze Five\u2122 electro-deposited, anti-corrosive paint system provides a tough, five-layer barrier against corrosion. This protection is standard on all Yamaha V MAX SHO\u00ae four-stroke engines.<\/li>\n<li id=\"97307128\" class=\"productFeature\">Cleaner Fuel: A large, on-engine water separating fuel filter with a water sensor works in conjuction with Yamaha&#8217;s 10-Micron Water Separating Fuel Filter to separate water and contaminants from the fuel before they can reach the outboard&#8217;s other filters and fuel injectors.<\/li>\n<li id=\"97307129\" class=\"productFeature\">Less Moving Parts: A single timing belt uses fewer moving parts for long term reliability. Automatic belt tensioners keep proper belt tension, avoiding adjustments for added convenience.<\/li>\n<\/ul>\n<p class=\"productItemGroupName\"><strong>Comodidad y control<\/strong><\/p>\n<ul class=\"itemGroupFeatures\">\n<li id=\"97307130\" class=\"productFeature\">Powerful Charging: With 46 amps of total alternator power at 1000 RPM and a full 50 amps from 2500 ~ 6000 RPM, V MAX SHO\u00ae outboards offer the kind of charging power needed to operate today&#8217;s wide array of on-board electronic devices.<\/li>\n<li id=\"97307131\" class=\"productFeature\">V MAX SHO\u00ae Series Propellers: Designed exclusively for V MAX SHO\u00ae V6 20-inch-shaft outboards, V MAX SHO Series propellers are available in one-inch pitch increments from 22 to 27 inches, for fine-tuning wide-open-throttle RPM for tournament-level performance.<\/li>\n<li id=\"97307132\" class=\"productFeature\">Real-Time Performance Data: Optional Command Link\u00ae gauges provide real-time outboard performance, boat systems and environmental data at your fingertips. Streamlined displays are designed to withstand the elements and are available in square or round style for single- or multi-engine applications.<\/li>\n<\/ul>\n<p class=\"productItemGroupName\"><strong>Caracter\u00edsticas espec\u00edficas del modelo<\/strong><\/p>\n<ul class=\"itemGroupFeatures\">\n<li id=\"97307134\" class=\"productFeature\">Super High Output 60-degree 4.2-liter V6 Design<\/li>\n<li id=\"97307135\" class=\"productFeature\">Shaft lengths available: 20\u201d and 25\u201d<\/li>\n<li id=\"97307136\" class=\"productFeature\">Minimum octane 89<\/li>\n<li id=\"97307137\" class=\"productFeature\">Mechanical controls with optional Command Link\u00ae gauges<\/li>\n<\/ul>\n<p class=\"productItemGroupName\"><strong>Especificaciones<\/strong><\/p>\n<ul class=\"itemGroupFeatures\">\n<li id=\"97307138\" class=\"productFeature\">Engine Type: V6<\/li>\n<li id=\"97307139\" class=\"productFeature\">Displacement: 4.2L<\/li>\n<li id=\"97307140\" class=\"productFeature\">Bore x Stroke: 96 x 96mm (3.78 x 3.78 in)<\/li>\n<li id=\"97307141\" class=\"productFeature\">Prop Shaft Horsepower: 250hp at 5500 rpm<\/li>\n<li id=\"97307142\" class=\"productFeature\">Rango de RPM del acelerador a fondo: 5000 ~ 6000 rpm<\/li>\n<li id=\"97307143\" class=\"productFeature\">Salida del alternador a la T.O.P.: 50 amperios<\/li>\n<li id=\"97307144\" class=\"productFeature\">Relaci\u00f3n de compresi\u00f3n: 10,3:1<\/li>\n<li id=\"97307145\" class=\"productFeature\">Sistema de inducci\u00f3n de combustible: EFI<\/li>\n<li id=\"97307146\" class=\"productFeature\">Weight*: 251 kg (555 lbs)<\/li>\n<li id=\"97307147\" class=\"productFeature\">Combustible recomendado: Octanaje 89<\/li>\n<li id=\"97307148\" class=\"productFeature\">Aceite de motor recomendado: Yamalube\u00ae 4M (Consulte el manual del propietario)<\/li>\n<li id=\"97307149\" class=\"productFeature\">Filtraci\u00f3n de combustible recomendada: Filtro separador de combustible\/agua Yamaha de 10 micras (externo)<\/li>\n<li id=\"97307150\" class=\"productFeature\">Clasificaci\u00f3n C.A.R.B: 3 estrellas<\/li>\n<li id=\"97307151\" class=\"productFeature\">Escape: A trav\u00e9s de la h\u00e9lice<\/li>\n<li id=\"97307152\" class=\"productFeature\">Intake: 24<\/li>\n<li id=\"97307153\" class=\"productFeature\">Encendido: Microordenador TCI<\/li>\n<li id=\"97307154\" class=\"productFeature\">Buj\u00eda: LFR6A-11<\/li>\n<li id=\"97307155\" class=\"productFeature\">Salida del alternador: 50 amperios<\/li>\n<li id=\"97307156\" class=\"productFeature\">Sistema de arranque: El\u00e9ctrico<\/li>\n<li id=\"97307157\" class=\"productFeature\">Lubricaci\u00f3n: Dep\u00f3sito h\u00famedo<\/li>\n<li id=\"97307158\" class=\"productFeature\">Engine Oil Capacity: 6.7L\/6.4L<\/li>\n<li id=\"97307159\" class=\"productFeature\">Refrigeraci\u00f3n recomendada: Control termost\u00e1tico<\/li>\n<li id=\"97307160\" class=\"productFeature\">L\u00edmite de mezcla de etanol: 10% m\u00e1ximo<\/li>\n<li id=\"97307161\" class=\"productFeature\">Gear Ratio: 1.75:1<\/li>\n<li id=\"97307162\" class=\"productFeature\">Cambio de marchas: Avance, punto muerto, marcha atr\u00e1s<\/li>\n<li id=\"97307163\" class=\"productFeature\">Longitud del eje: 25\u2033.<\/li>\n<li id=\"97307164\" class=\"productFeature\">Degree of Tilt: 66\u00b0<\/li>\n<li id=\"97307165\" class=\"productFeature\">Grado de recorte: de -4\u00b0 a +16\u00b0<\/li>\n<li id=\"97307166\" class=\"productFeature\">Dry Weight: 251 kg (555 lbs)<\/li>\n<li id=\"97307167\" class=\"productFeature\">Centros de montaje: N\/A<\/li>\n<li id=\"97307168\" class=\"productFeature\">\u00c1ngulo de direcci\u00f3n (m\u00e1ximo): 35\u00b0 desde el centro, en cualquier direcci\u00f3n<\/li>\n<li id=\"97307169\" class=\"productFeature\">Garant\u00eda: Limitada a 3 a\u00f1os de placer, 3 a\u00f1os de gobierno, 1 a\u00f1o comercial<\/li>\n<\/ul>\n<\/div>\n<\/div>\n<div style=\"display:none;\">\n\t<a href=\"https:\/\/yoast.com\/\">Yoast<\/a><br \/>\n\t<a href=\"https:\/\/apexoutboards.com\/es_pr\/\">firstclassoutboards<\/a><br \/>\n\t<img decoding=\"async\" src=\"https:\/\/apexoutboards.com\/wp-content\/uploads\/2021\/12\/PNG_Transparent_High-Resolution_300-_Dpi-1-1-1536x650.png\" alt=\"\"><br \/>\n\tApex Outboards es el mayor distribuidor de motores fueraborda de Estados Unidos. Los miembros de nuestro equipo ofrecen el mejor servicio al cliente y conocimiento t\u00e9cnico de cualquier distribuidor de motores fueraborda.\n<\/div>","protected":false},"excerpt":{"rendered":"<p><strong>Estado:<\/strong> Nuevo<br \/>\n<strong>Env\u00edo:<\/strong> Listo para enviar ahora<\/p>\n<p>Nos comprometemos a ofrecer el mejor servicio al cliente. No dude en ponerse en contacto con nosotros para solicitar ayuda. Toda la informaci\u00f3n recibida ser\u00e1 siempre confidencial.<\/p>","protected":false},"featured_media":3954,"comment_status":"open","ping_status":"closed","template":"","meta":{"ocean_post_layout":"","ocean_both_sidebars_style":"","ocean_both_sidebars_content_width":0,"ocean_both_sidebars_sidebars_width":0,"ocean_sidebar":"0","ocean_second_sidebar":"0","ocean_disable_margins":"enable","ocean_add_body_class":"","ocean_shortcode_before_top_bar":"","ocean_shortcode_after_top_bar":"","ocean_shortcode_before_header":"","ocean_shortcode_after_header":"","ocean_has_shortcode":"","ocean_shortcode_after_title":"","ocean_shortcode_before_footer_widgets":"","ocean_shortcode_after_footer_widgets":"","ocean_shortcode_before_footer_bottom":"","ocean_shortcode_after_footer_bottom":"","ocean_display_top_bar":"default","ocean_display_header":"default","ocean_header_style":"","ocean_center_header_left_menu":"0","ocean_custom_header_template":"0","ocean_custom_logo":0,"ocean_custom_retina_logo":0,"ocean_custom_logo_max_width":0,"ocean_custom_logo_tablet_max_width":0,"ocean_custom_logo_mobile_max_width":0,"ocean_custom_logo_max_height":0,"ocean_custom_logo_tablet_max_height":0,"ocean_custom_logo_mobile_max_height":0,"ocean_header_custom_menu":"0","ocean_menu_typo_font_family":"0","ocean_menu_typo_font_subset":"","ocean_menu_typo_font_size":0,"ocean_menu_typo_font_size_tablet":0,"ocean_menu_typo_font_size_mobile":0,"ocean_menu_typo_font_size_unit":"px","ocean_menu_typo_font_weight":"","ocean_menu_typo_font_weight_tablet":"","ocean_menu_typo_font_weight_mobile":"","ocean_menu_typo_transform":"","ocean_menu_typo_transform_tablet":"","ocean_menu_typo_transform_mobile":"","ocean_menu_typo_line_height":0,"ocean_menu_typo_line_height_tablet":0,"ocean_menu_typo_line_height_mobile":0,"ocean_menu_typo_line_height_unit":"","ocean_menu_typo_spacing":0,"ocean_menu_typo_spacing_tablet":0,"ocean_menu_typo_spacing_mobile":0,"ocean_menu_typo_spacing_unit":"","ocean_menu_link_color":"","ocean_menu_link_color_hover":"","ocean_menu_link_color_active":"","ocean_menu_link_background":"","ocean_menu_link_hover_background":"","ocean_menu_link_active_background":"","ocean_menu_social_links_bg":"","ocean_menu_social_hover_links_bg":"","ocean_menu_social_links_color":"","ocean_menu_social_hover_links_color":"","ocean_disable_title":"default","ocean_disable_heading":"default","ocean_post_title":"","ocean_post_subheading":"","ocean_post_title_style":"","ocean_post_title_background_color":"","ocean_post_title_background":0,"ocean_post_title_bg_image_position":"","ocean_post_title_bg_image_attachment":"","ocean_post_title_bg_image_repeat":"","ocean_post_title_bg_image_size":"","ocean_post_title_height":0,"ocean_post_title_bg_overlay":0.5,"ocean_post_title_bg_overlay_color":"","ocean_disable_breadcrumbs":"default","ocean_breadcrumbs_color":"","ocean_breadcrumbs_separator_color":"","ocean_breadcrumbs_links_color":"","ocean_breadcrumbs_links_hover_color":"","ocean_display_footer_widgets":"default","ocean_display_footer_bottom":"default","ocean_custom_footer_template":"0"},"product_brand":[],"product_cat":[129,125,148],"product_tag":[],"class_list":{"0":"post-3958","1":"product","2":"type-product","3":"status-publish","4":"has-post-thumbnail","6":"product_cat-250-hp","7":"product_cat-yamaha","8":"product_cat-yamaha-250-hp","10":"entry","11":"has-media","13":"first","14":"instock","15":"sale","16":"shipping-taxable","17":"purchasable","18":"product-type-simple","19":"has-product-nav","20":"col","21":"span_1_of_4","22":"owp-content-center","23":"owp-thumbs-layout-horizontal","24":"owp-btn-normal","25":"owp-tabs-layout-horizontal","26":"has-no-thumbnails","28":"circle-sale"},"yoast_head":"<!-- This site is optimized with the Yoast SEO plugin v27.2 - https:\/\/yoast.com\/product\/yoast-seo-wordpress\/ -->\n<title>2019 Yamaha 250 HP VF250XA V MAX SHO Outboard Motor<\/title>\n<meta name=\"description\" content=\"Get your product today! The 2019 Yamaha 250 HP VF250XA V MAX SHO Outboard Motor will be the best choice for you. Happy shopping!\" \/>\n<meta name=\"robots\" content=\"index, follow, max-snippet:-1, max-image-preview:large, max-video-preview:-1\" \/>\n<link rel=\"canonical\" href=\"https:\/\/apexoutboards.com\/es_pr\/product\/2019-yamaha-250-hp-vf250xa-v-max-sho-outboard-motor\/\" \/>\n<meta property=\"og:locale\" content=\"es_ES\" \/>\n<meta property=\"og:type\" content=\"article\" \/>\n<meta property=\"og:title\" content=\"2019 Yamaha 250 HP VF250XA V MAX SHO Outboard Motor\" \/>\n<meta property=\"og:description\" content=\"Get your product today! The 2019 Yamaha 250 HP VF250XA V MAX SHO Outboard Motor will be the best choice for you. Happy shopping!\" \/>\n<meta property=\"og:url\" content=\"https:\/\/apexoutboards.com\/es_pr\/product\/2019-yamaha-250-hp-vf250xa-v-max-sho-outboard-motor\/\" \/>\n<meta property=\"og:site_name\" content=\"Apex Outboards\" \/>\n<meta property=\"article:modified_time\" content=\"2023-02-16T17:22:10+00:00\" \/>\n<meta property=\"og:image\" content=\"https:\/\/apexoutboards.com\/wp-content\/uploads\/2021\/12\/250-500x500_jpg.png\" \/>\n\t<meta property=\"og:image:width\" content=\"500\" \/>\n\t<meta property=\"og:image:height\" content=\"500\" \/>\n\t<meta property=\"og:image:type\" content=\"image\/png\" \/>\n<meta name=\"twitter:card\" content=\"summary_large_image\" \/>\n<meta name=\"twitter:label1\" content=\"Est. reading time\" \/>\n\t<meta name=\"twitter:data1\" content=\"4 minutos\" \/>\n<script type=\"application\/ld+json\" class=\"yoast-schema-graph\">{\"@context\":\"https:\/\/schema.org\",\"@graph\":[{\"@type\":\"WebPage\",\"@id\":\"https:\/\/apexoutboards.com\/product\/2019-yamaha-250-hp-vf250xa-v-max-sho-outboard-motor\/\",\"url\":\"https:\/\/apexoutboards.com\/product\/2019-yamaha-250-hp-vf250xa-v-max-sho-outboard-motor\/\",\"name\":\"2019 Yamaha 250 HP VF250XA V MAX SHO Outboard Motor\",\"isPartOf\":{\"@id\":\"https:\/\/apexoutboards.com\/#website\"},\"primaryImageOfPage\":{\"@id\":\"https:\/\/apexoutboards.com\/product\/2019-yamaha-250-hp-vf250xa-v-max-sho-outboard-motor\/#primaryimage\"},\"image\":{\"@id\":\"https:\/\/apexoutboards.com\/product\/2019-yamaha-250-hp-vf250xa-v-max-sho-outboard-motor\/#primaryimage\"},\"thumbnailUrl\":\"https:\/\/apexoutboards.com\/wp-content\/uploads\/2021\/12\/250-500x500_jpg.png\",\"datePublished\":\"2021-12-18T18:37:03+00:00\",\"dateModified\":\"2023-02-16T17:22:10+00:00\",\"description\":\"Get your product today! The 2019 Yamaha 250 HP VF250XA V MAX SHO Outboard Motor will be the best choice for you. Happy shopping!\",\"breadcrumb\":{\"@id\":\"https:\/\/apexoutboards.com\/product\/2019-yamaha-250-hp-vf250xa-v-max-sho-outboard-motor\/#breadcrumb\"},\"inLanguage\":\"es\",\"potentialAction\":[{\"@type\":\"ReadAction\",\"target\":[\"https:\/\/apexoutboards.com\/product\/2019-yamaha-250-hp-vf250xa-v-max-sho-outboard-motor\/\"]}]},{\"@type\":\"ImageObject\",\"inLanguage\":\"es\",\"@id\":\"https:\/\/apexoutboards.com\/product\/2019-yamaha-250-hp-vf250xa-v-max-sho-outboard-motor\/#primaryimage\",\"url\":\"https:\/\/apexoutboards.com\/wp-content\/uploads\/2021\/12\/250-500x500_jpg.png\",\"contentUrl\":\"https:\/\/apexoutboards.com\/wp-content\/uploads\/2021\/12\/250-500x500_jpg.png\",\"width\":500,\"height\":500},{\"@type\":\"BreadcrumbList\",\"@id\":\"https:\/\/apexoutboards.com\/product\/2019-yamaha-250-hp-vf250xa-v-max-sho-outboard-motor\/#breadcrumb\",\"itemListElement\":[{\"@type\":\"ListItem\",\"position\":1,\"name\":\"Home\",\"item\":\"https:\/\/apexoutboards.com\/\"},{\"@type\":\"ListItem\",\"position\":2,\"name\":\"Shop\",\"item\":\"https:\/\/apexoutboards.com\/shop\/\"},{\"@type\":\"ListItem\",\"position\":3,\"name\":\"2019 Yamaha 250 HP VF250XA V MAX SHO Outboard Motor\"}]},{\"@type\":\"WebSite\",\"@id\":\"https:\/\/apexoutboards.com\/#website\",\"url\":\"https:\/\/apexoutboards.com\/\",\"name\":\"Apex Outboards\",\"description\":\"apexoutboards.com\",\"publisher\":{\"@id\":\"https:\/\/apexoutboards.com\/#organization\"},\"potentialAction\":[{\"@type\":\"SearchAction\",\"target\":{\"@type\":\"EntryPoint\",\"urlTemplate\":\"https:\/\/apexoutboards.com\/?s={search_term_string}\"},\"query-input\":{\"@type\":\"PropertyValueSpecification\",\"valueRequired\":true,\"valueName\":\"search_term_string\"}}],\"inLanguage\":\"es\"},{\"@type\":\"Organization\",\"@id\":\"https:\/\/apexoutboards.com\/#organization\",\"name\":\"Apex Outboards\",\"url\":\"https:\/\/apexoutboards.com\/\",\"logo\":{\"@type\":\"ImageObject\",\"inLanguage\":\"es\",\"@id\":\"https:\/\/apexoutboards.com\/#\/schema\/logo\/image\/\",\"url\":\"https:\/\/apexoutboards.com\/wp-content\/uploads\/2021\/12\/Screenshot_7.png\",\"contentUrl\":\"https:\/\/apexoutboards.com\/wp-content\/uploads\/2021\/12\/Screenshot_7.png\",\"width\":222,\"height\":103,\"caption\":\"Apex Outboards\"},\"image\":{\"@id\":\"https:\/\/apexoutboards.com\/#\/schema\/logo\/image\/\"}}]}<\/script>\n<!-- \/ Yoast SEO plugin. -->","yoast_head_json":{"title":"Motor fuera de borda 2019 Yamaha 250 HP VF250XA V MAX SHO","description":"Get your product today! The 2019 Yamaha 250 HP VF250XA V MAX SHO Outboard Motor will be the best choice for you. Happy shopping!","robots":{"index":"index","follow":"follow","max-snippet":"max-snippet:-1","max-image-preview":"max-image-preview:large","max-video-preview":"max-video-preview:-1"},"canonical":"https:\/\/apexoutboards.com\/es_pr\/product\/2019-yamaha-250-hp-vf250xa-v-max-sho-outboard-motor\/","og_locale":"es_ES","og_type":"article","og_title":"2019 Yamaha 250 HP VF250XA V MAX SHO Outboard Motor","og_description":"Get your product today! The 2019 Yamaha 250 HP VF250XA V MAX SHO Outboard Motor will be the best choice for you. Happy shopping!","og_url":"https:\/\/apexoutboards.com\/es_pr\/product\/2019-yamaha-250-hp-vf250xa-v-max-sho-outboard-motor\/","og_site_name":"Apex Outboards","article_modified_time":"2023-02-16T17:22:10+00:00","og_image":[{"width":500,"height":500,"url":"https:\/\/apexoutboards.com\/wp-content\/uploads\/2021\/12\/250-500x500_jpg.png","type":"image\/png"}],"twitter_card":"summary_large_image","twitter_misc":{"Est. reading time":"4 minutos"},"schema":{"@context":"https:\/\/schema.org","@graph":[{"@type":"WebPage","@id":"https:\/\/apexoutboards.com\/product\/2019-yamaha-250-hp-vf250xa-v-max-sho-outboard-motor\/","url":"https:\/\/apexoutboards.com\/product\/2019-yamaha-250-hp-vf250xa-v-max-sho-outboard-motor\/","name":"Motor fuera de borda 2019 Yamaha 250 HP VF250XA V MAX SHO","isPartOf":{"@id":"https:\/\/apexoutboards.com\/#website"},"primaryImageOfPage":{"@id":"https:\/\/apexoutboards.com\/product\/2019-yamaha-250-hp-vf250xa-v-max-sho-outboard-motor\/#primaryimage"},"image":{"@id":"https:\/\/apexoutboards.com\/product\/2019-yamaha-250-hp-vf250xa-v-max-sho-outboard-motor\/#primaryimage"},"thumbnailUrl":"https:\/\/apexoutboards.com\/wp-content\/uploads\/2021\/12\/250-500x500_jpg.png","datePublished":"2021-12-18T18:37:03+00:00","dateModified":"2023-02-16T17:22:10+00:00","description":"Get your product today! The 2019 Yamaha 250 HP VF250XA V MAX SHO Outboard Motor will be the best choice for you. Happy shopping!","breadcrumb":{"@id":"https:\/\/apexoutboards.com\/product\/2019-yamaha-250-hp-vf250xa-v-max-sho-outboard-motor\/#breadcrumb"},"inLanguage":"es","potentialAction":[{"@type":"ReadAction","target":["https:\/\/apexoutboards.com\/product\/2019-yamaha-250-hp-vf250xa-v-max-sho-outboard-motor\/"]}]},{"@type":"ImageObject","inLanguage":"es","@id":"https:\/\/apexoutboards.com\/product\/2019-yamaha-250-hp-vf250xa-v-max-sho-outboard-motor\/#primaryimage","url":"https:\/\/apexoutboards.com\/wp-content\/uploads\/2021\/12\/250-500x500_jpg.png","contentUrl":"https:\/\/apexoutboards.com\/wp-content\/uploads\/2021\/12\/250-500x500_jpg.png","width":500,"height":500},{"@type":"BreadcrumbList","@id":"https:\/\/apexoutboards.com\/product\/2019-yamaha-250-hp-vf250xa-v-max-sho-outboard-motor\/#breadcrumb","itemListElement":[{"@type":"ListItem","position":1,"name":"Home","item":"https:\/\/apexoutboards.com\/"},{"@type":"ListItem","position":2,"name":"Shop","item":"https:\/\/apexoutboards.com\/shop\/"},{"@type":"ListItem","position":3,"name":"2019 Yamaha 250 HP VF250XA V MAX SHO Outboard Motor"}]},{"@type":"WebSite","@id":"https:\/\/apexoutboards.com\/#website","url":"https:\/\/apexoutboards.com\/","name":"Fuerabordas de primera clase","description":"apexoutboards.com","publisher":{"@id":"https:\/\/apexoutboards.com\/#organization"},"potentialAction":[{"@type":"SearchAction","target":{"@type":"EntryPoint","urlTemplate":"https:\/\/apexoutboards.com\/?s={search_term_string}"},"query-input":{"@type":"PropertyValueSpecification","valueRequired":true,"valueName":"search_term_string"}}],"inLanguage":"es"},{"@type":"Organization","@id":"https:\/\/apexoutboards.com\/#organization","name":"Fuerabordas de primera clase","url":"https:\/\/apexoutboards.com\/","logo":{"@type":"ImageObject","inLanguage":"es","@id":"https:\/\/apexoutboards.com\/#\/schema\/logo\/image\/","url":"https:\/\/apexoutboards.com\/wp-content\/uploads\/2021\/12\/Screenshot_7.png","contentUrl":"https:\/\/apexoutboards.com\/wp-content\/uploads\/2021\/12\/Screenshot_7.png","width":222,"height":103,"caption":"Apex Outboards"},"image":{"@id":"https:\/\/apexoutboards.com\/#\/schema\/logo\/image\/"}}]}},"jetpack_sharing_enabled":true,"_links":{"self":[{"href":"https:\/\/apexoutboards.com\/es_pr\/wp-json\/wp\/v2\/product\/3958","targetHints":{"allow":["GET"]}}],"collection":[{"href":"https:\/\/apexoutboards.com\/es_pr\/wp-json\/wp\/v2\/product"}],"about":[{"href":"https:\/\/apexoutboards.com\/es_pr\/wp-json\/wp\/v2\/types\/product"}],"replies":[{"embeddable":true,"href":"https:\/\/apexoutboards.com\/es_pr\/wp-json\/wp\/v2\/comments?post=3958"}],"version-history":[{"count":0,"href":"https:\/\/apexoutboards.com\/es_pr\/wp-json\/wp\/v2\/product\/3958\/revisions"}],"wp:featuredmedia":[{"embeddable":true,"href":"https:\/\/apexoutboards.com\/es_pr\/wp-json\/wp\/v2\/media\/3954"}],"wp:attachment":[{"href":"https:\/\/apexoutboards.com\/es_pr\/wp-json\/wp\/v2\/media?parent=3958"}],"wp:term":[{"taxonomy":"product_brand","embeddable":true,"href":"https:\/\/apexoutboards.com\/es_pr\/wp-json\/wp\/v2\/product_brand?post=3958"},{"taxonomy":"product_cat","embeddable":true,"href":"https:\/\/apexoutboards.com\/es_pr\/wp-json\/wp\/v2\/product_cat?post=3958"},{"taxonomy":"product_tag","embeddable":true,"href":"https:\/\/apexoutboards.com\/es_pr\/wp-json\/wp\/v2\/product_tag?post=3958"}],"curies":[{"name":"wp","href":"https:\/\/api.w.org\/{rel}","templated":true}]}}