{"id":3900,"date":"2021-12-19T04:18:03","date_gmt":"2021-12-18T17:18:03","guid":{"rendered":"https:\/\/apexoutboards.com\/?post_type=product&#038;p=3900"},"modified":"2023-02-17T04:23:48","modified_gmt":"2023-02-16T17:23:48","slug":"2019-yamaha-300-hp-f300xa-outboard-motor","status":"publish","type":"product","link":"https:\/\/apexoutboards.com\/es_pr\/product\/2019-yamaha-300-hp-f300xa-outboard-motor\/","title":{"rendered":"Motor fuera de borda 2019 Yamaha 300 HP F300XA"},"content":{"rendered":"<div id=\"tab-description\" class=\"tab-content\">\n<h2>Motor fuera de borda 2019 Yamaha 300 HP F300XA<\/h2>\n<p>Conozca los galardonados fuerabordas V6 de 4,2 litros de Yamaha. Con una combinaci\u00f3n de potencia, eficiencia, velocidad y ligereza, su dise\u00f1o inteligente establece absolutamente el est\u00e1ndar de rendimiento en alta mar. Y ahora, puede a\u00f1adir versatilidad a esa lista. Con un modelo V6 de 4,2 litros podr\u00e1 aumentar su potencia sin necesidad de reiniciar su aparejo. Un diecisiete por ciento m\u00e1s de eficiencia en el consumo de combustible a RPM de crucero, hasta 73 libras m\u00e1s ligero que algunos competidores y m\u00e1s de 10 a\u00f1os de fiabilidad probada de Yamaha.<\/p>\n<p class=\"specstitle\"><strong>Especificaciones del motor<\/strong><\/p>\n<ul class=\"specdetails\">\n<li>Tipo de motor: Yamaha F300XA de cuatro tiempos<\/li>\n<li>Potencia: 300 CV<\/li>\n<li>Cilindros: 6 cil.<\/li>\n<li>Longitud del eje: 25\u2033.<\/li>\n<li>Direcci\u00f3n: Mando a distancia<\/li>\n<li>Arranque: El\u00e9ctrico<\/li>\n<li>Peso: 551 libras<\/li>\n<li>Rango de aceleraci\u00f3n total: 5000 - 6000 rpm<\/li>\n<li>Cilindrada: 4169cc<\/li>\n<li>Sistema de inducci\u00f3n: EFI<\/li>\n<li>Garant\u00eda: 3 a\u00f1os<\/li>\n<\/ul>\n<\/div>\n<div style=\"display:none;\">\n\t<a href=\"https:\/\/yoast.com\/\">Yoast<\/a><br \/>\n\t<a href=\"https:\/\/apexoutboards.com\/es_pr\/\">firstclassoutboards<\/a><br \/>\n\t<img decoding=\"async\" src=\"https:\/\/apexoutboards.com\/wp-content\/uploads\/2021\/12\/PNG_Transparent_High-Resolution_300-_Dpi-1-1-1536x650.png\" alt=\"\"><br \/>\n\tApex Outboards es el mayor distribuidor de motores fueraborda de Estados Unidos. Los miembros de nuestro equipo ofrecen el mejor servicio al cliente y conocimiento t\u00e9cnico de cualquier distribuidor de motores fueraborda.\n<\/div>","protected":false},"excerpt":{"rendered":"<p><strong>Estado:<\/strong> Nuevo<br \/>\n<strong>Env\u00edo:<\/strong> Listo para enviar ahora<\/p>\n<p>Nos comprometemos a ofrecer el mejor servicio al cliente. No dude en ponerse en contacto con nosotros para solicitar ayuda. Toda la informaci\u00f3n recibida ser\u00e1 siempre confidencial.<\/p>","protected":false},"featured_media":3891,"comment_status":"open","ping_status":"closed","template":"","meta":{"ocean_post_layout":"","ocean_both_sidebars_style":"","ocean_both_sidebars_content_width":0,"ocean_both_sidebars_sidebars_width":0,"ocean_sidebar":"0","ocean_second_sidebar":"0","ocean_disable_margins":"enable","ocean_add_body_class":"","ocean_shortcode_before_top_bar":"","ocean_shortcode_after_top_bar":"","ocean_shortcode_before_header":"","ocean_shortcode_after_header":"","ocean_has_shortcode":"","ocean_shortcode_after_title":"","ocean_shortcode_before_footer_widgets":"","ocean_shortcode_after_footer_widgets":"","ocean_shortcode_before_footer_bottom":"","ocean_shortcode_after_footer_bottom":"","ocean_display_top_bar":"default","ocean_display_header":"default","ocean_header_style":"","ocean_center_header_left_menu":"0","ocean_custom_header_template":"0","ocean_custom_logo":0,"ocean_custom_retina_logo":0,"ocean_custom_logo_max_width":0,"ocean_custom_logo_tablet_max_width":0,"ocean_custom_logo_mobile_max_width":0,"ocean_custom_logo_max_height":0,"ocean_custom_logo_tablet_max_height":0,"ocean_custom_logo_mobile_max_height":0,"ocean_header_custom_menu":"0","ocean_menu_typo_font_family":"0","ocean_menu_typo_font_subset":"","ocean_menu_typo_font_size":0,"ocean_menu_typo_font_size_tablet":0,"ocean_menu_typo_font_size_mobile":0,"ocean_menu_typo_font_size_unit":"px","ocean_menu_typo_font_weight":"","ocean_menu_typo_font_weight_tablet":"","ocean_menu_typo_font_weight_mobile":"","ocean_menu_typo_transform":"","ocean_menu_typo_transform_tablet":"","ocean_menu_typo_transform_mobile":"","ocean_menu_typo_line_height":0,"ocean_menu_typo_line_height_tablet":0,"ocean_menu_typo_line_height_mobile":0,"ocean_menu_typo_line_height_unit":"","ocean_menu_typo_spacing":0,"ocean_menu_typo_spacing_tablet":0,"ocean_menu_typo_spacing_mobile":0,"ocean_menu_typo_spacing_unit":"","ocean_menu_link_color":"","ocean_menu_link_color_hover":"","ocean_menu_link_color_active":"","ocean_menu_link_background":"","ocean_menu_link_hover_background":"","ocean_menu_link_active_background":"","ocean_menu_social_links_bg":"","ocean_menu_social_hover_links_bg":"","ocean_menu_social_links_color":"","ocean_menu_social_hover_links_color":"","ocean_disable_title":"default","ocean_disable_heading":"default","ocean_post_title":"","ocean_post_subheading":"","ocean_post_title_style":"","ocean_post_title_background_color":"","ocean_post_title_background":0,"ocean_post_title_bg_image_position":"","ocean_post_title_bg_image_attachment":"","ocean_post_title_bg_image_repeat":"","ocean_post_title_bg_image_size":"","ocean_post_title_height":0,"ocean_post_title_bg_overlay":0.5,"ocean_post_title_bg_overlay_color":"","ocean_disable_breadcrumbs":"default","ocean_breadcrumbs_color":"","ocean_breadcrumbs_separator_color":"","ocean_breadcrumbs_links_color":"","ocean_breadcrumbs_links_hover_color":"","ocean_display_footer_widgets":"default","ocean_display_footer_bottom":"default","ocean_custom_footer_template":"0"},"product_brand":[],"product_cat":[128,125,147],"product_tag":[],"class_list":{"0":"post-3900","1":"product","2":"type-product","3":"status-publish","4":"has-post-thumbnail","6":"product_cat-300-hp","7":"product_cat-yamaha","8":"product_cat-yamaha-300-hp","10":"entry","11":"has-media","13":"first","14":"instock","15":"sale","16":"shipping-taxable","17":"purchasable","18":"product-type-simple","19":"has-product-nav","20":"col","21":"span_1_of_4","22":"owp-content-center","23":"owp-thumbs-layout-horizontal","24":"owp-btn-normal","25":"owp-tabs-layout-horizontal","26":"has-no-thumbnails","28":"circle-sale"},"yoast_head":"<!-- This site is optimized with the Yoast SEO plugin v27.2 - https:\/\/yoast.com\/product\/yoast-seo-wordpress\/ -->\n<title>2019 Yamaha 300 HP F300XA Outboard Motor<\/title>\n<meta name=\"description\" content=\"Get your product today! The 2019 Yamaha 300 HP F300XA Outboard Motor will be the best choice for you. Happy shopping!\" \/>\n<meta name=\"robots\" content=\"index, follow, max-snippet:-1, max-image-preview:large, max-video-preview:-1\" \/>\n<link rel=\"canonical\" href=\"https:\/\/apexoutboards.com\/es_pr\/product\/2019-yamaha-300-hp-f300xa-outboard-motor\/\" \/>\n<meta property=\"og:locale\" content=\"es_ES\" \/>\n<meta property=\"og:type\" content=\"article\" \/>\n<meta property=\"og:title\" content=\"2019 Yamaha 300 HP F300XA Outboard Motor\" \/>\n<meta property=\"og:description\" content=\"Get your product today! The 2019 Yamaha 300 HP F300XA Outboard Motor will be the best choice for you. Happy shopping!\" \/>\n<meta property=\"og:url\" content=\"https:\/\/apexoutboards.com\/es_pr\/product\/2019-yamaha-300-hp-f300xa-outboard-motor\/\" \/>\n<meta property=\"og:site_name\" content=\"Apex Outboards\" \/>\n<meta property=\"article:modified_time\" content=\"2023-02-16T17:23:48+00:00\" \/>\n<meta property=\"og:image\" content=\"https:\/\/apexoutboards.com\/wp-content\/uploads\/2021\/12\/300-600x450_jpg.png\" \/>\n\t<meta property=\"og:image:width\" content=\"600\" \/>\n\t<meta property=\"og:image:height\" content=\"450\" \/>\n\t<meta property=\"og:image:type\" content=\"image\/png\" \/>\n<meta name=\"twitter:card\" content=\"summary_large_image\" \/>\n<meta name=\"twitter:label1\" content=\"Est. reading time\" \/>\n\t<meta name=\"twitter:data1\" content=\"1 minuto\" \/>\n<script type=\"application\/ld+json\" class=\"yoast-schema-graph\">{\"@context\":\"https:\/\/schema.org\",\"@graph\":[{\"@type\":\"WebPage\",\"@id\":\"https:\/\/apexoutboards.com\/product\/2019-yamaha-300-hp-f300xa-outboard-motor\/\",\"url\":\"https:\/\/apexoutboards.com\/product\/2019-yamaha-300-hp-f300xa-outboard-motor\/\",\"name\":\"2019 Yamaha 300 HP F300XA Outboard Motor\",\"isPartOf\":{\"@id\":\"https:\/\/apexoutboards.com\/#website\"},\"primaryImageOfPage\":{\"@id\":\"https:\/\/apexoutboards.com\/product\/2019-yamaha-300-hp-f300xa-outboard-motor\/#primaryimage\"},\"image\":{\"@id\":\"https:\/\/apexoutboards.com\/product\/2019-yamaha-300-hp-f300xa-outboard-motor\/#primaryimage\"},\"thumbnailUrl\":\"https:\/\/apexoutboards.com\/wp-content\/uploads\/2021\/12\/300-600x450_jpg.png\",\"datePublished\":\"2021-12-18T17:18:03+00:00\",\"dateModified\":\"2023-02-16T17:23:48+00:00\",\"description\":\"Get your product today! The 2019 Yamaha 300 HP F300XA Outboard Motor will be the best choice for you. Happy shopping!\",\"breadcrumb\":{\"@id\":\"https:\/\/apexoutboards.com\/product\/2019-yamaha-300-hp-f300xa-outboard-motor\/#breadcrumb\"},\"inLanguage\":\"es\",\"potentialAction\":[{\"@type\":\"ReadAction\",\"target\":[\"https:\/\/apexoutboards.com\/product\/2019-yamaha-300-hp-f300xa-outboard-motor\/\"]}]},{\"@type\":\"ImageObject\",\"inLanguage\":\"es\",\"@id\":\"https:\/\/apexoutboards.com\/product\/2019-yamaha-300-hp-f300xa-outboard-motor\/#primaryimage\",\"url\":\"https:\/\/apexoutboards.com\/wp-content\/uploads\/2021\/12\/300-600x450_jpg.png\",\"contentUrl\":\"https:\/\/apexoutboards.com\/wp-content\/uploads\/2021\/12\/300-600x450_jpg.png\",\"width\":600,\"height\":450},{\"@type\":\"BreadcrumbList\",\"@id\":\"https:\/\/apexoutboards.com\/product\/2019-yamaha-300-hp-f300xa-outboard-motor\/#breadcrumb\",\"itemListElement\":[{\"@type\":\"ListItem\",\"position\":1,\"name\":\"Home\",\"item\":\"https:\/\/apexoutboards.com\/\"},{\"@type\":\"ListItem\",\"position\":2,\"name\":\"Shop\",\"item\":\"https:\/\/apexoutboards.com\/shop\/\"},{\"@type\":\"ListItem\",\"position\":3,\"name\":\"2019 Yamaha 300 HP F300XA Outboard Motor\"}]},{\"@type\":\"WebSite\",\"@id\":\"https:\/\/apexoutboards.com\/#website\",\"url\":\"https:\/\/apexoutboards.com\/\",\"name\":\"Apex Outboards\",\"description\":\"apexoutboards.com\",\"publisher\":{\"@id\":\"https:\/\/apexoutboards.com\/#organization\"},\"potentialAction\":[{\"@type\":\"SearchAction\",\"target\":{\"@type\":\"EntryPoint\",\"urlTemplate\":\"https:\/\/apexoutboards.com\/?s={search_term_string}\"},\"query-input\":{\"@type\":\"PropertyValueSpecification\",\"valueRequired\":true,\"valueName\":\"search_term_string\"}}],\"inLanguage\":\"es\"},{\"@type\":\"Organization\",\"@id\":\"https:\/\/apexoutboards.com\/#organization\",\"name\":\"Apex Outboards\",\"url\":\"https:\/\/apexoutboards.com\/\",\"logo\":{\"@type\":\"ImageObject\",\"inLanguage\":\"es\",\"@id\":\"https:\/\/apexoutboards.com\/#\/schema\/logo\/image\/\",\"url\":\"https:\/\/apexoutboards.com\/wp-content\/uploads\/2021\/12\/Screenshot_7.png\",\"contentUrl\":\"https:\/\/apexoutboards.com\/wp-content\/uploads\/2021\/12\/Screenshot_7.png\",\"width\":222,\"height\":103,\"caption\":\"Apex Outboards\"},\"image\":{\"@id\":\"https:\/\/apexoutboards.com\/#\/schema\/logo\/image\/\"}}]}<\/script>\n<!-- \/ Yoast SEO plugin. -->","yoast_head_json":{"title":"Motor fuera de borda 2019 Yamaha 300 HP F300XA","description":"\u00a1Consigue tu producto hoy mismo! El motor fueraborda Yamaha 300 HP F300XA 2019 ser\u00e1 la mejor opci\u00f3n para ti. \u00a1Feliz compra!","robots":{"index":"index","follow":"follow","max-snippet":"max-snippet:-1","max-image-preview":"max-image-preview:large","max-video-preview":"max-video-preview:-1"},"canonical":"https:\/\/apexoutboards.com\/es_pr\/product\/2019-yamaha-300-hp-f300xa-outboard-motor\/","og_locale":"es_ES","og_type":"article","og_title":"2019 Yamaha 300 HP F300XA Outboard Motor","og_description":"Get your product today! The 2019 Yamaha 300 HP F300XA Outboard Motor will be the best choice for you. Happy shopping!","og_url":"https:\/\/apexoutboards.com\/es_pr\/product\/2019-yamaha-300-hp-f300xa-outboard-motor\/","og_site_name":"Apex Outboards","article_modified_time":"2023-02-16T17:23:48+00:00","og_image":[{"width":600,"height":450,"url":"https:\/\/apexoutboards.com\/wp-content\/uploads\/2021\/12\/300-600x450_jpg.png","type":"image\/png"}],"twitter_card":"summary_large_image","twitter_misc":{"Est. reading time":"1 minuto"},"schema":{"@context":"https:\/\/schema.org","@graph":[{"@type":"WebPage","@id":"https:\/\/apexoutboards.com\/product\/2019-yamaha-300-hp-f300xa-outboard-motor\/","url":"https:\/\/apexoutboards.com\/product\/2019-yamaha-300-hp-f300xa-outboard-motor\/","name":"Motor fuera de borda 2019 Yamaha 300 HP F300XA","isPartOf":{"@id":"https:\/\/apexoutboards.com\/#website"},"primaryImageOfPage":{"@id":"https:\/\/apexoutboards.com\/product\/2019-yamaha-300-hp-f300xa-outboard-motor\/#primaryimage"},"image":{"@id":"https:\/\/apexoutboards.com\/product\/2019-yamaha-300-hp-f300xa-outboard-motor\/#primaryimage"},"thumbnailUrl":"https:\/\/apexoutboards.com\/wp-content\/uploads\/2021\/12\/300-600x450_jpg.png","datePublished":"2021-12-18T17:18:03+00:00","dateModified":"2023-02-16T17:23:48+00:00","description":"\u00a1Consigue tu producto hoy mismo! El motor fueraborda Yamaha 300 HP F300XA 2019 ser\u00e1 la mejor opci\u00f3n para ti. \u00a1Feliz compra!","breadcrumb":{"@id":"https:\/\/apexoutboards.com\/product\/2019-yamaha-300-hp-f300xa-outboard-motor\/#breadcrumb"},"inLanguage":"es","potentialAction":[{"@type":"ReadAction","target":["https:\/\/apexoutboards.com\/product\/2019-yamaha-300-hp-f300xa-outboard-motor\/"]}]},{"@type":"ImageObject","inLanguage":"es","@id":"https:\/\/apexoutboards.com\/product\/2019-yamaha-300-hp-f300xa-outboard-motor\/#primaryimage","url":"https:\/\/apexoutboards.com\/wp-content\/uploads\/2021\/12\/300-600x450_jpg.png","contentUrl":"https:\/\/apexoutboards.com\/wp-content\/uploads\/2021\/12\/300-600x450_jpg.png","width":600,"height":450},{"@type":"BreadcrumbList","@id":"https:\/\/apexoutboards.com\/product\/2019-yamaha-300-hp-f300xa-outboard-motor\/#breadcrumb","itemListElement":[{"@type":"ListItem","position":1,"name":"Home","item":"https:\/\/apexoutboards.com\/"},{"@type":"ListItem","position":2,"name":"Shop","item":"https:\/\/apexoutboards.com\/shop\/"},{"@type":"ListItem","position":3,"name":"2019 Yamaha 300 HP F300XA Outboard Motor"}]},{"@type":"WebSite","@id":"https:\/\/apexoutboards.com\/#website","url":"https:\/\/apexoutboards.com\/","name":"Fuerabordas de primera clase","description":"apexoutboards.com","publisher":{"@id":"https:\/\/apexoutboards.com\/#organization"},"potentialAction":[{"@type":"SearchAction","target":{"@type":"EntryPoint","urlTemplate":"https:\/\/apexoutboards.com\/?s={search_term_string}"},"query-input":{"@type":"PropertyValueSpecification","valueRequired":true,"valueName":"search_term_string"}}],"inLanguage":"es"},{"@type":"Organization","@id":"https:\/\/apexoutboards.com\/#organization","name":"Fuerabordas de primera clase","url":"https:\/\/apexoutboards.com\/","logo":{"@type":"ImageObject","inLanguage":"es","@id":"https:\/\/apexoutboards.com\/#\/schema\/logo\/image\/","url":"https:\/\/apexoutboards.com\/wp-content\/uploads\/2021\/12\/Screenshot_7.png","contentUrl":"https:\/\/apexoutboards.com\/wp-content\/uploads\/2021\/12\/Screenshot_7.png","width":222,"height":103,"caption":"Apex Outboards"},"image":{"@id":"https:\/\/apexoutboards.com\/#\/schema\/logo\/image\/"}}]}},"jetpack_sharing_enabled":true,"_links":{"self":[{"href":"https:\/\/apexoutboards.com\/es_pr\/wp-json\/wp\/v2\/product\/3900","targetHints":{"allow":["GET"]}}],"collection":[{"href":"https:\/\/apexoutboards.com\/es_pr\/wp-json\/wp\/v2\/product"}],"about":[{"href":"https:\/\/apexoutboards.com\/es_pr\/wp-json\/wp\/v2\/types\/product"}],"replies":[{"embeddable":true,"href":"https:\/\/apexoutboards.com\/es_pr\/wp-json\/wp\/v2\/comments?post=3900"}],"version-history":[{"count":0,"href":"https:\/\/apexoutboards.com\/es_pr\/wp-json\/wp\/v2\/product\/3900\/revisions"}],"wp:featuredmedia":[{"embeddable":true,"href":"https:\/\/apexoutboards.com\/es_pr\/wp-json\/wp\/v2\/media\/3891"}],"wp:attachment":[{"href":"https:\/\/apexoutboards.com\/es_pr\/wp-json\/wp\/v2\/media?parent=3900"}],"wp:term":[{"taxonomy":"product_brand","embeddable":true,"href":"https:\/\/apexoutboards.com\/es_pr\/wp-json\/wp\/v2\/product_brand?post=3900"},{"taxonomy":"product_cat","embeddable":true,"href":"https:\/\/apexoutboards.com\/es_pr\/wp-json\/wp\/v2\/product_cat?post=3900"},{"taxonomy":"product_tag","embeddable":true,"href":"https:\/\/apexoutboards.com\/es_pr\/wp-json\/wp\/v2\/product_tag?post=3900"}],"curies":[{"name":"wp","href":"https:\/\/api.w.org\/{rel}","templated":true}]}}