{"id":3800,"date":"2021-12-19T01:09:54","date_gmt":"2021-12-18T14:09:54","guid":{"rendered":"https:\/\/apexoutboards.com\/?post_type=product&#038;p=3800"},"modified":"2023-02-17T04:37:08","modified_gmt":"2023-02-16T17:37:08","slug":"2020-yamaha-40-hp-f40la-outboard-motor","status":"publish","type":"product","link":"https:\/\/apexoutboards.com\/es_pr\/product\/2020-yamaha-40-hp-f40la-outboard-motor\/","title":{"rendered":"2020 Yamaha 40 HP F40LA Motor fuera de borda"},"content":{"rendered":"<div id=\"tab-description\" class=\"tab-content\">\n<h2>2020 Yamaha 40 HP F40LA Motor fuera de borda<\/h2>\n<p class=\"productItemGroupName\"><strong>Fiabilidad y durabilidad<\/strong><\/p>\n<ul class=\"itemGroupFeatures\">\n<li id=\"97312264\" class=\"productFeature\">Corrosion Protection: Combined with our proprietary alloy (YDC-30), our exclusive Phaze Five\u2122 anti-corrosive paint system provides a tough, five-layer barrier against corrosion. This protection is standard on all Yamaha Midrange four-stroke engines.<\/li>\n<li id=\"97312265\" class=\"productFeature\">Advanced Technology: The F40 and F30 are equipped with an Engine Control Module that interfaces with Yamaha Diagnostic System software. This provides a view of selected past and current running conditions, to help technicians provide a complete and accurate diagnosis of your engine.<\/li>\n<li id=\"97312266\" class=\"productFeature\">Protection from the Elements: A proven one-piece cowling with an intake air drain system easily and efficiently drains water away that enters the cowling. Incoming air is routed through a labyrinth of passages that help trap water before it enters the engine&#8217;s intake for maximum reliability.<\/li>\n<li id=\"97312267\" class=\"productFeature\">Cleaner Fuel: A large, on-engine water separating fuel filter with a water sensor is used in conjunction with the Yamaha optional boat-mounted 10-Micron Water Separating Fuel Filter. This helps separate water and contaiminants from the fuel before they can reach the outboard&#8217;s other filters and fuel injectors.<\/li>\n<\/ul>\n<p>&nbsp;<\/p>\n<p class=\"productItemGroupName\"><strong>Comodidad y control<\/strong><\/p>\n<ul class=\"itemGroupFeatures\">\n<li id=\"97312268\" class=\"productFeature\">Control y comodidad: Nuestra galardonada empu\u00f1adura de ca\u00f1a de tim\u00f3n multifunci\u00f3n opcional cuenta con un interruptor de RPM de curric\u00e1n variable (VTS\u00ae). Permite ajustar con precisi\u00f3n la velocidad de curric\u00e1n en incrementos de 50 RPM. Compatible con todos los modelos de gama media.<\/li>\n<li id=\"97312269\" class=\"productFeature\">F\u00e1cil lavado del motor: Un dispositivo de lavado de agua dulce le permite lavar el motor sin ponerlo en marcha, para mayor comodidad y prolongar la vida del motor.<\/li>\n<li id=\"97312270\" class=\"productFeature\">Regulaci\u00f3n e inclinaci\u00f3n el\u00e9ctrica: Los modelos con trimado e inclinaci\u00f3n el\u00e9ctrica ofrecen un rango de trimado de -3 a +20 grados. Esto hace que la proa de la embarcaci\u00f3n se eleve, para mejorar el tiro en el hoyo y la velocidad m\u00e1xima y una conducci\u00f3n m\u00e1s suave.<\/li>\n<\/ul>\n<p>&nbsp;<\/p>\n<p class=\"productItemGroupName\"><strong>Caracter\u00edsticas espec\u00edficas del modelo<\/strong><\/p>\n<ul class=\"itemGroupFeatures\">\n<li id=\"97312272\" class=\"productFeature\">Disponible para control mec\u00e1nico o con manivela<\/li>\n<li id=\"97312273\" class=\"productFeature\">S\u00f3lo 214 libras<\/li>\n<li id=\"97312274\" class=\"productFeature\">Disponible en un eje de 20\".<\/li>\n<li id=\"97312275\" class=\"productFeature\">Potente alternador de 17 amperios<\/li>\n<li id=\"97312276\" class=\"productFeature\">Interruptor de RPM de curric\u00e1n variable (VTS\u00ae) opcional a trav\u00e9s de nuestro mango de ca\u00f1a de tim\u00f3n multifunci\u00f3n, tac\u00f3metro Command Link\u00ae o nuevo interruptor VTS remoto montado en el tim\u00f3n<\/li>\n<\/ul>\n<p>&nbsp;<\/p>\n<p class=\"productItemGroupName\"><strong>Especificaciones<\/strong><\/p>\n<ul class=\"itemGroupFeatures\">\n<li id=\"97312277\" class=\"productFeature\">Tipo de motor: 3 cilindros<\/li>\n<li id=\"97312278\" class=\"productFeature\">Cilindrada: 747cc<\/li>\n<li id=\"97312279\" class=\"productFeature\">Di\u00e1metro x Carrera: 65 x 75 mm (2,56 x 2,95 pulg.)<\/li>\n<li id=\"97312280\" class=\"productFeature\">Potencia del eje de la h\u00e9lice: 40hp a 5500rpm<\/li>\n<li id=\"97312281\" class=\"productFeature\">Rango de RPM del acelerador a fondo: 5000 ~ 6000 rpm<\/li>\n<li id=\"97312282\" class=\"productFeature\">Salida del alternador en la T.O.P.: 17 amperios<\/li>\n<li id=\"97312283\" class=\"productFeature\">Relaci\u00f3n de compresi\u00f3n: 9,4:1<\/li>\n<li id=\"97312284\" class=\"productFeature\">Sistema de inducci\u00f3n de combustible: EFI<\/li>\n<li id=\"97312285\" class=\"productFeature\">Weight*: 97 kg (214 lbs) &#8211; 101kg (223 lbs)<\/li>\n<li id=\"97312286\" class=\"productFeature\">Combustible recomendado: Octanaje 87<\/li>\n<li id=\"97312287\" class=\"productFeature\">Aceite de motor recomendado: Yamalube\u00ae 4M (Consulte el manual del propietario)<\/li>\n<li id=\"97312288\" class=\"productFeature\">Filtraci\u00f3n de combustible recomendada: Filtro separador de combustible\/agua Yamaha de 10 micras (externo)<\/li>\n<li id=\"97312289\" class=\"productFeature\">Clasificaci\u00f3n C.A.R.B: 3 estrellas<\/li>\n<li id=\"97312290\" class=\"productFeature\">Escape: A trav\u00e9s de la h\u00e9lice<\/li>\n<li id=\"97312291\" class=\"productFeature\">Entrada: 6<\/li>\n<li id=\"97312292\" class=\"productFeature\">Encendido: Microordenador CDI<\/li>\n<li id=\"97312293\" class=\"productFeature\">Buj\u00eda: DPR6EB-9<\/li>\n<li id=\"97312294\" class=\"productFeature\">Salida del alternador: 17 amperios<\/li>\n<li id=\"97312295\" class=\"productFeature\">Sistema de arranque: El\u00e9ctrico<\/li>\n<li id=\"97312296\" class=\"productFeature\">Lubricaci\u00f3n: Dep\u00f3sito h\u00famedo<\/li>\n<li id=\"97312297\" class=\"productFeature\">Capacidad del aceite del motor: 1.7L\/1.5L<\/li>\n<li id=\"97312298\" class=\"productFeature\">Refrigeraci\u00f3n recomendada: Control termost\u00e1tico<\/li>\n<li id=\"97312299\" class=\"productFeature\">L\u00edmite de mezcla de etanol: 10% m\u00e1ximo<\/li>\n<li id=\"97312300\" class=\"productFeature\">Relaci\u00f3n de transmisi\u00f3n: 2,00:1<\/li>\n<li id=\"97312301\" class=\"productFeature\">Cambio de marchas: Avance, punto muerto, marcha atr\u00e1s<\/li>\n<li id=\"97312302\" class=\"productFeature\">Longitud del eje: 20\u2033.<\/li>\n<li id=\"97312303\" class=\"productFeature\">Grado de inclinaci\u00f3n: 20\u00b0.<\/li>\n<li id=\"97312304\" class=\"productFeature\">Grado de recorte: de -3\u00b0 a +20\u00b0<\/li>\n<li id=\"97312305\" class=\"productFeature\">Dry Weight: 97 kg (214 lbs) &#8211; 101kg (223 lbs)<\/li>\n<li id=\"97312306\" class=\"productFeature\">Centros de montaje: N\/A<\/li>\n<li id=\"97312307\" class=\"productFeature\">\u00c1ngulo de direcci\u00f3n (m\u00e1ximo): 40\u00b0 desde el centro, en cualquier direcci\u00f3n<\/li>\n<li id=\"97312308\" class=\"productFeature\">Garant\u00eda: Limitada a 3 a\u00f1os de placer, 3 a\u00f1os de gobierno, 1 a\u00f1o comercial<\/li>\n<\/ul>\n<\/div>\n<div style=\"display:none;\">\n\t<a href=\"https:\/\/yoast.com\/\">Yoast<\/a><br \/>\n\t<a href=\"https:\/\/apexoutboards.com\/es_pr\/\">firstclassoutboards<\/a><br \/>\n\t<img decoding=\"async\" src=\"https:\/\/apexoutboards.com\/wp-content\/uploads\/2021\/12\/PNG_Transparent_High-Resolution_300-_Dpi-1-1-1536x650.png\" alt=\"\"><br \/>\n\tApex Outboards es el mayor distribuidor de motores fueraborda de Estados Unidos. Los miembros de nuestro equipo ofrecen el mejor servicio al cliente y conocimiento t\u00e9cnico de cualquier distribuidor de motores fueraborda.\n<\/div>","protected":false},"excerpt":{"rendered":"<p><strong>Estado:<\/strong> Nuevo<br \/>\n<strong>Env\u00edo:<\/strong> Listo para enviar ahora<\/p>\n<p>Nos comprometemos a ofrecer el mejor servicio al cliente. No dude en ponerse en contacto con nosotros para solicitar ayuda. Toda la informaci\u00f3n recibida ser\u00e1 siempre confidencial.<\/p>","protected":false},"featured_media":3802,"comment_status":"open","ping_status":"closed","template":"","meta":{"ocean_post_layout":"","ocean_both_sidebars_style":"","ocean_both_sidebars_content_width":0,"ocean_both_sidebars_sidebars_width":0,"ocean_sidebar":"0","ocean_second_sidebar":"0","ocean_disable_margins":"enable","ocean_add_body_class":"","ocean_shortcode_before_top_bar":"","ocean_shortcode_after_top_bar":"","ocean_shortcode_before_header":"","ocean_shortcode_after_header":"","ocean_has_shortcode":"","ocean_shortcode_after_title":"","ocean_shortcode_before_footer_widgets":"","ocean_shortcode_after_footer_widgets":"","ocean_shortcode_before_footer_bottom":"","ocean_shortcode_after_footer_bottom":"","ocean_display_top_bar":"default","ocean_display_header":"default","ocean_header_style":"","ocean_center_header_left_menu":"0","ocean_custom_header_template":"0","ocean_custom_logo":0,"ocean_custom_retina_logo":0,"ocean_custom_logo_max_width":0,"ocean_custom_logo_tablet_max_width":0,"ocean_custom_logo_mobile_max_width":0,"ocean_custom_logo_max_height":0,"ocean_custom_logo_tablet_max_height":0,"ocean_custom_logo_mobile_max_height":0,"ocean_header_custom_menu":"0","ocean_menu_typo_font_family":"0","ocean_menu_typo_font_subset":"","ocean_menu_typo_font_size":0,"ocean_menu_typo_font_size_tablet":0,"ocean_menu_typo_font_size_mobile":0,"ocean_menu_typo_font_size_unit":"px","ocean_menu_typo_font_weight":"","ocean_menu_typo_font_weight_tablet":"","ocean_menu_typo_font_weight_mobile":"","ocean_menu_typo_transform":"","ocean_menu_typo_transform_tablet":"","ocean_menu_typo_transform_mobile":"","ocean_menu_typo_line_height":0,"ocean_menu_typo_line_height_tablet":0,"ocean_menu_typo_line_height_mobile":0,"ocean_menu_typo_line_height_unit":"","ocean_menu_typo_spacing":0,"ocean_menu_typo_spacing_tablet":0,"ocean_menu_typo_spacing_mobile":0,"ocean_menu_typo_spacing_unit":"","ocean_menu_link_color":"","ocean_menu_link_color_hover":"","ocean_menu_link_color_active":"","ocean_menu_link_background":"","ocean_menu_link_hover_background":"","ocean_menu_link_active_background":"","ocean_menu_social_links_bg":"","ocean_menu_social_hover_links_bg":"","ocean_menu_social_links_color":"","ocean_menu_social_hover_links_color":"","ocean_disable_title":"default","ocean_disable_heading":"default","ocean_post_title":"","ocean_post_subheading":"","ocean_post_title_style":"","ocean_post_title_background_color":"","ocean_post_title_background":0,"ocean_post_title_bg_image_position":"","ocean_post_title_bg_image_attachment":"","ocean_post_title_bg_image_repeat":"","ocean_post_title_bg_image_size":"","ocean_post_title_height":0,"ocean_post_title_bg_overlay":0.5,"ocean_post_title_bg_overlay_color":"","ocean_disable_breadcrumbs":"default","ocean_breadcrumbs_color":"","ocean_breadcrumbs_separator_color":"","ocean_breadcrumbs_links_color":"","ocean_breadcrumbs_links_hover_color":"","ocean_display_footer_widgets":"default","ocean_display_footer_bottom":"default","ocean_custom_footer_template":"0"},"product_brand":[],"product_cat":[140,125,159],"product_tag":[],"class_list":{"0":"post-3800","1":"product","2":"type-product","3":"status-publish","4":"has-post-thumbnail","6":"product_cat-40-hp","7":"product_cat-yamaha","8":"product_cat-yamaha-40-hp","10":"entry","11":"has-media","13":"first","14":"instock","15":"shipping-taxable","16":"product-type-simple","17":"has-product-nav","18":"col","19":"span_1_of_4","20":"owp-content-center","21":"owp-thumbs-layout-horizontal","22":"owp-btn-normal","23":"owp-tabs-layout-horizontal","24":"has-no-thumbnails","26":"circle-sale"},"yoast_head":"<!-- This site is optimized with the Yoast SEO plugin v27.2 - https:\/\/yoast.com\/product\/yoast-seo-wordpress\/ -->\n<title>2020 Yamaha 40 HP F40LA Outboard Motor<\/title>\n<meta name=\"description\" content=\"Get your product today! The 2020 Yamaha 40 HP F40LA Outboard Motor will be the best choice for you. Happy shopping!\" \/>\n<meta name=\"robots\" content=\"index, follow, max-snippet:-1, max-image-preview:large, max-video-preview:-1\" \/>\n<link rel=\"canonical\" href=\"https:\/\/apexoutboards.com\/es_pr\/product\/2020-yamaha-40-hp-f40la-outboard-motor\/\" \/>\n<meta property=\"og:locale\" content=\"es_ES\" \/>\n<meta property=\"og:type\" content=\"article\" \/>\n<meta property=\"og:title\" content=\"2020 Yamaha 40 HP F40LA Outboard Motor\" \/>\n<meta property=\"og:description\" content=\"Get your product today! The 2020 Yamaha 40 HP F40LA Outboard Motor will be the best choice for you. Happy shopping!\" \/>\n<meta property=\"og:url\" content=\"https:\/\/apexoutboards.com\/es_pr\/product\/2020-yamaha-40-hp-f40la-outboard-motor\/\" \/>\n<meta property=\"og:site_name\" content=\"Apex Outboards\" \/>\n<meta property=\"article:modified_time\" content=\"2023-02-16T17:37:08+00:00\" \/>\n<meta property=\"og:image\" content=\"https:\/\/apexoutboards.com\/wp-content\/uploads\/2021\/12\/40-1-500x500-1.jpg\" \/>\n\t<meta property=\"og:image:width\" content=\"500\" \/>\n\t<meta property=\"og:image:height\" content=\"500\" \/>\n\t<meta property=\"og:image:type\" content=\"image\/jpeg\" \/>\n<meta name=\"twitter:card\" content=\"summary_large_image\" \/>\n<meta name=\"twitter:label1\" content=\"Est. reading time\" \/>\n\t<meta name=\"twitter:data1\" content=\"2 minutos\" \/>\n<script type=\"application\/ld+json\" class=\"yoast-schema-graph\">{\"@context\":\"https:\/\/schema.org\",\"@graph\":[{\"@type\":\"WebPage\",\"@id\":\"https:\/\/apexoutboards.com\/product\/2020-yamaha-40-hp-f40la-outboard-motor\/\",\"url\":\"https:\/\/apexoutboards.com\/product\/2020-yamaha-40-hp-f40la-outboard-motor\/\",\"name\":\"2020 Yamaha 40 HP F40LA Outboard Motor\",\"isPartOf\":{\"@id\":\"https:\/\/apexoutboards.com\/#website\"},\"primaryImageOfPage\":{\"@id\":\"https:\/\/apexoutboards.com\/product\/2020-yamaha-40-hp-f40la-outboard-motor\/#primaryimage\"},\"image\":{\"@id\":\"https:\/\/apexoutboards.com\/product\/2020-yamaha-40-hp-f40la-outboard-motor\/#primaryimage\"},\"thumbnailUrl\":\"https:\/\/apexoutboards.com\/wp-content\/uploads\/2021\/12\/40-1-500x500-1.jpg\",\"datePublished\":\"2021-12-18T14:09:54+00:00\",\"dateModified\":\"2023-02-16T17:37:08+00:00\",\"description\":\"Get your product today! The 2020 Yamaha 40 HP F40LA Outboard Motor will be the best choice for you. Happy shopping!\",\"breadcrumb\":{\"@id\":\"https:\/\/apexoutboards.com\/product\/2020-yamaha-40-hp-f40la-outboard-motor\/#breadcrumb\"},\"inLanguage\":\"es\",\"potentialAction\":[{\"@type\":\"ReadAction\",\"target\":[\"https:\/\/apexoutboards.com\/product\/2020-yamaha-40-hp-f40la-outboard-motor\/\"]}]},{\"@type\":\"ImageObject\",\"inLanguage\":\"es\",\"@id\":\"https:\/\/apexoutboards.com\/product\/2020-yamaha-40-hp-f40la-outboard-motor\/#primaryimage\",\"url\":\"https:\/\/apexoutboards.com\/wp-content\/uploads\/2021\/12\/40-1-500x500-1.jpg\",\"contentUrl\":\"https:\/\/apexoutboards.com\/wp-content\/uploads\/2021\/12\/40-1-500x500-1.jpg\",\"width\":500,\"height\":500},{\"@type\":\"BreadcrumbList\",\"@id\":\"https:\/\/apexoutboards.com\/product\/2020-yamaha-40-hp-f40la-outboard-motor\/#breadcrumb\",\"itemListElement\":[{\"@type\":\"ListItem\",\"position\":1,\"name\":\"Home\",\"item\":\"https:\/\/apexoutboards.com\/\"},{\"@type\":\"ListItem\",\"position\":2,\"name\":\"Shop\",\"item\":\"https:\/\/apexoutboards.com\/shop\/\"},{\"@type\":\"ListItem\",\"position\":3,\"name\":\"2020 Yamaha 40 HP F40LA Outboard Motor\"}]},{\"@type\":\"WebSite\",\"@id\":\"https:\/\/apexoutboards.com\/#website\",\"url\":\"https:\/\/apexoutboards.com\/\",\"name\":\"Apex Outboards\",\"description\":\"apexoutboards.com\",\"publisher\":{\"@id\":\"https:\/\/apexoutboards.com\/#organization\"},\"potentialAction\":[{\"@type\":\"SearchAction\",\"target\":{\"@type\":\"EntryPoint\",\"urlTemplate\":\"https:\/\/apexoutboards.com\/?s={search_term_string}\"},\"query-input\":{\"@type\":\"PropertyValueSpecification\",\"valueRequired\":true,\"valueName\":\"search_term_string\"}}],\"inLanguage\":\"es\"},{\"@type\":\"Organization\",\"@id\":\"https:\/\/apexoutboards.com\/#organization\",\"name\":\"Apex Outboards\",\"url\":\"https:\/\/apexoutboards.com\/\",\"logo\":{\"@type\":\"ImageObject\",\"inLanguage\":\"es\",\"@id\":\"https:\/\/apexoutboards.com\/#\/schema\/logo\/image\/\",\"url\":\"https:\/\/apexoutboards.com\/wp-content\/uploads\/2021\/12\/Screenshot_7.png\",\"contentUrl\":\"https:\/\/apexoutboards.com\/wp-content\/uploads\/2021\/12\/Screenshot_7.png\",\"width\":222,\"height\":103,\"caption\":\"Apex Outboards\"},\"image\":{\"@id\":\"https:\/\/apexoutboards.com\/#\/schema\/logo\/image\/\"}}]}<\/script>\n<!-- \/ Yoast SEO plugin. -->","yoast_head_json":{"title":"2020 Yamaha 40 HP F40LA Motor fuera de borda","description":"Get your product today! The 2020 Yamaha 40 HP F40LA Outboard Motor will be the best choice for you. Happy shopping!","robots":{"index":"index","follow":"follow","max-snippet":"max-snippet:-1","max-image-preview":"max-image-preview:large","max-video-preview":"max-video-preview:-1"},"canonical":"https:\/\/apexoutboards.com\/es_pr\/product\/2020-yamaha-40-hp-f40la-outboard-motor\/","og_locale":"es_ES","og_type":"article","og_title":"2020 Yamaha 40 HP F40LA Outboard Motor","og_description":"Get your product today! The 2020 Yamaha 40 HP F40LA Outboard Motor will be the best choice for you. Happy shopping!","og_url":"https:\/\/apexoutboards.com\/es_pr\/product\/2020-yamaha-40-hp-f40la-outboard-motor\/","og_site_name":"Apex Outboards","article_modified_time":"2023-02-16T17:37:08+00:00","og_image":[{"width":500,"height":500,"url":"https:\/\/apexoutboards.com\/wp-content\/uploads\/2021\/12\/40-1-500x500-1.jpg","type":"image\/jpeg"}],"twitter_card":"summary_large_image","twitter_misc":{"Est. reading time":"2 minutos"},"schema":{"@context":"https:\/\/schema.org","@graph":[{"@type":"WebPage","@id":"https:\/\/apexoutboards.com\/product\/2020-yamaha-40-hp-f40la-outboard-motor\/","url":"https:\/\/apexoutboards.com\/product\/2020-yamaha-40-hp-f40la-outboard-motor\/","name":"2020 Yamaha 40 HP F40LA Motor fuera de borda","isPartOf":{"@id":"https:\/\/apexoutboards.com\/#website"},"primaryImageOfPage":{"@id":"https:\/\/apexoutboards.com\/product\/2020-yamaha-40-hp-f40la-outboard-motor\/#primaryimage"},"image":{"@id":"https:\/\/apexoutboards.com\/product\/2020-yamaha-40-hp-f40la-outboard-motor\/#primaryimage"},"thumbnailUrl":"https:\/\/apexoutboards.com\/wp-content\/uploads\/2021\/12\/40-1-500x500-1.jpg","datePublished":"2021-12-18T14:09:54+00:00","dateModified":"2023-02-16T17:37:08+00:00","description":"Get your product today! The 2020 Yamaha 40 HP F40LA Outboard Motor will be the best choice for you. Happy shopping!","breadcrumb":{"@id":"https:\/\/apexoutboards.com\/product\/2020-yamaha-40-hp-f40la-outboard-motor\/#breadcrumb"},"inLanguage":"es","potentialAction":[{"@type":"ReadAction","target":["https:\/\/apexoutboards.com\/product\/2020-yamaha-40-hp-f40la-outboard-motor\/"]}]},{"@type":"ImageObject","inLanguage":"es","@id":"https:\/\/apexoutboards.com\/product\/2020-yamaha-40-hp-f40la-outboard-motor\/#primaryimage","url":"https:\/\/apexoutboards.com\/wp-content\/uploads\/2021\/12\/40-1-500x500-1.jpg","contentUrl":"https:\/\/apexoutboards.com\/wp-content\/uploads\/2021\/12\/40-1-500x500-1.jpg","width":500,"height":500},{"@type":"BreadcrumbList","@id":"https:\/\/apexoutboards.com\/product\/2020-yamaha-40-hp-f40la-outboard-motor\/#breadcrumb","itemListElement":[{"@type":"ListItem","position":1,"name":"Home","item":"https:\/\/apexoutboards.com\/"},{"@type":"ListItem","position":2,"name":"Shop","item":"https:\/\/apexoutboards.com\/shop\/"},{"@type":"ListItem","position":3,"name":"2020 Yamaha 40 HP F40LA Outboard Motor"}]},{"@type":"WebSite","@id":"https:\/\/apexoutboards.com\/#website","url":"https:\/\/apexoutboards.com\/","name":"Fuerabordas de primera clase","description":"apexoutboards.com","publisher":{"@id":"https:\/\/apexoutboards.com\/#organization"},"potentialAction":[{"@type":"SearchAction","target":{"@type":"EntryPoint","urlTemplate":"https:\/\/apexoutboards.com\/?s={search_term_string}"},"query-input":{"@type":"PropertyValueSpecification","valueRequired":true,"valueName":"search_term_string"}}],"inLanguage":"es"},{"@type":"Organization","@id":"https:\/\/apexoutboards.com\/#organization","name":"Fuerabordas de primera clase","url":"https:\/\/apexoutboards.com\/","logo":{"@type":"ImageObject","inLanguage":"es","@id":"https:\/\/apexoutboards.com\/#\/schema\/logo\/image\/","url":"https:\/\/apexoutboards.com\/wp-content\/uploads\/2021\/12\/Screenshot_7.png","contentUrl":"https:\/\/apexoutboards.com\/wp-content\/uploads\/2021\/12\/Screenshot_7.png","width":222,"height":103,"caption":"Apex Outboards"},"image":{"@id":"https:\/\/apexoutboards.com\/#\/schema\/logo\/image\/"}}]}},"jetpack_sharing_enabled":true,"_links":{"self":[{"href":"https:\/\/apexoutboards.com\/es_pr\/wp-json\/wp\/v2\/product\/3800","targetHints":{"allow":["GET"]}}],"collection":[{"href":"https:\/\/apexoutboards.com\/es_pr\/wp-json\/wp\/v2\/product"}],"about":[{"href":"https:\/\/apexoutboards.com\/es_pr\/wp-json\/wp\/v2\/types\/product"}],"replies":[{"embeddable":true,"href":"https:\/\/apexoutboards.com\/es_pr\/wp-json\/wp\/v2\/comments?post=3800"}],"version-history":[{"count":0,"href":"https:\/\/apexoutboards.com\/es_pr\/wp-json\/wp\/v2\/product\/3800\/revisions"}],"wp:featuredmedia":[{"embeddable":true,"href":"https:\/\/apexoutboards.com\/es_pr\/wp-json\/wp\/v2\/media\/3802"}],"wp:attachment":[{"href":"https:\/\/apexoutboards.com\/es_pr\/wp-json\/wp\/v2\/media?parent=3800"}],"wp:term":[{"taxonomy":"product_brand","embeddable":true,"href":"https:\/\/apexoutboards.com\/es_pr\/wp-json\/wp\/v2\/product_brand?post=3800"},{"taxonomy":"product_cat","embeddable":true,"href":"https:\/\/apexoutboards.com\/es_pr\/wp-json\/wp\/v2\/product_cat?post=3800"},{"taxonomy":"product_tag","embeddable":true,"href":"https:\/\/apexoutboards.com\/es_pr\/wp-json\/wp\/v2\/product_tag?post=3800"}],"curies":[{"name":"wp","href":"https:\/\/api.w.org\/{rel}","templated":true}]}}