{"id":2564,"date":"2021-12-07T22:58:40","date_gmt":"2021-12-07T11:58:40","guid":{"rendered":"https:\/\/apexoutboards.com\/?post_type=product&#038;p=2564"},"modified":"2023-02-17T05:26:56","modified_gmt":"2023-02-16T18:26:56","slug":"2022-honda-5-hp-bf5dhshna-outboard-motor","status":"publish","type":"product","link":"https:\/\/apexoutboards.com\/es_pr\/product\/2022-honda-5-hp-bf5dhshna-outboard-motor\/","title":{"rendered":"2022 HONDA 5 HP BF5DHSHNA Motor fuera de borda"},"content":{"rendered":"<h4>Caracter\u00edsticas<\/h4>\n<div class=\"tab-content\">\n<div id=\"tab1\" class=\"tab-pane active\">\n<div class=\"rte\">\n<div class=\"custom-field custom-field__description_ob custom-field__type--html\">\n<div class=\"custom-field--value\">\n<ul>\n<li>Dise\u00f1o fiable y eficiente de 4 tiempos<\/li>\n<li>Ligero y compacto<\/li>\n<li>Pr\u00e1ctico mango del tim\u00f3n plegable<\/li>\n<li>Motor de gran cilindrada para m\u00e1s potencia<\/li>\n<li>Acelerador con empu\u00f1adura giratoria: m\u00e1s c\u00f3modo de usar<\/li>\n<li>Garant\u00eda True 5: una tranquilidad inigualable<\/li>\n<li>Sistema de protecci\u00f3n contra la corrosi\u00f3n 4-Front: combate los elementos<\/li>\n<li>Encendido digital del CD: f\u00e1cil de arrancar<\/li>\n<li>Alerta de bajo nivel de aceite y de reducci\u00f3n de revoluciones<\/li>\n<li>F\u00e1cil de transportar e instalar<\/li>\n<li>Nuevos soportes de aislamiento: reducci\u00f3n de las vibraciones para mayor comodidad y durabilidad<\/li>\n<li>Impulsi\u00f3n de aguas poco profundas<\/li>\n<li>Cambio de marchas F-N-R<\/li>\n<li>Lubricaci\u00f3n por c\u00e1rter h\u00famedo: mayor durabilidad<\/li>\n<li>Emisiones ultra bajas de 3 estrellas CARB<\/li>\n<li>Sistema de carga opcional de 6 amperios<\/li>\n<li>Mecanismo de descompresi\u00f3n para facilitar el arranque<\/li>\n<li>Bot\u00f3n de parada f\u00e1cil de pulsar y soltar<\/li>\n<li>Dep\u00f3sito interno de 1,5L (s\u00f3lo) y conector externo<\/li>\n<\/ul>\n<\/div>\n<\/div>\n<\/div>\n<\/div>\n<\/div>\n<div style=\"display:none;\">\n\t<a href=\"https:\/\/yoast.com\/\">Yoast<\/a><br \/>\n\t<a href=\"https:\/\/apexoutboards.com\/es_pr\/\">firstclassoutboards<\/a><br \/>\n\t<img decoding=\"async\" src=\"https:\/\/apexoutboards.com\/wp-content\/uploads\/2021\/12\/PNG_Transparent_High-Resolution_300-_Dpi-1-1-1536x650.png\" alt=\"\"><br \/>\n\tApex Outboards es el mayor distribuidor de motores fueraborda de Estados Unidos. Los miembros de nuestro equipo ofrecen el mejor servicio al cliente y conocimiento t\u00e9cnico de cualquier distribuidor de motores fueraborda.\n<\/div>","protected":false},"excerpt":{"rendered":"<div class=\"rte\">\n<p>Silencioso, fiable y ligero: esto es exactamente lo que quiere en un fueraborda port\u00e1til. El BF5D es incre\u00edblemente ligero y compacto. Es f\u00e1cil de transportar e ideal para peque\u00f1as embarcaciones auxiliares, canoas y botes.<\/p>\n<p>Y con las caracter\u00edsticas dise\u00f1adas para hacer que su embarcaci\u00f3n sea suave, silenciosa y fiable para Honda, estar\u00e1 listo para disfrutar de un d\u00eda en el agua en los pr\u00f3ximos a\u00f1os.<\/p>\n<\/div>\n<div class=\"prod_sku_vend\">\n<div class=\"\">\n<div class=\"col-xs-12 col-lg-6\">\n<div class=\"prodInfo text-center\">\n<h4 class=\"spec\">5cv <span class=\"specLabel\">Caballos de fuerza<\/span><\/h4>\n<h4 class=\"spec\">59,5 libras <span class=\"specLabel\">Peso<\/span><\/h4>\n<p><img decoding=\"async\" class=\"alignnone size-full wp-image-2772\" src=\"https:\/\/apexoutboards.com\/wp-content\/uploads\/2021\/12\/honda_png.png\" alt=\"\" width=\"117\" height=\"119\" \/><\/p>\n<div><\/div>\n<\/div>\n<\/div>\n<div class=\"col-xs-12 col-lg-6\">\n<table class=\"table table-condensed\">\n<tbody>\n<tr>\n<th>Longitud del eje:<\/th>\n<td>15\u2033 (Corto)<\/td>\n<\/tr>\n<tr>\n<th>Empezando:<\/th>\n<td>Manual<\/td>\n<\/tr>\n<\/tbody>\n<\/table>\n<\/div>\n<\/div>\n<\/div>","protected":false},"featured_media":2566,"comment_status":"open","ping_status":"closed","template":"","meta":{"ocean_post_layout":"","ocean_both_sidebars_style":"","ocean_both_sidebars_content_width":0,"ocean_both_sidebars_sidebars_width":0,"ocean_sidebar":"0","ocean_second_sidebar":"0","ocean_disable_margins":"enable","ocean_add_body_class":"","ocean_shortcode_before_top_bar":"","ocean_shortcode_after_top_bar":"","ocean_shortcode_before_header":"","ocean_shortcode_after_header":"","ocean_has_shortcode":"","ocean_shortcode_after_title":"","ocean_shortcode_before_footer_widgets":"","ocean_shortcode_after_footer_widgets":"","ocean_shortcode_before_footer_bottom":"","ocean_shortcode_after_footer_bottom":"","ocean_display_top_bar":"default","ocean_display_header":"default","ocean_header_style":"","ocean_center_header_left_menu":"0","ocean_custom_header_template":"0","ocean_custom_logo":0,"ocean_custom_retina_logo":0,"ocean_custom_logo_max_width":0,"ocean_custom_logo_tablet_max_width":0,"ocean_custom_logo_mobile_max_width":0,"ocean_custom_logo_max_height":0,"ocean_custom_logo_tablet_max_height":0,"ocean_custom_logo_mobile_max_height":0,"ocean_header_custom_menu":"0","ocean_menu_typo_font_family":"0","ocean_menu_typo_font_subset":"","ocean_menu_typo_font_size":0,"ocean_menu_typo_font_size_tablet":0,"ocean_menu_typo_font_size_mobile":0,"ocean_menu_typo_font_size_unit":"px","ocean_menu_typo_font_weight":"","ocean_menu_typo_font_weight_tablet":"","ocean_menu_typo_font_weight_mobile":"","ocean_menu_typo_transform":"","ocean_menu_typo_transform_tablet":"","ocean_menu_typo_transform_mobile":"","ocean_menu_typo_line_height":0,"ocean_menu_typo_line_height_tablet":0,"ocean_menu_typo_line_height_mobile":0,"ocean_menu_typo_line_height_unit":"","ocean_menu_typo_spacing":0,"ocean_menu_typo_spacing_tablet":0,"ocean_menu_typo_spacing_mobile":0,"ocean_menu_typo_spacing_unit":"","ocean_menu_link_color":"","ocean_menu_link_color_hover":"","ocean_menu_link_color_active":"","ocean_menu_link_background":"","ocean_menu_link_hover_background":"","ocean_menu_link_active_background":"","ocean_menu_social_links_bg":"","ocean_menu_social_hover_links_bg":"","ocean_menu_social_links_color":"","ocean_menu_social_hover_links_color":"","ocean_disable_title":"default","ocean_disable_heading":"default","ocean_post_title":"","ocean_post_subheading":"","ocean_post_title_style":"","ocean_post_title_background_color":"","ocean_post_title_background":0,"ocean_post_title_bg_image_position":"","ocean_post_title_bg_image_attachment":"","ocean_post_title_bg_image_repeat":"","ocean_post_title_bg_image_size":"","ocean_post_title_height":0,"ocean_post_title_bg_overlay":0.5,"ocean_post_title_bg_overlay_color":"","ocean_disable_breadcrumbs":"default","ocean_breadcrumbs_color":"","ocean_breadcrumbs_separator_color":"","ocean_breadcrumbs_links_color":"","ocean_breadcrumbs_links_hover_color":"","ocean_display_footer_widgets":"default","ocean_display_footer_bottom":"default","ocean_custom_footer_template":"0"},"product_brand":[],"product_cat":[62,77,86,47,75,84,78,82,81],"product_tag":[],"class_list":{"0":"post-2564","1":"product","2":"type-product","3":"status-publish","4":"has-post-thumbnail","6":"product_cat-5-hp","7":"product_cat-best-selling","8":"product_cat-fishing-boat-engines","9":"product_cat-honda","10":"product_cat-honda-5-hp","11":"product_cat-jon-boat-motors","12":"product_cat-kicker-outboard-motors","13":"product_cat-sailboat-motors","14":"product_cat-small-boat-motors","16":"entry","17":"has-media","19":"first","20":"instock","21":"sale","22":"shipping-taxable","23":"purchasable","24":"product-type-simple","25":"has-product-nav","26":"col","27":"span_1_of_4","28":"owp-content-center","29":"owp-thumbs-layout-horizontal","30":"owp-btn-normal","31":"owp-tabs-layout-horizontal","32":"has-no-thumbnails","34":"circle-sale"},"yoast_head":"<!-- This site is optimized with the Yoast SEO plugin v27.2 - https:\/\/yoast.com\/product\/yoast-seo-wordpress\/ -->\n<title>2022 HONDA 5 HP BF5DHSHNA Outboard Motor<\/title>\n<meta name=\"description\" content=\"Get your product today! The 2022 HONDA 5 HP BF5DHSHNA Outboard Motor will be the best choice for you. Happy shopping!\" \/>\n<meta name=\"robots\" content=\"index, follow, max-snippet:-1, max-image-preview:large, max-video-preview:-1\" \/>\n<link rel=\"canonical\" href=\"https:\/\/apexoutboards.com\/es_pr\/product\/2022-honda-5-hp-bf5dhshna-outboard-motor\/\" \/>\n<meta property=\"og:locale\" content=\"es_ES\" \/>\n<meta property=\"og:type\" content=\"article\" \/>\n<meta property=\"og:title\" content=\"2022 HONDA 5 HP BF5DHSHNA Outboard Motor\" \/>\n<meta property=\"og:description\" content=\"Get your product today! The 2022 HONDA 5 HP BF5DHSHNA Outboard Motor will be the best choice for you. Happy shopping!\" \/>\n<meta property=\"og:url\" content=\"https:\/\/apexoutboards.com\/es_pr\/product\/2022-honda-5-hp-bf5dhshna-outboard-motor\/\" \/>\n<meta property=\"og:site_name\" content=\"Apex Outboards\" \/>\n<meta property=\"article:modified_time\" content=\"2023-02-16T18:26:56+00:00\" \/>\n<meta property=\"og:image\" content=\"https:\/\/apexoutboards.com\/wp-content\/uploads\/2021\/12\/honda_5_hp_b95ef90c-47e3-4aad-b6ad-6063a33abba4_800x_jpg.png\" \/>\n\t<meta property=\"og:image:width\" content=\"800\" \/>\n\t<meta property=\"og:image:height\" content=\"800\" \/>\n\t<meta property=\"og:image:type\" content=\"image\/png\" \/>\n<meta name=\"twitter:card\" content=\"summary_large_image\" \/>\n<meta name=\"twitter:label1\" content=\"Est. reading time\" \/>\n\t<meta name=\"twitter:data1\" content=\"1 minuto\" \/>\n<script type=\"application\/ld+json\" class=\"yoast-schema-graph\">{\"@context\":\"https:\/\/schema.org\",\"@graph\":[{\"@type\":\"WebPage\",\"@id\":\"https:\/\/apexoutboards.com\/product\/2022-honda-5-hp-bf5dhshna-outboard-motor\/\",\"url\":\"https:\/\/apexoutboards.com\/product\/2022-honda-5-hp-bf5dhshna-outboard-motor\/\",\"name\":\"2022 HONDA 5 HP BF5DHSHNA Outboard Motor\",\"isPartOf\":{\"@id\":\"https:\/\/apexoutboards.com\/#website\"},\"primaryImageOfPage\":{\"@id\":\"https:\/\/apexoutboards.com\/product\/2022-honda-5-hp-bf5dhshna-outboard-motor\/#primaryimage\"},\"image\":{\"@id\":\"https:\/\/apexoutboards.com\/product\/2022-honda-5-hp-bf5dhshna-outboard-motor\/#primaryimage\"},\"thumbnailUrl\":\"https:\/\/apexoutboards.com\/wp-content\/uploads\/2021\/12\/honda_5_hp_b95ef90c-47e3-4aad-b6ad-6063a33abba4_800x_jpg.png\",\"datePublished\":\"2021-12-07T11:58:40+00:00\",\"dateModified\":\"2023-02-16T18:26:56+00:00\",\"description\":\"Get your product today! The 2022 HONDA 5 HP BF5DHSHNA Outboard Motor will be the best choice for you. Happy shopping!\",\"breadcrumb\":{\"@id\":\"https:\/\/apexoutboards.com\/product\/2022-honda-5-hp-bf5dhshna-outboard-motor\/#breadcrumb\"},\"inLanguage\":\"es\",\"potentialAction\":[{\"@type\":\"ReadAction\",\"target\":[\"https:\/\/apexoutboards.com\/product\/2022-honda-5-hp-bf5dhshna-outboard-motor\/\"]}]},{\"@type\":\"ImageObject\",\"inLanguage\":\"es\",\"@id\":\"https:\/\/apexoutboards.com\/product\/2022-honda-5-hp-bf5dhshna-outboard-motor\/#primaryimage\",\"url\":\"https:\/\/apexoutboards.com\/wp-content\/uploads\/2021\/12\/honda_5_hp_b95ef90c-47e3-4aad-b6ad-6063a33abba4_800x_jpg.png\",\"contentUrl\":\"https:\/\/apexoutboards.com\/wp-content\/uploads\/2021\/12\/honda_5_hp_b95ef90c-47e3-4aad-b6ad-6063a33abba4_800x_jpg.png\",\"width\":800,\"height\":800},{\"@type\":\"BreadcrumbList\",\"@id\":\"https:\/\/apexoutboards.com\/product\/2022-honda-5-hp-bf5dhshna-outboard-motor\/#breadcrumb\",\"itemListElement\":[{\"@type\":\"ListItem\",\"position\":1,\"name\":\"Home\",\"item\":\"https:\/\/apexoutboards.com\/\"},{\"@type\":\"ListItem\",\"position\":2,\"name\":\"Shop\",\"item\":\"https:\/\/apexoutboards.com\/shop\/\"},{\"@type\":\"ListItem\",\"position\":3,\"name\":\"2022 HONDA 5 HP BF5DHSHNA Outboard Motor\"}]},{\"@type\":\"WebSite\",\"@id\":\"https:\/\/apexoutboards.com\/#website\",\"url\":\"https:\/\/apexoutboards.com\/\",\"name\":\"Apex Outboards\",\"description\":\"apexoutboards.com\",\"publisher\":{\"@id\":\"https:\/\/apexoutboards.com\/#organization\"},\"potentialAction\":[{\"@type\":\"SearchAction\",\"target\":{\"@type\":\"EntryPoint\",\"urlTemplate\":\"https:\/\/apexoutboards.com\/?s={search_term_string}\"},\"query-input\":{\"@type\":\"PropertyValueSpecification\",\"valueRequired\":true,\"valueName\":\"search_term_string\"}}],\"inLanguage\":\"es\"},{\"@type\":\"Organization\",\"@id\":\"https:\/\/apexoutboards.com\/#organization\",\"name\":\"Apex Outboards\",\"url\":\"https:\/\/apexoutboards.com\/\",\"logo\":{\"@type\":\"ImageObject\",\"inLanguage\":\"es\",\"@id\":\"https:\/\/apexoutboards.com\/#\/schema\/logo\/image\/\",\"url\":\"https:\/\/apexoutboards.com\/wp-content\/uploads\/2021\/12\/Screenshot_7.png\",\"contentUrl\":\"https:\/\/apexoutboards.com\/wp-content\/uploads\/2021\/12\/Screenshot_7.png\",\"width\":222,\"height\":103,\"caption\":\"Apex Outboards\"},\"image\":{\"@id\":\"https:\/\/apexoutboards.com\/#\/schema\/logo\/image\/\"}}]}<\/script>\n<!-- \/ Yoast SEO plugin. -->","yoast_head_json":{"title":"2022 HONDA 5 HP BF5DHSHNA Motor fuera de borda","description":"\u00a1Consiga su producto hoy mismo! El motor fueraborda 2022 HONDA 5 HP BF5DHSHNA ser\u00e1 la mejor opci\u00f3n para usted. \u00a1Feliz compra!","robots":{"index":"index","follow":"follow","max-snippet":"max-snippet:-1","max-image-preview":"max-image-preview:large","max-video-preview":"max-video-preview:-1"},"canonical":"https:\/\/apexoutboards.com\/es_pr\/product\/2022-honda-5-hp-bf5dhshna-outboard-motor\/","og_locale":"es_ES","og_type":"article","og_title":"2022 HONDA 5 HP BF5DHSHNA Outboard Motor","og_description":"Get your product today! The 2022 HONDA 5 HP BF5DHSHNA Outboard Motor will be the best choice for you. Happy shopping!","og_url":"https:\/\/apexoutboards.com\/es_pr\/product\/2022-honda-5-hp-bf5dhshna-outboard-motor\/","og_site_name":"Apex Outboards","article_modified_time":"2023-02-16T18:26:56+00:00","og_image":[{"width":800,"height":800,"url":"https:\/\/apexoutboards.com\/wp-content\/uploads\/2021\/12\/honda_5_hp_b95ef90c-47e3-4aad-b6ad-6063a33abba4_800x_jpg.png","type":"image\/png"}],"twitter_card":"summary_large_image","twitter_misc":{"Est. reading time":"1 minuto"},"schema":{"@context":"https:\/\/schema.org","@graph":[{"@type":"WebPage","@id":"https:\/\/apexoutboards.com\/product\/2022-honda-5-hp-bf5dhshna-outboard-motor\/","url":"https:\/\/apexoutboards.com\/product\/2022-honda-5-hp-bf5dhshna-outboard-motor\/","name":"2022 HONDA 5 HP BF5DHSHNA Motor fuera de borda","isPartOf":{"@id":"https:\/\/apexoutboards.com\/#website"},"primaryImageOfPage":{"@id":"https:\/\/apexoutboards.com\/product\/2022-honda-5-hp-bf5dhshna-outboard-motor\/#primaryimage"},"image":{"@id":"https:\/\/apexoutboards.com\/product\/2022-honda-5-hp-bf5dhshna-outboard-motor\/#primaryimage"},"thumbnailUrl":"https:\/\/apexoutboards.com\/wp-content\/uploads\/2021\/12\/honda_5_hp_b95ef90c-47e3-4aad-b6ad-6063a33abba4_800x_jpg.png","datePublished":"2021-12-07T11:58:40+00:00","dateModified":"2023-02-16T18:26:56+00:00","description":"\u00a1Consiga su producto hoy mismo! El motor fueraborda 2022 HONDA 5 HP BF5DHSHNA ser\u00e1 la mejor opci\u00f3n para usted. \u00a1Feliz compra!","breadcrumb":{"@id":"https:\/\/apexoutboards.com\/product\/2022-honda-5-hp-bf5dhshna-outboard-motor\/#breadcrumb"},"inLanguage":"es","potentialAction":[{"@type":"ReadAction","target":["https:\/\/apexoutboards.com\/product\/2022-honda-5-hp-bf5dhshna-outboard-motor\/"]}]},{"@type":"ImageObject","inLanguage":"es","@id":"https:\/\/apexoutboards.com\/product\/2022-honda-5-hp-bf5dhshna-outboard-motor\/#primaryimage","url":"https:\/\/apexoutboards.com\/wp-content\/uploads\/2021\/12\/honda_5_hp_b95ef90c-47e3-4aad-b6ad-6063a33abba4_800x_jpg.png","contentUrl":"https:\/\/apexoutboards.com\/wp-content\/uploads\/2021\/12\/honda_5_hp_b95ef90c-47e3-4aad-b6ad-6063a33abba4_800x_jpg.png","width":800,"height":800},{"@type":"BreadcrumbList","@id":"https:\/\/apexoutboards.com\/product\/2022-honda-5-hp-bf5dhshna-outboard-motor\/#breadcrumb","itemListElement":[{"@type":"ListItem","position":1,"name":"Home","item":"https:\/\/apexoutboards.com\/"},{"@type":"ListItem","position":2,"name":"Shop","item":"https:\/\/apexoutboards.com\/shop\/"},{"@type":"ListItem","position":3,"name":"2022 HONDA 5 HP BF5DHSHNA Outboard Motor"}]},{"@type":"WebSite","@id":"https:\/\/apexoutboards.com\/#website","url":"https:\/\/apexoutboards.com\/","name":"Fuerabordas de primera clase","description":"apexoutboards.com","publisher":{"@id":"https:\/\/apexoutboards.com\/#organization"},"potentialAction":[{"@type":"SearchAction","target":{"@type":"EntryPoint","urlTemplate":"https:\/\/apexoutboards.com\/?s={search_term_string}"},"query-input":{"@type":"PropertyValueSpecification","valueRequired":true,"valueName":"search_term_string"}}],"inLanguage":"es"},{"@type":"Organization","@id":"https:\/\/apexoutboards.com\/#organization","name":"Fuerabordas de primera clase","url":"https:\/\/apexoutboards.com\/","logo":{"@type":"ImageObject","inLanguage":"es","@id":"https:\/\/apexoutboards.com\/#\/schema\/logo\/image\/","url":"https:\/\/apexoutboards.com\/wp-content\/uploads\/2021\/12\/Screenshot_7.png","contentUrl":"https:\/\/apexoutboards.com\/wp-content\/uploads\/2021\/12\/Screenshot_7.png","width":222,"height":103,"caption":"Apex Outboards"},"image":{"@id":"https:\/\/apexoutboards.com\/#\/schema\/logo\/image\/"}}]}},"jetpack_sharing_enabled":true,"_links":{"self":[{"href":"https:\/\/apexoutboards.com\/es_pr\/wp-json\/wp\/v2\/product\/2564","targetHints":{"allow":["GET"]}}],"collection":[{"href":"https:\/\/apexoutboards.com\/es_pr\/wp-json\/wp\/v2\/product"}],"about":[{"href":"https:\/\/apexoutboards.com\/es_pr\/wp-json\/wp\/v2\/types\/product"}],"replies":[{"embeddable":true,"href":"https:\/\/apexoutboards.com\/es_pr\/wp-json\/wp\/v2\/comments?post=2564"}],"version-history":[{"count":0,"href":"https:\/\/apexoutboards.com\/es_pr\/wp-json\/wp\/v2\/product\/2564\/revisions"}],"wp:featuredmedia":[{"embeddable":true,"href":"https:\/\/apexoutboards.com\/es_pr\/wp-json\/wp\/v2\/media\/2566"}],"wp:attachment":[{"href":"https:\/\/apexoutboards.com\/es_pr\/wp-json\/wp\/v2\/media?parent=2564"}],"wp:term":[{"taxonomy":"product_brand","embeddable":true,"href":"https:\/\/apexoutboards.com\/es_pr\/wp-json\/wp\/v2\/product_brand?post=2564"},{"taxonomy":"product_cat","embeddable":true,"href":"https:\/\/apexoutboards.com\/es_pr\/wp-json\/wp\/v2\/product_cat?post=2564"},{"taxonomy":"product_tag","embeddable":true,"href":"https:\/\/apexoutboards.com\/es_pr\/wp-json\/wp\/v2\/product_tag?post=2564"}],"curies":[{"name":"wp","href":"https:\/\/api.w.org\/{rel}","templated":true}]}}