{"id":2296,"date":"2021-12-06T23:24:32","date_gmt":"2021-12-06T12:24:32","guid":{"rendered":"https:\/\/apexoutboards.com\/?post_type=product&#038;p=2296"},"modified":"2023-02-17T05:30:27","modified_gmt":"2023-02-16T18:30:27","slug":"2022-honda-2-3-hp-bf2-3dhsch-outboard-motor","status":"publish","type":"product","link":"https:\/\/apexoutboards.com\/es_pr\/product\/2022-honda-2-3-hp-bf2-3dhsch-outboard-motor\/","title":{"rendered":"2022 HONDA 2.3 HP BF2.3DHSCH Motor fuera de borda"},"content":{"rendered":"<p>Caracter\u00edsticas<\/p>\n<div class=\"tab-content\">\n<div id=\"tab1\" class=\"tab-pane active\">\n<div class=\"rte\">\n<div class=\"custom-field custom-field__description_ob custom-field__type--html\">\n<div class=\"custom-field--value\">\n<ul>\n<li>Dise\u00f1o fiable y eficiente de 4 tiempos<\/li>\n<li>M\u00e1s potencia, sin sacrificar la portabilidad<\/li>\n<li>Ligero y compacto<\/li>\n<li>Control preciso del acelerador<\/li>\n<li>Motor refrigerado por aire forzado: no hay que preocuparse por la bomba de agua<\/li>\n<li>Emisiones ultrabajas de 3 estrellas CARB - Tecnolog\u00eda respetuosa con el medio ambiente<\/li>\n<li>Garant\u00eda True 5: una tranquilidad inigualable<\/li>\n<li>Encendido por transistor de f\u00e1cil arranque y sin mantenimiento<\/li>\n<li>F\u00e1cil de transportar e instalar<\/li>\n<li>Direcci\u00f3n giratoria de 360\u00b0: mayor maniobrabilidad<\/li>\n<li>Embrague centr\u00edfugo: mejor rendimiento<\/li>\n<li>C\u00f3moda ca\u00f1a de tim\u00f3n abatible<\/li>\n<li>Sistema de protecci\u00f3n contra la corrosi\u00f3n 4-Front: combate los elementos<\/li>\n<li>Dep\u00f3sito de combustible interno: facilita la portabilidad<\/li>\n<li>F\u00e1cil mantenimiento<\/li>\n<li>Ajuste de la fricci\u00f3n de la direcci\u00f3n<\/li>\n<li>Embellecedor ajustable<\/li>\n<li>Impulsi\u00f3n de aguas poco profundas<\/li>\n<li>H\u00e9lice incluida<\/li>\n<li>Tornillo de vaciado del carburador para facilitar la preparaci\u00f3n del almacenamiento<\/li>\n<li>Abrazaderas de espejo de popa con doble cierre<\/li>\n<li>Guarda de la hoja y de la chaveta<\/li>\n<\/ul>\n<\/div>\n<\/div>\n<\/div>\n<\/div>\n<\/div>\n<div style=\"display:none;\">\n\t<a href=\"https:\/\/yoast.com\/\">Yoast<\/a><br \/>\n\t<a href=\"https:\/\/apexoutboards.com\/es_pr\/\">firstclassoutboards<\/a><br \/>\n\t<img decoding=\"async\" src=\"https:\/\/apexoutboards.com\/wp-content\/uploads\/2021\/12\/PNG_Transparent_High-Resolution_300-_Dpi-1-1-1536x650.png\" alt=\"\"><br \/>\n\tApex Outboards es el mayor distribuidor de motores fueraborda de Estados Unidos. Los miembros de nuestro equipo ofrecen el mejor servicio al cliente y conocimiento t\u00e9cnico de cualquier distribuidor de motores fueraborda.\n<\/div>","protected":false},"excerpt":{"rendered":"<div class=\"rte\">\n<p>Las mejores cosas vienen en paquetes peque\u00f1os.  Y eso es especialmente cierto con el BF2.3 de Honda, uno de los fuerabordas de cuatro tiempos m\u00e1s ligeros del mundo. El BF2.3 es tan ligero que rivaliza con muchos motores de dos tiempos de 2 CV y con los motores el\u00e9ctricos, \u00a1sin la bater\u00eda!<\/p>\n<p>Pero el hecho de que sea ligero no significa que hayamos recortado la potencia. El BF2.3 tiene 15% m\u00e1s de potencia que su predecesor. Adem\u00e1s, hemos a\u00f1adido un dep\u00f3sito interno de gasolina 12% m\u00e1s grande, que proporciona aproximadamente una hora de funcionamiento con el acelerador totalmente abierto. Se trata de un dise\u00f1o tecnol\u00f3gicamente avanzado que le proporciona potencia y rendimiento, sin sacrificar la portabilidad.<\/p>\n<p><img decoding=\"async\" class=\"alignnone size-full wp-image-2772\" src=\"https:\/\/apexoutboards.com\/wp-content\/uploads\/2021\/12\/honda_png.png\" alt=\"\" width=\"117\" height=\"119\" \/><\/p>\n<\/div>\n<div class=\"prod_sku_vend\">\n<div class=\"\">\n<div class=\"col-xs-12 col-lg-6\">\n<div class=\"prodInfo text-center\">\n<div class=\"spec\"><strong>2,3cv <span class=\"specLabel\">Caballos de fuerza<\/span><\/strong><\/div>\n<div class=\"spec\"><strong>29,5 libras <span class=\"specLabel\">Peso<\/span><\/strong><\/div>\n<div><\/div>\n<\/div>\n<\/div>\n<div class=\"col-xs-12 col-lg-6\">\n<table class=\"table table-condensed\">\n<tbody>\n<tr>\n<th>Longitud del eje:<\/th>\n<td>15\u2033 (Corto)<\/td>\n<\/tr>\n<tr>\n<th>Empezando:<\/th>\n<td>Manual<\/td>\n<\/tr>\n<\/tbody>\n<\/table>\n<\/div>\n<\/div>\n<\/div>","protected":false},"featured_media":2297,"comment_status":"open","ping_status":"closed","template":"","meta":{"ocean_post_layout":"","ocean_both_sidebars_style":"","ocean_both_sidebars_content_width":0,"ocean_both_sidebars_sidebars_width":0,"ocean_sidebar":"0","ocean_second_sidebar":"0","ocean_disable_margins":"enable","ocean_add_body_class":"","ocean_shortcode_before_top_bar":"","ocean_shortcode_after_top_bar":"","ocean_shortcode_before_header":"","ocean_shortcode_after_header":"","ocean_has_shortcode":"","ocean_shortcode_after_title":"","ocean_shortcode_before_footer_widgets":"","ocean_shortcode_after_footer_widgets":"","ocean_shortcode_before_footer_bottom":"","ocean_shortcode_after_footer_bottom":"","ocean_display_top_bar":"default","ocean_display_header":"default","ocean_header_style":"","ocean_center_header_left_menu":"0","ocean_custom_header_template":"0","ocean_custom_logo":0,"ocean_custom_retina_logo":0,"ocean_custom_logo_max_width":0,"ocean_custom_logo_tablet_max_width":0,"ocean_custom_logo_mobile_max_width":0,"ocean_custom_logo_max_height":0,"ocean_custom_logo_tablet_max_height":0,"ocean_custom_logo_mobile_max_height":0,"ocean_header_custom_menu":"0","ocean_menu_typo_font_family":"0","ocean_menu_typo_font_subset":"","ocean_menu_typo_font_size":0,"ocean_menu_typo_font_size_tablet":0,"ocean_menu_typo_font_size_mobile":0,"ocean_menu_typo_font_size_unit":"px","ocean_menu_typo_font_weight":"","ocean_menu_typo_font_weight_tablet":"","ocean_menu_typo_font_weight_mobile":"","ocean_menu_typo_transform":"","ocean_menu_typo_transform_tablet":"","ocean_menu_typo_transform_mobile":"","ocean_menu_typo_line_height":0,"ocean_menu_typo_line_height_tablet":0,"ocean_menu_typo_line_height_mobile":0,"ocean_menu_typo_line_height_unit":"","ocean_menu_typo_spacing":0,"ocean_menu_typo_spacing_tablet":0,"ocean_menu_typo_spacing_mobile":0,"ocean_menu_typo_spacing_unit":"","ocean_menu_link_color":"","ocean_menu_link_color_hover":"","ocean_menu_link_color_active":"","ocean_menu_link_background":"","ocean_menu_link_hover_background":"","ocean_menu_link_active_background":"","ocean_menu_social_links_bg":"","ocean_menu_social_hover_links_bg":"","ocean_menu_social_links_color":"","ocean_menu_social_hover_links_color":"","ocean_disable_title":"default","ocean_disable_heading":"default","ocean_post_title":"","ocean_post_subheading":"","ocean_post_title_style":"","ocean_post_title_background_color":"","ocean_post_title_background":0,"ocean_post_title_bg_image_position":"","ocean_post_title_bg_image_attachment":"","ocean_post_title_bg_image_repeat":"","ocean_post_title_bg_image_size":"","ocean_post_title_height":0,"ocean_post_title_bg_overlay":0.5,"ocean_post_title_bg_overlay_color":"","ocean_disable_breadcrumbs":"default","ocean_breadcrumbs_color":"","ocean_breadcrumbs_separator_color":"","ocean_breadcrumbs_links_color":"","ocean_breadcrumbs_links_hover_color":"","ocean_display_footer_widgets":"default","ocean_display_footer_bottom":"default","ocean_custom_footer_template":"0"},"product_brand":[],"product_cat":[56,77,80,91,47,59,85,83,79,81],"product_tag":[],"class_list":{"0":"post-2296","1":"product","2":"type-product","3":"status-publish","4":"has-post-thumbnail","6":"product_cat-2-3-hp","7":"product_cat-best-selling","8":"product_cat-cheap-outboards","9":"product_cat-four-stroke-outboards","10":"product_cat-honda","11":"product_cat-honda-2-3-hp","12":"product_cat-inflatable-fishing-boat-motors","13":"product_cat-outboards-for-solo-skiff","14":"product_cat-outboards-shipped-free","15":"product_cat-small-boat-motors","17":"entry","18":"has-media","20":"first","21":"instock","22":"sale","23":"featured","24":"shipping-taxable","25":"purchasable","26":"product-type-simple","27":"has-product-nav","28":"col","29":"span_1_of_4","30":"owp-content-center","31":"owp-thumbs-layout-horizontal","32":"owp-btn-normal","33":"owp-tabs-layout-horizontal","34":"has-no-thumbnails","36":"circle-sale"},"yoast_head":"<!-- This site is optimized with the Yoast SEO plugin v27.2 - https:\/\/yoast.com\/product\/yoast-seo-wordpress\/ -->\n<title>2022 HONDA 2.3 HP BF2.3DHSCH Outboard Motor<\/title>\n<meta name=\"description\" content=\"Get your product today! The 2022 HONDA 2.3 HP BF2.3DHSCH Outboard Motor will be the best choice for you. Happy shopping!\" \/>\n<meta name=\"robots\" content=\"index, follow, max-snippet:-1, max-image-preview:large, max-video-preview:-1\" \/>\n<link rel=\"canonical\" href=\"https:\/\/apexoutboards.com\/es_pr\/product\/2022-honda-2-3-hp-bf2-3dhsch-outboard-motor\/\" \/>\n<meta property=\"og:locale\" content=\"es_ES\" \/>\n<meta property=\"og:type\" content=\"article\" \/>\n<meta property=\"og:title\" content=\"2022 HONDA 2.3 HP BF2.3DHSCH Outboard Motor\" \/>\n<meta property=\"og:description\" content=\"Get your product today! The 2022 HONDA 2.3 HP BF2.3DHSCH Outboard Motor will be the best choice for you. Happy shopping!\" \/>\n<meta property=\"og:url\" content=\"https:\/\/apexoutboards.com\/es_pr\/product\/2022-honda-2-3-hp-bf2-3dhsch-outboard-motor\/\" \/>\n<meta property=\"og:site_name\" content=\"Apex Outboards\" \/>\n<meta property=\"article:modified_time\" content=\"2023-02-16T18:30:27+00:00\" \/>\n<meta property=\"og:image\" content=\"https:\/\/apexoutboards.com\/wp-content\/uploads\/2021\/12\/honda_2-3_hp_20c3691b-ab7b-455c-85bc-1a65f5836694_800x_jpg.png\" \/>\n\t<meta property=\"og:image:width\" content=\"800\" \/>\n\t<meta property=\"og:image:height\" content=\"800\" \/>\n\t<meta property=\"og:image:type\" content=\"image\/png\" \/>\n<meta name=\"twitter:card\" content=\"summary_large_image\" \/>\n<meta name=\"twitter:label1\" content=\"Est. reading time\" \/>\n\t<meta name=\"twitter:data1\" content=\"1 minuto\" \/>\n<script type=\"application\/ld+json\" class=\"yoast-schema-graph\">{\"@context\":\"https:\/\/schema.org\",\"@graph\":[{\"@type\":\"WebPage\",\"@id\":\"https:\/\/apexoutboards.com\/product\/2022-honda-2-3-hp-bf2-3dhsch-outboard-motor\/\",\"url\":\"https:\/\/apexoutboards.com\/product\/2022-honda-2-3-hp-bf2-3dhsch-outboard-motor\/\",\"name\":\"2022 HONDA 2.3 HP BF2.3DHSCH Outboard Motor\",\"isPartOf\":{\"@id\":\"https:\/\/apexoutboards.com\/#website\"},\"primaryImageOfPage\":{\"@id\":\"https:\/\/apexoutboards.com\/product\/2022-honda-2-3-hp-bf2-3dhsch-outboard-motor\/#primaryimage\"},\"image\":{\"@id\":\"https:\/\/apexoutboards.com\/product\/2022-honda-2-3-hp-bf2-3dhsch-outboard-motor\/#primaryimage\"},\"thumbnailUrl\":\"https:\/\/apexoutboards.com\/wp-content\/uploads\/2021\/12\/honda_2-3_hp_20c3691b-ab7b-455c-85bc-1a65f5836694_800x_jpg.png\",\"datePublished\":\"2021-12-06T12:24:32+00:00\",\"dateModified\":\"2023-02-16T18:30:27+00:00\",\"description\":\"Get your product today! The 2022 HONDA 2.3 HP BF2.3DHSCH Outboard Motor will be the best choice for you. Happy shopping!\",\"breadcrumb\":{\"@id\":\"https:\/\/apexoutboards.com\/product\/2022-honda-2-3-hp-bf2-3dhsch-outboard-motor\/#breadcrumb\"},\"inLanguage\":\"es\",\"potentialAction\":[{\"@type\":\"ReadAction\",\"target\":[\"https:\/\/apexoutboards.com\/product\/2022-honda-2-3-hp-bf2-3dhsch-outboard-motor\/\"]}]},{\"@type\":\"ImageObject\",\"inLanguage\":\"es\",\"@id\":\"https:\/\/apexoutboards.com\/product\/2022-honda-2-3-hp-bf2-3dhsch-outboard-motor\/#primaryimage\",\"url\":\"https:\/\/apexoutboards.com\/wp-content\/uploads\/2021\/12\/honda_2-3_hp_20c3691b-ab7b-455c-85bc-1a65f5836694_800x_jpg.png\",\"contentUrl\":\"https:\/\/apexoutboards.com\/wp-content\/uploads\/2021\/12\/honda_2-3_hp_20c3691b-ab7b-455c-85bc-1a65f5836694_800x_jpg.png\",\"width\":800,\"height\":800},{\"@type\":\"BreadcrumbList\",\"@id\":\"https:\/\/apexoutboards.com\/product\/2022-honda-2-3-hp-bf2-3dhsch-outboard-motor\/#breadcrumb\",\"itemListElement\":[{\"@type\":\"ListItem\",\"position\":1,\"name\":\"Home\",\"item\":\"https:\/\/apexoutboards.com\/\"},{\"@type\":\"ListItem\",\"position\":2,\"name\":\"Shop\",\"item\":\"https:\/\/apexoutboards.com\/shop\/\"},{\"@type\":\"ListItem\",\"position\":3,\"name\":\"2022 HONDA 2.3 HP BF2.3DHSCH Outboard Motor\"}]},{\"@type\":\"WebSite\",\"@id\":\"https:\/\/apexoutboards.com\/#website\",\"url\":\"https:\/\/apexoutboards.com\/\",\"name\":\"Apex Outboards\",\"description\":\"apexoutboards.com\",\"publisher\":{\"@id\":\"https:\/\/apexoutboards.com\/#organization\"},\"potentialAction\":[{\"@type\":\"SearchAction\",\"target\":{\"@type\":\"EntryPoint\",\"urlTemplate\":\"https:\/\/apexoutboards.com\/?s={search_term_string}\"},\"query-input\":{\"@type\":\"PropertyValueSpecification\",\"valueRequired\":true,\"valueName\":\"search_term_string\"}}],\"inLanguage\":\"es\"},{\"@type\":\"Organization\",\"@id\":\"https:\/\/apexoutboards.com\/#organization\",\"name\":\"Apex Outboards\",\"url\":\"https:\/\/apexoutboards.com\/\",\"logo\":{\"@type\":\"ImageObject\",\"inLanguage\":\"es\",\"@id\":\"https:\/\/apexoutboards.com\/#\/schema\/logo\/image\/\",\"url\":\"https:\/\/apexoutboards.com\/wp-content\/uploads\/2021\/12\/Screenshot_7.png\",\"contentUrl\":\"https:\/\/apexoutboards.com\/wp-content\/uploads\/2021\/12\/Screenshot_7.png\",\"width\":222,\"height\":103,\"caption\":\"Apex Outboards\"},\"image\":{\"@id\":\"https:\/\/apexoutboards.com\/#\/schema\/logo\/image\/\"}}]}<\/script>\n<!-- \/ Yoast SEO plugin. -->","yoast_head_json":{"title":"2022 HONDA 2.3 HP BF2.3DHSCH Motor fuera de borda","description":"\u00a1Consiga su producto hoy mismo! El motor fueraborda 2022 HONDA 2.3 HP BF2.3DHSCH ser\u00e1 la mejor opci\u00f3n para usted. \u00a1Feliz compra!","robots":{"index":"index","follow":"follow","max-snippet":"max-snippet:-1","max-image-preview":"max-image-preview:large","max-video-preview":"max-video-preview:-1"},"canonical":"https:\/\/apexoutboards.com\/es_pr\/product\/2022-honda-2-3-hp-bf2-3dhsch-outboard-motor\/","og_locale":"es_ES","og_type":"article","og_title":"2022 HONDA 2.3 HP BF2.3DHSCH Outboard Motor","og_description":"Get your product today! The 2022 HONDA 2.3 HP BF2.3DHSCH Outboard Motor will be the best choice for you. Happy shopping!","og_url":"https:\/\/apexoutboards.com\/es_pr\/product\/2022-honda-2-3-hp-bf2-3dhsch-outboard-motor\/","og_site_name":"Apex Outboards","article_modified_time":"2023-02-16T18:30:27+00:00","og_image":[{"width":800,"height":800,"url":"https:\/\/apexoutboards.com\/wp-content\/uploads\/2021\/12\/honda_2-3_hp_20c3691b-ab7b-455c-85bc-1a65f5836694_800x_jpg.png","type":"image\/png"}],"twitter_card":"summary_large_image","twitter_misc":{"Est. reading time":"1 minuto"},"schema":{"@context":"https:\/\/schema.org","@graph":[{"@type":"WebPage","@id":"https:\/\/apexoutboards.com\/product\/2022-honda-2-3-hp-bf2-3dhsch-outboard-motor\/","url":"https:\/\/apexoutboards.com\/product\/2022-honda-2-3-hp-bf2-3dhsch-outboard-motor\/","name":"2022 HONDA 2.3 HP BF2.3DHSCH Motor fuera de borda","isPartOf":{"@id":"https:\/\/apexoutboards.com\/#website"},"primaryImageOfPage":{"@id":"https:\/\/apexoutboards.com\/product\/2022-honda-2-3-hp-bf2-3dhsch-outboard-motor\/#primaryimage"},"image":{"@id":"https:\/\/apexoutboards.com\/product\/2022-honda-2-3-hp-bf2-3dhsch-outboard-motor\/#primaryimage"},"thumbnailUrl":"https:\/\/apexoutboards.com\/wp-content\/uploads\/2021\/12\/honda_2-3_hp_20c3691b-ab7b-455c-85bc-1a65f5836694_800x_jpg.png","datePublished":"2021-12-06T12:24:32+00:00","dateModified":"2023-02-16T18:30:27+00:00","description":"\u00a1Consiga su producto hoy mismo! El motor fueraborda 2022 HONDA 2.3 HP BF2.3DHSCH ser\u00e1 la mejor opci\u00f3n para usted. \u00a1Feliz compra!","breadcrumb":{"@id":"https:\/\/apexoutboards.com\/product\/2022-honda-2-3-hp-bf2-3dhsch-outboard-motor\/#breadcrumb"},"inLanguage":"es","potentialAction":[{"@type":"ReadAction","target":["https:\/\/apexoutboards.com\/product\/2022-honda-2-3-hp-bf2-3dhsch-outboard-motor\/"]}]},{"@type":"ImageObject","inLanguage":"es","@id":"https:\/\/apexoutboards.com\/product\/2022-honda-2-3-hp-bf2-3dhsch-outboard-motor\/#primaryimage","url":"https:\/\/apexoutboards.com\/wp-content\/uploads\/2021\/12\/honda_2-3_hp_20c3691b-ab7b-455c-85bc-1a65f5836694_800x_jpg.png","contentUrl":"https:\/\/apexoutboards.com\/wp-content\/uploads\/2021\/12\/honda_2-3_hp_20c3691b-ab7b-455c-85bc-1a65f5836694_800x_jpg.png","width":800,"height":800},{"@type":"BreadcrumbList","@id":"https:\/\/apexoutboards.com\/product\/2022-honda-2-3-hp-bf2-3dhsch-outboard-motor\/#breadcrumb","itemListElement":[{"@type":"ListItem","position":1,"name":"Home","item":"https:\/\/apexoutboards.com\/"},{"@type":"ListItem","position":2,"name":"Shop","item":"https:\/\/apexoutboards.com\/shop\/"},{"@type":"ListItem","position":3,"name":"2022 HONDA 2.3 HP BF2.3DHSCH Outboard Motor"}]},{"@type":"WebSite","@id":"https:\/\/apexoutboards.com\/#website","url":"https:\/\/apexoutboards.com\/","name":"Fuerabordas de primera clase","description":"apexoutboards.com","publisher":{"@id":"https:\/\/apexoutboards.com\/#organization"},"potentialAction":[{"@type":"SearchAction","target":{"@type":"EntryPoint","urlTemplate":"https:\/\/apexoutboards.com\/?s={search_term_string}"},"query-input":{"@type":"PropertyValueSpecification","valueRequired":true,"valueName":"search_term_string"}}],"inLanguage":"es"},{"@type":"Organization","@id":"https:\/\/apexoutboards.com\/#organization","name":"Fuerabordas de primera clase","url":"https:\/\/apexoutboards.com\/","logo":{"@type":"ImageObject","inLanguage":"es","@id":"https:\/\/apexoutboards.com\/#\/schema\/logo\/image\/","url":"https:\/\/apexoutboards.com\/wp-content\/uploads\/2021\/12\/Screenshot_7.png","contentUrl":"https:\/\/apexoutboards.com\/wp-content\/uploads\/2021\/12\/Screenshot_7.png","width":222,"height":103,"caption":"Apex Outboards"},"image":{"@id":"https:\/\/apexoutboards.com\/#\/schema\/logo\/image\/"}}]}},"jetpack_sharing_enabled":true,"_links":{"self":[{"href":"https:\/\/apexoutboards.com\/es_pr\/wp-json\/wp\/v2\/product\/2296","targetHints":{"allow":["GET"]}}],"collection":[{"href":"https:\/\/apexoutboards.com\/es_pr\/wp-json\/wp\/v2\/product"}],"about":[{"href":"https:\/\/apexoutboards.com\/es_pr\/wp-json\/wp\/v2\/types\/product"}],"replies":[{"embeddable":true,"href":"https:\/\/apexoutboards.com\/es_pr\/wp-json\/wp\/v2\/comments?post=2296"}],"version-history":[{"count":0,"href":"https:\/\/apexoutboards.com\/es_pr\/wp-json\/wp\/v2\/product\/2296\/revisions"}],"wp:featuredmedia":[{"embeddable":true,"href":"https:\/\/apexoutboards.com\/es_pr\/wp-json\/wp\/v2\/media\/2297"}],"wp:attachment":[{"href":"https:\/\/apexoutboards.com\/es_pr\/wp-json\/wp\/v2\/media?parent=2296"}],"wp:term":[{"taxonomy":"product_brand","embeddable":true,"href":"https:\/\/apexoutboards.com\/es_pr\/wp-json\/wp\/v2\/product_brand?post=2296"},{"taxonomy":"product_cat","embeddable":true,"href":"https:\/\/apexoutboards.com\/es_pr\/wp-json\/wp\/v2\/product_cat?post=2296"},{"taxonomy":"product_tag","embeddable":true,"href":"https:\/\/apexoutboards.com\/es_pr\/wp-json\/wp\/v2\/product_tag?post=2296"}],"curies":[{"name":"wp","href":"https:\/\/api.w.org\/{rel}","templated":true}]}}