{"id":4648,"date":"2021-12-21T19:23:21","date_gmt":"2021-12-21T08:23:21","guid":{"rendered":"https:\/\/apexoutboards.com\/?post_type=product&#038;p=4648"},"modified":"2023-02-17T03:59:06","modified_gmt":"2023-02-16T16:59:06","slug":"2019-suzuki-150-hp-df150atlw2-outboard-motor","status":"publish","type":"product","link":"https:\/\/apexoutboards.com\/es\/producto\/2019-suzuki-150-hp-df150atlw2-outboard-motor\/","title":{"rendered":"Motor fuera de borda 2019 Suzuki 150 HP DF150ATLW2"},"content":{"rendered":"<h2>Motor fuera de borda 2019 Suzuki 150 HP DF150ATLW2<\/h2>\n<p>La DF150ATLW2 de Suzuki se basa en un motor de cuatro cilindros en l\u00ednea DOHC con una cilindrada de 2.867 cm\u00b3 (174,9 pulgadas c\u00fabicas). Aunque la gran cilindrada contribuye en gran medida a producir una aceleraci\u00f3n y un par motor excepcionales, no significa que sean comparativamente m\u00e1s grandes y pesados en tama\u00f1o. Por el contrario, los ingenieros de Suzuki han apuntado al motor del bloque grande DF150ATLW2 para que sea uno de los m\u00e1s ligeros de cuatro tiempos en la categor\u00eda de 150 CV.<\/p>\n<div>\n<table class=\"table table-bordered\">\n<thead>\n<tr>\n<th colspan=\"2\">Atributos de las especificaciones<\/th>\n<\/tr>\n<\/thead>\n<tbody>\n<tr>\n<td width=\"30%\">HP<\/td>\n<td width=\"70%\">150 CV<\/td>\n<\/tr>\n<tr>\n<td width=\"30%\">Cilindros<\/td>\n<td width=\"70%\">4 Cilindros<\/td>\n<\/tr>\n<tr>\n<td width=\"30%\">Desplazamiento<\/td>\n<td width=\"70%\">175 CI<\/td>\n<\/tr>\n<tr>\n<td width=\"30%\">Empezando por<\/td>\n<td width=\"70%\">El\u00e9ctrico<\/td>\n<\/tr>\n<tr>\n<td width=\"30%\">Controla<\/td>\n<td width=\"70%\">Remoto<\/td>\n<\/tr>\n<tr>\n<td width=\"30%\">Trim y Tilt el\u00e9ctricos<\/td>\n<td width=\"70%\">Trim y Tilt el\u00e9ctricos<\/td>\n<\/tr>\n<tr>\n<td width=\"30%\">Cambio de velocidad<\/td>\n<td width=\"70%\">Avance - Punto muerto - Marcha atr\u00e1s<\/td>\n<\/tr>\n<tr>\n<td width=\"30%\">Propulsi\u00f3n<\/td>\n<td width=\"70%\">Rotaci\u00f3n est\u00e1ndar<\/td>\n<\/tr>\n<tr>\n<td width=\"30%\">Peso<\/td>\n<td width=\"70%\">511<\/td>\n<\/tr>\n<tr>\n<td width=\"30%\">Salida del alternador<\/td>\n<td width=\"70%\">44 Amp.<\/td>\n<\/tr>\n<tr>\n<td width=\"30%\">Color<\/td>\n<td width=\"70%\">Blanco<\/td>\n<\/tr>\n<tr>\n<td width=\"30%\">Longitud del eje<\/td>\n<td width=\"70%\">20&#8221;<\/td>\n<\/tr>\n<tr>\n<td width=\"30%\">Tipo de familia<\/td>\n<td width=\"70%\">4 tiempos<\/td>\n<\/tr>\n<tr>\n<td width=\"30%\">Inducci\u00f3n de combustible<\/td>\n<td width=\"70%\">EFI<\/td>\n<\/tr>\n<\/tbody>\n<\/table>\n<\/div>\n<div style=\"display:none;\">\n\t<a href=\"https:\/\/yoast.com\/\">Yoast<\/a><br \/>\n\t<a href=\"https:\/\/apexoutboards.com\/es\/\">firstclassoutboards<\/a><br \/>\n\t<img decoding=\"async\" src=\"https:\/\/apexoutboards.com\/wp-content\/uploads\/2021\/12\/PNG_Transparent_High-Resolution_300-_Dpi-1-1-1536x650.png\" alt=\"\"><br \/>\n\tApex Outboards es el mayor distribuidor de motores fueraborda de Estados Unidos. Los miembros de nuestro equipo ofrecen el mejor servicio al cliente y conocimiento t\u00e9cnico de cualquier distribuidor de motores fueraborda.\n<\/div>","protected":false},"excerpt":{"rendered":"<p><strong>Estado:<\/strong> Nuevo<br \/>\n<strong>El env\u00edo:<\/strong> Listo para enviar ahora<\/p>\n<p>Nos comprometemos a ofrecer el mejor servicio al cliente. No dude en ponerse en contacto con nosotros para solicitar asistencia. Toda la informaci\u00f3n recibida ser\u00e1 siempre confidencial.<\/p>","protected":false},"featured_media":4649,"comment_status":"open","ping_status":"closed","template":"","meta":{"ocean_post_layout":"","ocean_both_sidebars_style":"","ocean_both_sidebars_content_width":0,"ocean_both_sidebars_sidebars_width":0,"ocean_sidebar":"0","ocean_second_sidebar":"0","ocean_disable_margins":"enable","ocean_add_body_class":"","ocean_shortcode_before_top_bar":"","ocean_shortcode_after_top_bar":"","ocean_shortcode_before_header":"","ocean_shortcode_after_header":"","ocean_has_shortcode":"","ocean_shortcode_after_title":"","ocean_shortcode_before_footer_widgets":"","ocean_shortcode_after_footer_widgets":"","ocean_shortcode_before_footer_bottom":"","ocean_shortcode_after_footer_bottom":"","ocean_display_top_bar":"default","ocean_display_header":"default","ocean_header_style":"","ocean_center_header_left_menu":"0","ocean_custom_header_template":"0","ocean_custom_logo":0,"ocean_custom_retina_logo":0,"ocean_custom_logo_max_width":0,"ocean_custom_logo_tablet_max_width":0,"ocean_custom_logo_mobile_max_width":0,"ocean_custom_logo_max_height":0,"ocean_custom_logo_tablet_max_height":0,"ocean_custom_logo_mobile_max_height":0,"ocean_header_custom_menu":"0","ocean_menu_typo_font_family":"0","ocean_menu_typo_font_subset":"","ocean_menu_typo_font_size":0,"ocean_menu_typo_font_size_tablet":0,"ocean_menu_typo_font_size_mobile":0,"ocean_menu_typo_font_size_unit":"px","ocean_menu_typo_font_weight":"","ocean_menu_typo_font_weight_tablet":"","ocean_menu_typo_font_weight_mobile":"","ocean_menu_typo_transform":"","ocean_menu_typo_transform_tablet":"","ocean_menu_typo_transform_mobile":"","ocean_menu_typo_line_height":0,"ocean_menu_typo_line_height_tablet":0,"ocean_menu_typo_line_height_mobile":0,"ocean_menu_typo_line_height_unit":"","ocean_menu_typo_spacing":0,"ocean_menu_typo_spacing_tablet":0,"ocean_menu_typo_spacing_mobile":0,"ocean_menu_typo_spacing_unit":"","ocean_menu_link_color":"","ocean_menu_link_color_hover":"","ocean_menu_link_color_active":"","ocean_menu_link_background":"","ocean_menu_link_hover_background":"","ocean_menu_link_active_background":"","ocean_menu_social_links_bg":"","ocean_menu_social_hover_links_bg":"","ocean_menu_social_links_color":"","ocean_menu_social_hover_links_color":"","ocean_disable_title":"default","ocean_disable_heading":"default","ocean_post_title":"","ocean_post_subheading":"","ocean_post_title_style":"","ocean_post_title_background_color":"","ocean_post_title_background":0,"ocean_post_title_bg_image_position":"","ocean_post_title_bg_image_attachment":"","ocean_post_title_bg_image_repeat":"","ocean_post_title_bg_image_size":"","ocean_post_title_height":0,"ocean_post_title_bg_overlay":0.5,"ocean_post_title_bg_overlay_color":"","ocean_disable_breadcrumbs":"default","ocean_breadcrumbs_color":"","ocean_breadcrumbs_separator_color":"","ocean_breadcrumbs_links_color":"","ocean_breadcrumbs_links_hover_color":"","ocean_display_footer_widgets":"default","ocean_display_footer_bottom":"default","ocean_custom_footer_template":"0"},"product_brand":[],"product_cat":[133,46,194],"product_tag":[],"class_list":{"0":"post-4648","1":"product","2":"type-product","3":"status-publish","4":"has-post-thumbnail","6":"product_cat-150-hp","7":"product_cat-suzuki","8":"product_cat-suzuki-150-hp","10":"entry","11":"has-media","13":"first","14":"instock","15":"sale","16":"shipping-taxable","17":"purchasable","18":"product-type-simple","19":"has-product-nav","20":"col","21":"span_1_of_4","22":"owp-content-center","23":"owp-thumbs-layout-horizontal","24":"owp-btn-normal","25":"owp-tabs-layout-horizontal","26":"has-no-thumbnails","28":"circle-sale"},"yoast_head":"<!-- This site is optimized with the Yoast SEO plugin v27.2 - https:\/\/yoast.com\/product\/yoast-seo-wordpress\/ -->\n<title>2019 Suzuki 150 HP DF150ATLW2 Outboard Motor<\/title>\n<meta name=\"description\" content=\"Get your product today! The 2019 Suzuki 150 HP DF150ATLW2 Outboard Motor will be the best choice for you. Happy shopping!\" \/>\n<meta name=\"robots\" content=\"index, follow, max-snippet:-1, max-image-preview:large, max-video-preview:-1\" \/>\n<link rel=\"canonical\" href=\"https:\/\/apexoutboards.com\/es\/producto\/2019-suzuki-150-hp-df150atlw2-outboard-motor\/\" \/>\n<meta property=\"og:locale\" content=\"es_MX\" \/>\n<meta property=\"og:type\" content=\"article\" \/>\n<meta property=\"og:title\" content=\"2019 Suzuki 150 HP DF150ATLW2 Outboard Motor\" \/>\n<meta property=\"og:description\" content=\"Get your product today! The 2019 Suzuki 150 HP DF150ATLW2 Outboard Motor will be the best choice for you. Happy shopping!\" \/>\n<meta property=\"og:url\" content=\"https:\/\/apexoutboards.com\/es\/producto\/2019-suzuki-150-hp-df150atlw2-outboard-motor\/\" \/>\n<meta property=\"og:site_name\" content=\"Apex Outboards\" \/>\n<meta property=\"article:modified_time\" content=\"2023-02-16T16:59:06+00:00\" \/>\n<meta property=\"og:image\" content=\"https:\/\/apexoutboards.com\/wp-content\/uploads\/2021\/12\/150-1-600x450-2.jpg\" \/>\n\t<meta property=\"og:image:width\" content=\"600\" \/>\n\t<meta property=\"og:image:height\" content=\"450\" \/>\n\t<meta property=\"og:image:type\" content=\"image\/jpeg\" \/>\n<meta name=\"twitter:card\" content=\"summary_large_image\" \/>\n<meta name=\"twitter:label1\" content=\"Tiempo de lectura\" \/>\n\t<meta name=\"twitter:data1\" content=\"1 minuto\" \/>\n<script type=\"application\/ld+json\" class=\"yoast-schema-graph\">{\"@context\":\"https:\/\/schema.org\",\"@graph\":[{\"@type\":\"WebPage\",\"@id\":\"https:\/\/apexoutboards.com\/product\/2019-suzuki-150-hp-df150atlw2-outboard-motor\/\",\"url\":\"https:\/\/apexoutboards.com\/product\/2019-suzuki-150-hp-df150atlw2-outboard-motor\/\",\"name\":\"2019 Suzuki 150 HP DF150ATLW2 Outboard Motor\",\"isPartOf\":{\"@id\":\"https:\/\/apexoutboards.com\/#website\"},\"primaryImageOfPage\":{\"@id\":\"https:\/\/apexoutboards.com\/product\/2019-suzuki-150-hp-df150atlw2-outboard-motor\/#primaryimage\"},\"image\":{\"@id\":\"https:\/\/apexoutboards.com\/product\/2019-suzuki-150-hp-df150atlw2-outboard-motor\/#primaryimage\"},\"thumbnailUrl\":\"https:\/\/apexoutboards.com\/wp-content\/uploads\/2021\/12\/150-1-600x450-2.jpg\",\"datePublished\":\"2021-12-21T08:23:21+00:00\",\"dateModified\":\"2023-02-16T16:59:06+00:00\",\"description\":\"Get your product today! The 2019 Suzuki 150 HP DF150ATLW2 Outboard Motor will be the best choice for you. Happy shopping!\",\"breadcrumb\":{\"@id\":\"https:\/\/apexoutboards.com\/product\/2019-suzuki-150-hp-df150atlw2-outboard-motor\/#breadcrumb\"},\"inLanguage\":\"es\",\"potentialAction\":[{\"@type\":\"ReadAction\",\"target\":[\"https:\/\/apexoutboards.com\/product\/2019-suzuki-150-hp-df150atlw2-outboard-motor\/\"]}]},{\"@type\":\"ImageObject\",\"inLanguage\":\"es\",\"@id\":\"https:\/\/apexoutboards.com\/product\/2019-suzuki-150-hp-df150atlw2-outboard-motor\/#primaryimage\",\"url\":\"https:\/\/apexoutboards.com\/wp-content\/uploads\/2021\/12\/150-1-600x450-2.jpg\",\"contentUrl\":\"https:\/\/apexoutboards.com\/wp-content\/uploads\/2021\/12\/150-1-600x450-2.jpg\",\"width\":600,\"height\":450,\"caption\":\"2019 Suzuki 150 HP DF150ATXZW2 Outboard Motor\"},{\"@type\":\"BreadcrumbList\",\"@id\":\"https:\/\/apexoutboards.com\/product\/2019-suzuki-150-hp-df150atlw2-outboard-motor\/#breadcrumb\",\"itemListElement\":[{\"@type\":\"ListItem\",\"position\":1,\"name\":\"Home\",\"item\":\"https:\/\/apexoutboards.com\/\"},{\"@type\":\"ListItem\",\"position\":2,\"name\":\"Shop\",\"item\":\"https:\/\/apexoutboards.com\/shop\/\"},{\"@type\":\"ListItem\",\"position\":3,\"name\":\"2019 Suzuki 150 HP DF150ATLW2 Outboard Motor\"}]},{\"@type\":\"WebSite\",\"@id\":\"https:\/\/apexoutboards.com\/#website\",\"url\":\"https:\/\/apexoutboards.com\/\",\"name\":\"Apex Outboards\",\"description\":\"apexoutboards.com\",\"publisher\":{\"@id\":\"https:\/\/apexoutboards.com\/#organization\"},\"potentialAction\":[{\"@type\":\"SearchAction\",\"target\":{\"@type\":\"EntryPoint\",\"urlTemplate\":\"https:\/\/apexoutboards.com\/?s={search_term_string}\"},\"query-input\":{\"@type\":\"PropertyValueSpecification\",\"valueRequired\":true,\"valueName\":\"search_term_string\"}}],\"inLanguage\":\"es\"},{\"@type\":\"Organization\",\"@id\":\"https:\/\/apexoutboards.com\/#organization\",\"name\":\"Apex Outboards\",\"url\":\"https:\/\/apexoutboards.com\/\",\"logo\":{\"@type\":\"ImageObject\",\"inLanguage\":\"es\",\"@id\":\"https:\/\/apexoutboards.com\/#\/schema\/logo\/image\/\",\"url\":\"https:\/\/apexoutboards.com\/wp-content\/uploads\/2021\/12\/Screenshot_7.png\",\"contentUrl\":\"https:\/\/apexoutboards.com\/wp-content\/uploads\/2021\/12\/Screenshot_7.png\",\"width\":222,\"height\":103,\"caption\":\"Apex Outboards\"},\"image\":{\"@id\":\"https:\/\/apexoutboards.com\/#\/schema\/logo\/image\/\"}}]}<\/script>\n<!-- \/ Yoast SEO plugin. -->","yoast_head_json":{"title":"Motor fuera de borda 2019 Suzuki 150 HP DF150ATLW2","description":"\u00a1Consigue tu producto hoy mismo! El motor fueraborda 2019 Suzuki 150 HP DF150ATLW2 ser\u00e1 la mejor opci\u00f3n para ti. \u00a1Feliz compra!","robots":{"index":"index","follow":"follow","max-snippet":"max-snippet:-1","max-image-preview":"max-image-preview:large","max-video-preview":"max-video-preview:-1"},"canonical":"https:\/\/apexoutboards.com\/es\/producto\/2019-suzuki-150-hp-df150atlw2-outboard-motor\/","og_locale":"es_MX","og_type":"article","og_title":"2019 Suzuki 150 HP DF150ATLW2 Outboard Motor","og_description":"Get your product today! The 2019 Suzuki 150 HP DF150ATLW2 Outboard Motor will be the best choice for you. Happy shopping!","og_url":"https:\/\/apexoutboards.com\/es\/producto\/2019-suzuki-150-hp-df150atlw2-outboard-motor\/","og_site_name":"Apex Outboards","article_modified_time":"2023-02-16T16:59:06+00:00","og_image":[{"width":600,"height":450,"url":"https:\/\/apexoutboards.com\/wp-content\/uploads\/2021\/12\/150-1-600x450-2.jpg","type":"image\/jpeg"}],"twitter_card":"summary_large_image","twitter_misc":{"Tiempo de lectura":"1 minuto"},"schema":{"@context":"https:\/\/schema.org","@graph":[{"@type":"WebPage","@id":"https:\/\/apexoutboards.com\/product\/2019-suzuki-150-hp-df150atlw2-outboard-motor\/","url":"https:\/\/apexoutboards.com\/product\/2019-suzuki-150-hp-df150atlw2-outboard-motor\/","name":"Motor fuera de borda 2019 Suzuki 150 HP DF150ATLW2","isPartOf":{"@id":"https:\/\/apexoutboards.com\/#website"},"primaryImageOfPage":{"@id":"https:\/\/apexoutboards.com\/product\/2019-suzuki-150-hp-df150atlw2-outboard-motor\/#primaryimage"},"image":{"@id":"https:\/\/apexoutboards.com\/product\/2019-suzuki-150-hp-df150atlw2-outboard-motor\/#primaryimage"},"thumbnailUrl":"https:\/\/apexoutboards.com\/wp-content\/uploads\/2021\/12\/150-1-600x450-2.jpg","datePublished":"2021-12-21T08:23:21+00:00","dateModified":"2023-02-16T16:59:06+00:00","description":"\u00a1Consigue tu producto hoy mismo! El motor fueraborda 2019 Suzuki 150 HP DF150ATLW2 ser\u00e1 la mejor opci\u00f3n para ti. \u00a1Feliz compra!","breadcrumb":{"@id":"https:\/\/apexoutboards.com\/product\/2019-suzuki-150-hp-df150atlw2-outboard-motor\/#breadcrumb"},"inLanguage":"es","potentialAction":[{"@type":"ReadAction","target":["https:\/\/apexoutboards.com\/product\/2019-suzuki-150-hp-df150atlw2-outboard-motor\/"]}]},{"@type":"ImageObject","inLanguage":"es","@id":"https:\/\/apexoutboards.com\/product\/2019-suzuki-150-hp-df150atlw2-outboard-motor\/#primaryimage","url":"https:\/\/apexoutboards.com\/wp-content\/uploads\/2021\/12\/150-1-600x450-2.jpg","contentUrl":"https:\/\/apexoutboards.com\/wp-content\/uploads\/2021\/12\/150-1-600x450-2.jpg","width":600,"height":450,"caption":"2019 Suzuki 150 HP DF150ATXZW2 Outboard Motor"},{"@type":"BreadcrumbList","@id":"https:\/\/apexoutboards.com\/product\/2019-suzuki-150-hp-df150atlw2-outboard-motor\/#breadcrumb","itemListElement":[{"@type":"ListItem","position":1,"name":"Home","item":"https:\/\/apexoutboards.com\/"},{"@type":"ListItem","position":2,"name":"Shop","item":"https:\/\/apexoutboards.com\/shop\/"},{"@type":"ListItem","position":3,"name":"2019 Suzuki 150 HP DF150ATLW2 Outboard Motor"}]},{"@type":"WebSite","@id":"https:\/\/apexoutboards.com\/#website","url":"https:\/\/apexoutboards.com\/","name":"Fuerabordas de primera clase","description":"apexoutboards.com","publisher":{"@id":"https:\/\/apexoutboards.com\/#organization"},"potentialAction":[{"@type":"SearchAction","target":{"@type":"EntryPoint","urlTemplate":"https:\/\/apexoutboards.com\/?s={search_term_string}"},"query-input":{"@type":"PropertyValueSpecification","valueRequired":true,"valueName":"search_term_string"}}],"inLanguage":"es"},{"@type":"Organization","@id":"https:\/\/apexoutboards.com\/#organization","name":"Fuerabordas de primera clase","url":"https:\/\/apexoutboards.com\/","logo":{"@type":"ImageObject","inLanguage":"es","@id":"https:\/\/apexoutboards.com\/#\/schema\/logo\/image\/","url":"https:\/\/apexoutboards.com\/wp-content\/uploads\/2021\/12\/Screenshot_7.png","contentUrl":"https:\/\/apexoutboards.com\/wp-content\/uploads\/2021\/12\/Screenshot_7.png","width":222,"height":103,"caption":"Apex Outboards"},"image":{"@id":"https:\/\/apexoutboards.com\/#\/schema\/logo\/image\/"}}]}},"jetpack_sharing_enabled":true,"_links":{"self":[{"href":"https:\/\/apexoutboards.com\/es\/wp-json\/wp\/v2\/product\/4648","targetHints":{"allow":["GET"]}}],"collection":[{"href":"https:\/\/apexoutboards.com\/es\/wp-json\/wp\/v2\/product"}],"about":[{"href":"https:\/\/apexoutboards.com\/es\/wp-json\/wp\/v2\/types\/product"}],"replies":[{"embeddable":true,"href":"https:\/\/apexoutboards.com\/es\/wp-json\/wp\/v2\/comments?post=4648"}],"version-history":[{"count":0,"href":"https:\/\/apexoutboards.com\/es\/wp-json\/wp\/v2\/product\/4648\/revisions"}],"wp:featuredmedia":[{"embeddable":true,"href":"https:\/\/apexoutboards.com\/es\/wp-json\/wp\/v2\/media\/4649"}],"wp:attachment":[{"href":"https:\/\/apexoutboards.com\/es\/wp-json\/wp\/v2\/media?parent=4648"}],"wp:term":[{"taxonomy":"product_brand","embeddable":true,"href":"https:\/\/apexoutboards.com\/es\/wp-json\/wp\/v2\/product_brand?post=4648"},{"taxonomy":"product_cat","embeddable":true,"href":"https:\/\/apexoutboards.com\/es\/wp-json\/wp\/v2\/product_cat?post=4648"},{"taxonomy":"product_tag","embeddable":true,"href":"https:\/\/apexoutboards.com\/es\/wp-json\/wp\/v2\/product_tag?post=4648"}],"curies":[{"name":"wp","href":"https:\/\/api.w.org\/{rel}","templated":true}]}}