{"id":4601,"date":"2021-12-21T17:42:09","date_gmt":"2021-12-21T06:42:09","guid":{"rendered":"https:\/\/apexoutboards.com\/?post_type=product&#038;p=4601"},"modified":"2023-02-17T03:59:19","modified_gmt":"2023-02-16T16:59:19","slug":"2021-suzuki-115-hp-df115b-outboard-motor","status":"publish","type":"product","link":"https:\/\/apexoutboards.com\/es\/producto\/2021-suzuki-115-hp-df115b-outboard-motor\/","title":{"rendered":"2021 Motor fueraborda Suzuki 115 HP DF115B"},"content":{"rendered":"<h2>2021 Motor fueraborda Suzuki 115 HP DF115B<\/h2>\n<div id=\"itemGroup\" class=\"productItemGroup\">\n<p class=\"productItemGroupName\" role=\"heading\"><strong>Caracter\u00edsticas<\/strong><\/p>\n<ul class=\"itemGroupFeatures\">\n<li id=\"98571534\" class=\"productFeature\">Inyecci\u00f3n electr\u00f3nica de combustible secuencial multipunto<\/li>\n<li id=\"98571535\" class=\"productFeature\">Sistema de control de combusti\u00f3n lenta de Suzuki<\/li>\n<li id=\"98571536\" class=\"productFeature\">Sistema de reducci\u00f3n de engranajes de dos etapas<\/li>\n<li id=\"98571537\" class=\"productFeature\">Eje de transmisi\u00f3n desplazado<\/li>\n<li id=\"98571538\" class=\"productFeature\">Limitador de sobrerrevoluciones<\/li>\n<li id=\"98571539\" class=\"productFeature\">Precauci\u00f3n por baja presi\u00f3n de aceite<\/li>\n<li id=\"98571540\" class=\"productFeature\">Encendido totalmente transistorizado<\/li>\n<li id=\"98571541\" class=\"productFeature\">Cadena de distribuci\u00f3n<\/li>\n<li id=\"98571542\" class=\"productFeature\">Sistema de lavado de agua dulce<\/li>\n<li id=\"98571543\" class=\"productFeature\">Trimaje e inclinaci\u00f3n el\u00e9ctricos<\/li>\n<li id=\"98571544\" class=\"productFeature\">L\u00edmite de inclinaci\u00f3n<\/li>\n<li id=\"98571545\" class=\"productFeature\">Recogida del veloc\u00edmetro de la caja de cambios<\/li>\n<li id=\"98571546\" class=\"productFeature\">Sistema anticorrosi\u00f3n Suzuki<\/li>\n<\/ul>\n<p class=\"productItemGroupName\" role=\"heading\"><strong>Especificaciones<\/strong><\/p>\n<ul class=\"itemGroupFeatures\">\n<li id=\"98571547\" class=\"productFeature\">Altura del travesa\u00f1o recomendada (pulgadas): 20<\/li>\n<li id=\"98571548\" class=\"productFeature\">Sistema de arranque: El\u00e9ctrico<\/li>\n<li id=\"98571549\" class=\"productFeature\">Peso LBS: 401<\/li>\n<li id=\"98571550\" class=\"productFeature\">Tipo de motor: DOHC de 16 v\u00e1lvulas<\/li>\n<li id=\"98571551\" class=\"productFeature\">Sistema de suministro de combustible: Inyecci\u00f3n electr\u00f3nica de combustible secuencial multipunto<\/li>\n<li id=\"98571552\" class=\"productFeature\">N\u00ba de cilindros: 4<\/li>\n<li id=\"98571553\" class=\"productFeature\">Desplazamiento del pist\u00f3n en pulgadas (cc): 124.7 (2044)<\/li>\n<li id=\"98571554\" class=\"productFeature\">Di\u00e1metro X Carrera Pulgadas (mm): 3,40 x 3,50 (86 x 88)<\/li>\n<li id=\"98571555\" class=\"productFeature\">Potencia m\u00e1xima de salida: 115<\/li>\n<li id=\"98571556\" class=\"productFeature\">Rango de funcionamiento (RPM): 5000-6000<\/li>\n<li id=\"98571557\" class=\"productFeature\">Direcci\u00f3n: A distancia (kit de tim\u00f3n opcional)<\/li>\n<li id=\"98571558\" class=\"productFeature\">Capacidad del c\u00e1rter de aceite cuartos de gal\u00f3n (litro): 5.8 (5.5)<\/li>\n<li id=\"98571559\" class=\"productFeature\">Sistema de encendido: Encendido electr\u00f3nico de estado s\u00f3lido<\/li>\n<li id=\"98571560\" class=\"productFeature\">Alternador: 12V 40A<\/li>\n<li id=\"98571561\" class=\"productFeature\">Posici\u00f3n de trimado: Trimado e inclinado el\u00e9ctrico<\/li>\n<li id=\"98571562\" class=\"productFeature\">Relaci\u00f3n de transmisi\u00f3n: 2,59:1<\/li>\n<li id=\"98571563\" class=\"productFeature\">H\u00e9lice est\u00e1ndar: Opcional; Selecci\u00f3n de h\u00e9lice: 15 - 26<\/li>\n<\/ul>\n<\/div>\n<p>&nbsp;<\/p>\n<div class=\"panel width-100 flex-sm-6\">\n<div id=\"specs\" class=\"panel-collapse wysiwyg-content collapse in\" role=\"tabpanel\" aria-label=\"especificaciones\">\n<p><strong>Motor<\/strong><\/p>\n<p role=\"presentation\">Tipo de motor<\/p>\n<p role=\"presentation\">4 cilindros, DOHC de 16 v\u00e1lvulas<\/p>\n<dl class=\"dl-horizontal spec-definition\" role=\"presentation\"><\/dl>\n<p role=\"presentation\">Di\u00e1metro x Carrera<\/p>\n<p role=\"presentation\">86 x 88 mm (3,40 x 3,50 pulg.)<\/p>\n<dl class=\"dl-horizontal spec-definition\" role=\"presentation\"><\/dl>\n<p role=\"presentation\">Desplazamiento<\/p>\n<p role=\"presentation\">124,7 cu.in. (2044 cc)<\/p>\n<dl class=\"dl-horizontal spec-definition\" role=\"presentation\"><\/dl>\n<p role=\"presentation\">Empezando por<\/p>\n<p role=\"presentation\">El\u00e9ctrico<\/p>\n<dl class=\"dl-horizontal spec-definition\" role=\"presentation\"><\/dl>\n<p><strong>Dimensiones<\/strong><\/p>\n<p role=\"presentation\">Longitud del eje<\/p>\n<p role=\"presentation\">20 pulgadas.<\/p>\n<dl class=\"dl-horizontal spec-definition\" role=\"presentation\"><\/dl>\n<p role=\"presentation\">Peso<\/p>\n<p role=\"presentation\">401 lb.<\/p>\n<dl class=\"dl-horizontal spec-definition\" role=\"presentation\"><\/dl>\n<p><strong>General<\/strong><\/p>\n<p role=\"presentation\">M\u00e9todo de recorte<\/p>\n<p role=\"presentation\">Trimaje e inclinaci\u00f3n el\u00e9ctricos<\/p>\n<dl class=\"dl-horizontal spec-definition\" role=\"presentation\"><\/dl>\n<p role=\"presentation\">Potencia del eje de transmisi\u00f3n<\/p>\n<p role=\"presentation\">115 CV<\/p>\n<dl class=\"dl-horizontal spec-definition\" role=\"presentation\"><\/dl>\n<p role=\"presentation\">Rango de funcionamiento del acelerador a fondo<\/p>\n<p role=\"presentation\">5000-6000 rpm<\/p>\n<dl class=\"dl-horizontal spec-definition\" role=\"presentation\"><\/dl>\n<p role=\"presentation\">Relaci\u00f3n de transmisi\u00f3n \/ Cambio<\/p>\n<p role=\"presentation\">2.59:1<\/p>\n<dl class=\"dl-horizontal spec-definition\" role=\"presentation\"><\/dl>\n<p role=\"presentation\">Inducci\u00f3n de combustible<\/p>\n<p role=\"presentation\">Inyecci\u00f3n electr\u00f3nica de combustible secuencial multipunto<\/p>\n<dl class=\"dl-horizontal spec-definition\" role=\"presentation\"><\/dl>\n<p role=\"presentation\">Alternador<\/p>\n<p role=\"presentation\">12V 40A<\/p>\n<dl class=\"dl-horizontal spec-definition\" role=\"presentation\"><\/dl>\n<p role=\"presentation\">Direcci\u00f3n<\/p>\n<p role=\"presentation\">Remoto (kit de ca\u00f1a de tim\u00f3n opcional)<\/p>\n<\/div>\n<\/div>\n<div style=\"display:none;\">\n\t<a href=\"https:\/\/yoast.com\/\">Yoast<\/a><br \/>\n\t<a href=\"https:\/\/apexoutboards.com\/es\/\">firstclassoutboards<\/a><br \/>\n\t<img decoding=\"async\" src=\"https:\/\/apexoutboards.com\/wp-content\/uploads\/2021\/12\/PNG_Transparent_High-Resolution_300-_Dpi-1-1-1536x650.png\" alt=\"\"><br \/>\n\tApex Outboards es el mayor distribuidor de motores fueraborda de Estados Unidos. Los miembros de nuestro equipo ofrecen el mejor servicio al cliente y conocimiento t\u00e9cnico de cualquier distribuidor de motores fueraborda.\n<\/div>","protected":false},"excerpt":{"rendered":"<p><strong>Estado:<\/strong> Nuevo<br \/>\n<strong>El env\u00edo:<\/strong> Listo para enviar ahora<\/p>\n<p>Nos comprometemos a ofrecer el mejor servicio al cliente. No dude en ponerse en contacto con nosotros para solicitar asistencia. Toda la informaci\u00f3n recibida ser\u00e1 siempre confidencial.<\/p>","protected":false},"featured_media":4606,"comment_status":"open","ping_status":"closed","template":"","meta":{"ocean_post_layout":"","ocean_both_sidebars_style":"","ocean_both_sidebars_content_width":0,"ocean_both_sidebars_sidebars_width":0,"ocean_sidebar":"0","ocean_second_sidebar":"0","ocean_disable_margins":"enable","ocean_add_body_class":"","ocean_shortcode_before_top_bar":"","ocean_shortcode_after_top_bar":"","ocean_shortcode_before_header":"","ocean_shortcode_after_header":"","ocean_has_shortcode":"","ocean_shortcode_after_title":"","ocean_shortcode_before_footer_widgets":"","ocean_shortcode_after_footer_widgets":"","ocean_shortcode_before_footer_bottom":"","ocean_shortcode_after_footer_bottom":"","ocean_display_top_bar":"default","ocean_display_header":"default","ocean_header_style":"","ocean_center_header_left_menu":"0","ocean_custom_header_template":"0","ocean_custom_logo":0,"ocean_custom_retina_logo":0,"ocean_custom_logo_max_width":0,"ocean_custom_logo_tablet_max_width":0,"ocean_custom_logo_mobile_max_width":0,"ocean_custom_logo_max_height":0,"ocean_custom_logo_tablet_max_height":0,"ocean_custom_logo_mobile_max_height":0,"ocean_header_custom_menu":"0","ocean_menu_typo_font_family":"0","ocean_menu_typo_font_subset":"","ocean_menu_typo_font_size":0,"ocean_menu_typo_font_size_tablet":0,"ocean_menu_typo_font_size_mobile":0,"ocean_menu_typo_font_size_unit":"px","ocean_menu_typo_font_weight":"","ocean_menu_typo_font_weight_tablet":"","ocean_menu_typo_font_weight_mobile":"","ocean_menu_typo_transform":"","ocean_menu_typo_transform_tablet":"","ocean_menu_typo_transform_mobile":"","ocean_menu_typo_line_height":0,"ocean_menu_typo_line_height_tablet":0,"ocean_menu_typo_line_height_mobile":0,"ocean_menu_typo_line_height_unit":"","ocean_menu_typo_spacing":0,"ocean_menu_typo_spacing_tablet":0,"ocean_menu_typo_spacing_mobile":0,"ocean_menu_typo_spacing_unit":"","ocean_menu_link_color":"","ocean_menu_link_color_hover":"","ocean_menu_link_color_active":"","ocean_menu_link_background":"","ocean_menu_link_hover_background":"","ocean_menu_link_active_background":"","ocean_menu_social_links_bg":"","ocean_menu_social_hover_links_bg":"","ocean_menu_social_links_color":"","ocean_menu_social_hover_links_color":"","ocean_disable_title":"default","ocean_disable_heading":"default","ocean_post_title":"","ocean_post_subheading":"","ocean_post_title_style":"","ocean_post_title_background_color":"","ocean_post_title_background":0,"ocean_post_title_bg_image_position":"","ocean_post_title_bg_image_attachment":"","ocean_post_title_bg_image_repeat":"","ocean_post_title_bg_image_size":"","ocean_post_title_height":0,"ocean_post_title_bg_overlay":0.5,"ocean_post_title_bg_overlay_color":"","ocean_disable_breadcrumbs":"default","ocean_breadcrumbs_color":"","ocean_breadcrumbs_separator_color":"","ocean_breadcrumbs_links_color":"","ocean_breadcrumbs_links_hover_color":"","ocean_display_footer_widgets":"default","ocean_display_footer_bottom":"default","ocean_custom_footer_template":"0"},"product_brand":[],"product_cat":[134,46,196],"product_tag":[],"class_list":{"0":"post-4601","1":"product","2":"type-product","3":"status-publish","4":"has-post-thumbnail","6":"product_cat-115-hp","7":"product_cat-suzuki","8":"product_cat-suzuki-115-hp","10":"entry","11":"has-media","13":"first","14":"instock","15":"sale","16":"shipping-taxable","17":"purchasable","18":"product-type-variable","19":"has-product-nav","20":"col","21":"span_1_of_4","22":"owp-content-center","23":"owp-thumbs-layout-horizontal","24":"owp-btn-normal","25":"owp-tabs-layout-horizontal","26":"has-no-thumbnails","28":"circle-sale"},"yoast_head":"<!-- This site is optimized with the Yoast SEO plugin v27.2 - https:\/\/yoast.com\/product\/yoast-seo-wordpress\/ -->\n<title>2021 Suzuki 115 HP DF115B Outboard Motor<\/title>\n<meta name=\"description\" content=\"Get your product today! The 2021 Suzuki 115 HP DF115B Outboard Motor will be the best choice for you. Happy shopping!\" \/>\n<meta name=\"robots\" content=\"index, follow, max-snippet:-1, max-image-preview:large, max-video-preview:-1\" \/>\n<link rel=\"canonical\" href=\"https:\/\/apexoutboards.com\/es\/producto\/2021-suzuki-115-hp-df115b-outboard-motor\/\" \/>\n<meta property=\"og:locale\" content=\"es_MX\" \/>\n<meta property=\"og:type\" content=\"article\" \/>\n<meta property=\"og:title\" content=\"2021 Suzuki 115 HP DF115B Outboard Motor\" \/>\n<meta property=\"og:description\" content=\"Get your product today! The 2021 Suzuki 115 HP DF115B Outboard Motor will be the best choice for you. Happy shopping!\" \/>\n<meta property=\"og:url\" content=\"https:\/\/apexoutboards.com\/es\/producto\/2021-suzuki-115-hp-df115b-outboard-motor\/\" \/>\n<meta property=\"og:site_name\" content=\"Apex Outboards\" \/>\n<meta property=\"article:modified_time\" content=\"2023-02-16T16:59:19+00:00\" \/>\n<meta property=\"og:image\" content=\"https:\/\/apexoutboards.com\/wp-content\/uploads\/2021\/12\/115-1-600x450-3.jpg\" \/>\n\t<meta property=\"og:image:width\" content=\"600\" \/>\n\t<meta property=\"og:image:height\" content=\"450\" \/>\n\t<meta property=\"og:image:type\" content=\"image\/jpeg\" \/>\n<meta name=\"twitter:card\" content=\"summary_large_image\" \/>\n<meta name=\"twitter:label1\" content=\"Tiempo de lectura\" \/>\n\t<meta name=\"twitter:data1\" content=\"1 minuto\" \/>\n<script type=\"application\/ld+json\" class=\"yoast-schema-graph\">{\"@context\":\"https:\/\/schema.org\",\"@graph\":[{\"@type\":\"WebPage\",\"@id\":\"https:\/\/apexoutboards.com\/product\/2021-suzuki-115-hp-df115b-outboard-motor\/\",\"url\":\"https:\/\/apexoutboards.com\/product\/2021-suzuki-115-hp-df115b-outboard-motor\/\",\"name\":\"2021 Suzuki 115 HP DF115B Outboard Motor\",\"isPartOf\":{\"@id\":\"https:\/\/apexoutboards.com\/#website\"},\"primaryImageOfPage\":{\"@id\":\"https:\/\/apexoutboards.com\/product\/2021-suzuki-115-hp-df115b-outboard-motor\/#primaryimage\"},\"image\":{\"@id\":\"https:\/\/apexoutboards.com\/product\/2021-suzuki-115-hp-df115b-outboard-motor\/#primaryimage\"},\"thumbnailUrl\":\"https:\/\/apexoutboards.com\/wp-content\/uploads\/2021\/12\/115-1-600x450-3.jpg\",\"datePublished\":\"2021-12-21T06:42:09+00:00\",\"dateModified\":\"2023-02-16T16:59:19+00:00\",\"description\":\"Get your product today! The 2021 Suzuki 115 HP DF115B Outboard Motor will be the best choice for you. Happy shopping!\",\"breadcrumb\":{\"@id\":\"https:\/\/apexoutboards.com\/product\/2021-suzuki-115-hp-df115b-outboard-motor\/#breadcrumb\"},\"inLanguage\":\"es\",\"potentialAction\":[{\"@type\":\"ReadAction\",\"target\":[\"https:\/\/apexoutboards.com\/product\/2021-suzuki-115-hp-df115b-outboard-motor\/\"]}]},{\"@type\":\"ImageObject\",\"inLanguage\":\"es\",\"@id\":\"https:\/\/apexoutboards.com\/product\/2021-suzuki-115-hp-df115b-outboard-motor\/#primaryimage\",\"url\":\"https:\/\/apexoutboards.com\/wp-content\/uploads\/2021\/12\/115-1-600x450-3.jpg\",\"contentUrl\":\"https:\/\/apexoutboards.com\/wp-content\/uploads\/2021\/12\/115-1-600x450-3.jpg\",\"width\":600,\"height\":450,\"caption\":\"2021 Suzuki 115 HP DF115B Outboard Motor\"},{\"@type\":\"BreadcrumbList\",\"@id\":\"https:\/\/apexoutboards.com\/product\/2021-suzuki-115-hp-df115b-outboard-motor\/#breadcrumb\",\"itemListElement\":[{\"@type\":\"ListItem\",\"position\":1,\"name\":\"Home\",\"item\":\"https:\/\/apexoutboards.com\/\"},{\"@type\":\"ListItem\",\"position\":2,\"name\":\"Shop\",\"item\":\"https:\/\/apexoutboards.com\/shop\/\"},{\"@type\":\"ListItem\",\"position\":3,\"name\":\"2021 Suzuki 115 HP DF115B Outboard Motor\"}]},{\"@type\":\"WebSite\",\"@id\":\"https:\/\/apexoutboards.com\/#website\",\"url\":\"https:\/\/apexoutboards.com\/\",\"name\":\"Apex Outboards\",\"description\":\"apexoutboards.com\",\"publisher\":{\"@id\":\"https:\/\/apexoutboards.com\/#organization\"},\"potentialAction\":[{\"@type\":\"SearchAction\",\"target\":{\"@type\":\"EntryPoint\",\"urlTemplate\":\"https:\/\/apexoutboards.com\/?s={search_term_string}\"},\"query-input\":{\"@type\":\"PropertyValueSpecification\",\"valueRequired\":true,\"valueName\":\"search_term_string\"}}],\"inLanguage\":\"es\"},{\"@type\":\"Organization\",\"@id\":\"https:\/\/apexoutboards.com\/#organization\",\"name\":\"Apex Outboards\",\"url\":\"https:\/\/apexoutboards.com\/\",\"logo\":{\"@type\":\"ImageObject\",\"inLanguage\":\"es\",\"@id\":\"https:\/\/apexoutboards.com\/#\/schema\/logo\/image\/\",\"url\":\"https:\/\/apexoutboards.com\/wp-content\/uploads\/2021\/12\/Screenshot_7.png\",\"contentUrl\":\"https:\/\/apexoutboards.com\/wp-content\/uploads\/2021\/12\/Screenshot_7.png\",\"width\":222,\"height\":103,\"caption\":\"Apex Outboards\"},\"image\":{\"@id\":\"https:\/\/apexoutboards.com\/#\/schema\/logo\/image\/\"}}]}<\/script>\n<!-- \/ Yoast SEO plugin. -->","yoast_head_json":{"title":"2021 Motor fueraborda Suzuki 115 HP DF115B","description":"\u00a1Consiga su producto hoy mismo! El motor fueraborda 2021 Suzuki 115 HP DF115B ser\u00e1 la mejor opci\u00f3n para usted. \u00a1Feliz compra!","robots":{"index":"index","follow":"follow","max-snippet":"max-snippet:-1","max-image-preview":"max-image-preview:large","max-video-preview":"max-video-preview:-1"},"canonical":"https:\/\/apexoutboards.com\/es\/producto\/2021-suzuki-115-hp-df115b-outboard-motor\/","og_locale":"es_MX","og_type":"article","og_title":"2021 Suzuki 115 HP DF115B Outboard Motor","og_description":"Get your product today! The 2021 Suzuki 115 HP DF115B Outboard Motor will be the best choice for you. Happy shopping!","og_url":"https:\/\/apexoutboards.com\/es\/producto\/2021-suzuki-115-hp-df115b-outboard-motor\/","og_site_name":"Apex Outboards","article_modified_time":"2023-02-16T16:59:19+00:00","og_image":[{"width":600,"height":450,"url":"https:\/\/apexoutboards.com\/wp-content\/uploads\/2021\/12\/115-1-600x450-3.jpg","type":"image\/jpeg"}],"twitter_card":"summary_large_image","twitter_misc":{"Tiempo de lectura":"1 minuto"},"schema":{"@context":"https:\/\/schema.org","@graph":[{"@type":"WebPage","@id":"https:\/\/apexoutboards.com\/product\/2021-suzuki-115-hp-df115b-outboard-motor\/","url":"https:\/\/apexoutboards.com\/product\/2021-suzuki-115-hp-df115b-outboard-motor\/","name":"2021 Motor fueraborda Suzuki 115 HP DF115B","isPartOf":{"@id":"https:\/\/apexoutboards.com\/#website"},"primaryImageOfPage":{"@id":"https:\/\/apexoutboards.com\/product\/2021-suzuki-115-hp-df115b-outboard-motor\/#primaryimage"},"image":{"@id":"https:\/\/apexoutboards.com\/product\/2021-suzuki-115-hp-df115b-outboard-motor\/#primaryimage"},"thumbnailUrl":"https:\/\/apexoutboards.com\/wp-content\/uploads\/2021\/12\/115-1-600x450-3.jpg","datePublished":"2021-12-21T06:42:09+00:00","dateModified":"2023-02-16T16:59:19+00:00","description":"\u00a1Consiga su producto hoy mismo! El motor fueraborda 2021 Suzuki 115 HP DF115B ser\u00e1 la mejor opci\u00f3n para usted. \u00a1Feliz compra!","breadcrumb":{"@id":"https:\/\/apexoutboards.com\/product\/2021-suzuki-115-hp-df115b-outboard-motor\/#breadcrumb"},"inLanguage":"es","potentialAction":[{"@type":"ReadAction","target":["https:\/\/apexoutboards.com\/product\/2021-suzuki-115-hp-df115b-outboard-motor\/"]}]},{"@type":"ImageObject","inLanguage":"es","@id":"https:\/\/apexoutboards.com\/product\/2021-suzuki-115-hp-df115b-outboard-motor\/#primaryimage","url":"https:\/\/apexoutboards.com\/wp-content\/uploads\/2021\/12\/115-1-600x450-3.jpg","contentUrl":"https:\/\/apexoutboards.com\/wp-content\/uploads\/2021\/12\/115-1-600x450-3.jpg","width":600,"height":450,"caption":"2021 Suzuki 115 HP DF115B Outboard Motor"},{"@type":"BreadcrumbList","@id":"https:\/\/apexoutboards.com\/product\/2021-suzuki-115-hp-df115b-outboard-motor\/#breadcrumb","itemListElement":[{"@type":"ListItem","position":1,"name":"Home","item":"https:\/\/apexoutboards.com\/"},{"@type":"ListItem","position":2,"name":"Shop","item":"https:\/\/apexoutboards.com\/shop\/"},{"@type":"ListItem","position":3,"name":"2021 Suzuki 115 HP DF115B Outboard Motor"}]},{"@type":"WebSite","@id":"https:\/\/apexoutboards.com\/#website","url":"https:\/\/apexoutboards.com\/","name":"Fuerabordas de primera clase","description":"apexoutboards.com","publisher":{"@id":"https:\/\/apexoutboards.com\/#organization"},"potentialAction":[{"@type":"SearchAction","target":{"@type":"EntryPoint","urlTemplate":"https:\/\/apexoutboards.com\/?s={search_term_string}"},"query-input":{"@type":"PropertyValueSpecification","valueRequired":true,"valueName":"search_term_string"}}],"inLanguage":"es"},{"@type":"Organization","@id":"https:\/\/apexoutboards.com\/#organization","name":"Fuerabordas de primera clase","url":"https:\/\/apexoutboards.com\/","logo":{"@type":"ImageObject","inLanguage":"es","@id":"https:\/\/apexoutboards.com\/#\/schema\/logo\/image\/","url":"https:\/\/apexoutboards.com\/wp-content\/uploads\/2021\/12\/Screenshot_7.png","contentUrl":"https:\/\/apexoutboards.com\/wp-content\/uploads\/2021\/12\/Screenshot_7.png","width":222,"height":103,"caption":"Apex Outboards"},"image":{"@id":"https:\/\/apexoutboards.com\/#\/schema\/logo\/image\/"}}]}},"jetpack_sharing_enabled":true,"_links":{"self":[{"href":"https:\/\/apexoutboards.com\/es\/wp-json\/wp\/v2\/product\/4601","targetHints":{"allow":["GET"]}}],"collection":[{"href":"https:\/\/apexoutboards.com\/es\/wp-json\/wp\/v2\/product"}],"about":[{"href":"https:\/\/apexoutboards.com\/es\/wp-json\/wp\/v2\/types\/product"}],"replies":[{"embeddable":true,"href":"https:\/\/apexoutboards.com\/es\/wp-json\/wp\/v2\/comments?post=4601"}],"version-history":[{"count":0,"href":"https:\/\/apexoutboards.com\/es\/wp-json\/wp\/v2\/product\/4601\/revisions"}],"wp:featuredmedia":[{"embeddable":true,"href":"https:\/\/apexoutboards.com\/es\/wp-json\/wp\/v2\/media\/4606"}],"wp:attachment":[{"href":"https:\/\/apexoutboards.com\/es\/wp-json\/wp\/v2\/media?parent=4601"}],"wp:term":[{"taxonomy":"product_brand","embeddable":true,"href":"https:\/\/apexoutboards.com\/es\/wp-json\/wp\/v2\/product_brand?post=4601"},{"taxonomy":"product_cat","embeddable":true,"href":"https:\/\/apexoutboards.com\/es\/wp-json\/wp\/v2\/product_cat?post=4601"},{"taxonomy":"product_tag","embeddable":true,"href":"https:\/\/apexoutboards.com\/es\/wp-json\/wp\/v2\/product_tag?post=4601"}],"curies":[{"name":"wp","href":"https:\/\/api.w.org\/{rel}","templated":true}]}}