{"id":3958,"date":"2021-12-19T05:37:03","date_gmt":"2021-12-18T18:37:03","guid":{"rendered":"https:\/\/apexoutboards.com\/?post_type=product&#038;p=3958"},"modified":"2023-02-17T04:22:10","modified_gmt":"2023-02-16T17:22:10","slug":"2019-yamaha-250-hp-vf250xa-v-max-sho-outboard-motor","status":"publish","type":"product","link":"https:\/\/apexoutboards.com\/es\/producto\/2019-yamaha-250-hp-vf250xa-v-max-sho-outboard-motor\/","title":{"rendered":"Motor fuera de borda 2019 Yamaha 250 HP VF250XA V MAX SHO"},"content":{"rendered":"<div id=\"tab-description\" class=\"tab-content\">\n<h2>Motor fuera de borda 2019 Yamaha 250 HP VF250XA V MAX SHO<\/h2>\n<div id=\"itemGroup\" class=\"productItemGroup\">\n<p class=\"productItemGroupName\"><strong>Potencia y rendimiento<\/strong><\/p>\n<ul class=\"itemGroupFeatures\">\n<li id=\"97307119\" class=\"productFeature\">Cabezal compacto y potente: Los cilindros sin camisa fundidos con plasma son m\u00e1s ligeros y un 60% m\u00e1s duros que el acero. Tambi\u00e9n nos permiten ampliar los orificios de los cilindros sin aumentar sus dimensiones, lo que crea 4,2 litros de cilindrada sin a\u00f1adir peso.<\/li>\n<li id=\"97307120\" class=\"productFeature\">Ligereza: Con un carenado, un soporte de motor y un c\u00e1rter inferior redise\u00f1ados, los modelos con eje de 20 pulgadas son 34 libras m\u00e1s ligeros que su predecesor, el V MAX\u00ae Serie 2 de dos tiempos.<\/li>\n<li id=\"97307121\" class=\"productFeature\">Dise\u00f1o inteligente: El exclusivo sistema de escape In-Bank de Yamaha sale hacia abajo por el centro de la \"V\" en lugar de por el lado exterior. Esto aumenta la eficiencia de la combusti\u00f3n, creando m\u00e1s potencia y par, y tambi\u00e9n resulta en una forma m\u00e1s compacta.<\/li>\n<li id=\"97307122\" class=\"productFeature\">Rendimiento general: Este dise\u00f1o superior -con \u00e1rboles de levas de admisi\u00f3n y escape individuales, v\u00e1lvulas m\u00e1s grandes que los dise\u00f1os anteriores y cuatro v\u00e1lvulas por cilindro- proporciona una sincronizaci\u00f3n de v\u00e1lvulas m\u00e1s precisa y un intercambio m\u00e1s eficiente de los gases de admisi\u00f3n y exhalaci\u00f3n, para una potencia sensible y un mayor ahorro de combustible.<\/li>\n<li id=\"97307123\" class=\"productFeature\">Respuesta del acelerador: La respuesta del acelerador en el rango medio y la respuesta instant\u00e1nea creada por la sincronizaci\u00f3n variable del \u00e1rbol de levas tiene que ser sentida para ser cre\u00edda.<\/li>\n<li id=\"97307124\" class=\"productFeature\">Excelente ahorro de combustible: Las paredes de los cilindros microtexturizadas aumentan la eficiencia de la respiraci\u00f3n, mientras que la inyecci\u00f3n de combustible multipunto de precisi\u00f3n garantiza la cantidad precisa de aire y combustible necesaria para una potencia y eficiencia de combustible \u00f3ptimas. Juntos, hacen que el V MAX SHO\u00ae de cuatro tiempos y 4,2 litros de cilindrada hasta 12% sea m\u00e1s eficiente en el consumo de combustible que nuestro V MAX\u00ae Serie 2 de dos tiempos.<\/li>\n<\/ul>\n<p class=\"productItemGroupName\"><strong>Fiabilidad y durabilidad<\/strong><\/p>\n<ul class=\"itemGroupFeatures\">\n<li id=\"97307125\" class=\"productFeature\">Suave y silencioso: Un escape en forma de laberinto dirige los gases a trav\u00e9s de un laberinto antes de que salgan por encima de la l\u00ednea de flotaci\u00f3n a trav\u00e9s de una salida de alivio de la exhauci\u00f3n al ralent\u00ed. Esto, combinado con un dise\u00f1o sin silenciador, da como resultado un funcionamiento incre\u00edblemente suave y silencioso, con un agradable sonido de potencia al ralent\u00ed.<\/li>\n<li id=\"97307126\" class=\"productFeature\">Protecci\u00f3n y potencia: Los fuerabordas V MAX SHO\u00ae cuentan con un sistema de reducci\u00f3n de la presi\u00f3n de los gases de escape, que no s\u00f3lo ayuda a mantener el cubo de la h\u00e9lice refrigerado por los gases de escape calientes, sino que tambi\u00e9n ayuda a proporcionar potencia mediante la transici\u00f3n de esos gases fuera del motor durante las fases cr\u00edticas de disparo y aceleraci\u00f3n.<\/li>\n<li id=\"97307127\" class=\"productFeature\">Protecci\u00f3n contra la corrosi\u00f3n: En combinaci\u00f3n con nuestra aleaci\u00f3n patentada (YDC-30), nuestro exclusivo sistema de pintura anticorrosiva electrodepositada Phaze Five\u2122 proporciona una resistente barrera de cinco capas contra la corrosi\u00f3n. Esta protecci\u00f3n es est\u00e1ndar en todos los motores Yamaha V MAX SHO\u00ae de cuatro tiempos.<\/li>\n<li id=\"97307128\" class=\"productFeature\">Combustible m\u00e1s limpio: Un gran filtro de combustible separador de agua en el motor con un sensor de agua funciona junto con el filtro de combustible separador de agua de 10 micras de Yamaha para separar el agua y los contaminantes del combustible antes de que puedan llegar a los otros filtros e inyectores de combustible del fueraborda.<\/li>\n<li id=\"97307129\" class=\"productFeature\">Menos piezas m\u00f3viles: Una sola correa de distribuci\u00f3n utiliza menos piezas m\u00f3viles para una fiabilidad a largo plazo. Los tensores de correa autom\u00e1ticos mantienen la tensi\u00f3n adecuada de la correa, evitando los ajustes para mayor comodidad.<\/li>\n<\/ul>\n<p class=\"productItemGroupName\"><strong>Comodidad y control<\/strong><\/p>\n<ul class=\"itemGroupFeatures\">\n<li id=\"97307130\" class=\"productFeature\">Potente carga: Con 46 amperios de potencia total del alternador a 1.000 RPM y 50 amperios completos de 2.500 a 6.000 RPM, los fuerabordas V MAX SHO\u00ae ofrecen el tipo de potencia de carga necesaria para hacer funcionar la amplia gama de dispositivos electr\u00f3nicos de a bordo de hoy en d\u00eda.<\/li>\n<li id=\"97307131\" class=\"productFeature\">H\u00e9lices de la serie V MAX SHO\u00ae: Dise\u00f1adas exclusivamente para los fuerabordas V MAX SHO\u00ae V6 con eje de 20 pulgadas, las h\u00e9lices de la serie V MAX SHO est\u00e1n disponibles en incrementos de una pulgada, desde 22 a 27 pulgadas, para ajustar con precisi\u00f3n las RPM de aceleraci\u00f3n abierta para obtener un rendimiento a nivel de torneo.<\/li>\n<li id=\"97307132\" class=\"productFeature\">Datos de rendimiento en tiempo real: Los indicadores Command Link\u00ae opcionales proporcionan datos de rendimiento del fueraborda, de los sistemas de la embarcaci\u00f3n y del entorno en tiempo real al alcance de su mano. Las pantallas aerodin\u00e1micas est\u00e1n dise\u00f1adas para soportar los elementos y est\u00e1n disponibles en estilo cuadrado o redondo para aplicaciones de uno o varios motores.<\/li>\n<\/ul>\n<p class=\"productItemGroupName\"><strong>Caracter\u00edsticas espec\u00edficas del modelo<\/strong><\/p>\n<ul class=\"itemGroupFeatures\">\n<li id=\"97307134\" class=\"productFeature\">Dise\u00f1o del V6 de 4,2 litros de s\u00faper alto rendimiento a 60 grados<\/li>\n<li id=\"97307135\" class=\"productFeature\">Longitudes de eje disponibles: 20\" y 25\".<\/li>\n<li id=\"97307136\" class=\"productFeature\">Octanaje m\u00ednimo 89<\/li>\n<li id=\"97307137\" class=\"productFeature\">Controles mec\u00e1nicos con indicadores Command Link\u00ae opcionales<\/li>\n<\/ul>\n<p class=\"productItemGroupName\"><strong>Especificaciones<\/strong><\/p>\n<ul class=\"itemGroupFeatures\">\n<li id=\"97307138\" class=\"productFeature\">Tipo de motor: V6<\/li>\n<li id=\"97307139\" class=\"productFeature\">Cilindrada: 4.2L<\/li>\n<li id=\"97307140\" class=\"productFeature\">Di\u00e1metro x Carrera: 96 x 96mm (3.78 x 3.78 in)<\/li>\n<li id=\"97307141\" class=\"productFeature\">Potencia del eje de la h\u00e9lice: 250 CV a 5.500 rpm<\/li>\n<li id=\"97307142\" class=\"productFeature\">Rango de RPM del acelerador a fondo: 5000 ~ 6000 rpm<\/li>\n<li id=\"97307143\" class=\"productFeature\">Salida del alternador en la T.O.P.: 50 amperios<\/li>\n<li id=\"97307144\" class=\"productFeature\">Relaci\u00f3n de compresi\u00f3n: 10,3:1<\/li>\n<li id=\"97307145\" class=\"productFeature\">Sistema de inducci\u00f3n de combustible: EFI<\/li>\n<li id=\"97307146\" class=\"productFeature\">Peso*: 251 kg (555 lbs)<\/li>\n<li id=\"97307147\" class=\"productFeature\">Combustible recomendado: Octanaje 89<\/li>\n<li id=\"97307148\" class=\"productFeature\">Aceite de motor recomendado: Yamalube\u00ae 4M (Consulte el manual del propietario)<\/li>\n<li id=\"97307149\" class=\"productFeature\">Filtraci\u00f3n de combustible recomendada: Filtro separador de combustible\/agua Yamaha de 10 micras (externo)<\/li>\n<li id=\"97307150\" class=\"productFeature\">Clasificaci\u00f3n C.A.R.B: 3 estrellas<\/li>\n<li id=\"97307151\" class=\"productFeature\">Escape: A trav\u00e9s de la h\u00e9lice<\/li>\n<li id=\"97307152\" class=\"productFeature\">Entrada: 24<\/li>\n<li id=\"97307153\" class=\"productFeature\">Encendido: Microordenador TCI<\/li>\n<li id=\"97307154\" class=\"productFeature\">Buj\u00eda: LFR6A-11<\/li>\n<li id=\"97307155\" class=\"productFeature\">Salida del alternador: 50 amperios<\/li>\n<li id=\"97307156\" class=\"productFeature\">Sistema de arranque: El\u00e9ctrico<\/li>\n<li id=\"97307157\" class=\"productFeature\">Lubricaci\u00f3n: Dep\u00f3sito h\u00famedo<\/li>\n<li id=\"97307158\" class=\"productFeature\">Capacidad de aceite del motor: 6.7L\/6.4L<\/li>\n<li id=\"97307159\" class=\"productFeature\">Refrigeraci\u00f3n recomendada: Control termost\u00e1tico<\/li>\n<li id=\"97307160\" class=\"productFeature\">L\u00edmite de mezcla de etanol: 10% m\u00e1ximo<\/li>\n<li id=\"97307161\" class=\"productFeature\">Relaci\u00f3n de transmisi\u00f3n: 1,75:1<\/li>\n<li id=\"97307162\" class=\"productFeature\">Cambio de marchas: Avance, punto muerto, marcha atr\u00e1s<\/li>\n<li id=\"97307163\" class=\"productFeature\">Longitud del eje: 25\u2033.<\/li>\n<li id=\"97307164\" class=\"productFeature\">Grado de inclinaci\u00f3n: 66\u00b0.<\/li>\n<li id=\"97307165\" class=\"productFeature\">Grado de recorte: de -4\u00b0 a +16\u00b0<\/li>\n<li id=\"97307166\" class=\"productFeature\">Peso en seco: 251 kg (555 libras)<\/li>\n<li id=\"97307167\" class=\"productFeature\">Centros de montaje: N\/A<\/li>\n<li id=\"97307168\" class=\"productFeature\">\u00c1ngulo de direcci\u00f3n (m\u00e1ximo): 35\u00b0 desde el centro, en cualquier direcci\u00f3n<\/li>\n<li id=\"97307169\" class=\"productFeature\">Garant\u00eda: Limitada a 3 a\u00f1os de placer, 3 a\u00f1os de gobierno, 1 a\u00f1o comercial<\/li>\n<\/ul>\n<\/div>\n<\/div>\n<div style=\"display:none;\">\n\t<a href=\"https:\/\/yoast.com\/\">Yoast<\/a><br \/>\n\t<a href=\"https:\/\/apexoutboards.com\/es\/\">firstclassoutboards<\/a><br \/>\n\t<img decoding=\"async\" src=\"https:\/\/apexoutboards.com\/wp-content\/uploads\/2021\/12\/PNG_Transparent_High-Resolution_300-_Dpi-1-1-1536x650.png\" alt=\"\"><br \/>\n\tApex Outboards es el mayor distribuidor de motores fueraborda de Estados Unidos. Los miembros de nuestro equipo ofrecen el mejor servicio al cliente y conocimiento t\u00e9cnico de cualquier distribuidor de motores fueraborda.\n<\/div>","protected":false},"excerpt":{"rendered":"<p><strong>Estado:<\/strong> Nuevo<br \/>\n<strong>El env\u00edo:<\/strong> Listo para enviar ahora<\/p>\n<p>Nos comprometemos a ofrecer el mejor servicio al cliente. No dude en ponerse en contacto con nosotros para solicitar asistencia. Toda la informaci\u00f3n recibida ser\u00e1 siempre confidencial.<\/p>","protected":false},"featured_media":3954,"comment_status":"open","ping_status":"closed","template":"","meta":{"ocean_post_layout":"","ocean_both_sidebars_style":"","ocean_both_sidebars_content_width":0,"ocean_both_sidebars_sidebars_width":0,"ocean_sidebar":"0","ocean_second_sidebar":"0","ocean_disable_margins":"enable","ocean_add_body_class":"","ocean_shortcode_before_top_bar":"","ocean_shortcode_after_top_bar":"","ocean_shortcode_before_header":"","ocean_shortcode_after_header":"","ocean_has_shortcode":"","ocean_shortcode_after_title":"","ocean_shortcode_before_footer_widgets":"","ocean_shortcode_after_footer_widgets":"","ocean_shortcode_before_footer_bottom":"","ocean_shortcode_after_footer_bottom":"","ocean_display_top_bar":"default","ocean_display_header":"default","ocean_header_style":"","ocean_center_header_left_menu":"0","ocean_custom_header_template":"0","ocean_custom_logo":0,"ocean_custom_retina_logo":0,"ocean_custom_logo_max_width":0,"ocean_custom_logo_tablet_max_width":0,"ocean_custom_logo_mobile_max_width":0,"ocean_custom_logo_max_height":0,"ocean_custom_logo_tablet_max_height":0,"ocean_custom_logo_mobile_max_height":0,"ocean_header_custom_menu":"0","ocean_menu_typo_font_family":"0","ocean_menu_typo_font_subset":"","ocean_menu_typo_font_size":0,"ocean_menu_typo_font_size_tablet":0,"ocean_menu_typo_font_size_mobile":0,"ocean_menu_typo_font_size_unit":"px","ocean_menu_typo_font_weight":"","ocean_menu_typo_font_weight_tablet":"","ocean_menu_typo_font_weight_mobile":"","ocean_menu_typo_transform":"","ocean_menu_typo_transform_tablet":"","ocean_menu_typo_transform_mobile":"","ocean_menu_typo_line_height":0,"ocean_menu_typo_line_height_tablet":0,"ocean_menu_typo_line_height_mobile":0,"ocean_menu_typo_line_height_unit":"","ocean_menu_typo_spacing":0,"ocean_menu_typo_spacing_tablet":0,"ocean_menu_typo_spacing_mobile":0,"ocean_menu_typo_spacing_unit":"","ocean_menu_link_color":"","ocean_menu_link_color_hover":"","ocean_menu_link_color_active":"","ocean_menu_link_background":"","ocean_menu_link_hover_background":"","ocean_menu_link_active_background":"","ocean_menu_social_links_bg":"","ocean_menu_social_hover_links_bg":"","ocean_menu_social_links_color":"","ocean_menu_social_hover_links_color":"","ocean_disable_title":"default","ocean_disable_heading":"default","ocean_post_title":"","ocean_post_subheading":"","ocean_post_title_style":"","ocean_post_title_background_color":"","ocean_post_title_background":0,"ocean_post_title_bg_image_position":"","ocean_post_title_bg_image_attachment":"","ocean_post_title_bg_image_repeat":"","ocean_post_title_bg_image_size":"","ocean_post_title_height":0,"ocean_post_title_bg_overlay":0.5,"ocean_post_title_bg_overlay_color":"","ocean_disable_breadcrumbs":"default","ocean_breadcrumbs_color":"","ocean_breadcrumbs_separator_color":"","ocean_breadcrumbs_links_color":"","ocean_breadcrumbs_links_hover_color":"","ocean_display_footer_widgets":"default","ocean_display_footer_bottom":"default","ocean_custom_footer_template":"0"},"product_brand":[],"product_cat":[129,125,148],"product_tag":[],"class_list":{"0":"post-3958","1":"product","2":"type-product","3":"status-publish","4":"has-post-thumbnail","6":"product_cat-250-hp","7":"product_cat-yamaha","8":"product_cat-yamaha-250-hp","10":"entry","11":"has-media","13":"first","14":"instock","15":"sale","16":"shipping-taxable","17":"purchasable","18":"product-type-simple","19":"has-product-nav","20":"col","21":"span_1_of_4","22":"owp-content-center","23":"owp-thumbs-layout-horizontal","24":"owp-btn-normal","25":"owp-tabs-layout-horizontal","26":"has-no-thumbnails","28":"circle-sale"},"yoast_head":"<!-- This site is optimized with the Yoast SEO plugin v27.2 - https:\/\/yoast.com\/product\/yoast-seo-wordpress\/ -->\n<title>2019 Yamaha 250 HP VF250XA V MAX SHO Outboard Motor<\/title>\n<meta name=\"description\" content=\"Get your product today! The 2019 Yamaha 250 HP VF250XA V MAX SHO Outboard Motor will be the best choice for you. Happy shopping!\" \/>\n<meta name=\"robots\" content=\"index, follow, max-snippet:-1, max-image-preview:large, max-video-preview:-1\" \/>\n<link rel=\"canonical\" href=\"https:\/\/apexoutboards.com\/es\/producto\/2019-yamaha-250-hp-vf250xa-v-max-sho-outboard-motor\/\" \/>\n<meta property=\"og:locale\" content=\"es_MX\" \/>\n<meta property=\"og:type\" content=\"article\" \/>\n<meta property=\"og:title\" content=\"2019 Yamaha 250 HP VF250XA V MAX SHO Outboard Motor\" \/>\n<meta property=\"og:description\" content=\"Get your product today! The 2019 Yamaha 250 HP VF250XA V MAX SHO Outboard Motor will be the best choice for you. Happy shopping!\" \/>\n<meta property=\"og:url\" content=\"https:\/\/apexoutboards.com\/es\/producto\/2019-yamaha-250-hp-vf250xa-v-max-sho-outboard-motor\/\" \/>\n<meta property=\"og:site_name\" content=\"Apex Outboards\" \/>\n<meta property=\"article:modified_time\" content=\"2023-02-16T17:22:10+00:00\" \/>\n<meta property=\"og:image\" content=\"https:\/\/apexoutboards.com\/wp-content\/uploads\/2021\/12\/250-500x500_jpg.png\" \/>\n\t<meta property=\"og:image:width\" content=\"500\" \/>\n\t<meta property=\"og:image:height\" content=\"500\" \/>\n\t<meta property=\"og:image:type\" content=\"image\/png\" \/>\n<meta name=\"twitter:card\" content=\"summary_large_image\" \/>\n<meta name=\"twitter:label1\" content=\"Tiempo de lectura\" \/>\n\t<meta name=\"twitter:data1\" content=\"4 minutos\" \/>\n<script type=\"application\/ld+json\" class=\"yoast-schema-graph\">{\"@context\":\"https:\/\/schema.org\",\"@graph\":[{\"@type\":\"WebPage\",\"@id\":\"https:\/\/apexoutboards.com\/product\/2019-yamaha-250-hp-vf250xa-v-max-sho-outboard-motor\/\",\"url\":\"https:\/\/apexoutboards.com\/product\/2019-yamaha-250-hp-vf250xa-v-max-sho-outboard-motor\/\",\"name\":\"2019 Yamaha 250 HP VF250XA V MAX SHO Outboard Motor\",\"isPartOf\":{\"@id\":\"https:\/\/apexoutboards.com\/#website\"},\"primaryImageOfPage\":{\"@id\":\"https:\/\/apexoutboards.com\/product\/2019-yamaha-250-hp-vf250xa-v-max-sho-outboard-motor\/#primaryimage\"},\"image\":{\"@id\":\"https:\/\/apexoutboards.com\/product\/2019-yamaha-250-hp-vf250xa-v-max-sho-outboard-motor\/#primaryimage\"},\"thumbnailUrl\":\"https:\/\/apexoutboards.com\/wp-content\/uploads\/2021\/12\/250-500x500_jpg.png\",\"datePublished\":\"2021-12-18T18:37:03+00:00\",\"dateModified\":\"2023-02-16T17:22:10+00:00\",\"description\":\"Get your product today! The 2019 Yamaha 250 HP VF250XA V MAX SHO Outboard Motor will be the best choice for you. Happy shopping!\",\"breadcrumb\":{\"@id\":\"https:\/\/apexoutboards.com\/product\/2019-yamaha-250-hp-vf250xa-v-max-sho-outboard-motor\/#breadcrumb\"},\"inLanguage\":\"es\",\"potentialAction\":[{\"@type\":\"ReadAction\",\"target\":[\"https:\/\/apexoutboards.com\/product\/2019-yamaha-250-hp-vf250xa-v-max-sho-outboard-motor\/\"]}]},{\"@type\":\"ImageObject\",\"inLanguage\":\"es\",\"@id\":\"https:\/\/apexoutboards.com\/product\/2019-yamaha-250-hp-vf250xa-v-max-sho-outboard-motor\/#primaryimage\",\"url\":\"https:\/\/apexoutboards.com\/wp-content\/uploads\/2021\/12\/250-500x500_jpg.png\",\"contentUrl\":\"https:\/\/apexoutboards.com\/wp-content\/uploads\/2021\/12\/250-500x500_jpg.png\",\"width\":500,\"height\":500},{\"@type\":\"BreadcrumbList\",\"@id\":\"https:\/\/apexoutboards.com\/product\/2019-yamaha-250-hp-vf250xa-v-max-sho-outboard-motor\/#breadcrumb\",\"itemListElement\":[{\"@type\":\"ListItem\",\"position\":1,\"name\":\"Home\",\"item\":\"https:\/\/apexoutboards.com\/\"},{\"@type\":\"ListItem\",\"position\":2,\"name\":\"Shop\",\"item\":\"https:\/\/apexoutboards.com\/shop\/\"},{\"@type\":\"ListItem\",\"position\":3,\"name\":\"2019 Yamaha 250 HP VF250XA V MAX SHO Outboard Motor\"}]},{\"@type\":\"WebSite\",\"@id\":\"https:\/\/apexoutboards.com\/#website\",\"url\":\"https:\/\/apexoutboards.com\/\",\"name\":\"Apex Outboards\",\"description\":\"apexoutboards.com\",\"publisher\":{\"@id\":\"https:\/\/apexoutboards.com\/#organization\"},\"potentialAction\":[{\"@type\":\"SearchAction\",\"target\":{\"@type\":\"EntryPoint\",\"urlTemplate\":\"https:\/\/apexoutboards.com\/?s={search_term_string}\"},\"query-input\":{\"@type\":\"PropertyValueSpecification\",\"valueRequired\":true,\"valueName\":\"search_term_string\"}}],\"inLanguage\":\"es\"},{\"@type\":\"Organization\",\"@id\":\"https:\/\/apexoutboards.com\/#organization\",\"name\":\"Apex Outboards\",\"url\":\"https:\/\/apexoutboards.com\/\",\"logo\":{\"@type\":\"ImageObject\",\"inLanguage\":\"es\",\"@id\":\"https:\/\/apexoutboards.com\/#\/schema\/logo\/image\/\",\"url\":\"https:\/\/apexoutboards.com\/wp-content\/uploads\/2021\/12\/Screenshot_7.png\",\"contentUrl\":\"https:\/\/apexoutboards.com\/wp-content\/uploads\/2021\/12\/Screenshot_7.png\",\"width\":222,\"height\":103,\"caption\":\"Apex Outboards\"},\"image\":{\"@id\":\"https:\/\/apexoutboards.com\/#\/schema\/logo\/image\/\"}}]}<\/script>\n<!-- \/ Yoast SEO plugin. -->","yoast_head_json":{"title":"Motor fuera de borda 2019 Yamaha 250 HP VF250XA V MAX SHO","description":"\u00a1Consigue tu producto hoy mismo! El motor fuera de borda 2019 Yamaha 250 HP VF250XA V MAX SHO ser\u00e1 la mejor opci\u00f3n para usted. \u00a1Feliz compra!","robots":{"index":"index","follow":"follow","max-snippet":"max-snippet:-1","max-image-preview":"max-image-preview:large","max-video-preview":"max-video-preview:-1"},"canonical":"https:\/\/apexoutboards.com\/es\/producto\/2019-yamaha-250-hp-vf250xa-v-max-sho-outboard-motor\/","og_locale":"es_MX","og_type":"article","og_title":"2019 Yamaha 250 HP VF250XA V MAX SHO Outboard Motor","og_description":"Get your product today! The 2019 Yamaha 250 HP VF250XA V MAX SHO Outboard Motor will be the best choice for you. Happy shopping!","og_url":"https:\/\/apexoutboards.com\/es\/producto\/2019-yamaha-250-hp-vf250xa-v-max-sho-outboard-motor\/","og_site_name":"Apex Outboards","article_modified_time":"2023-02-16T17:22:10+00:00","og_image":[{"width":500,"height":500,"url":"https:\/\/apexoutboards.com\/wp-content\/uploads\/2021\/12\/250-500x500_jpg.png","type":"image\/png"}],"twitter_card":"summary_large_image","twitter_misc":{"Tiempo de lectura":"4 minutos"},"schema":{"@context":"https:\/\/schema.org","@graph":[{"@type":"WebPage","@id":"https:\/\/apexoutboards.com\/product\/2019-yamaha-250-hp-vf250xa-v-max-sho-outboard-motor\/","url":"https:\/\/apexoutboards.com\/product\/2019-yamaha-250-hp-vf250xa-v-max-sho-outboard-motor\/","name":"Motor fuera de borda 2019 Yamaha 250 HP VF250XA V MAX SHO","isPartOf":{"@id":"https:\/\/apexoutboards.com\/#website"},"primaryImageOfPage":{"@id":"https:\/\/apexoutboards.com\/product\/2019-yamaha-250-hp-vf250xa-v-max-sho-outboard-motor\/#primaryimage"},"image":{"@id":"https:\/\/apexoutboards.com\/product\/2019-yamaha-250-hp-vf250xa-v-max-sho-outboard-motor\/#primaryimage"},"thumbnailUrl":"https:\/\/apexoutboards.com\/wp-content\/uploads\/2021\/12\/250-500x500_jpg.png","datePublished":"2021-12-18T18:37:03+00:00","dateModified":"2023-02-16T17:22:10+00:00","description":"\u00a1Consigue tu producto hoy mismo! El motor fuera de borda 2019 Yamaha 250 HP VF250XA V MAX SHO ser\u00e1 la mejor opci\u00f3n para usted. \u00a1Feliz compra!","breadcrumb":{"@id":"https:\/\/apexoutboards.com\/product\/2019-yamaha-250-hp-vf250xa-v-max-sho-outboard-motor\/#breadcrumb"},"inLanguage":"es","potentialAction":[{"@type":"ReadAction","target":["https:\/\/apexoutboards.com\/product\/2019-yamaha-250-hp-vf250xa-v-max-sho-outboard-motor\/"]}]},{"@type":"ImageObject","inLanguage":"es","@id":"https:\/\/apexoutboards.com\/product\/2019-yamaha-250-hp-vf250xa-v-max-sho-outboard-motor\/#primaryimage","url":"https:\/\/apexoutboards.com\/wp-content\/uploads\/2021\/12\/250-500x500_jpg.png","contentUrl":"https:\/\/apexoutboards.com\/wp-content\/uploads\/2021\/12\/250-500x500_jpg.png","width":500,"height":500},{"@type":"BreadcrumbList","@id":"https:\/\/apexoutboards.com\/product\/2019-yamaha-250-hp-vf250xa-v-max-sho-outboard-motor\/#breadcrumb","itemListElement":[{"@type":"ListItem","position":1,"name":"Home","item":"https:\/\/apexoutboards.com\/"},{"@type":"ListItem","position":2,"name":"Shop","item":"https:\/\/apexoutboards.com\/shop\/"},{"@type":"ListItem","position":3,"name":"2019 Yamaha 250 HP VF250XA V MAX SHO Outboard Motor"}]},{"@type":"WebSite","@id":"https:\/\/apexoutboards.com\/#website","url":"https:\/\/apexoutboards.com\/","name":"Fuerabordas de primera clase","description":"apexoutboards.com","publisher":{"@id":"https:\/\/apexoutboards.com\/#organization"},"potentialAction":[{"@type":"SearchAction","target":{"@type":"EntryPoint","urlTemplate":"https:\/\/apexoutboards.com\/?s={search_term_string}"},"query-input":{"@type":"PropertyValueSpecification","valueRequired":true,"valueName":"search_term_string"}}],"inLanguage":"es"},{"@type":"Organization","@id":"https:\/\/apexoutboards.com\/#organization","name":"Fuerabordas de primera clase","url":"https:\/\/apexoutboards.com\/","logo":{"@type":"ImageObject","inLanguage":"es","@id":"https:\/\/apexoutboards.com\/#\/schema\/logo\/image\/","url":"https:\/\/apexoutboards.com\/wp-content\/uploads\/2021\/12\/Screenshot_7.png","contentUrl":"https:\/\/apexoutboards.com\/wp-content\/uploads\/2021\/12\/Screenshot_7.png","width":222,"height":103,"caption":"Apex Outboards"},"image":{"@id":"https:\/\/apexoutboards.com\/#\/schema\/logo\/image\/"}}]}},"jetpack_sharing_enabled":true,"_links":{"self":[{"href":"https:\/\/apexoutboards.com\/es\/wp-json\/wp\/v2\/product\/3958","targetHints":{"allow":["GET"]}}],"collection":[{"href":"https:\/\/apexoutboards.com\/es\/wp-json\/wp\/v2\/product"}],"about":[{"href":"https:\/\/apexoutboards.com\/es\/wp-json\/wp\/v2\/types\/product"}],"replies":[{"embeddable":true,"href":"https:\/\/apexoutboards.com\/es\/wp-json\/wp\/v2\/comments?post=3958"}],"version-history":[{"count":0,"href":"https:\/\/apexoutboards.com\/es\/wp-json\/wp\/v2\/product\/3958\/revisions"}],"wp:featuredmedia":[{"embeddable":true,"href":"https:\/\/apexoutboards.com\/es\/wp-json\/wp\/v2\/media\/3954"}],"wp:attachment":[{"href":"https:\/\/apexoutboards.com\/es\/wp-json\/wp\/v2\/media?parent=3958"}],"wp:term":[{"taxonomy":"product_brand","embeddable":true,"href":"https:\/\/apexoutboards.com\/es\/wp-json\/wp\/v2\/product_brand?post=3958"},{"taxonomy":"product_cat","embeddable":true,"href":"https:\/\/apexoutboards.com\/es\/wp-json\/wp\/v2\/product_cat?post=3958"},{"taxonomy":"product_tag","embeddable":true,"href":"https:\/\/apexoutboards.com\/es\/wp-json\/wp\/v2\/product_tag?post=3958"}],"curies":[{"name":"wp","href":"https:\/\/api.w.org\/{rel}","templated":true}]}}