{"id":3863,"date":"2021-12-19T03:34:46","date_gmt":"2021-12-18T16:34:46","guid":{"rendered":"https:\/\/apexoutboards.com\/?post_type=product&#038;p=3863"},"modified":"2023-02-17T04:31:30","modified_gmt":"2023-02-16T17:31:30","slug":"2019-yamaha-115-hp-f115xb-outboard-motor","status":"publish","type":"product","link":"https:\/\/apexoutboards.com\/es\/producto\/2019-yamaha-115-hp-f115xb-outboard-motor\/","title":{"rendered":"Motor fuera de borda 2019 Yamaha 115 HP F115XB"},"content":{"rendered":"<h2>Motor fuera de borda 2019 Yamaha 115 HP F115XB<\/h2>\n<p><strong>M\u00c1S LIGERO Y COMPACTO<\/strong><\/p>\n<p>Con un peso de 377 libras, el nuevo F115B es 24 libras m\u00e1s ligero que la generaci\u00f3n anterior (F115LA). El ahorro de peso se debe a una serie de nuevos materiales, como el revestimiento inferior y el cap\u00f3 de material compuesto, un mecanismo de inclinaci\u00f3n y trimado de un solo pist\u00f3n y un nuevo soporte de montaje ligero.<\/p>\n<p><strong>M\u00c1S POTENTE<\/strong><\/p>\n<p>La culata de la F115 es totalmente nueva, con un di\u00e1metro y una carrera mayores, que ahora miden 1,8 litros. Al mismo tiempo, este dise\u00f1o de cuatro cilindros con doble \u00e1rbol de levas en cabeza (DOHC) tiene v\u00e1lvulas de admisi\u00f3n y escape m\u00e1s grandes para facilitar la respiraci\u00f3n, aumentar la potencia y mejorar el par a medio r\u00e9gimen. Para complementar las nuevas v\u00e1lvulas y culata, se ha instalado un nuevo cuerpo de mariposa de 60 mm con el sistema de admisi\u00f3n larga de Yamaha y un nuevo colector de escape de flujo libre. La relaci\u00f3n de compresi\u00f3n ha aumentado, al igual que el rango de revoluciones del acelerador a fondo: 5.300 a 6.300. Un sensor de golpes, una caracter\u00edstica inesperada en esta clase de fueraborda, permite que el motor funcione constantemente al m\u00e1ximo rendimiento. El resultado es una aceleraci\u00f3n espectacular y un tiempo de cero a 200 pies 0,7 seg. m\u00e1s r\u00e1pido que el del F115A.<\/p>\n<p><strong>VERSATIL<\/strong><\/p>\n<p>El F115 es perfecto para muchos tipos de embarcaciones: pontones, embarcaciones de bah\u00eda, fish'n'skis, embarcaciones deportivas, embarcaciones de aluminio en V profunda, embarcaciones neum\u00e1ticas semirr\u00edgidas y mucho m\u00e1s. Su soporte de montaje ligero y de alta resistencia utiliza los mismos orificios de montaje que la mayor\u00eda de los dem\u00e1s modelos de fuerabordas. Disponible en tres modelos, puede equiparse tanto para control remoto como para uso con una empu\u00f1adura de ca\u00f1a de tim\u00f3n. Al igual que su hermano mayor, el F150, el F115 est\u00e1 disponible tanto con giro a la izquierda como a la derecha para su uso en aplicaciones dobles.<\/p>\n<p><strong>MEJOR CARGA<\/strong><\/p>\n<p>El nuevo alternador ofrece m\u00e1s potencia que antes: 35 amperios con el acelerador totalmente abierto (frente a los 24 del anterior F115) y 28 amperios a s\u00f3lo 1.000 rpm.<\/p>\n<p><strong>TRANQUILO<\/strong><\/p>\n<p>Dise\u00f1ado para mejorar la suavidad y el funcionamiento silencioso, el F115 tiene un sistema de escape totalmente nuevo y una reducci\u00f3n de las vibraciones gracias a un volante de inercia de masa armonizada y soportes de motor de goma de gran capacidad. Yamaha tambi\u00e9n dispone de una nueva l\u00ednea de h\u00e9lices SDSTM espec\u00edficas para este fueraborda. Aportando el funcionamiento suave y silencioso del exclusivo sistema amortiguador de cambios de Yamaha, estas nuevas h\u00e9lices ofrecen un funcionamiento silencioso y satisfacen perfectamente las necesidades de rendimiento del nuevo F115B de Yamaha, tanto al cambiar de marcha como en marcha engranada. Denominadas TalonTM, estas nuevas h\u00e9lices tienen un paso de 9 a 16 pulgadas y son ideales para una gran variedad de aplicaciones. Por supuesto, las infinitas soluciones de h\u00e9lices de Yamaha significan que tambi\u00e9n est\u00e1n disponibles una gran cantidad de h\u00e9lices convencionales de aluminio y acero inoxidable.<\/p>\n<p>&nbsp;<\/p>\n<p><strong>Las caracter\u00edsticas pueden incluir:<\/strong><\/p>\n<ul role=\"presentation\">\n<li role=\"presentation\">1.832 cc 16-Big-Valve DOHC 4 cilindros en l\u00ednea 4 tiempos<\/li>\n<\/ul>\n<ul role=\"presentation\">\n<li role=\"presentation\">S\u00f3lo pesa 174 kg: la mejor relaci\u00f3n potencia-peso de su clase<\/li>\n<\/ul>\n<ul role=\"presentation\">\n<li role=\"presentation\">EFI: rendimiento y fiabilidad limpios y eficientes<\/li>\n<\/ul>\n<ul role=\"presentation\">\n<li role=\"presentation\">Carenado superior de \u00faltima generaci\u00f3n: elegante y compacto<\/li>\n<\/ul>\n<ul role=\"presentation\">\n<li role=\"presentation\">Compatible con el sistema de red digital Yamaha<\/li>\n<\/ul>\n<ul role=\"presentation\">\n<li role=\"presentation\">Sistema Variable Trolling RPM - para una navegaci\u00f3n relajada<\/li>\n<\/ul>\n<ul role=\"presentation\">\n<li role=\"presentation\">Exclusivo sistema de inmovilizador\/seguridad a distancia Y-COP<\/li>\n<\/ul>\n<ul role=\"presentation\">\n<li role=\"presentation\">Alternador de alta potencia de 35 A: potencia de arranque adicional<\/li>\n<\/ul>\n<ul role=\"presentation\">\n<li role=\"presentation\">Propulsi\u00f3n en aguas poco profundas para navegar cerca de la costa<\/li>\n<\/ul>\n<ul role=\"presentation\">\n<li role=\"presentation\">H\u00e9lice de la serie TALON: amortigua el ruido y las vibraciones<\/li>\n<\/ul>\n<p>&nbsp;<\/p>\n<p class=\"specstitle\"><strong>Especificaciones del motor<\/strong><\/p>\n<ul class=\"specdetails\">\n<li>Tipo de motor: Yamaha F115XB Cuatro Tiempos<\/li>\n<li>Potencia: 115 CV<\/li>\n<li>Cilindros: 4 cil.<\/li>\n<li>Longitud del eje: 25\u2033.<\/li>\n<li>Direcci\u00f3n: Mando a distancia<\/li>\n<li>Arranque: El\u00e9ctrico<\/li>\n<li>Peso: 386 lbs<\/li>\n<li>Rango de aceleraci\u00f3n total: 5300 - 6300 rpm<\/li>\n<li>Cilindrada: 1832cc<\/li>\n<li>Sistema de inducci\u00f3n: EFI<\/li>\n<li>Garant\u00eda: 3 a\u00f1os<\/li>\n<\/ul>\n<div style=\"display:none;\">\n\t<a href=\"https:\/\/yoast.com\/\">Yoast<\/a><br \/>\n\t<a href=\"https:\/\/apexoutboards.com\/es\/\">firstclassoutboards<\/a><br \/>\n\t<img decoding=\"async\" src=\"https:\/\/apexoutboards.com\/wp-content\/uploads\/2021\/12\/PNG_Transparent_High-Resolution_300-_Dpi-1-1-1536x650.png\" alt=\"\"><br \/>\n\tApex Outboards es el mayor distribuidor de motores fueraborda de Estados Unidos. Los miembros de nuestro equipo ofrecen el mejor servicio al cliente y conocimiento t\u00e9cnico de cualquier distribuidor de motores fueraborda.\n<\/div>","protected":false},"excerpt":{"rendered":"<p><strong>Estado:<\/strong> Nuevo<br \/>\n<strong>El env\u00edo:<\/strong> Listo para enviar ahora<\/p>\n<p>Nos comprometemos a ofrecer el mejor servicio al cliente. No dude en ponerse en contacto con nosotros para solicitar asistencia. Toda la informaci\u00f3n recibida ser\u00e1 siempre confidencial.<\/p>","protected":false},"featured_media":3860,"comment_status":"open","ping_status":"closed","template":"","meta":{"ocean_post_layout":"","ocean_both_sidebars_style":"","ocean_both_sidebars_content_width":0,"ocean_both_sidebars_sidebars_width":0,"ocean_sidebar":"0","ocean_second_sidebar":"0","ocean_disable_margins":"enable","ocean_add_body_class":"","ocean_shortcode_before_top_bar":"","ocean_shortcode_after_top_bar":"","ocean_shortcode_before_header":"","ocean_shortcode_after_header":"","ocean_has_shortcode":"","ocean_shortcode_after_title":"","ocean_shortcode_before_footer_widgets":"","ocean_shortcode_after_footer_widgets":"","ocean_shortcode_before_footer_bottom":"","ocean_shortcode_after_footer_bottom":"","ocean_display_top_bar":"default","ocean_display_header":"default","ocean_header_style":"","ocean_center_header_left_menu":"0","ocean_custom_header_template":"0","ocean_custom_logo":0,"ocean_custom_retina_logo":0,"ocean_custom_logo_max_width":0,"ocean_custom_logo_tablet_max_width":0,"ocean_custom_logo_mobile_max_width":0,"ocean_custom_logo_max_height":0,"ocean_custom_logo_tablet_max_height":0,"ocean_custom_logo_mobile_max_height":0,"ocean_header_custom_menu":"0","ocean_menu_typo_font_family":"0","ocean_menu_typo_font_subset":"","ocean_menu_typo_font_size":0,"ocean_menu_typo_font_size_tablet":0,"ocean_menu_typo_font_size_mobile":0,"ocean_menu_typo_font_size_unit":"px","ocean_menu_typo_font_weight":"","ocean_menu_typo_font_weight_tablet":"","ocean_menu_typo_font_weight_mobile":"","ocean_menu_typo_transform":"","ocean_menu_typo_transform_tablet":"","ocean_menu_typo_transform_mobile":"","ocean_menu_typo_line_height":0,"ocean_menu_typo_line_height_tablet":0,"ocean_menu_typo_line_height_mobile":0,"ocean_menu_typo_line_height_unit":"","ocean_menu_typo_spacing":0,"ocean_menu_typo_spacing_tablet":0,"ocean_menu_typo_spacing_mobile":0,"ocean_menu_typo_spacing_unit":"","ocean_menu_link_color":"","ocean_menu_link_color_hover":"","ocean_menu_link_color_active":"","ocean_menu_link_background":"","ocean_menu_link_hover_background":"","ocean_menu_link_active_background":"","ocean_menu_social_links_bg":"","ocean_menu_social_hover_links_bg":"","ocean_menu_social_links_color":"","ocean_menu_social_hover_links_color":"","ocean_disable_title":"default","ocean_disable_heading":"default","ocean_post_title":"","ocean_post_subheading":"","ocean_post_title_style":"","ocean_post_title_background_color":"","ocean_post_title_background":0,"ocean_post_title_bg_image_position":"","ocean_post_title_bg_image_attachment":"","ocean_post_title_bg_image_repeat":"","ocean_post_title_bg_image_size":"","ocean_post_title_height":0,"ocean_post_title_bg_overlay":0.5,"ocean_post_title_bg_overlay_color":"","ocean_disable_breadcrumbs":"default","ocean_breadcrumbs_color":"","ocean_breadcrumbs_separator_color":"","ocean_breadcrumbs_links_color":"","ocean_breadcrumbs_links_hover_color":"","ocean_display_footer_widgets":"default","ocean_display_footer_bottom":"default","ocean_custom_footer_template":"0"},"product_brand":[],"product_cat":[134,125,153],"product_tag":[],"class_list":{"0":"post-3863","1":"product","2":"type-product","3":"status-publish","4":"has-post-thumbnail","6":"product_cat-115-hp","7":"product_cat-yamaha","8":"product_cat-yamaha-115-hp","10":"entry","11":"has-media","13":"first","14":"instock","15":"sale","16":"shipping-taxable","17":"purchasable","18":"product-type-simple","19":"has-product-nav","20":"col","21":"span_1_of_4","22":"owp-content-center","23":"owp-thumbs-layout-horizontal","24":"owp-btn-normal","25":"owp-tabs-layout-horizontal","26":"has-no-thumbnails","28":"circle-sale"},"yoast_head":"<!-- This site is optimized with the Yoast SEO plugin v27.2 - https:\/\/yoast.com\/product\/yoast-seo-wordpress\/ -->\n<title>2019 Yamaha 115 HP F115XB Outboard Motor<\/title>\n<meta name=\"description\" content=\"Get your product today! The 2019 Yamaha 115 HP F115XB Outboard Motor will be the best choice for you. Happy shopping!\" \/>\n<meta name=\"robots\" content=\"index, follow, max-snippet:-1, max-image-preview:large, max-video-preview:-1\" \/>\n<link rel=\"canonical\" href=\"https:\/\/apexoutboards.com\/es\/producto\/2019-yamaha-115-hp-f115xb-outboard-motor\/\" \/>\n<meta property=\"og:locale\" content=\"es_MX\" \/>\n<meta property=\"og:type\" content=\"article\" \/>\n<meta property=\"og:title\" content=\"2019 Yamaha 115 HP F115XB Outboard Motor\" \/>\n<meta property=\"og:description\" content=\"Get your product today! The 2019 Yamaha 115 HP F115XB Outboard Motor will be the best choice for you. Happy shopping!\" \/>\n<meta property=\"og:url\" content=\"https:\/\/apexoutboards.com\/es\/producto\/2019-yamaha-115-hp-f115xb-outboard-motor\/\" \/>\n<meta property=\"og:site_name\" content=\"Apex Outboards\" \/>\n<meta property=\"article:modified_time\" content=\"2023-02-16T17:31:30+00:00\" \/>\n<meta property=\"og:image\" content=\"https:\/\/apexoutboards.com\/wp-content\/uploads\/2021\/12\/115-600x450-1.jpg\" \/>\n\t<meta property=\"og:image:width\" content=\"600\" \/>\n\t<meta property=\"og:image:height\" content=\"450\" \/>\n\t<meta property=\"og:image:type\" content=\"image\/jpeg\" \/>\n<meta name=\"twitter:card\" content=\"summary_large_image\" \/>\n<meta name=\"twitter:label1\" content=\"Tiempo de lectura\" \/>\n\t<meta name=\"twitter:data1\" content=\"3 minutos\" \/>\n<script type=\"application\/ld+json\" class=\"yoast-schema-graph\">{\"@context\":\"https:\/\/schema.org\",\"@graph\":[{\"@type\":\"WebPage\",\"@id\":\"https:\/\/apexoutboards.com\/product\/2019-yamaha-115-hp-f115xb-outboard-motor\/\",\"url\":\"https:\/\/apexoutboards.com\/product\/2019-yamaha-115-hp-f115xb-outboard-motor\/\",\"name\":\"2019 Yamaha 115 HP F115XB Outboard Motor\",\"isPartOf\":{\"@id\":\"https:\/\/apexoutboards.com\/#website\"},\"primaryImageOfPage\":{\"@id\":\"https:\/\/apexoutboards.com\/product\/2019-yamaha-115-hp-f115xb-outboard-motor\/#primaryimage\"},\"image\":{\"@id\":\"https:\/\/apexoutboards.com\/product\/2019-yamaha-115-hp-f115xb-outboard-motor\/#primaryimage\"},\"thumbnailUrl\":\"https:\/\/apexoutboards.com\/wp-content\/uploads\/2021\/12\/115-600x450-1.jpg\",\"datePublished\":\"2021-12-18T16:34:46+00:00\",\"dateModified\":\"2023-02-16T17:31:30+00:00\",\"description\":\"Get your product today! The 2019 Yamaha 115 HP F115XB Outboard Motor will be the best choice for you. Happy shopping!\",\"breadcrumb\":{\"@id\":\"https:\/\/apexoutboards.com\/product\/2019-yamaha-115-hp-f115xb-outboard-motor\/#breadcrumb\"},\"inLanguage\":\"es\",\"potentialAction\":[{\"@type\":\"ReadAction\",\"target\":[\"https:\/\/apexoutboards.com\/product\/2019-yamaha-115-hp-f115xb-outboard-motor\/\"]}]},{\"@type\":\"ImageObject\",\"inLanguage\":\"es\",\"@id\":\"https:\/\/apexoutboards.com\/product\/2019-yamaha-115-hp-f115xb-outboard-motor\/#primaryimage\",\"url\":\"https:\/\/apexoutboards.com\/wp-content\/uploads\/2021\/12\/115-600x450-1.jpg\",\"contentUrl\":\"https:\/\/apexoutboards.com\/wp-content\/uploads\/2021\/12\/115-600x450-1.jpg\",\"width\":600,\"height\":450},{\"@type\":\"BreadcrumbList\",\"@id\":\"https:\/\/apexoutboards.com\/product\/2019-yamaha-115-hp-f115xb-outboard-motor\/#breadcrumb\",\"itemListElement\":[{\"@type\":\"ListItem\",\"position\":1,\"name\":\"Home\",\"item\":\"https:\/\/apexoutboards.com\/\"},{\"@type\":\"ListItem\",\"position\":2,\"name\":\"Shop\",\"item\":\"https:\/\/apexoutboards.com\/shop\/\"},{\"@type\":\"ListItem\",\"position\":3,\"name\":\"2019 Yamaha 115 HP F115XB Outboard Motor\"}]},{\"@type\":\"WebSite\",\"@id\":\"https:\/\/apexoutboards.com\/#website\",\"url\":\"https:\/\/apexoutboards.com\/\",\"name\":\"Apex Outboards\",\"description\":\"apexoutboards.com\",\"publisher\":{\"@id\":\"https:\/\/apexoutboards.com\/#organization\"},\"potentialAction\":[{\"@type\":\"SearchAction\",\"target\":{\"@type\":\"EntryPoint\",\"urlTemplate\":\"https:\/\/apexoutboards.com\/?s={search_term_string}\"},\"query-input\":{\"@type\":\"PropertyValueSpecification\",\"valueRequired\":true,\"valueName\":\"search_term_string\"}}],\"inLanguage\":\"es\"},{\"@type\":\"Organization\",\"@id\":\"https:\/\/apexoutboards.com\/#organization\",\"name\":\"Apex Outboards\",\"url\":\"https:\/\/apexoutboards.com\/\",\"logo\":{\"@type\":\"ImageObject\",\"inLanguage\":\"es\",\"@id\":\"https:\/\/apexoutboards.com\/#\/schema\/logo\/image\/\",\"url\":\"https:\/\/apexoutboards.com\/wp-content\/uploads\/2021\/12\/Screenshot_7.png\",\"contentUrl\":\"https:\/\/apexoutboards.com\/wp-content\/uploads\/2021\/12\/Screenshot_7.png\",\"width\":222,\"height\":103,\"caption\":\"Apex Outboards\"},\"image\":{\"@id\":\"https:\/\/apexoutboards.com\/#\/schema\/logo\/image\/\"}}]}<\/script>\n<!-- \/ Yoast SEO plugin. -->","yoast_head_json":{"title":"Motor fuera de borda 2019 Yamaha 115 HP F115XB","description":"\u00a1Consigue tu producto hoy mismo! El motor fueraborda Yamaha 115 CV F115XB 2019 ser\u00e1 la mejor opci\u00f3n para ti. \u00a1Feliz compra!","robots":{"index":"index","follow":"follow","max-snippet":"max-snippet:-1","max-image-preview":"max-image-preview:large","max-video-preview":"max-video-preview:-1"},"canonical":"https:\/\/apexoutboards.com\/es\/producto\/2019-yamaha-115-hp-f115xb-outboard-motor\/","og_locale":"es_MX","og_type":"article","og_title":"2019 Yamaha 115 HP F115XB Outboard Motor","og_description":"Get your product today! The 2019 Yamaha 115 HP F115XB Outboard Motor will be the best choice for you. Happy shopping!","og_url":"https:\/\/apexoutboards.com\/es\/producto\/2019-yamaha-115-hp-f115xb-outboard-motor\/","og_site_name":"Apex Outboards","article_modified_time":"2023-02-16T17:31:30+00:00","og_image":[{"width":600,"height":450,"url":"https:\/\/apexoutboards.com\/wp-content\/uploads\/2021\/12\/115-600x450-1.jpg","type":"image\/jpeg"}],"twitter_card":"summary_large_image","twitter_misc":{"Tiempo de lectura":"3 minutos"},"schema":{"@context":"https:\/\/schema.org","@graph":[{"@type":"WebPage","@id":"https:\/\/apexoutboards.com\/product\/2019-yamaha-115-hp-f115xb-outboard-motor\/","url":"https:\/\/apexoutboards.com\/product\/2019-yamaha-115-hp-f115xb-outboard-motor\/","name":"Motor fuera de borda 2019 Yamaha 115 HP F115XB","isPartOf":{"@id":"https:\/\/apexoutboards.com\/#website"},"primaryImageOfPage":{"@id":"https:\/\/apexoutboards.com\/product\/2019-yamaha-115-hp-f115xb-outboard-motor\/#primaryimage"},"image":{"@id":"https:\/\/apexoutboards.com\/product\/2019-yamaha-115-hp-f115xb-outboard-motor\/#primaryimage"},"thumbnailUrl":"https:\/\/apexoutboards.com\/wp-content\/uploads\/2021\/12\/115-600x450-1.jpg","datePublished":"2021-12-18T16:34:46+00:00","dateModified":"2023-02-16T17:31:30+00:00","description":"\u00a1Consigue tu producto hoy mismo! El motor fueraborda Yamaha 115 CV F115XB 2019 ser\u00e1 la mejor opci\u00f3n para ti. \u00a1Feliz compra!","breadcrumb":{"@id":"https:\/\/apexoutboards.com\/product\/2019-yamaha-115-hp-f115xb-outboard-motor\/#breadcrumb"},"inLanguage":"es","potentialAction":[{"@type":"ReadAction","target":["https:\/\/apexoutboards.com\/product\/2019-yamaha-115-hp-f115xb-outboard-motor\/"]}]},{"@type":"ImageObject","inLanguage":"es","@id":"https:\/\/apexoutboards.com\/product\/2019-yamaha-115-hp-f115xb-outboard-motor\/#primaryimage","url":"https:\/\/apexoutboards.com\/wp-content\/uploads\/2021\/12\/115-600x450-1.jpg","contentUrl":"https:\/\/apexoutboards.com\/wp-content\/uploads\/2021\/12\/115-600x450-1.jpg","width":600,"height":450},{"@type":"BreadcrumbList","@id":"https:\/\/apexoutboards.com\/product\/2019-yamaha-115-hp-f115xb-outboard-motor\/#breadcrumb","itemListElement":[{"@type":"ListItem","position":1,"name":"Home","item":"https:\/\/apexoutboards.com\/"},{"@type":"ListItem","position":2,"name":"Shop","item":"https:\/\/apexoutboards.com\/shop\/"},{"@type":"ListItem","position":3,"name":"2019 Yamaha 115 HP F115XB Outboard Motor"}]},{"@type":"WebSite","@id":"https:\/\/apexoutboards.com\/#website","url":"https:\/\/apexoutboards.com\/","name":"Fuerabordas de primera clase","description":"apexoutboards.com","publisher":{"@id":"https:\/\/apexoutboards.com\/#organization"},"potentialAction":[{"@type":"SearchAction","target":{"@type":"EntryPoint","urlTemplate":"https:\/\/apexoutboards.com\/?s={search_term_string}"},"query-input":{"@type":"PropertyValueSpecification","valueRequired":true,"valueName":"search_term_string"}}],"inLanguage":"es"},{"@type":"Organization","@id":"https:\/\/apexoutboards.com\/#organization","name":"Fuerabordas de primera clase","url":"https:\/\/apexoutboards.com\/","logo":{"@type":"ImageObject","inLanguage":"es","@id":"https:\/\/apexoutboards.com\/#\/schema\/logo\/image\/","url":"https:\/\/apexoutboards.com\/wp-content\/uploads\/2021\/12\/Screenshot_7.png","contentUrl":"https:\/\/apexoutboards.com\/wp-content\/uploads\/2021\/12\/Screenshot_7.png","width":222,"height":103,"caption":"Apex Outboards"},"image":{"@id":"https:\/\/apexoutboards.com\/#\/schema\/logo\/image\/"}}]}},"jetpack_sharing_enabled":true,"_links":{"self":[{"href":"https:\/\/apexoutboards.com\/es\/wp-json\/wp\/v2\/product\/3863","targetHints":{"allow":["GET"]}}],"collection":[{"href":"https:\/\/apexoutboards.com\/es\/wp-json\/wp\/v2\/product"}],"about":[{"href":"https:\/\/apexoutboards.com\/es\/wp-json\/wp\/v2\/types\/product"}],"replies":[{"embeddable":true,"href":"https:\/\/apexoutboards.com\/es\/wp-json\/wp\/v2\/comments?post=3863"}],"version-history":[{"count":0,"href":"https:\/\/apexoutboards.com\/es\/wp-json\/wp\/v2\/product\/3863\/revisions"}],"wp:featuredmedia":[{"embeddable":true,"href":"https:\/\/apexoutboards.com\/es\/wp-json\/wp\/v2\/media\/3860"}],"wp:attachment":[{"href":"https:\/\/apexoutboards.com\/es\/wp-json\/wp\/v2\/media?parent=3863"}],"wp:term":[{"taxonomy":"product_brand","embeddable":true,"href":"https:\/\/apexoutboards.com\/es\/wp-json\/wp\/v2\/product_brand?post=3863"},{"taxonomy":"product_cat","embeddable":true,"href":"https:\/\/apexoutboards.com\/es\/wp-json\/wp\/v2\/product_cat?post=3863"},{"taxonomy":"product_tag","embeddable":true,"href":"https:\/\/apexoutboards.com\/es\/wp-json\/wp\/v2\/product_tag?post=3863"}],"curies":[{"name":"wp","href":"https:\/\/api.w.org\/{rel}","templated":true}]}}