{"id":3715,"date":"2021-12-18T17:40:12","date_gmt":"2021-12-18T06:40:12","guid":{"rendered":"https:\/\/apexoutboards.com\/?post_type=product&#038;p=3715"},"modified":"2023-02-17T04:37:24","modified_gmt":"2023-02-16T17:37:24","slug":"2022-mercury-20-hp-efi-20mlh-outboard-motor","status":"publish","type":"product","link":"https:\/\/apexoutboards.com\/es\/producto\/2022-mercury-20-hp-efi-20mlh-outboard-motor\/","title":{"rendered":"2022 Mercury 20 HP EFI 20MLH Motor fuera de borda"},"content":{"rendered":"<div id=\"jobo-bundle-div-position\">Caracter\u00edsticas<\/div>\n<div class=\"tabing\">\n<div class=\"tab-content\">\n<div id=\"tab1\" class=\"tab-pane active\">\n<div class=\"rte\">\n<div class=\"custom-field custom-field__description_ob custom-field__type--html\">\n<div class=\"custom-field--value\">\n<ul>\n<li>Cabezal de gran cilindrada (351cc)<\/li>\n<li>Arranque manual del respaldo de la cubeta<\/li>\n<li>Encendido digital por CD con avance de chispa<\/li>\n<li>Admisi\u00f3n ajustada para una r\u00e1pida aceleraci\u00f3n<\/li>\n<li>Construcci\u00f3n de aleaci\u00f3n marina de alto grado<\/li>\n<li>Carcasa de la bomba de agua de acero inoxidable<\/li>\n<li>Pasos de agua recubiertos de zinc<\/li>\n<li>Clasificado para uso en agua salada<\/li>\n<li>\u00c1nodos de zinc de sacrificio y Trim Tab<\/li>\n<li>Cambio de marchas F-N-R integrado en el tim\u00f3n<\/li>\n<li>Control de la tensi\u00f3n de la direcci\u00f3n ajustable<\/li>\n<li>Acelerador con empu\u00f1adura giratoria y control de tensi\u00f3n<\/li>\n<li>Refrigeraci\u00f3n por agua controlada por termostato<\/li>\n<li>Soporte de montaje del espejo de popa de alta resistencia<\/li>\n<li>Manual Tilt<\/li>\n<li>Escape silencioso a trav\u00e9s de la h\u00e9lice<\/li>\n<li>Montaje \"Wishbone\" para reducir las vibraciones<\/li>\n<li>3 Gallon Fuel Tank and Fuel Line<\/li>\n<li>Filtro de aceite de cartucho de f\u00e1cil mantenimiento<\/li>\n<li>Protecci\u00f3n de arranque en marcha<\/li>\n<li>Indicador de advertencia de baja presi\u00f3n de aceite<\/li>\n<li>Protecci\u00f3n contra la sobre-revaluaci\u00f3n de ESG<\/li>\n<li>Interruptor de parada del cord\u00f3n de seguridad<\/li>\n<li>Manual del usuario<\/li>\n<li>Garant\u00eda de 3 a\u00f1os de Mercury Marine<\/li>\n<\/ul>\n<\/div>\n<\/div>\n<\/div>\n<\/div>\n<\/div>\n<\/div>\n<div style=\"display:none;\">\n\t<a href=\"https:\/\/yoast.com\/\">Yoast<\/a><br \/>\n\t<a href=\"https:\/\/apexoutboards.com\/es\/\">firstclassoutboards<\/a><br \/>\n\t<img decoding=\"async\" src=\"https:\/\/apexoutboards.com\/wp-content\/uploads\/2021\/12\/PNG_Transparent_High-Resolution_300-_Dpi-1-1-1536x650.png\" alt=\"\"><br \/>\n\tApex Outboards es el mayor distribuidor de motores fueraborda de Estados Unidos. Los miembros de nuestro equipo ofrecen el mejor servicio al cliente y conocimiento t\u00e9cnico de cualquier distribuidor de motores fueraborda.\n<\/div>","protected":false},"excerpt":{"rendered":"<div class=\"rte\">\n<p>Fast throttle response and fast acceleration are features designed into the 20 HP EFI Mercury Outboard. With powerful low end torque and a large displacement your boat planes faster and you get to your destination across the water faster thanks to Mercury outboard engineering. The\u00a0107 lb. Mercury 20 HP EFI Model 20MLH is your affordable choice in the 20 HP line up with a manual start, manual tilt and the 20 inch long shaft. A heavy duty transom bracket, vibration absorbing mounts and Mercury&#8217;s multi function tiller arm are also standard features. We are an authorized Mercury Dealer offering the Mercury 3-year warranty with free shipping and discounted prices.<\/p>\n<p><strong>20 CV <span class=\"specLabel\">HORSEPOWER<\/span><\/strong><\/p>\n<\/div>\n<div class=\"prod_sku_vend\">\n<div class=\"\">\n<div class=\"col-xs-12 col-lg-6\">\n<div class=\"prodInfo text-center\">\n<div class=\"spec\"><strong>107.0 lb <span class=\"specLabel\">PESO<\/span><\/strong><\/div>\n<div><\/div>\n<\/div>\n<\/div>\n<div class=\"col-xs-12 col-lg-6\">\n<table class=\"table table-condensed\">\n<tbody>\n<tr>\n<th>Longitud del eje:<\/th>\n<td>20\u2033 (Largo)<\/td>\n<\/tr>\n<tr>\n<th>Empezando:<\/th>\n<td>Manual<\/td>\n<\/tr>\n<\/tbody>\n<\/table>\n<\/div>\n<\/div>\n<\/div>","protected":false},"featured_media":3710,"comment_status":"open","ping_status":"closed","template":"","meta":{"ocean_post_layout":"","ocean_both_sidebars_style":"","ocean_both_sidebars_content_width":0,"ocean_both_sidebars_sidebars_width":0,"ocean_sidebar":"0","ocean_second_sidebar":"0","ocean_disable_margins":"enable","ocean_add_body_class":"","ocean_shortcode_before_top_bar":"","ocean_shortcode_after_top_bar":"","ocean_shortcode_before_header":"","ocean_shortcode_after_header":"","ocean_has_shortcode":"","ocean_shortcode_after_title":"","ocean_shortcode_before_footer_widgets":"","ocean_shortcode_after_footer_widgets":"","ocean_shortcode_before_footer_bottom":"","ocean_shortcode_after_footer_bottom":"","ocean_display_top_bar":"default","ocean_display_header":"default","ocean_header_style":"","ocean_center_header_left_menu":"0","ocean_custom_header_template":"0","ocean_custom_logo":0,"ocean_custom_retina_logo":0,"ocean_custom_logo_max_width":0,"ocean_custom_logo_tablet_max_width":0,"ocean_custom_logo_mobile_max_width":0,"ocean_custom_logo_max_height":0,"ocean_custom_logo_tablet_max_height":0,"ocean_custom_logo_mobile_max_height":0,"ocean_header_custom_menu":"0","ocean_menu_typo_font_family":"0","ocean_menu_typo_font_subset":"","ocean_menu_typo_font_size":0,"ocean_menu_typo_font_size_tablet":0,"ocean_menu_typo_font_size_mobile":0,"ocean_menu_typo_font_size_unit":"px","ocean_menu_typo_font_weight":"","ocean_menu_typo_font_weight_tablet":"","ocean_menu_typo_font_weight_mobile":"","ocean_menu_typo_transform":"","ocean_menu_typo_transform_tablet":"","ocean_menu_typo_transform_mobile":"","ocean_menu_typo_line_height":0,"ocean_menu_typo_line_height_tablet":0,"ocean_menu_typo_line_height_mobile":0,"ocean_menu_typo_line_height_unit":"","ocean_menu_typo_spacing":0,"ocean_menu_typo_spacing_tablet":0,"ocean_menu_typo_spacing_mobile":0,"ocean_menu_typo_spacing_unit":"","ocean_menu_link_color":"","ocean_menu_link_color_hover":"","ocean_menu_link_color_active":"","ocean_menu_link_background":"","ocean_menu_link_hover_background":"","ocean_menu_link_active_background":"","ocean_menu_social_links_bg":"","ocean_menu_social_hover_links_bg":"","ocean_menu_social_links_color":"","ocean_menu_social_hover_links_color":"","ocean_disable_title":"default","ocean_disable_heading":"default","ocean_post_title":"","ocean_post_subheading":"","ocean_post_title_style":"","ocean_post_title_background_color":"","ocean_post_title_background":0,"ocean_post_title_bg_image_position":"","ocean_post_title_bg_image_attachment":"","ocean_post_title_bg_image_repeat":"","ocean_post_title_bg_image_size":"","ocean_post_title_height":0,"ocean_post_title_bg_overlay":0.5,"ocean_post_title_bg_overlay_color":"","ocean_disable_breadcrumbs":"default","ocean_breadcrumbs_color":"","ocean_breadcrumbs_separator_color":"","ocean_breadcrumbs_links_color":"","ocean_breadcrumbs_links_hover_color":"","ocean_display_footer_widgets":"default","ocean_display_footer_bottom":"default","ocean_custom_footer_template":"0"},"product_brand":[],"product_cat":[68,45,115],"product_tag":[],"class_list":{"0":"post-3715","1":"product","2":"type-product","3":"status-publish","4":"has-post-thumbnail","6":"product_cat-20-hp","7":"product_cat-mercury","8":"product_cat-mercury-20-hp","10":"entry","11":"has-media","13":"first","14":"instock","15":"sale","16":"shipping-taxable","17":"purchasable","18":"product-type-simple","19":"has-product-nav","20":"col","21":"span_1_of_4","22":"owp-content-center","23":"owp-thumbs-layout-horizontal","24":"owp-btn-normal","25":"owp-tabs-layout-horizontal","26":"has-no-thumbnails","28":"circle-sale"},"yoast_head":"<!-- This site is optimized with the Yoast SEO plugin v27.2 - https:\/\/yoast.com\/product\/yoast-seo-wordpress\/ -->\n<title>2022 Mercury 20 HP EFI 20MLH Outboard Motor<\/title>\n<meta name=\"description\" content=\"Get your product today! The 2022 Mercury 20 HP EFI 20MLH Outboard Motor will be the best choice for you. Happy shopping!\" \/>\n<meta name=\"robots\" content=\"index, follow, max-snippet:-1, max-image-preview:large, max-video-preview:-1\" \/>\n<link rel=\"canonical\" href=\"https:\/\/apexoutboards.com\/es\/producto\/2022-mercury-20-hp-efi-20mlh-outboard-motor\/\" \/>\n<meta property=\"og:locale\" content=\"es_MX\" \/>\n<meta property=\"og:type\" content=\"article\" \/>\n<meta property=\"og:title\" content=\"2022 Mercury 20 HP EFI 20MLH Outboard Motor\" \/>\n<meta property=\"og:description\" content=\"Get your product today! The 2022 Mercury 20 HP EFI 20MLH Outboard Motor will be the best choice for you. Happy shopping!\" \/>\n<meta property=\"og:url\" content=\"https:\/\/apexoutboards.com\/es\/producto\/2022-mercury-20-hp-efi-20mlh-outboard-motor\/\" \/>\n<meta property=\"og:site_name\" content=\"Apex Outboards\" \/>\n<meta property=\"article:modified_time\" content=\"2023-02-16T17:37:24+00:00\" \/>\n<meta property=\"og:image\" content=\"https:\/\/apexoutboards.com\/wp-content\/uploads\/2021\/12\/mercury_20_hp_800x.jpg\" \/>\n\t<meta property=\"og:image:width\" content=\"800\" \/>\n\t<meta property=\"og:image:height\" content=\"800\" \/>\n\t<meta property=\"og:image:type\" content=\"image\/jpeg\" \/>\n<meta name=\"twitter:card\" content=\"summary_large_image\" \/>\n<meta name=\"twitter:label1\" content=\"Tiempo de lectura\" \/>\n\t<meta name=\"twitter:data1\" content=\"1 minuto\" \/>\n<script type=\"application\/ld+json\" class=\"yoast-schema-graph\">{\"@context\":\"https:\/\/schema.org\",\"@graph\":[{\"@type\":\"WebPage\",\"@id\":\"https:\/\/apexoutboards.com\/product\/2022-mercury-20-hp-efi-20mlh-outboard-motor\/\",\"url\":\"https:\/\/apexoutboards.com\/product\/2022-mercury-20-hp-efi-20mlh-outboard-motor\/\",\"name\":\"2022 Mercury 20 HP EFI 20MLH Outboard Motor\",\"isPartOf\":{\"@id\":\"https:\/\/apexoutboards.com\/#website\"},\"primaryImageOfPage\":{\"@id\":\"https:\/\/apexoutboards.com\/product\/2022-mercury-20-hp-efi-20mlh-outboard-motor\/#primaryimage\"},\"image\":{\"@id\":\"https:\/\/apexoutboards.com\/product\/2022-mercury-20-hp-efi-20mlh-outboard-motor\/#primaryimage\"},\"thumbnailUrl\":\"https:\/\/apexoutboards.com\/wp-content\/uploads\/2021\/12\/mercury_20_hp_800x.jpg\",\"datePublished\":\"2021-12-18T06:40:12+00:00\",\"dateModified\":\"2023-02-16T17:37:24+00:00\",\"description\":\"Get your product today! The 2022 Mercury 20 HP EFI 20MLH Outboard Motor will be the best choice for you. Happy shopping!\",\"breadcrumb\":{\"@id\":\"https:\/\/apexoutboards.com\/product\/2022-mercury-20-hp-efi-20mlh-outboard-motor\/#breadcrumb\"},\"inLanguage\":\"es\",\"potentialAction\":[{\"@type\":\"ReadAction\",\"target\":[\"https:\/\/apexoutboards.com\/product\/2022-mercury-20-hp-efi-20mlh-outboard-motor\/\"]}]},{\"@type\":\"ImageObject\",\"inLanguage\":\"es\",\"@id\":\"https:\/\/apexoutboards.com\/product\/2022-mercury-20-hp-efi-20mlh-outboard-motor\/#primaryimage\",\"url\":\"https:\/\/apexoutboards.com\/wp-content\/uploads\/2021\/12\/mercury_20_hp_800x.jpg\",\"contentUrl\":\"https:\/\/apexoutboards.com\/wp-content\/uploads\/2021\/12\/mercury_20_hp_800x.jpg\",\"width\":800,\"height\":800},{\"@type\":\"BreadcrumbList\",\"@id\":\"https:\/\/apexoutboards.com\/product\/2022-mercury-20-hp-efi-20mlh-outboard-motor\/#breadcrumb\",\"itemListElement\":[{\"@type\":\"ListItem\",\"position\":1,\"name\":\"Home\",\"item\":\"https:\/\/apexoutboards.com\/\"},{\"@type\":\"ListItem\",\"position\":2,\"name\":\"Shop\",\"item\":\"https:\/\/apexoutboards.com\/shop\/\"},{\"@type\":\"ListItem\",\"position\":3,\"name\":\"2022 Mercury 20 HP EFI 20MLH Outboard Motor\"}]},{\"@type\":\"WebSite\",\"@id\":\"https:\/\/apexoutboards.com\/#website\",\"url\":\"https:\/\/apexoutboards.com\/\",\"name\":\"Apex Outboards\",\"description\":\"apexoutboards.com\",\"publisher\":{\"@id\":\"https:\/\/apexoutboards.com\/#organization\"},\"potentialAction\":[{\"@type\":\"SearchAction\",\"target\":{\"@type\":\"EntryPoint\",\"urlTemplate\":\"https:\/\/apexoutboards.com\/?s={search_term_string}\"},\"query-input\":{\"@type\":\"PropertyValueSpecification\",\"valueRequired\":true,\"valueName\":\"search_term_string\"}}],\"inLanguage\":\"es\"},{\"@type\":\"Organization\",\"@id\":\"https:\/\/apexoutboards.com\/#organization\",\"name\":\"Apex Outboards\",\"url\":\"https:\/\/apexoutboards.com\/\",\"logo\":{\"@type\":\"ImageObject\",\"inLanguage\":\"es\",\"@id\":\"https:\/\/apexoutboards.com\/#\/schema\/logo\/image\/\",\"url\":\"https:\/\/apexoutboards.com\/wp-content\/uploads\/2021\/12\/Screenshot_7.png\",\"contentUrl\":\"https:\/\/apexoutboards.com\/wp-content\/uploads\/2021\/12\/Screenshot_7.png\",\"width\":222,\"height\":103,\"caption\":\"Apex Outboards\"},\"image\":{\"@id\":\"https:\/\/apexoutboards.com\/#\/schema\/logo\/image\/\"}}]}<\/script>\n<!-- \/ Yoast SEO plugin. -->","yoast_head_json":{"title":"2022 Mercury 20 HP EFI 20MLH Motor fuera de borda","description":"Get your product today! The 2022 Mercury 20 HP EFI 20MLH Outboard Motor will be the best choice for you. Happy shopping!","robots":{"index":"index","follow":"follow","max-snippet":"max-snippet:-1","max-image-preview":"max-image-preview:large","max-video-preview":"max-video-preview:-1"},"canonical":"https:\/\/apexoutboards.com\/es\/producto\/2022-mercury-20-hp-efi-20mlh-outboard-motor\/","og_locale":"es_MX","og_type":"article","og_title":"2022 Mercury 20 HP EFI 20MLH Outboard Motor","og_description":"Get your product today! The 2022 Mercury 20 HP EFI 20MLH Outboard Motor will be the best choice for you. Happy shopping!","og_url":"https:\/\/apexoutboards.com\/es\/producto\/2022-mercury-20-hp-efi-20mlh-outboard-motor\/","og_site_name":"Apex Outboards","article_modified_time":"2023-02-16T17:37:24+00:00","og_image":[{"width":800,"height":800,"url":"https:\/\/apexoutboards.com\/wp-content\/uploads\/2021\/12\/mercury_20_hp_800x.jpg","type":"image\/jpeg"}],"twitter_card":"summary_large_image","twitter_misc":{"Tiempo de lectura":"1 minuto"},"schema":{"@context":"https:\/\/schema.org","@graph":[{"@type":"WebPage","@id":"https:\/\/apexoutboards.com\/product\/2022-mercury-20-hp-efi-20mlh-outboard-motor\/","url":"https:\/\/apexoutboards.com\/product\/2022-mercury-20-hp-efi-20mlh-outboard-motor\/","name":"2022 Mercury 20 HP EFI 20MLH Motor fuera de borda","isPartOf":{"@id":"https:\/\/apexoutboards.com\/#website"},"primaryImageOfPage":{"@id":"https:\/\/apexoutboards.com\/product\/2022-mercury-20-hp-efi-20mlh-outboard-motor\/#primaryimage"},"image":{"@id":"https:\/\/apexoutboards.com\/product\/2022-mercury-20-hp-efi-20mlh-outboard-motor\/#primaryimage"},"thumbnailUrl":"https:\/\/apexoutboards.com\/wp-content\/uploads\/2021\/12\/mercury_20_hp_800x.jpg","datePublished":"2021-12-18T06:40:12+00:00","dateModified":"2023-02-16T17:37:24+00:00","description":"Get your product today! The 2022 Mercury 20 HP EFI 20MLH Outboard Motor will be the best choice for you. Happy shopping!","breadcrumb":{"@id":"https:\/\/apexoutboards.com\/product\/2022-mercury-20-hp-efi-20mlh-outboard-motor\/#breadcrumb"},"inLanguage":"es","potentialAction":[{"@type":"ReadAction","target":["https:\/\/apexoutboards.com\/product\/2022-mercury-20-hp-efi-20mlh-outboard-motor\/"]}]},{"@type":"ImageObject","inLanguage":"es","@id":"https:\/\/apexoutboards.com\/product\/2022-mercury-20-hp-efi-20mlh-outboard-motor\/#primaryimage","url":"https:\/\/apexoutboards.com\/wp-content\/uploads\/2021\/12\/mercury_20_hp_800x.jpg","contentUrl":"https:\/\/apexoutboards.com\/wp-content\/uploads\/2021\/12\/mercury_20_hp_800x.jpg","width":800,"height":800},{"@type":"BreadcrumbList","@id":"https:\/\/apexoutboards.com\/product\/2022-mercury-20-hp-efi-20mlh-outboard-motor\/#breadcrumb","itemListElement":[{"@type":"ListItem","position":1,"name":"Home","item":"https:\/\/apexoutboards.com\/"},{"@type":"ListItem","position":2,"name":"Shop","item":"https:\/\/apexoutboards.com\/shop\/"},{"@type":"ListItem","position":3,"name":"2022 Mercury 20 HP EFI 20MLH Outboard Motor"}]},{"@type":"WebSite","@id":"https:\/\/apexoutboards.com\/#website","url":"https:\/\/apexoutboards.com\/","name":"Fuerabordas de primera clase","description":"apexoutboards.com","publisher":{"@id":"https:\/\/apexoutboards.com\/#organization"},"potentialAction":[{"@type":"SearchAction","target":{"@type":"EntryPoint","urlTemplate":"https:\/\/apexoutboards.com\/?s={search_term_string}"},"query-input":{"@type":"PropertyValueSpecification","valueRequired":true,"valueName":"search_term_string"}}],"inLanguage":"es"},{"@type":"Organization","@id":"https:\/\/apexoutboards.com\/#organization","name":"Fuerabordas de primera clase","url":"https:\/\/apexoutboards.com\/","logo":{"@type":"ImageObject","inLanguage":"es","@id":"https:\/\/apexoutboards.com\/#\/schema\/logo\/image\/","url":"https:\/\/apexoutboards.com\/wp-content\/uploads\/2021\/12\/Screenshot_7.png","contentUrl":"https:\/\/apexoutboards.com\/wp-content\/uploads\/2021\/12\/Screenshot_7.png","width":222,"height":103,"caption":"Apex Outboards"},"image":{"@id":"https:\/\/apexoutboards.com\/#\/schema\/logo\/image\/"}}]}},"jetpack_sharing_enabled":true,"_links":{"self":[{"href":"https:\/\/apexoutboards.com\/es\/wp-json\/wp\/v2\/product\/3715","targetHints":{"allow":["GET"]}}],"collection":[{"href":"https:\/\/apexoutboards.com\/es\/wp-json\/wp\/v2\/product"}],"about":[{"href":"https:\/\/apexoutboards.com\/es\/wp-json\/wp\/v2\/types\/product"}],"replies":[{"embeddable":true,"href":"https:\/\/apexoutboards.com\/es\/wp-json\/wp\/v2\/comments?post=3715"}],"version-history":[{"count":0,"href":"https:\/\/apexoutboards.com\/es\/wp-json\/wp\/v2\/product\/3715\/revisions"}],"wp:featuredmedia":[{"embeddable":true,"href":"https:\/\/apexoutboards.com\/es\/wp-json\/wp\/v2\/media\/3710"}],"wp:attachment":[{"href":"https:\/\/apexoutboards.com\/es\/wp-json\/wp\/v2\/media?parent=3715"}],"wp:term":[{"taxonomy":"product_brand","embeddable":true,"href":"https:\/\/apexoutboards.com\/es\/wp-json\/wp\/v2\/product_brand?post=3715"},{"taxonomy":"product_cat","embeddable":true,"href":"https:\/\/apexoutboards.com\/es\/wp-json\/wp\/v2\/product_cat?post=3715"},{"taxonomy":"product_tag","embeddable":true,"href":"https:\/\/apexoutboards.com\/es\/wp-json\/wp\/v2\/product_tag?post=3715"}],"curies":[{"name":"wp","href":"https:\/\/api.w.org\/{rel}","templated":true}]}}