{"id":3069,"date":"2021-12-13T20:54:16","date_gmt":"2021-12-13T09:54:16","guid":{"rendered":"https:\/\/apexoutboards.com\/?post_type=product&#038;p=3069"},"modified":"2023-02-17T05:20:55","modified_gmt":"2023-02-16T18:20:55","slug":"suzuki-20-hp-df20atsw3-outboard-motor","status":"publish","type":"product","link":"https:\/\/apexoutboards.com\/es\/producto\/suzuki-20-hp-df20atsw3-motor-fueraborda\/","title":{"rendered":"Motor fueraborda Suzuki 20 HP DF20ATSW3"},"content":{"rendered":"<p>Caracter\u00edsticas<\/p>\n<div class=\"tab-content\">\n<div id=\"tab1\" class=\"tab-pane active\">\n<div class=\"rte\">\n<div class=\"custom-field custom-field__description_ob custom-field__type--html\">\n<div class=\"custom-field--value\">\n<ul>\n<li>Inyecci\u00f3n electr\u00f3nica de combustible (EFI)<\/li>\n<li>Dise\u00f1o elegante, compacto y ligero<\/li>\n<li>Clasificaci\u00f3n de agua salada<\/li>\n<li>Puerto de lavado de agua dulce<\/li>\n<li>Protecci\u00f3n multicapa contra la corrosi\u00f3n<\/li>\n<li>Sistema de arranque el\u00e9ctrico + alternador de 12V<\/li>\n<li>Arranque manual de retroceso Thru-Cowling<\/li>\n<li>Caja de control de montaje lateral (incluye arn\u00e9s)<\/li>\n<li>Acelerador\/Cambio a distancia (cables no incluidos)<\/li>\n<li>Brazo de direcci\u00f3n (cable no incluido)<\/li>\n<li>Protecci\u00f3n de bloqueo de arranque en marcha<\/li>\n<li>Bomba de aceite de estilo automotriz probada<\/li>\n<li>Escape silencioso a trav\u00e9s del propulsor<\/li>\n<li>Impulsi\u00f3n de aguas poco profundas<\/li>\n<li>5 posiciones de trimado con pasador de bloqueo de inclinaci\u00f3n<\/li>\n<li>Herrajes de montaje del soporte del espejo de popa<\/li>\n<li>Sistema de aviso de baja presi\u00f3n de aceite<\/li>\n<li>Sistema de aviso de sobrecalentamiento<\/li>\n<li>Protecci\u00f3n del limitador de sobrevelocidad<\/li>\n<li>Interruptor de parada de emergencia con cord\u00f3n<\/li>\n<li>Dep\u00f3sito de combustible de 3,1 galones US \/ L\u00ednea de combustible<\/li>\n<li>H\u00e9lice de aluminio de 3 palas<\/li>\n<li>Clasificaci\u00f3n de 3 estrellas de emisiones ultrabajas<\/li>\n<li>Sistema de control de combusti\u00f3n lenta de Suzuki<\/li>\n<li>La m\u00e1s reciente garant\u00eda de fabricante de 5 a\u00f1os de Suzuki<\/li>\n<\/ul>\n<\/div>\n<\/div>\n<\/div>\n<\/div>\n<\/div>\n<div style=\"display:none;\">\n\t<a href=\"https:\/\/yoast.com\/\">Yoast<\/a><br \/>\n\t<a href=\"https:\/\/apexoutboards.com\/es\/\">firstclassoutboards<\/a><br \/>\n\t<img decoding=\"async\" src=\"https:\/\/apexoutboards.com\/wp-content\/uploads\/2021\/12\/PNG_Transparent_High-Resolution_300-_Dpi-1-1-1536x650.png\" alt=\"\"><br \/>\n\tApex Outboards es el mayor distribuidor de motores fueraborda de Estados Unidos. Los miembros de nuestro equipo ofrecen el mejor servicio al cliente y conocimiento t\u00e9cnico de cualquier distribuidor de motores fueraborda.\n<\/div>","protected":false},"excerpt":{"rendered":"<p>&nbsp;<\/p>\n<div class=\"rte\">\n<p>El nuevo Super Cool White 20 HP Suzuki EFI fueraborda modelo DF20ATSW3 viene con todas las caracter\u00edsticas que pueda desear. Equipado con un eje corto de 15 pulgadas, este fueraborda dispone de bot\u00f3n de arranque el\u00e9ctrico, inclinaci\u00f3n el\u00e9ctrica y control remoto del acelerador y del cambio. Perfecto para embarcaciones mayores o pesadas que requieren un eje corto, as\u00ed como potencia auxiliar para veleros y aplicaciones de curric\u00e1n. Como uno de los motores de 4 tiempos m\u00e1s silenciosos jam\u00e1s construidos, el motor fueraborda Suzuki de 20 CV es un gran ejemplo de la excelencia de Suzuki en ingenier\u00eda. Somos un distribuidor autorizado de motores fueraborda Suzuki. Ofrecemos el env\u00edo libre en los 48 estados m\u00e1s bajos.<\/p>\n<p>Los clientes tambi\u00e9n han buscado fueraborda peque\u00f1o con mando a distancia.<\/p>\n<p>&nbsp;<\/p>\n<p><strong><em>*La foto puede no mostrar el modelo real.<\/em><\/strong><\/p>\n<\/div>\n<div class=\"prod_sku_vend\">\n<div class=\"\">\n<div class=\"col-xs-12 col-lg-6\">\n<div class=\"prodInfo text-center\">\n<h4 class=\"spec\">20 CV <span class=\"specLabel\">Caballos de fuerza<\/span><\/h4>\n<h4 class=\"spec\">120.0 lb <span class=\"specLabel\">Peso<\/span><\/h4>\n<div><\/div>\n<\/div>\n<\/div>\n<div class=\"col-xs-12 col-lg-6\">\n<table class=\"table table-condensed\">\n<tbody>\n<tr>\n<th>Longitud del eje:<\/th>\n<td>15\u2033 (Corto)<\/td>\n<\/tr>\n<tr>\n<th>Empezando:<\/th>\n<td>El\u00e9ctrico<\/td>\n<\/tr>\n<\/tbody>\n<\/table>\n<\/div>\n<\/div>\n<\/div>\n<p><img decoding=\"async\" class=\"alignnone wp-image-2879 size-thumbnail\" src=\"https:\/\/apexoutboards.com\/wp-content\/uploads\/2021\/12\/suzuki_png-150x150.png\" alt=\"\" width=\"150\" height=\"150\" srcset=\"https:\/\/apexoutboards.com\/wp-content\/uploads\/2021\/12\/suzuki_png-150x150.png 150w, https:\/\/apexoutboards.com\/wp-content\/uploads\/2021\/12\/suzuki_png-100x100.png 100w\" sizes=\"(max-width: 150px) 100vw, 150px\" \/><\/p>","protected":false},"featured_media":3070,"comment_status":"open","ping_status":"closed","template":"","meta":{"ocean_post_layout":"","ocean_both_sidebars_style":"","ocean_both_sidebars_content_width":0,"ocean_both_sidebars_sidebars_width":0,"ocean_sidebar":"0","ocean_second_sidebar":"0","ocean_disable_margins":"enable","ocean_add_body_class":"","ocean_shortcode_before_top_bar":"","ocean_shortcode_after_top_bar":"","ocean_shortcode_before_header":"","ocean_shortcode_after_header":"","ocean_has_shortcode":"","ocean_shortcode_after_title":"","ocean_shortcode_before_footer_widgets":"","ocean_shortcode_after_footer_widgets":"","ocean_shortcode_before_footer_bottom":"","ocean_shortcode_after_footer_bottom":"","ocean_display_top_bar":"default","ocean_display_header":"default","ocean_header_style":"","ocean_center_header_left_menu":"0","ocean_custom_header_template":"0","ocean_custom_logo":0,"ocean_custom_retina_logo":0,"ocean_custom_logo_max_width":0,"ocean_custom_logo_tablet_max_width":0,"ocean_custom_logo_mobile_max_width":0,"ocean_custom_logo_max_height":0,"ocean_custom_logo_tablet_max_height":0,"ocean_custom_logo_mobile_max_height":0,"ocean_header_custom_menu":"0","ocean_menu_typo_font_family":"0","ocean_menu_typo_font_subset":"","ocean_menu_typo_font_size":0,"ocean_menu_typo_font_size_tablet":0,"ocean_menu_typo_font_size_mobile":0,"ocean_menu_typo_font_size_unit":"px","ocean_menu_typo_font_weight":"","ocean_menu_typo_font_weight_tablet":"","ocean_menu_typo_font_weight_mobile":"","ocean_menu_typo_transform":"","ocean_menu_typo_transform_tablet":"","ocean_menu_typo_transform_mobile":"","ocean_menu_typo_line_height":0,"ocean_menu_typo_line_height_tablet":0,"ocean_menu_typo_line_height_mobile":0,"ocean_menu_typo_line_height_unit":"","ocean_menu_typo_spacing":0,"ocean_menu_typo_spacing_tablet":0,"ocean_menu_typo_spacing_mobile":0,"ocean_menu_typo_spacing_unit":"","ocean_menu_link_color":"","ocean_menu_link_color_hover":"","ocean_menu_link_color_active":"","ocean_menu_link_background":"","ocean_menu_link_hover_background":"","ocean_menu_link_active_background":"","ocean_menu_social_links_bg":"","ocean_menu_social_hover_links_bg":"","ocean_menu_social_links_color":"","ocean_menu_social_hover_links_color":"","ocean_disable_title":"default","ocean_disable_heading":"default","ocean_post_title":"","ocean_post_subheading":"","ocean_post_title_style":"","ocean_post_title_background_color":"","ocean_post_title_background":0,"ocean_post_title_bg_image_position":"","ocean_post_title_bg_image_attachment":"","ocean_post_title_bg_image_repeat":"","ocean_post_title_bg_image_size":"","ocean_post_title_height":0,"ocean_post_title_bg_overlay":0.5,"ocean_post_title_bg_overlay_color":"","ocean_disable_breadcrumbs":"default","ocean_breadcrumbs_color":"","ocean_breadcrumbs_separator_color":"","ocean_breadcrumbs_links_color":"","ocean_breadcrumbs_links_hover_color":"","ocean_display_footer_widgets":"default","ocean_display_footer_bottom":"default","ocean_custom_footer_template":"0"},"product_brand":[],"product_cat":[68,46,94],"product_tag":[],"class_list":{"0":"post-3069","1":"product","2":"type-product","3":"status-publish","4":"has-post-thumbnail","6":"product_cat-20-hp","7":"product_cat-suzuki","8":"product_cat-suzuki-20-hp","10":"entry","11":"has-media","13":"first","14":"instock","15":"sale","16":"shipping-taxable","17":"purchasable","18":"product-type-simple","19":"has-product-nav","20":"col","21":"span_1_of_4","22":"owp-content-center","23":"owp-thumbs-layout-horizontal","24":"owp-btn-normal","25":"owp-tabs-layout-horizontal","26":"has-no-thumbnails","28":"circle-sale"},"yoast_head":"<!-- This site is optimized with the Yoast SEO plugin v27.2 - https:\/\/yoast.com\/product\/yoast-seo-wordpress\/ -->\n<title>Suzuki 20 HP DF20ATSW3 Outboard Motor<\/title>\n<meta name=\"description\" content=\"Get your product today! The Suzuki 20 HP DF20ATSW3 Outboard Motor will be the best choice for you. Happy shopping!\" \/>\n<meta name=\"robots\" content=\"index, follow, max-snippet:-1, max-image-preview:large, max-video-preview:-1\" \/>\n<link rel=\"canonical\" href=\"https:\/\/apexoutboards.com\/es\/producto\/suzuki-20-hp-df20atsw3-motor-fueraborda\/\" \/>\n<meta property=\"og:locale\" content=\"es_MX\" \/>\n<meta property=\"og:type\" content=\"article\" \/>\n<meta property=\"og:title\" content=\"Suzuki 20 HP DF20ATSW3 Outboard Motor\" \/>\n<meta property=\"og:description\" content=\"Get your product today! The Suzuki 20 HP DF20ATSW3 Outboard Motor will be the best choice for you. Happy shopping!\" \/>\n<meta property=\"og:url\" content=\"https:\/\/apexoutboards.com\/es\/producto\/suzuki-20-hp-df20atsw3-motor-fueraborda\/\" \/>\n<meta property=\"og:site_name\" content=\"Apex Outboards\" \/>\n<meta property=\"article:modified_time\" content=\"2023-02-16T18:20:55+00:00\" \/>\n<meta property=\"og:image\" content=\"https:\/\/apexoutboards.com\/wp-content\/uploads\/2021\/12\/2021-DF20ATSW3-DF20ATLW3_800x_jpg.png\" \/>\n\t<meta property=\"og:image:width\" content=\"799\" \/>\n\t<meta property=\"og:image:height\" content=\"788\" \/>\n\t<meta property=\"og:image:type\" content=\"image\/png\" \/>\n<meta name=\"twitter:card\" content=\"summary_large_image\" \/>\n<meta name=\"twitter:label1\" content=\"Tiempo de lectura\" \/>\n\t<meta name=\"twitter:data1\" content=\"1 minuto\" \/>\n<script type=\"application\/ld+json\" class=\"yoast-schema-graph\">{\"@context\":\"https:\/\/schema.org\",\"@graph\":[{\"@type\":\"WebPage\",\"@id\":\"https:\/\/apexoutboards.com\/product\/suzuki-20-hp-df20atsw3-outboard-motor\/\",\"url\":\"https:\/\/apexoutboards.com\/product\/suzuki-20-hp-df20atsw3-outboard-motor\/\",\"name\":\"Suzuki 20 HP DF20ATSW3 Outboard Motor\",\"isPartOf\":{\"@id\":\"https:\/\/apexoutboards.com\/#website\"},\"primaryImageOfPage\":{\"@id\":\"https:\/\/apexoutboards.com\/product\/suzuki-20-hp-df20atsw3-outboard-motor\/#primaryimage\"},\"image\":{\"@id\":\"https:\/\/apexoutboards.com\/product\/suzuki-20-hp-df20atsw3-outboard-motor\/#primaryimage\"},\"thumbnailUrl\":\"https:\/\/apexoutboards.com\/wp-content\/uploads\/2021\/12\/2021-DF20ATSW3-DF20ATLW3_800x_jpg.png\",\"datePublished\":\"2021-12-13T09:54:16+00:00\",\"dateModified\":\"2023-02-16T18:20:55+00:00\",\"description\":\"Get your product today! The Suzuki 20 HP DF20ATSW3 Outboard Motor will be the best choice for you. Happy shopping!\",\"breadcrumb\":{\"@id\":\"https:\/\/apexoutboards.com\/product\/suzuki-20-hp-df20atsw3-outboard-motor\/#breadcrumb\"},\"inLanguage\":\"es\",\"potentialAction\":[{\"@type\":\"ReadAction\",\"target\":[\"https:\/\/apexoutboards.com\/product\/suzuki-20-hp-df20atsw3-outboard-motor\/\"]}]},{\"@type\":\"ImageObject\",\"inLanguage\":\"es\",\"@id\":\"https:\/\/apexoutboards.com\/product\/suzuki-20-hp-df20atsw3-outboard-motor\/#primaryimage\",\"url\":\"https:\/\/apexoutboards.com\/wp-content\/uploads\/2021\/12\/2021-DF20ATSW3-DF20ATLW3_800x_jpg.png\",\"contentUrl\":\"https:\/\/apexoutboards.com\/wp-content\/uploads\/2021\/12\/2021-DF20ATSW3-DF20ATLW3_800x_jpg.png\",\"width\":799,\"height\":788},{\"@type\":\"BreadcrumbList\",\"@id\":\"https:\/\/apexoutboards.com\/product\/suzuki-20-hp-df20atsw3-outboard-motor\/#breadcrumb\",\"itemListElement\":[{\"@type\":\"ListItem\",\"position\":1,\"name\":\"Home\",\"item\":\"https:\/\/apexoutboards.com\/\"},{\"@type\":\"ListItem\",\"position\":2,\"name\":\"Shop\",\"item\":\"https:\/\/apexoutboards.com\/shop\/\"},{\"@type\":\"ListItem\",\"position\":3,\"name\":\"Suzuki 20 HP DF20ATSW3 Outboard Motor\"}]},{\"@type\":\"WebSite\",\"@id\":\"https:\/\/apexoutboards.com\/#website\",\"url\":\"https:\/\/apexoutboards.com\/\",\"name\":\"Apex Outboards\",\"description\":\"apexoutboards.com\",\"publisher\":{\"@id\":\"https:\/\/apexoutboards.com\/#organization\"},\"potentialAction\":[{\"@type\":\"SearchAction\",\"target\":{\"@type\":\"EntryPoint\",\"urlTemplate\":\"https:\/\/apexoutboards.com\/?s={search_term_string}\"},\"query-input\":{\"@type\":\"PropertyValueSpecification\",\"valueRequired\":true,\"valueName\":\"search_term_string\"}}],\"inLanguage\":\"es\"},{\"@type\":\"Organization\",\"@id\":\"https:\/\/apexoutboards.com\/#organization\",\"name\":\"Apex Outboards\",\"url\":\"https:\/\/apexoutboards.com\/\",\"logo\":{\"@type\":\"ImageObject\",\"inLanguage\":\"es\",\"@id\":\"https:\/\/apexoutboards.com\/#\/schema\/logo\/image\/\",\"url\":\"https:\/\/apexoutboards.com\/wp-content\/uploads\/2021\/12\/Screenshot_7.png\",\"contentUrl\":\"https:\/\/apexoutboards.com\/wp-content\/uploads\/2021\/12\/Screenshot_7.png\",\"width\":222,\"height\":103,\"caption\":\"Apex Outboards\"},\"image\":{\"@id\":\"https:\/\/apexoutboards.com\/#\/schema\/logo\/image\/\"}}]}<\/script>\n<!-- \/ Yoast SEO plugin. -->","yoast_head_json":{"title":"Motor fueraborda Suzuki 20 HP DF20ATSW3","description":"\u00a1Consiga su producto hoy mismo! El motor fueraborda Suzuki 20 HP DF20ATSW3 ser\u00e1 la mejor opci\u00f3n para usted. \u00a1Feliz compra!","robots":{"index":"index","follow":"follow","max-snippet":"max-snippet:-1","max-image-preview":"max-image-preview:large","max-video-preview":"max-video-preview:-1"},"canonical":"https:\/\/apexoutboards.com\/es\/producto\/suzuki-20-hp-df20atsw3-motor-fueraborda\/","og_locale":"es_MX","og_type":"article","og_title":"Suzuki 20 HP DF20ATSW3 Outboard Motor","og_description":"Get your product today! The Suzuki 20 HP DF20ATSW3 Outboard Motor will be the best choice for you. Happy shopping!","og_url":"https:\/\/apexoutboards.com\/es\/producto\/suzuki-20-hp-df20atsw3-motor-fueraborda\/","og_site_name":"Apex Outboards","article_modified_time":"2023-02-16T18:20:55+00:00","og_image":[{"width":799,"height":788,"url":"https:\/\/apexoutboards.com\/wp-content\/uploads\/2021\/12\/2021-DF20ATSW3-DF20ATLW3_800x_jpg.png","type":"image\/png"}],"twitter_card":"summary_large_image","twitter_misc":{"Tiempo de lectura":"1 minuto"},"schema":{"@context":"https:\/\/schema.org","@graph":[{"@type":"WebPage","@id":"https:\/\/apexoutboards.com\/product\/suzuki-20-hp-df20atsw3-outboard-motor\/","url":"https:\/\/apexoutboards.com\/product\/suzuki-20-hp-df20atsw3-outboard-motor\/","name":"Motor fueraborda Suzuki 20 HP DF20ATSW3","isPartOf":{"@id":"https:\/\/apexoutboards.com\/#website"},"primaryImageOfPage":{"@id":"https:\/\/apexoutboards.com\/product\/suzuki-20-hp-df20atsw3-outboard-motor\/#primaryimage"},"image":{"@id":"https:\/\/apexoutboards.com\/product\/suzuki-20-hp-df20atsw3-outboard-motor\/#primaryimage"},"thumbnailUrl":"https:\/\/apexoutboards.com\/wp-content\/uploads\/2021\/12\/2021-DF20ATSW3-DF20ATLW3_800x_jpg.png","datePublished":"2021-12-13T09:54:16+00:00","dateModified":"2023-02-16T18:20:55+00:00","description":"\u00a1Consiga su producto hoy mismo! El motor fueraborda Suzuki 20 HP DF20ATSW3 ser\u00e1 la mejor opci\u00f3n para usted. \u00a1Feliz compra!","breadcrumb":{"@id":"https:\/\/apexoutboards.com\/product\/suzuki-20-hp-df20atsw3-outboard-motor\/#breadcrumb"},"inLanguage":"es","potentialAction":[{"@type":"ReadAction","target":["https:\/\/apexoutboards.com\/product\/suzuki-20-hp-df20atsw3-outboard-motor\/"]}]},{"@type":"ImageObject","inLanguage":"es","@id":"https:\/\/apexoutboards.com\/product\/suzuki-20-hp-df20atsw3-outboard-motor\/#primaryimage","url":"https:\/\/apexoutboards.com\/wp-content\/uploads\/2021\/12\/2021-DF20ATSW3-DF20ATLW3_800x_jpg.png","contentUrl":"https:\/\/apexoutboards.com\/wp-content\/uploads\/2021\/12\/2021-DF20ATSW3-DF20ATLW3_800x_jpg.png","width":799,"height":788},{"@type":"BreadcrumbList","@id":"https:\/\/apexoutboards.com\/product\/suzuki-20-hp-df20atsw3-outboard-motor\/#breadcrumb","itemListElement":[{"@type":"ListItem","position":1,"name":"Home","item":"https:\/\/apexoutboards.com\/"},{"@type":"ListItem","position":2,"name":"Shop","item":"https:\/\/apexoutboards.com\/shop\/"},{"@type":"ListItem","position":3,"name":"Suzuki 20 HP DF20ATSW3 Outboard Motor"}]},{"@type":"WebSite","@id":"https:\/\/apexoutboards.com\/#website","url":"https:\/\/apexoutboards.com\/","name":"Fuerabordas de primera clase","description":"apexoutboards.com","publisher":{"@id":"https:\/\/apexoutboards.com\/#organization"},"potentialAction":[{"@type":"SearchAction","target":{"@type":"EntryPoint","urlTemplate":"https:\/\/apexoutboards.com\/?s={search_term_string}"},"query-input":{"@type":"PropertyValueSpecification","valueRequired":true,"valueName":"search_term_string"}}],"inLanguage":"es"},{"@type":"Organization","@id":"https:\/\/apexoutboards.com\/#organization","name":"Fuerabordas de primera clase","url":"https:\/\/apexoutboards.com\/","logo":{"@type":"ImageObject","inLanguage":"es","@id":"https:\/\/apexoutboards.com\/#\/schema\/logo\/image\/","url":"https:\/\/apexoutboards.com\/wp-content\/uploads\/2021\/12\/Screenshot_7.png","contentUrl":"https:\/\/apexoutboards.com\/wp-content\/uploads\/2021\/12\/Screenshot_7.png","width":222,"height":103,"caption":"Apex Outboards"},"image":{"@id":"https:\/\/apexoutboards.com\/#\/schema\/logo\/image\/"}}]}},"jetpack_sharing_enabled":true,"_links":{"self":[{"href":"https:\/\/apexoutboards.com\/es\/wp-json\/wp\/v2\/product\/3069","targetHints":{"allow":["GET"]}}],"collection":[{"href":"https:\/\/apexoutboards.com\/es\/wp-json\/wp\/v2\/product"}],"about":[{"href":"https:\/\/apexoutboards.com\/es\/wp-json\/wp\/v2\/types\/product"}],"replies":[{"embeddable":true,"href":"https:\/\/apexoutboards.com\/es\/wp-json\/wp\/v2\/comments?post=3069"}],"version-history":[{"count":0,"href":"https:\/\/apexoutboards.com\/es\/wp-json\/wp\/v2\/product\/3069\/revisions"}],"wp:featuredmedia":[{"embeddable":true,"href":"https:\/\/apexoutboards.com\/es\/wp-json\/wp\/v2\/media\/3070"}],"wp:attachment":[{"href":"https:\/\/apexoutboards.com\/es\/wp-json\/wp\/v2\/media?parent=3069"}],"wp:term":[{"taxonomy":"product_brand","embeddable":true,"href":"https:\/\/apexoutboards.com\/es\/wp-json\/wp\/v2\/product_brand?post=3069"},{"taxonomy":"product_cat","embeddable":true,"href":"https:\/\/apexoutboards.com\/es\/wp-json\/wp\/v2\/product_cat?post=3069"},{"taxonomy":"product_tag","embeddable":true,"href":"https:\/\/apexoutboards.com\/es\/wp-json\/wp\/v2\/product_tag?post=3069"}],"curies":[{"name":"wp","href":"https:\/\/api.w.org\/{rel}","templated":true}]}}