{"id":2617,"date":"2021-12-10T00:44:56","date_gmt":"2021-12-09T13:44:56","guid":{"rendered":"https:\/\/apexoutboards.com\/?post_type=product&#038;p=2617"},"modified":"2023-02-17T05:24:42","modified_gmt":"2023-02-16T18:24:42","slug":"2022-honda-15-hp-bf15d3lh-outboard-motor","status":"publish","type":"product","link":"https:\/\/apexoutboards.com\/es\/producto\/2022-honda-15-hp-bf15d3lh-outboard-motor\/","title":{"rendered":"2022 HONDA 15 HP BF15D3LH Motor fuera de borda"},"content":{"rendered":"<p>Caracter\u00edsticas<\/p>\n<div class=\"tab-content\">\n<div id=\"tab1\" class=\"tab-pane active\">\n<div class=\"rte\">\n<div class=\"custom-field custom-field__description_ob custom-field__type--html\">\n<div class=\"custom-field--value\">\n<ul>\n<li>Dise\u00f1o fiable y eficiente de 4 tiempos<\/li>\n<li>Gran desplazamiento: mejor rendimiento<\/li>\n<li>Arranque f\u00e1cil con una sola mano<\/li>\n<li>Dise\u00f1o ligero<\/li>\n<li>Disponible con el dise\u00f1o Power Thrust (s\u00f3lo modelos BFP): mejor rendimiento para cargas pesadas<\/li>\n<li>Alivio de escape inverso: mayor maniobrabilidad (s\u00f3lo modelos BFP)<\/li>\n<li>Emisiones ultra bajas de 3 estrellas CARB<\/li>\n<li>Garant\u00eda True 5<\/li>\n<li>Encendido PGM: funcionamiento \u00f3ptimo<\/li>\n<li>Carga de alto rendimiento: \u00a1m\u00e1s potencia!<\/li>\n<li>Sistema de alerta del motor: le mantiene informado<\/li>\n<li>Sistema de protecci\u00f3n contra la corrosi\u00f3n 4-Front: combate los elementos<\/li>\n<li>Mango del tim\u00f3n m\u00e1s largo: mejor control<\/li>\n<li>Enriquecimiento del arranque autom\u00e1tico: arranques f\u00e1ciles<\/li>\n<li>Sistema de montaje pendular - Funcionamiento suave<\/li>\n<li>C\u00f3modos mandos delanteros del tim\u00f3n<\/li>\n<li>Control de fricci\u00f3n EZ Steer<\/li>\n<li>Impulsi\u00f3n de aguas poco profundas<\/li>\n<li>Lubricaci\u00f3n positiva: mayor durabilidad<\/li>\n<li>Carburador de 3 etapas: mayor ahorro de combustible<\/li>\n<li>Asa de transporte integrada: facilita el transporte<\/li>\n<\/ul>\n<\/div>\n<\/div>\n<\/div>\n<\/div>\n<\/div>\n<div style=\"display:none;\">\n\t<a href=\"https:\/\/yoast.com\/\">Yoast<\/a><br \/>\n\t<a href=\"https:\/\/apexoutboards.com\/es\/\">firstclassoutboards<\/a><br \/>\n\t<img decoding=\"async\" src=\"https:\/\/apexoutboards.com\/wp-content\/uploads\/2021\/12\/PNG_Transparent_High-Resolution_300-_Dpi-1-1-1536x650.png\" alt=\"\"><br \/>\n\tApex Outboards es el mayor distribuidor de motores fueraborda de Estados Unidos. Los miembros de nuestro equipo ofrecen el mejor servicio al cliente y conocimiento t\u00e9cnico de cualquier distribuidor de motores fueraborda.\n<\/div>","protected":false},"excerpt":{"rendered":"<div class=\"col-xs-12 col-lg-6\">\n<div class=\"prodInfo text-center\">\n<div>\n<div class=\"rte\">\n<p>Para las embarcaciones m\u00e1s peque\u00f1as de 12 a 16 pies, los BF15 y BF20 son lo m\u00e1s conveniente que se puede conseguir. Con un peso de s\u00f3lo 104 libras, se encuentran entre los m\u00e1s ligeros de su clase. Sin embargo, son todo el ADN de Honda: silenciosos, fiables, eficientes en el consumo de combustible y cargados de funciones.<\/p>\n<p>Como el sistema de carga de mayor potencia de su clase, lo que le proporciona mucha energ\u00eda para todos sus aparatos electr\u00f3nicos, incluso cuando practica el curric\u00e1n.<\/p>\n<p>O una gran cilindrada para un rendimiento potente. Elija el dise\u00f1o BFP Power Thrust para obtener a\u00fan m\u00e1s empuje, con 60% m\u00e1s de empuje en marcha atr\u00e1s y 15% m\u00e1s en marcha adelante.<\/p>\n<p>Si a esto le a\u00f1adimos el f\u00e1cil arranque con una sola mano, la propulsi\u00f3n en aguas poco profundas, la inclinaci\u00f3n el\u00e9ctrica y mucho m\u00e1s, tenemos la combinaci\u00f3n ideal de potencia y portabilidad.<\/p>\n<\/div>\n<\/div>\n<div><\/div>\n<h4 class=\"spec\">15cv <span class=\"specLabel\">Caballos de fuerza<\/span><\/h4>\n<h4 class=\"spec\">110.0 lb <span class=\"specLabel\">Peso<\/span><\/h4>\n<p><img decoding=\"async\" class=\"alignnone size-full wp-image-2772\" src=\"https:\/\/apexoutboards.com\/wp-content\/uploads\/2021\/12\/honda_png.png\" alt=\"\" width=\"117\" height=\"119\" \/><\/p>\n<div><\/div>\n<\/div>\n<\/div>\n<div class=\"col-xs-12 col-lg-6\">\n<table class=\"table table-condensed\">\n<tbody>\n<tr>\n<th>Longitud del eje:<\/th>\n<td>20\u2033 (Largo)<\/td>\n<\/tr>\n<tr>\n<th>Empezando:<\/th>\n<td>Manual<\/td>\n<\/tr>\n<\/tbody>\n<\/table>\n<\/div>","protected":false},"featured_media":2615,"comment_status":"open","ping_status":"closed","template":"","meta":{"ocean_post_layout":"","ocean_both_sidebars_style":"","ocean_both_sidebars_content_width":0,"ocean_both_sidebars_sidebars_width":0,"ocean_sidebar":"0","ocean_second_sidebar":"0","ocean_disable_margins":"enable","ocean_add_body_class":"","ocean_shortcode_before_top_bar":"","ocean_shortcode_after_top_bar":"","ocean_shortcode_before_header":"","ocean_shortcode_after_header":"","ocean_has_shortcode":"","ocean_shortcode_after_title":"","ocean_shortcode_before_footer_widgets":"","ocean_shortcode_after_footer_widgets":"","ocean_shortcode_before_footer_bottom":"","ocean_shortcode_after_footer_bottom":"","ocean_display_top_bar":"default","ocean_display_header":"default","ocean_header_style":"","ocean_center_header_left_menu":"0","ocean_custom_header_template":"0","ocean_custom_logo":0,"ocean_custom_retina_logo":0,"ocean_custom_logo_max_width":0,"ocean_custom_logo_tablet_max_width":0,"ocean_custom_logo_mobile_max_width":0,"ocean_custom_logo_max_height":0,"ocean_custom_logo_tablet_max_height":0,"ocean_custom_logo_mobile_max_height":0,"ocean_header_custom_menu":"0","ocean_menu_typo_font_family":"0","ocean_menu_typo_font_subset":"","ocean_menu_typo_font_size":0,"ocean_menu_typo_font_size_tablet":0,"ocean_menu_typo_font_size_mobile":0,"ocean_menu_typo_font_size_unit":"px","ocean_menu_typo_font_weight":"","ocean_menu_typo_font_weight_tablet":"","ocean_menu_typo_font_weight_mobile":"","ocean_menu_typo_transform":"","ocean_menu_typo_transform_tablet":"","ocean_menu_typo_transform_mobile":"","ocean_menu_typo_line_height":0,"ocean_menu_typo_line_height_tablet":0,"ocean_menu_typo_line_height_mobile":0,"ocean_menu_typo_line_height_unit":"","ocean_menu_typo_spacing":0,"ocean_menu_typo_spacing_tablet":0,"ocean_menu_typo_spacing_mobile":0,"ocean_menu_typo_spacing_unit":"","ocean_menu_link_color":"","ocean_menu_link_color_hover":"","ocean_menu_link_color_active":"","ocean_menu_link_background":"","ocean_menu_link_hover_background":"","ocean_menu_link_active_background":"","ocean_menu_social_links_bg":"","ocean_menu_social_hover_links_bg":"","ocean_menu_social_links_color":"","ocean_menu_social_hover_links_color":"","ocean_disable_title":"default","ocean_disable_heading":"default","ocean_post_title":"","ocean_post_subheading":"","ocean_post_title_style":"","ocean_post_title_background_color":"","ocean_post_title_background":0,"ocean_post_title_bg_image_position":"","ocean_post_title_bg_image_attachment":"","ocean_post_title_bg_image_repeat":"","ocean_post_title_bg_image_size":"","ocean_post_title_height":0,"ocean_post_title_bg_overlay":0.5,"ocean_post_title_bg_overlay_color":"","ocean_disable_breadcrumbs":"default","ocean_breadcrumbs_color":"","ocean_breadcrumbs_separator_color":"","ocean_breadcrumbs_links_color":"","ocean_breadcrumbs_links_hover_color":"","ocean_display_footer_widgets":"default","ocean_display_footer_bottom":"default","ocean_custom_footer_template":"0"},"product_brand":[],"product_cat":[67,47,72],"product_tag":[],"class_list":{"0":"post-2617","1":"product","2":"type-product","3":"status-publish","4":"has-post-thumbnail","6":"product_cat-15-hp","7":"product_cat-honda","8":"product_cat-honda-15-hp","10":"entry","11":"has-media","13":"first","14":"instock","15":"sale","16":"shipping-taxable","17":"purchasable","18":"product-type-simple","19":"has-product-nav","20":"col","21":"span_1_of_4","22":"owp-content-center","23":"owp-thumbs-layout-horizontal","24":"owp-btn-normal","25":"owp-tabs-layout-horizontal","26":"has-no-thumbnails","28":"circle-sale"},"yoast_head":"<!-- This site is optimized with the Yoast SEO plugin v27.2 - https:\/\/yoast.com\/product\/yoast-seo-wordpress\/ -->\n<title>2022 HONDA 15 HP BF15D3LH Outboard Motor<\/title>\n<meta name=\"description\" content=\"Get your product today! The 2022 HONDA 15 HP BF15D3LH Outboard Motor will be the best choice for you. Happy shopping!\" \/>\n<meta name=\"robots\" content=\"index, follow, max-snippet:-1, max-image-preview:large, max-video-preview:-1\" \/>\n<link rel=\"canonical\" href=\"https:\/\/apexoutboards.com\/es\/producto\/2022-honda-15-hp-bf15d3lh-outboard-motor\/\" \/>\n<meta property=\"og:locale\" content=\"es_MX\" \/>\n<meta property=\"og:type\" content=\"article\" \/>\n<meta property=\"og:title\" content=\"2022 HONDA 15 HP BF15D3LH Outboard Motor\" \/>\n<meta property=\"og:description\" content=\"Get your product today! The 2022 HONDA 15 HP BF15D3LH Outboard Motor will be the best choice for you. Happy shopping!\" \/>\n<meta property=\"og:url\" content=\"https:\/\/apexoutboards.com\/es\/producto\/2022-honda-15-hp-bf15d3lh-outboard-motor\/\" \/>\n<meta property=\"og:site_name\" content=\"Apex Outboards\" \/>\n<meta property=\"article:modified_time\" content=\"2023-02-16T18:24:42+00:00\" \/>\n<meta property=\"og:image\" content=\"https:\/\/apexoutboards.com\/wp-content\/uploads\/2021\/12\/honda_15_hp_5a467c6e-b2eb-44f5-9789-8ef1e7ec5254_800x_jpg.jpg\" \/>\n\t<meta property=\"og:image:width\" content=\"800\" \/>\n\t<meta property=\"og:image:height\" content=\"800\" \/>\n\t<meta property=\"og:image:type\" content=\"image\/jpeg\" \/>\n<meta name=\"twitter:card\" content=\"summary_large_image\" \/>\n<meta name=\"twitter:label1\" content=\"Tiempo de lectura\" \/>\n\t<meta name=\"twitter:data1\" content=\"1 minuto\" \/>\n<script type=\"application\/ld+json\" class=\"yoast-schema-graph\">{\"@context\":\"https:\/\/schema.org\",\"@graph\":[{\"@type\":\"WebPage\",\"@id\":\"https:\/\/apexoutboards.com\/product\/2022-honda-15-hp-bf15d3lh-outboard-motor\/\",\"url\":\"https:\/\/apexoutboards.com\/product\/2022-honda-15-hp-bf15d3lh-outboard-motor\/\",\"name\":\"2022 HONDA 15 HP BF15D3LH Outboard Motor\",\"isPartOf\":{\"@id\":\"https:\/\/apexoutboards.com\/#website\"},\"primaryImageOfPage\":{\"@id\":\"https:\/\/apexoutboards.com\/product\/2022-honda-15-hp-bf15d3lh-outboard-motor\/#primaryimage\"},\"image\":{\"@id\":\"https:\/\/apexoutboards.com\/product\/2022-honda-15-hp-bf15d3lh-outboard-motor\/#primaryimage\"},\"thumbnailUrl\":\"https:\/\/apexoutboards.com\/wp-content\/uploads\/2021\/12\/honda_15_hp_5a467c6e-b2eb-44f5-9789-8ef1e7ec5254_800x_jpg.jpg\",\"datePublished\":\"2021-12-09T13:44:56+00:00\",\"dateModified\":\"2023-02-16T18:24:42+00:00\",\"description\":\"Get your product today! The 2022 HONDA 15 HP BF15D3LH Outboard Motor will be the best choice for you. Happy shopping!\",\"breadcrumb\":{\"@id\":\"https:\/\/apexoutboards.com\/product\/2022-honda-15-hp-bf15d3lh-outboard-motor\/#breadcrumb\"},\"inLanguage\":\"es\",\"potentialAction\":[{\"@type\":\"ReadAction\",\"target\":[\"https:\/\/apexoutboards.com\/product\/2022-honda-15-hp-bf15d3lh-outboard-motor\/\"]}]},{\"@type\":\"ImageObject\",\"inLanguage\":\"es\",\"@id\":\"https:\/\/apexoutboards.com\/product\/2022-honda-15-hp-bf15d3lh-outboard-motor\/#primaryimage\",\"url\":\"https:\/\/apexoutboards.com\/wp-content\/uploads\/2021\/12\/honda_15_hp_5a467c6e-b2eb-44f5-9789-8ef1e7ec5254_800x_jpg.jpg\",\"contentUrl\":\"https:\/\/apexoutboards.com\/wp-content\/uploads\/2021\/12\/honda_15_hp_5a467c6e-b2eb-44f5-9789-8ef1e7ec5254_800x_jpg.jpg\",\"width\":800,\"height\":800},{\"@type\":\"BreadcrumbList\",\"@id\":\"https:\/\/apexoutboards.com\/product\/2022-honda-15-hp-bf15d3lh-outboard-motor\/#breadcrumb\",\"itemListElement\":[{\"@type\":\"ListItem\",\"position\":1,\"name\":\"Home\",\"item\":\"https:\/\/apexoutboards.com\/\"},{\"@type\":\"ListItem\",\"position\":2,\"name\":\"Shop\",\"item\":\"https:\/\/apexoutboards.com\/shop\/\"},{\"@type\":\"ListItem\",\"position\":3,\"name\":\"2022 HONDA 15 HP BF15D3LH Outboard Motor\"}]},{\"@type\":\"WebSite\",\"@id\":\"https:\/\/apexoutboards.com\/#website\",\"url\":\"https:\/\/apexoutboards.com\/\",\"name\":\"Apex Outboards\",\"description\":\"apexoutboards.com\",\"publisher\":{\"@id\":\"https:\/\/apexoutboards.com\/#organization\"},\"potentialAction\":[{\"@type\":\"SearchAction\",\"target\":{\"@type\":\"EntryPoint\",\"urlTemplate\":\"https:\/\/apexoutboards.com\/?s={search_term_string}\"},\"query-input\":{\"@type\":\"PropertyValueSpecification\",\"valueRequired\":true,\"valueName\":\"search_term_string\"}}],\"inLanguage\":\"es\"},{\"@type\":\"Organization\",\"@id\":\"https:\/\/apexoutboards.com\/#organization\",\"name\":\"Apex Outboards\",\"url\":\"https:\/\/apexoutboards.com\/\",\"logo\":{\"@type\":\"ImageObject\",\"inLanguage\":\"es\",\"@id\":\"https:\/\/apexoutboards.com\/#\/schema\/logo\/image\/\",\"url\":\"https:\/\/apexoutboards.com\/wp-content\/uploads\/2021\/12\/Screenshot_7.png\",\"contentUrl\":\"https:\/\/apexoutboards.com\/wp-content\/uploads\/2021\/12\/Screenshot_7.png\",\"width\":222,\"height\":103,\"caption\":\"Apex Outboards\"},\"image\":{\"@id\":\"https:\/\/apexoutboards.com\/#\/schema\/logo\/image\/\"}}]}<\/script>\n<!-- \/ Yoast SEO plugin. -->","yoast_head_json":{"title":"2022 HONDA 15 HP BF15D3LH Motor fuera de borda","description":"\u00a1Consiga su producto hoy mismo! El motor fueraborda 2022 HONDA 15 HP BF15D3LH ser\u00e1 la mejor opci\u00f3n para usted. \u00a1Feliz compra!","robots":{"index":"index","follow":"follow","max-snippet":"max-snippet:-1","max-image-preview":"max-image-preview:large","max-video-preview":"max-video-preview:-1"},"canonical":"https:\/\/apexoutboards.com\/es\/producto\/2022-honda-15-hp-bf15d3lh-outboard-motor\/","og_locale":"es_MX","og_type":"article","og_title":"2022 HONDA 15 HP BF15D3LH Outboard Motor","og_description":"Get your product today! The 2022 HONDA 15 HP BF15D3LH Outboard Motor will be the best choice for you. Happy shopping!","og_url":"https:\/\/apexoutboards.com\/es\/producto\/2022-honda-15-hp-bf15d3lh-outboard-motor\/","og_site_name":"Apex Outboards","article_modified_time":"2023-02-16T18:24:42+00:00","og_image":[{"width":800,"height":800,"url":"https:\/\/apexoutboards.com\/wp-content\/uploads\/2021\/12\/honda_15_hp_5a467c6e-b2eb-44f5-9789-8ef1e7ec5254_800x_jpg.jpg","type":"image\/jpeg"}],"twitter_card":"summary_large_image","twitter_misc":{"Tiempo de lectura":"1 minuto"},"schema":{"@context":"https:\/\/schema.org","@graph":[{"@type":"WebPage","@id":"https:\/\/apexoutboards.com\/product\/2022-honda-15-hp-bf15d3lh-outboard-motor\/","url":"https:\/\/apexoutboards.com\/product\/2022-honda-15-hp-bf15d3lh-outboard-motor\/","name":"2022 HONDA 15 HP BF15D3LH Motor fuera de borda","isPartOf":{"@id":"https:\/\/apexoutboards.com\/#website"},"primaryImageOfPage":{"@id":"https:\/\/apexoutboards.com\/product\/2022-honda-15-hp-bf15d3lh-outboard-motor\/#primaryimage"},"image":{"@id":"https:\/\/apexoutboards.com\/product\/2022-honda-15-hp-bf15d3lh-outboard-motor\/#primaryimage"},"thumbnailUrl":"https:\/\/apexoutboards.com\/wp-content\/uploads\/2021\/12\/honda_15_hp_5a467c6e-b2eb-44f5-9789-8ef1e7ec5254_800x_jpg.jpg","datePublished":"2021-12-09T13:44:56+00:00","dateModified":"2023-02-16T18:24:42+00:00","description":"\u00a1Consiga su producto hoy mismo! El motor fueraborda 2022 HONDA 15 HP BF15D3LH ser\u00e1 la mejor opci\u00f3n para usted. \u00a1Feliz compra!","breadcrumb":{"@id":"https:\/\/apexoutboards.com\/product\/2022-honda-15-hp-bf15d3lh-outboard-motor\/#breadcrumb"},"inLanguage":"es","potentialAction":[{"@type":"ReadAction","target":["https:\/\/apexoutboards.com\/product\/2022-honda-15-hp-bf15d3lh-outboard-motor\/"]}]},{"@type":"ImageObject","inLanguage":"es","@id":"https:\/\/apexoutboards.com\/product\/2022-honda-15-hp-bf15d3lh-outboard-motor\/#primaryimage","url":"https:\/\/apexoutboards.com\/wp-content\/uploads\/2021\/12\/honda_15_hp_5a467c6e-b2eb-44f5-9789-8ef1e7ec5254_800x_jpg.jpg","contentUrl":"https:\/\/apexoutboards.com\/wp-content\/uploads\/2021\/12\/honda_15_hp_5a467c6e-b2eb-44f5-9789-8ef1e7ec5254_800x_jpg.jpg","width":800,"height":800},{"@type":"BreadcrumbList","@id":"https:\/\/apexoutboards.com\/product\/2022-honda-15-hp-bf15d3lh-outboard-motor\/#breadcrumb","itemListElement":[{"@type":"ListItem","position":1,"name":"Home","item":"https:\/\/apexoutboards.com\/"},{"@type":"ListItem","position":2,"name":"Shop","item":"https:\/\/apexoutboards.com\/shop\/"},{"@type":"ListItem","position":3,"name":"2022 HONDA 15 HP BF15D3LH Outboard Motor"}]},{"@type":"WebSite","@id":"https:\/\/apexoutboards.com\/#website","url":"https:\/\/apexoutboards.com\/","name":"Fuerabordas de primera clase","description":"apexoutboards.com","publisher":{"@id":"https:\/\/apexoutboards.com\/#organization"},"potentialAction":[{"@type":"SearchAction","target":{"@type":"EntryPoint","urlTemplate":"https:\/\/apexoutboards.com\/?s={search_term_string}"},"query-input":{"@type":"PropertyValueSpecification","valueRequired":true,"valueName":"search_term_string"}}],"inLanguage":"es"},{"@type":"Organization","@id":"https:\/\/apexoutboards.com\/#organization","name":"Fuerabordas de primera clase","url":"https:\/\/apexoutboards.com\/","logo":{"@type":"ImageObject","inLanguage":"es","@id":"https:\/\/apexoutboards.com\/#\/schema\/logo\/image\/","url":"https:\/\/apexoutboards.com\/wp-content\/uploads\/2021\/12\/Screenshot_7.png","contentUrl":"https:\/\/apexoutboards.com\/wp-content\/uploads\/2021\/12\/Screenshot_7.png","width":222,"height":103,"caption":"Apex Outboards"},"image":{"@id":"https:\/\/apexoutboards.com\/#\/schema\/logo\/image\/"}}]}},"jetpack_sharing_enabled":true,"_links":{"self":[{"href":"https:\/\/apexoutboards.com\/es\/wp-json\/wp\/v2\/product\/2617","targetHints":{"allow":["GET"]}}],"collection":[{"href":"https:\/\/apexoutboards.com\/es\/wp-json\/wp\/v2\/product"}],"about":[{"href":"https:\/\/apexoutboards.com\/es\/wp-json\/wp\/v2\/types\/product"}],"replies":[{"embeddable":true,"href":"https:\/\/apexoutboards.com\/es\/wp-json\/wp\/v2\/comments?post=2617"}],"version-history":[{"count":0,"href":"https:\/\/apexoutboards.com\/es\/wp-json\/wp\/v2\/product\/2617\/revisions"}],"wp:featuredmedia":[{"embeddable":true,"href":"https:\/\/apexoutboards.com\/es\/wp-json\/wp\/v2\/media\/2615"}],"wp:attachment":[{"href":"https:\/\/apexoutboards.com\/es\/wp-json\/wp\/v2\/media?parent=2617"}],"wp:term":[{"taxonomy":"product_brand","embeddable":true,"href":"https:\/\/apexoutboards.com\/es\/wp-json\/wp\/v2\/product_brand?post=2617"},{"taxonomy":"product_cat","embeddable":true,"href":"https:\/\/apexoutboards.com\/es\/wp-json\/wp\/v2\/product_cat?post=2617"},{"taxonomy":"product_tag","embeddable":true,"href":"https:\/\/apexoutboards.com\/es\/wp-json\/wp\/v2\/product_tag?post=2617"}],"curies":[{"name":"wp","href":"https:\/\/api.w.org\/{rel}","templated":true}]}}