{"id":2495,"date":"2021-12-07T22:09:01","date_gmt":"2021-12-07T11:09:01","guid":{"rendered":"https:\/\/apexoutboards.com\/?post_type=product&#038;p=2495"},"modified":"2023-02-17T05:27:02","modified_gmt":"2023-02-16T18:27:02","slug":"takacat-340-s-inflatable-catamaran","status":"publish","type":"product","link":"https:\/\/apexoutboards.com\/es\/producto\/takacat-340-s-catamaran-inflable\/","title":{"rendered":"Catamar\u00e1n hinchable Takacat 340 S"},"content":{"rendered":"<h2>Catamar\u00e1n hinchable Takacat 340 S<\/h2>\n<p>La Takacat 340 S es la embarcaci\u00f3n hinchable m\u00e1s avanzada, de alto rendimiento, ligera, compacta y port\u00e1til del mercado. Viene con un espejo de popa tubular abierto y totalmente desmontable.<\/p>\n<ul>\n<li>Longitud total: 11\u2032-2\u2033.<\/li>\n<li>Gama de fueras de borda <strong>(SE VENDE POR SEPARADO)<\/strong>: 15hp; Eje corto<\/li>\n<li>Peso: 79 lb.<\/li>\n<li>Dise\u00f1o del casco del catamar\u00e1n<\/li>\n<li>Tubo de acero inoxidable Transom\u00ae.<\/li>\n<li>Ultraport\u00e1til<\/li>\n<li>Dise\u00f1o de catamar\u00e1n hinchable estable y r\u00e1pido<\/li>\n<li>El Tube Transom\u00ae es desmontable para poder embalar en peque\u00f1o<\/li>\n<li>El mejor servicio posventa de catamaranes Takacat del sector<\/li>\n<li>Reenv\u00edo f\u00e1cil y econ\u00f3mico<\/li>\n<li>Accesorios Takacat integrados, como los soportes de rueda de liberaci\u00f3n r\u00e1pida<\/li>\n<li>Filas f\u00e1cilmente<\/li>\n<\/ul>\n<h2>Pol\u00edtica de garant\u00eda del catamar\u00e1n inflable Takacat<\/h2>\n<p>Tanto el PVC como el Hypalon tienen una garant\u00eda de 3 a\u00f1os contra defectos y deterioros que afecten a la usabilidad como el envejecimiento, el agrietamiento o la delaminaci\u00f3n. Las costuras de las tuber\u00edas de llenado de aire tienen una garant\u00eda de 2 a\u00f1os. Adem\u00e1s, las piezas y el equipo, incluyendo la cubierta de alta presi\u00f3n, el asa de transporte, los anillos \"D\", la proa, el asiento, la tapa, las palas y los remos, estar\u00e1n libres de defectos de material y estructura durante 2 a\u00f1os a partir de la fecha de compra.<\/p>\n<h2>Preguntas frecuentes sobre el Takacat<\/h2>\n<ul>\n<li><strong>\u00bfEs f\u00e1cil montar un Takacat?\u00a0<\/strong><\/li>\n<\/ul>\n<p>Los Takacats est\u00e1n dise\u00f1ados para un montaje r\u00e1pido y sencillo. No hay que complicarse con los pesados y complicados sistemas de tablas del suelo. El inflado con la bomba manual suministrada tarda entre 8 y 15 minutos, dependiendo del tama\u00f1o del Takacat y de su estado f\u00edsico. El inflado con nuestra r\u00e1pida bomba el\u00e9ctrica tarda entre 5 y 8 minutos, dependiendo del tama\u00f1o del Takacat que est\u00e9 inflando.<\/p>\n<p>1. Inflar los tubos principales a 3psi \/ 22.5kpa<br \/>\n2. Inserte las barras del espejo de popa. Consejo: frote el Tube Transom con agua jabonosa, ya que esto facilitar\u00e1 el deslizamiento de las barras del espejo de popa.<br \/>\n3. Montar las tablas del espejo de popa de montaje del motor con el perno de ojo suministrado<br \/>\n4. Insertar e inflar el suelo a 10psi \/ 65kpa<br \/>\n5. Utilice las correas para conectar las anillas D del arco<br \/>\n6. Fijar los remos<br \/>\n7. Montar el motor fueraborda<br \/>\n8. Compruebe el equipo de seguridad necesario, las normas y las condiciones meteorol\u00f3gicas antes de la salida.<\/p>\n<ul>\n<li><strong>\u00bfEs f\u00e1cil desinflar y estibar una embarcaci\u00f3n Takacat?\u00a0<\/strong><\/li>\n<\/ul>\n<p>El innovador espejo de popa totalmente desmontable permite enrollar la Takacat de forma m\u00e1s peque\u00f1a, f\u00e1cil y ligera que las embarcaciones neum\u00e1ticas tradicionales que tienen un espejo de popa fijo. Una gran ventaja a la hora de manejarla, transportarla y\/o almacenarla. Ideal para los mercados de caravanas, autocaravanas y embarcaciones plegables.<\/p>\n<ul>\n<li><strong>\u00bfD\u00f3nde se fabrican las embarcaciones neum\u00e1ticas port\u00e1tiles Takacat?\u00a0<\/strong><\/li>\n<\/ul>\n<p>Dise\u00f1adas, desarrolladas y probadas por el fundador Greg Sowden en Auckland, Nueva Zelanda. Estas vers\u00e1tiles embarcaciones de catamar\u00e1n hinchable se someten a pruebas CE y se construyen a medida en la f\u00e1brica china de Takacat utilizando componentes de calidad de todo el mundo.<\/p>\n<div style=\"display:none;\">\n\t<a href=\"https:\/\/yoast.com\/\">Yoast<\/a><br \/>\n\t<a href=\"https:\/\/apexoutboards.com\/es\/\">firstclassoutboards<\/a><br \/>\n\t<img decoding=\"async\" src=\"https:\/\/apexoutboards.com\/wp-content\/uploads\/2021\/12\/PNG_Transparent_High-Resolution_300-_Dpi-1-1-1536x650.png\" alt=\"\"><br \/>\n\tApex Outboards es el mayor distribuidor de motores fueraborda de Estados Unidos. Los miembros de nuestro equipo ofrecen el mejor servicio al cliente y conocimiento t\u00e9cnico de cualquier distribuidor de motores fueraborda.\n<\/div>","protected":false},"excerpt":{"rendered":"<p>Takacat 340 S Inflatable Catamaran The Takacat 340 S is the most advanced, high performance, light weight, compact and portable inflatable boat on the market. Comes with an open and fully removable tube transom. Overall Length: 11&#8242;-2&#8243; Outboard Range (SOLD SEPARATELY): 15hp; Short Shaft Weight: 79 lb. Catamaran Hull Design Stainless Tube Transom\u00ae Ultra-Portable Stable [&hellip;]<\/p>\n","protected":false},"featured_media":2502,"comment_status":"open","ping_status":"closed","template":"","meta":{"ocean_post_layout":"","ocean_both_sidebars_style":"","ocean_both_sidebars_content_width":0,"ocean_both_sidebars_sidebars_width":0,"ocean_sidebar":"0","ocean_second_sidebar":"0","ocean_disable_margins":"enable","ocean_add_body_class":"","ocean_shortcode_before_top_bar":"","ocean_shortcode_after_top_bar":"","ocean_shortcode_before_header":"","ocean_shortcode_after_header":"","ocean_has_shortcode":"","ocean_shortcode_after_title":"","ocean_shortcode_before_footer_widgets":"","ocean_shortcode_after_footer_widgets":"","ocean_shortcode_before_footer_bottom":"","ocean_shortcode_after_footer_bottom":"","ocean_display_top_bar":"default","ocean_display_header":"default","ocean_header_style":"","ocean_center_header_left_menu":"0","ocean_custom_header_template":"0","ocean_custom_logo":0,"ocean_custom_retina_logo":0,"ocean_custom_logo_max_width":0,"ocean_custom_logo_tablet_max_width":0,"ocean_custom_logo_mobile_max_width":0,"ocean_custom_logo_max_height":0,"ocean_custom_logo_tablet_max_height":0,"ocean_custom_logo_mobile_max_height":0,"ocean_header_custom_menu":"0","ocean_menu_typo_font_family":"0","ocean_menu_typo_font_subset":"","ocean_menu_typo_font_size":0,"ocean_menu_typo_font_size_tablet":0,"ocean_menu_typo_font_size_mobile":0,"ocean_menu_typo_font_size_unit":"px","ocean_menu_typo_font_weight":"","ocean_menu_typo_font_weight_tablet":"","ocean_menu_typo_font_weight_mobile":"","ocean_menu_typo_transform":"","ocean_menu_typo_transform_tablet":"","ocean_menu_typo_transform_mobile":"","ocean_menu_typo_line_height":0,"ocean_menu_typo_line_height_tablet":0,"ocean_menu_typo_line_height_mobile":0,"ocean_menu_typo_line_height_unit":"","ocean_menu_typo_spacing":0,"ocean_menu_typo_spacing_tablet":0,"ocean_menu_typo_spacing_mobile":0,"ocean_menu_typo_spacing_unit":"","ocean_menu_link_color":"","ocean_menu_link_color_hover":"","ocean_menu_link_color_active":"","ocean_menu_link_background":"","ocean_menu_link_hover_background":"","ocean_menu_link_active_background":"","ocean_menu_social_links_bg":"","ocean_menu_social_hover_links_bg":"","ocean_menu_social_links_color":"","ocean_menu_social_hover_links_color":"","ocean_disable_title":"default","ocean_disable_heading":"default","ocean_post_title":"","ocean_post_subheading":"","ocean_post_title_style":"","ocean_post_title_background_color":"","ocean_post_title_background":0,"ocean_post_title_bg_image_position":"","ocean_post_title_bg_image_attachment":"","ocean_post_title_bg_image_repeat":"","ocean_post_title_bg_image_size":"","ocean_post_title_height":0,"ocean_post_title_bg_overlay":0.5,"ocean_post_title_bg_overlay_color":"","ocean_disable_breadcrumbs":"default","ocean_breadcrumbs_color":"","ocean_breadcrumbs_separator_color":"","ocean_breadcrumbs_links_color":"","ocean_breadcrumbs_links_hover_color":"","ocean_display_footer_widgets":"default","ocean_display_footer_bottom":"default","ocean_custom_footer_template":"0"},"product_brand":[],"product_cat":[48,53],"product_tag":[],"class_list":{"0":"post-2495","1":"product","2":"type-product","3":"status-publish","4":"has-post-thumbnail","6":"product_cat-takacat","7":"product_cat-takacat-sport-series-inflatable-catamarans","9":"entry","10":"has-media","12":"first","13":"instock","14":"shipping-taxable","15":"purchasable","16":"product-type-variable","17":"has-product-nav","18":"col","19":"span_1_of_4","20":"owp-content-center","21":"owp-thumbs-layout-horizontal","22":"owp-btn-normal","23":"owp-tabs-layout-horizontal","25":"circle-sale"},"yoast_head":"<!-- This site is optimized with the Yoast SEO plugin v27.2 - https:\/\/yoast.com\/product\/yoast-seo-wordpress\/ -->\n<title>Takacat 340 S Inflatable Catamaran<\/title>\n<meta name=\"description\" content=\"Get your product today! The Takacat 340 S Inflatable Catamaran will be the best choice for you. Happy shopping!\" \/>\n<meta name=\"robots\" content=\"index, follow, max-snippet:-1, max-image-preview:large, max-video-preview:-1\" \/>\n<link rel=\"canonical\" href=\"https:\/\/apexoutboards.com\/es\/producto\/takacat-340-s-catamaran-inflable\/\" \/>\n<meta property=\"og:locale\" content=\"es_MX\" \/>\n<meta property=\"og:type\" content=\"article\" \/>\n<meta property=\"og:title\" content=\"Takacat 340 S Inflatable Catamaran\" \/>\n<meta property=\"og:description\" content=\"Get your product today! The Takacat 340 S Inflatable Catamaran will be the best choice for you. Happy shopping!\" \/>\n<meta property=\"og:url\" content=\"https:\/\/apexoutboards.com\/es\/producto\/takacat-340-s-catamaran-inflable\/\" \/>\n<meta property=\"og:site_name\" content=\"Apex Outboards\" \/>\n<meta property=\"article:modified_time\" content=\"2023-02-16T18:27:02+00:00\" \/>\n<meta property=\"og:image\" content=\"https:\/\/apexoutboards.com\/wp-content\/uploads\/2021\/12\/Takacat-Sport-Series-340-1-edit_1920x_jpg.jpg\" \/>\n\t<meta property=\"og:image:width\" content=\"1600\" \/>\n\t<meta property=\"og:image:height\" content=\"1280\" \/>\n\t<meta property=\"og:image:type\" content=\"image\/jpeg\" \/>\n<meta name=\"twitter:card\" content=\"summary_large_image\" \/>\n<meta name=\"twitter:label1\" content=\"Tiempo de lectura\" \/>\n\t<meta name=\"twitter:data1\" content=\"2 minutos\" \/>\n<script type=\"application\/ld+json\" class=\"yoast-schema-graph\">{\"@context\":\"https:\/\/schema.org\",\"@graph\":[{\"@type\":\"WebPage\",\"@id\":\"https:\/\/apexoutboards.com\/product\/takacat-340-s-inflatable-catamaran\/\",\"url\":\"https:\/\/apexoutboards.com\/product\/takacat-340-s-inflatable-catamaran\/\",\"name\":\"Takacat 340 S Inflatable Catamaran\",\"isPartOf\":{\"@id\":\"https:\/\/apexoutboards.com\/#website\"},\"primaryImageOfPage\":{\"@id\":\"https:\/\/apexoutboards.com\/product\/takacat-340-s-inflatable-catamaran\/#primaryimage\"},\"image\":{\"@id\":\"https:\/\/apexoutboards.com\/product\/takacat-340-s-inflatable-catamaran\/#primaryimage\"},\"thumbnailUrl\":\"https:\/\/apexoutboards.com\/wp-content\/uploads\/2021\/12\/Takacat-Sport-Series-340-1-edit_1920x_jpg.jpg\",\"datePublished\":\"2021-12-07T11:09:01+00:00\",\"dateModified\":\"2023-02-16T18:27:02+00:00\",\"description\":\"Get your product today! The Takacat 340 S Inflatable Catamaran will be the best choice for you. Happy shopping!\",\"breadcrumb\":{\"@id\":\"https:\/\/apexoutboards.com\/product\/takacat-340-s-inflatable-catamaran\/#breadcrumb\"},\"inLanguage\":\"es\",\"potentialAction\":[{\"@type\":\"ReadAction\",\"target\":[\"https:\/\/apexoutboards.com\/product\/takacat-340-s-inflatable-catamaran\/\"]}]},{\"@type\":\"ImageObject\",\"inLanguage\":\"es\",\"@id\":\"https:\/\/apexoutboards.com\/product\/takacat-340-s-inflatable-catamaran\/#primaryimage\",\"url\":\"https:\/\/apexoutboards.com\/wp-content\/uploads\/2021\/12\/Takacat-Sport-Series-340-1-edit_1920x_jpg.jpg\",\"contentUrl\":\"https:\/\/apexoutboards.com\/wp-content\/uploads\/2021\/12\/Takacat-Sport-Series-340-1-edit_1920x_jpg.jpg\",\"width\":1600,\"height\":1280},{\"@type\":\"BreadcrumbList\",\"@id\":\"https:\/\/apexoutboards.com\/product\/takacat-340-s-inflatable-catamaran\/#breadcrumb\",\"itemListElement\":[{\"@type\":\"ListItem\",\"position\":1,\"name\":\"Home\",\"item\":\"https:\/\/apexoutboards.com\/\"},{\"@type\":\"ListItem\",\"position\":2,\"name\":\"Shop\",\"item\":\"https:\/\/apexoutboards.com\/shop\/\"},{\"@type\":\"ListItem\",\"position\":3,\"name\":\"Takacat 340 S Inflatable Catamaran\"}]},{\"@type\":\"WebSite\",\"@id\":\"https:\/\/apexoutboards.com\/#website\",\"url\":\"https:\/\/apexoutboards.com\/\",\"name\":\"Apex Outboards\",\"description\":\"apexoutboards.com\",\"publisher\":{\"@id\":\"https:\/\/apexoutboards.com\/#organization\"},\"potentialAction\":[{\"@type\":\"SearchAction\",\"target\":{\"@type\":\"EntryPoint\",\"urlTemplate\":\"https:\/\/apexoutboards.com\/?s={search_term_string}\"},\"query-input\":{\"@type\":\"PropertyValueSpecification\",\"valueRequired\":true,\"valueName\":\"search_term_string\"}}],\"inLanguage\":\"es\"},{\"@type\":\"Organization\",\"@id\":\"https:\/\/apexoutboards.com\/#organization\",\"name\":\"Apex Outboards\",\"url\":\"https:\/\/apexoutboards.com\/\",\"logo\":{\"@type\":\"ImageObject\",\"inLanguage\":\"es\",\"@id\":\"https:\/\/apexoutboards.com\/#\/schema\/logo\/image\/\",\"url\":\"https:\/\/apexoutboards.com\/wp-content\/uploads\/2021\/12\/Screenshot_7.png\",\"contentUrl\":\"https:\/\/apexoutboards.com\/wp-content\/uploads\/2021\/12\/Screenshot_7.png\",\"width\":222,\"height\":103,\"caption\":\"Apex Outboards\"},\"image\":{\"@id\":\"https:\/\/apexoutboards.com\/#\/schema\/logo\/image\/\"}}]}<\/script>\n<!-- \/ Yoast SEO plugin. -->","yoast_head_json":{"title":"Catamar\u00e1n hinchable Takacat 340 S","description":"\u00a1Consiga su producto hoy mismo! El catamar\u00e1n inflable Takacat 340 S ser\u00e1 la mejor opci\u00f3n para usted. \u00a1Feliz compra!","robots":{"index":"index","follow":"follow","max-snippet":"max-snippet:-1","max-image-preview":"max-image-preview:large","max-video-preview":"max-video-preview:-1"},"canonical":"https:\/\/apexoutboards.com\/es\/producto\/takacat-340-s-catamaran-inflable\/","og_locale":"es_MX","og_type":"article","og_title":"Takacat 340 S Inflatable Catamaran","og_description":"Get your product today! The Takacat 340 S Inflatable Catamaran will be the best choice for you. Happy shopping!","og_url":"https:\/\/apexoutboards.com\/es\/producto\/takacat-340-s-catamaran-inflable\/","og_site_name":"Apex Outboards","article_modified_time":"2023-02-16T18:27:02+00:00","og_image":[{"width":1600,"height":1280,"url":"https:\/\/apexoutboards.com\/wp-content\/uploads\/2021\/12\/Takacat-Sport-Series-340-1-edit_1920x_jpg.jpg","type":"image\/jpeg"}],"twitter_card":"summary_large_image","twitter_misc":{"Tiempo de lectura":"2 minutos"},"schema":{"@context":"https:\/\/schema.org","@graph":[{"@type":"WebPage","@id":"https:\/\/apexoutboards.com\/product\/takacat-340-s-inflatable-catamaran\/","url":"https:\/\/apexoutboards.com\/product\/takacat-340-s-inflatable-catamaran\/","name":"Catamar\u00e1n hinchable Takacat 340 S","isPartOf":{"@id":"https:\/\/apexoutboards.com\/#website"},"primaryImageOfPage":{"@id":"https:\/\/apexoutboards.com\/product\/takacat-340-s-inflatable-catamaran\/#primaryimage"},"image":{"@id":"https:\/\/apexoutboards.com\/product\/takacat-340-s-inflatable-catamaran\/#primaryimage"},"thumbnailUrl":"https:\/\/apexoutboards.com\/wp-content\/uploads\/2021\/12\/Takacat-Sport-Series-340-1-edit_1920x_jpg.jpg","datePublished":"2021-12-07T11:09:01+00:00","dateModified":"2023-02-16T18:27:02+00:00","description":"\u00a1Consiga su producto hoy mismo! El catamar\u00e1n inflable Takacat 340 S ser\u00e1 la mejor opci\u00f3n para usted. \u00a1Feliz compra!","breadcrumb":{"@id":"https:\/\/apexoutboards.com\/product\/takacat-340-s-inflatable-catamaran\/#breadcrumb"},"inLanguage":"es","potentialAction":[{"@type":"ReadAction","target":["https:\/\/apexoutboards.com\/product\/takacat-340-s-inflatable-catamaran\/"]}]},{"@type":"ImageObject","inLanguage":"es","@id":"https:\/\/apexoutboards.com\/product\/takacat-340-s-inflatable-catamaran\/#primaryimage","url":"https:\/\/apexoutboards.com\/wp-content\/uploads\/2021\/12\/Takacat-Sport-Series-340-1-edit_1920x_jpg.jpg","contentUrl":"https:\/\/apexoutboards.com\/wp-content\/uploads\/2021\/12\/Takacat-Sport-Series-340-1-edit_1920x_jpg.jpg","width":1600,"height":1280},{"@type":"BreadcrumbList","@id":"https:\/\/apexoutboards.com\/product\/takacat-340-s-inflatable-catamaran\/#breadcrumb","itemListElement":[{"@type":"ListItem","position":1,"name":"Home","item":"https:\/\/apexoutboards.com\/"},{"@type":"ListItem","position":2,"name":"Shop","item":"https:\/\/apexoutboards.com\/shop\/"},{"@type":"ListItem","position":3,"name":"Takacat 340 S Inflatable Catamaran"}]},{"@type":"WebSite","@id":"https:\/\/apexoutboards.com\/#website","url":"https:\/\/apexoutboards.com\/","name":"Fuerabordas de primera clase","description":"apexoutboards.com","publisher":{"@id":"https:\/\/apexoutboards.com\/#organization"},"potentialAction":[{"@type":"SearchAction","target":{"@type":"EntryPoint","urlTemplate":"https:\/\/apexoutboards.com\/?s={search_term_string}"},"query-input":{"@type":"PropertyValueSpecification","valueRequired":true,"valueName":"search_term_string"}}],"inLanguage":"es"},{"@type":"Organization","@id":"https:\/\/apexoutboards.com\/#organization","name":"Fuerabordas de primera clase","url":"https:\/\/apexoutboards.com\/","logo":{"@type":"ImageObject","inLanguage":"es","@id":"https:\/\/apexoutboards.com\/#\/schema\/logo\/image\/","url":"https:\/\/apexoutboards.com\/wp-content\/uploads\/2021\/12\/Screenshot_7.png","contentUrl":"https:\/\/apexoutboards.com\/wp-content\/uploads\/2021\/12\/Screenshot_7.png","width":222,"height":103,"caption":"Apex Outboards"},"image":{"@id":"https:\/\/apexoutboards.com\/#\/schema\/logo\/image\/"}}]}},"jetpack_sharing_enabled":true,"_links":{"self":[{"href":"https:\/\/apexoutboards.com\/es\/wp-json\/wp\/v2\/product\/2495","targetHints":{"allow":["GET"]}}],"collection":[{"href":"https:\/\/apexoutboards.com\/es\/wp-json\/wp\/v2\/product"}],"about":[{"href":"https:\/\/apexoutboards.com\/es\/wp-json\/wp\/v2\/types\/product"}],"replies":[{"embeddable":true,"href":"https:\/\/apexoutboards.com\/es\/wp-json\/wp\/v2\/comments?post=2495"}],"version-history":[{"count":0,"href":"https:\/\/apexoutboards.com\/es\/wp-json\/wp\/v2\/product\/2495\/revisions"}],"wp:featuredmedia":[{"embeddable":true,"href":"https:\/\/apexoutboards.com\/es\/wp-json\/wp\/v2\/media\/2502"}],"wp:attachment":[{"href":"https:\/\/apexoutboards.com\/es\/wp-json\/wp\/v2\/media?parent=2495"}],"wp:term":[{"taxonomy":"product_brand","embeddable":true,"href":"https:\/\/apexoutboards.com\/es\/wp-json\/wp\/v2\/product_brand?post=2495"},{"taxonomy":"product_cat","embeddable":true,"href":"https:\/\/apexoutboards.com\/es\/wp-json\/wp\/v2\/product_cat?post=2495"},{"taxonomy":"product_tag","embeddable":true,"href":"https:\/\/apexoutboards.com\/es\/wp-json\/wp\/v2\/product_tag?post=2495"}],"curies":[{"name":"wp","href":"https:\/\/api.w.org\/{rel}","templated":true}]}}