{"id":4760,"date":"2021-12-22T01:50:07","date_gmt":"2021-12-21T14:50:07","guid":{"rendered":"https:\/\/apexoutboards.com\/?post_type=product&#038;p=4760"},"modified":"2023-02-17T03:30:48","modified_gmt":"2023-02-16T16:30:48","slug":"2019-suzuki-250-hp-df250txw2-outboard-motor","status":"publish","type":"product","link":"https:\/\/apexoutboards.com\/de\/produkt\/2019-suzuki-250-hp-df250txw2-outboard-motor\/","title":{"rendered":"2019 Suzuki 250 PS DF250TXW2 Au\u00dfenbordmotor"},"content":{"rendered":"<h2>2019 Suzuki 250 PS DF250TXW2 Au\u00dfenbordmotor<\/h2>\n<p>Der Suzuki DF250TXW2 war der erste 250 PS starke V-6-Viertakt-Au\u00dfenborder auf dem Markt. Mit diesem Motor fing alles an, und er hat eine Vitrine voller Troph\u00e4en und Auszeichnungen, die das beweisen. Wenn Sie ein neues Boot kaufen oder einen treuen Gef\u00e4hrten umr\u00fcsten wollen, sollten Sie das Boot mit einem neuen DF250TXW2 V-6 ausstatten. Sie werden froh sein, dass Sie es getan haben.<\/p>\n<div>\n<table class=\"table table-bordered\">\n<thead>\n<tr>\n<th colspan=\"2\">Spezifikation Attribute<\/th>\n<\/tr>\n<\/thead>\n<tbody>\n<tr>\n<td width=\"30%\">HP<\/td>\n<td width=\"70%\">250 PS<\/td>\n<\/tr>\n<tr>\n<td width=\"30%\">Zylinder<\/td>\n<td width=\"70%\">V6<\/td>\n<\/tr>\n<tr>\n<td width=\"30%\">Verdr\u00e4ngung<\/td>\n<td width=\"70%\">220,5 CI<\/td>\n<\/tr>\n<tr>\n<td width=\"30%\">Start:<\/td>\n<td width=\"70%\">Elektrisch<\/td>\n<\/tr>\n<tr>\n<td width=\"30%\">Kontrolliert<\/td>\n<td width=\"70%\">Fernbedienung<\/td>\n<\/tr>\n<tr>\n<td width=\"30%\">Power Trim &amp; Tilt<\/td>\n<td width=\"70%\">Power Trim &amp; Tilt<\/td>\n<\/tr>\n<tr>\n<td width=\"30%\">Gangschaltung<\/td>\n<td width=\"70%\">Vorw\u00e4rts - Neutral - R\u00fcckw\u00e4rts<\/td>\n<\/tr>\n<tr>\n<td width=\"30%\">Antrieb<\/td>\n<td width=\"70%\">Standard-Drehung<\/td>\n<\/tr>\n<tr>\n<td width=\"30%\">Gewicht<\/td>\n<td width=\"70%\">606<\/td>\n<\/tr>\n<tr>\n<td width=\"30%\">Ausgang der Lichtmaschine<\/td>\n<td width=\"70%\">54 Ampere<\/td>\n<\/tr>\n<tr>\n<td width=\"30%\">Farbe<\/td>\n<td width=\"70%\">Wei\u00df<\/td>\n<\/tr>\n<tr>\n<td width=\"30%\">L\u00e4nge der Welle<\/td>\n<td width=\"70%\">25&#8221;<\/td>\n<\/tr>\n<tr>\n<td width=\"30%\">Familie Typ<\/td>\n<td width=\"70%\">4-Takt<\/td>\n<\/tr>\n<tr>\n<td width=\"30%\">Kraftstoff-Induktion<\/td>\n<td width=\"70%\">EFI<\/td>\n<\/tr>\n<\/tbody>\n<\/table>\n<\/div>\n<div style=\"display:none;\">\n\t<a href=\"https:\/\/yoast.com\/\">Yoast<\/a><br \/>\n\t<a href=\"https:\/\/apexoutboards.com\/de\/\">firstclassoutboards<\/a><br \/>\n\t<img decoding=\"async\" src=\"https:\/\/apexoutboards.com\/wp-content\/uploads\/2021\/12\/PNG_Transparent_High-Resolution_300-_Dpi-1-1-1536x650.png\" alt=\"\"><br \/>\n\tApex Outboards ist der gr\u00f6\u00dfte US-amerikanische H\u00e4ndler f\u00fcr Au\u00dfenbordmotoren. Unsere Teammitglieder bieten den besten Kundenservice und das beste technische Wissen aller Au\u00dfenbordmotor-H\u00e4ndler.\n<\/div>","protected":false},"excerpt":{"rendered":"<p><strong>Zustand:<\/strong> Neu<br \/>\n<strong>Versand:<\/strong> Jetzt versandfertig<\/p>\n<p>Wir sind bestrebt, unseren Kunden den besten Service zu bieten. Bitte z\u00f6gern Sie nicht, uns zu kontaktieren, wenn Sie Hilfe ben\u00f6tigen. Alle erhaltenen Informationen werden stets vertraulich behandelt.<\/p>","protected":false},"featured_media":4762,"comment_status":"open","ping_status":"closed","template":"","meta":{"ocean_post_layout":"","ocean_both_sidebars_style":"","ocean_both_sidebars_content_width":0,"ocean_both_sidebars_sidebars_width":0,"ocean_sidebar":"0","ocean_second_sidebar":"0","ocean_disable_margins":"enable","ocean_add_body_class":"","ocean_shortcode_before_top_bar":"","ocean_shortcode_after_top_bar":"","ocean_shortcode_before_header":"","ocean_shortcode_after_header":"","ocean_has_shortcode":"","ocean_shortcode_after_title":"","ocean_shortcode_before_footer_widgets":"","ocean_shortcode_after_footer_widgets":"","ocean_shortcode_before_footer_bottom":"","ocean_shortcode_after_footer_bottom":"","ocean_display_top_bar":"default","ocean_display_header":"default","ocean_header_style":"","ocean_center_header_left_menu":"0","ocean_custom_header_template":"0","ocean_custom_logo":0,"ocean_custom_retina_logo":0,"ocean_custom_logo_max_width":0,"ocean_custom_logo_tablet_max_width":0,"ocean_custom_logo_mobile_max_width":0,"ocean_custom_logo_max_height":0,"ocean_custom_logo_tablet_max_height":0,"ocean_custom_logo_mobile_max_height":0,"ocean_header_custom_menu":"0","ocean_menu_typo_font_family":"0","ocean_menu_typo_font_subset":"","ocean_menu_typo_font_size":0,"ocean_menu_typo_font_size_tablet":0,"ocean_menu_typo_font_size_mobile":0,"ocean_menu_typo_font_size_unit":"px","ocean_menu_typo_font_weight":"","ocean_menu_typo_font_weight_tablet":"","ocean_menu_typo_font_weight_mobile":"","ocean_menu_typo_transform":"","ocean_menu_typo_transform_tablet":"","ocean_menu_typo_transform_mobile":"","ocean_menu_typo_line_height":0,"ocean_menu_typo_line_height_tablet":0,"ocean_menu_typo_line_height_mobile":0,"ocean_menu_typo_line_height_unit":"","ocean_menu_typo_spacing":0,"ocean_menu_typo_spacing_tablet":0,"ocean_menu_typo_spacing_mobile":0,"ocean_menu_typo_spacing_unit":"","ocean_menu_link_color":"","ocean_menu_link_color_hover":"","ocean_menu_link_color_active":"","ocean_menu_link_background":"","ocean_menu_link_hover_background":"","ocean_menu_link_active_background":"","ocean_menu_social_links_bg":"","ocean_menu_social_hover_links_bg":"","ocean_menu_social_links_color":"","ocean_menu_social_hover_links_color":"","ocean_disable_title":"default","ocean_disable_heading":"default","ocean_post_title":"","ocean_post_subheading":"","ocean_post_title_style":"","ocean_post_title_background_color":"","ocean_post_title_background":0,"ocean_post_title_bg_image_position":"","ocean_post_title_bg_image_attachment":"","ocean_post_title_bg_image_repeat":"","ocean_post_title_bg_image_size":"","ocean_post_title_height":0,"ocean_post_title_bg_overlay":0.5,"ocean_post_title_bg_overlay_color":"","ocean_disable_breadcrumbs":"default","ocean_breadcrumbs_color":"","ocean_breadcrumbs_separator_color":"","ocean_breadcrumbs_links_color":"","ocean_breadcrumbs_links_hover_color":"","ocean_display_footer_widgets":"default","ocean_display_footer_bottom":"default","ocean_custom_footer_template":"0"},"product_brand":[],"product_cat":[129,46,190],"product_tag":[],"class_list":{"0":"post-4760","1":"product","2":"type-product","3":"status-publish","4":"has-post-thumbnail","6":"product_cat-250-hp","7":"product_cat-suzuki","8":"product_cat-suzuki-250-hp","10":"entry","11":"has-media","13":"first","14":"instock","15":"sale","16":"shipping-taxable","17":"purchasable","18":"product-type-simple","19":"has-product-nav","20":"col","21":"span_1_of_4","22":"owp-content-center","23":"owp-thumbs-layout-horizontal","24":"owp-btn-normal","25":"owp-tabs-layout-horizontal","26":"has-no-thumbnails","28":"circle-sale"},"yoast_head":"<!-- This site is optimized with the Yoast SEO plugin v27.2 - https:\/\/yoast.com\/product\/yoast-seo-wordpress\/ -->\n<title>2019 Suzuki 250 HP DF250TXW2 Outboard Motor<\/title>\n<meta name=\"description\" content=\"Get your product today! The 2019 Suzuki 250 HP DF250TXW2 Outboard Motor will be the best choice for you. Happy shopping!\" \/>\n<meta name=\"robots\" content=\"index, follow, max-snippet:-1, max-image-preview:large, max-video-preview:-1\" \/>\n<link rel=\"canonical\" href=\"https:\/\/apexoutboards.com\/de\/produkt\/2019-suzuki-250-hp-df250txw2-outboard-motor\/\" \/>\n<meta property=\"og:locale\" content=\"de_DE\" \/>\n<meta property=\"og:type\" content=\"article\" \/>\n<meta property=\"og:title\" content=\"2019 Suzuki 250 HP DF250TXW2 Outboard Motor\" \/>\n<meta property=\"og:description\" content=\"Get your product today! The 2019 Suzuki 250 HP DF250TXW2 Outboard Motor will be the best choice for you. Happy shopping!\" \/>\n<meta property=\"og:url\" content=\"https:\/\/apexoutboards.com\/de\/produkt\/2019-suzuki-250-hp-df250txw2-outboard-motor\/\" \/>\n<meta property=\"og:site_name\" content=\"Apex Outboards\" \/>\n<meta property=\"article:modified_time\" content=\"2023-02-16T16:30:48+00:00\" \/>\n<meta property=\"og:image\" content=\"https:\/\/apexoutboards.com\/wp-content\/uploads\/2021\/12\/250-4-600x450-1.jpg\" \/>\n\t<meta property=\"og:image:width\" content=\"600\" \/>\n\t<meta property=\"og:image:height\" content=\"450\" \/>\n\t<meta property=\"og:image:type\" content=\"image\/jpeg\" \/>\n<meta name=\"twitter:card\" content=\"summary_large_image\" \/>\n<meta name=\"twitter:label1\" content=\"Gesch\u00e4tzte Lesezeit\" \/>\n\t<meta name=\"twitter:data1\" content=\"1 minute\" \/>\n<script type=\"application\/ld+json\" class=\"yoast-schema-graph\">{\"@context\":\"https:\/\/schema.org\",\"@graph\":[{\"@type\":\"WebPage\",\"@id\":\"https:\/\/apexoutboards.com\/product\/2019-suzuki-250-hp-df250txw2-outboard-motor\/\",\"url\":\"https:\/\/apexoutboards.com\/product\/2019-suzuki-250-hp-df250txw2-outboard-motor\/\",\"name\":\"2019 Suzuki 250 HP DF250TXW2 Outboard Motor\",\"isPartOf\":{\"@id\":\"https:\/\/apexoutboards.com\/#website\"},\"primaryImageOfPage\":{\"@id\":\"https:\/\/apexoutboards.com\/product\/2019-suzuki-250-hp-df250txw2-outboard-motor\/#primaryimage\"},\"image\":{\"@id\":\"https:\/\/apexoutboards.com\/product\/2019-suzuki-250-hp-df250txw2-outboard-motor\/#primaryimage\"},\"thumbnailUrl\":\"https:\/\/apexoutboards.com\/wp-content\/uploads\/2021\/12\/250-4-600x450-1.jpg\",\"datePublished\":\"2021-12-21T14:50:07+00:00\",\"dateModified\":\"2023-02-16T16:30:48+00:00\",\"description\":\"Get your product today! The 2019 Suzuki 250 HP DF250TXW2 Outboard Motor will be the best choice for you. Happy shopping!\",\"breadcrumb\":{\"@id\":\"https:\/\/apexoutboards.com\/product\/2019-suzuki-250-hp-df250txw2-outboard-motor\/#breadcrumb\"},\"inLanguage\":\"de-DE\",\"potentialAction\":[{\"@type\":\"ReadAction\",\"target\":[\"https:\/\/apexoutboards.com\/product\/2019-suzuki-250-hp-df250txw2-outboard-motor\/\"]}]},{\"@type\":\"ImageObject\",\"inLanguage\":\"de-DE\",\"@id\":\"https:\/\/apexoutboards.com\/product\/2019-suzuki-250-hp-df250txw2-outboard-motor\/#primaryimage\",\"url\":\"https:\/\/apexoutboards.com\/wp-content\/uploads\/2021\/12\/250-4-600x450-1.jpg\",\"contentUrl\":\"https:\/\/apexoutboards.com\/wp-content\/uploads\/2021\/12\/250-4-600x450-1.jpg\",\"width\":600,\"height\":450,\"caption\":\"2019 Suzuki 250 HP DF250TXW2 Outboard Motor\"},{\"@type\":\"BreadcrumbList\",\"@id\":\"https:\/\/apexoutboards.com\/product\/2019-suzuki-250-hp-df250txw2-outboard-motor\/#breadcrumb\",\"itemListElement\":[{\"@type\":\"ListItem\",\"position\":1,\"name\":\"Home\",\"item\":\"https:\/\/apexoutboards.com\/\"},{\"@type\":\"ListItem\",\"position\":2,\"name\":\"Shop\",\"item\":\"https:\/\/apexoutboards.com\/shop\/\"},{\"@type\":\"ListItem\",\"position\":3,\"name\":\"2019 Suzuki 250 HP DF250TXW2 Outboard Motor\"}]},{\"@type\":\"WebSite\",\"@id\":\"https:\/\/apexoutboards.com\/#website\",\"url\":\"https:\/\/apexoutboards.com\/\",\"name\":\"Apex Outboards\",\"description\":\"apexoutboards.com\",\"publisher\":{\"@id\":\"https:\/\/apexoutboards.com\/#organization\"},\"potentialAction\":[{\"@type\":\"SearchAction\",\"target\":{\"@type\":\"EntryPoint\",\"urlTemplate\":\"https:\/\/apexoutboards.com\/?s={search_term_string}\"},\"query-input\":{\"@type\":\"PropertyValueSpecification\",\"valueRequired\":true,\"valueName\":\"search_term_string\"}}],\"inLanguage\":\"de-DE\"},{\"@type\":\"Organization\",\"@id\":\"https:\/\/apexoutboards.com\/#organization\",\"name\":\"Apex Outboards\",\"url\":\"https:\/\/apexoutboards.com\/\",\"logo\":{\"@type\":\"ImageObject\",\"inLanguage\":\"de-DE\",\"@id\":\"https:\/\/apexoutboards.com\/#\/schema\/logo\/image\/\",\"url\":\"https:\/\/apexoutboards.com\/wp-content\/uploads\/2021\/12\/Screenshot_7.png\",\"contentUrl\":\"https:\/\/apexoutboards.com\/wp-content\/uploads\/2021\/12\/Screenshot_7.png\",\"width\":222,\"height\":103,\"caption\":\"Apex Outboards\"},\"image\":{\"@id\":\"https:\/\/apexoutboards.com\/#\/schema\/logo\/image\/\"}}]}<\/script>\n<!-- \/ Yoast SEO plugin. -->","yoast_head_json":{"title":"2019 Suzuki 250 PS DF250TXW2 Au\u00dfenbordmotor","description":"Holen Sie sich Ihr Produkt noch heute! Der 2019 Suzuki 250 HP DF250TXW2 Au\u00dfenbordmotor wird die beste Wahl f\u00fcr Sie sein. Viel Spa\u00df beim Einkaufen!","robots":{"index":"index","follow":"follow","max-snippet":"max-snippet:-1","max-image-preview":"max-image-preview:large","max-video-preview":"max-video-preview:-1"},"canonical":"https:\/\/apexoutboards.com\/de\/produkt\/2019-suzuki-250-hp-df250txw2-outboard-motor\/","og_locale":"de_DE","og_type":"article","og_title":"2019 Suzuki 250 HP DF250TXW2 Outboard Motor","og_description":"Get your product today! The 2019 Suzuki 250 HP DF250TXW2 Outboard Motor will be the best choice for you. Happy shopping!","og_url":"https:\/\/apexoutboards.com\/de\/produkt\/2019-suzuki-250-hp-df250txw2-outboard-motor\/","og_site_name":"Apex Outboards","article_modified_time":"2023-02-16T16:30:48+00:00","og_image":[{"width":600,"height":450,"url":"https:\/\/apexoutboards.com\/wp-content\/uploads\/2021\/12\/250-4-600x450-1.jpg","type":"image\/jpeg"}],"twitter_card":"summary_large_image","twitter_misc":{"Gesch\u00e4tzte Lesezeit":"1 minute"},"schema":{"@context":"https:\/\/schema.org","@graph":[{"@type":"WebPage","@id":"https:\/\/apexoutboards.com\/product\/2019-suzuki-250-hp-df250txw2-outboard-motor\/","url":"https:\/\/apexoutboards.com\/product\/2019-suzuki-250-hp-df250txw2-outboard-motor\/","name":"2019 Suzuki 250 PS DF250TXW2 Au\u00dfenbordmotor","isPartOf":{"@id":"https:\/\/apexoutboards.com\/#website"},"primaryImageOfPage":{"@id":"https:\/\/apexoutboards.com\/product\/2019-suzuki-250-hp-df250txw2-outboard-motor\/#primaryimage"},"image":{"@id":"https:\/\/apexoutboards.com\/product\/2019-suzuki-250-hp-df250txw2-outboard-motor\/#primaryimage"},"thumbnailUrl":"https:\/\/apexoutboards.com\/wp-content\/uploads\/2021\/12\/250-4-600x450-1.jpg","datePublished":"2021-12-21T14:50:07+00:00","dateModified":"2023-02-16T16:30:48+00:00","description":"Holen Sie sich Ihr Produkt noch heute! Der 2019 Suzuki 250 HP DF250TXW2 Au\u00dfenbordmotor wird die beste Wahl f\u00fcr Sie sein. Viel Spa\u00df beim Einkaufen!","breadcrumb":{"@id":"https:\/\/apexoutboards.com\/product\/2019-suzuki-250-hp-df250txw2-outboard-motor\/#breadcrumb"},"inLanguage":"de-DE","potentialAction":[{"@type":"ReadAction","target":["https:\/\/apexoutboards.com\/product\/2019-suzuki-250-hp-df250txw2-outboard-motor\/"]}]},{"@type":"ImageObject","inLanguage":"de-DE","@id":"https:\/\/apexoutboards.com\/product\/2019-suzuki-250-hp-df250txw2-outboard-motor\/#primaryimage","url":"https:\/\/apexoutboards.com\/wp-content\/uploads\/2021\/12\/250-4-600x450-1.jpg","contentUrl":"https:\/\/apexoutboards.com\/wp-content\/uploads\/2021\/12\/250-4-600x450-1.jpg","width":600,"height":450,"caption":"2019 Suzuki 250 HP DF250TXW2 Outboard Motor"},{"@type":"BreadcrumbList","@id":"https:\/\/apexoutboards.com\/product\/2019-suzuki-250-hp-df250txw2-outboard-motor\/#breadcrumb","itemListElement":[{"@type":"ListItem","position":1,"name":"Home","item":"https:\/\/apexoutboards.com\/"},{"@type":"ListItem","position":2,"name":"Shop","item":"https:\/\/apexoutboards.com\/shop\/"},{"@type":"ListItem","position":3,"name":"2019 Suzuki 250 HP DF250TXW2 Outboard Motor"}]},{"@type":"WebSite","@id":"https:\/\/apexoutboards.com\/#website","url":"https:\/\/apexoutboards.com\/","name":"Erstklassige Au\u00dfenborder","description":"apexoutboards.com","publisher":{"@id":"https:\/\/apexoutboards.com\/#organization"},"potentialAction":[{"@type":"SearchAction","target":{"@type":"EntryPoint","urlTemplate":"https:\/\/apexoutboards.com\/?s={search_term_string}"},"query-input":{"@type":"PropertyValueSpecification","valueRequired":true,"valueName":"search_term_string"}}],"inLanguage":"de-DE"},{"@type":"Organization","@id":"https:\/\/apexoutboards.com\/#organization","name":"Erstklassige Au\u00dfenborder","url":"https:\/\/apexoutboards.com\/","logo":{"@type":"ImageObject","inLanguage":"de-DE","@id":"https:\/\/apexoutboards.com\/#\/schema\/logo\/image\/","url":"https:\/\/apexoutboards.com\/wp-content\/uploads\/2021\/12\/Screenshot_7.png","contentUrl":"https:\/\/apexoutboards.com\/wp-content\/uploads\/2021\/12\/Screenshot_7.png","width":222,"height":103,"caption":"Apex Outboards"},"image":{"@id":"https:\/\/apexoutboards.com\/#\/schema\/logo\/image\/"}}]}},"jetpack_sharing_enabled":true,"_links":{"self":[{"href":"https:\/\/apexoutboards.com\/de\/wp-json\/wp\/v2\/product\/4760","targetHints":{"allow":["GET"]}}],"collection":[{"href":"https:\/\/apexoutboards.com\/de\/wp-json\/wp\/v2\/product"}],"about":[{"href":"https:\/\/apexoutboards.com\/de\/wp-json\/wp\/v2\/types\/product"}],"replies":[{"embeddable":true,"href":"https:\/\/apexoutboards.com\/de\/wp-json\/wp\/v2\/comments?post=4760"}],"version-history":[{"count":0,"href":"https:\/\/apexoutboards.com\/de\/wp-json\/wp\/v2\/product\/4760\/revisions"}],"wp:featuredmedia":[{"embeddable":true,"href":"https:\/\/apexoutboards.com\/de\/wp-json\/wp\/v2\/media\/4762"}],"wp:attachment":[{"href":"https:\/\/apexoutboards.com\/de\/wp-json\/wp\/v2\/media?parent=4760"}],"wp:term":[{"taxonomy":"product_brand","embeddable":true,"href":"https:\/\/apexoutboards.com\/de\/wp-json\/wp\/v2\/product_brand?post=4760"},{"taxonomy":"product_cat","embeddable":true,"href":"https:\/\/apexoutboards.com\/de\/wp-json\/wp\/v2\/product_cat?post=4760"},{"taxonomy":"product_tag","embeddable":true,"href":"https:\/\/apexoutboards.com\/de\/wp-json\/wp\/v2\/product_tag?post=4760"}],"curies":[{"name":"wp","href":"https:\/\/api.w.org\/{rel}","templated":true}]}}