{"id":4667,"date":"2021-12-21T20:14:56","date_gmt":"2021-12-21T09:14:56","guid":{"rendered":"https:\/\/apexoutboards.com\/?post_type=product&#038;p=4667"},"modified":"2023-02-17T03:54:31","modified_gmt":"2023-02-16T16:54:31","slug":"2019-suzuki-175-hp-df175aplw2-outboard-motor","status":"publish","type":"product","link":"https:\/\/apexoutboards.com\/de\/produkt\/2019-suzuki-175-hp-df175aplw2-outboard-motor\/","title":{"rendered":"2019 Suzuki 175 PS DF175APLW2 Au\u00dfenbordmotor"},"content":{"rendered":"<h2>2019 Suzuki 175 PS DF175APLW2 Au\u00dfenbordmotor<\/h2>\n<p>Der DF175APLW2 von Suzuki ist mit dem Drive by Wire Suzuki Precision Control System ausgestattet, das eine einfache, sanfte und pr\u00e4zise Gasannahme und Schaltung erm\u00f6glicht. Das AP-Modell verf\u00fcgt au\u00dferdem \u00fcber die Suzuki Select Rotation, die es erm\u00f6glicht, den Au\u00dfenborder entweder im Standard-Uhrzeigersinn oder gegen den Uhrzeigersinn zu betreiben. Der DF175APLW2 basiert auf einem Reihenvierzylinder-DOHC-Triebwerk mit einem Hubraum von 2.867 cm\u00b3 (174,9 cu.in.). Der gro\u00dfe Hubraum tr\u00e4gt zwar wesentlich zur Erzeugung einer au\u00dfergew\u00f6hnlichen Beschleunigung und eines hohen Drehmoments bei, bedeutet aber nicht, dass die Motoren vergleichsweise gr\u00f6\u00dfer und schwerer sind. Im Gegenteil, die Suzuki-Ingenieure haben diesen Big-Block-Motor als einen der vielseitigsten Viertakter in der 175-PS-Klasse konzipiert.<\/p>\n<table class=\"table table-bordered\">\n<thead>\n<tr>\n<th colspan=\"2\">Spezifikation Attribute<\/th>\n<\/tr>\n<\/thead>\n<tbody>\n<tr>\n<td width=\"30%\">HP<\/td>\n<td width=\"70%\">175 PS<\/td>\n<\/tr>\n<tr>\n<td width=\"30%\">Zylinder<\/td>\n<td width=\"70%\">4 Zylinder<\/td>\n<\/tr>\n<tr>\n<td width=\"30%\">Verdr\u00e4ngung<\/td>\n<td width=\"70%\">175 KI<\/td>\n<\/tr>\n<tr>\n<td width=\"30%\">Start:<\/td>\n<td width=\"70%\">Elektrisch<\/td>\n<\/tr>\n<tr>\n<td width=\"30%\">Kontrolliert<\/td>\n<td width=\"70%\">Suzuki Pr\u00e4zisionssteuerung<\/td>\n<\/tr>\n<tr>\n<td width=\"30%\">Power Trim &amp; Tilt<\/td>\n<td width=\"70%\">Power Trim &amp; Tilt<\/td>\n<\/tr>\n<tr>\n<td width=\"30%\">Gangschaltung<\/td>\n<td width=\"70%\">Vorw\u00e4rts - Neutral - R\u00fcckw\u00e4rts<\/td>\n<\/tr>\n<tr>\n<td width=\"30%\">Antrieb<\/td>\n<td width=\"70%\">Gegenl\u00e4ufige Rotation<\/td>\n<\/tr>\n<tr>\n<td width=\"30%\">Antrieb<\/td>\n<td width=\"70%\">Standard-Drehung<\/td>\n<\/tr>\n<tr>\n<td width=\"30%\">Gewicht<\/td>\n<td width=\"70%\">520<\/td>\n<\/tr>\n<tr>\n<td width=\"30%\">Ausgang der Lichtmaschine<\/td>\n<td width=\"70%\">44 Ampere<\/td>\n<\/tr>\n<tr>\n<td width=\"30%\">Farbe<\/td>\n<td width=\"70%\">Wei\u00df<\/td>\n<\/tr>\n<tr>\n<td width=\"30%\">L\u00e4nge der Welle<\/td>\n<td width=\"70%\">20&#8221;<\/td>\n<\/tr>\n<tr>\n<td width=\"30%\">Familie Typ<\/td>\n<td width=\"70%\">4-Takt<\/td>\n<\/tr>\n<tr>\n<td width=\"30%\">Kraftstoff-Induktion<\/td>\n<td width=\"70%\">EFI<\/td>\n<\/tr>\n<\/tbody>\n<\/table>\n<div style=\"display:none;\">\n\t<a href=\"https:\/\/yoast.com\/\">Yoast<\/a><br \/>\n\t<a href=\"https:\/\/apexoutboards.com\/de\/\">firstclassoutboards<\/a><br \/>\n\t<img decoding=\"async\" src=\"https:\/\/apexoutboards.com\/wp-content\/uploads\/2021\/12\/PNG_Transparent_High-Resolution_300-_Dpi-1-1-1536x650.png\" alt=\"\"><br \/>\n\tApex Outboards ist der gr\u00f6\u00dfte US-amerikanische H\u00e4ndler f\u00fcr Au\u00dfenbordmotoren. Unsere Teammitglieder bieten den besten Kundenservice und das beste technische Wissen aller Au\u00dfenbordmotor-H\u00e4ndler.\n<\/div>","protected":false},"excerpt":{"rendered":"<p><strong>Zustand:<\/strong> Neu<br \/>\n<strong>Versand:<\/strong> Jetzt versandfertig<\/p>\n<p>Wir sind bestrebt, unseren Kunden den besten Service zu bieten. Bitte z\u00f6gern Sie nicht, uns zu kontaktieren, wenn Sie Hilfe ben\u00f6tigen. Alle erhaltenen Informationen werden stets vertraulich behandelt.<\/p>","protected":false},"featured_media":4668,"comment_status":"open","ping_status":"closed","template":"","meta":{"ocean_post_layout":"","ocean_both_sidebars_style":"","ocean_both_sidebars_content_width":0,"ocean_both_sidebars_sidebars_width":0,"ocean_sidebar":"0","ocean_second_sidebar":"0","ocean_disable_margins":"enable","ocean_add_body_class":"","ocean_shortcode_before_top_bar":"","ocean_shortcode_after_top_bar":"","ocean_shortcode_before_header":"","ocean_shortcode_after_header":"","ocean_has_shortcode":"","ocean_shortcode_after_title":"","ocean_shortcode_before_footer_widgets":"","ocean_shortcode_after_footer_widgets":"","ocean_shortcode_before_footer_bottom":"","ocean_shortcode_after_footer_bottom":"","ocean_display_top_bar":"default","ocean_display_header":"default","ocean_header_style":"","ocean_center_header_left_menu":"0","ocean_custom_header_template":"0","ocean_custom_logo":0,"ocean_custom_retina_logo":0,"ocean_custom_logo_max_width":0,"ocean_custom_logo_tablet_max_width":0,"ocean_custom_logo_mobile_max_width":0,"ocean_custom_logo_max_height":0,"ocean_custom_logo_tablet_max_height":0,"ocean_custom_logo_mobile_max_height":0,"ocean_header_custom_menu":"0","ocean_menu_typo_font_family":"0","ocean_menu_typo_font_subset":"","ocean_menu_typo_font_size":0,"ocean_menu_typo_font_size_tablet":0,"ocean_menu_typo_font_size_mobile":0,"ocean_menu_typo_font_size_unit":"px","ocean_menu_typo_font_weight":"","ocean_menu_typo_font_weight_tablet":"","ocean_menu_typo_font_weight_mobile":"","ocean_menu_typo_transform":"","ocean_menu_typo_transform_tablet":"","ocean_menu_typo_transform_mobile":"","ocean_menu_typo_line_height":0,"ocean_menu_typo_line_height_tablet":0,"ocean_menu_typo_line_height_mobile":0,"ocean_menu_typo_line_height_unit":"","ocean_menu_typo_spacing":0,"ocean_menu_typo_spacing_tablet":0,"ocean_menu_typo_spacing_mobile":0,"ocean_menu_typo_spacing_unit":"","ocean_menu_link_color":"","ocean_menu_link_color_hover":"","ocean_menu_link_color_active":"","ocean_menu_link_background":"","ocean_menu_link_hover_background":"","ocean_menu_link_active_background":"","ocean_menu_social_links_bg":"","ocean_menu_social_hover_links_bg":"","ocean_menu_social_links_color":"","ocean_menu_social_hover_links_color":"","ocean_disable_title":"default","ocean_disable_heading":"default","ocean_post_title":"","ocean_post_subheading":"","ocean_post_title_style":"","ocean_post_title_background_color":"","ocean_post_title_background":0,"ocean_post_title_bg_image_position":"","ocean_post_title_bg_image_attachment":"","ocean_post_title_bg_image_repeat":"","ocean_post_title_bg_image_size":"","ocean_post_title_height":0,"ocean_post_title_bg_overlay":0.5,"ocean_post_title_bg_overlay_color":"","ocean_disable_breadcrumbs":"default","ocean_breadcrumbs_color":"","ocean_breadcrumbs_separator_color":"","ocean_breadcrumbs_links_color":"","ocean_breadcrumbs_links_hover_color":"","ocean_display_footer_widgets":"default","ocean_display_footer_bottom":"default","ocean_custom_footer_template":"0"},"product_brand":[],"product_cat":[132,46,193],"product_tag":[],"class_list":{"0":"post-4667","1":"product","2":"type-product","3":"status-publish","4":"has-post-thumbnail","6":"product_cat-175-hp","7":"product_cat-suzuki","8":"product_cat-suzuki-175-hp","10":"entry","11":"has-media","13":"first","14":"instock","15":"sale","16":"shipping-taxable","17":"purchasable","18":"product-type-simple","19":"has-product-nav","20":"col","21":"span_1_of_4","22":"owp-content-center","23":"owp-thumbs-layout-horizontal","24":"owp-btn-normal","25":"owp-tabs-layout-horizontal","26":"has-no-thumbnails","28":"circle-sale"},"yoast_head":"<!-- This site is optimized with the Yoast SEO plugin v27.2 - https:\/\/yoast.com\/product\/yoast-seo-wordpress\/ -->\n<title>2019 Suzuki 175 HP DF175APLW2 Outboard Motor<\/title>\n<meta name=\"description\" content=\"Get your product today! The 2019 Suzuki 175 HP DF175APLW2 Outboard Motor will be the best choice for you. Happy shopping!\" \/>\n<meta name=\"robots\" content=\"index, follow, max-snippet:-1, max-image-preview:large, max-video-preview:-1\" \/>\n<link rel=\"canonical\" href=\"https:\/\/apexoutboards.com\/de\/produkt\/2019-suzuki-175-hp-df175aplw2-outboard-motor\/\" \/>\n<meta property=\"og:locale\" content=\"de_DE\" \/>\n<meta property=\"og:type\" content=\"article\" \/>\n<meta property=\"og:title\" content=\"2019 Suzuki 175 HP DF175APLW2 Outboard Motor\" \/>\n<meta property=\"og:description\" content=\"Get your product today! The 2019 Suzuki 175 HP DF175APLW2 Outboard Motor will be the best choice for you. Happy shopping!\" \/>\n<meta property=\"og:url\" content=\"https:\/\/apexoutboards.com\/de\/produkt\/2019-suzuki-175-hp-df175aplw2-outboard-motor\/\" \/>\n<meta property=\"og:site_name\" content=\"Apex Outboards\" \/>\n<meta property=\"article:modified_time\" content=\"2023-02-16T16:54:31+00:00\" \/>\n<meta property=\"og:image\" content=\"https:\/\/apexoutboards.com\/wp-content\/uploads\/2021\/12\/175-1-600x450-2.jpg\" \/>\n\t<meta property=\"og:image:width\" content=\"600\" \/>\n\t<meta property=\"og:image:height\" content=\"450\" \/>\n\t<meta property=\"og:image:type\" content=\"image\/jpeg\" \/>\n<meta name=\"twitter:card\" content=\"summary_large_image\" \/>\n<meta name=\"twitter:label1\" content=\"Gesch\u00e4tzte Lesezeit\" \/>\n\t<meta name=\"twitter:data1\" content=\"1 minute\" \/>\n<script type=\"application\/ld+json\" class=\"yoast-schema-graph\">{\"@context\":\"https:\/\/schema.org\",\"@graph\":[{\"@type\":\"WebPage\",\"@id\":\"https:\/\/apexoutboards.com\/product\/2019-suzuki-175-hp-df175aplw2-outboard-motor\/\",\"url\":\"https:\/\/apexoutboards.com\/product\/2019-suzuki-175-hp-df175aplw2-outboard-motor\/\",\"name\":\"2019 Suzuki 175 HP DF175APLW2 Outboard Motor\",\"isPartOf\":{\"@id\":\"https:\/\/apexoutboards.com\/#website\"},\"primaryImageOfPage\":{\"@id\":\"https:\/\/apexoutboards.com\/product\/2019-suzuki-175-hp-df175aplw2-outboard-motor\/#primaryimage\"},\"image\":{\"@id\":\"https:\/\/apexoutboards.com\/product\/2019-suzuki-175-hp-df175aplw2-outboard-motor\/#primaryimage\"},\"thumbnailUrl\":\"https:\/\/apexoutboards.com\/wp-content\/uploads\/2021\/12\/175-1-600x450-2.jpg\",\"datePublished\":\"2021-12-21T09:14:56+00:00\",\"dateModified\":\"2023-02-16T16:54:31+00:00\",\"description\":\"Get your product today! The 2019 Suzuki 175 HP DF175APLW2 Outboard Motor will be the best choice for you. Happy shopping!\",\"breadcrumb\":{\"@id\":\"https:\/\/apexoutboards.com\/product\/2019-suzuki-175-hp-df175aplw2-outboard-motor\/#breadcrumb\"},\"inLanguage\":\"de-DE\",\"potentialAction\":[{\"@type\":\"ReadAction\",\"target\":[\"https:\/\/apexoutboards.com\/product\/2019-suzuki-175-hp-df175aplw2-outboard-motor\/\"]}]},{\"@type\":\"ImageObject\",\"inLanguage\":\"de-DE\",\"@id\":\"https:\/\/apexoutboards.com\/product\/2019-suzuki-175-hp-df175aplw2-outboard-motor\/#primaryimage\",\"url\":\"https:\/\/apexoutboards.com\/wp-content\/uploads\/2021\/12\/175-1-600x450-2.jpg\",\"contentUrl\":\"https:\/\/apexoutboards.com\/wp-content\/uploads\/2021\/12\/175-1-600x450-2.jpg\",\"width\":600,\"height\":450,\"caption\":\"2019 Suzuki 175 HP DF175ATLW2 Outboard Motor\"},{\"@type\":\"BreadcrumbList\",\"@id\":\"https:\/\/apexoutboards.com\/product\/2019-suzuki-175-hp-df175aplw2-outboard-motor\/#breadcrumb\",\"itemListElement\":[{\"@type\":\"ListItem\",\"position\":1,\"name\":\"Home\",\"item\":\"https:\/\/apexoutboards.com\/\"},{\"@type\":\"ListItem\",\"position\":2,\"name\":\"Shop\",\"item\":\"https:\/\/apexoutboards.com\/shop\/\"},{\"@type\":\"ListItem\",\"position\":3,\"name\":\"2019 Suzuki 175 HP DF175APLW2 Outboard Motor\"}]},{\"@type\":\"WebSite\",\"@id\":\"https:\/\/apexoutboards.com\/#website\",\"url\":\"https:\/\/apexoutboards.com\/\",\"name\":\"Apex Outboards\",\"description\":\"apexoutboards.com\",\"publisher\":{\"@id\":\"https:\/\/apexoutboards.com\/#organization\"},\"potentialAction\":[{\"@type\":\"SearchAction\",\"target\":{\"@type\":\"EntryPoint\",\"urlTemplate\":\"https:\/\/apexoutboards.com\/?s={search_term_string}\"},\"query-input\":{\"@type\":\"PropertyValueSpecification\",\"valueRequired\":true,\"valueName\":\"search_term_string\"}}],\"inLanguage\":\"de-DE\"},{\"@type\":\"Organization\",\"@id\":\"https:\/\/apexoutboards.com\/#organization\",\"name\":\"Apex Outboards\",\"url\":\"https:\/\/apexoutboards.com\/\",\"logo\":{\"@type\":\"ImageObject\",\"inLanguage\":\"de-DE\",\"@id\":\"https:\/\/apexoutboards.com\/#\/schema\/logo\/image\/\",\"url\":\"https:\/\/apexoutboards.com\/wp-content\/uploads\/2021\/12\/Screenshot_7.png\",\"contentUrl\":\"https:\/\/apexoutboards.com\/wp-content\/uploads\/2021\/12\/Screenshot_7.png\",\"width\":222,\"height\":103,\"caption\":\"Apex Outboards\"},\"image\":{\"@id\":\"https:\/\/apexoutboards.com\/#\/schema\/logo\/image\/\"}}]}<\/script>\n<!-- \/ Yoast SEO plugin. -->","yoast_head_json":{"title":"2019 Suzuki 175 PS DF175APLW2 Au\u00dfenbordmotor","description":"Holen Sie sich Ihr Produkt noch heute! Der 2019 Suzuki 175 HP DF175APLW2 Au\u00dfenbordmotor wird die beste Wahl f\u00fcr Sie sein. Viel Spa\u00df beim Einkaufen!","robots":{"index":"index","follow":"follow","max-snippet":"max-snippet:-1","max-image-preview":"max-image-preview:large","max-video-preview":"max-video-preview:-1"},"canonical":"https:\/\/apexoutboards.com\/de\/produkt\/2019-suzuki-175-hp-df175aplw2-outboard-motor\/","og_locale":"de_DE","og_type":"article","og_title":"2019 Suzuki 175 HP DF175APLW2 Outboard Motor","og_description":"Get your product today! The 2019 Suzuki 175 HP DF175APLW2 Outboard Motor will be the best choice for you. Happy shopping!","og_url":"https:\/\/apexoutboards.com\/de\/produkt\/2019-suzuki-175-hp-df175aplw2-outboard-motor\/","og_site_name":"Apex Outboards","article_modified_time":"2023-02-16T16:54:31+00:00","og_image":[{"width":600,"height":450,"url":"https:\/\/apexoutboards.com\/wp-content\/uploads\/2021\/12\/175-1-600x450-2.jpg","type":"image\/jpeg"}],"twitter_card":"summary_large_image","twitter_misc":{"Gesch\u00e4tzte Lesezeit":"1 minute"},"schema":{"@context":"https:\/\/schema.org","@graph":[{"@type":"WebPage","@id":"https:\/\/apexoutboards.com\/product\/2019-suzuki-175-hp-df175aplw2-outboard-motor\/","url":"https:\/\/apexoutboards.com\/product\/2019-suzuki-175-hp-df175aplw2-outboard-motor\/","name":"2019 Suzuki 175 PS DF175APLW2 Au\u00dfenbordmotor","isPartOf":{"@id":"https:\/\/apexoutboards.com\/#website"},"primaryImageOfPage":{"@id":"https:\/\/apexoutboards.com\/product\/2019-suzuki-175-hp-df175aplw2-outboard-motor\/#primaryimage"},"image":{"@id":"https:\/\/apexoutboards.com\/product\/2019-suzuki-175-hp-df175aplw2-outboard-motor\/#primaryimage"},"thumbnailUrl":"https:\/\/apexoutboards.com\/wp-content\/uploads\/2021\/12\/175-1-600x450-2.jpg","datePublished":"2021-12-21T09:14:56+00:00","dateModified":"2023-02-16T16:54:31+00:00","description":"Holen Sie sich Ihr Produkt noch heute! Der 2019 Suzuki 175 HP DF175APLW2 Au\u00dfenbordmotor wird die beste Wahl f\u00fcr Sie sein. Viel Spa\u00df beim Einkaufen!","breadcrumb":{"@id":"https:\/\/apexoutboards.com\/product\/2019-suzuki-175-hp-df175aplw2-outboard-motor\/#breadcrumb"},"inLanguage":"de-DE","potentialAction":[{"@type":"ReadAction","target":["https:\/\/apexoutboards.com\/product\/2019-suzuki-175-hp-df175aplw2-outboard-motor\/"]}]},{"@type":"ImageObject","inLanguage":"de-DE","@id":"https:\/\/apexoutboards.com\/product\/2019-suzuki-175-hp-df175aplw2-outboard-motor\/#primaryimage","url":"https:\/\/apexoutboards.com\/wp-content\/uploads\/2021\/12\/175-1-600x450-2.jpg","contentUrl":"https:\/\/apexoutboards.com\/wp-content\/uploads\/2021\/12\/175-1-600x450-2.jpg","width":600,"height":450,"caption":"2019 Suzuki 175 HP DF175ATLW2 Outboard Motor"},{"@type":"BreadcrumbList","@id":"https:\/\/apexoutboards.com\/product\/2019-suzuki-175-hp-df175aplw2-outboard-motor\/#breadcrumb","itemListElement":[{"@type":"ListItem","position":1,"name":"Home","item":"https:\/\/apexoutboards.com\/"},{"@type":"ListItem","position":2,"name":"Shop","item":"https:\/\/apexoutboards.com\/shop\/"},{"@type":"ListItem","position":3,"name":"2019 Suzuki 175 HP DF175APLW2 Outboard Motor"}]},{"@type":"WebSite","@id":"https:\/\/apexoutboards.com\/#website","url":"https:\/\/apexoutboards.com\/","name":"Erstklassige Au\u00dfenborder","description":"apexoutboards.com","publisher":{"@id":"https:\/\/apexoutboards.com\/#organization"},"potentialAction":[{"@type":"SearchAction","target":{"@type":"EntryPoint","urlTemplate":"https:\/\/apexoutboards.com\/?s={search_term_string}"},"query-input":{"@type":"PropertyValueSpecification","valueRequired":true,"valueName":"search_term_string"}}],"inLanguage":"de-DE"},{"@type":"Organization","@id":"https:\/\/apexoutboards.com\/#organization","name":"Erstklassige Au\u00dfenborder","url":"https:\/\/apexoutboards.com\/","logo":{"@type":"ImageObject","inLanguage":"de-DE","@id":"https:\/\/apexoutboards.com\/#\/schema\/logo\/image\/","url":"https:\/\/apexoutboards.com\/wp-content\/uploads\/2021\/12\/Screenshot_7.png","contentUrl":"https:\/\/apexoutboards.com\/wp-content\/uploads\/2021\/12\/Screenshot_7.png","width":222,"height":103,"caption":"Apex Outboards"},"image":{"@id":"https:\/\/apexoutboards.com\/#\/schema\/logo\/image\/"}}]}},"jetpack_sharing_enabled":true,"_links":{"self":[{"href":"https:\/\/apexoutboards.com\/de\/wp-json\/wp\/v2\/product\/4667","targetHints":{"allow":["GET"]}}],"collection":[{"href":"https:\/\/apexoutboards.com\/de\/wp-json\/wp\/v2\/product"}],"about":[{"href":"https:\/\/apexoutboards.com\/de\/wp-json\/wp\/v2\/types\/product"}],"replies":[{"embeddable":true,"href":"https:\/\/apexoutboards.com\/de\/wp-json\/wp\/v2\/comments?post=4667"}],"version-history":[{"count":0,"href":"https:\/\/apexoutboards.com\/de\/wp-json\/wp\/v2\/product\/4667\/revisions"}],"wp:featuredmedia":[{"embeddable":true,"href":"https:\/\/apexoutboards.com\/de\/wp-json\/wp\/v2\/media\/4668"}],"wp:attachment":[{"href":"https:\/\/apexoutboards.com\/de\/wp-json\/wp\/v2\/media?parent=4667"}],"wp:term":[{"taxonomy":"product_brand","embeddable":true,"href":"https:\/\/apexoutboards.com\/de\/wp-json\/wp\/v2\/product_brand?post=4667"},{"taxonomy":"product_cat","embeddable":true,"href":"https:\/\/apexoutboards.com\/de\/wp-json\/wp\/v2\/product_cat?post=4667"},{"taxonomy":"product_tag","embeddable":true,"href":"https:\/\/apexoutboards.com\/de\/wp-json\/wp\/v2\/product_tag?post=4667"}],"curies":[{"name":"wp","href":"https:\/\/api.w.org\/{rel}","templated":true}]}}