{"id":4489,"date":"2021-12-21T15:54:55","date_gmt":"2021-12-21T04:54:55","guid":{"rendered":"https:\/\/apexoutboards.com\/?post_type=product&#038;p=4489"},"modified":"2023-02-17T04:03:22","modified_gmt":"2023-02-16T17:03:22","slug":"mercury-verado-300hp-cxxl-outboard-motor-wh","status":"publish","type":"product","link":"https:\/\/apexoutboards.com\/de\/produkt\/mercury-verado-300hp-cxxl-outboard-motor-wh\/","title":{"rendered":"Mercury Verado 300HP CXXL Au\u00dfenbordmotor WH"},"content":{"rendered":"<h2>Mercury Verado 300HP CXXL Au\u00dfenbordmotor WH<\/h2>\n<p class=\"specstitle\">Mercury Verado-Motoren stellen die Spitze des \u00fcberlegenen Designs und der Leistung von Au\u00dfenbordern dar. Verado-Motoren zeichnen sich durch fortschrittliche Technik und raffinierten Betrieb f\u00fcr Bootsbesitzer aus, die keine Kompromisse eingehen wollen. Jede Verado-Funktion wurde entwickelt, um das ultimative, befriedigende Erlebnis auf dem Wasser zu bieten.<\/p>\n<p><strong>Au\u00dfergew\u00f6hnlich sanft und leise:\u00a0<\/strong>Die Advanced MidSection (AMS) verlagert die Motoraufh\u00e4ngungen nach hinten und au\u00dfen, um Vibrationen praktisch zu eliminieren. Die Motorger\u00e4usche werden durch einen abgestimmten Mehrkammer-Lufteinlass, Einspritzd\u00fcsenabdeckungen, die hochfrequente Ger\u00e4usche verringern, und ein hochentwickeltes Abdichtungssystem f\u00fcr die Motorhaube minimiert.<\/p>\n<p><strong>M\u00fchelose Bedienung:\u00a0<\/strong>Die Verado-Au\u00dfenbordmotoren sind serienm\u00e4\u00dfig mit SmartCraft\u00ae Digital Throttle &amp; Shift (DTS) ausgestattet, das f\u00fcr extrem sanftes Schalten und sofortige Gasannahme sorgt, sowie mit einer elektrohydraulischen Servolenkung im Automobilstil, die ein pr\u00e4zises Handling erm\u00f6glicht.<\/p>\n<p><strong>Adaptive Geschwindigkeitsregelung:\u00a0<\/strong>Die adaptive Drehzahlregelung der V8 Verado-Au\u00dfenbordmotoren h\u00e4lt die eingestellte Drehzahl auch bei ver\u00e4nderter Last oder ver\u00e4nderten Bedingungen automatisch aufrecht, ohne dass die Position des Gashebels ver\u00e4ndert werden muss - ein Novum in der Au\u00dfenbordindustrie.<\/p>\n<p><strong>Erweiterte Klangkontrolle:\u00a0<\/strong>\u00c4ndern Sie den Auspuffton eines V8 Verado Au\u00dfenborders mit der branchenweit exklusiven Advanced Sound Control. Das Doppelschalld\u00e4mpfersystem erm\u00f6glicht es dem Benutzer, zwischen einem ultraleisen Modus und einem tieferen, sportlicheren Ton umzuschalten.<\/p>\n<p class=\"specstitle\"><strong>Motor-Spezifikationen<\/strong><\/p>\n<ul class=\"specdetails\">\n<li>Motor Typ: Mercury Verado 300HP Inline 8 Viertakt<\/li>\n<li>Pferdest\u00e4rken: 300HP<\/li>\n<li>Zylinder: V-8<\/li>\n<li>Schaftl\u00e4nge: 30\" (XX-lang)<\/li>\n<li>Lenkung: Digital Throttle Shift<\/li>\n<li>Anlasser: Elektrostart mit Smart Protection<\/li>\n<li>Gewicht: 600 lbs<\/li>\n<li>Vollgas-Bereich: 5200-6000<\/li>\n<li>Verdr\u00e4ngung: 4.6L<\/li>\n<li>Trimm-System: Power Trim &amp; Tilt<\/li>\n<li>Gegenl\u00e4ufige Rotation: Verf\u00fcgbar<\/li>\n<li>Ansaugsystem: EFI<\/li>\n<li>Garantie: Mercury Marine 3-Jahres-Garantie<\/li>\n<\/ul>\n<div style=\"display:none;\">\n\t<a href=\"https:\/\/yoast.com\/\">Yoast<\/a><br \/>\n\t<a href=\"https:\/\/apexoutboards.com\/de\/\">firstclassoutboards<\/a><br \/>\n\t<img decoding=\"async\" src=\"https:\/\/apexoutboards.com\/wp-content\/uploads\/2021\/12\/PNG_Transparent_High-Resolution_300-_Dpi-1-1-1536x650.png\" alt=\"\"><br \/>\n\tApex Outboards ist der gr\u00f6\u00dfte US-amerikanische H\u00e4ndler f\u00fcr Au\u00dfenbordmotoren. Unsere Teammitglieder bieten den besten Kundenservice und das beste technische Wissen aller Au\u00dfenbordmotor-H\u00e4ndler.\n<\/div>","protected":false},"excerpt":{"rendered":"<p><strong>Zustand:<\/strong> Neu<br \/>\n<strong>Versand:<\/strong> Jetzt versandfertig<\/p>\n<p>Wir sind bestrebt, unseren Kunden den besten Service zu bieten. Bitte z\u00f6gern Sie nicht, uns zu kontaktieren, wenn Sie Hilfe ben\u00f6tigen. Alle erhaltenen Informationen werden stets vertraulich behandelt.<\/p>","protected":false},"featured_media":4446,"comment_status":"open","ping_status":"closed","template":"","meta":{"ocean_post_layout":"","ocean_both_sidebars_style":"","ocean_both_sidebars_content_width":0,"ocean_both_sidebars_sidebars_width":0,"ocean_sidebar":"0","ocean_second_sidebar":"0","ocean_disable_margins":"enable","ocean_add_body_class":"","ocean_shortcode_before_top_bar":"","ocean_shortcode_after_top_bar":"","ocean_shortcode_before_header":"","ocean_shortcode_after_header":"","ocean_has_shortcode":"","ocean_shortcode_after_title":"","ocean_shortcode_before_footer_widgets":"","ocean_shortcode_after_footer_widgets":"","ocean_shortcode_before_footer_bottom":"","ocean_shortcode_after_footer_bottom":"","ocean_display_top_bar":"default","ocean_display_header":"default","ocean_header_style":"","ocean_center_header_left_menu":"0","ocean_custom_header_template":"0","ocean_custom_logo":0,"ocean_custom_retina_logo":0,"ocean_custom_logo_max_width":0,"ocean_custom_logo_tablet_max_width":0,"ocean_custom_logo_mobile_max_width":0,"ocean_custom_logo_max_height":0,"ocean_custom_logo_tablet_max_height":0,"ocean_custom_logo_mobile_max_height":0,"ocean_header_custom_menu":"0","ocean_menu_typo_font_family":"0","ocean_menu_typo_font_subset":"","ocean_menu_typo_font_size":0,"ocean_menu_typo_font_size_tablet":0,"ocean_menu_typo_font_size_mobile":0,"ocean_menu_typo_font_size_unit":"px","ocean_menu_typo_font_weight":"","ocean_menu_typo_font_weight_tablet":"","ocean_menu_typo_font_weight_mobile":"","ocean_menu_typo_transform":"","ocean_menu_typo_transform_tablet":"","ocean_menu_typo_transform_mobile":"","ocean_menu_typo_line_height":0,"ocean_menu_typo_line_height_tablet":0,"ocean_menu_typo_line_height_mobile":0,"ocean_menu_typo_line_height_unit":"","ocean_menu_typo_spacing":0,"ocean_menu_typo_spacing_tablet":0,"ocean_menu_typo_spacing_mobile":0,"ocean_menu_typo_spacing_unit":"","ocean_menu_link_color":"","ocean_menu_link_color_hover":"","ocean_menu_link_color_active":"","ocean_menu_link_background":"","ocean_menu_link_hover_background":"","ocean_menu_link_active_background":"","ocean_menu_social_links_bg":"","ocean_menu_social_hover_links_bg":"","ocean_menu_social_links_color":"","ocean_menu_social_hover_links_color":"","ocean_disable_title":"default","ocean_disable_heading":"default","ocean_post_title":"","ocean_post_subheading":"","ocean_post_title_style":"","ocean_post_title_background_color":"","ocean_post_title_background":0,"ocean_post_title_bg_image_position":"","ocean_post_title_bg_image_attachment":"","ocean_post_title_bg_image_repeat":"","ocean_post_title_bg_image_size":"","ocean_post_title_height":0,"ocean_post_title_bg_overlay":0.5,"ocean_post_title_bg_overlay_color":"","ocean_disable_breadcrumbs":"default","ocean_breadcrumbs_color":"","ocean_breadcrumbs_separator_color":"","ocean_breadcrumbs_links_color":"","ocean_breadcrumbs_links_hover_color":"","ocean_display_footer_widgets":"default","ocean_display_footer_bottom":"default","ocean_custom_footer_template":"0"},"product_brand":[],"product_cat":[128,45,174],"product_tag":[],"class_list":{"0":"post-4489","1":"product","2":"type-product","3":"status-publish","4":"has-post-thumbnail","6":"product_cat-300-hp","7":"product_cat-mercury","8":"product_cat-300-hp-mercury-outboard-price","10":"entry","11":"has-media","13":"first","14":"instock","15":"sale","16":"shipping-taxable","17":"purchasable","18":"product-type-simple","19":"has-product-nav","20":"col","21":"span_1_of_4","22":"owp-content-center","23":"owp-thumbs-layout-horizontal","24":"owp-btn-normal","25":"owp-tabs-layout-horizontal","26":"has-no-thumbnails","28":"circle-sale"},"yoast_head":"<!-- This site is optimized with the Yoast SEO plugin v27.2 - https:\/\/yoast.com\/product\/yoast-seo-wordpress\/ -->\n<title>Mercury Verado 300HP CXXL Outboard Motor WH<\/title>\n<meta name=\"description\" content=\"Get your product today! The Mercury Verado 300HP CXXL Outboard Motor WH will be the best choice for you. Happy shopping!\" \/>\n<meta name=\"robots\" content=\"index, follow, max-snippet:-1, max-image-preview:large, max-video-preview:-1\" \/>\n<link rel=\"canonical\" href=\"https:\/\/apexoutboards.com\/de\/produkt\/mercury-verado-300hp-cxxl-outboard-motor-wh\/\" \/>\n<meta property=\"og:locale\" content=\"de_DE\" \/>\n<meta property=\"og:type\" content=\"article\" \/>\n<meta property=\"og:title\" content=\"Mercury Verado 300HP CXXL Outboard Motor WH\" \/>\n<meta property=\"og:description\" content=\"Get your product today! The Mercury Verado 300HP CXXL Outboard Motor WH will be the best choice for you. Happy shopping!\" \/>\n<meta property=\"og:url\" content=\"https:\/\/apexoutboards.com\/de\/produkt\/mercury-verado-300hp-cxxl-outboard-motor-wh\/\" \/>\n<meta property=\"og:site_name\" content=\"Apex Outboards\" \/>\n<meta property=\"article:modified_time\" content=\"2023-02-16T17:03:22+00:00\" \/>\n<meta property=\"og:image\" content=\"https:\/\/apexoutboards.com\/wp-content\/uploads\/2021\/12\/300-1-600x450_jpg.png\" \/>\n\t<meta property=\"og:image:width\" content=\"600\" \/>\n\t<meta property=\"og:image:height\" content=\"450\" \/>\n\t<meta property=\"og:image:type\" content=\"image\/png\" \/>\n<meta name=\"twitter:card\" content=\"summary_large_image\" \/>\n<meta name=\"twitter:label1\" content=\"Gesch\u00e4tzte Lesezeit\" \/>\n\t<meta name=\"twitter:data1\" content=\"1 minute\" \/>\n<script type=\"application\/ld+json\" class=\"yoast-schema-graph\">{\"@context\":\"https:\/\/schema.org\",\"@graph\":[{\"@type\":\"WebPage\",\"@id\":\"https:\/\/apexoutboards.com\/product\/mercury-verado-300hp-cxxl-outboard-motor-wh\/\",\"url\":\"https:\/\/apexoutboards.com\/product\/mercury-verado-300hp-cxxl-outboard-motor-wh\/\",\"name\":\"Mercury Verado 300HP CXXL Outboard Motor WH\",\"isPartOf\":{\"@id\":\"https:\/\/apexoutboards.com\/#website\"},\"primaryImageOfPage\":{\"@id\":\"https:\/\/apexoutboards.com\/product\/mercury-verado-300hp-cxxl-outboard-motor-wh\/#primaryimage\"},\"image\":{\"@id\":\"https:\/\/apexoutboards.com\/product\/mercury-verado-300hp-cxxl-outboard-motor-wh\/#primaryimage\"},\"thumbnailUrl\":\"https:\/\/apexoutboards.com\/wp-content\/uploads\/2021\/12\/300-1-600x450_jpg.png\",\"datePublished\":\"2021-12-21T04:54:55+00:00\",\"dateModified\":\"2023-02-16T17:03:22+00:00\",\"description\":\"Get your product today! The Mercury Verado 300HP CXXL Outboard Motor WH will be the best choice for you. Happy shopping!\",\"breadcrumb\":{\"@id\":\"https:\/\/apexoutboards.com\/product\/mercury-verado-300hp-cxxl-outboard-motor-wh\/#breadcrumb\"},\"inLanguage\":\"de-DE\",\"potentialAction\":[{\"@type\":\"ReadAction\",\"target\":[\"https:\/\/apexoutboards.com\/product\/mercury-verado-300hp-cxxl-outboard-motor-wh\/\"]}]},{\"@type\":\"ImageObject\",\"inLanguage\":\"de-DE\",\"@id\":\"https:\/\/apexoutboards.com\/product\/mercury-verado-300hp-cxxl-outboard-motor-wh\/#primaryimage\",\"url\":\"https:\/\/apexoutboards.com\/wp-content\/uploads\/2021\/12\/300-1-600x450_jpg.png\",\"contentUrl\":\"https:\/\/apexoutboards.com\/wp-content\/uploads\/2021\/12\/300-1-600x450_jpg.png\",\"width\":600,\"height\":450,\"caption\":\"Mercury Verado 300HP XXL Outboard Motor WH\"},{\"@type\":\"BreadcrumbList\",\"@id\":\"https:\/\/apexoutboards.com\/product\/mercury-verado-300hp-cxxl-outboard-motor-wh\/#breadcrumb\",\"itemListElement\":[{\"@type\":\"ListItem\",\"position\":1,\"name\":\"Home\",\"item\":\"https:\/\/apexoutboards.com\/\"},{\"@type\":\"ListItem\",\"position\":2,\"name\":\"Shop\",\"item\":\"https:\/\/apexoutboards.com\/shop\/\"},{\"@type\":\"ListItem\",\"position\":3,\"name\":\"Mercury Verado 300HP CXXL Outboard Motor WH\"}]},{\"@type\":\"WebSite\",\"@id\":\"https:\/\/apexoutboards.com\/#website\",\"url\":\"https:\/\/apexoutboards.com\/\",\"name\":\"Apex Outboards\",\"description\":\"apexoutboards.com\",\"publisher\":{\"@id\":\"https:\/\/apexoutboards.com\/#organization\"},\"potentialAction\":[{\"@type\":\"SearchAction\",\"target\":{\"@type\":\"EntryPoint\",\"urlTemplate\":\"https:\/\/apexoutboards.com\/?s={search_term_string}\"},\"query-input\":{\"@type\":\"PropertyValueSpecification\",\"valueRequired\":true,\"valueName\":\"search_term_string\"}}],\"inLanguage\":\"de-DE\"},{\"@type\":\"Organization\",\"@id\":\"https:\/\/apexoutboards.com\/#organization\",\"name\":\"Apex Outboards\",\"url\":\"https:\/\/apexoutboards.com\/\",\"logo\":{\"@type\":\"ImageObject\",\"inLanguage\":\"de-DE\",\"@id\":\"https:\/\/apexoutboards.com\/#\/schema\/logo\/image\/\",\"url\":\"https:\/\/apexoutboards.com\/wp-content\/uploads\/2021\/12\/Screenshot_7.png\",\"contentUrl\":\"https:\/\/apexoutboards.com\/wp-content\/uploads\/2021\/12\/Screenshot_7.png\",\"width\":222,\"height\":103,\"caption\":\"Apex Outboards\"},\"image\":{\"@id\":\"https:\/\/apexoutboards.com\/#\/schema\/logo\/image\/\"}}]}<\/script>\n<!-- \/ Yoast SEO plugin. -->","yoast_head_json":{"title":"Mercury Verado 300HP CXXL Au\u00dfenbordmotor WH","description":"Get your product today! The Mercury Verado 300HP CXXL Outboard Motor WH will be the best choice for you. Happy shopping!","robots":{"index":"index","follow":"follow","max-snippet":"max-snippet:-1","max-image-preview":"max-image-preview:large","max-video-preview":"max-video-preview:-1"},"canonical":"https:\/\/apexoutboards.com\/de\/produkt\/mercury-verado-300hp-cxxl-outboard-motor-wh\/","og_locale":"de_DE","og_type":"article","og_title":"Mercury Verado 300HP CXXL Outboard Motor WH","og_description":"Get your product today! The Mercury Verado 300HP CXXL Outboard Motor WH will be the best choice for you. Happy shopping!","og_url":"https:\/\/apexoutboards.com\/de\/produkt\/mercury-verado-300hp-cxxl-outboard-motor-wh\/","og_site_name":"Apex Outboards","article_modified_time":"2023-02-16T17:03:22+00:00","og_image":[{"width":600,"height":450,"url":"https:\/\/apexoutboards.com\/wp-content\/uploads\/2021\/12\/300-1-600x450_jpg.png","type":"image\/png"}],"twitter_card":"summary_large_image","twitter_misc":{"Gesch\u00e4tzte Lesezeit":"1 minute"},"schema":{"@context":"https:\/\/schema.org","@graph":[{"@type":"WebPage","@id":"https:\/\/apexoutboards.com\/product\/mercury-verado-300hp-cxxl-outboard-motor-wh\/","url":"https:\/\/apexoutboards.com\/product\/mercury-verado-300hp-cxxl-outboard-motor-wh\/","name":"Mercury Verado 300HP CXXL Au\u00dfenbordmotor WH","isPartOf":{"@id":"https:\/\/apexoutboards.com\/#website"},"primaryImageOfPage":{"@id":"https:\/\/apexoutboards.com\/product\/mercury-verado-300hp-cxxl-outboard-motor-wh\/#primaryimage"},"image":{"@id":"https:\/\/apexoutboards.com\/product\/mercury-verado-300hp-cxxl-outboard-motor-wh\/#primaryimage"},"thumbnailUrl":"https:\/\/apexoutboards.com\/wp-content\/uploads\/2021\/12\/300-1-600x450_jpg.png","datePublished":"2021-12-21T04:54:55+00:00","dateModified":"2023-02-16T17:03:22+00:00","description":"Get your product today! The Mercury Verado 300HP CXXL Outboard Motor WH will be the best choice for you. Happy shopping!","breadcrumb":{"@id":"https:\/\/apexoutboards.com\/product\/mercury-verado-300hp-cxxl-outboard-motor-wh\/#breadcrumb"},"inLanguage":"de-DE","potentialAction":[{"@type":"ReadAction","target":["https:\/\/apexoutboards.com\/product\/mercury-verado-300hp-cxxl-outboard-motor-wh\/"]}]},{"@type":"ImageObject","inLanguage":"de-DE","@id":"https:\/\/apexoutboards.com\/product\/mercury-verado-300hp-cxxl-outboard-motor-wh\/#primaryimage","url":"https:\/\/apexoutboards.com\/wp-content\/uploads\/2021\/12\/300-1-600x450_jpg.png","contentUrl":"https:\/\/apexoutboards.com\/wp-content\/uploads\/2021\/12\/300-1-600x450_jpg.png","width":600,"height":450,"caption":"Mercury Verado 300HP XXL Outboard Motor WH"},{"@type":"BreadcrumbList","@id":"https:\/\/apexoutboards.com\/product\/mercury-verado-300hp-cxxl-outboard-motor-wh\/#breadcrumb","itemListElement":[{"@type":"ListItem","position":1,"name":"Home","item":"https:\/\/apexoutboards.com\/"},{"@type":"ListItem","position":2,"name":"Shop","item":"https:\/\/apexoutboards.com\/shop\/"},{"@type":"ListItem","position":3,"name":"Mercury Verado 300HP CXXL Outboard Motor WH"}]},{"@type":"WebSite","@id":"https:\/\/apexoutboards.com\/#website","url":"https:\/\/apexoutboards.com\/","name":"Erstklassige Au\u00dfenborder","description":"apexoutboards.com","publisher":{"@id":"https:\/\/apexoutboards.com\/#organization"},"potentialAction":[{"@type":"SearchAction","target":{"@type":"EntryPoint","urlTemplate":"https:\/\/apexoutboards.com\/?s={search_term_string}"},"query-input":{"@type":"PropertyValueSpecification","valueRequired":true,"valueName":"search_term_string"}}],"inLanguage":"de-DE"},{"@type":"Organization","@id":"https:\/\/apexoutboards.com\/#organization","name":"Erstklassige Au\u00dfenborder","url":"https:\/\/apexoutboards.com\/","logo":{"@type":"ImageObject","inLanguage":"de-DE","@id":"https:\/\/apexoutboards.com\/#\/schema\/logo\/image\/","url":"https:\/\/apexoutboards.com\/wp-content\/uploads\/2021\/12\/Screenshot_7.png","contentUrl":"https:\/\/apexoutboards.com\/wp-content\/uploads\/2021\/12\/Screenshot_7.png","width":222,"height":103,"caption":"Apex Outboards"},"image":{"@id":"https:\/\/apexoutboards.com\/#\/schema\/logo\/image\/"}}]}},"jetpack_sharing_enabled":true,"_links":{"self":[{"href":"https:\/\/apexoutboards.com\/de\/wp-json\/wp\/v2\/product\/4489","targetHints":{"allow":["GET"]}}],"collection":[{"href":"https:\/\/apexoutboards.com\/de\/wp-json\/wp\/v2\/product"}],"about":[{"href":"https:\/\/apexoutboards.com\/de\/wp-json\/wp\/v2\/types\/product"}],"replies":[{"embeddable":true,"href":"https:\/\/apexoutboards.com\/de\/wp-json\/wp\/v2\/comments?post=4489"}],"version-history":[{"count":0,"href":"https:\/\/apexoutboards.com\/de\/wp-json\/wp\/v2\/product\/4489\/revisions"}],"wp:featuredmedia":[{"embeddable":true,"href":"https:\/\/apexoutboards.com\/de\/wp-json\/wp\/v2\/media\/4446"}],"wp:attachment":[{"href":"https:\/\/apexoutboards.com\/de\/wp-json\/wp\/v2\/media?parent=4489"}],"wp:term":[{"taxonomy":"product_brand","embeddable":true,"href":"https:\/\/apexoutboards.com\/de\/wp-json\/wp\/v2\/product_brand?post=4489"},{"taxonomy":"product_cat","embeddable":true,"href":"https:\/\/apexoutboards.com\/de\/wp-json\/wp\/v2\/product_cat?post=4489"},{"taxonomy":"product_tag","embeddable":true,"href":"https:\/\/apexoutboards.com\/de\/wp-json\/wp\/v2\/product_tag?post=4489"}],"curies":[{"name":"wp","href":"https:\/\/api.w.org\/{rel}","templated":true}]}}