{"id":3985,"date":"2021-12-19T05:57:59","date_gmt":"2021-12-18T18:57:59","guid":{"rendered":"https:\/\/apexoutboards.com\/?post_type=product&#038;p=3985"},"modified":"2023-02-17T04:22:00","modified_gmt":"2023-02-16T17:22:00","slug":"2019-yamaha-225-hp-vf225la-v-max-sho-outboard-motor","status":"publish","type":"product","link":"https:\/\/apexoutboards.com\/de\/produkt\/2019-yamaha-225-hp-vf225la-v-max-sho-outboard-motor\/","title":{"rendered":"2019 Yamaha 225 PS VF225LA V MAX SHO Au\u00dfenbordmotor"},"content":{"rendered":"<h2>2019 Yamaha 225 PS VF225LA V MAX SHO Au\u00dfenbordmotor<\/h2>\n<p class=\"table-title\"><strong>Power &amp; Performance<\/strong><\/p>\n<ul>\n<li>COMPACT &amp; POWERFUL POWERHEAD: Plasma-fused sleeveless cylinders are lighter and 60 percent harder than steel. They also allow us to enlarge cylinder bores without increasing their dimensions &#8211; which creates 4.2 liters of big-bore displacement, without adding weight.<\/li>\n<li>LIGHTWEIGHT: With a re-engineered cowling, engine bracket and lower engine pan, 20-inch-shaft models are a full 34 pounds lighter than their predecessor, the two-stroke V MAX\u00ae Series 2.<\/li>\n<li>SMART DESIGN: Yamaha&#8217;s exclusive In-Bank Exhaust System exits downward through the center of the &#8220;V&#8221; rather than on the exterior side. This increases combustion efficiency, creating more power and torque, and also results in a more compact shape.<\/li>\n<li>OVERALL PERFORMANCE: This superior design&#8211;with individual intake and exhaust camshafts, larger valves than previous designs and four valves per cylinder&#8211;delivers more precise valve timing and more efficient exchange of intake and exhaust gases, for responsive power and increased fuel economy.<\/li>\n<li>RESPONSIVE THROTTLE: Midrange punch and instant throttle response created by Variable Camshaft Timing has to be felt to be believed.<\/li>\n<li>OUTSTANDING FUEL ECONOMY: Micro-textured cylinder walls increase breathing efficiency while Precision Multi-Point Fuel Injection ensures the precise amount of air and fuel necessary for optimum power and fuel efficiency. Together, they make the 4.2 liter big-bore V MAX SHO\u00ae four stroke up to 12% better fuel efficient than our two-stroke V MAX\u00ae Series 2.<\/li>\n<\/ul>\n<p class=\"table-title\"><strong>Zuverl\u00e4ssigkeit und Langlebigkeit<\/strong><\/p>\n<ul>\n<li>CLEANER FUEL: A large, on-engine water separating fuel filter with a water sensor works in conjunction with Yamaha&#8217;s 10-Micron Water Separating Fuel Filter to separate water and contaminants from the fuel before they can reach the outboard&#8217;s other filters and fuel injectors.<\/li>\n<li>CORROSION PROTECTION: Combined with our proprietary alloy (YDC-30), our exclusive Phaze Five\u2122 electro-deposited, anti-corrosive paint system provides a tough, five-layer barrier against corrosion. This protection is standard on all Yamaha V MAX SHO\u00ae four-stroke engines.<\/li>\n<li>LESS MOVING PARTS: A single timing belt uses fewer moving parts for long term reliability. Automatic belt tensioners keep proper belt tension, avoiding adjustments for added convenience.<\/li>\n<li>PROTECTION AND POWER: V MAX SHO\u00ae outboards have an exhaust pressure reduction system, which not only helps keep the propeller hub cooled from hot exhaust gases, but also helps provide power by transitioning those gases out of the engine during the critical hole shot and acceleration phases.<\/li>\n<li>SMOOTH AND QUIET: A labyrinth exhaust routes gases through a maze before they exit above the water line through an idle exhaust relief outlet. This, combined with a muffler-less design, results in unbelievably smooth and quiet operation, with a pleasing sound of power at idle.<\/li>\n<\/ul>\n<p>&nbsp;<\/p>\n<table class=\"table table-bordered\">\n<tbody>\n<tr>\n<td width=\"30%\">HP<\/td>\n<td width=\"70%\">225 PS<\/td>\n<\/tr>\n<tr>\n<td width=\"30%\">Zylinder<\/td>\n<td width=\"70%\">V6<\/td>\n<\/tr>\n<tr>\n<td width=\"30%\">Verdr\u00e4ngung<\/td>\n<td width=\"70%\">4.2L<\/td>\n<\/tr>\n<tr>\n<td width=\"30%\">Start:<\/td>\n<td width=\"70%\">Elektrisch<\/td>\n<\/tr>\n<tr>\n<td width=\"30%\">Kontrolliert<\/td>\n<td width=\"70%\">Fernbedienung<\/td>\n<\/tr>\n<tr>\n<td width=\"30%\">Power Trim &amp; Tilt<\/td>\n<td width=\"70%\">Power Trim &amp; Tilt<\/td>\n<\/tr>\n<tr>\n<td width=\"30%\">Gangschaltung<\/td>\n<td width=\"70%\">Vorw\u00e4rts - Neutral - R\u00fcckw\u00e4rts<\/td>\n<\/tr>\n<tr>\n<td width=\"30%\">Antrieb<\/td>\n<td width=\"70%\">Standard-Drehung<\/td>\n<\/tr>\n<tr>\n<td width=\"30%\">Gewicht<\/td>\n<td width=\"70%\">505<\/td>\n<\/tr>\n<tr>\n<td width=\"30%\">Ausgang der Lichtmaschine<\/td>\n<td width=\"70%\">50 Ampere<\/td>\n<\/tr>\n<tr>\n<td width=\"30%\">Farbe<\/td>\n<td width=\"70%\">Grau<\/td>\n<\/tr>\n<tr>\n<td width=\"30%\">L\u00e4nge der Welle<\/td>\n<td width=\"70%\">20&#8221;<\/td>\n<\/tr>\n<tr>\n<td width=\"30%\">Familie Typ<\/td>\n<td width=\"70%\">4-Takt<\/td>\n<\/tr>\n<tr>\n<td width=\"30%\">Kraftstoff-Induktion<\/td>\n<td width=\"70%\">EFI<\/td>\n<\/tr>\n<\/tbody>\n<\/table>\n<div style=\"display:none;\">\n\t<a href=\"https:\/\/yoast.com\/\">Yoast<\/a><br \/>\n\t<a href=\"https:\/\/apexoutboards.com\/de\/\">firstclassoutboards<\/a><br \/>\n\t<img decoding=\"async\" src=\"https:\/\/apexoutboards.com\/wp-content\/uploads\/2021\/12\/PNG_Transparent_High-Resolution_300-_Dpi-1-1-1536x650.png\" alt=\"\"><br \/>\n\tApex Outboards ist der gr\u00f6\u00dfte US-amerikanische H\u00e4ndler f\u00fcr Au\u00dfenbordmotoren. Unsere Teammitglieder bieten den besten Kundenservice und das beste technische Wissen aller Au\u00dfenbordmotor-H\u00e4ndler.\n<\/div>","protected":false},"excerpt":{"rendered":"<p><strong>Zustand:<\/strong> Neu<br \/>\n<strong>Versand:<\/strong> Jetzt versandfertig<\/p>\n<p>Wir sind bestrebt, unseren Kunden den besten Service zu bieten. Bitte z\u00f6gern Sie nicht, uns zu kontaktieren, wenn Sie Hilfe ben\u00f6tigen. Alle erhaltenen Informationen werden stets vertraulich behandelt.<\/p>","protected":false},"featured_media":3987,"comment_status":"open","ping_status":"closed","template":"","meta":{"ocean_post_layout":"","ocean_both_sidebars_style":"","ocean_both_sidebars_content_width":0,"ocean_both_sidebars_sidebars_width":0,"ocean_sidebar":"0","ocean_second_sidebar":"0","ocean_disable_margins":"enable","ocean_add_body_class":"","ocean_shortcode_before_top_bar":"","ocean_shortcode_after_top_bar":"","ocean_shortcode_before_header":"","ocean_shortcode_after_header":"","ocean_has_shortcode":"","ocean_shortcode_after_title":"","ocean_shortcode_before_footer_widgets":"","ocean_shortcode_after_footer_widgets":"","ocean_shortcode_before_footer_bottom":"","ocean_shortcode_after_footer_bottom":"","ocean_display_top_bar":"default","ocean_display_header":"default","ocean_header_style":"","ocean_center_header_left_menu":"0","ocean_custom_header_template":"0","ocean_custom_logo":0,"ocean_custom_retina_logo":0,"ocean_custom_logo_max_width":0,"ocean_custom_logo_tablet_max_width":0,"ocean_custom_logo_mobile_max_width":0,"ocean_custom_logo_max_height":0,"ocean_custom_logo_tablet_max_height":0,"ocean_custom_logo_mobile_max_height":0,"ocean_header_custom_menu":"0","ocean_menu_typo_font_family":"0","ocean_menu_typo_font_subset":"","ocean_menu_typo_font_size":0,"ocean_menu_typo_font_size_tablet":0,"ocean_menu_typo_font_size_mobile":0,"ocean_menu_typo_font_size_unit":"px","ocean_menu_typo_font_weight":"","ocean_menu_typo_font_weight_tablet":"","ocean_menu_typo_font_weight_mobile":"","ocean_menu_typo_transform":"","ocean_menu_typo_transform_tablet":"","ocean_menu_typo_transform_mobile":"","ocean_menu_typo_line_height":0,"ocean_menu_typo_line_height_tablet":0,"ocean_menu_typo_line_height_mobile":0,"ocean_menu_typo_line_height_unit":"","ocean_menu_typo_spacing":0,"ocean_menu_typo_spacing_tablet":0,"ocean_menu_typo_spacing_mobile":0,"ocean_menu_typo_spacing_unit":"","ocean_menu_link_color":"","ocean_menu_link_color_hover":"","ocean_menu_link_color_active":"","ocean_menu_link_background":"","ocean_menu_link_hover_background":"","ocean_menu_link_active_background":"","ocean_menu_social_links_bg":"","ocean_menu_social_hover_links_bg":"","ocean_menu_social_links_color":"","ocean_menu_social_hover_links_color":"","ocean_disable_title":"default","ocean_disable_heading":"default","ocean_post_title":"","ocean_post_subheading":"","ocean_post_title_style":"","ocean_post_title_background_color":"","ocean_post_title_background":0,"ocean_post_title_bg_image_position":"","ocean_post_title_bg_image_attachment":"","ocean_post_title_bg_image_repeat":"","ocean_post_title_bg_image_size":"","ocean_post_title_height":0,"ocean_post_title_bg_overlay":0.5,"ocean_post_title_bg_overlay_color":"","ocean_disable_breadcrumbs":"default","ocean_breadcrumbs_color":"","ocean_breadcrumbs_separator_color":"","ocean_breadcrumbs_links_color":"","ocean_breadcrumbs_links_hover_color":"","ocean_display_footer_widgets":"default","ocean_display_footer_bottom":"default","ocean_custom_footer_template":"0"},"product_brand":[],"product_cat":[130,125,149],"product_tag":[],"class_list":{"0":"post-3985","1":"product","2":"type-product","3":"status-publish","4":"has-post-thumbnail","6":"product_cat-225-hp","7":"product_cat-yamaha","8":"product_cat-yamaha-225-hp","10":"entry","11":"has-media","13":"first","14":"instock","15":"sale","16":"shipping-taxable","17":"purchasable","18":"product-type-simple","19":"has-product-nav","20":"col","21":"span_1_of_4","22":"owp-content-center","23":"owp-thumbs-layout-horizontal","24":"owp-btn-normal","25":"owp-tabs-layout-horizontal","26":"has-no-thumbnails","28":"circle-sale"},"yoast_head":"<!-- This site is optimized with the Yoast SEO plugin v27.2 - https:\/\/yoast.com\/product\/yoast-seo-wordpress\/ -->\n<title>2019 Yamaha 225 HP VF225LA V MAX SHO Outboard Motor<\/title>\n<meta name=\"description\" content=\"Get your product today! The 2019 Yamaha 225 HP VF225LA V MAX SHO Outboard Motor will be the best choice for you. Happy shopping!\" \/>\n<meta name=\"robots\" content=\"index, follow, max-snippet:-1, max-image-preview:large, max-video-preview:-1\" \/>\n<link rel=\"canonical\" href=\"https:\/\/apexoutboards.com\/de\/produkt\/2019-yamaha-225-hp-vf225la-v-max-sho-outboard-motor\/\" \/>\n<meta property=\"og:locale\" content=\"de_DE\" \/>\n<meta property=\"og:type\" content=\"article\" \/>\n<meta property=\"og:title\" content=\"2019 Yamaha 225 HP VF225LA V MAX SHO Outboard Motor\" \/>\n<meta property=\"og:description\" content=\"Get your product today! The 2019 Yamaha 225 HP VF225LA V MAX SHO Outboard Motor will be the best choice for you. Happy shopping!\" \/>\n<meta property=\"og:url\" content=\"https:\/\/apexoutboards.com\/de\/produkt\/2019-yamaha-225-hp-vf225la-v-max-sho-outboard-motor\/\" \/>\n<meta property=\"og:site_name\" content=\"Apex Outboards\" \/>\n<meta property=\"article:modified_time\" content=\"2023-02-16T17:22:00+00:00\" \/>\n<meta property=\"og:image\" content=\"https:\/\/apexoutboards.com\/wp-content\/uploads\/2021\/12\/225-600x450_jpg.png\" \/>\n\t<meta property=\"og:image:width\" content=\"600\" \/>\n\t<meta property=\"og:image:height\" content=\"450\" \/>\n\t<meta property=\"og:image:type\" content=\"image\/png\" \/>\n<meta name=\"twitter:card\" content=\"summary_large_image\" \/>\n<meta name=\"twitter:label1\" content=\"Gesch\u00e4tzte Lesezeit\" \/>\n\t<meta name=\"twitter:data1\" content=\"2 minutes\" \/>\n<script type=\"application\/ld+json\" class=\"yoast-schema-graph\">{\"@context\":\"https:\/\/schema.org\",\"@graph\":[{\"@type\":\"WebPage\",\"@id\":\"https:\/\/apexoutboards.com\/product\/2019-yamaha-225-hp-vf225la-v-max-sho-outboard-motor\/\",\"url\":\"https:\/\/apexoutboards.com\/product\/2019-yamaha-225-hp-vf225la-v-max-sho-outboard-motor\/\",\"name\":\"2019 Yamaha 225 HP VF225LA V MAX SHO Outboard Motor\",\"isPartOf\":{\"@id\":\"https:\/\/apexoutboards.com\/#website\"},\"primaryImageOfPage\":{\"@id\":\"https:\/\/apexoutboards.com\/product\/2019-yamaha-225-hp-vf225la-v-max-sho-outboard-motor\/#primaryimage\"},\"image\":{\"@id\":\"https:\/\/apexoutboards.com\/product\/2019-yamaha-225-hp-vf225la-v-max-sho-outboard-motor\/#primaryimage\"},\"thumbnailUrl\":\"https:\/\/apexoutboards.com\/wp-content\/uploads\/2021\/12\/225-600x450_jpg.png\",\"datePublished\":\"2021-12-18T18:57:59+00:00\",\"dateModified\":\"2023-02-16T17:22:00+00:00\",\"description\":\"Get your product today! The 2019 Yamaha 225 HP VF225LA V MAX SHO Outboard Motor will be the best choice for you. Happy shopping!\",\"breadcrumb\":{\"@id\":\"https:\/\/apexoutboards.com\/product\/2019-yamaha-225-hp-vf225la-v-max-sho-outboard-motor\/#breadcrumb\"},\"inLanguage\":\"de-DE\",\"potentialAction\":[{\"@type\":\"ReadAction\",\"target\":[\"https:\/\/apexoutboards.com\/product\/2019-yamaha-225-hp-vf225la-v-max-sho-outboard-motor\/\"]}]},{\"@type\":\"ImageObject\",\"inLanguage\":\"de-DE\",\"@id\":\"https:\/\/apexoutboards.com\/product\/2019-yamaha-225-hp-vf225la-v-max-sho-outboard-motor\/#primaryimage\",\"url\":\"https:\/\/apexoutboards.com\/wp-content\/uploads\/2021\/12\/225-600x450_jpg.png\",\"contentUrl\":\"https:\/\/apexoutboards.com\/wp-content\/uploads\/2021\/12\/225-600x450_jpg.png\",\"width\":600,\"height\":450},{\"@type\":\"BreadcrumbList\",\"@id\":\"https:\/\/apexoutboards.com\/product\/2019-yamaha-225-hp-vf225la-v-max-sho-outboard-motor\/#breadcrumb\",\"itemListElement\":[{\"@type\":\"ListItem\",\"position\":1,\"name\":\"Home\",\"item\":\"https:\/\/apexoutboards.com\/\"},{\"@type\":\"ListItem\",\"position\":2,\"name\":\"Shop\",\"item\":\"https:\/\/apexoutboards.com\/shop\/\"},{\"@type\":\"ListItem\",\"position\":3,\"name\":\"2019 Yamaha 225 HP VF225LA V MAX SHO Outboard Motor\"}]},{\"@type\":\"WebSite\",\"@id\":\"https:\/\/apexoutboards.com\/#website\",\"url\":\"https:\/\/apexoutboards.com\/\",\"name\":\"Apex Outboards\",\"description\":\"apexoutboards.com\",\"publisher\":{\"@id\":\"https:\/\/apexoutboards.com\/#organization\"},\"potentialAction\":[{\"@type\":\"SearchAction\",\"target\":{\"@type\":\"EntryPoint\",\"urlTemplate\":\"https:\/\/apexoutboards.com\/?s={search_term_string}\"},\"query-input\":{\"@type\":\"PropertyValueSpecification\",\"valueRequired\":true,\"valueName\":\"search_term_string\"}}],\"inLanguage\":\"de-DE\"},{\"@type\":\"Organization\",\"@id\":\"https:\/\/apexoutboards.com\/#organization\",\"name\":\"Apex Outboards\",\"url\":\"https:\/\/apexoutboards.com\/\",\"logo\":{\"@type\":\"ImageObject\",\"inLanguage\":\"de-DE\",\"@id\":\"https:\/\/apexoutboards.com\/#\/schema\/logo\/image\/\",\"url\":\"https:\/\/apexoutboards.com\/wp-content\/uploads\/2021\/12\/Screenshot_7.png\",\"contentUrl\":\"https:\/\/apexoutboards.com\/wp-content\/uploads\/2021\/12\/Screenshot_7.png\",\"width\":222,\"height\":103,\"caption\":\"Apex Outboards\"},\"image\":{\"@id\":\"https:\/\/apexoutboards.com\/#\/schema\/logo\/image\/\"}}]}<\/script>\n<!-- \/ Yoast SEO plugin. -->","yoast_head_json":{"title":"2019 Yamaha 225 PS VF225LA V MAX SHO Au\u00dfenbordmotor","description":"Get your product today! The 2019 Yamaha 225 HP VF225LA V MAX SHO Outboard Motor will be the best choice for you. Happy shopping!","robots":{"index":"index","follow":"follow","max-snippet":"max-snippet:-1","max-image-preview":"max-image-preview:large","max-video-preview":"max-video-preview:-1"},"canonical":"https:\/\/apexoutboards.com\/de\/produkt\/2019-yamaha-225-hp-vf225la-v-max-sho-outboard-motor\/","og_locale":"de_DE","og_type":"article","og_title":"2019 Yamaha 225 HP VF225LA V MAX SHO Outboard Motor","og_description":"Get your product today! The 2019 Yamaha 225 HP VF225LA V MAX SHO Outboard Motor will be the best choice for you. Happy shopping!","og_url":"https:\/\/apexoutboards.com\/de\/produkt\/2019-yamaha-225-hp-vf225la-v-max-sho-outboard-motor\/","og_site_name":"Apex Outboards","article_modified_time":"2023-02-16T17:22:00+00:00","og_image":[{"width":600,"height":450,"url":"https:\/\/apexoutboards.com\/wp-content\/uploads\/2021\/12\/225-600x450_jpg.png","type":"image\/png"}],"twitter_card":"summary_large_image","twitter_misc":{"Gesch\u00e4tzte Lesezeit":"2 minutes"},"schema":{"@context":"https:\/\/schema.org","@graph":[{"@type":"WebPage","@id":"https:\/\/apexoutboards.com\/product\/2019-yamaha-225-hp-vf225la-v-max-sho-outboard-motor\/","url":"https:\/\/apexoutboards.com\/product\/2019-yamaha-225-hp-vf225la-v-max-sho-outboard-motor\/","name":"2019 Yamaha 225 PS VF225LA V MAX SHO Au\u00dfenbordmotor","isPartOf":{"@id":"https:\/\/apexoutboards.com\/#website"},"primaryImageOfPage":{"@id":"https:\/\/apexoutboards.com\/product\/2019-yamaha-225-hp-vf225la-v-max-sho-outboard-motor\/#primaryimage"},"image":{"@id":"https:\/\/apexoutboards.com\/product\/2019-yamaha-225-hp-vf225la-v-max-sho-outboard-motor\/#primaryimage"},"thumbnailUrl":"https:\/\/apexoutboards.com\/wp-content\/uploads\/2021\/12\/225-600x450_jpg.png","datePublished":"2021-12-18T18:57:59+00:00","dateModified":"2023-02-16T17:22:00+00:00","description":"Get your product today! The 2019 Yamaha 225 HP VF225LA V MAX SHO Outboard Motor will be the best choice for you. Happy shopping!","breadcrumb":{"@id":"https:\/\/apexoutboards.com\/product\/2019-yamaha-225-hp-vf225la-v-max-sho-outboard-motor\/#breadcrumb"},"inLanguage":"de-DE","potentialAction":[{"@type":"ReadAction","target":["https:\/\/apexoutboards.com\/product\/2019-yamaha-225-hp-vf225la-v-max-sho-outboard-motor\/"]}]},{"@type":"ImageObject","inLanguage":"de-DE","@id":"https:\/\/apexoutboards.com\/product\/2019-yamaha-225-hp-vf225la-v-max-sho-outboard-motor\/#primaryimage","url":"https:\/\/apexoutboards.com\/wp-content\/uploads\/2021\/12\/225-600x450_jpg.png","contentUrl":"https:\/\/apexoutboards.com\/wp-content\/uploads\/2021\/12\/225-600x450_jpg.png","width":600,"height":450},{"@type":"BreadcrumbList","@id":"https:\/\/apexoutboards.com\/product\/2019-yamaha-225-hp-vf225la-v-max-sho-outboard-motor\/#breadcrumb","itemListElement":[{"@type":"ListItem","position":1,"name":"Home","item":"https:\/\/apexoutboards.com\/"},{"@type":"ListItem","position":2,"name":"Shop","item":"https:\/\/apexoutboards.com\/shop\/"},{"@type":"ListItem","position":3,"name":"2019 Yamaha 225 HP VF225LA V MAX SHO Outboard Motor"}]},{"@type":"WebSite","@id":"https:\/\/apexoutboards.com\/#website","url":"https:\/\/apexoutboards.com\/","name":"Erstklassige Au\u00dfenborder","description":"apexoutboards.com","publisher":{"@id":"https:\/\/apexoutboards.com\/#organization"},"potentialAction":[{"@type":"SearchAction","target":{"@type":"EntryPoint","urlTemplate":"https:\/\/apexoutboards.com\/?s={search_term_string}"},"query-input":{"@type":"PropertyValueSpecification","valueRequired":true,"valueName":"search_term_string"}}],"inLanguage":"de-DE"},{"@type":"Organization","@id":"https:\/\/apexoutboards.com\/#organization","name":"Erstklassige Au\u00dfenborder","url":"https:\/\/apexoutboards.com\/","logo":{"@type":"ImageObject","inLanguage":"de-DE","@id":"https:\/\/apexoutboards.com\/#\/schema\/logo\/image\/","url":"https:\/\/apexoutboards.com\/wp-content\/uploads\/2021\/12\/Screenshot_7.png","contentUrl":"https:\/\/apexoutboards.com\/wp-content\/uploads\/2021\/12\/Screenshot_7.png","width":222,"height":103,"caption":"Apex Outboards"},"image":{"@id":"https:\/\/apexoutboards.com\/#\/schema\/logo\/image\/"}}]}},"jetpack_sharing_enabled":true,"_links":{"self":[{"href":"https:\/\/apexoutboards.com\/de\/wp-json\/wp\/v2\/product\/3985","targetHints":{"allow":["GET"]}}],"collection":[{"href":"https:\/\/apexoutboards.com\/de\/wp-json\/wp\/v2\/product"}],"about":[{"href":"https:\/\/apexoutboards.com\/de\/wp-json\/wp\/v2\/types\/product"}],"replies":[{"embeddable":true,"href":"https:\/\/apexoutboards.com\/de\/wp-json\/wp\/v2\/comments?post=3985"}],"version-history":[{"count":0,"href":"https:\/\/apexoutboards.com\/de\/wp-json\/wp\/v2\/product\/3985\/revisions"}],"wp:featuredmedia":[{"embeddable":true,"href":"https:\/\/apexoutboards.com\/de\/wp-json\/wp\/v2\/media\/3987"}],"wp:attachment":[{"href":"https:\/\/apexoutboards.com\/de\/wp-json\/wp\/v2\/media?parent=3985"}],"wp:term":[{"taxonomy":"product_brand","embeddable":true,"href":"https:\/\/apexoutboards.com\/de\/wp-json\/wp\/v2\/product_brand?post=3985"},{"taxonomy":"product_cat","embeddable":true,"href":"https:\/\/apexoutboards.com\/de\/wp-json\/wp\/v2\/product_cat?post=3985"},{"taxonomy":"product_tag","embeddable":true,"href":"https:\/\/apexoutboards.com\/de\/wp-json\/wp\/v2\/product_tag?post=3985"}],"curies":[{"name":"wp","href":"https:\/\/api.w.org\/{rel}","templated":true}]}}