{"id":3863,"date":"2021-12-19T03:34:46","date_gmt":"2021-12-18T16:34:46","guid":{"rendered":"https:\/\/apexoutboards.com\/?post_type=product&#038;p=3863"},"modified":"2023-02-17T04:31:30","modified_gmt":"2023-02-16T17:31:30","slug":"2019-yamaha-115-hp-f115xb-outboard-motor","status":"publish","type":"product","link":"https:\/\/apexoutboards.com\/de\/produkt\/2019-yamaha-115-hp-f115xb-outboard-motor\/","title":{"rendered":"2019 Yamaha 115 PS F115XB Au\u00dfenbordmotor"},"content":{"rendered":"<h2>2019 Yamaha 115 PS F115XB Au\u00dfenbordmotor<\/h2>\n<p><strong>LEICHTER UND KOMPAKTER<\/strong><\/p>\n<p>Mit 377 Pfund ist die neue F115B um 24 Pfund leichter als die vorherige Generation (F115LA). Die Gewichtseinsparungen sind auf eine Vielzahl neuer Materialien zur\u00fcckzuf\u00fchren, wie z. B. eine Unterschale und Motorhaube aus Verbundwerkstoff, einen Trimm- und Neigemechanismus mit einem einzigen Zylinder und eine neue, leichte Halterung.<\/p>\n<p><strong>MEHR ST\u00c4RKE<\/strong><\/p>\n<p>Das Triebwerk der F115 ist komplett neu, mit vergr\u00f6\u00dferter Bohrung und gr\u00f6\u00dferem Hub, der nun volle 1,8 Liter betr\u00e4gt. Gleichzeitig erh\u00e4lt dieser DOHC-Vierzylinder gr\u00f6\u00dfere Einlass- und Auslassventile f\u00fcr leichtere Atmung, mehr Leistung und besseres Drehmoment im mittleren Drehzahlbereich. Erg\u00e4nzt werden die neuen Ventile und der Zylinderkopf durch eine neue 60-mm-Einzeldrosselklappe mit Yamahas langem Ansaugtrakt und einen neuen Auspuffkr\u00fcmmer mit freier Str\u00f6mung. Das Verdichtungsverh\u00e4ltnis wurde erh\u00f6ht, ebenso wie der Vollgas-Drehzahlbereich: 5.300 bis 6.300. Ein Klopfsensor, ein unerwartetes Merkmal in dieser Klasse von Au\u00dfenbordern, erm\u00f6glicht es dem Motor, konstant mit H\u00f6chstleistung zu arbeiten. Das Ergebnis ist eine hervorragende Beschleunigung und eine um 0,7 Sekunden schnellere Zeit von Null auf 100 Meter als beim F115A.<\/p>\n<p><strong>VERSATILE<\/strong><\/p>\n<p>Der F115 ist genau das Richtige f\u00fcr so viele Bootstypen: Pontons, Buchtboote, Fish'n'Skis, Sportboote, tiefe V-Aluminiumboote, RIB-Schlauchboote und mehr. Seine leichte, hochfeste Halterung nutzt die gleichen Befestigungsl\u00f6cher wie die meisten anderen Au\u00dfenbordmotoren. Er ist in drei Modellen erh\u00e4ltlich und kann sowohl f\u00fcr die Fernsteuerung als auch f\u00fcr die Verwendung mit einer Pinnensteuerung ausger\u00fcstet werden. Wie sein gro\u00dfer Bruder, der F150, ist der F115 sowohl mit Links- als auch mit Rechtsdrehung f\u00fcr den Einsatz in Zwillingsanwendungen erh\u00e4ltlich.<\/p>\n<p><strong>BESSERE ABRECHNUNG<\/strong><\/p>\n<p>Die neue Lichtmaschine liefert mehr Leistung als zuvor: 35 Ampere bei Vollgas (im Vergleich zu 24 Ampere bei der vorherigen F115) und volle 28 Ampere bei nur 1.000 U\/min.<\/p>\n<p><strong>QUIET<\/strong><\/p>\n<p>Der F115 wurde f\u00fcr verbesserte Laufruhe und leisen Betrieb entwickelt und verf\u00fcgt \u00fcber eine v\u00f6llig neue Auspuffanlage sowie reduzierte Vibrationen dank eines harmonisierten Schwungrads mit tr\u00e4ger Masse und gro\u00dfvolumigen Gummimotorlagern. Yamaha hat auch eine neue Reihe von SDSTM-Propellern speziell f\u00fcr diesen Au\u00dfenborder entwickelt. Diese neuen Propeller, die mit dem exklusiven Yamaha Shift Dampener System ausgestattet sind, sorgen f\u00fcr einen ruhigen und leisen Betrieb und erf\u00fcllen die Leistungsanforderungen des neuen Yamaha F115B perfekt - sowohl beim Schalten als auch im Gang. Die TalonTM genannten neuen Props reichen von 9 bis 16 Zoll und sind ideal f\u00fcr eine Vielzahl von Anwendungen. Nat\u00fcrlich sind im Rahmen von Yamahas Endless Propeller Solutions auch zahlreiche konventionelle Propeller aus Aluminium und Edelstahl erh\u00e4ltlich.<\/p>\n<p>&nbsp;<\/p>\n<p><strong>Merkmale k\u00f6nnen sein:<\/strong><\/p>\n<ul role=\"presentation\">\n<li role=\"presentation\">1.832 ccm 16-Big-Valve DOHC-Reihenvierzylinder 4-Takt<\/li>\n<\/ul>\n<ul role=\"presentation\">\n<li role=\"presentation\">Wiegt nur 174 kg - klassenf\u00fchrendes Leistungsgewicht<\/li>\n<\/ul>\n<ul role=\"presentation\">\n<li role=\"presentation\">EFI - saubere, effiziente Leistung und Zuverl\u00e4ssigkeit<\/li>\n<\/ul>\n<ul role=\"presentation\">\n<li role=\"presentation\">Obere Motorhaube der neuesten Generation - schlank und kompakt<\/li>\n<\/ul>\n<ul role=\"presentation\">\n<li role=\"presentation\">Kompatibel mit dem Yamaha Digital Network System<\/li>\n<\/ul>\n<ul role=\"presentation\">\n<li role=\"presentation\">Variable Trolling-Drehzahlregelung - f\u00fcr entspanntes Bootfahren<\/li>\n<\/ul>\n<ul role=\"presentation\">\n<li role=\"presentation\">Exklusives Y-COP-Wegfahrsperre\/Fernbedienungssicherheitssystem<\/li>\n<\/ul>\n<ul role=\"presentation\">\n<li role=\"presentation\">35A High Output Lichtmaschine - zus\u00e4tzliche Startleistung<\/li>\n<\/ul>\n<ul role=\"presentation\">\n<li role=\"presentation\">Shallow Water Drive f\u00fcr k\u00fcstennahe Fahrten<\/li>\n<\/ul>\n<ul role=\"presentation\">\n<li role=\"presentation\">Propeller der TALON-Serie - d\u00e4mpft L\u00e4rm und Vibrationen<\/li>\n<\/ul>\n<p>&nbsp;<\/p>\n<p class=\"specstitle\"><strong>Motor-Spezifikationen<\/strong><\/p>\n<ul class=\"specdetails\">\n<li>Motor Typ: Yamaha F115XB Viertakt<\/li>\n<li>Pferdest\u00e4rken: 115 hp<\/li>\n<li>Zylinder: 4 Zyl.<\/li>\n<li>Schaftl\u00e4nge: 25\u2033<\/li>\n<li>Lenkung: Remote Mech<\/li>\n<li>Anlasser: Elektrisch<\/li>\n<li>Gewicht: 386 lbs<\/li>\n<li>Vollgas-Bereich: 5300 - 6300 U\/min<\/li>\n<li>Verdr\u00e4ngung: 1832 cm\u00b3<\/li>\n<li>Ansaugsystem: EFI<\/li>\n<li>Garantie: 3 Jahre<\/li>\n<\/ul>\n<div style=\"display:none;\">\n\t<a href=\"https:\/\/yoast.com\/\">Yoast<\/a><br \/>\n\t<a href=\"https:\/\/apexoutboards.com\/de\/\">firstclassoutboards<\/a><br \/>\n\t<img decoding=\"async\" src=\"https:\/\/apexoutboards.com\/wp-content\/uploads\/2021\/12\/PNG_Transparent_High-Resolution_300-_Dpi-1-1-1536x650.png\" alt=\"\"><br \/>\n\tApex Outboards ist der gr\u00f6\u00dfte US-amerikanische H\u00e4ndler f\u00fcr Au\u00dfenbordmotoren. Unsere Teammitglieder bieten den besten Kundenservice und das beste technische Wissen aller Au\u00dfenbordmotor-H\u00e4ndler.\n<\/div>","protected":false},"excerpt":{"rendered":"<p><strong>Zustand:<\/strong> Neu<br \/>\n<strong>Versand:<\/strong> Jetzt versandfertig<\/p>\n<p>Wir sind bestrebt, unseren Kunden den besten Service zu bieten. Bitte z\u00f6gern Sie nicht, uns zu kontaktieren, wenn Sie Hilfe ben\u00f6tigen. Alle erhaltenen Informationen werden stets vertraulich behandelt.<\/p>","protected":false},"featured_media":3860,"comment_status":"open","ping_status":"closed","template":"","meta":{"ocean_post_layout":"","ocean_both_sidebars_style":"","ocean_both_sidebars_content_width":0,"ocean_both_sidebars_sidebars_width":0,"ocean_sidebar":"0","ocean_second_sidebar":"0","ocean_disable_margins":"enable","ocean_add_body_class":"","ocean_shortcode_before_top_bar":"","ocean_shortcode_after_top_bar":"","ocean_shortcode_before_header":"","ocean_shortcode_after_header":"","ocean_has_shortcode":"","ocean_shortcode_after_title":"","ocean_shortcode_before_footer_widgets":"","ocean_shortcode_after_footer_widgets":"","ocean_shortcode_before_footer_bottom":"","ocean_shortcode_after_footer_bottom":"","ocean_display_top_bar":"default","ocean_display_header":"default","ocean_header_style":"","ocean_center_header_left_menu":"0","ocean_custom_header_template":"0","ocean_custom_logo":0,"ocean_custom_retina_logo":0,"ocean_custom_logo_max_width":0,"ocean_custom_logo_tablet_max_width":0,"ocean_custom_logo_mobile_max_width":0,"ocean_custom_logo_max_height":0,"ocean_custom_logo_tablet_max_height":0,"ocean_custom_logo_mobile_max_height":0,"ocean_header_custom_menu":"0","ocean_menu_typo_font_family":"0","ocean_menu_typo_font_subset":"","ocean_menu_typo_font_size":0,"ocean_menu_typo_font_size_tablet":0,"ocean_menu_typo_font_size_mobile":0,"ocean_menu_typo_font_size_unit":"px","ocean_menu_typo_font_weight":"","ocean_menu_typo_font_weight_tablet":"","ocean_menu_typo_font_weight_mobile":"","ocean_menu_typo_transform":"","ocean_menu_typo_transform_tablet":"","ocean_menu_typo_transform_mobile":"","ocean_menu_typo_line_height":0,"ocean_menu_typo_line_height_tablet":0,"ocean_menu_typo_line_height_mobile":0,"ocean_menu_typo_line_height_unit":"","ocean_menu_typo_spacing":0,"ocean_menu_typo_spacing_tablet":0,"ocean_menu_typo_spacing_mobile":0,"ocean_menu_typo_spacing_unit":"","ocean_menu_link_color":"","ocean_menu_link_color_hover":"","ocean_menu_link_color_active":"","ocean_menu_link_background":"","ocean_menu_link_hover_background":"","ocean_menu_link_active_background":"","ocean_menu_social_links_bg":"","ocean_menu_social_hover_links_bg":"","ocean_menu_social_links_color":"","ocean_menu_social_hover_links_color":"","ocean_disable_title":"default","ocean_disable_heading":"default","ocean_post_title":"","ocean_post_subheading":"","ocean_post_title_style":"","ocean_post_title_background_color":"","ocean_post_title_background":0,"ocean_post_title_bg_image_position":"","ocean_post_title_bg_image_attachment":"","ocean_post_title_bg_image_repeat":"","ocean_post_title_bg_image_size":"","ocean_post_title_height":0,"ocean_post_title_bg_overlay":0.5,"ocean_post_title_bg_overlay_color":"","ocean_disable_breadcrumbs":"default","ocean_breadcrumbs_color":"","ocean_breadcrumbs_separator_color":"","ocean_breadcrumbs_links_color":"","ocean_breadcrumbs_links_hover_color":"","ocean_display_footer_widgets":"default","ocean_display_footer_bottom":"default","ocean_custom_footer_template":"0"},"product_brand":[],"product_cat":[134,125,153],"product_tag":[],"class_list":{"0":"post-3863","1":"product","2":"type-product","3":"status-publish","4":"has-post-thumbnail","6":"product_cat-115-hp","7":"product_cat-yamaha","8":"product_cat-yamaha-115-hp","10":"entry","11":"has-media","13":"first","14":"instock","15":"sale","16":"shipping-taxable","17":"purchasable","18":"product-type-simple","19":"has-product-nav","20":"col","21":"span_1_of_4","22":"owp-content-center","23":"owp-thumbs-layout-horizontal","24":"owp-btn-normal","25":"owp-tabs-layout-horizontal","26":"has-no-thumbnails","28":"circle-sale"},"yoast_head":"<!-- This site is optimized with the Yoast SEO plugin v27.2 - https:\/\/yoast.com\/product\/yoast-seo-wordpress\/ -->\n<title>2019 Yamaha 115 HP F115XB Outboard Motor<\/title>\n<meta name=\"description\" content=\"Get your product today! The 2019 Yamaha 115 HP F115XB Outboard Motor will be the best choice for you. Happy shopping!\" \/>\n<meta name=\"robots\" content=\"index, follow, max-snippet:-1, max-image-preview:large, max-video-preview:-1\" \/>\n<link rel=\"canonical\" href=\"https:\/\/apexoutboards.com\/de\/produkt\/2019-yamaha-115-hp-f115xb-outboard-motor\/\" \/>\n<meta property=\"og:locale\" content=\"de_DE\" \/>\n<meta property=\"og:type\" content=\"article\" \/>\n<meta property=\"og:title\" content=\"2019 Yamaha 115 HP F115XB Outboard Motor\" \/>\n<meta property=\"og:description\" content=\"Get your product today! The 2019 Yamaha 115 HP F115XB Outboard Motor will be the best choice for you. Happy shopping!\" \/>\n<meta property=\"og:url\" content=\"https:\/\/apexoutboards.com\/de\/produkt\/2019-yamaha-115-hp-f115xb-outboard-motor\/\" \/>\n<meta property=\"og:site_name\" content=\"Apex Outboards\" \/>\n<meta property=\"article:modified_time\" content=\"2023-02-16T17:31:30+00:00\" \/>\n<meta property=\"og:image\" content=\"https:\/\/apexoutboards.com\/wp-content\/uploads\/2021\/12\/115-600x450-1.jpg\" \/>\n\t<meta property=\"og:image:width\" content=\"600\" \/>\n\t<meta property=\"og:image:height\" content=\"450\" \/>\n\t<meta property=\"og:image:type\" content=\"image\/jpeg\" \/>\n<meta name=\"twitter:card\" content=\"summary_large_image\" \/>\n<meta name=\"twitter:label1\" content=\"Gesch\u00e4tzte Lesezeit\" \/>\n\t<meta name=\"twitter:data1\" content=\"3 minutes\" \/>\n<script type=\"application\/ld+json\" class=\"yoast-schema-graph\">{\"@context\":\"https:\/\/schema.org\",\"@graph\":[{\"@type\":\"WebPage\",\"@id\":\"https:\/\/apexoutboards.com\/product\/2019-yamaha-115-hp-f115xb-outboard-motor\/\",\"url\":\"https:\/\/apexoutboards.com\/product\/2019-yamaha-115-hp-f115xb-outboard-motor\/\",\"name\":\"2019 Yamaha 115 HP F115XB Outboard Motor\",\"isPartOf\":{\"@id\":\"https:\/\/apexoutboards.com\/#website\"},\"primaryImageOfPage\":{\"@id\":\"https:\/\/apexoutboards.com\/product\/2019-yamaha-115-hp-f115xb-outboard-motor\/#primaryimage\"},\"image\":{\"@id\":\"https:\/\/apexoutboards.com\/product\/2019-yamaha-115-hp-f115xb-outboard-motor\/#primaryimage\"},\"thumbnailUrl\":\"https:\/\/apexoutboards.com\/wp-content\/uploads\/2021\/12\/115-600x450-1.jpg\",\"datePublished\":\"2021-12-18T16:34:46+00:00\",\"dateModified\":\"2023-02-16T17:31:30+00:00\",\"description\":\"Get your product today! The 2019 Yamaha 115 HP F115XB Outboard Motor will be the best choice for you. Happy shopping!\",\"breadcrumb\":{\"@id\":\"https:\/\/apexoutboards.com\/product\/2019-yamaha-115-hp-f115xb-outboard-motor\/#breadcrumb\"},\"inLanguage\":\"de-DE\",\"potentialAction\":[{\"@type\":\"ReadAction\",\"target\":[\"https:\/\/apexoutboards.com\/product\/2019-yamaha-115-hp-f115xb-outboard-motor\/\"]}]},{\"@type\":\"ImageObject\",\"inLanguage\":\"de-DE\",\"@id\":\"https:\/\/apexoutboards.com\/product\/2019-yamaha-115-hp-f115xb-outboard-motor\/#primaryimage\",\"url\":\"https:\/\/apexoutboards.com\/wp-content\/uploads\/2021\/12\/115-600x450-1.jpg\",\"contentUrl\":\"https:\/\/apexoutboards.com\/wp-content\/uploads\/2021\/12\/115-600x450-1.jpg\",\"width\":600,\"height\":450},{\"@type\":\"BreadcrumbList\",\"@id\":\"https:\/\/apexoutboards.com\/product\/2019-yamaha-115-hp-f115xb-outboard-motor\/#breadcrumb\",\"itemListElement\":[{\"@type\":\"ListItem\",\"position\":1,\"name\":\"Home\",\"item\":\"https:\/\/apexoutboards.com\/\"},{\"@type\":\"ListItem\",\"position\":2,\"name\":\"Shop\",\"item\":\"https:\/\/apexoutboards.com\/shop\/\"},{\"@type\":\"ListItem\",\"position\":3,\"name\":\"2019 Yamaha 115 HP F115XB Outboard Motor\"}]},{\"@type\":\"WebSite\",\"@id\":\"https:\/\/apexoutboards.com\/#website\",\"url\":\"https:\/\/apexoutboards.com\/\",\"name\":\"Apex Outboards\",\"description\":\"apexoutboards.com\",\"publisher\":{\"@id\":\"https:\/\/apexoutboards.com\/#organization\"},\"potentialAction\":[{\"@type\":\"SearchAction\",\"target\":{\"@type\":\"EntryPoint\",\"urlTemplate\":\"https:\/\/apexoutboards.com\/?s={search_term_string}\"},\"query-input\":{\"@type\":\"PropertyValueSpecification\",\"valueRequired\":true,\"valueName\":\"search_term_string\"}}],\"inLanguage\":\"de-DE\"},{\"@type\":\"Organization\",\"@id\":\"https:\/\/apexoutboards.com\/#organization\",\"name\":\"Apex Outboards\",\"url\":\"https:\/\/apexoutboards.com\/\",\"logo\":{\"@type\":\"ImageObject\",\"inLanguage\":\"de-DE\",\"@id\":\"https:\/\/apexoutboards.com\/#\/schema\/logo\/image\/\",\"url\":\"https:\/\/apexoutboards.com\/wp-content\/uploads\/2021\/12\/Screenshot_7.png\",\"contentUrl\":\"https:\/\/apexoutboards.com\/wp-content\/uploads\/2021\/12\/Screenshot_7.png\",\"width\":222,\"height\":103,\"caption\":\"Apex Outboards\"},\"image\":{\"@id\":\"https:\/\/apexoutboards.com\/#\/schema\/logo\/image\/\"}}]}<\/script>\n<!-- \/ Yoast SEO plugin. -->","yoast_head_json":{"title":"2019 Yamaha 115 PS F115XB Au\u00dfenbordmotor","description":"Holen Sie sich Ihr Produkt noch heute! Der 2019 Yamaha 115 HP F115XB Au\u00dfenbordmotor wird die beste Wahl f\u00fcr Sie sein. Viel Spa\u00df beim Einkaufen!","robots":{"index":"index","follow":"follow","max-snippet":"max-snippet:-1","max-image-preview":"max-image-preview:large","max-video-preview":"max-video-preview:-1"},"canonical":"https:\/\/apexoutboards.com\/de\/produkt\/2019-yamaha-115-hp-f115xb-outboard-motor\/","og_locale":"de_DE","og_type":"article","og_title":"2019 Yamaha 115 HP F115XB Outboard Motor","og_description":"Get your product today! The 2019 Yamaha 115 HP F115XB Outboard Motor will be the best choice for you. Happy shopping!","og_url":"https:\/\/apexoutboards.com\/de\/produkt\/2019-yamaha-115-hp-f115xb-outboard-motor\/","og_site_name":"Apex Outboards","article_modified_time":"2023-02-16T17:31:30+00:00","og_image":[{"width":600,"height":450,"url":"https:\/\/apexoutboards.com\/wp-content\/uploads\/2021\/12\/115-600x450-1.jpg","type":"image\/jpeg"}],"twitter_card":"summary_large_image","twitter_misc":{"Gesch\u00e4tzte Lesezeit":"3 minutes"},"schema":{"@context":"https:\/\/schema.org","@graph":[{"@type":"WebPage","@id":"https:\/\/apexoutboards.com\/product\/2019-yamaha-115-hp-f115xb-outboard-motor\/","url":"https:\/\/apexoutboards.com\/product\/2019-yamaha-115-hp-f115xb-outboard-motor\/","name":"2019 Yamaha 115 PS F115XB Au\u00dfenbordmotor","isPartOf":{"@id":"https:\/\/apexoutboards.com\/#website"},"primaryImageOfPage":{"@id":"https:\/\/apexoutboards.com\/product\/2019-yamaha-115-hp-f115xb-outboard-motor\/#primaryimage"},"image":{"@id":"https:\/\/apexoutboards.com\/product\/2019-yamaha-115-hp-f115xb-outboard-motor\/#primaryimage"},"thumbnailUrl":"https:\/\/apexoutboards.com\/wp-content\/uploads\/2021\/12\/115-600x450-1.jpg","datePublished":"2021-12-18T16:34:46+00:00","dateModified":"2023-02-16T17:31:30+00:00","description":"Holen Sie sich Ihr Produkt noch heute! Der 2019 Yamaha 115 HP F115XB Au\u00dfenbordmotor wird die beste Wahl f\u00fcr Sie sein. Viel Spa\u00df beim Einkaufen!","breadcrumb":{"@id":"https:\/\/apexoutboards.com\/product\/2019-yamaha-115-hp-f115xb-outboard-motor\/#breadcrumb"},"inLanguage":"de-DE","potentialAction":[{"@type":"ReadAction","target":["https:\/\/apexoutboards.com\/product\/2019-yamaha-115-hp-f115xb-outboard-motor\/"]}]},{"@type":"ImageObject","inLanguage":"de-DE","@id":"https:\/\/apexoutboards.com\/product\/2019-yamaha-115-hp-f115xb-outboard-motor\/#primaryimage","url":"https:\/\/apexoutboards.com\/wp-content\/uploads\/2021\/12\/115-600x450-1.jpg","contentUrl":"https:\/\/apexoutboards.com\/wp-content\/uploads\/2021\/12\/115-600x450-1.jpg","width":600,"height":450},{"@type":"BreadcrumbList","@id":"https:\/\/apexoutboards.com\/product\/2019-yamaha-115-hp-f115xb-outboard-motor\/#breadcrumb","itemListElement":[{"@type":"ListItem","position":1,"name":"Home","item":"https:\/\/apexoutboards.com\/"},{"@type":"ListItem","position":2,"name":"Shop","item":"https:\/\/apexoutboards.com\/shop\/"},{"@type":"ListItem","position":3,"name":"2019 Yamaha 115 HP F115XB Outboard Motor"}]},{"@type":"WebSite","@id":"https:\/\/apexoutboards.com\/#website","url":"https:\/\/apexoutboards.com\/","name":"Erstklassige Au\u00dfenborder","description":"apexoutboards.com","publisher":{"@id":"https:\/\/apexoutboards.com\/#organization"},"potentialAction":[{"@type":"SearchAction","target":{"@type":"EntryPoint","urlTemplate":"https:\/\/apexoutboards.com\/?s={search_term_string}"},"query-input":{"@type":"PropertyValueSpecification","valueRequired":true,"valueName":"search_term_string"}}],"inLanguage":"de-DE"},{"@type":"Organization","@id":"https:\/\/apexoutboards.com\/#organization","name":"Erstklassige Au\u00dfenborder","url":"https:\/\/apexoutboards.com\/","logo":{"@type":"ImageObject","inLanguage":"de-DE","@id":"https:\/\/apexoutboards.com\/#\/schema\/logo\/image\/","url":"https:\/\/apexoutboards.com\/wp-content\/uploads\/2021\/12\/Screenshot_7.png","contentUrl":"https:\/\/apexoutboards.com\/wp-content\/uploads\/2021\/12\/Screenshot_7.png","width":222,"height":103,"caption":"Apex Outboards"},"image":{"@id":"https:\/\/apexoutboards.com\/#\/schema\/logo\/image\/"}}]}},"jetpack_sharing_enabled":true,"_links":{"self":[{"href":"https:\/\/apexoutboards.com\/de\/wp-json\/wp\/v2\/product\/3863","targetHints":{"allow":["GET"]}}],"collection":[{"href":"https:\/\/apexoutboards.com\/de\/wp-json\/wp\/v2\/product"}],"about":[{"href":"https:\/\/apexoutboards.com\/de\/wp-json\/wp\/v2\/types\/product"}],"replies":[{"embeddable":true,"href":"https:\/\/apexoutboards.com\/de\/wp-json\/wp\/v2\/comments?post=3863"}],"version-history":[{"count":0,"href":"https:\/\/apexoutboards.com\/de\/wp-json\/wp\/v2\/product\/3863\/revisions"}],"wp:featuredmedia":[{"embeddable":true,"href":"https:\/\/apexoutboards.com\/de\/wp-json\/wp\/v2\/media\/3860"}],"wp:attachment":[{"href":"https:\/\/apexoutboards.com\/de\/wp-json\/wp\/v2\/media?parent=3863"}],"wp:term":[{"taxonomy":"product_brand","embeddable":true,"href":"https:\/\/apexoutboards.com\/de\/wp-json\/wp\/v2\/product_brand?post=3863"},{"taxonomy":"product_cat","embeddable":true,"href":"https:\/\/apexoutboards.com\/de\/wp-json\/wp\/v2\/product_cat?post=3863"},{"taxonomy":"product_tag","embeddable":true,"href":"https:\/\/apexoutboards.com\/de\/wp-json\/wp\/v2\/product_tag?post=3863"}],"curies":[{"name":"wp","href":"https:\/\/api.w.org\/{rel}","templated":true}]}}