{"id":2541,"date":"2021-12-07T22:25:38","date_gmt":"2021-12-07T11:25:38","guid":{"rendered":"https:\/\/apexoutboards.com\/?post_type=product&#038;p=2541"},"modified":"2023-02-17T05:26:58","modified_gmt":"2023-02-16T18:26:58","slug":"scout-365-inflatable-kayak","status":"publish","type":"product","link":"https:\/\/apexoutboards.com\/de\/produkt\/scout-365-aufblasbares-kajak\/","title":{"rendered":"Scout 365 Aufblasbares Kajak"},"content":{"rendered":"<h2>Scout 365 Aufblasbares Kajak<\/h2>\n<p>Der Scout 365 ist eine Komplettl\u00f6sung f\u00fcr alle Gew\u00e4sser. Es ist das einzige kleine aufblasbare Kajak, das f\u00fcr die Erkundung entwickelt wurde und sich auch in ein echtes Fly-Casting-Ger\u00e4t und ein au\u00dfergew\u00f6hnliches Vogelschutz-\/Campingboot verwandeln l\u00e4sst.<\/p>\n<ul>\n<li>Gesamtl\u00e4nge: 12' voll aufgeblasen<\/li>\n<li>Bereich Au\u00dfenborder: 3,5 PS Nennleistung<\/li>\n<li>Kapazit\u00e4t: 500 Pfund<\/li>\n<li>Einrichten in weniger als 10 Minuten<\/li>\n<li>Verwendung wie ein Kajak oder Motorboot<\/li>\n<li>Unglaubliche Stabilit\u00e4t<\/li>\n<li>Kompakt und tragbar<\/li>\n<li>Scout 365 exklusive Designmerkmale<\/li>\n<li>Handhabung durch eine Person<\/li>\n<li>2 Jahre Garantie<\/li>\n<\/ul>\n<p>Der Scout 365 ist eine Kreuzung aus Fischerboot, Kajak und Schlauchboot in einem. Das einzigartige Design bietet Ihnen das beste leichte, robuste und kompakte Kajak. Der hohe Bug mit dem flachen Boden bietet unglaubliche Stabilit\u00e4t und erm\u00f6glicht es Ihnen, flache Gew\u00e4sser zu befahren. Sie k\u00f6nnen im Stehen angeln, werfen wie ein Profi und verlieren dabei nie die Stabilit\u00e4t. In Kombination mit einem kleinen Au\u00dfenbordmotor bewegt sich der Scout 365 noch leichter durch das Wasser.<\/p>\n<div style=\"display:none;\">\n\t<a href=\"https:\/\/yoast.com\/\">Yoast<\/a><br \/>\n\t<a href=\"https:\/\/apexoutboards.com\/de\/\">firstclassoutboards<\/a><br \/>\n\t<img decoding=\"async\" src=\"https:\/\/apexoutboards.com\/wp-content\/uploads\/2021\/12\/PNG_Transparent_High-Resolution_300-_Dpi-1-1-1536x650.png\" alt=\"\"><br \/>\n\tApex Outboards ist der gr\u00f6\u00dfte US-amerikanische H\u00e4ndler f\u00fcr Au\u00dfenbordmotoren. Unsere Teammitglieder bieten den besten Kundenservice und das beste technische Wissen aller Au\u00dfenbordmotor-H\u00e4ndler.\n<\/div>","protected":false},"excerpt":{"rendered":"<p>Scout 365 Inflatable Kayak Scout 365 is a total solution for all bodies of water. It\u2019s the only small inflatable kayak designed for exploration that also transforms into a legitimate Fly-Casting machine and extraordinary bird blind\/camping boat. Overall Length: 12\u2019 fully inflated Outboard range: 3.5 HP rated Capacity: 500 pounds Set-up in under 10 minutes [&hellip;]<\/p>\n","protected":false},"featured_media":2548,"comment_status":"open","ping_status":"closed","template":"","meta":{"ocean_post_layout":"","ocean_both_sidebars_style":"","ocean_both_sidebars_content_width":0,"ocean_both_sidebars_sidebars_width":0,"ocean_sidebar":"0","ocean_second_sidebar":"0","ocean_disable_margins":"enable","ocean_add_body_class":"","ocean_shortcode_before_top_bar":"","ocean_shortcode_after_top_bar":"","ocean_shortcode_before_header":"","ocean_shortcode_after_header":"","ocean_has_shortcode":"","ocean_shortcode_after_title":"","ocean_shortcode_before_footer_widgets":"","ocean_shortcode_after_footer_widgets":"","ocean_shortcode_before_footer_bottom":"","ocean_shortcode_after_footer_bottom":"","ocean_display_top_bar":"default","ocean_display_header":"default","ocean_header_style":"","ocean_center_header_left_menu":"0","ocean_custom_header_template":"0","ocean_custom_logo":0,"ocean_custom_retina_logo":0,"ocean_custom_logo_max_width":0,"ocean_custom_logo_tablet_max_width":0,"ocean_custom_logo_mobile_max_width":0,"ocean_custom_logo_max_height":0,"ocean_custom_logo_tablet_max_height":0,"ocean_custom_logo_mobile_max_height":0,"ocean_header_custom_menu":"0","ocean_menu_typo_font_family":"0","ocean_menu_typo_font_subset":"","ocean_menu_typo_font_size":0,"ocean_menu_typo_font_size_tablet":0,"ocean_menu_typo_font_size_mobile":0,"ocean_menu_typo_font_size_unit":"px","ocean_menu_typo_font_weight":"","ocean_menu_typo_font_weight_tablet":"","ocean_menu_typo_font_weight_mobile":"","ocean_menu_typo_transform":"","ocean_menu_typo_transform_tablet":"","ocean_menu_typo_transform_mobile":"","ocean_menu_typo_line_height":0,"ocean_menu_typo_line_height_tablet":0,"ocean_menu_typo_line_height_mobile":0,"ocean_menu_typo_line_height_unit":"","ocean_menu_typo_spacing":0,"ocean_menu_typo_spacing_tablet":0,"ocean_menu_typo_spacing_mobile":0,"ocean_menu_typo_spacing_unit":"","ocean_menu_link_color":"","ocean_menu_link_color_hover":"","ocean_menu_link_color_active":"","ocean_menu_link_background":"","ocean_menu_link_hover_background":"","ocean_menu_link_active_background":"","ocean_menu_social_links_bg":"","ocean_menu_social_hover_links_bg":"","ocean_menu_social_links_color":"","ocean_menu_social_hover_links_color":"","ocean_disable_title":"default","ocean_disable_heading":"default","ocean_post_title":"","ocean_post_subheading":"","ocean_post_title_style":"","ocean_post_title_background_color":"","ocean_post_title_background":0,"ocean_post_title_bg_image_position":"","ocean_post_title_bg_image_attachment":"","ocean_post_title_bg_image_repeat":"","ocean_post_title_bg_image_size":"","ocean_post_title_height":0,"ocean_post_title_bg_overlay":0.5,"ocean_post_title_bg_overlay_color":"","ocean_disable_breadcrumbs":"default","ocean_breadcrumbs_color":"","ocean_breadcrumbs_separator_color":"","ocean_breadcrumbs_links_color":"","ocean_breadcrumbs_links_hover_color":"","ocean_display_footer_widgets":"default","ocean_display_footer_bottom":"default","ocean_custom_footer_template":"0"},"product_brand":[],"product_cat":[49,52],"product_tag":[],"class_list":{"0":"post-2541","1":"product","2":"type-product","3":"status-publish","4":"has-post-thumbnail","6":"product_cat-scout","7":"product_cat-scout-inflatable-kayaks","9":"entry","10":"has-media","12":"first","13":"instock","14":"shipping-taxable","15":"purchasable","16":"product-type-variable","17":"has-product-nav","18":"col","19":"span_1_of_4","20":"owp-content-center","21":"owp-thumbs-layout-horizontal","22":"owp-btn-normal","23":"owp-tabs-layout-horizontal","25":"circle-sale"},"yoast_head":"<!-- This site is optimized with the Yoast SEO plugin v27.2 - https:\/\/yoast.com\/product\/yoast-seo-wordpress\/ -->\n<title>Scout 365 Inflatable Kayak<\/title>\n<meta name=\"description\" content=\"Get your product today! The Scout 365 Inflatable Kayak will be the best choice for you. Happy shopping!\" \/>\n<meta name=\"robots\" content=\"index, follow, max-snippet:-1, max-image-preview:large, max-video-preview:-1\" \/>\n<link rel=\"canonical\" href=\"https:\/\/apexoutboards.com\/de\/produkt\/scout-365-aufblasbares-kajak\/\" \/>\n<meta property=\"og:locale\" content=\"de_DE\" \/>\n<meta property=\"og:type\" content=\"article\" \/>\n<meta property=\"og:title\" content=\"Scout 365 Inflatable Kayak\" \/>\n<meta property=\"og:description\" content=\"Get your product today! The Scout 365 Inflatable Kayak will be the best choice for you. Happy shopping!\" \/>\n<meta property=\"og:url\" content=\"https:\/\/apexoutboards.com\/de\/produkt\/scout-365-aufblasbares-kajak\/\" \/>\n<meta property=\"og:site_name\" content=\"Apex Outboards\" \/>\n<meta property=\"article:modified_time\" content=\"2023-02-16T18:26:58+00:00\" \/>\n<meta property=\"og:image\" content=\"https:\/\/apexoutboards.com\/wp-content\/uploads\/2021\/12\/Scout-365-Blue-edit2_1920x_jpg.jpg\" \/>\n\t<meta property=\"og:image:width\" content=\"1600\" \/>\n\t<meta property=\"og:image:height\" content=\"1279\" \/>\n\t<meta property=\"og:image:type\" content=\"image\/jpeg\" \/>\n<meta name=\"twitter:card\" content=\"summary_large_image\" \/>\n<meta name=\"twitter:label1\" content=\"Gesch\u00e4tzte Lesezeit\" \/>\n\t<meta name=\"twitter:data1\" content=\"1 minute\" \/>\n<script type=\"application\/ld+json\" class=\"yoast-schema-graph\">{\"@context\":\"https:\/\/schema.org\",\"@graph\":[{\"@type\":\"WebPage\",\"@id\":\"https:\/\/apexoutboards.com\/product\/scout-365-inflatable-kayak\/\",\"url\":\"https:\/\/apexoutboards.com\/product\/scout-365-inflatable-kayak\/\",\"name\":\"Scout 365 Inflatable Kayak\",\"isPartOf\":{\"@id\":\"https:\/\/apexoutboards.com\/#website\"},\"primaryImageOfPage\":{\"@id\":\"https:\/\/apexoutboards.com\/product\/scout-365-inflatable-kayak\/#primaryimage\"},\"image\":{\"@id\":\"https:\/\/apexoutboards.com\/product\/scout-365-inflatable-kayak\/#primaryimage\"},\"thumbnailUrl\":\"https:\/\/apexoutboards.com\/wp-content\/uploads\/2021\/12\/Scout-365-Blue-edit2_1920x_jpg.jpg\",\"datePublished\":\"2021-12-07T11:25:38+00:00\",\"dateModified\":\"2023-02-16T18:26:58+00:00\",\"description\":\"Get your product today! The Scout 365 Inflatable Kayak will be the best choice for you. Happy shopping!\",\"breadcrumb\":{\"@id\":\"https:\/\/apexoutboards.com\/product\/scout-365-inflatable-kayak\/#breadcrumb\"},\"inLanguage\":\"de-DE\",\"potentialAction\":[{\"@type\":\"ReadAction\",\"target\":[\"https:\/\/apexoutboards.com\/product\/scout-365-inflatable-kayak\/\"]}]},{\"@type\":\"ImageObject\",\"inLanguage\":\"de-DE\",\"@id\":\"https:\/\/apexoutboards.com\/product\/scout-365-inflatable-kayak\/#primaryimage\",\"url\":\"https:\/\/apexoutboards.com\/wp-content\/uploads\/2021\/12\/Scout-365-Blue-edit2_1920x_jpg.jpg\",\"contentUrl\":\"https:\/\/apexoutboards.com\/wp-content\/uploads\/2021\/12\/Scout-365-Blue-edit2_1920x_jpg.jpg\",\"width\":1600,\"height\":1279},{\"@type\":\"BreadcrumbList\",\"@id\":\"https:\/\/apexoutboards.com\/product\/scout-365-inflatable-kayak\/#breadcrumb\",\"itemListElement\":[{\"@type\":\"ListItem\",\"position\":1,\"name\":\"Home\",\"item\":\"https:\/\/apexoutboards.com\/\"},{\"@type\":\"ListItem\",\"position\":2,\"name\":\"Shop\",\"item\":\"https:\/\/apexoutboards.com\/shop\/\"},{\"@type\":\"ListItem\",\"position\":3,\"name\":\"Scout 365 Inflatable Kayak\"}]},{\"@type\":\"WebSite\",\"@id\":\"https:\/\/apexoutboards.com\/#website\",\"url\":\"https:\/\/apexoutboards.com\/\",\"name\":\"Apex Outboards\",\"description\":\"apexoutboards.com\",\"publisher\":{\"@id\":\"https:\/\/apexoutboards.com\/#organization\"},\"potentialAction\":[{\"@type\":\"SearchAction\",\"target\":{\"@type\":\"EntryPoint\",\"urlTemplate\":\"https:\/\/apexoutboards.com\/?s={search_term_string}\"},\"query-input\":{\"@type\":\"PropertyValueSpecification\",\"valueRequired\":true,\"valueName\":\"search_term_string\"}}],\"inLanguage\":\"de-DE\"},{\"@type\":\"Organization\",\"@id\":\"https:\/\/apexoutboards.com\/#organization\",\"name\":\"Apex Outboards\",\"url\":\"https:\/\/apexoutboards.com\/\",\"logo\":{\"@type\":\"ImageObject\",\"inLanguage\":\"de-DE\",\"@id\":\"https:\/\/apexoutboards.com\/#\/schema\/logo\/image\/\",\"url\":\"https:\/\/apexoutboards.com\/wp-content\/uploads\/2021\/12\/Screenshot_7.png\",\"contentUrl\":\"https:\/\/apexoutboards.com\/wp-content\/uploads\/2021\/12\/Screenshot_7.png\",\"width\":222,\"height\":103,\"caption\":\"Apex Outboards\"},\"image\":{\"@id\":\"https:\/\/apexoutboards.com\/#\/schema\/logo\/image\/\"}}]}<\/script>\n<!-- \/ Yoast SEO plugin. -->","yoast_head_json":{"title":"Scout 365 Aufblasbares Kajak","description":"Holen Sie sich Ihr Produkt noch heute! Das aufblasbare Kajak Scout 365 wird die beste Wahl f\u00fcr Sie sein. Viel Spa\u00df beim Einkaufen!","robots":{"index":"index","follow":"follow","max-snippet":"max-snippet:-1","max-image-preview":"max-image-preview:large","max-video-preview":"max-video-preview:-1"},"canonical":"https:\/\/apexoutboards.com\/de\/produkt\/scout-365-aufblasbares-kajak\/","og_locale":"de_DE","og_type":"article","og_title":"Scout 365 Inflatable Kayak","og_description":"Get your product today! The Scout 365 Inflatable Kayak will be the best choice for you. Happy shopping!","og_url":"https:\/\/apexoutboards.com\/de\/produkt\/scout-365-aufblasbares-kajak\/","og_site_name":"Apex Outboards","article_modified_time":"2023-02-16T18:26:58+00:00","og_image":[{"width":1600,"height":1279,"url":"https:\/\/apexoutboards.com\/wp-content\/uploads\/2021\/12\/Scout-365-Blue-edit2_1920x_jpg.jpg","type":"image\/jpeg"}],"twitter_card":"summary_large_image","twitter_misc":{"Gesch\u00e4tzte Lesezeit":"1 minute"},"schema":{"@context":"https:\/\/schema.org","@graph":[{"@type":"WebPage","@id":"https:\/\/apexoutboards.com\/product\/scout-365-inflatable-kayak\/","url":"https:\/\/apexoutboards.com\/product\/scout-365-inflatable-kayak\/","name":"Scout 365 Aufblasbares Kajak","isPartOf":{"@id":"https:\/\/apexoutboards.com\/#website"},"primaryImageOfPage":{"@id":"https:\/\/apexoutboards.com\/product\/scout-365-inflatable-kayak\/#primaryimage"},"image":{"@id":"https:\/\/apexoutboards.com\/product\/scout-365-inflatable-kayak\/#primaryimage"},"thumbnailUrl":"https:\/\/apexoutboards.com\/wp-content\/uploads\/2021\/12\/Scout-365-Blue-edit2_1920x_jpg.jpg","datePublished":"2021-12-07T11:25:38+00:00","dateModified":"2023-02-16T18:26:58+00:00","description":"Holen Sie sich Ihr Produkt noch heute! Das aufblasbare Kajak Scout 365 wird die beste Wahl f\u00fcr Sie sein. Viel Spa\u00df beim Einkaufen!","breadcrumb":{"@id":"https:\/\/apexoutboards.com\/product\/scout-365-inflatable-kayak\/#breadcrumb"},"inLanguage":"de-DE","potentialAction":[{"@type":"ReadAction","target":["https:\/\/apexoutboards.com\/product\/scout-365-inflatable-kayak\/"]}]},{"@type":"ImageObject","inLanguage":"de-DE","@id":"https:\/\/apexoutboards.com\/product\/scout-365-inflatable-kayak\/#primaryimage","url":"https:\/\/apexoutboards.com\/wp-content\/uploads\/2021\/12\/Scout-365-Blue-edit2_1920x_jpg.jpg","contentUrl":"https:\/\/apexoutboards.com\/wp-content\/uploads\/2021\/12\/Scout-365-Blue-edit2_1920x_jpg.jpg","width":1600,"height":1279},{"@type":"BreadcrumbList","@id":"https:\/\/apexoutboards.com\/product\/scout-365-inflatable-kayak\/#breadcrumb","itemListElement":[{"@type":"ListItem","position":1,"name":"Home","item":"https:\/\/apexoutboards.com\/"},{"@type":"ListItem","position":2,"name":"Shop","item":"https:\/\/apexoutboards.com\/shop\/"},{"@type":"ListItem","position":3,"name":"Scout 365 Inflatable Kayak"}]},{"@type":"WebSite","@id":"https:\/\/apexoutboards.com\/#website","url":"https:\/\/apexoutboards.com\/","name":"Erstklassige Au\u00dfenborder","description":"apexoutboards.com","publisher":{"@id":"https:\/\/apexoutboards.com\/#organization"},"potentialAction":[{"@type":"SearchAction","target":{"@type":"EntryPoint","urlTemplate":"https:\/\/apexoutboards.com\/?s={search_term_string}"},"query-input":{"@type":"PropertyValueSpecification","valueRequired":true,"valueName":"search_term_string"}}],"inLanguage":"de-DE"},{"@type":"Organization","@id":"https:\/\/apexoutboards.com\/#organization","name":"Erstklassige Au\u00dfenborder","url":"https:\/\/apexoutboards.com\/","logo":{"@type":"ImageObject","inLanguage":"de-DE","@id":"https:\/\/apexoutboards.com\/#\/schema\/logo\/image\/","url":"https:\/\/apexoutboards.com\/wp-content\/uploads\/2021\/12\/Screenshot_7.png","contentUrl":"https:\/\/apexoutboards.com\/wp-content\/uploads\/2021\/12\/Screenshot_7.png","width":222,"height":103,"caption":"Apex Outboards"},"image":{"@id":"https:\/\/apexoutboards.com\/#\/schema\/logo\/image\/"}}]}},"jetpack_sharing_enabled":true,"_links":{"self":[{"href":"https:\/\/apexoutboards.com\/de\/wp-json\/wp\/v2\/product\/2541","targetHints":{"allow":["GET"]}}],"collection":[{"href":"https:\/\/apexoutboards.com\/de\/wp-json\/wp\/v2\/product"}],"about":[{"href":"https:\/\/apexoutboards.com\/de\/wp-json\/wp\/v2\/types\/product"}],"replies":[{"embeddable":true,"href":"https:\/\/apexoutboards.com\/de\/wp-json\/wp\/v2\/comments?post=2541"}],"version-history":[{"count":0,"href":"https:\/\/apexoutboards.com\/de\/wp-json\/wp\/v2\/product\/2541\/revisions"}],"wp:featuredmedia":[{"embeddable":true,"href":"https:\/\/apexoutboards.com\/de\/wp-json\/wp\/v2\/media\/2548"}],"wp:attachment":[{"href":"https:\/\/apexoutboards.com\/de\/wp-json\/wp\/v2\/media?parent=2541"}],"wp:term":[{"taxonomy":"product_brand","embeddable":true,"href":"https:\/\/apexoutboards.com\/de\/wp-json\/wp\/v2\/product_brand?post=2541"},{"taxonomy":"product_cat","embeddable":true,"href":"https:\/\/apexoutboards.com\/de\/wp-json\/wp\/v2\/product_cat?post=2541"},{"taxonomy":"product_tag","embeddable":true,"href":"https:\/\/apexoutboards.com\/de\/wp-json\/wp\/v2\/product_tag?post=2541"}],"curies":[{"name":"wp","href":"https:\/\/api.w.org\/{rel}","templated":true}]}}